{"id":11,"date":"2022-08-10T11:33:34","date_gmt":"2022-08-10T09:33:34","guid":{"rendered":"https:\/\/tmssl.com\/tienda\/"},"modified":"2022-09-13T16:40:19","modified_gmt":"2022-09-13T14:40:19","slug":"tienda","status":"publish","type":"page","link":"https:\/\/tmssl.com\/en\/tienda\/","title":{"rendered":"Tienda"},"content":{"rendered":"","protected":false},"excerpt":{"rendered":"","protected":false},"author":222067587,"featured_media":0,"parent":0,"menu_order":0,"comment_status":"closed","ping_status":"closed","template":"","meta":{"_crdt_document":"","jetpack_post_was_ever_published":false,"footnotes":""},"class_list":["post-11","page","type-page","status-publish","hentry"],"yoast_head":"<!-- This site is optimized with the Yoast SEO plugin v27.3 - https:\/\/yoast.com\/product\/yoast-seo-wordpress\/ -->\n<title>Tienda - TMS SL<\/title>\n<meta name=\"robots\" content=\"index, follow, max-snippet:-1, max-image-preview:large, max-video-preview:-1\" \/>\n<link rel=\"canonical\" href=\"https:\/\/tmssl.com\/en\/tienda\/\" \/>\n<meta property=\"og:locale\" content=\"en_GB\" \/>\n<meta property=\"og:type\" content=\"article\" \/>\n<meta property=\"og:title\" content=\"Tienda - TMS SL\" \/>\n<meta property=\"og:url\" content=\"https:\/\/tmssl.com\/en\/tienda\/\" \/>\n<meta property=\"og:site_name\" content=\"TMS SL\" \/>\n<meta property=\"article:modified_time\" content=\"2022-09-13T14:40:19+00:00\" \/>\n<meta name=\"twitter:card\" content=\"summary_large_image\" \/>\n<script type=\"application\/ld+json\" class=\"yoast-schema-graph\">{\"@context\":\"https:\\\/\\\/schema.org\",\"@graph\":[{\"@type\":\"WebPage\",\"@id\":\"https:\\\/\\\/tmssl.com\\\/tienda\\\/\",\"url\":\"https:\\\/\\\/tmssl.com\\\/tienda\\\/\",\"name\":\"Tienda - TMS SL\",\"isPartOf\":{\"@id\":\"https:\\\/\\\/tmssl.com\\\/en\\\/#website\"},\"datePublished\":\"2022-08-10T09:33:34+00:00\",\"dateModified\":\"2022-09-13T14:40:19+00:00\",\"breadcrumb\":{\"@id\":\"https:\\\/\\\/tmssl.com\\\/tienda\\\/#breadcrumb\"},\"inLanguage\":\"en-GB\",\"potentialAction\":[{\"@type\":\"ReadAction\",\"target\":[\"https:\\\/\\\/tmssl.com\\\/tienda\\\/\"]}]},{\"@type\":\"BreadcrumbList\",\"@id\":\"https:\\\/\\\/tmssl.com\\\/tienda\\\/#breadcrumb\",\"itemListElement\":[{\"@type\":\"ListItem\",\"position\":1,\"name\":\"Portada\",\"item\":\"https:\\\/\\\/tmssl.com\\\/\"},{\"@type\":\"ListItem\",\"position\":2,\"name\":\"Tienda\"}]},{\"@type\":\"WebSite\",\"@id\":\"https:\\\/\\\/tmssl.com\\\/en\\\/#website\",\"url\":\"https:\\\/\\\/tmssl.com\\\/en\\\/\",\"name\":\"www.tmssl.com\",\"description\":\"Venta de vinilo textil, y consumibles para la personalizacion.\",\"publisher\":{\"@id\":\"https:\\\/\\\/tmssl.com\\\/en\\\/#organization\"},\"potentialAction\":[{\"@type\":\"SearchAction\",\"target\":{\"@type\":\"EntryPoint\",\"urlTemplate\":\"https:\\\/\\\/tmssl.com\\\/en\\\/?s={search_term_string}\"},\"query-input\":{\"@type\":\"PropertyValueSpecification\",\"valueRequired\":true,\"valueName\":\"search_term_string\"}}],\"inLanguage\":\"en-GB\"},{\"@type\":\"Organization\",\"@id\":\"https:\\\/\\\/tmssl.com\\\/en\\\/#organization\",\"name\":\"www.tmssl.com\",\"url\":\"https:\\\/\\\/tmssl.com\\\/en\\\/\",\"logo\":{\"@type\":\"ImageObject\",\"inLanguage\":\"en-GB\",\"@id\":\"https:\\\/\\\/tmssl.com\\\/en\\\/#\\\/schema\\\/logo\\\/image\\\/\",\"url\":\"https:\\\/\\\/tmssl.com\\\/wp-content\\\/uploads\\\/2023\\\/07\\\/LOGO-TMS-ALTA-01.jpg\",\"contentUrl\":\"https:\\\/\\\/tmssl.com\\\/wp-content\\\/uploads\\\/2023\\\/07\\\/LOGO-TMS-ALTA-01.jpg\",\"width\":598,\"height\":597,\"caption\":\"www.tmssl.com\"},\"image\":{\"@id\":\"https:\\\/\\\/tmssl.com\\\/en\\\/#\\\/schema\\\/logo\\\/image\\\/\"},\"sameAs\":[\"https:\\\/\\\/www.instagram.com\\\/vinilotextil.tmssl\\\/\"]}]}<\/script>\n<!-- \/ Yoast SEO plugin. -->","yoast_head_json":{"title":"Tienda - TMS SL","robots":{"index":"index","follow":"follow","max-snippet":"max-snippet:-1","max-image-preview":"max-image-preview:large","max-video-preview":"max-video-preview:-1"},"canonical":"https:\/\/tmssl.com\/en\/tienda\/","og_locale":"en_GB","og_type":"article","og_title":"Tienda - TMS SL","og_url":"https:\/\/tmssl.com\/en\/tienda\/","og_site_name":"TMS SL","article_modified_time":"2022-09-13T14:40:19+00:00","twitter_card":"summary_large_image","schema":{"@context":"https:\/\/schema.org","@graph":[{"@type":"WebPage","@id":"https:\/\/tmssl.com\/tienda\/","url":"https:\/\/tmssl.com\/tienda\/","name":"Tienda - TMS SL","isPartOf":{"@id":"https:\/\/tmssl.com\/en\/#website"},"datePublished":"2022-08-10T09:33:34+00:00","dateModified":"2022-09-13T14:40:19+00:00","breadcrumb":{"@id":"https:\/\/tmssl.com\/tienda\/#breadcrumb"},"inLanguage":"en-GB","potentialAction":[{"@type":"ReadAction","target":["https:\/\/tmssl.com\/tienda\/"]}]},{"@type":"BreadcrumbList","@id":"https:\/\/tmssl.com\/tienda\/#breadcrumb","itemListElement":[{"@type":"ListItem","position":1,"name":"Portada","item":"https:\/\/tmssl.com\/"},{"@type":"ListItem","position":2,"name":"Tienda"}]},{"@type":"WebSite","@id":"https:\/\/tmssl.com\/en\/#website","url":"https:\/\/tmssl.com\/en\/","name":"www.tmssl.com","description":"Venta de vinilo textil, y consumibles para la personalizacion.","publisher":{"@id":"https:\/\/tmssl.com\/en\/#organization"},"potentialAction":[{"@type":"SearchAction","target":{"@type":"EntryPoint","urlTemplate":"https:\/\/tmssl.com\/en\/?s={search_term_string}"},"query-input":{"@type":"PropertyValueSpecification","valueRequired":true,"valueName":"search_term_string"}}],"inLanguage":"en-GB"},{"@type":"Organization","@id":"https:\/\/tmssl.com\/en\/#organization","name":"www.tmssl.com","url":"https:\/\/tmssl.com\/en\/","logo":{"@type":"ImageObject","inLanguage":"en-GB","@id":"https:\/\/tmssl.com\/en\/#\/schema\/logo\/image\/","url":"https:\/\/tmssl.com\/wp-content\/uploads\/2023\/07\/LOGO-TMS-ALTA-01.jpg","contentUrl":"https:\/\/tmssl.com\/wp-content\/uploads\/2023\/07\/LOGO-TMS-ALTA-01.jpg","width":598,"height":597,"caption":"www.tmssl.com"},"image":{"@id":"https:\/\/tmssl.com\/en\/#\/schema\/logo\/image\/"},"sameAs":["https:\/\/www.instagram.com\/vinilotextil.tmssl\/"]}]}},"jetpack_likes_enabled":true,"jetpack_shortlink":"https:\/\/wp.me\/PebkBU-b","jetpack-related-posts":[{"id":5356,"url":"https:\/\/tmssl.com\/en\/terminos-y-condiciones-generales-de-venta\/","url_meta":{"origin":11,"position":0},"title":"T\u00c9RMINOS Y CONDICIONES GENERALES DE VENTA","author":"Info","date":"21 de June de 2023","format":false,"excerpt":"1. Datos identificativos del titular Los presentes t\u00e9rminos y condiciones generales de venta regulan de manera integral todas las transacciones de venta que se puedan ofertar, prestar o realizar desde la tienda on-line ubicada en la p\u00e1gina web\u00a0tmssl.com\u00a0, empresa nominada Tecnicos maquinas en Serigrafia SL, con N\u00famero o C\u00f3digo de\u2026","rel":"","context":"Similar post","block_context":{"text":"Similar post","link":""},"img":{"alt_text":"","src":"","width":0,"height":0},"classes":[]},{"id":5359,"url":"https:\/\/tmssl.com\/en\/bienvenido-a-tmssl-com\/","url_meta":{"origin":11,"position":1},"title":"Bienvenido a tmssl.com","author":"Info","date":"21 de June de 2023","format":false,"excerpt":"Esperamos que disfrutes mucho de tu compra. Todas las compras realizadas se env\u00edan desde Espa\u00f1a a trav\u00e9s de una empresa de transporte GLS. Los env\u00edos tienen un tiempo de preparaci\u00f3n\u00a0de 24 horas laborables tras hacerse efectivo el pago, a excepci\u00f3n de aquellos que est\u00e9n marcados\u00a0como reservados en tu pedido de\u2026","rel":"","context":"Similar post","block_context":{"text":"Similar post","link":""},"img":{"alt_text":"","src":"","width":0,"height":0},"classes":[]},{"id":5996,"url":"https:\/\/tmssl.com\/en\/checkout\/","url_meta":{"origin":11,"position":2},"title":"Checkout","author":"Info","date":"21 de November de 2023","format":false,"excerpt":"Area de cliente. A\u00f1adir documentaci\u00f3n. Modelo 036. Modelo 037. \u00d70% Datos de facturaci\u00f3n: Nombre\u00a0*Apellidos\u00a0*Empresa\u00a0*NIF\/CIF\/NIE\u00a0*Pa\u00eds \/ Regi\u00f3n\u00a0*Selecciona un pa\u00eds\/regi\u00f3n\u2026AndorraEspa\u00f1aPortugalActualizar pa\u00eds\/regi\u00f3nDirecci\u00f3n de la calle\u00a0*Apartamento, habitaci\u00f3n, escalera, etc.\u00a0*C\u00f3digo postal \/ ZIP\u00a0*Poblaci\u00f3n\u00a0*Provincia\u00a0* Elige una opci\u00f3n\u2026La Coru\u00f1a\u00c1lavaAlbaceteAlicanteAlmer\u00edaAsturias\u00c1vilaBadajozBalearesBarcelonaBurgosC\u00e1ceresC\u00e1dizCantabriaCastell\u00f3nCeutaCiudad RealC\u00f3rdobaCuencaGeronaGranadaGuadalajaraGuip\u00fazcoaHuelvaHuescaJa\u00e9nLa RiojaLas PalmasLe\u00f3nL\u00e9ridaLugoMadridM\u00e1lagaMelillaMurciaNavarraOrensePalenciaPontevedraSalamancaSanta Cruz de TenerifeSegoviaSevillaSoriaTarragonaTeruelToledoValenciaValladolidVizcayaZamoraZaragozaTelefono\u00a0*Email \u00a0* \u00bfTienes diferente direcci\u00f3n de entrega? Nombre\u00a0*Apellidos\u00a0*Empresa\u00a0*NIF\/CIF\/NIE\u00a0(opcional)Pa\u00eds \/ Regi\u00f3n\u00a0*Selecciona un pa\u00eds\/regi\u00f3n\u2026AndorraEspa\u00f1aPortugalActualizar pa\u00eds\/regi\u00f3nDirecci\u00f3n\u2026","rel":"","context":"Similar post","block_context":{"text":"Similar post","link":""},"img":{"alt_text":"","src":"","width":0,"height":0},"classes":[]}],"jetpack_sharing_enabled":true,"_links":{"self":[{"href":"https:\/\/tmssl.com\/en\/wp-json\/wp\/v2\/pages\/11","targetHints":{"allow":["GET"]}}],"collection":[{"href":"https:\/\/tmssl.com\/en\/wp-json\/wp\/v2\/pages"}],"about":[{"href":"https:\/\/tmssl.com\/en\/wp-json\/wp\/v2\/types\/page"}],"author":[{"embeddable":true,"href":"https:\/\/tmssl.com\/en\/wp-json\/wp\/v2\/users\/222067587"}],"replies":[{"embeddable":true,"href":"https:\/\/tmssl.com\/en\/wp-json\/wp\/v2\/comments?post=11"}],"version-history":[{"count":2,"href":"https:\/\/tmssl.com\/en\/wp-json\/wp\/v2\/pages\/11\/revisions"}],"predecessor-version":[{"id":1295,"href":"https:\/\/tmssl.com\/en\/wp-json\/wp\/v2\/pages\/11\/revisions\/1295"}],"wp:attachment":[{"href":"https:\/\/tmssl.com\/en\/wp-json\/wp\/v2\/media?parent=11"}],"curies":[{"name":"wp","href":"https:\/\/api.w.org\/{rel}","templated":true}]}}