{"id":1089,"date":"2022-09-12T18:06:35","date_gmt":"2022-09-12T16:06:35","guid":{"rendered":"https:\/\/tmssl.com\/?post_type=product&#038;p=1089"},"modified":"2024-10-21T10:46:09","modified_gmt":"2024-10-21T08:46:09","slug":"neptune","status":"publish","type":"product","link":"https:\/\/tmssl.com\/en\/product\/neptune\/","title":{"rendered":"NEPTUNE"},"content":{"rendered":"<p class=\"p2\" style=\"text-align: center;\"><span class=\"s1\"><i>Prensa t\u00e9rmica para el estampado textil.<\/i><\/span><\/p>\n<p class=\"p2\" style=\"text-align: center;\"><span class=\"s1\"><i>Con un robusto y sencillo dise\u00f1o, pensada para media y baja producci\u00f3n.<\/i><\/span><\/p>\n<p class=\"p2\" style=\"text-align: center;\"><span class=\"s1\"><i>Consta de un funcionamiento muy sencillo, donde la presi\u00f3n se regula manualmente.<\/i><\/span><\/p>\n<p class=\"p2\" style=\"text-align: center;\"><span class=\"s1\"><i>En el display electr\u00f3nico, se regula, tanto el tiempo, como la temperatura de trabajo, para graduarla seg\u00fan el material a estampar.<\/i><\/span><\/p>\n<p class=\"p2\" style=\"text-align: center;\"><span class=\"s1\"><i>( ideal para camisetas con talla de adulto. ).<\/i><\/span><\/p>\n<p class=\"p1\" style=\"text-align: center;\"><span class=\"s1\"><b><i>FORMATOS DISPONIBLES<\/i><\/b><\/span><\/p>\n<p style=\"text-align: center;\"><em>40 X 50 cm<\/em><\/p>","protected":false},"excerpt":{"rendered":"<p class=\"p2\" style=\"text-align: center;\"><span class=\"s1\"><i>Prensa t\u00e9rmica para el estampado textil.<\/i><\/span><\/p>\n<p class=\"p2\" style=\"text-align: center;\"><span class=\"s1\"><i>Con un robusto y sencillo dise\u00f1o, pensada para media y baja producci\u00f3n.<\/i><\/span><\/p>\n<p class=\"p2\" style=\"text-align: center;\"><span class=\"s1\"><i>Consta de un funcionamiento muy sencillo, donde la presi\u00f3n se regula manualmente.<\/i><\/span><\/p>\n<p class=\"p2\" style=\"text-align: center;\"><span class=\"s1\"><i>En el display electr\u00f3nico, se regula, tanto el tiempo, como la temperatura de trabajo, para graduarla seg\u00fan el material a estampar.<\/i><\/span><\/p>\n<p class=\"p2\" style=\"text-align: center;\"><span class=\"s1\"><i>( ideal para camisetas con talla de adulto. ).<\/i><\/span><\/p>\n<p class=\"p1\" style=\"text-align: center;\"><span class=\"s1\"><b><i>FORMATOS DISPONIBLES<\/i><\/b><\/span><\/p>\n<p style=\"text-align: center;\"><em>40 X 50 cm<\/em><\/p>","protected":false},"featured_media":8809,"comment_status":"open","ping_status":"closed","template":"","meta":{"_crdt_document":"","jetpack_publicize_message":"","jetpack_publicize_feature_enabled":true,"jetpack_social_post_already_shared":true,"jetpack_social_options":{"image_generator_settings":{"template":"highway","default_image_id":0,"font":"","enabled":false},"version":2},"_wpas_customize_per_network":false},"product_brand":[],"product_cat":[122656,122654,122651],"product_tag":[122248,121870,121869,121864,122235,121868,121867,121865],"class_list":{"0":"post-1089","1":"product","2":"type-product","3":"status-publish","4":"has-post-thumbnail","6":"product_cat-planchas-manuales","7":"product_cat-planchas-tag","8":"product_cat-planchas-textiles","9":"product_tag-planchas-termicas","10":"product_tag-transfer-ropa","11":"product_tag-transfer-textil","12":"product_tag-vinilo-de-corte","13":"product_tag-vinilo-para-deportivo","14":"product_tag-vinilo-ropa","15":"product_tag-vinilo-siser","16":"product_tag-vinilo-textil","18":"first","19":"instock","20":"sale","21":"taxable","22":"shipping-taxable","23":"purchasable","24":"product-type-simple"},"yoast_head":"<!-- This site is optimized with the Yoast SEO plugin v27.5 - https:\/\/yoast.com\/product\/yoast-seo-wordpress\/ -->\n<title>NEPTUNE - TMS SL<\/title>\n<meta name=\"robots\" content=\"index, follow, max-snippet:-1, max-image-preview:large, max-video-preview:-1\" \/>\n<link rel=\"canonical\" href=\"https:\/\/tmssl.com\/en\/product\/neptune\/\" \/>\n<meta property=\"og:locale\" content=\"en_GB\" \/>\n<meta property=\"og:type\" content=\"article\" \/>\n<meta property=\"og:title\" content=\"NEPTUNE - TMS SL\" \/>\n<meta property=\"og:description\" content=\"Prensa t\u00e9rmica para el estampado textil. Con un robusto y sencillo dise\u00f1o, pensada para media y baja producci\u00f3n. Consta de un funcionamiento muy sencillo, donde la presi\u00f3n se regula manualmente. En el display electr\u00f3nico, se regula, tanto el tiempo, como la temperatura de trabajo, para graduarla seg\u00fan el material a estampar. ( ideal para camisetas con talla de adulto. ). FORMATOS DISPONIBLES 40 X 50 cm\" \/>\n<meta property=\"og:url\" content=\"https:\/\/tmssl.com\/en\/product\/neptune\/\" \/>\n<meta property=\"og:site_name\" content=\"TMS SL\" \/>\n<meta property=\"article:modified_time\" content=\"2024-10-21T08:46:09+00:00\" \/>\n<meta property=\"og:image\" content=\"https:\/\/tmssl.com\/wp-content\/uploads\/2022\/09\/NEPTUNE3.jpg\" \/>\n\t<meta property=\"og:image:width\" content=\"1000\" \/>\n\t<meta property=\"og:image:height\" content=\"1153\" \/>\n\t<meta property=\"og:image:type\" content=\"image\/jpeg\" \/>\n<meta name=\"twitter:card\" content=\"summary_large_image\" \/>\n<meta name=\"twitter:label1\" content=\"Estimated reading time\" \/>\n\t<meta name=\"twitter:data1\" content=\"1 minute\" \/>\n<script type=\"application\/ld+json\" class=\"yoast-schema-graph\">{\"@context\":\"https:\\\/\\\/schema.org\",\"@graph\":[{\"@type\":\"WebPage\",\"@id\":\"https:\\\/\\\/tmssl.com\\\/producto\\\/neptune\\\/\",\"url\":\"https:\\\/\\\/tmssl.com\\\/producto\\\/neptune\\\/\",\"name\":\"NEPTUNE - TMS SL\",\"isPartOf\":{\"@id\":\"https:\\\/\\\/tmssl.com\\\/en\\\/#website\"},\"primaryImageOfPage\":{\"@id\":\"https:\\\/\\\/tmssl.com\\\/producto\\\/neptune\\\/#primaryimage\"},\"image\":{\"@id\":\"https:\\\/\\\/tmssl.com\\\/producto\\\/neptune\\\/#primaryimage\"},\"thumbnailUrl\":\"https:\\\/\\\/i0.wp.com\\\/tmssl.com\\\/wp-content\\\/uploads\\\/2022\\\/09\\\/NEPTUNE3.jpg?fit=1000%2C1153&ssl=1\",\"datePublished\":\"2022-09-12T16:06:35+00:00\",\"dateModified\":\"2024-10-21T08:46:09+00:00\",\"breadcrumb\":{\"@id\":\"https:\\\/\\\/tmssl.com\\\/producto\\\/neptune\\\/#breadcrumb\"},\"inLanguage\":\"en-GB\",\"potentialAction\":[{\"@type\":\"ReadAction\",\"target\":[\"https:\\\/\\\/tmssl.com\\\/producto\\\/neptune\\\/\"]}]},{\"@type\":\"ImageObject\",\"inLanguage\":\"en-GB\",\"@id\":\"https:\\\/\\\/tmssl.com\\\/producto\\\/neptune\\\/#primaryimage\",\"url\":\"https:\\\/\\\/i0.wp.com\\\/tmssl.com\\\/wp-content\\\/uploads\\\/2022\\\/09\\\/NEPTUNE3.jpg?fit=1000%2C1153&ssl=1\",\"contentUrl\":\"https:\\\/\\\/i0.wp.com\\\/tmssl.com\\\/wp-content\\\/uploads\\\/2022\\\/09\\\/NEPTUNE3.jpg?fit=1000%2C1153&ssl=1\",\"width\":1000,\"height\":1153},{\"@type\":\"BreadcrumbList\",\"@id\":\"https:\\\/\\\/tmssl.com\\\/producto\\\/neptune\\\/#breadcrumb\",\"itemListElement\":[{\"@type\":\"ListItem\",\"position\":1,\"name\":\"Portada\",\"item\":\"https:\\\/\\\/tmssl.com\\\/\"},{\"@type\":\"ListItem\",\"position\":2,\"name\":\"Shop\",\"item\":\"https:\\\/\\\/tmssl.com\\\/shop\\\/\"},{\"@type\":\"ListItem\",\"position\":3,\"name\":\"NEPTUNE\"}]},{\"@type\":\"WebSite\",\"@id\":\"https:\\\/\\\/tmssl.com\\\/en\\\/#website\",\"url\":\"https:\\\/\\\/tmssl.com\\\/en\\\/\",\"name\":\"www.tmssl.com\",\"description\":\"Venta de vinilo textil, y consumibles para la personalizacion.\",\"publisher\":{\"@id\":\"https:\\\/\\\/tmssl.com\\\/en\\\/#organization\"},\"potentialAction\":[{\"@type\":\"SearchAction\",\"target\":{\"@type\":\"EntryPoint\",\"urlTemplate\":\"https:\\\/\\\/tmssl.com\\\/en\\\/?s={search_term_string}\"},\"query-input\":{\"@type\":\"PropertyValueSpecification\",\"valueRequired\":true,\"valueName\":\"search_term_string\"}}],\"inLanguage\":\"en-GB\"},{\"@type\":\"Organization\",\"@id\":\"https:\\\/\\\/tmssl.com\\\/en\\\/#organization\",\"name\":\"www.tmssl.com\",\"url\":\"https:\\\/\\\/tmssl.com\\\/en\\\/\",\"logo\":{\"@type\":\"ImageObject\",\"inLanguage\":\"en-GB\",\"@id\":\"https:\\\/\\\/tmssl.com\\\/en\\\/#\\\/schema\\\/logo\\\/image\\\/\",\"url\":\"https:\\\/\\\/tmssl.com\\\/wp-content\\\/uploads\\\/2023\\\/07\\\/LOGO-TMS-ALTA-01.jpg\",\"contentUrl\":\"https:\\\/\\\/tmssl.com\\\/wp-content\\\/uploads\\\/2023\\\/07\\\/LOGO-TMS-ALTA-01.jpg\",\"width\":598,\"height\":597,\"caption\":\"www.tmssl.com\"},\"image\":{\"@id\":\"https:\\\/\\\/tmssl.com\\\/en\\\/#\\\/schema\\\/logo\\\/image\\\/\"},\"sameAs\":[\"https:\\\/\\\/www.instagram.com\\\/vinilotextil.tmssl\\\/\"]}]}<\/script>\n<!-- \/ Yoast SEO plugin. -->","yoast_head_json":{"title":"NEPTUNE - TMS SL","robots":{"index":"index","follow":"follow","max-snippet":"max-snippet:-1","max-image-preview":"max-image-preview:large","max-video-preview":"max-video-preview:-1"},"canonical":"https:\/\/tmssl.com\/en\/product\/neptune\/","og_locale":"en_GB","og_type":"article","og_title":"NEPTUNE - TMS SL","og_description":"Prensa t\u00e9rmica para el estampado textil. Con un robusto y sencillo dise\u00f1o, pensada para media y baja producci\u00f3n. Consta de un funcionamiento muy sencillo, donde la presi\u00f3n se regula manualmente. En el display electr\u00f3nico, se regula, tanto el tiempo, como la temperatura de trabajo, para graduarla seg\u00fan el material a estampar. ( ideal para camisetas con talla de adulto. ). FORMATOS DISPONIBLES 40 X 50 cm","og_url":"https:\/\/tmssl.com\/en\/product\/neptune\/","og_site_name":"TMS SL","article_modified_time":"2024-10-21T08:46:09+00:00","og_image":[{"width":1000,"height":1153,"url":"https:\/\/tmssl.com\/wp-content\/uploads\/2022\/09\/NEPTUNE3.jpg","type":"image\/jpeg"}],"twitter_card":"summary_large_image","twitter_misc":{"Estimated reading time":"1 minute"},"schema":{"@context":"https:\/\/schema.org","@graph":[{"@type":"WebPage","@id":"https:\/\/tmssl.com\/producto\/neptune\/","url":"https:\/\/tmssl.com\/producto\/neptune\/","name":"NEPTUNE - TMS SL","isPartOf":{"@id":"https:\/\/tmssl.com\/en\/#website"},"primaryImageOfPage":{"@id":"https:\/\/tmssl.com\/producto\/neptune\/#primaryimage"},"image":{"@id":"https:\/\/tmssl.com\/producto\/neptune\/#primaryimage"},"thumbnailUrl":"https:\/\/i0.wp.com\/tmssl.com\/wp-content\/uploads\/2022\/09\/NEPTUNE3.jpg?fit=1000%2C1153&ssl=1","datePublished":"2022-09-12T16:06:35+00:00","dateModified":"2024-10-21T08:46:09+00:00","breadcrumb":{"@id":"https:\/\/tmssl.com\/producto\/neptune\/#breadcrumb"},"inLanguage":"en-GB","potentialAction":[{"@type":"ReadAction","target":["https:\/\/tmssl.com\/producto\/neptune\/"]}]},{"@type":"ImageObject","inLanguage":"en-GB","@id":"https:\/\/tmssl.com\/producto\/neptune\/#primaryimage","url":"https:\/\/i0.wp.com\/tmssl.com\/wp-content\/uploads\/2022\/09\/NEPTUNE3.jpg?fit=1000%2C1153&ssl=1","contentUrl":"https:\/\/i0.wp.com\/tmssl.com\/wp-content\/uploads\/2022\/09\/NEPTUNE3.jpg?fit=1000%2C1153&ssl=1","width":1000,"height":1153},{"@type":"BreadcrumbList","@id":"https:\/\/tmssl.com\/producto\/neptune\/#breadcrumb","itemListElement":[{"@type":"ListItem","position":1,"name":"Portada","item":"https:\/\/tmssl.com\/"},{"@type":"ListItem","position":2,"name":"Shop","item":"https:\/\/tmssl.com\/shop\/"},{"@type":"ListItem","position":3,"name":"NEPTUNE"}]},{"@type":"WebSite","@id":"https:\/\/tmssl.com\/en\/#website","url":"https:\/\/tmssl.com\/en\/","name":"www.tmssl.com","description":"Venta de vinilo textil, y consumibles para la personalizacion.","publisher":{"@id":"https:\/\/tmssl.com\/en\/#organization"},"potentialAction":[{"@type":"SearchAction","target":{"@type":"EntryPoint","urlTemplate":"https:\/\/tmssl.com\/en\/?s={search_term_string}"},"query-input":{"@type":"PropertyValueSpecification","valueRequired":true,"valueName":"search_term_string"}}],"inLanguage":"en-GB"},{"@type":"Organization","@id":"https:\/\/tmssl.com\/en\/#organization","name":"www.tmssl.com","url":"https:\/\/tmssl.com\/en\/","logo":{"@type":"ImageObject","inLanguage":"en-GB","@id":"https:\/\/tmssl.com\/en\/#\/schema\/logo\/image\/","url":"https:\/\/tmssl.com\/wp-content\/uploads\/2023\/07\/LOGO-TMS-ALTA-01.jpg","contentUrl":"https:\/\/tmssl.com\/wp-content\/uploads\/2023\/07\/LOGO-TMS-ALTA-01.jpg","width":598,"height":597,"caption":"www.tmssl.com"},"image":{"@id":"https:\/\/tmssl.com\/en\/#\/schema\/logo\/image\/"},"sameAs":["https:\/\/www.instagram.com\/vinilotextil.tmssl\/"]}]}},"jetpack_publicize_connections":[],"jetpack_likes_enabled":true,"jetpack-related-posts":[{"id":1092,"url":"https:\/\/tmssl.com\/en\/product\/galaxy-slider-auto-open\/","url_meta":{"origin":1089,"position":0},"title":"GALAXY SLIDER AUTO OPEN","author":"Info","date":"12 de September de 2022","format":false,"excerpt":"Prensa t\u00e9rmica para el textil. Con un moderno dise\u00f1o, en acero inox. cortado por l\u00e1ser, Galaxy Slider, es una prensa con gran robustez y versatilidad, con la que podr\u00e1s llevar a cabo tus estampados, de manera c\u00f3moda y r\u00e1pida. Dispone de un display talctil, para la configuracion, tanto de tiempo\u2026","rel":"","context":"Similar post","block_context":{"text":"Similar post","link":""},"img":{"alt_text":"","src":"https:\/\/i0.wp.com\/tmssl.com\/wp-content\/uploads\/2022\/09\/GALAXY-AUTO-OPEN3.jpg?fit=1057%2C1200&ssl=1&resize=350%2C200","width":350,"height":200,"srcset":"https:\/\/i0.wp.com\/tmssl.com\/wp-content\/uploads\/2022\/09\/GALAXY-AUTO-OPEN3.jpg?fit=1057%2C1200&ssl=1&resize=350%2C200 1x, https:\/\/i0.wp.com\/tmssl.com\/wp-content\/uploads\/2022\/09\/GALAXY-AUTO-OPEN3.jpg?fit=1057%2C1200&ssl=1&resize=525%2C300 1.5x, https:\/\/i0.wp.com\/tmssl.com\/wp-content\/uploads\/2022\/09\/GALAXY-AUTO-OPEN3.jpg?fit=1057%2C1200&ssl=1&resize=700%2C400 2x, https:\/\/i0.wp.com\/tmssl.com\/wp-content\/uploads\/2022\/09\/GALAXY-AUTO-OPEN3.jpg?fit=1057%2C1200&ssl=1&resize=1050%2C600 3x"},"classes":[]},{"id":5742,"url":"https:\/\/tmssl.com\/en\/product\/plancha-electromagnetica-40x50\/","url_meta":{"origin":1089,"position":1},"title":"PLANCHA ELECTROMAGNETICA 40X50","author":"Info","date":"25 de September de 2023","format":false,"excerpt":"Descubre la\u00a0plancha t\u00e9rmica para camisetas Sumach 4050\u00a0(40\u00d750), es ideal para iniciarse en la personalizaci\u00f3n de productos mediante\u00a0sublimaci\u00f3n,\u00a0DTF,\u00a0vinilo,\u00a0DTG\u00a0o\u00a0transfer. Con su apertura en forma de s\u00e1ndwich, plato inferior extra\u00edble y panel t\u00e1ctil, esta\u00a0prensa t\u00e9rmica sublimacion\u00a0ofrece facilidad de uso y seguridad a un precio competitivo.","rel":"","context":"Similar post","block_context":{"text":"Similar post","link":""},"img":{"alt_text":"","src":"https:\/\/i0.wp.com\/tmssl.com\/wp-content\/uploads\/2023\/09\/Sumach-4050-4.jpg?fit=1024%2C1024&ssl=1&resize=350%2C200","width":350,"height":200,"srcset":"https:\/\/i0.wp.com\/tmssl.com\/wp-content\/uploads\/2023\/09\/Sumach-4050-4.jpg?fit=1024%2C1024&ssl=1&resize=350%2C200 1x, https:\/\/i0.wp.com\/tmssl.com\/wp-content\/uploads\/2023\/09\/Sumach-4050-4.jpg?fit=1024%2C1024&ssl=1&resize=525%2C300 1.5x, https:\/\/i0.wp.com\/tmssl.com\/wp-content\/uploads\/2023\/09\/Sumach-4050-4.jpg?fit=1024%2C1024&ssl=1&resize=700%2C400 2x"},"classes":[]},{"id":1127,"url":"https:\/\/tmssl.com\/en\/product\/craft-press\/","url_meta":{"origin":1089,"position":2},"title":"SISER CRAFT PRESS","author":"Info","date":"13 de September de 2022","format":false,"excerpt":"\u00a1POR FIN PUEDES DEJAR LA PLANCHA DE CASA Y PASAR A UNA ALTERNATIVA ASEQUIBLE! Las planchas caseras y las prensas manuales son ideales para empezar o si quieres planchar algunas prendas de vez en cuando, pero cuando empiezas a decorar prendas para otros o decides emprender un negocio de fabricaci\u00f3n\u2026","rel":"","context":"Similar post","block_context":{"text":"Similar post","link":""},"img":{"alt_text":"","src":"https:\/\/i0.wp.com\/tmssl.com\/wp-content\/uploads\/2022\/09\/CRAFT-PRESS.jpg?fit=1200%2C741&ssl=1&resize=350%2C200","width":350,"height":200,"srcset":"https:\/\/i0.wp.com\/tmssl.com\/wp-content\/uploads\/2022\/09\/CRAFT-PRESS.jpg?fit=1200%2C741&ssl=1&resize=350%2C200 1x, https:\/\/i0.wp.com\/tmssl.com\/wp-content\/uploads\/2022\/09\/CRAFT-PRESS.jpg?fit=1200%2C741&ssl=1&resize=525%2C300 1.5x, https:\/\/i0.wp.com\/tmssl.com\/wp-content\/uploads\/2022\/09\/CRAFT-PRESS.jpg?fit=1200%2C741&ssl=1&resize=700%2C400 2x, https:\/\/i0.wp.com\/tmssl.com\/wp-content\/uploads\/2022\/09\/CRAFT-PRESS.jpg?fit=1200%2C741&ssl=1&resize=1050%2C600 3x"},"classes":[]},{"id":1017,"url":"https:\/\/tmssl.com\/en\/product\/ts-base\/","url_meta":{"origin":1089,"position":3},"title":"PLANCHA TEXTIL SISER TS BASE","author":"Info","date":"9 de September de 2022","format":false,"excerpt":"La TS-Base es una excelente plancha t\u00e9rmica econ\u00f3mica que funciona en el taller o sobre la marcha en eventos para impresi\u00f3n bajo demanda. La TS-Base es f\u00e1cil de operar con una lectura digital de tiempo y temperatura y ajuste de presi\u00f3n sobre el centro. El plato flotante superior proporciona una\u2026","rel":"","context":"Similar post","block_context":{"text":"Similar post","link":""},"img":{"alt_text":"","src":"https:\/\/i0.wp.com\/tmssl.com\/wp-content\/uploads\/2022\/09\/ts-base.jpg?fit=1031%2C687&ssl=1&resize=350%2C200","width":350,"height":200,"srcset":"https:\/\/i0.wp.com\/tmssl.com\/wp-content\/uploads\/2022\/09\/ts-base.jpg?fit=1031%2C687&ssl=1&resize=350%2C200 1x, https:\/\/i0.wp.com\/tmssl.com\/wp-content\/uploads\/2022\/09\/ts-base.jpg?fit=1031%2C687&ssl=1&resize=525%2C300 1.5x, https:\/\/i0.wp.com\/tmssl.com\/wp-content\/uploads\/2022\/09\/ts-base.jpg?fit=1031%2C687&ssl=1&resize=700%2C400 2x"},"classes":[]},{"id":8876,"url":"https:\/\/tmssl.com\/en\/product\/neumatica-2-puesto\/","url_meta":{"origin":1089,"position":4},"title":"NEUMATICA 2 PUESTO","author":"Info","date":"21 de October de 2024","format":false,"excerpt":"La plancha neumatica de dos puestos es una soluci\u00f3n de personalizaci\u00f3n autom\u00e1tica\u00a0ideal para prendas de vestir y otros productos textiles. Con un\u00a0tama\u00f1o de 40 x 50 cm\u00a0(16\u2033 x 20\u2033), esta plancha neum\u00e1tica ofrece un amplio espacio para trabajar en diferentes proyectos, desde\u00a0sublimaci\u00f3n\u00a0hasta\u00a0DTF,\u00a0vinilo, o\u00a0transfer. Su funcionamiento autom\u00e1tico y sencillo, junto con\u2026","rel":"","context":"Similar post","block_context":{"text":"Similar post","link":""},"img":{"alt_text":"","src":"https:\/\/i0.wp.com\/tmssl.com\/wp-content\/uploads\/2024\/10\/NEUMATICA-DOS-PUESTOS.jpg?fit=1024%2C1024&ssl=1&resize=350%2C200","width":350,"height":200,"srcset":"https:\/\/i0.wp.com\/tmssl.com\/wp-content\/uploads\/2024\/10\/NEUMATICA-DOS-PUESTOS.jpg?fit=1024%2C1024&ssl=1&resize=350%2C200 1x, https:\/\/i0.wp.com\/tmssl.com\/wp-content\/uploads\/2024\/10\/NEUMATICA-DOS-PUESTOS.jpg?fit=1024%2C1024&ssl=1&resize=525%2C300 1.5x, https:\/\/i0.wp.com\/tmssl.com\/wp-content\/uploads\/2024\/10\/NEUMATICA-DOS-PUESTOS.jpg?fit=1024%2C1024&ssl=1&resize=700%2C400 2x"},"classes":[]},{"id":1796,"url":"https:\/\/tmssl.com\/en\/product\/cintatermica\/","url_meta":{"origin":1089,"position":5},"title":"CINTA TERMICA","author":"Info","date":"26 de September de 2022","format":false,"excerpt":"Rollo de cinta t\u00e9rmica adhesiva para usar en el proceso de impresi\u00f3n de tazas, jarras, vasos o textil por la t\u00e9cnica de sublimaci\u00f3n. Resiste perfectamente las altas temperaturas del horno o la plancha sin derretirse. Mantiene el papel de sublimaci\u00f3n perfectamente sujeto a la superficie. La cinta t\u00e9rmica adhesiva esta\u2026","rel":"","context":"Similar post","block_context":{"text":"Similar post","link":""},"img":{"alt_text":"","src":"https:\/\/i0.wp.com\/tmssl.com\/wp-content\/uploads\/2022\/09\/CINTA-TERMICA.webp?fit=928%2C1200&ssl=1&resize=350%2C200","width":350,"height":200,"srcset":"https:\/\/i0.wp.com\/tmssl.com\/wp-content\/uploads\/2022\/09\/CINTA-TERMICA.webp?fit=928%2C1200&ssl=1&resize=350%2C200 1x, https:\/\/i0.wp.com\/tmssl.com\/wp-content\/uploads\/2022\/09\/CINTA-TERMICA.webp?fit=928%2C1200&ssl=1&resize=525%2C300 1.5x, https:\/\/i0.wp.com\/tmssl.com\/wp-content\/uploads\/2022\/09\/CINTA-TERMICA.webp?fit=928%2C1200&ssl=1&resize=700%2C400 2x"},"classes":[]}],"jetpack_sharing_enabled":true,"tiered_pricing_type":"fixed","tiered_pricing_fixed_rules":[],"tiered_pricing_product_settings":{"layout":"default","base_unit_name":{"singular":null,"plural":null},"default_variation":null},"tiered_pricing_minimum_quantity":null,"tiered_pricing_roles_data":[],"tiered_pricing_percentage_rules":[],"_links":{"self":[{"href":"https:\/\/tmssl.com\/en\/wp-json\/wp\/v2\/product\/1089","targetHints":{"allow":["GET"]}}],"collection":[{"href":"https:\/\/tmssl.com\/en\/wp-json\/wp\/v2\/product"}],"about":[{"href":"https:\/\/tmssl.com\/en\/wp-json\/wp\/v2\/types\/product"}],"replies":[{"embeddable":true,"href":"https:\/\/tmssl.com\/en\/wp-json\/wp\/v2\/comments?post=1089"}],"version-history":[{"count":3,"href":"https:\/\/tmssl.com\/en\/wp-json\/wp\/v2\/product\/1089\/revisions"}],"predecessor-version":[{"id":8813,"href":"https:\/\/tmssl.com\/en\/wp-json\/wp\/v2\/product\/1089\/revisions\/8813"}],"wp:featuredmedia":[{"embeddable":true,"href":"https:\/\/tmssl.com\/en\/wp-json\/wp\/v2\/media\/8809"}],"wp:attachment":[{"href":"https:\/\/tmssl.com\/en\/wp-json\/wp\/v2\/media?parent=1089"}],"wp:term":[{"taxonomy":"product_brand","embeddable":true,"href":"https:\/\/tmssl.com\/en\/wp-json\/wp\/v2\/product_brand?post=1089"},{"taxonomy":"product_cat","embeddable":true,"href":"https:\/\/tmssl.com\/en\/wp-json\/wp\/v2\/product_cat?post=1089"},{"taxonomy":"product_tag","embeddable":true,"href":"https:\/\/tmssl.com\/en\/wp-json\/wp\/v2\/product_tag?post=1089"}],"curies":[{"name":"wp","href":"https:\/\/api.w.org\/{rel}","templated":true}]}}