{"id":1092,"date":"2022-09-12T18:08:37","date_gmt":"2022-09-12T16:08:37","guid":{"rendered":"https:\/\/tmssl.com\/?post_type=product&#038;p=1092"},"modified":"2024-10-21T10:38:09","modified_gmt":"2024-10-21T08:38:09","slug":"galaxy-slider-auto-open","status":"publish","type":"product","link":"https:\/\/tmssl.com\/en\/product\/galaxy-slider-auto-open\/","title":{"rendered":"GALAXY SLIDER AUTO OPEN"},"content":{"rendered":"","protected":false},"excerpt":{"rendered":"<p style=\"text-align: center;\"><em>Prensa t\u00e9rmica para el textil.<\/em><\/p>\n<p style=\"text-align: center;\"><em>Con un moderno dise\u00f1o, en acero inox. cortado por l\u00e1ser, Galaxy Slider, es una prensa con gran robustez y<\/em><\/p>\n<p style=\"text-align: center;\"><em>versatilidad, con la que podr\u00e1s llevar a cabo tus estampados, de manera c\u00f3moda y r\u00e1pida.<\/em><\/p>\n<p style=\"text-align: center;\"><em>Dispone de un display talctil, para la configuracion, tanto de tiempo como temperatura.<\/em><\/p>\n<p style=\"text-align: center;\"><em>Adem\u00e1s, dispone de un contador de planchadas, de esta manera se puede llevar la cuenta de las unidades a estampar.<\/em><\/p>\n<p style=\"text-align: center;\"><em>Incorpora tambi\u00e9n, un electroim\u00e1n para que una vez pase el tiempo, la maquina se abra sola.<\/em><\/p>\n<p style=\"text-align: center;\"><em>As\u00ed, evitamos errores, como quemaduras o aplicaciones incorrectas.<\/em><\/p>\n<div class=\"wpb_text_column wpb_content_element\">\n<div class=\"wpb_wrapper\">\n<p style=\"text-align: center;\"><em>Formato 50x40cms<\/em><br \/>\n<em>Potencia 1800w<\/em><br \/>\n<em>Controlador digital de temperatura y tiempo de planchado<\/em><br \/>\n<em>Versi\u00f3n con salida del plato<\/em><br \/>\n<em>Parada de emergencia<\/em><br \/>\n<em>Certificada CEE<\/em><\/p>\n<\/div>\n<\/div>\n<div class=\"vc_separator wpb_content_element vc_separator_align_center vc_sep_width_100 vc_sep_pos_align_center vc_separator_no_text vc_sep_color_grey\"><\/div>","protected":false},"featured_media":8789,"comment_status":"open","ping_status":"closed","template":"","meta":{"_crdt_document":"","jetpack_post_was_ever_published":false,"jetpack_publicize_message":"","jetpack_publicize_feature_enabled":true,"jetpack_social_post_already_shared":true,"jetpack_social_options":{"image_generator_settings":{"template":"highway","default_image_id":0,"font":"","enabled":false},"version":2},"_wpas_customize_per_network":false},"product_brand":[],"product_cat":[122657,122656,122654,122651],"product_tag":[122248,121866,121870,121869,121864,121868,121867,121865],"class_list":{"0":"post-1092","1":"product","2":"type-product","3":"status-publish","4":"has-post-thumbnail","6":"product_cat-planchas-electromagneticas","7":"product_cat-planchas-manuales","8":"product_cat-planchas-tag","9":"product_cat-planchas-textiles","10":"product_tag-planchas-termicas","11":"product_tag-siser","12":"product_tag-transfer-ropa","13":"product_tag-transfer-textil","14":"product_tag-vinilo-de-corte","15":"product_tag-vinilo-ropa","16":"product_tag-vinilo-siser","17":"product_tag-vinilo-textil","19":"first","20":"instock","21":"sale","22":"taxable","23":"shipping-taxable","24":"purchasable","25":"product-type-simple"},"yoast_head":"<!-- This site is optimized with the Yoast SEO plugin v27.3 - https:\/\/yoast.com\/product\/yoast-seo-wordpress\/ -->\n<title>GALAXY SLIDER AUTO OPEN - TMS SL<\/title>\n<meta name=\"robots\" content=\"index, follow, max-snippet:-1, max-image-preview:large, max-video-preview:-1\" \/>\n<link rel=\"canonical\" href=\"https:\/\/tmssl.com\/en\/product\/galaxy-slider-auto-open\/\" \/>\n<meta property=\"og:locale\" content=\"en_GB\" \/>\n<meta property=\"og:type\" content=\"article\" \/>\n<meta property=\"og:title\" content=\"GALAXY SLIDER AUTO OPEN - TMS SL\" \/>\n<meta property=\"og:description\" content=\"Prensa t\u00e9rmica para el textil. Con un moderno dise\u00f1o, en acero inox. cortado por l\u00e1ser, Galaxy Slider, es una prensa con gran robustez y versatilidad, con la que podr\u00e1s llevar a cabo tus estampados, de manera c\u00f3moda y r\u00e1pida. Dispone de un display talctil, para la configuracion, tanto de tiempo como temperatura. Adem\u00e1s, dispone de un contador de planchadas, de esta manera se puede llevar la cuenta de las unidades a estampar. Incorpora tambi\u00e9n, un electroim\u00e1n para que una vez pase el tiempo, la maquina se abra sola. As\u00ed, evitamos errores, como quemaduras o aplicaciones incorrectas.    Formato 50x40cms Potencia 1800w Controlador digital de temperatura y tiempo de planchado Versi\u00f3n con salida del plato Parada de emergencia Certificada CEE\" \/>\n<meta property=\"og:url\" content=\"https:\/\/tmssl.com\/en\/product\/galaxy-slider-auto-open\/\" \/>\n<meta property=\"og:site_name\" content=\"TMS SL\" \/>\n<meta property=\"article:modified_time\" content=\"2024-10-21T08:38:09+00:00\" \/>\n<meta property=\"og:image\" content=\"https:\/\/tmssl.com\/wp-content\/uploads\/2022\/09\/GALAXY-AUTO-OPEN3.jpg\" \/>\n\t<meta property=\"og:image:width\" content=\"2255\" \/>\n\t<meta property=\"og:image:height\" content=\"2560\" \/>\n\t<meta property=\"og:image:type\" content=\"image\/jpeg\" \/>\n<meta name=\"twitter:card\" content=\"summary_large_image\" \/>\n<meta name=\"twitter:label1\" content=\"Estimated reading time\" \/>\n\t<meta name=\"twitter:data1\" content=\"1 minute\" \/>\n<script type=\"application\/ld+json\" class=\"yoast-schema-graph\">{\"@context\":\"https:\\\/\\\/schema.org\",\"@graph\":[{\"@type\":\"WebPage\",\"@id\":\"https:\\\/\\\/tmssl.com\\\/producto\\\/galaxy-slider-auto-open\\\/\",\"url\":\"https:\\\/\\\/tmssl.com\\\/producto\\\/galaxy-slider-auto-open\\\/\",\"name\":\"GALAXY SLIDER AUTO OPEN - TMS SL\",\"isPartOf\":{\"@id\":\"https:\\\/\\\/tmssl.com\\\/en\\\/#website\"},\"primaryImageOfPage\":{\"@id\":\"https:\\\/\\\/tmssl.com\\\/producto\\\/galaxy-slider-auto-open\\\/#primaryimage\"},\"image\":{\"@id\":\"https:\\\/\\\/tmssl.com\\\/producto\\\/galaxy-slider-auto-open\\\/#primaryimage\"},\"thumbnailUrl\":\"https:\\\/\\\/i0.wp.com\\\/tmssl.com\\\/wp-content\\\/uploads\\\/2022\\\/09\\\/GALAXY-AUTO-OPEN3.jpg?fit=2255%2C2560&ssl=1\",\"datePublished\":\"2022-09-12T16:08:37+00:00\",\"dateModified\":\"2024-10-21T08:38:09+00:00\",\"breadcrumb\":{\"@id\":\"https:\\\/\\\/tmssl.com\\\/producto\\\/galaxy-slider-auto-open\\\/#breadcrumb\"},\"inLanguage\":\"en-GB\",\"potentialAction\":[{\"@type\":\"ReadAction\",\"target\":[\"https:\\\/\\\/tmssl.com\\\/producto\\\/galaxy-slider-auto-open\\\/\"]}]},{\"@type\":\"ImageObject\",\"inLanguage\":\"en-GB\",\"@id\":\"https:\\\/\\\/tmssl.com\\\/producto\\\/galaxy-slider-auto-open\\\/#primaryimage\",\"url\":\"https:\\\/\\\/i0.wp.com\\\/tmssl.com\\\/wp-content\\\/uploads\\\/2022\\\/09\\\/GALAXY-AUTO-OPEN3.jpg?fit=2255%2C2560&ssl=1\",\"contentUrl\":\"https:\\\/\\\/i0.wp.com\\\/tmssl.com\\\/wp-content\\\/uploads\\\/2022\\\/09\\\/GALAXY-AUTO-OPEN3.jpg?fit=2255%2C2560&ssl=1\",\"width\":2255,\"height\":2560},{\"@type\":\"BreadcrumbList\",\"@id\":\"https:\\\/\\\/tmssl.com\\\/producto\\\/galaxy-slider-auto-open\\\/#breadcrumb\",\"itemListElement\":[{\"@type\":\"ListItem\",\"position\":1,\"name\":\"Portada\",\"item\":\"https:\\\/\\\/tmssl.com\\\/\"},{\"@type\":\"ListItem\",\"position\":2,\"name\":\"Shop\",\"item\":\"https:\\\/\\\/tmssl.com\\\/shop\\\/\"},{\"@type\":\"ListItem\",\"position\":3,\"name\":\"GALAXY SLIDER AUTO OPEN\"}]},{\"@type\":\"WebSite\",\"@id\":\"https:\\\/\\\/tmssl.com\\\/en\\\/#website\",\"url\":\"https:\\\/\\\/tmssl.com\\\/en\\\/\",\"name\":\"www.tmssl.com\",\"description\":\"Venta de vinilo textil, y consumibles para la personalizacion.\",\"publisher\":{\"@id\":\"https:\\\/\\\/tmssl.com\\\/en\\\/#organization\"},\"potentialAction\":[{\"@type\":\"SearchAction\",\"target\":{\"@type\":\"EntryPoint\",\"urlTemplate\":\"https:\\\/\\\/tmssl.com\\\/en\\\/?s={search_term_string}\"},\"query-input\":{\"@type\":\"PropertyValueSpecification\",\"valueRequired\":true,\"valueName\":\"search_term_string\"}}],\"inLanguage\":\"en-GB\"},{\"@type\":\"Organization\",\"@id\":\"https:\\\/\\\/tmssl.com\\\/en\\\/#organization\",\"name\":\"www.tmssl.com\",\"url\":\"https:\\\/\\\/tmssl.com\\\/en\\\/\",\"logo\":{\"@type\":\"ImageObject\",\"inLanguage\":\"en-GB\",\"@id\":\"https:\\\/\\\/tmssl.com\\\/en\\\/#\\\/schema\\\/logo\\\/image\\\/\",\"url\":\"https:\\\/\\\/tmssl.com\\\/wp-content\\\/uploads\\\/2023\\\/07\\\/LOGO-TMS-ALTA-01.jpg\",\"contentUrl\":\"https:\\\/\\\/tmssl.com\\\/wp-content\\\/uploads\\\/2023\\\/07\\\/LOGO-TMS-ALTA-01.jpg\",\"width\":598,\"height\":597,\"caption\":\"www.tmssl.com\"},\"image\":{\"@id\":\"https:\\\/\\\/tmssl.com\\\/en\\\/#\\\/schema\\\/logo\\\/image\\\/\"},\"sameAs\":[\"https:\\\/\\\/www.instagram.com\\\/vinilotextil.tmssl\\\/\"]}]}<\/script>\n<!-- \/ Yoast SEO plugin. -->","yoast_head_json":{"title":"GALAXY SLIDER AUTO OPEN - TMS SL","robots":{"index":"index","follow":"follow","max-snippet":"max-snippet:-1","max-image-preview":"max-image-preview:large","max-video-preview":"max-video-preview:-1"},"canonical":"https:\/\/tmssl.com\/en\/product\/galaxy-slider-auto-open\/","og_locale":"en_GB","og_type":"article","og_title":"GALAXY SLIDER AUTO OPEN - TMS SL","og_description":"Prensa t\u00e9rmica para el textil. Con un moderno dise\u00f1o, en acero inox. cortado por l\u00e1ser, Galaxy Slider, es una prensa con gran robustez y versatilidad, con la que podr\u00e1s llevar a cabo tus estampados, de manera c\u00f3moda y r\u00e1pida. Dispone de un display talctil, para la configuracion, tanto de tiempo como temperatura. Adem\u00e1s, dispone de un contador de planchadas, de esta manera se puede llevar la cuenta de las unidades a estampar. Incorpora tambi\u00e9n, un electroim\u00e1n para que una vez pase el tiempo, la maquina se abra sola. As\u00ed, evitamos errores, como quemaduras o aplicaciones incorrectas.    Formato 50x40cms Potencia 1800w Controlador digital de temperatura y tiempo de planchado Versi\u00f3n con salida del plato Parada de emergencia Certificada CEE","og_url":"https:\/\/tmssl.com\/en\/product\/galaxy-slider-auto-open\/","og_site_name":"TMS SL","article_modified_time":"2024-10-21T08:38:09+00:00","og_image":[{"width":2255,"height":2560,"url":"https:\/\/tmssl.com\/wp-content\/uploads\/2022\/09\/GALAXY-AUTO-OPEN3.jpg","type":"image\/jpeg"}],"twitter_card":"summary_large_image","twitter_misc":{"Estimated reading time":"1 minute"},"schema":{"@context":"https:\/\/schema.org","@graph":[{"@type":"WebPage","@id":"https:\/\/tmssl.com\/producto\/galaxy-slider-auto-open\/","url":"https:\/\/tmssl.com\/producto\/galaxy-slider-auto-open\/","name":"GALAXY SLIDER AUTO OPEN - TMS SL","isPartOf":{"@id":"https:\/\/tmssl.com\/en\/#website"},"primaryImageOfPage":{"@id":"https:\/\/tmssl.com\/producto\/galaxy-slider-auto-open\/#primaryimage"},"image":{"@id":"https:\/\/tmssl.com\/producto\/galaxy-slider-auto-open\/#primaryimage"},"thumbnailUrl":"https:\/\/i0.wp.com\/tmssl.com\/wp-content\/uploads\/2022\/09\/GALAXY-AUTO-OPEN3.jpg?fit=2255%2C2560&ssl=1","datePublished":"2022-09-12T16:08:37+00:00","dateModified":"2024-10-21T08:38:09+00:00","breadcrumb":{"@id":"https:\/\/tmssl.com\/producto\/galaxy-slider-auto-open\/#breadcrumb"},"inLanguage":"en-GB","potentialAction":[{"@type":"ReadAction","target":["https:\/\/tmssl.com\/producto\/galaxy-slider-auto-open\/"]}]},{"@type":"ImageObject","inLanguage":"en-GB","@id":"https:\/\/tmssl.com\/producto\/galaxy-slider-auto-open\/#primaryimage","url":"https:\/\/i0.wp.com\/tmssl.com\/wp-content\/uploads\/2022\/09\/GALAXY-AUTO-OPEN3.jpg?fit=2255%2C2560&ssl=1","contentUrl":"https:\/\/i0.wp.com\/tmssl.com\/wp-content\/uploads\/2022\/09\/GALAXY-AUTO-OPEN3.jpg?fit=2255%2C2560&ssl=1","width":2255,"height":2560},{"@type":"BreadcrumbList","@id":"https:\/\/tmssl.com\/producto\/galaxy-slider-auto-open\/#breadcrumb","itemListElement":[{"@type":"ListItem","position":1,"name":"Portada","item":"https:\/\/tmssl.com\/"},{"@type":"ListItem","position":2,"name":"Shop","item":"https:\/\/tmssl.com\/shop\/"},{"@type":"ListItem","position":3,"name":"GALAXY SLIDER AUTO OPEN"}]},{"@type":"WebSite","@id":"https:\/\/tmssl.com\/en\/#website","url":"https:\/\/tmssl.com\/en\/","name":"www.tmssl.com","description":"Venta de vinilo textil, y consumibles para la personalizacion.","publisher":{"@id":"https:\/\/tmssl.com\/en\/#organization"},"potentialAction":[{"@type":"SearchAction","target":{"@type":"EntryPoint","urlTemplate":"https:\/\/tmssl.com\/en\/?s={search_term_string}"},"query-input":{"@type":"PropertyValueSpecification","valueRequired":true,"valueName":"search_term_string"}}],"inLanguage":"en-GB"},{"@type":"Organization","@id":"https:\/\/tmssl.com\/en\/#organization","name":"www.tmssl.com","url":"https:\/\/tmssl.com\/en\/","logo":{"@type":"ImageObject","inLanguage":"en-GB","@id":"https:\/\/tmssl.com\/en\/#\/schema\/logo\/image\/","url":"https:\/\/tmssl.com\/wp-content\/uploads\/2023\/07\/LOGO-TMS-ALTA-01.jpg","contentUrl":"https:\/\/tmssl.com\/wp-content\/uploads\/2023\/07\/LOGO-TMS-ALTA-01.jpg","width":598,"height":597,"caption":"www.tmssl.com"},"image":{"@id":"https:\/\/tmssl.com\/en\/#\/schema\/logo\/image\/"},"sameAs":["https:\/\/www.instagram.com\/vinilotextil.tmssl\/"]}]}},"jetpack_publicize_connections":[],"jetpack_likes_enabled":true,"jetpack-related-posts":[{"id":4737,"url":"https:\/\/tmssl.com\/en\/product\/plato-intercambiable-galaxy\/","url_meta":{"origin":1092,"position":0},"title":"PLATO INTERCAMBIABLE GALAXY","author":"Info","date":"17 de February de 2023","format":false,"excerpt":"Es un complemento que permite una mayor comodidad a la hora de estampar productos de diferentes tama\u00f1os. Dimensiones y pesos: 10,1 x 10,1 cm 15,2 x 25,4 cm 20,3 x 25,4 cm 27,9 x 38,1 cm 51 x 15,5 cm 15 x 15 cm 38 x 38 cm \u00d810 cm","rel":"","context":"Similar post","block_context":{"text":"Similar post","link":""},"img":{"alt_text":"","src":"","width":0,"height":0},"classes":[]},{"id":1089,"url":"https:\/\/tmssl.com\/en\/product\/neptune\/","url_meta":{"origin":1092,"position":1},"title":"NEPTUNE","author":"Info","date":"12 de September de 2022","format":false,"excerpt":"Prensa t\u00e9rmica para el estampado textil. Con un robusto y sencillo dise\u00f1o, pensada para media y baja producci\u00f3n. Consta de un funcionamiento muy sencillo, donde la presi\u00f3n se regula manualmente. En el display electr\u00f3nico, se regula, tanto el tiempo, como la temperatura de trabajo, para graduarla seg\u00fan el material a\u2026","rel":"","context":"Similar post","block_context":{"text":"Similar post","link":""},"img":{"alt_text":"","src":"https:\/\/i0.wp.com\/tmssl.com\/wp-content\/uploads\/2022\/09\/NEPTUNE3.jpg?fit=1000%2C1153&ssl=1&resize=350%2C200","width":350,"height":200,"srcset":"https:\/\/i0.wp.com\/tmssl.com\/wp-content\/uploads\/2022\/09\/NEPTUNE3.jpg?fit=1000%2C1153&ssl=1&resize=350%2C200 1x, https:\/\/i0.wp.com\/tmssl.com\/wp-content\/uploads\/2022\/09\/NEPTUNE3.jpg?fit=1000%2C1153&ssl=1&resize=525%2C300 1.5x, https:\/\/i0.wp.com\/tmssl.com\/wp-content\/uploads\/2022\/09\/NEPTUNE3.jpg?fit=1000%2C1153&ssl=1&resize=700%2C400 2x"},"classes":[]},{"id":1747,"url":"https:\/\/tmssl.com\/en\/product\/oasis-pet\/","url_meta":{"origin":1092,"position":2},"title":"DTF PET OASIS DESPEGUE EN FR\u00cdO","author":"Info","date":"22 de September de 2022","format":false,"excerpt":"El Film PET o pel\u00edcula transfer DTF(Direct Transfer Film), es el soporte donde se imprime la inyecci\u00f3n de tinta h\u00fameda para que se adhiera f\u00e1cilmente el polvo de poliamida para el posterior curado. Este film es espec\u00edfico para DTF, resistente a la temperatura aplicada por la prensa t\u00e9rmica o el\u2026","rel":"","context":"Similar post","block_context":{"text":"Similar post","link":""},"img":{"alt_text":"","src":"https:\/\/i0.wp.com\/tmssl.com\/wp-content\/uploads\/2024\/02\/CONJUNTO-OASIS-PET.jpg?fit=1024%2C1024&ssl=1&resize=350%2C200","width":350,"height":200,"srcset":"https:\/\/i0.wp.com\/tmssl.com\/wp-content\/uploads\/2024\/02\/CONJUNTO-OASIS-PET.jpg?fit=1024%2C1024&ssl=1&resize=350%2C200 1x, https:\/\/i0.wp.com\/tmssl.com\/wp-content\/uploads\/2024\/02\/CONJUNTO-OASIS-PET.jpg?fit=1024%2C1024&ssl=1&resize=525%2C300 1.5x, https:\/\/i0.wp.com\/tmssl.com\/wp-content\/uploads\/2024\/02\/CONJUNTO-OASIS-PET.jpg?fit=1024%2C1024&ssl=1&resize=700%2C400 2x"},"classes":[]},{"id":7725,"url":"https:\/\/tmssl.com\/en\/product\/dtf-pet-oasis-mate-despegue-en-caliente\/","url_meta":{"origin":1092,"position":3},"title":"DTF PET OASIS MATE DESPEGUE EN CALIENTE","author":"Info","date":"27 de February de 2024","format":false,"excerpt":"El Film PET o pel\u00edcula transfer DTF(Direct Transfer Film), es el soporte donde se imprime la inyecci\u00f3n de tinta h\u00fameda para que se adhiera f\u00e1cilmente el polvo de poliamida para el posterior curado. Este film es espec\u00edfico para DTF, resistente a la temperatura aplicada por la prensa t\u00e9rmica o el\u2026","rel":"","context":"Similar post","block_context":{"text":"Similar post","link":""},"img":{"alt_text":"","src":"https:\/\/i0.wp.com\/tmssl.com\/wp-content\/uploads\/2024\/02\/CONJUNTO-OASIS-PET.jpg?fit=1024%2C1024&ssl=1&resize=350%2C200","width":350,"height":200,"srcset":"https:\/\/i0.wp.com\/tmssl.com\/wp-content\/uploads\/2024\/02\/CONJUNTO-OASIS-PET.jpg?fit=1024%2C1024&ssl=1&resize=350%2C200 1x, https:\/\/i0.wp.com\/tmssl.com\/wp-content\/uploads\/2024\/02\/CONJUNTO-OASIS-PET.jpg?fit=1024%2C1024&ssl=1&resize=525%2C300 1.5x, https:\/\/i0.wp.com\/tmssl.com\/wp-content\/uploads\/2024\/02\/CONJUNTO-OASIS-PET.jpg?fit=1024%2C1024&ssl=1&resize=700%2C400 2x"},"classes":[]},{"id":8768,"url":"https:\/\/tmssl.com\/en\/product\/mini-craft-press\/","url_meta":{"origin":1092,"position":4},"title":"MINI CRAFT PRESS","author":"Info","date":"21 de October de 2024","format":false,"excerpt":"Peque\u00f1a prensa t\u00e9rmica para sublimaci\u00f3n y transferencia t\u00e9rmica. La prensa est\u00e1 dise\u00f1ada para transferir patrones complejos en lugares de dif\u00edcil acceso, por ejemplo, entre botones y costuras. Irreemplazable al realizar estampados en ropa, gorras, zapatos, mascotas, etc. Datos t\u00e9cnicos Tama\u00f1o de la placa calefactora:\u00a05,8 x 9 cm Rango de temperatura:\u00a00\u2026","rel":"","context":"Similar post","block_context":{"text":"Similar post","link":""},"img":{"alt_text":"","src":"https:\/\/i0.wp.com\/tmssl.com\/wp-content\/uploads\/2024\/10\/MINI-CRAFT-PRESS4.jpg?fit=500%2C500&ssl=1&resize=350%2C200","width":350,"height":200},"classes":[]},{"id":8776,"url":"https:\/\/tmssl.com\/en\/product\/max-craft-express-25-x-30-cm\/","url_meta":{"origin":1092,"position":5},"title":"MAX CRAFT EXPRESS 25 x 30 cm","author":"Info","date":"21 de October de 2024","format":false,"excerpt":"Prensa t\u00e9rmica para sublimaci\u00f3n y transferencia t\u00e9rmica. Irreemplazable al realizar estampados en ropa, bolsos, baldosas cer\u00e1micas, granitos. etc Datos t\u00e9cnicos Tama\u00f1o de la placa calefactora:\u00a025 x 30 cm Rango de temperatura:\u00a00 - 200\u00b0C Rango de ajuste de tiempo:\u00a00 - 999 sec. Poder:\u00a01000 W Potencia:\u00a0220 V","rel":"","context":"Similar post","block_context":{"text":"Similar post","link":""},"img":{"alt_text":"","src":"https:\/\/i0.wp.com\/tmssl.com\/wp-content\/uploads\/2024\/10\/MAX-CRAFT-EXPRESS.jpg?fit=500%2C500&ssl=1&resize=350%2C200","width":350,"height":200},"classes":[]}],"jetpack_sharing_enabled":true,"tiered_pricing_type":"fixed","tiered_pricing_fixed_rules":[],"tiered_pricing_product_settings":{"layout":"default","base_unit_name":{"singular":null,"plural":null},"default_variation":null},"tiered_pricing_minimum_quantity":null,"tiered_pricing_roles_data":[],"tiered_pricing_percentage_rules":[],"_links":{"self":[{"href":"https:\/\/tmssl.com\/en\/wp-json\/wp\/v2\/product\/1092","targetHints":{"allow":["GET"]}}],"collection":[{"href":"https:\/\/tmssl.com\/en\/wp-json\/wp\/v2\/product"}],"about":[{"href":"https:\/\/tmssl.com\/en\/wp-json\/wp\/v2\/types\/product"}],"replies":[{"embeddable":true,"href":"https:\/\/tmssl.com\/en\/wp-json\/wp\/v2\/comments?post=1092"}],"version-history":[{"count":3,"href":"https:\/\/tmssl.com\/en\/wp-json\/wp\/v2\/product\/1092\/revisions"}],"predecessor-version":[{"id":8794,"href":"https:\/\/tmssl.com\/en\/wp-json\/wp\/v2\/product\/1092\/revisions\/8794"}],"wp:featuredmedia":[{"embeddable":true,"href":"https:\/\/tmssl.com\/en\/wp-json\/wp\/v2\/media\/8789"}],"wp:attachment":[{"href":"https:\/\/tmssl.com\/en\/wp-json\/wp\/v2\/media?parent=1092"}],"wp:term":[{"taxonomy":"product_brand","embeddable":true,"href":"https:\/\/tmssl.com\/en\/wp-json\/wp\/v2\/product_brand?post=1092"},{"taxonomy":"product_cat","embeddable":true,"href":"https:\/\/tmssl.com\/en\/wp-json\/wp\/v2\/product_cat?post=1092"},{"taxonomy":"product_tag","embeddable":true,"href":"https:\/\/tmssl.com\/en\/wp-json\/wp\/v2\/product_tag?post=1092"}],"curies":[{"name":"wp","href":"https:\/\/api.w.org\/{rel}","templated":true}]}}