{"id":11728,"date":"2025-04-16T15:33:58","date_gmt":"2025-04-16T13:33:58","guid":{"rendered":"https:\/\/tmssl.com\/?post_type=product&#038;p=11728"},"modified":"2025-10-28T10:52:57","modified_gmt":"2025-10-28T09:52:57","slug":"liquido-limpieza-tintas-ecosol-y-uv-500-ml-roland","status":"publish","type":"product","link":"https:\/\/tmssl.com\/en\/product\/liquido-limpieza-tintas-ecosol-y-uv-500-ml-roland\/","title":{"rendered":"L\u00edquido limpieza tintas EcoSol y UV 500 ml Roland"},"content":{"rendered":"","protected":false},"excerpt":{"rendered":"<p class=\"product_title h1\" style=\"text-align: center;\"><img decoding=\"async\" class=\"alignnone size-medium wp-image-11719\" src=\"https:\/\/tmssl.com\/wp-content\/uploads\/2024\/10\/Roland_Digital_Group_logo.svg_-300x45.png\" alt=\"\" width=\"300\" height=\"45\" srcset=\"https:\/\/i0.wp.com\/tmssl.com\/wp-content\/uploads\/2024\/10\/Roland_Digital_Group_logo.svg_.webp?resize=300%2C45&amp;ssl=1 300w, https:\/\/i0.wp.com\/tmssl.com\/wp-content\/uploads\/2024\/10\/Roland_Digital_Group_logo.svg_.webp?resize=1024%2C155&amp;ssl=1 1024w, https:\/\/i0.wp.com\/tmssl.com\/wp-content\/uploads\/2024\/10\/Roland_Digital_Group_logo.svg_.webp?resize=768%2C116&amp;ssl=1 768w, https:\/\/i0.wp.com\/tmssl.com\/wp-content\/uploads\/2024\/10\/Roland_Digital_Group_logo.svg_.webp?resize=1536%2C233&amp;ssl=1 1536w, https:\/\/i0.wp.com\/tmssl.com\/wp-content\/uploads\/2024\/10\/Roland_Digital_Group_logo.svg_.webp?resize=2048%2C310&amp;ssl=1 2048w, https:\/\/i0.wp.com\/tmssl.com\/wp-content\/uploads\/2024\/10\/Roland_Digital_Group_logo.svg_.webp?resize=18%2C3&amp;ssl=1 18w, https:\/\/i0.wp.com\/tmssl.com\/wp-content\/uploads\/2024\/10\/Roland_Digital_Group_logo.svg_.webp?resize=600%2C91&amp;ssl=1 600w, https:\/\/i0.wp.com\/tmssl.com\/wp-content\/uploads\/2024\/10\/Roland_Digital_Group_logo.svg_.webp?w=1920&amp;ssl=1 1920w, https:\/\/i0.wp.com\/tmssl.com\/wp-content\/uploads\/2024\/10\/Roland_Digital_Group_logo.svg_.webp?w=1600&amp;ssl=1 1600w\" sizes=\"(max-width: 300px) 100vw, 300px\" \/><\/p>\n<p class=\"product_title h1\" style=\"text-align: center;\">L\u00edquido limpieza tintas EcoSol y UV 500 ml Roland<\/p>","protected":false},"featured_media":11729,"comment_status":"open","ping_status":"closed","template":"","meta":{"_crdt_document":"","jetpack_publicize_message":"","jetpack_publicize_feature_enabled":true,"jetpack_social_post_already_shared":true,"jetpack_social_options":{"image_generator_settings":{"template":"highway","default_image_id":0,"font":"","enabled":false},"version":2},"_wpas_customize_per_network":false},"product_brand":[123367,123351],"product_cat":[122642,123384,122608,122609],"product_tag":[123371,123370,122808,121867],"class_list":{"0":"post-11728","1":"product","2":"type-product","3":"status-publish","4":"has-post-thumbnail","6":"product_brand-roland","7":"product_brand-tms","8":"product_cat-herramientas","9":"product_cat-limpieza","10":"product_cat-plotter-de-impresion-y-corte","11":"product_cat-tintas-ecosolventes","12":"product_tag-cleaning-ecosolvente","13":"product_tag-cleaning-roland","14":"product_tag-plotter-de-impresion","15":"product_tag-vinilo-siser","17":"first","18":"instock","19":"taxable","20":"shipping-taxable","21":"purchasable","22":"product-type-simple"},"yoast_head":"<!-- This site is optimized with the Yoast SEO plugin v27.6 - https:\/\/yoast.com\/product\/yoast-seo-wordpress\/ -->\n<title>L\u00edquido limpieza tintas EcoSol y UV 500 ml Roland - TMS SL<\/title>\n<meta name=\"robots\" content=\"index, follow, max-snippet:-1, max-image-preview:large, max-video-preview:-1\" \/>\n<link rel=\"canonical\" href=\"https:\/\/tmssl.com\/en\/product\/liquido-limpieza-tintas-ecosol-y-uv-500-ml-roland\/\" \/>\n<meta property=\"og:locale\" content=\"en_GB\" \/>\n<meta property=\"og:type\" content=\"article\" \/>\n<meta property=\"og:title\" content=\"L\u00edquido limpieza tintas EcoSol y UV 500 ml Roland - TMS SL\" \/>\n<meta property=\"og:description\" content=\"L\u00edquido limpieza tintas EcoSol y UV 500 ml Roland\" \/>\n<meta property=\"og:url\" content=\"https:\/\/tmssl.com\/en\/product\/liquido-limpieza-tintas-ecosol-y-uv-500-ml-roland\/\" \/>\n<meta property=\"og:site_name\" content=\"TMS SL\" \/>\n<meta property=\"article:modified_time\" content=\"2025-10-28T09:52:57+00:00\" \/>\n<meta property=\"og:image\" content=\"https:\/\/tmssl.com\/wp-content\/uploads\/2025\/04\/CLEANING500.jpg\" \/>\n\t<meta property=\"og:image:width\" content=\"1620\" \/>\n\t<meta property=\"og:image:height\" content=\"2025\" \/>\n\t<meta property=\"og:image:type\" content=\"image\/jpeg\" \/>\n<meta name=\"twitter:card\" content=\"summary_large_image\" \/>\n<meta name=\"twitter:label1\" content=\"Estimated reading time\" \/>\n\t<meta name=\"twitter:data1\" content=\"1 minute\" \/>\n<script type=\"application\/ld+json\" class=\"yoast-schema-graph\">{\"@context\":\"https:\\\/\\\/schema.org\",\"@graph\":[{\"@type\":\"WebPage\",\"@id\":\"https:\\\/\\\/tmssl.com\\\/producto\\\/liquido-limpieza-tintas-ecosol-y-uv-500-ml-roland\\\/\",\"url\":\"https:\\\/\\\/tmssl.com\\\/producto\\\/liquido-limpieza-tintas-ecosol-y-uv-500-ml-roland\\\/\",\"name\":\"L\u00edquido limpieza tintas EcoSol y UV 500 ml Roland - TMS SL\",\"isPartOf\":{\"@id\":\"https:\\\/\\\/tmssl.com\\\/en\\\/#website\"},\"primaryImageOfPage\":{\"@id\":\"https:\\\/\\\/tmssl.com\\\/producto\\\/liquido-limpieza-tintas-ecosol-y-uv-500-ml-roland\\\/#primaryimage\"},\"image\":{\"@id\":\"https:\\\/\\\/tmssl.com\\\/producto\\\/liquido-limpieza-tintas-ecosol-y-uv-500-ml-roland\\\/#primaryimage\"},\"thumbnailUrl\":\"https:\\\/\\\/i0.wp.com\\\/tmssl.com\\\/wp-content\\\/uploads\\\/2025\\\/04\\\/CLEANING500.webp?fit=1536%2C1920&ssl=1\",\"datePublished\":\"2025-04-16T13:33:58+00:00\",\"dateModified\":\"2025-10-28T09:52:57+00:00\",\"breadcrumb\":{\"@id\":\"https:\\\/\\\/tmssl.com\\\/producto\\\/liquido-limpieza-tintas-ecosol-y-uv-500-ml-roland\\\/#breadcrumb\"},\"inLanguage\":\"en-GB\",\"potentialAction\":[{\"@type\":\"ReadAction\",\"target\":[\"https:\\\/\\\/tmssl.com\\\/producto\\\/liquido-limpieza-tintas-ecosol-y-uv-500-ml-roland\\\/\"]}]},{\"@type\":\"ImageObject\",\"inLanguage\":\"en-GB\",\"@id\":\"https:\\\/\\\/tmssl.com\\\/producto\\\/liquido-limpieza-tintas-ecosol-y-uv-500-ml-roland\\\/#primaryimage\",\"url\":\"https:\\\/\\\/i0.wp.com\\\/tmssl.com\\\/wp-content\\\/uploads\\\/2025\\\/04\\\/CLEANING500.webp?fit=1536%2C1920&ssl=1\",\"contentUrl\":\"https:\\\/\\\/i0.wp.com\\\/tmssl.com\\\/wp-content\\\/uploads\\\/2025\\\/04\\\/CLEANING500.webp?fit=1536%2C1920&ssl=1\",\"width\":1536,\"height\":1920},{\"@type\":\"BreadcrumbList\",\"@id\":\"https:\\\/\\\/tmssl.com\\\/producto\\\/liquido-limpieza-tintas-ecosol-y-uv-500-ml-roland\\\/#breadcrumb\",\"itemListElement\":[{\"@type\":\"ListItem\",\"position\":1,\"name\":\"Portada\",\"item\":\"https:\\\/\\\/tmssl.com\\\/\"},{\"@type\":\"ListItem\",\"position\":2,\"name\":\"Shop\",\"item\":\"https:\\\/\\\/tmssl.com\\\/shop\\\/\"},{\"@type\":\"ListItem\",\"position\":3,\"name\":\"L\u00edquido limpieza tintas EcoSol y UV 500 ml Roland\"}]},{\"@type\":\"WebSite\",\"@id\":\"https:\\\/\\\/tmssl.com\\\/en\\\/#website\",\"url\":\"https:\\\/\\\/tmssl.com\\\/en\\\/\",\"name\":\"www.tmssl.com\",\"description\":\"Venta de vinilo textil, y consumibles para la personalizacion.\",\"publisher\":{\"@id\":\"https:\\\/\\\/tmssl.com\\\/en\\\/#organization\"},\"potentialAction\":[{\"@type\":\"SearchAction\",\"target\":{\"@type\":\"EntryPoint\",\"urlTemplate\":\"https:\\\/\\\/tmssl.com\\\/en\\\/?s={search_term_string}\"},\"query-input\":{\"@type\":\"PropertyValueSpecification\",\"valueRequired\":true,\"valueName\":\"search_term_string\"}}],\"inLanguage\":\"en-GB\"},{\"@type\":\"Organization\",\"@id\":\"https:\\\/\\\/tmssl.com\\\/en\\\/#organization\",\"name\":\"www.tmssl.com\",\"url\":\"https:\\\/\\\/tmssl.com\\\/en\\\/\",\"logo\":{\"@type\":\"ImageObject\",\"inLanguage\":\"en-GB\",\"@id\":\"https:\\\/\\\/tmssl.com\\\/en\\\/#\\\/schema\\\/logo\\\/image\\\/\",\"url\":\"https:\\\/\\\/tmssl.com\\\/wp-content\\\/uploads\\\/2023\\\/07\\\/LOGO-TMS-ALTA-01.jpg\",\"contentUrl\":\"https:\\\/\\\/tmssl.com\\\/wp-content\\\/uploads\\\/2023\\\/07\\\/LOGO-TMS-ALTA-01.jpg\",\"width\":598,\"height\":597,\"caption\":\"www.tmssl.com\"},\"image\":{\"@id\":\"https:\\\/\\\/tmssl.com\\\/en\\\/#\\\/schema\\\/logo\\\/image\\\/\"},\"sameAs\":[\"https:\\\/\\\/www.instagram.com\\\/vinilotextil.tmssl\\\/\"]}]}<\/script>\n<!-- \/ Yoast SEO plugin. -->","yoast_head_json":{"title":"L\u00edquido limpieza tintas EcoSol y UV 500 ml Roland - TMS SL","robots":{"index":"index","follow":"follow","max-snippet":"max-snippet:-1","max-image-preview":"max-image-preview:large","max-video-preview":"max-video-preview:-1"},"canonical":"https:\/\/tmssl.com\/en\/product\/liquido-limpieza-tintas-ecosol-y-uv-500-ml-roland\/","og_locale":"en_GB","og_type":"article","og_title":"L\u00edquido limpieza tintas EcoSol y UV 500 ml Roland - TMS SL","og_description":"L\u00edquido limpieza tintas EcoSol y UV 500 ml Roland","og_url":"https:\/\/tmssl.com\/en\/product\/liquido-limpieza-tintas-ecosol-y-uv-500-ml-roland\/","og_site_name":"TMS SL","article_modified_time":"2025-10-28T09:52:57+00:00","og_image":[{"width":1620,"height":2025,"url":"https:\/\/tmssl.com\/wp-content\/uploads\/2025\/04\/CLEANING500.jpg","type":"image\/jpeg"}],"twitter_card":"summary_large_image","twitter_misc":{"Estimated reading time":"1 minute"},"schema":{"@context":"https:\/\/schema.org","@graph":[{"@type":"WebPage","@id":"https:\/\/tmssl.com\/producto\/liquido-limpieza-tintas-ecosol-y-uv-500-ml-roland\/","url":"https:\/\/tmssl.com\/producto\/liquido-limpieza-tintas-ecosol-y-uv-500-ml-roland\/","name":"L\u00edquido limpieza tintas EcoSol y UV 500 ml Roland - TMS SL","isPartOf":{"@id":"https:\/\/tmssl.com\/en\/#website"},"primaryImageOfPage":{"@id":"https:\/\/tmssl.com\/producto\/liquido-limpieza-tintas-ecosol-y-uv-500-ml-roland\/#primaryimage"},"image":{"@id":"https:\/\/tmssl.com\/producto\/liquido-limpieza-tintas-ecosol-y-uv-500-ml-roland\/#primaryimage"},"thumbnailUrl":"https:\/\/i0.wp.com\/tmssl.com\/wp-content\/uploads\/2025\/04\/CLEANING500.webp?fit=1536%2C1920&ssl=1","datePublished":"2025-04-16T13:33:58+00:00","dateModified":"2025-10-28T09:52:57+00:00","breadcrumb":{"@id":"https:\/\/tmssl.com\/producto\/liquido-limpieza-tintas-ecosol-y-uv-500-ml-roland\/#breadcrumb"},"inLanguage":"en-GB","potentialAction":[{"@type":"ReadAction","target":["https:\/\/tmssl.com\/producto\/liquido-limpieza-tintas-ecosol-y-uv-500-ml-roland\/"]}]},{"@type":"ImageObject","inLanguage":"en-GB","@id":"https:\/\/tmssl.com\/producto\/liquido-limpieza-tintas-ecosol-y-uv-500-ml-roland\/#primaryimage","url":"https:\/\/i0.wp.com\/tmssl.com\/wp-content\/uploads\/2025\/04\/CLEANING500.webp?fit=1536%2C1920&ssl=1","contentUrl":"https:\/\/i0.wp.com\/tmssl.com\/wp-content\/uploads\/2025\/04\/CLEANING500.webp?fit=1536%2C1920&ssl=1","width":1536,"height":1920},{"@type":"BreadcrumbList","@id":"https:\/\/tmssl.com\/producto\/liquido-limpieza-tintas-ecosol-y-uv-500-ml-roland\/#breadcrumb","itemListElement":[{"@type":"ListItem","position":1,"name":"Portada","item":"https:\/\/tmssl.com\/"},{"@type":"ListItem","position":2,"name":"Shop","item":"https:\/\/tmssl.com\/shop\/"},{"@type":"ListItem","position":3,"name":"L\u00edquido limpieza tintas EcoSol y UV 500 ml Roland"}]},{"@type":"WebSite","@id":"https:\/\/tmssl.com\/en\/#website","url":"https:\/\/tmssl.com\/en\/","name":"www.tmssl.com","description":"Venta de vinilo textil, y consumibles para la personalizacion.","publisher":{"@id":"https:\/\/tmssl.com\/en\/#organization"},"potentialAction":[{"@type":"SearchAction","target":{"@type":"EntryPoint","urlTemplate":"https:\/\/tmssl.com\/en\/?s={search_term_string}"},"query-input":{"@type":"PropertyValueSpecification","valueRequired":true,"valueName":"search_term_string"}}],"inLanguage":"en-GB"},{"@type":"Organization","@id":"https:\/\/tmssl.com\/en\/#organization","name":"www.tmssl.com","url":"https:\/\/tmssl.com\/en\/","logo":{"@type":"ImageObject","inLanguage":"en-GB","@id":"https:\/\/tmssl.com\/en\/#\/schema\/logo\/image\/","url":"https:\/\/tmssl.com\/wp-content\/uploads\/2023\/07\/LOGO-TMS-ALTA-01.jpg","contentUrl":"https:\/\/tmssl.com\/wp-content\/uploads\/2023\/07\/LOGO-TMS-ALTA-01.jpg","width":598,"height":597,"caption":"www.tmssl.com"},"image":{"@id":"https:\/\/tmssl.com\/en\/#\/schema\/logo\/image\/"},"sameAs":["https:\/\/www.instagram.com\/vinilotextil.tmssl\/"]}]}},"jetpack_publicize_connections":[],"jetpack_likes_enabled":true,"jetpack-related-posts":[{"id":4651,"url":"https:\/\/tmssl.com\/en\/product\/kit-de-limpieza-roland\/","url_meta":{"origin":11728,"position":0},"title":"KIT DE LIMPIEZA ROLAND","author":"Info","date":"16 de February de 2023","format":false,"excerpt":"Este kit l\u00edquido de limpieza ESL5 es adecuado para impresoras Roland que utilizan tintas Eco-Sol Max, Eco-Sol Max 2 y Eco-Sol Max 3. Incluye: botella de 100 ml de liquido limpiador especial para las tintas Eco Solventes 10 bastoncillos de limpieza.","rel":"","context":"Similar post","block_context":{"text":"Similar post","link":""},"img":{"alt_text":"","src":"https:\/\/i0.wp.com\/tmssl.com\/wp-content\/uploads\/2023\/02\/cleaning.webp?fit=960%2C1200&ssl=1&resize=350%2C200","width":350,"height":200,"srcset":"https:\/\/i0.wp.com\/tmssl.com\/wp-content\/uploads\/2023\/02\/cleaning.webp?fit=960%2C1200&ssl=1&resize=350%2C200 1x, https:\/\/i0.wp.com\/tmssl.com\/wp-content\/uploads\/2023\/02\/cleaning.webp?fit=960%2C1200&ssl=1&resize=525%2C300 1.5x, https:\/\/i0.wp.com\/tmssl.com\/wp-content\/uploads\/2023\/02\/cleaning.webp?fit=960%2C1200&ssl=1&resize=700%2C400 2x"},"classes":[]},{"id":4173,"url":"https:\/\/tmssl.com\/en\/product\/xpertjet-461uf-uv-led\/","url_meta":{"origin":11728,"position":1},"title":"XpertJet 461UF-UV LED","author":"Info","date":"13 de February de 2023","format":false,"excerpt":"La\u00a0XpertJet 461UF UV LED\u00a0es una impresora de sobremesa, compacta A3 + (Superficie m\u00e1x. de impresi\u00f3n: 483 x 329 mm) UV LED de mesa plana. Tipo de tinta dual: tintas r\u00edgidas o flexibles 6 canales: CMYK + Blanco + Barniz.","rel":"","context":"Similar post","block_context":{"text":"Similar post","link":""},"img":{"alt_text":"","src":"","width":0,"height":0},"classes":[]},{"id":4648,"url":"https:\/\/tmssl.com\/en\/product\/bastoncillos-de-limpieza\/","url_meta":{"origin":11728,"position":2},"title":"BASTONCILLOS DE LIMPIEZA","author":"Info","date":"16 de February de 2023","format":false,"excerpt":"Estos bastoncillos de limpieza se utilizan para la limpieza de piezas relacionadas con la tinta, como limpiadores, tapas y cabezales de impresi\u00f3n.","rel":"","context":"Similar post","block_context":{"text":"Similar post","link":""},"img":{"alt_text":"","src":"","width":0,"height":0},"classes":[]},{"id":11763,"url":"https:\/\/tmssl.com\/en\/product\/bastoncillo-de-limpieza-para-la-impresora\/","url_meta":{"origin":11728,"position":3},"title":"Bastoncillo de limpieza para la impresora.","author":"Info","date":"16 de April de 2025","format":false,"excerpt":"Bastoncillo reutilizable para el mantenimiento o limpieza de los cabezales de la impresora. Paquete de 10 bastoncillos.","rel":"","context":"Similar post","block_context":{"text":"Similar post","link":""},"img":{"alt_text":"","src":"https:\/\/i0.wp.com\/tmssl.com\/wp-content\/uploads\/2025\/04\/bastoncillo-de-limpieza-para-la-impresora.webp?fit=458%2C458&ssl=1&resize=350%2C200","width":350,"height":200},"classes":[]},{"id":8690,"url":"https:\/\/tmssl.com\/en\/product\/cleanning-innuro-oric\/","url_meta":{"origin":11728,"position":4},"title":"CLEANNING INNURO\/ORIC","author":"Info","date":"14 de October de 2024","format":false,"excerpt":"Liquido limpiador de tinta DTF para cabezales, dampers, dep\u00f3sitos, circuitos y cartuchos de impresoras DTF\u00a0\u2013 botella 1000ml. Soluci\u00f3n de limpieza con base ligera para solucionar peque\u00f1os atascos de tintas DTF, mantenimiento o paradas prolongadas. Antes de utilizar el l\u00edquido de limpieza, revisa estos consejos b\u00e1sicos de mantenimiento: Tenga en cuenta\u2026","rel":"","context":"Similar post","block_context":{"text":"Similar post","link":""},"img":{"alt_text":"","src":"https:\/\/i0.wp.com\/tmssl.com\/wp-content\/uploads\/2024\/10\/liquido-limpiador-min-1792x2048-1.png?fit=1050%2C1200&ssl=1&resize=350%2C200","width":350,"height":200,"srcset":"https:\/\/i0.wp.com\/tmssl.com\/wp-content\/uploads\/2024\/10\/liquido-limpiador-min-1792x2048-1.png?fit=1050%2C1200&ssl=1&resize=350%2C200 1x, https:\/\/i0.wp.com\/tmssl.com\/wp-content\/uploads\/2024\/10\/liquido-limpiador-min-1792x2048-1.png?fit=1050%2C1200&ssl=1&resize=525%2C300 1.5x, https:\/\/i0.wp.com\/tmssl.com\/wp-content\/uploads\/2024\/10\/liquido-limpiador-min-1792x2048-1.png?fit=1050%2C1200&ssl=1&resize=700%2C400 2x, https:\/\/i0.wp.com\/tmssl.com\/wp-content\/uploads\/2024\/10\/liquido-limpiador-min-1792x2048-1.png?fit=1050%2C1200&ssl=1&resize=1050%2C600 3x"},"classes":[]},{"id":3053,"url":"https:\/\/tmssl.com\/en\/product\/tinta-ecosolvente-roland\/","url_meta":{"origin":11728,"position":5},"title":"TINTA ECOSOLVENTE ROLAND ECOSOLMAX ELS3","author":"Info","date":"24 de October de 2022","format":false,"excerpt":"La tinta ECO-SOL MAX de Roland ha recibido varios premios otorgados tanto por organizaciones profesionales de reconocido prestigio como por especialistas del sector. Esta tinta con disolventes suaves seca r\u00e1pidamente, tiene una alta densidad, una amplia gama de color y una buena resistencia al rayado. La tinta tambi\u00e9n es compatible\u2026","rel":"","context":"Similar post","block_context":{"text":"Similar post","link":""},"img":{"alt_text":"","src":"https:\/\/i0.wp.com\/tmssl.com\/wp-content\/uploads\/2022\/10\/tinta-roland-eco-sol-max-220-ml-esl3.jpg?fit=458%2C458&ssl=1&resize=350%2C200","width":350,"height":200},"classes":[]}],"jetpack_sharing_enabled":true,"tiered_pricing_type":"fixed","tiered_pricing_fixed_rules":[],"tiered_pricing_product_settings":{"layout":"default","base_unit_name":{"singular":null,"plural":null},"default_variation":null},"tiered_pricing_minimum_quantity":null,"tiered_pricing_roles_data":[],"tiered_pricing_percentage_rules":[],"_links":{"self":[{"href":"https:\/\/tmssl.com\/en\/wp-json\/wp\/v2\/product\/11728","targetHints":{"allow":["GET"]}}],"collection":[{"href":"https:\/\/tmssl.com\/en\/wp-json\/wp\/v2\/product"}],"about":[{"href":"https:\/\/tmssl.com\/en\/wp-json\/wp\/v2\/types\/product"}],"replies":[{"embeddable":true,"href":"https:\/\/tmssl.com\/en\/wp-json\/wp\/v2\/comments?post=11728"}],"version-history":[{"count":1,"href":"https:\/\/tmssl.com\/en\/wp-json\/wp\/v2\/product\/11728\/revisions"}],"predecessor-version":[{"id":11730,"href":"https:\/\/tmssl.com\/en\/wp-json\/wp\/v2\/product\/11728\/revisions\/11730"}],"wp:featuredmedia":[{"embeddable":true,"href":"https:\/\/tmssl.com\/en\/wp-json\/wp\/v2\/media\/11729"}],"wp:attachment":[{"href":"https:\/\/tmssl.com\/en\/wp-json\/wp\/v2\/media?parent=11728"}],"wp:term":[{"taxonomy":"product_brand","embeddable":true,"href":"https:\/\/tmssl.com\/en\/wp-json\/wp\/v2\/product_brand?post=11728"},{"taxonomy":"product_cat","embeddable":true,"href":"https:\/\/tmssl.com\/en\/wp-json\/wp\/v2\/product_cat?post=11728"},{"taxonomy":"product_tag","embeddable":true,"href":"https:\/\/tmssl.com\/en\/wp-json\/wp\/v2\/product_tag?post=11728"}],"curies":[{"name":"wp","href":"https:\/\/api.w.org\/{rel}","templated":true}]}}