{"id":12634,"date":"2025-10-27T11:43:17","date_gmt":"2025-10-27T10:43:17","guid":{"rendered":"https:\/\/tmssl.com\/?post_type=product&#038;p=12634"},"modified":"2025-10-28T10:52:51","modified_gmt":"2025-10-28T09:52:51","slug":"envio-24-horas","status":"publish","type":"product","link":"https:\/\/tmssl.com\/en\/product\/envio-24-horas\/","title":{"rendered":"ENVIO EXPRESS 24 HORAS"},"content":{"rendered":"","protected":false},"excerpt":{"rendered":"","protected":false},"featured_media":12698,"comment_status":"open","ping_status":"closed","template":"","meta":{"_crdt_document":"","jetpack_publicize_message":"","jetpack_publicize_feature_enabled":true,"jetpack_social_post_already_shared":true,"jetpack_social_options":{"image_generator_settings":{"template":"highway","default_image_id":0,"font":"","enabled":false},"version":2},"_wpas_customize_per_network":false},"product_brand":[123351],"product_cat":[123455,123454,122812],"product_tag":[123457,123459,123456,123458],"class_list":{"0":"post-12634","1":"product","2":"type-product","3":"status-publish","4":"has-post-thumbnail","6":"product_brand-tms","7":"product_cat-envios-express","8":"product_cat-envios","9":"product_cat-impresiones-2","10":"product_tag-envio","11":"product_tag-envio-24-horas","12":"product_tag-envio-adicional","13":"product_tag-envio-oxperta","15":"first","16":"instock","17":"taxable","18":"shipping-taxable","19":"purchasable","20":"product-type-simple"},"yoast_head":"<!-- This site is optimized with the Yoast SEO plugin v27.5 - https:\/\/yoast.com\/product\/yoast-seo-wordpress\/ -->\n<title>ENVIO EXPRESS 24 HORAS - TMS SL<\/title>\n<meta name=\"robots\" content=\"index, follow, max-snippet:-1, max-image-preview:large, max-video-preview:-1\" \/>\n<link rel=\"canonical\" href=\"https:\/\/tmssl.com\/en\/product\/envio-24-horas\/\" \/>\n<meta property=\"og:locale\" content=\"en_GB\" \/>\n<meta property=\"og:type\" content=\"article\" \/>\n<meta property=\"og:title\" content=\"ENVIO EXPRESS 24 HORAS - TMS SL\" \/>\n<meta property=\"og:url\" content=\"https:\/\/tmssl.com\/en\/product\/envio-24-horas\/\" \/>\n<meta property=\"og:site_name\" content=\"TMS SL\" \/>\n<meta property=\"article:modified_time\" content=\"2025-10-28T09:52:51+00:00\" \/>\n<meta property=\"og:image\" content=\"https:\/\/tmssl.com\/wp-content\/uploads\/2024\/01\/ENVIOS-1024x1024.png\" \/>\n\t<meta property=\"og:image:width\" content=\"1024\" \/>\n\t<meta property=\"og:image:height\" content=\"1024\" \/>\n\t<meta property=\"og:image:type\" content=\"image\/png\" \/>\n<meta name=\"twitter:card\" content=\"summary_large_image\" \/>\n<meta name=\"twitter:label1\" content=\"Estimated reading time\" \/>\n\t<meta name=\"twitter:data1\" content=\"1 minute\" \/>\n<script type=\"application\/ld+json\" class=\"yoast-schema-graph\">{\"@context\":\"https:\\\/\\\/schema.org\",\"@graph\":[{\"@type\":\"WebPage\",\"@id\":\"https:\\\/\\\/tmssl.com\\\/producto\\\/envio-24-horas\\\/\",\"url\":\"https:\\\/\\\/tmssl.com\\\/producto\\\/envio-24-horas\\\/\",\"name\":\"ENVIO EXPRESS 24 HORAS - TMS SL\",\"isPartOf\":{\"@id\":\"https:\\\/\\\/tmssl.com\\\/en\\\/#website\"},\"primaryImageOfPage\":{\"@id\":\"https:\\\/\\\/tmssl.com\\\/producto\\\/envio-24-horas\\\/#primaryimage\"},\"image\":{\"@id\":\"https:\\\/\\\/tmssl.com\\\/producto\\\/envio-24-horas\\\/#primaryimage\"},\"thumbnailUrl\":\"https:\\\/\\\/i0.wp.com\\\/tmssl.com\\\/wp-content\\\/uploads\\\/2024\\\/01\\\/ENVIOS.webp?fit=1772%2C1772&ssl=1\",\"datePublished\":\"2025-10-27T10:43:17+00:00\",\"dateModified\":\"2025-10-28T09:52:51+00:00\",\"breadcrumb\":{\"@id\":\"https:\\\/\\\/tmssl.com\\\/producto\\\/envio-24-horas\\\/#breadcrumb\"},\"inLanguage\":\"en-GB\",\"potentialAction\":[{\"@type\":\"ReadAction\",\"target\":[\"https:\\\/\\\/tmssl.com\\\/producto\\\/envio-24-horas\\\/\"]}]},{\"@type\":\"ImageObject\",\"inLanguage\":\"en-GB\",\"@id\":\"https:\\\/\\\/tmssl.com\\\/producto\\\/envio-24-horas\\\/#primaryimage\",\"url\":\"https:\\\/\\\/i0.wp.com\\\/tmssl.com\\\/wp-content\\\/uploads\\\/2024\\\/01\\\/ENVIOS.webp?fit=1772%2C1772&ssl=1\",\"contentUrl\":\"https:\\\/\\\/i0.wp.com\\\/tmssl.com\\\/wp-content\\\/uploads\\\/2024\\\/01\\\/ENVIOS.webp?fit=1772%2C1772&ssl=1\",\"width\":1772,\"height\":1772},{\"@type\":\"BreadcrumbList\",\"@id\":\"https:\\\/\\\/tmssl.com\\\/producto\\\/envio-24-horas\\\/#breadcrumb\",\"itemListElement\":[{\"@type\":\"ListItem\",\"position\":1,\"name\":\"Portada\",\"item\":\"https:\\\/\\\/tmssl.com\\\/\"},{\"@type\":\"ListItem\",\"position\":2,\"name\":\"Shop\",\"item\":\"https:\\\/\\\/tmssl.com\\\/shop\\\/\"},{\"@type\":\"ListItem\",\"position\":3,\"name\":\"ENVIO EXPRESS 24 HORAS\"}]},{\"@type\":\"WebSite\",\"@id\":\"https:\\\/\\\/tmssl.com\\\/en\\\/#website\",\"url\":\"https:\\\/\\\/tmssl.com\\\/en\\\/\",\"name\":\"www.tmssl.com\",\"description\":\"Venta de vinilo textil, y consumibles para la personalizacion.\",\"publisher\":{\"@id\":\"https:\\\/\\\/tmssl.com\\\/en\\\/#organization\"},\"potentialAction\":[{\"@type\":\"SearchAction\",\"target\":{\"@type\":\"EntryPoint\",\"urlTemplate\":\"https:\\\/\\\/tmssl.com\\\/en\\\/?s={search_term_string}\"},\"query-input\":{\"@type\":\"PropertyValueSpecification\",\"valueRequired\":true,\"valueName\":\"search_term_string\"}}],\"inLanguage\":\"en-GB\"},{\"@type\":\"Organization\",\"@id\":\"https:\\\/\\\/tmssl.com\\\/en\\\/#organization\",\"name\":\"www.tmssl.com\",\"url\":\"https:\\\/\\\/tmssl.com\\\/en\\\/\",\"logo\":{\"@type\":\"ImageObject\",\"inLanguage\":\"en-GB\",\"@id\":\"https:\\\/\\\/tmssl.com\\\/en\\\/#\\\/schema\\\/logo\\\/image\\\/\",\"url\":\"https:\\\/\\\/tmssl.com\\\/wp-content\\\/uploads\\\/2023\\\/07\\\/LOGO-TMS-ALTA-01.jpg\",\"contentUrl\":\"https:\\\/\\\/tmssl.com\\\/wp-content\\\/uploads\\\/2023\\\/07\\\/LOGO-TMS-ALTA-01.jpg\",\"width\":598,\"height\":597,\"caption\":\"www.tmssl.com\"},\"image\":{\"@id\":\"https:\\\/\\\/tmssl.com\\\/en\\\/#\\\/schema\\\/logo\\\/image\\\/\"},\"sameAs\":[\"https:\\\/\\\/www.instagram.com\\\/vinilotextil.tmssl\\\/\"]}]}<\/script>\n<!-- \/ Yoast SEO plugin. -->","yoast_head_json":{"title":"ENVIO EXPRESS 24 HORAS - TMS SL","robots":{"index":"index","follow":"follow","max-snippet":"max-snippet:-1","max-image-preview":"max-image-preview:large","max-video-preview":"max-video-preview:-1"},"canonical":"https:\/\/tmssl.com\/en\/product\/envio-24-horas\/","og_locale":"en_GB","og_type":"article","og_title":"ENVIO EXPRESS 24 HORAS - TMS SL","og_url":"https:\/\/tmssl.com\/en\/product\/envio-24-horas\/","og_site_name":"TMS SL","article_modified_time":"2025-10-28T09:52:51+00:00","og_image":[{"width":1024,"height":1024,"url":"https:\/\/tmssl.com\/wp-content\/uploads\/2024\/01\/ENVIOS-1024x1024.png","type":"image\/png"}],"twitter_card":"summary_large_image","twitter_misc":{"Estimated reading time":"1 minute"},"schema":{"@context":"https:\/\/schema.org","@graph":[{"@type":"WebPage","@id":"https:\/\/tmssl.com\/producto\/envio-24-horas\/","url":"https:\/\/tmssl.com\/producto\/envio-24-horas\/","name":"ENVIO EXPRESS 24 HORAS - TMS SL","isPartOf":{"@id":"https:\/\/tmssl.com\/en\/#website"},"primaryImageOfPage":{"@id":"https:\/\/tmssl.com\/producto\/envio-24-horas\/#primaryimage"},"image":{"@id":"https:\/\/tmssl.com\/producto\/envio-24-horas\/#primaryimage"},"thumbnailUrl":"https:\/\/i0.wp.com\/tmssl.com\/wp-content\/uploads\/2024\/01\/ENVIOS.webp?fit=1772%2C1772&ssl=1","datePublished":"2025-10-27T10:43:17+00:00","dateModified":"2025-10-28T09:52:51+00:00","breadcrumb":{"@id":"https:\/\/tmssl.com\/producto\/envio-24-horas\/#breadcrumb"},"inLanguage":"en-GB","potentialAction":[{"@type":"ReadAction","target":["https:\/\/tmssl.com\/producto\/envio-24-horas\/"]}]},{"@type":"ImageObject","inLanguage":"en-GB","@id":"https:\/\/tmssl.com\/producto\/envio-24-horas\/#primaryimage","url":"https:\/\/i0.wp.com\/tmssl.com\/wp-content\/uploads\/2024\/01\/ENVIOS.webp?fit=1772%2C1772&ssl=1","contentUrl":"https:\/\/i0.wp.com\/tmssl.com\/wp-content\/uploads\/2024\/01\/ENVIOS.webp?fit=1772%2C1772&ssl=1","width":1772,"height":1772},{"@type":"BreadcrumbList","@id":"https:\/\/tmssl.com\/producto\/envio-24-horas\/#breadcrumb","itemListElement":[{"@type":"ListItem","position":1,"name":"Portada","item":"https:\/\/tmssl.com\/"},{"@type":"ListItem","position":2,"name":"Shop","item":"https:\/\/tmssl.com\/shop\/"},{"@type":"ListItem","position":3,"name":"ENVIO EXPRESS 24 HORAS"}]},{"@type":"WebSite","@id":"https:\/\/tmssl.com\/en\/#website","url":"https:\/\/tmssl.com\/en\/","name":"www.tmssl.com","description":"Venta de vinilo textil, y consumibles para la personalizacion.","publisher":{"@id":"https:\/\/tmssl.com\/en\/#organization"},"potentialAction":[{"@type":"SearchAction","target":{"@type":"EntryPoint","urlTemplate":"https:\/\/tmssl.com\/en\/?s={search_term_string}"},"query-input":{"@type":"PropertyValueSpecification","valueRequired":true,"valueName":"search_term_string"}}],"inLanguage":"en-GB"},{"@type":"Organization","@id":"https:\/\/tmssl.com\/en\/#organization","name":"www.tmssl.com","url":"https:\/\/tmssl.com\/en\/","logo":{"@type":"ImageObject","inLanguage":"en-GB","@id":"https:\/\/tmssl.com\/en\/#\/schema\/logo\/image\/","url":"https:\/\/tmssl.com\/wp-content\/uploads\/2023\/07\/LOGO-TMS-ALTA-01.jpg","contentUrl":"https:\/\/tmssl.com\/wp-content\/uploads\/2023\/07\/LOGO-TMS-ALTA-01.jpg","width":598,"height":597,"caption":"www.tmssl.com"},"image":{"@id":"https:\/\/tmssl.com\/en\/#\/schema\/logo\/image\/"},"sameAs":["https:\/\/www.instagram.com\/vinilotextil.tmssl\/"]}]}},"jetpack_publicize_connections":[],"jetpack_likes_enabled":true,"jetpack-related-posts":[{"id":8776,"url":"https:\/\/tmssl.com\/en\/product\/max-craft-express-25-x-30-cm\/","url_meta":{"origin":12634,"position":0},"title":"MAX CRAFT EXPRESS 25 x 30 cm","author":"Info","date":"21 de October de 2024","format":false,"excerpt":"Prensa t\u00e9rmica para sublimaci\u00f3n y transferencia t\u00e9rmica. Irreemplazable al realizar estampados en ropa, bolsos, baldosas cer\u00e1micas, granitos. etc Datos t\u00e9cnicos Tama\u00f1o de la placa calefactora:\u00a025 x 30 cm Rango de temperatura:\u00a00 - 200\u00b0C Rango de ajuste de tiempo:\u00a00 - 999 sec. Poder:\u00a01000 W Potencia:\u00a0220 V","rel":"","context":"Similar post","block_context":{"text":"Similar post","link":""},"img":{"alt_text":"","src":"https:\/\/i0.wp.com\/tmssl.com\/wp-content\/uploads\/2024\/10\/MAX-CRAFT-EXPRESS.jpg?fit=500%2C500&ssl=1&resize=350%2C200","width":350,"height":200},"classes":[]},{"id":901,"url":"https:\/\/tmssl.com\/en\/product\/metallic\/","url_meta":{"origin":12634,"position":1},"title":"VINILO TEXIL SISER METALLIC","author":"Info","date":"7 de September de 2022","format":false,"excerpt":"\u00a1 Un acabado met\u00e1lico, efecto espejo! Vinilo textil con soporte adhesivo, debido al acabo efecto espejo hace que este material sea un poco mas complejo a la hora de cortar los dise\u00f1os y logotipos. Debido a la naturaleza \u00fanica de su superficie met\u00e1lica, no se recomienda para detalles muy peque\u00f1os\u2026","rel":"","context":"Similar post","block_context":{"text":"Similar post","link":""},"img":{"alt_text":"","src":"https:\/\/i0.wp.com\/tmssl.com\/wp-content\/uploads\/2022\/09\/metallic.webp?fit=960%2C1200&ssl=1&resize=350%2C200","width":350,"height":200,"srcset":"https:\/\/i0.wp.com\/tmssl.com\/wp-content\/uploads\/2022\/09\/metallic.webp?fit=960%2C1200&ssl=1&resize=350%2C200 1x, https:\/\/i0.wp.com\/tmssl.com\/wp-content\/uploads\/2022\/09\/metallic.webp?fit=960%2C1200&ssl=1&resize=525%2C300 1.5x, https:\/\/i0.wp.com\/tmssl.com\/wp-content\/uploads\/2022\/09\/metallic.webp?fit=960%2C1200&ssl=1&resize=700%2C400 2x"},"classes":[]},{"id":8743,"url":"https:\/\/tmssl.com\/en\/product\/8743\/","url_meta":{"origin":12634,"position":2},"title":"CRAFT EXPRESS PRO EASY","author":"Info","date":"21 de October de 2024","format":false,"excerpt":"Prensa autom\u00e1tica de tazas Craft Express Pro Easy utilizada para imprimir en tazas est\u00e1ndar con capacidad de 330 ml y 450 ml. Operaci\u00f3n sencilla, cierre y apertura autom\u00e1ticos, ajuste autom\u00e1tico de presi\u00f3n para una impresi\u00f3n m\u00e1s r\u00e1pida y sin errores. Especificaciones t\u00e9cnicas C\u00f3digo de producto:\u00a0CE-AUMP15BL Color:\u00a0Azul Fuente de alimentaci\u00f3n:\u00a0220 V\u2026","rel":"","context":"Similar post","block_context":{"text":"Similar post","link":""},"img":{"alt_text":"","src":"https:\/\/i0.wp.com\/tmssl.com\/wp-content\/uploads\/2024\/10\/Craft-Express-Pro-Easy-Blue1.jpg?fit=500%2C500&ssl=1&resize=350%2C200","width":350,"height":200},"classes":[]},{"id":11451,"url":"https:\/\/tmssl.com\/en\/product\/printable-pu\/","url_meta":{"origin":12634,"position":3},"title":"VINILO TEXTIL DE IMPRESION Y CORTE SISER PRINTABLE PU","author":"Info","date":"15 de April de 2025","format":false,"excerpt":"Vinilo textil de impresi\u00f3n y corte, base poliuretano. Material de color blanco, acabado satinado. Proporcione gran variedad de posibilidades, facilitando hacer letras peque\u00f1as. A pesar de su bajo micraje, otorga una alta cobertura en tejidos oscuros.","rel":"","context":"Similar post","block_context":{"text":"Similar post","link":""},"img":{"alt_text":"","src":"https:\/\/i0.wp.com\/tmssl.com\/wp-content\/uploads\/2025\/04\/printable.webp?fit=960%2C1200&ssl=1&resize=350%2C200","width":350,"height":200,"srcset":"https:\/\/i0.wp.com\/tmssl.com\/wp-content\/uploads\/2025\/04\/printable.webp?fit=960%2C1200&ssl=1&resize=350%2C200 1x, https:\/\/i0.wp.com\/tmssl.com\/wp-content\/uploads\/2025\/04\/printable.webp?fit=960%2C1200&ssl=1&resize=525%2C300 1.5x, https:\/\/i0.wp.com\/tmssl.com\/wp-content\/uploads\/2025\/04\/printable.webp?fit=960%2C1200&ssl=1&resize=700%2C400 2x"},"classes":[]},{"id":1253,"url":"https:\/\/tmssl.com\/en\/product\/easyflex\/","url_meta":{"origin":12634,"position":4},"title":"EASYFLEX.- VINILO ECONOMICO","author":"Info","date":"13 de September de 2022","format":false,"excerpt":"Easyflex, es un vinilo textil de corte, acabado mate. Este material es una gama de productos pensada para un uso eventual. A pesar de su bajo coste, es un material libre en PVC. El soporte de polie\u0301ster contiene adhesivo, asi\u0301 facilita el corte y el despeliculado en disen\u0303os complejos. Especial\u2026","rel":"","context":"Similar post","block_context":{"text":"Similar post","link":""},"img":{"alt_text":"","src":"https:\/\/i0.wp.com\/tmssl.com\/wp-content\/uploads\/2022\/09\/EASYFLEX.webp?fit=960%2C1200&ssl=1&resize=350%2C200","width":350,"height":200,"srcset":"https:\/\/i0.wp.com\/tmssl.com\/wp-content\/uploads\/2022\/09\/EASYFLEX.webp?fit=960%2C1200&ssl=1&resize=350%2C200 1x, https:\/\/i0.wp.com\/tmssl.com\/wp-content\/uploads\/2022\/09\/EASYFLEX.webp?fit=960%2C1200&ssl=1&resize=525%2C300 1.5x, https:\/\/i0.wp.com\/tmssl.com\/wp-content\/uploads\/2022\/09\/EASYFLEX.webp?fit=960%2C1200&ssl=1&resize=700%2C400 2x"},"classes":[]},{"id":1261,"url":"https:\/\/tmssl.com\/en\/product\/ps-lumen\/","url_meta":{"origin":12634,"position":5},"title":"VINILO TEXTIL SISER PS LUMEN \/ EASYWEED GLOW IN THE DARK","author":"Info","date":"13 de September de 2022","format":false,"excerpt":"\u00a1Crea dise\u00f1os personalizados que brillan en la oscuridad! Ps lumen luce genial a la luz del d\u00eda y brilla en la oscuridad. Esta disponible en blanco y brilla en verde. Para obtener el efecto, el material tiene que cargar exponi\u00e9ndolo a la luz del sol. Cuanta mas luz le d\u00e9,\u2026","rel":"","context":"Similar post","block_context":{"text":"Similar post","link":""},"img":{"alt_text":"","src":"https:\/\/i0.wp.com\/tmssl.com\/wp-content\/uploads\/2022\/09\/lumen.webp?fit=960%2C1200&ssl=1&resize=350%2C200","width":350,"height":200,"srcset":"https:\/\/i0.wp.com\/tmssl.com\/wp-content\/uploads\/2022\/09\/lumen.webp?fit=960%2C1200&ssl=1&resize=350%2C200 1x, https:\/\/i0.wp.com\/tmssl.com\/wp-content\/uploads\/2022\/09\/lumen.webp?fit=960%2C1200&ssl=1&resize=525%2C300 1.5x, https:\/\/i0.wp.com\/tmssl.com\/wp-content\/uploads\/2022\/09\/lumen.webp?fit=960%2C1200&ssl=1&resize=700%2C400 2x"},"classes":[]}],"jetpack_sharing_enabled":true,"tiered_pricing_type":"fixed","tiered_pricing_fixed_rules":[],"tiered_pricing_product_settings":{"layout":"default","base_unit_name":{"singular":null,"plural":null},"default_variation":null},"tiered_pricing_minimum_quantity":null,"tiered_pricing_roles_data":[],"tiered_pricing_percentage_rules":[],"_links":{"self":[{"href":"https:\/\/tmssl.com\/en\/wp-json\/wp\/v2\/product\/12634","targetHints":{"allow":["GET"]}}],"collection":[{"href":"https:\/\/tmssl.com\/en\/wp-json\/wp\/v2\/product"}],"about":[{"href":"https:\/\/tmssl.com\/en\/wp-json\/wp\/v2\/types\/product"}],"replies":[{"embeddable":true,"href":"https:\/\/tmssl.com\/en\/wp-json\/wp\/v2\/comments?post=12634"}],"version-history":[{"count":2,"href":"https:\/\/tmssl.com\/en\/wp-json\/wp\/v2\/product\/12634\/revisions"}],"predecessor-version":[{"id":12711,"href":"https:\/\/tmssl.com\/en\/wp-json\/wp\/v2\/product\/12634\/revisions\/12711"}],"wp:featuredmedia":[{"embeddable":true,"href":"https:\/\/tmssl.com\/en\/wp-json\/wp\/v2\/media\/12698"}],"wp:attachment":[{"href":"https:\/\/tmssl.com\/en\/wp-json\/wp\/v2\/media?parent=12634"}],"wp:term":[{"taxonomy":"product_brand","embeddable":true,"href":"https:\/\/tmssl.com\/en\/wp-json\/wp\/v2\/product_brand?post=12634"},{"taxonomy":"product_cat","embeddable":true,"href":"https:\/\/tmssl.com\/en\/wp-json\/wp\/v2\/product_cat?post=12634"},{"taxonomy":"product_tag","embeddable":true,"href":"https:\/\/tmssl.com\/en\/wp-json\/wp\/v2\/product_tag?post=12634"}],"curies":[{"name":"wp","href":"https:\/\/api.w.org\/{rel}","templated":true}]}}