{"id":1641,"date":"2022-09-22T17:42:30","date_gmt":"2022-09-22T15:42:30","guid":{"rendered":"https:\/\/tmssl.com\/?post_type=product&#038;p=1641"},"modified":"2024-10-22T09:58:19","modified_gmt":"2024-10-22T07:58:19","slug":"tweezers","status":"publish","type":"product","link":"https:\/\/tmssl.com\/en\/product\/tweezers\/","title":{"rendered":"TWEEZERS"},"content":{"rendered":"<div class=\"page\" title=\"Page 28\">\n<div class=\"section\">\n<div class=\"layoutArea\">\n<div class=\"column\">\n<p style=\"text-align: center;\"><em>Herramienta tipo pinza, especial para poder ayudar al manipulado del vinilo.<\/em><br \/>\n<em>Tiene la punta fina, esto nos ayuda a poder manipular<\/em><br \/>\n<em>cosas muy pequen\u0303as.<\/em><\/p>\n<\/div>\n<\/div>\n<\/div>\n<\/div>","protected":false},"excerpt":{"rendered":"<p style=\"text-align: center;\"><em>Herramienta tipo pinza, especial para poder ayudar al manipulado del vinilo.<\/em><br \/>\n<em>Tiene la punta fina, esto nos ayuda a poder manipular<\/em><br \/>\n<em>cosas muy pequen\u0303as.<\/em><\/p>","protected":false},"featured_media":9127,"comment_status":"open","ping_status":"closed","template":"","meta":{"_crdt_document":"","jetpack_publicize_message":"","jetpack_publicize_feature_enabled":true,"jetpack_social_post_already_shared":true,"jetpack_social_options":{"image_generator_settings":{"template":"highway","default_image_id":0,"font":"","enabled":false},"version":2},"_wpas_customize_per_network":false},"product_brand":[],"product_cat":[122641,122642,122640],"product_tag":[],"class_list":{"0":"post-1641","1":"product","2":"type-product","3":"status-publish","4":"has-post-thumbnail","6":"product_cat-accesorios-marketing","7":"product_cat-herramientas","8":"product_cat-marketing","10":"first","11":"instock","12":"taxable","13":"shipping-taxable","14":"purchasable","15":"product-type-simple"},"yoast_head":"<!-- This site is optimized with the Yoast SEO plugin v27.6 - https:\/\/yoast.com\/product\/yoast-seo-wordpress\/ -->\n<title>TWEEZERS - TMS SL<\/title>\n<meta name=\"robots\" content=\"index, follow, max-snippet:-1, max-image-preview:large, max-video-preview:-1\" \/>\n<link rel=\"canonical\" href=\"https:\/\/tmssl.com\/en\/product\/tweezers\/\" \/>\n<meta property=\"og:locale\" content=\"en_GB\" \/>\n<meta property=\"og:type\" content=\"article\" \/>\n<meta property=\"og:title\" content=\"TWEEZERS - TMS SL\" \/>\n<meta property=\"og:description\" content=\"Herramienta tipo pinza, especial para poder ayudar al manipulado del vinilo. Tiene la punta fina, esto nos ayuda a poder manipular cosas muy pequen\u0303as.\" \/>\n<meta property=\"og:url\" content=\"https:\/\/tmssl.com\/en\/product\/tweezers\/\" \/>\n<meta property=\"og:site_name\" content=\"TMS SL\" \/>\n<meta property=\"article:modified_time\" content=\"2024-10-22T07:58:19+00:00\" \/>\n<meta property=\"og:image\" content=\"https:\/\/tmssl.com\/wp-content\/uploads\/2022\/09\/EasyTweezers-Pack-New.jpg\" \/>\n\t<meta property=\"og:image:width\" content=\"1030\" \/>\n\t<meta property=\"og:image:height\" content=\"689\" \/>\n\t<meta property=\"og:image:type\" content=\"image\/jpeg\" \/>\n<meta name=\"twitter:card\" content=\"summary_large_image\" \/>\n<meta name=\"twitter:label1\" content=\"Estimated reading time\" \/>\n\t<meta name=\"twitter:data1\" content=\"1 minute\" \/>\n<script type=\"application\/ld+json\" class=\"yoast-schema-graph\">{\"@context\":\"https:\\\/\\\/schema.org\",\"@graph\":[{\"@type\":\"WebPage\",\"@id\":\"https:\\\/\\\/tmssl.com\\\/producto\\\/tweezers\\\/\",\"url\":\"https:\\\/\\\/tmssl.com\\\/producto\\\/tweezers\\\/\",\"name\":\"TWEEZERS - TMS SL\",\"isPartOf\":{\"@id\":\"https:\\\/\\\/tmssl.com\\\/en\\\/#website\"},\"primaryImageOfPage\":{\"@id\":\"https:\\\/\\\/tmssl.com\\\/producto\\\/tweezers\\\/#primaryimage\"},\"image\":{\"@id\":\"https:\\\/\\\/tmssl.com\\\/producto\\\/tweezers\\\/#primaryimage\"},\"thumbnailUrl\":\"https:\\\/\\\/i0.wp.com\\\/tmssl.com\\\/wp-content\\\/uploads\\\/2022\\\/09\\\/EasyTweezers-Pack-New.jpg?fit=1030%2C689&ssl=1\",\"datePublished\":\"2022-09-22T15:42:30+00:00\",\"dateModified\":\"2024-10-22T07:58:19+00:00\",\"breadcrumb\":{\"@id\":\"https:\\\/\\\/tmssl.com\\\/producto\\\/tweezers\\\/#breadcrumb\"},\"inLanguage\":\"en-GB\",\"potentialAction\":[{\"@type\":\"ReadAction\",\"target\":[\"https:\\\/\\\/tmssl.com\\\/producto\\\/tweezers\\\/\"]}]},{\"@type\":\"ImageObject\",\"inLanguage\":\"en-GB\",\"@id\":\"https:\\\/\\\/tmssl.com\\\/producto\\\/tweezers\\\/#primaryimage\",\"url\":\"https:\\\/\\\/i0.wp.com\\\/tmssl.com\\\/wp-content\\\/uploads\\\/2022\\\/09\\\/EasyTweezers-Pack-New.jpg?fit=1030%2C689&ssl=1\",\"contentUrl\":\"https:\\\/\\\/i0.wp.com\\\/tmssl.com\\\/wp-content\\\/uploads\\\/2022\\\/09\\\/EasyTweezers-Pack-New.jpg?fit=1030%2C689&ssl=1\",\"width\":1030,\"height\":689},{\"@type\":\"BreadcrumbList\",\"@id\":\"https:\\\/\\\/tmssl.com\\\/producto\\\/tweezers\\\/#breadcrumb\",\"itemListElement\":[{\"@type\":\"ListItem\",\"position\":1,\"name\":\"Portada\",\"item\":\"https:\\\/\\\/tmssl.com\\\/\"},{\"@type\":\"ListItem\",\"position\":2,\"name\":\"Shop\",\"item\":\"https:\\\/\\\/tmssl.com\\\/shop\\\/\"},{\"@type\":\"ListItem\",\"position\":3,\"name\":\"TWEEZERS\"}]},{\"@type\":\"WebSite\",\"@id\":\"https:\\\/\\\/tmssl.com\\\/en\\\/#website\",\"url\":\"https:\\\/\\\/tmssl.com\\\/en\\\/\",\"name\":\"www.tmssl.com\",\"description\":\"Venta de vinilo textil, y consumibles para la personalizacion.\",\"publisher\":{\"@id\":\"https:\\\/\\\/tmssl.com\\\/en\\\/#organization\"},\"potentialAction\":[{\"@type\":\"SearchAction\",\"target\":{\"@type\":\"EntryPoint\",\"urlTemplate\":\"https:\\\/\\\/tmssl.com\\\/en\\\/?s={search_term_string}\"},\"query-input\":{\"@type\":\"PropertyValueSpecification\",\"valueRequired\":true,\"valueName\":\"search_term_string\"}}],\"inLanguage\":\"en-GB\"},{\"@type\":\"Organization\",\"@id\":\"https:\\\/\\\/tmssl.com\\\/en\\\/#organization\",\"name\":\"www.tmssl.com\",\"url\":\"https:\\\/\\\/tmssl.com\\\/en\\\/\",\"logo\":{\"@type\":\"ImageObject\",\"inLanguage\":\"en-GB\",\"@id\":\"https:\\\/\\\/tmssl.com\\\/en\\\/#\\\/schema\\\/logo\\\/image\\\/\",\"url\":\"https:\\\/\\\/tmssl.com\\\/wp-content\\\/uploads\\\/2023\\\/07\\\/LOGO-TMS-ALTA-01.jpg\",\"contentUrl\":\"https:\\\/\\\/tmssl.com\\\/wp-content\\\/uploads\\\/2023\\\/07\\\/LOGO-TMS-ALTA-01.jpg\",\"width\":598,\"height\":597,\"caption\":\"www.tmssl.com\"},\"image\":{\"@id\":\"https:\\\/\\\/tmssl.com\\\/en\\\/#\\\/schema\\\/logo\\\/image\\\/\"},\"sameAs\":[\"https:\\\/\\\/www.instagram.com\\\/vinilotextil.tmssl\\\/\"]}]}<\/script>\n<!-- \/ Yoast SEO plugin. -->","yoast_head_json":{"title":"TWEEZERS - TMS SL","robots":{"index":"index","follow":"follow","max-snippet":"max-snippet:-1","max-image-preview":"max-image-preview:large","max-video-preview":"max-video-preview:-1"},"canonical":"https:\/\/tmssl.com\/en\/product\/tweezers\/","og_locale":"en_GB","og_type":"article","og_title":"TWEEZERS - TMS SL","og_description":"Herramienta tipo pinza, especial para poder ayudar al manipulado del vinilo. Tiene la punta fina, esto nos ayuda a poder manipular cosas muy pequen\u0303as.","og_url":"https:\/\/tmssl.com\/en\/product\/tweezers\/","og_site_name":"TMS SL","article_modified_time":"2024-10-22T07:58:19+00:00","og_image":[{"width":1030,"height":689,"url":"https:\/\/tmssl.com\/wp-content\/uploads\/2022\/09\/EasyTweezers-Pack-New.jpg","type":"image\/jpeg"}],"twitter_card":"summary_large_image","twitter_misc":{"Estimated reading time":"1 minute"},"schema":{"@context":"https:\/\/schema.org","@graph":[{"@type":"WebPage","@id":"https:\/\/tmssl.com\/producto\/tweezers\/","url":"https:\/\/tmssl.com\/producto\/tweezers\/","name":"TWEEZERS - TMS SL","isPartOf":{"@id":"https:\/\/tmssl.com\/en\/#website"},"primaryImageOfPage":{"@id":"https:\/\/tmssl.com\/producto\/tweezers\/#primaryimage"},"image":{"@id":"https:\/\/tmssl.com\/producto\/tweezers\/#primaryimage"},"thumbnailUrl":"https:\/\/i0.wp.com\/tmssl.com\/wp-content\/uploads\/2022\/09\/EasyTweezers-Pack-New.jpg?fit=1030%2C689&ssl=1","datePublished":"2022-09-22T15:42:30+00:00","dateModified":"2024-10-22T07:58:19+00:00","breadcrumb":{"@id":"https:\/\/tmssl.com\/producto\/tweezers\/#breadcrumb"},"inLanguage":"en-GB","potentialAction":[{"@type":"ReadAction","target":["https:\/\/tmssl.com\/producto\/tweezers\/"]}]},{"@type":"ImageObject","inLanguage":"en-GB","@id":"https:\/\/tmssl.com\/producto\/tweezers\/#primaryimage","url":"https:\/\/i0.wp.com\/tmssl.com\/wp-content\/uploads\/2022\/09\/EasyTweezers-Pack-New.jpg?fit=1030%2C689&ssl=1","contentUrl":"https:\/\/i0.wp.com\/tmssl.com\/wp-content\/uploads\/2022\/09\/EasyTweezers-Pack-New.jpg?fit=1030%2C689&ssl=1","width":1030,"height":689},{"@type":"BreadcrumbList","@id":"https:\/\/tmssl.com\/producto\/tweezers\/#breadcrumb","itemListElement":[{"@type":"ListItem","position":1,"name":"Portada","item":"https:\/\/tmssl.com\/"},{"@type":"ListItem","position":2,"name":"Shop","item":"https:\/\/tmssl.com\/shop\/"},{"@type":"ListItem","position":3,"name":"TWEEZERS"}]},{"@type":"WebSite","@id":"https:\/\/tmssl.com\/en\/#website","url":"https:\/\/tmssl.com\/en\/","name":"www.tmssl.com","description":"Venta de vinilo textil, y consumibles para la personalizacion.","publisher":{"@id":"https:\/\/tmssl.com\/en\/#organization"},"potentialAction":[{"@type":"SearchAction","target":{"@type":"EntryPoint","urlTemplate":"https:\/\/tmssl.com\/en\/?s={search_term_string}"},"query-input":{"@type":"PropertyValueSpecification","valueRequired":true,"valueName":"search_term_string"}}],"inLanguage":"en-GB"},{"@type":"Organization","@id":"https:\/\/tmssl.com\/en\/#organization","name":"www.tmssl.com","url":"https:\/\/tmssl.com\/en\/","logo":{"@type":"ImageObject","inLanguage":"en-GB","@id":"https:\/\/tmssl.com\/en\/#\/schema\/logo\/image\/","url":"https:\/\/tmssl.com\/wp-content\/uploads\/2023\/07\/LOGO-TMS-ALTA-01.jpg","contentUrl":"https:\/\/tmssl.com\/wp-content\/uploads\/2023\/07\/LOGO-TMS-ALTA-01.jpg","width":598,"height":597,"caption":"www.tmssl.com"},"image":{"@id":"https:\/\/tmssl.com\/en\/#\/schema\/logo\/image\/"},"sameAs":["https:\/\/www.instagram.com\/vinilotextil.tmssl\/"]}]}},"jetpack_publicize_connections":[],"jetpack_likes_enabled":true,"jetpack-related-posts":[{"id":1662,"url":"https:\/\/tmssl.com\/en\/product\/tool-set\/","url_meta":{"origin":1641,"position":0},"title":"TOOL SET","author":"Info","date":"22 de September de 2022","format":false,"excerpt":"Pack de Tweezer y Easy weeder. TWEEZER. Herramienta tipo pinza, especial para poder ayudar al manipulado del vinilo. Tiene la punta fina, esto nos ayuda a poder manipular cosas muy pequen\u0303as. EASYWEEDER. Herramienta tipo gancho especial para poder ayudar al manipulado del vinilo.","rel":"","context":"Similar post","block_context":{"text":"Similar post","link":""},"img":{"alt_text":"","src":"https:\/\/i0.wp.com\/tmssl.com\/wp-content\/uploads\/2022\/09\/SET-1030x689-1.jpg?fit=1030%2C689&ssl=1&resize=350%2C200","width":350,"height":200,"srcset":"https:\/\/i0.wp.com\/tmssl.com\/wp-content\/uploads\/2022\/09\/SET-1030x689-1.jpg?fit=1030%2C689&ssl=1&resize=350%2C200 1x, https:\/\/i0.wp.com\/tmssl.com\/wp-content\/uploads\/2022\/09\/SET-1030x689-1.jpg?fit=1030%2C689&ssl=1&resize=525%2C300 1.5x, https:\/\/i0.wp.com\/tmssl.com\/wp-content\/uploads\/2022\/09\/SET-1030x689-1.jpg?fit=1030%2C689&ssl=1&resize=700%2C400 2x"},"classes":[]},{"id":1658,"url":"https:\/\/tmssl.com\/en\/product\/pinzas-negras-punta-fina\/","url_meta":{"origin":1641,"position":1},"title":"PINZAS NEGRAS PUNTA FINA","author":"Info","date":"22 de September de 2022","format":false,"excerpt":"Herramienta tipo gancho especial para poder ayudar al manipulado del vinilo.","rel":"","context":"Similar post","block_context":{"text":"Similar post","link":""},"img":{"alt_text":"","src":"","width":0,"height":0},"classes":[]},{"id":1644,"url":"https:\/\/tmssl.com\/en\/product\/easyweeder\/","url_meta":{"origin":1641,"position":2},"title":"EASYWEEDER","author":"Info","date":"22 de September de 2022","format":false,"excerpt":"Herramienta tipo gancho especial para poder ayudar al manipulado del vinilo.","rel":"","context":"Similar post","block_context":{"text":"Similar post","link":""},"img":{"alt_text":"","src":"https:\/\/i0.wp.com\/tmssl.com\/wp-content\/uploads\/2022\/09\/EasyWeed-Pack-New.jpg?fit=1030%2C689&ssl=1&resize=350%2C200","width":350,"height":200,"srcset":"https:\/\/i0.wp.com\/tmssl.com\/wp-content\/uploads\/2022\/09\/EasyWeed-Pack-New.jpg?fit=1030%2C689&ssl=1&resize=350%2C200 1x, https:\/\/i0.wp.com\/tmssl.com\/wp-content\/uploads\/2022\/09\/EasyWeed-Pack-New.jpg?fit=1030%2C689&ssl=1&resize=525%2C300 1.5x, https:\/\/i0.wp.com\/tmssl.com\/wp-content\/uploads\/2022\/09\/EasyWeed-Pack-New.jpg?fit=1030%2C689&ssl=1&resize=700%2C400 2x"},"classes":[]},{"id":4834,"url":"https:\/\/tmssl.com\/en\/product\/boligrafo-separacion-vinilos\/","url_meta":{"origin":1641,"position":3},"title":"Bol\u00edgrafo separaci\u00f3n vinilos","author":"Info","date":"17 de February de 2023","format":false,"excerpt":"La separaci\u00f3n de vinilos ser\u00e1 mucho m\u00e1s f\u00e1cil con nuestro bol\u00edgrafo, debido a su fina aguja retr\u00e1ctil y su forma ergon\u00f3mica. Puede combinarse con las pinzas de levantamiento de vinilos.","rel":"","context":"Similar post","block_context":{"text":"Similar post","link":""},"img":{"alt_text":"","src":"","width":0,"height":0},"classes":[]},{"id":1224,"url":"https:\/\/tmssl.com\/en\/product\/videoflex\/","url_meta":{"origin":1641,"position":4},"title":"VINILO TEXTIL SISER VIDEOFLEX","author":"Info","date":"13 de September de 2022","format":false,"excerpt":"Vinilo textil de corte pensado para la personalizacio\u0301n de prendas deportivas. Debido a su alta opacidad, esta\u0301 introducido en muchas ligas deportivas profesionales. Su acabado es mate, con un tacto muy suave incluso despue\u0301s de muchos lavados. El soporte de polie\u0301ster es sin adhesivo, esto no dificulta su manipulado, ni\u2026","rel":"","context":"Similar post","block_context":{"text":"Similar post","link":""},"img":{"alt_text":"","src":"https:\/\/i0.wp.com\/tmssl.com\/wp-content\/uploads\/2022\/09\/videoflex.webp?fit=960%2C1200&ssl=1&resize=350%2C200","width":350,"height":200,"srcset":"https:\/\/i0.wp.com\/tmssl.com\/wp-content\/uploads\/2022\/09\/videoflex.webp?fit=960%2C1200&ssl=1&resize=350%2C200 1x, https:\/\/i0.wp.com\/tmssl.com\/wp-content\/uploads\/2022\/09\/videoflex.webp?fit=960%2C1200&ssl=1&resize=525%2C300 1.5x, https:\/\/i0.wp.com\/tmssl.com\/wp-content\/uploads\/2022\/09\/videoflex.webp?fit=960%2C1200&ssl=1&resize=700%2C400 2x"},"classes":[]},{"id":5289,"url":"https:\/\/tmssl.com\/en\/product\/guillotina\/","url_meta":{"origin":1641,"position":5},"title":"GUILLOTINA","author":"Info","date":"8 de June de 2023","format":false,"excerpt":"Puede permitir un corte m\u00e1s suave en papel, vinilo HTV y vinilo adhesivo, y medir los materiales para ayudarlo a cortar con precisi\u00f3n. \u00a1El riel de doble bisagra puede cortar desde cualquier lado y acelerar su proceso!","rel":"","context":"Similar post","block_context":{"text":"Similar post","link":""},"img":{"alt_text":"","src":"","width":0,"height":0},"classes":[]}],"jetpack_sharing_enabled":true,"tiered_pricing_type":"fixed","tiered_pricing_fixed_rules":{"6":8.5},"tiered_pricing_product_settings":{"layout":"default","base_unit_name":{"singular":null,"plural":null},"default_variation":null},"tiered_pricing_minimum_quantity":null,"tiered_pricing_roles_data":[],"tiered_pricing_percentage_rules":[],"_links":{"self":[{"href":"https:\/\/tmssl.com\/en\/wp-json\/wp\/v2\/product\/1641","targetHints":{"allow":["GET"]}}],"collection":[{"href":"https:\/\/tmssl.com\/en\/wp-json\/wp\/v2\/product"}],"about":[{"href":"https:\/\/tmssl.com\/en\/wp-json\/wp\/v2\/types\/product"}],"replies":[{"embeddable":true,"href":"https:\/\/tmssl.com\/en\/wp-json\/wp\/v2\/comments?post=1641"}],"version-history":[{"count":2,"href":"https:\/\/tmssl.com\/en\/wp-json\/wp\/v2\/product\/1641\/revisions"}],"predecessor-version":[{"id":9150,"href":"https:\/\/tmssl.com\/en\/wp-json\/wp\/v2\/product\/1641\/revisions\/9150"}],"wp:featuredmedia":[{"embeddable":true,"href":"https:\/\/tmssl.com\/en\/wp-json\/wp\/v2\/media\/9127"}],"wp:attachment":[{"href":"https:\/\/tmssl.com\/en\/wp-json\/wp\/v2\/media?parent=1641"}],"wp:term":[{"taxonomy":"product_brand","embeddable":true,"href":"https:\/\/tmssl.com\/en\/wp-json\/wp\/v2\/product_brand?post=1641"},{"taxonomy":"product_cat","embeddable":true,"href":"https:\/\/tmssl.com\/en\/wp-json\/wp\/v2\/product_cat?post=1641"},{"taxonomy":"product_tag","embeddable":true,"href":"https:\/\/tmssl.com\/en\/wp-json\/wp\/v2\/product_tag?post=1641"}],"curies":[{"name":"wp","href":"https:\/\/api.w.org\/{rel}","templated":true}]}}