{"id":1671,"date":"2022-09-22T17:58:25","date_gmt":"2022-09-22T15:58:25","guid":{"rendered":"https:\/\/tmssl.com\/?post_type=product&#038;p=1671"},"modified":"2024-10-22T10:05:39","modified_gmt":"2024-10-22T08:05:39","slug":"vlr-removedor-de-vinilo","status":"publish","type":"product","link":"https:\/\/tmssl.com\/en\/product\/vlr-removedor-de-vinilo\/","title":{"rendered":"VLR REMOVEDOR DE VINILO"},"content":{"rendered":"","protected":false},"excerpt":{"rendered":"<div class=\"page\" title=\"Page 30\">\n<div class=\"section\">\n<div class=\"layoutArea\">\n<div class=\"column\">\n<p style=\"text-align: center;\"><em>Solvente para quitar letras AlbaChem\u00ae VLR El solvente para quitar letras de vinilo AlbaChem elimina por completo las letras de vinilo y los residuos de la mayori\u0301a de las telas.<\/em><\/p>\n<p style=\"text-align: center;\"><em>La boquilla Yorker permite una fa\u0301cil aplicacio\u0301n minimizando el desperdicio.<\/em><\/p>\n<p style=\"text-align: center;\"><em>El removedor de letras de vinilo, altamente efectivo y de secado ra\u0301pido, le ahorra tiempo y dinero al reducir dra\u0301sticamente los \u201cerrores\u201d.<\/em><\/p>\n<p><strong>Utilizaci\u00f3n:<\/strong><\/p>\n<ul>\n<li>Quitar completamente las letras de vinilo textil y residuos del adhesivo de la mayor\u00eda de textiles.<\/li>\n<li>Corregir errores y limpiar residuos.<\/li>\n<li>Cuenta con un pico tipo Yorker que permite una aplicaci\u00f3n f\u00e1cil minimizando desperdicios.<\/li>\n<li>Tama\u00f1o envase: 591 ml.<\/li>\n<\/ul>\n<p><strong>Ventajas:<\/strong><\/p>\n<ul>\n<li>Es el removedor de residuos o quita vinilo textil m\u00e1s potente del mercado.<\/li>\n<li>Excelente para quitar el vinilo textil estampado en calor.<\/li>\n<li>Permite ahorrar tiempo y dinero, reduciendo el tiempo de trabajo.<\/li>\n<li>Altamente efectivo y de secado r\u00e1pido.<\/li>\n<li>No deja manchas.<\/li>\n<\/ul>\n<\/div>\n<\/div>\n<\/div>\n<\/div>","protected":false},"featured_media":9159,"comment_status":"open","ping_status":"closed","template":"","meta":{"_crdt_document":"","jetpack_publicize_message":"","jetpack_publicize_feature_enabled":true,"jetpack_social_post_already_shared":true,"jetpack_social_options":{"image_generator_settings":{"template":"highway","default_image_id":0,"font":"","enabled":false},"version":2},"_wpas_customize_per_network":false},"product_brand":[],"product_cat":[122642],"product_tag":[],"class_list":{"0":"post-1671","1":"product","2":"type-product","3":"status-publish","4":"has-post-thumbnail","6":"product_cat-herramientas","8":"first","9":"instock","10":"sale","11":"taxable","12":"shipping-taxable","13":"purchasable","14":"product-type-simple"},"yoast_head":"<!-- This site is optimized with the Yoast SEO plugin v27.6 - https:\/\/yoast.com\/product\/yoast-seo-wordpress\/ -->\n<title>VLR REMOVEDOR DE VINILO - TMS SL<\/title>\n<meta name=\"robots\" content=\"index, follow, max-snippet:-1, max-image-preview:large, max-video-preview:-1\" \/>\n<link rel=\"canonical\" href=\"https:\/\/tmssl.com\/en\/product\/vlr-removedor-de-vinilo\/\" \/>\n<meta property=\"og:locale\" content=\"en_GB\" \/>\n<meta property=\"og:type\" content=\"article\" \/>\n<meta property=\"og:title\" content=\"VLR REMOVEDOR DE VINILO - TMS SL\" \/>\n<meta property=\"og:description\" content=\"Solvente para quitar letras AlbaChem\u00ae VLR El solvente para quitar letras de vinilo AlbaChem elimina por completo las letras de vinilo y los residuos de la mayori\u0301a de las telas. La boquilla Yorker permite una fa\u0301cil aplicacio\u0301n minimizando el desperdicio. El removedor de letras de vinilo, altamente efectivo y de secado ra\u0301pido, le ahorra tiempo y dinero al reducir dra\u0301sticamente los \u201cerrores\u201d. Utilizaci\u00f3n:   Quitar completamente las letras de vinilo textil y residuos del adhesivo de la mayor\u00eda de textiles.  Corregir errores y limpiar residuos.  Cuenta con un pico tipo Yorker que permite una aplicaci\u00f3n f\u00e1cil minimizando desperdicios.  Tama\u00f1o envase: 591 ml.  Ventajas:   Es el removedor de residuos o quita vinilo textil m\u00e1s potente del mercado.  Excelente para quitar el vinilo textil estampado en calor.  Permite ahorrar tiempo y dinero, reduciendo el tiempo de trabajo.  Altamente efectivo y de secado r\u00e1pido.  No deja manchas.\" \/>\n<meta property=\"og:url\" content=\"https:\/\/tmssl.com\/en\/product\/vlr-removedor-de-vinilo\/\" \/>\n<meta property=\"og:site_name\" content=\"TMS SL\" \/>\n<meta property=\"article:modified_time\" content=\"2024-10-22T08:05:39+00:00\" \/>\n<meta property=\"og:image\" content=\"https:\/\/tmssl.com\/wp-content\/uploads\/2022\/09\/removedor-vinilo-textil-albachem-vlr.jpg\" \/>\n\t<meta property=\"og:image:width\" content=\"600\" \/>\n\t<meta property=\"og:image:height\" content=\"600\" \/>\n\t<meta property=\"og:image:type\" content=\"image\/jpeg\" \/>\n<meta name=\"twitter:card\" content=\"summary_large_image\" \/>\n<meta name=\"twitter:label1\" content=\"Estimated reading time\" \/>\n\t<meta name=\"twitter:data1\" content=\"1 minute\" \/>\n<script type=\"application\/ld+json\" class=\"yoast-schema-graph\">{\"@context\":\"https:\\\/\\\/schema.org\",\"@graph\":[{\"@type\":\"WebPage\",\"@id\":\"https:\\\/\\\/tmssl.com\\\/producto\\\/vlr-removedor-de-vinilo\\\/\",\"url\":\"https:\\\/\\\/tmssl.com\\\/producto\\\/vlr-removedor-de-vinilo\\\/\",\"name\":\"VLR REMOVEDOR DE VINILO - TMS SL\",\"isPartOf\":{\"@id\":\"https:\\\/\\\/tmssl.com\\\/en\\\/#website\"},\"primaryImageOfPage\":{\"@id\":\"https:\\\/\\\/tmssl.com\\\/producto\\\/vlr-removedor-de-vinilo\\\/#primaryimage\"},\"image\":{\"@id\":\"https:\\\/\\\/tmssl.com\\\/producto\\\/vlr-removedor-de-vinilo\\\/#primaryimage\"},\"thumbnailUrl\":\"https:\\\/\\\/i0.wp.com\\\/tmssl.com\\\/wp-content\\\/uploads\\\/2022\\\/09\\\/removedor-vinilo-textil-albachem-vlr.jpg?fit=600%2C600&ssl=1\",\"datePublished\":\"2022-09-22T15:58:25+00:00\",\"dateModified\":\"2024-10-22T08:05:39+00:00\",\"breadcrumb\":{\"@id\":\"https:\\\/\\\/tmssl.com\\\/producto\\\/vlr-removedor-de-vinilo\\\/#breadcrumb\"},\"inLanguage\":\"en-GB\",\"potentialAction\":[{\"@type\":\"ReadAction\",\"target\":[\"https:\\\/\\\/tmssl.com\\\/producto\\\/vlr-removedor-de-vinilo\\\/\"]}]},{\"@type\":\"ImageObject\",\"inLanguage\":\"en-GB\",\"@id\":\"https:\\\/\\\/tmssl.com\\\/producto\\\/vlr-removedor-de-vinilo\\\/#primaryimage\",\"url\":\"https:\\\/\\\/i0.wp.com\\\/tmssl.com\\\/wp-content\\\/uploads\\\/2022\\\/09\\\/removedor-vinilo-textil-albachem-vlr.jpg?fit=600%2C600&ssl=1\",\"contentUrl\":\"https:\\\/\\\/i0.wp.com\\\/tmssl.com\\\/wp-content\\\/uploads\\\/2022\\\/09\\\/removedor-vinilo-textil-albachem-vlr.jpg?fit=600%2C600&ssl=1\",\"width\":600,\"height\":600},{\"@type\":\"BreadcrumbList\",\"@id\":\"https:\\\/\\\/tmssl.com\\\/producto\\\/vlr-removedor-de-vinilo\\\/#breadcrumb\",\"itemListElement\":[{\"@type\":\"ListItem\",\"position\":1,\"name\":\"Portada\",\"item\":\"https:\\\/\\\/tmssl.com\\\/\"},{\"@type\":\"ListItem\",\"position\":2,\"name\":\"Shop\",\"item\":\"https:\\\/\\\/tmssl.com\\\/shop\\\/\"},{\"@type\":\"ListItem\",\"position\":3,\"name\":\"VLR REMOVEDOR DE VINILO\"}]},{\"@type\":\"WebSite\",\"@id\":\"https:\\\/\\\/tmssl.com\\\/en\\\/#website\",\"url\":\"https:\\\/\\\/tmssl.com\\\/en\\\/\",\"name\":\"www.tmssl.com\",\"description\":\"Venta de vinilo textil, y consumibles para la personalizacion.\",\"publisher\":{\"@id\":\"https:\\\/\\\/tmssl.com\\\/en\\\/#organization\"},\"potentialAction\":[{\"@type\":\"SearchAction\",\"target\":{\"@type\":\"EntryPoint\",\"urlTemplate\":\"https:\\\/\\\/tmssl.com\\\/en\\\/?s={search_term_string}\"},\"query-input\":{\"@type\":\"PropertyValueSpecification\",\"valueRequired\":true,\"valueName\":\"search_term_string\"}}],\"inLanguage\":\"en-GB\"},{\"@type\":\"Organization\",\"@id\":\"https:\\\/\\\/tmssl.com\\\/en\\\/#organization\",\"name\":\"www.tmssl.com\",\"url\":\"https:\\\/\\\/tmssl.com\\\/en\\\/\",\"logo\":{\"@type\":\"ImageObject\",\"inLanguage\":\"en-GB\",\"@id\":\"https:\\\/\\\/tmssl.com\\\/en\\\/#\\\/schema\\\/logo\\\/image\\\/\",\"url\":\"https:\\\/\\\/tmssl.com\\\/wp-content\\\/uploads\\\/2023\\\/07\\\/LOGO-TMS-ALTA-01.jpg\",\"contentUrl\":\"https:\\\/\\\/tmssl.com\\\/wp-content\\\/uploads\\\/2023\\\/07\\\/LOGO-TMS-ALTA-01.jpg\",\"width\":598,\"height\":597,\"caption\":\"www.tmssl.com\"},\"image\":{\"@id\":\"https:\\\/\\\/tmssl.com\\\/en\\\/#\\\/schema\\\/logo\\\/image\\\/\"},\"sameAs\":[\"https:\\\/\\\/www.instagram.com\\\/vinilotextil.tmssl\\\/\"]}]}<\/script>\n<!-- \/ Yoast SEO plugin. -->","yoast_head_json":{"title":"VLR REMOVEDOR DE VINILO - TMS SL","robots":{"index":"index","follow":"follow","max-snippet":"max-snippet:-1","max-image-preview":"max-image-preview:large","max-video-preview":"max-video-preview:-1"},"canonical":"https:\/\/tmssl.com\/en\/product\/vlr-removedor-de-vinilo\/","og_locale":"en_GB","og_type":"article","og_title":"VLR REMOVEDOR DE VINILO - TMS SL","og_description":"Solvente para quitar letras AlbaChem\u00ae VLR El solvente para quitar letras de vinilo AlbaChem elimina por completo las letras de vinilo y los residuos de la mayori\u0301a de las telas. La boquilla Yorker permite una fa\u0301cil aplicacio\u0301n minimizando el desperdicio. El removedor de letras de vinilo, altamente efectivo y de secado ra\u0301pido, le ahorra tiempo y dinero al reducir dra\u0301sticamente los \u201cerrores\u201d. Utilizaci\u00f3n:   Quitar completamente las letras de vinilo textil y residuos del adhesivo de la mayor\u00eda de textiles.  Corregir errores y limpiar residuos.  Cuenta con un pico tipo Yorker que permite una aplicaci\u00f3n f\u00e1cil minimizando desperdicios.  Tama\u00f1o envase: 591 ml.  Ventajas:   Es el removedor de residuos o quita vinilo textil m\u00e1s potente del mercado.  Excelente para quitar el vinilo textil estampado en calor.  Permite ahorrar tiempo y dinero, reduciendo el tiempo de trabajo.  Altamente efectivo y de secado r\u00e1pido.  No deja manchas.","og_url":"https:\/\/tmssl.com\/en\/product\/vlr-removedor-de-vinilo\/","og_site_name":"TMS SL","article_modified_time":"2024-10-22T08:05:39+00:00","og_image":[{"width":600,"height":600,"url":"https:\/\/tmssl.com\/wp-content\/uploads\/2022\/09\/removedor-vinilo-textil-albachem-vlr.jpg","type":"image\/jpeg"}],"twitter_card":"summary_large_image","twitter_misc":{"Estimated reading time":"1 minute"},"schema":{"@context":"https:\/\/schema.org","@graph":[{"@type":"WebPage","@id":"https:\/\/tmssl.com\/producto\/vlr-removedor-de-vinilo\/","url":"https:\/\/tmssl.com\/producto\/vlr-removedor-de-vinilo\/","name":"VLR REMOVEDOR DE VINILO - TMS SL","isPartOf":{"@id":"https:\/\/tmssl.com\/en\/#website"},"primaryImageOfPage":{"@id":"https:\/\/tmssl.com\/producto\/vlr-removedor-de-vinilo\/#primaryimage"},"image":{"@id":"https:\/\/tmssl.com\/producto\/vlr-removedor-de-vinilo\/#primaryimage"},"thumbnailUrl":"https:\/\/i0.wp.com\/tmssl.com\/wp-content\/uploads\/2022\/09\/removedor-vinilo-textil-albachem-vlr.jpg?fit=600%2C600&ssl=1","datePublished":"2022-09-22T15:58:25+00:00","dateModified":"2024-10-22T08:05:39+00:00","breadcrumb":{"@id":"https:\/\/tmssl.com\/producto\/vlr-removedor-de-vinilo\/#breadcrumb"},"inLanguage":"en-GB","potentialAction":[{"@type":"ReadAction","target":["https:\/\/tmssl.com\/producto\/vlr-removedor-de-vinilo\/"]}]},{"@type":"ImageObject","inLanguage":"en-GB","@id":"https:\/\/tmssl.com\/producto\/vlr-removedor-de-vinilo\/#primaryimage","url":"https:\/\/i0.wp.com\/tmssl.com\/wp-content\/uploads\/2022\/09\/removedor-vinilo-textil-albachem-vlr.jpg?fit=600%2C600&ssl=1","contentUrl":"https:\/\/i0.wp.com\/tmssl.com\/wp-content\/uploads\/2022\/09\/removedor-vinilo-textil-albachem-vlr.jpg?fit=600%2C600&ssl=1","width":600,"height":600},{"@type":"BreadcrumbList","@id":"https:\/\/tmssl.com\/producto\/vlr-removedor-de-vinilo\/#breadcrumb","itemListElement":[{"@type":"ListItem","position":1,"name":"Portada","item":"https:\/\/tmssl.com\/"},{"@type":"ListItem","position":2,"name":"Shop","item":"https:\/\/tmssl.com\/shop\/"},{"@type":"ListItem","position":3,"name":"VLR REMOVEDOR DE VINILO"}]},{"@type":"WebSite","@id":"https:\/\/tmssl.com\/en\/#website","url":"https:\/\/tmssl.com\/en\/","name":"www.tmssl.com","description":"Venta de vinilo textil, y consumibles para la personalizacion.","publisher":{"@id":"https:\/\/tmssl.com\/en\/#organization"},"potentialAction":[{"@type":"SearchAction","target":{"@type":"EntryPoint","urlTemplate":"https:\/\/tmssl.com\/en\/?s={search_term_string}"},"query-input":{"@type":"PropertyValueSpecification","valueRequired":true,"valueName":"search_term_string"}}],"inLanguage":"en-GB"},{"@type":"Organization","@id":"https:\/\/tmssl.com\/en\/#organization","name":"www.tmssl.com","url":"https:\/\/tmssl.com\/en\/","logo":{"@type":"ImageObject","inLanguage":"en-GB","@id":"https:\/\/tmssl.com\/en\/#\/schema\/logo\/image\/","url":"https:\/\/tmssl.com\/wp-content\/uploads\/2023\/07\/LOGO-TMS-ALTA-01.jpg","contentUrl":"https:\/\/tmssl.com\/wp-content\/uploads\/2023\/07\/LOGO-TMS-ALTA-01.jpg","width":598,"height":597,"caption":"www.tmssl.com"},"image":{"@id":"https:\/\/tmssl.com\/en\/#\/schema\/logo\/image\/"},"sameAs":["https:\/\/www.instagram.com\/vinilotextil.tmssl\/"]}]}},"jetpack_publicize_connections":[],"jetpack_likes_enabled":true,"jetpack-related-posts":[{"id":4243,"url":"https:\/\/tmssl.com\/en\/product\/vinilo-car-wrapping-metamark-md-x-100\/","url_meta":{"origin":1671,"position":0},"title":"VINILO CAR WRAPPING METAMARK MD-X-100","author":"Info","date":"13 de February de 2023","format":false,"excerpt":"Vinilo Car Wrapping para forrados integrales de veh\u00edculos. Personaliza tu veh\u00edculo, moto o mueble, \u00a1ponle un vinilo! y personaliza con tus propios dise\u00f1os.","rel":"","context":"Similar post","block_context":{"text":"Similar post","link":""},"img":{"alt_text":"","src":"https:\/\/i0.wp.com\/tmssl.com\/wp-content\/uploads\/2023\/02\/product_mdx_01.jpg?fit=476%2C290&ssl=1&resize=350%2C200","width":350,"height":200},"classes":[]},{"id":1374,"url":"https:\/\/tmssl.com\/en\/product\/colorprint-extra\/","url_meta":{"origin":1671,"position":1},"title":"VINILO TEXTIL DE IMPRESION Y CORTE SISER COLORPRINT EXTRA","author":"Info","date":"14 de September de 2022","format":false,"excerpt":"Vinilo textil de impresio\u0301n y corte, especial para imprimir con tintas ecosolventes o solventes. Material para aplicacio\u0301n sobre textiles \u201cdifi\u0301ciles\u201d como nylon, cuero, prendas ligeras tratadas con silicona (K-ways, bolsas de deporte, paraguas, chaquetas de entrenamiento, etc.). \u00bfComo se utiliza? Imprimir, cortar y retirar el exceso de material. Retirar la\u2026","rel":"","context":"Similar post","block_context":{"text":"Similar post","link":""},"img":{"alt_text":"","src":"https:\/\/i0.wp.com\/tmssl.com\/wp-content\/uploads\/2022\/09\/COLORPRINT-EXTRA.webp?fit=960%2C1200&ssl=1&resize=350%2C200","width":350,"height":200,"srcset":"https:\/\/i0.wp.com\/tmssl.com\/wp-content\/uploads\/2022\/09\/COLORPRINT-EXTRA.webp?fit=960%2C1200&ssl=1&resize=350%2C200 1x, https:\/\/i0.wp.com\/tmssl.com\/wp-content\/uploads\/2022\/09\/COLORPRINT-EXTRA.webp?fit=960%2C1200&ssl=1&resize=525%2C300 1.5x, https:\/\/i0.wp.com\/tmssl.com\/wp-content\/uploads\/2022\/09\/COLORPRINT-EXTRA.webp?fit=960%2C1200&ssl=1&resize=700%2C400 2x"},"classes":[]},{"id":11451,"url":"https:\/\/tmssl.com\/en\/product\/printable-pu\/","url_meta":{"origin":1671,"position":2},"title":"VINILO TEXTIL DE IMPRESION Y CORTE SISER PRINTABLE PU","author":"Info","date":"15 de April de 2025","format":false,"excerpt":"Vinilo textil de impresi\u00f3n y corte, base poliuretano. Material de color blanco, acabado satinado. Proporcione gran variedad de posibilidades, facilitando hacer letras peque\u00f1as. A pesar de su bajo micraje, otorga una alta cobertura en tejidos oscuros.","rel":"","context":"Similar post","block_context":{"text":"Similar post","link":""},"img":{"alt_text":"","src":"https:\/\/i0.wp.com\/tmssl.com\/wp-content\/uploads\/2025\/04\/printable.webp?fit=960%2C1200&ssl=1&resize=350%2C200","width":350,"height":200,"srcset":"https:\/\/i0.wp.com\/tmssl.com\/wp-content\/uploads\/2025\/04\/printable.webp?fit=960%2C1200&ssl=1&resize=350%2C200 1x, https:\/\/i0.wp.com\/tmssl.com\/wp-content\/uploads\/2025\/04\/printable.webp?fit=960%2C1200&ssl=1&resize=525%2C300 1.5x, https:\/\/i0.wp.com\/tmssl.com\/wp-content\/uploads\/2025\/04\/printable.webp?fit=960%2C1200&ssl=1&resize=700%2C400 2x"},"classes":[]},{"id":4612,"url":"https:\/\/tmssl.com\/en\/product\/metallic-25cm\/","url_meta":{"origin":1671,"position":3},"title":"METALLIC 25CM","author":"Info","date":"15 de February de 2023","format":false,"excerpt":"Vinilo textil de corte con un gran acabado met\u00e1lico efecto espejo. Debido a la composici\u00f3n de la superficie met\u00e1lica, no se recomienda detalles muy peque\u00f1os y aplicaciones multicapa. Evite doblar la aplicaci\u00f3n una vez transferida. Est\u00e1 disponible en 2 colores. ROLLOS DE ANCHO 25 CM","rel":"","context":"Similar post","block_context":{"text":"Similar post","link":""},"img":{"alt_text":"","src":"https:\/\/i0.wp.com\/www.siser.com\/wp-content\/uploads\/2020\/01\/LOGO_VEGANOK-def-1.jpg?resize=350%2C200&ssl=1","width":350,"height":200},"classes":[]},{"id":9451,"url":"https:\/\/tmssl.com\/en\/product\/vinilo-polimerico-metamark-7-anos-md-5a-airfree\/","url_meta":{"origin":1671,"position":4},"title":"VINILO POLIM\u00c9RICO METAMARK 7 A\u00d1OS MD-5A AIRFREE.","author":"Info","date":"23 de October de 2024","format":false,"excerpt":"Utilice el MD5 de Metamark y descubrir\u00e1 porque ning\u00fan otro material polim\u00e9rico calandrado le puede dar la incre\u00edble calidad que obtendr\u00e1 con MD5 a trav\u00e9s de una amplia gama de tintas - incluyendo solventes, eco-solventes, UV y l\u00e1tex. Tecnolog\u00eda METASCAPE que facilita la aplicaci\u00f3n gracias a sus microcanales en el\u2026","rel":"","context":"Similar post","block_context":{"text":"Similar post","link":""},"img":{"alt_text":"","src":"https:\/\/i0.wp.com\/tmssl.com\/wp-content\/uploads\/2024\/10\/Vinilo-polimerico-7-anos-MD-5A-airfree.jpg?fit=458%2C458&ssl=1&resize=350%2C200","width":350,"height":200},"classes":[]},{"id":1389,"url":"https:\/\/tmssl.com\/en\/product\/s-print\/","url_meta":{"origin":1671,"position":5},"title":"VINILO TEXTIL DE IMPRESION Y CORTE SISER S-PRINT","author":"Info","date":"14 de September de 2022","format":false,"excerpt":"S-Print, el material al agua que permite estampar fa\u0301cil y ra\u0301pidamente cualquier disen\u0303o sobre algodo\u0301n, polie\u0301ster, tejidos ela\u0301sticos y mezclas. La baja temperatura de aplicacio\u0301n combinada con la excelente trabajabilidad y el tacto suave garantizan resultados de alta calidad, \u00a1en cuestio\u0301n de segundos! Disen\u0303ado para su uso en ma\u0301quinas de\u2026","rel":"","context":"Similar post","block_context":{"text":"Similar post","link":""},"img":{"alt_text":"","src":"https:\/\/i0.wp.com\/tmssl.com\/wp-content\/uploads\/2022\/09\/SPRINT.webp?fit=960%2C1200&ssl=1&resize=350%2C200","width":350,"height":200,"srcset":"https:\/\/i0.wp.com\/tmssl.com\/wp-content\/uploads\/2022\/09\/SPRINT.webp?fit=960%2C1200&ssl=1&resize=350%2C200 1x, https:\/\/i0.wp.com\/tmssl.com\/wp-content\/uploads\/2022\/09\/SPRINT.webp?fit=960%2C1200&ssl=1&resize=525%2C300 1.5x, https:\/\/i0.wp.com\/tmssl.com\/wp-content\/uploads\/2022\/09\/SPRINT.webp?fit=960%2C1200&ssl=1&resize=700%2C400 2x"},"classes":[]}],"jetpack_sharing_enabled":true,"tiered_pricing_type":"fixed","tiered_pricing_fixed_rules":[],"tiered_pricing_product_settings":{"layout":"default","base_unit_name":{"singular":null,"plural":null},"default_variation":null},"tiered_pricing_minimum_quantity":null,"tiered_pricing_roles_data":[],"tiered_pricing_percentage_rules":[],"_links":{"self":[{"href":"https:\/\/tmssl.com\/en\/wp-json\/wp\/v2\/product\/1671","targetHints":{"allow":["GET"]}}],"collection":[{"href":"https:\/\/tmssl.com\/en\/wp-json\/wp\/v2\/product"}],"about":[{"href":"https:\/\/tmssl.com\/en\/wp-json\/wp\/v2\/types\/product"}],"replies":[{"embeddable":true,"href":"https:\/\/tmssl.com\/en\/wp-json\/wp\/v2\/comments?post=1671"}],"version-history":[{"count":3,"href":"https:\/\/tmssl.com\/en\/wp-json\/wp\/v2\/product\/1671\/revisions"}],"predecessor-version":[{"id":9163,"href":"https:\/\/tmssl.com\/en\/wp-json\/wp\/v2\/product\/1671\/revisions\/9163"}],"wp:featuredmedia":[{"embeddable":true,"href":"https:\/\/tmssl.com\/en\/wp-json\/wp\/v2\/media\/9159"}],"wp:attachment":[{"href":"https:\/\/tmssl.com\/en\/wp-json\/wp\/v2\/media?parent=1671"}],"wp:term":[{"taxonomy":"product_brand","embeddable":true,"href":"https:\/\/tmssl.com\/en\/wp-json\/wp\/v2\/product_brand?post=1671"},{"taxonomy":"product_cat","embeddable":true,"href":"https:\/\/tmssl.com\/en\/wp-json\/wp\/v2\/product_cat?post=1671"},{"taxonomy":"product_tag","embeddable":true,"href":"https:\/\/tmssl.com\/en\/wp-json\/wp\/v2\/product_tag?post=1671"}],"curies":[{"name":"wp","href":"https:\/\/api.w.org\/{rel}","templated":true}]}}