{"id":1674,"date":"2022-09-22T18:15:24","date_gmt":"2022-09-22T16:15:24","guid":{"rendered":"https:\/\/tmssl.com\/?post_type=product&#038;p=1674"},"modified":"2024-11-21T16:09:28","modified_gmt":"2024-11-21T15:09:28","slug":"pillow","status":"publish","type":"product","link":"https:\/\/tmssl.com\/en\/product\/pillow\/","title":{"rendered":"PILLOW"},"content":{"rendered":"<div class=\"page\" title=\"Page 31\">\n<div class=\"section\">\n<div class=\"page\" title=\"Page 31\">\n<div class=\"section\">\n<div class=\"page\" title=\"Page 31\">\n<div class=\"section\">\n<div class=\"page\" title=\"Page 31\">\n<div class=\"section\">\n<div class=\"layoutArea\">\n<div class=\"column\">\n<p style=\"text-align: center;\"><em>Almohadilla acolchada recubierta de teflon,<\/em><br \/>\n<em>con las que salvamos cualquier obstaculo<\/em><br \/>\n<em>a la hora del planchado como: botones, costuras, bolsillos etc&#8230;..<\/em><\/p>\n<\/div>\n<\/div>\n<\/div>\n<\/div>\n<\/div>\n<\/div>\n<\/div>\n<\/div>\n<\/div>\n<\/div>","protected":false},"excerpt":{"rendered":"<p style=\"text-align: center;\"><em>Almohadilla acolchada recubierta de teflon,<\/em><br \/>\n<em>con las que salvamos cualquier obstaculo<\/em><br \/>\n<em>a la hora del planchado como: botones, costuras, bolsillos etc&#8230;..<\/em><\/p>","protected":false},"featured_media":9129,"comment_status":"open","ping_status":"closed","template":"","meta":{"_crdt_document":"","jetpack_publicize_message":"","jetpack_publicize_feature_enabled":true,"jetpack_social_post_already_shared":true,"jetpack_social_options":{"image_generator_settings":{"template":"highway","default_image_id":0,"font":"","enabled":false},"version":2},"_wpas_customize_per_network":false},"product_brand":[],"product_cat":[122641,122642,122640],"product_tag":[],"class_list":{"0":"post-1674","1":"product","2":"type-product","3":"status-publish","4":"has-post-thumbnail","6":"product_cat-accesorios-marketing","7":"product_cat-herramientas","8":"product_cat-marketing","10":"first","11":"instock","12":"taxable","13":"shipping-taxable","14":"purchasable","15":"product-type-variable"},"yoast_head":"<!-- This site is optimized with the Yoast SEO plugin v27.5 - https:\/\/yoast.com\/product\/yoast-seo-wordpress\/ -->\n<title>PILLOW - TMS SL<\/title>\n<meta name=\"robots\" content=\"index, follow, max-snippet:-1, max-image-preview:large, max-video-preview:-1\" \/>\n<link rel=\"canonical\" href=\"https:\/\/tmssl.com\/en\/product\/pillow\/\" \/>\n<meta property=\"og:locale\" content=\"en_GB\" \/>\n<meta property=\"og:type\" content=\"article\" \/>\n<meta property=\"og:title\" content=\"PILLOW - TMS SL\" \/>\n<meta property=\"og:description\" content=\"Almohadilla acolchada recubierta de teflon, con las que salvamos cualquier obstaculo a la hora del planchado como: botones, costuras, bolsillos etc.....\" \/>\n<meta property=\"og:url\" content=\"https:\/\/tmssl.com\/en\/product\/pillow\/\" \/>\n<meta property=\"og:site_name\" content=\"TMS SL\" \/>\n<meta property=\"article:modified_time\" content=\"2024-11-21T15:09:28+00:00\" \/>\n<meta property=\"og:image\" content=\"https:\/\/tmssl.com\/wp-content\/uploads\/2022\/09\/heat-transfer-pillows-1030x689-1.jpg\" \/>\n\t<meta property=\"og:image:width\" content=\"1030\" \/>\n\t<meta property=\"og:image:height\" content=\"689\" \/>\n\t<meta property=\"og:image:type\" content=\"image\/jpeg\" \/>\n<meta name=\"twitter:card\" content=\"summary_large_image\" \/>\n<meta name=\"twitter:label1\" content=\"Estimated reading time\" \/>\n\t<meta name=\"twitter:data1\" content=\"1 minute\" \/>\n<script type=\"application\/ld+json\" class=\"yoast-schema-graph\">{\"@context\":\"https:\\\/\\\/schema.org\",\"@graph\":[{\"@type\":\"WebPage\",\"@id\":\"https:\\\/\\\/tmssl.com\\\/producto\\\/pillow\\\/\",\"url\":\"https:\\\/\\\/tmssl.com\\\/producto\\\/pillow\\\/\",\"name\":\"PILLOW - TMS SL\",\"isPartOf\":{\"@id\":\"https:\\\/\\\/tmssl.com\\\/en\\\/#website\"},\"primaryImageOfPage\":{\"@id\":\"https:\\\/\\\/tmssl.com\\\/producto\\\/pillow\\\/#primaryimage\"},\"image\":{\"@id\":\"https:\\\/\\\/tmssl.com\\\/producto\\\/pillow\\\/#primaryimage\"},\"thumbnailUrl\":\"https:\\\/\\\/i0.wp.com\\\/tmssl.com\\\/wp-content\\\/uploads\\\/2022\\\/09\\\/heat-transfer-pillows-1030x689-1.jpg?fit=1030%2C689&ssl=1\",\"datePublished\":\"2022-09-22T16:15:24+00:00\",\"dateModified\":\"2024-11-21T15:09:28+00:00\",\"breadcrumb\":{\"@id\":\"https:\\\/\\\/tmssl.com\\\/producto\\\/pillow\\\/#breadcrumb\"},\"inLanguage\":\"en-GB\",\"potentialAction\":[{\"@type\":\"ReadAction\",\"target\":[\"https:\\\/\\\/tmssl.com\\\/producto\\\/pillow\\\/\"]}]},{\"@type\":\"ImageObject\",\"inLanguage\":\"en-GB\",\"@id\":\"https:\\\/\\\/tmssl.com\\\/producto\\\/pillow\\\/#primaryimage\",\"url\":\"https:\\\/\\\/i0.wp.com\\\/tmssl.com\\\/wp-content\\\/uploads\\\/2022\\\/09\\\/heat-transfer-pillows-1030x689-1.jpg?fit=1030%2C689&ssl=1\",\"contentUrl\":\"https:\\\/\\\/i0.wp.com\\\/tmssl.com\\\/wp-content\\\/uploads\\\/2022\\\/09\\\/heat-transfer-pillows-1030x689-1.jpg?fit=1030%2C689&ssl=1\",\"width\":1030,\"height\":689},{\"@type\":\"BreadcrumbList\",\"@id\":\"https:\\\/\\\/tmssl.com\\\/producto\\\/pillow\\\/#breadcrumb\",\"itemListElement\":[{\"@type\":\"ListItem\",\"position\":1,\"name\":\"Portada\",\"item\":\"https:\\\/\\\/tmssl.com\\\/\"},{\"@type\":\"ListItem\",\"position\":2,\"name\":\"Shop\",\"item\":\"https:\\\/\\\/tmssl.com\\\/shop\\\/\"},{\"@type\":\"ListItem\",\"position\":3,\"name\":\"PILLOW\"}]},{\"@type\":\"WebSite\",\"@id\":\"https:\\\/\\\/tmssl.com\\\/en\\\/#website\",\"url\":\"https:\\\/\\\/tmssl.com\\\/en\\\/\",\"name\":\"www.tmssl.com\",\"description\":\"Venta de vinilo textil, y consumibles para la personalizacion.\",\"publisher\":{\"@id\":\"https:\\\/\\\/tmssl.com\\\/en\\\/#organization\"},\"potentialAction\":[{\"@type\":\"SearchAction\",\"target\":{\"@type\":\"EntryPoint\",\"urlTemplate\":\"https:\\\/\\\/tmssl.com\\\/en\\\/?s={search_term_string}\"},\"query-input\":{\"@type\":\"PropertyValueSpecification\",\"valueRequired\":true,\"valueName\":\"search_term_string\"}}],\"inLanguage\":\"en-GB\"},{\"@type\":\"Organization\",\"@id\":\"https:\\\/\\\/tmssl.com\\\/en\\\/#organization\",\"name\":\"www.tmssl.com\",\"url\":\"https:\\\/\\\/tmssl.com\\\/en\\\/\",\"logo\":{\"@type\":\"ImageObject\",\"inLanguage\":\"en-GB\",\"@id\":\"https:\\\/\\\/tmssl.com\\\/en\\\/#\\\/schema\\\/logo\\\/image\\\/\",\"url\":\"https:\\\/\\\/tmssl.com\\\/wp-content\\\/uploads\\\/2023\\\/07\\\/LOGO-TMS-ALTA-01.jpg\",\"contentUrl\":\"https:\\\/\\\/tmssl.com\\\/wp-content\\\/uploads\\\/2023\\\/07\\\/LOGO-TMS-ALTA-01.jpg\",\"width\":598,\"height\":597,\"caption\":\"www.tmssl.com\"},\"image\":{\"@id\":\"https:\\\/\\\/tmssl.com\\\/en\\\/#\\\/schema\\\/logo\\\/image\\\/\"},\"sameAs\":[\"https:\\\/\\\/www.instagram.com\\\/vinilotextil.tmssl\\\/\"]}]}<\/script>\n<!-- \/ Yoast SEO plugin. -->","yoast_head_json":{"title":"PILLOW - TMS SL","robots":{"index":"index","follow":"follow","max-snippet":"max-snippet:-1","max-image-preview":"max-image-preview:large","max-video-preview":"max-video-preview:-1"},"canonical":"https:\/\/tmssl.com\/en\/product\/pillow\/","og_locale":"en_GB","og_type":"article","og_title":"PILLOW - TMS SL","og_description":"Almohadilla acolchada recubierta de teflon, con las que salvamos cualquier obstaculo a la hora del planchado como: botones, costuras, bolsillos etc.....","og_url":"https:\/\/tmssl.com\/en\/product\/pillow\/","og_site_name":"TMS SL","article_modified_time":"2024-11-21T15:09:28+00:00","og_image":[{"width":1030,"height":689,"url":"https:\/\/tmssl.com\/wp-content\/uploads\/2022\/09\/heat-transfer-pillows-1030x689-1.jpg","type":"image\/jpeg"}],"twitter_card":"summary_large_image","twitter_misc":{"Estimated reading time":"1 minute"},"schema":{"@context":"https:\/\/schema.org","@graph":[{"@type":"WebPage","@id":"https:\/\/tmssl.com\/producto\/pillow\/","url":"https:\/\/tmssl.com\/producto\/pillow\/","name":"PILLOW - TMS SL","isPartOf":{"@id":"https:\/\/tmssl.com\/en\/#website"},"primaryImageOfPage":{"@id":"https:\/\/tmssl.com\/producto\/pillow\/#primaryimage"},"image":{"@id":"https:\/\/tmssl.com\/producto\/pillow\/#primaryimage"},"thumbnailUrl":"https:\/\/i0.wp.com\/tmssl.com\/wp-content\/uploads\/2022\/09\/heat-transfer-pillows-1030x689-1.jpg?fit=1030%2C689&ssl=1","datePublished":"2022-09-22T16:15:24+00:00","dateModified":"2024-11-21T15:09:28+00:00","breadcrumb":{"@id":"https:\/\/tmssl.com\/producto\/pillow\/#breadcrumb"},"inLanguage":"en-GB","potentialAction":[{"@type":"ReadAction","target":["https:\/\/tmssl.com\/producto\/pillow\/"]}]},{"@type":"ImageObject","inLanguage":"en-GB","@id":"https:\/\/tmssl.com\/producto\/pillow\/#primaryimage","url":"https:\/\/i0.wp.com\/tmssl.com\/wp-content\/uploads\/2022\/09\/heat-transfer-pillows-1030x689-1.jpg?fit=1030%2C689&ssl=1","contentUrl":"https:\/\/i0.wp.com\/tmssl.com\/wp-content\/uploads\/2022\/09\/heat-transfer-pillows-1030x689-1.jpg?fit=1030%2C689&ssl=1","width":1030,"height":689},{"@type":"BreadcrumbList","@id":"https:\/\/tmssl.com\/producto\/pillow\/#breadcrumb","itemListElement":[{"@type":"ListItem","position":1,"name":"Portada","item":"https:\/\/tmssl.com\/"},{"@type":"ListItem","position":2,"name":"Shop","item":"https:\/\/tmssl.com\/shop\/"},{"@type":"ListItem","position":3,"name":"PILLOW"}]},{"@type":"WebSite","@id":"https:\/\/tmssl.com\/en\/#website","url":"https:\/\/tmssl.com\/en\/","name":"www.tmssl.com","description":"Venta de vinilo textil, y consumibles para la personalizacion.","publisher":{"@id":"https:\/\/tmssl.com\/en\/#organization"},"potentialAction":[{"@type":"SearchAction","target":{"@type":"EntryPoint","urlTemplate":"https:\/\/tmssl.com\/en\/?s={search_term_string}"},"query-input":{"@type":"PropertyValueSpecification","valueRequired":true,"valueName":"search_term_string"}}],"inLanguage":"en-GB"},{"@type":"Organization","@id":"https:\/\/tmssl.com\/en\/#organization","name":"www.tmssl.com","url":"https:\/\/tmssl.com\/en\/","logo":{"@type":"ImageObject","inLanguage":"en-GB","@id":"https:\/\/tmssl.com\/en\/#\/schema\/logo\/image\/","url":"https:\/\/tmssl.com\/wp-content\/uploads\/2023\/07\/LOGO-TMS-ALTA-01.jpg","contentUrl":"https:\/\/tmssl.com\/wp-content\/uploads\/2023\/07\/LOGO-TMS-ALTA-01.jpg","width":598,"height":597,"caption":"www.tmssl.com"},"image":{"@id":"https:\/\/tmssl.com\/en\/#\/schema\/logo\/image\/"},"sameAs":["https:\/\/www.instagram.com\/vinilotextil.tmssl\/"]}]}},"jetpack_publicize_connections":[],"jetpack_likes_enabled":true,"jetpack-related-posts":[{"id":11704,"url":"https:\/\/tmssl.com\/en\/product\/teflon-proteccion-plancha-textil\/","url_meta":{"origin":1674,"position":0},"title":"TEFLON PROTECCI\u00d3N SISER PLANCHA TEXTIL","author":"Info","date":"16 de April de 2025","format":false,"excerpt":"Teflo\u0301n protector resistencia de la plancha. Sin adhesivo. Sirve para evitar manchar el plato superior de la plancha termica, ya que su superficie antiderente permite ser limpiada sin esfuerzo cada vez que se manche, se adhiera vinilo, o queden restos de sublimaci\u00f3n. Hay dos opciones de utilizar, puede ser, con\u2026","rel":"","context":"Similar post","block_context":{"text":"Similar post","link":""},"img":{"alt_text":"","src":"https:\/\/i0.wp.com\/tmssl.com\/wp-content\/uploads\/2025\/04\/teflon.webp?fit=500%2C500&ssl=1&resize=350%2C200","width":350,"height":200},"classes":[]},{"id":1687,"url":"https:\/\/tmssl.com\/en\/product\/teflon-proteccion\/","url_meta":{"origin":1674,"position":1},"title":"TEFLON PROTECCI\u00d3N PLANCHA TEXTIL","author":"Info","date":"22 de September de 2022","format":false,"excerpt":"Teflo\u0301n protector resistencia de la plancha. Opci\u00f3n\u00a0fijo con adhesivo o sin adhesivo. Sirve para evitar manchar el plato superior de la plancha termica, ya que su superficie antiderente permite ser limpiada sin esfuerzo cada vez que se manche, se adhiera vinilo, o queden restos de sublimaci\u00f3n. Hay dos opciones de\u2026","rel":"","context":"Similar post","block_context":{"text":"Similar post","link":""},"img":{"alt_text":"","src":"https:\/\/i0.wp.com\/tmssl.com\/wp-content\/uploads\/2022\/09\/teflon-adhesivo-para-plancha-sublimacion.webp?fit=973%2C1000&ssl=1&resize=350%2C200","width":350,"height":200,"srcset":"https:\/\/i0.wp.com\/tmssl.com\/wp-content\/uploads\/2022\/09\/teflon-adhesivo-para-plancha-sublimacion.webp?fit=973%2C1000&ssl=1&resize=350%2C200 1x, https:\/\/i0.wp.com\/tmssl.com\/wp-content\/uploads\/2022\/09\/teflon-adhesivo-para-plancha-sublimacion.webp?fit=973%2C1000&ssl=1&resize=525%2C300 1.5x, https:\/\/i0.wp.com\/tmssl.com\/wp-content\/uploads\/2022\/09\/teflon-adhesivo-para-plancha-sublimacion.webp?fit=973%2C1000&ssl=1&resize=700%2C400 2x"},"classes":[]},{"id":8768,"url":"https:\/\/tmssl.com\/en\/product\/mini-craft-press\/","url_meta":{"origin":1674,"position":2},"title":"MINI CRAFT PRESS","author":"Info","date":"21 de October de 2024","format":false,"excerpt":"Peque\u00f1a prensa t\u00e9rmica para sublimaci\u00f3n y transferencia t\u00e9rmica. La prensa est\u00e1 dise\u00f1ada para transferir patrones complejos en lugares de dif\u00edcil acceso, por ejemplo, entre botones y costuras. Irreemplazable al realizar estampados en ropa, gorras, zapatos, mascotas, etc. Datos t\u00e9cnicos Tama\u00f1o de la placa calefactora:\u00a05,8 x 9 cm Rango de temperatura:\u00a00\u2026","rel":"","context":"Similar post","block_context":{"text":"Similar post","link":""},"img":{"alt_text":"","src":"https:\/\/i0.wp.com\/tmssl.com\/wp-content\/uploads\/2024\/10\/MINI-CRAFT-PRESS4.jpg?fit=500%2C500&ssl=1&resize=350%2C200","width":350,"height":200},"classes":[]},{"id":6407,"url":"https:\/\/tmssl.com\/en\/product\/vinilo-textil-puff\/","url_meta":{"origin":1674,"position":3},"title":"VINILO TEXTIL PUFF","author":"Info","date":"30 de November de 2023","format":false,"excerpt":"El vinilo textil PUFF\u00a0es un material efecto 3d, se hincha con la calor Te debe cortar en espejo al igual que el resto de vinilos textiles. Incluye transportador. NO compatible con dise\u00f1os a capas. Rollo de 25 cm de ancho x 50 cm de largo.\u00a0 Los vinilos textiles han de\u2026","rel":"","context":"Similar post","block_context":{"text":"Similar post","link":""},"img":{"alt_text":"","src":"https:\/\/i0.wp.com\/tmssl.com\/wp-content\/uploads\/2023\/11\/Captura-de-pantalla-2023-11-14-a-las-16.54.51.png?fit=1200%2C1199&ssl=1&resize=350%2C200","width":350,"height":200,"srcset":"https:\/\/i0.wp.com\/tmssl.com\/wp-content\/uploads\/2023\/11\/Captura-de-pantalla-2023-11-14-a-las-16.54.51.png?fit=1200%2C1199&ssl=1&resize=350%2C200 1x, https:\/\/i0.wp.com\/tmssl.com\/wp-content\/uploads\/2023\/11\/Captura-de-pantalla-2023-11-14-a-las-16.54.51.png?fit=1200%2C1199&ssl=1&resize=525%2C300 1.5x, https:\/\/i0.wp.com\/tmssl.com\/wp-content\/uploads\/2023\/11\/Captura-de-pantalla-2023-11-14-a-las-16.54.51.png?fit=1200%2C1199&ssl=1&resize=700%2C400 2x, https:\/\/i0.wp.com\/tmssl.com\/wp-content\/uploads\/2023\/11\/Captura-de-pantalla-2023-11-14-a-las-16.54.51.png?fit=1200%2C1199&ssl=1&resize=1050%2C600 3x"},"classes":[]},{"id":8891,"url":"https:\/\/tmssl.com\/en\/product\/ts-due\/","url_meta":{"origin":1674,"position":4},"title":"PLANCHA TERMICA NEUMATICA TS DUE","author":"Info","date":"21 de October de 2024","format":false,"excerpt":"La TS-DUE es una plancha autom\u00e1tica para impresi\u00f3n t\u00e9rmica con funci\u00f3n neum\u00e1tica y doble plato de trabajo. Su estabilidad y facilidad de uso permiten una producci\u00f3n r\u00e1pida y efectiva. Una vez finalizado el tiempo de planchado, el plato superior, con apertura lateral, sube autom\u00e1ticamente, garantizando la m\u00e1xima seguridad operativa. Adem\u00e1s,\u2026","rel":"","context":"Similar post","block_context":{"text":"Similar post","link":""},"img":{"alt_text":"","src":"https:\/\/i0.wp.com\/tmssl.com\/wp-content\/uploads\/2024\/10\/TS-DOUBLE.jpg?fit=697%2C563&ssl=1&resize=350%2C200","width":350,"height":200,"srcset":"https:\/\/i0.wp.com\/tmssl.com\/wp-content\/uploads\/2024\/10\/TS-DOUBLE.jpg?fit=697%2C563&ssl=1&resize=350%2C200 1x, https:\/\/i0.wp.com\/tmssl.com\/wp-content\/uploads\/2024\/10\/TS-DOUBLE.jpg?fit=697%2C563&ssl=1&resize=525%2C300 1.5x"},"classes":[]},{"id":4656,"url":"https:\/\/tmssl.com\/en\/product\/teflon-cutting-matt-para-plotter-graphtec-ce7000-40-60-130-160-pack-2-uds\/","url_meta":{"origin":1674,"position":5},"title":"Tefl\u00f3n-Cutting Matt para Plotter Graphtec CE7000-60(Pack 2 uds.)","author":"Info","date":"16 de February de 2023","format":false,"excerpt":"Tefl\u00f3n Original-Cutting Matt para Plotter Graphtec CE7000-60(Pack 2 uds.)","rel":"","context":"Similar post","block_context":{"text":"Similar post","link":""},"img":{"alt_text":"","src":"https:\/\/i0.wp.com\/tmssl.com\/wp-content\/uploads\/2023\/02\/teflon-ce7000-PM-CR-1.jpg?fit=1024%2C654&ssl=1&resize=350%2C200","width":350,"height":200,"srcset":"https:\/\/i0.wp.com\/tmssl.com\/wp-content\/uploads\/2023\/02\/teflon-ce7000-PM-CR-1.jpg?fit=1024%2C654&ssl=1&resize=350%2C200 1x, https:\/\/i0.wp.com\/tmssl.com\/wp-content\/uploads\/2023\/02\/teflon-ce7000-PM-CR-1.jpg?fit=1024%2C654&ssl=1&resize=525%2C300 1.5x, https:\/\/i0.wp.com\/tmssl.com\/wp-content\/uploads\/2023\/02\/teflon-ce7000-PM-CR-1.jpg?fit=1024%2C654&ssl=1&resize=700%2C400 2x"},"classes":[]}],"jetpack_sharing_enabled":true,"tiered_pricing_type":"fixed","tiered_pricing_fixed_rules":[],"tiered_pricing_product_settings":{"layout":"default","base_unit_name":{"singular":null,"plural":null},"default_variation":null},"tiered_pricing_minimum_quantity":null,"tiered_pricing_roles_data":[],"tiered_pricing_percentage_rules":[],"_links":{"self":[{"href":"https:\/\/tmssl.com\/en\/wp-json\/wp\/v2\/product\/1674","targetHints":{"allow":["GET"]}}],"collection":[{"href":"https:\/\/tmssl.com\/en\/wp-json\/wp\/v2\/product"}],"about":[{"href":"https:\/\/tmssl.com\/en\/wp-json\/wp\/v2\/types\/product"}],"replies":[{"embeddable":true,"href":"https:\/\/tmssl.com\/en\/wp-json\/wp\/v2\/comments?post=1674"}],"version-history":[{"count":3,"href":"https:\/\/tmssl.com\/en\/wp-json\/wp\/v2\/product\/1674\/revisions"}],"predecessor-version":[{"id":9147,"href":"https:\/\/tmssl.com\/en\/wp-json\/wp\/v2\/product\/1674\/revisions\/9147"}],"wp:featuredmedia":[{"embeddable":true,"href":"https:\/\/tmssl.com\/en\/wp-json\/wp\/v2\/media\/9129"}],"wp:attachment":[{"href":"https:\/\/tmssl.com\/en\/wp-json\/wp\/v2\/media?parent=1674"}],"wp:term":[{"taxonomy":"product_brand","embeddable":true,"href":"https:\/\/tmssl.com\/en\/wp-json\/wp\/v2\/product_brand?post=1674"},{"taxonomy":"product_cat","embeddable":true,"href":"https:\/\/tmssl.com\/en\/wp-json\/wp\/v2\/product_cat?post=1674"},{"taxonomy":"product_tag","embeddable":true,"href":"https:\/\/tmssl.com\/en\/wp-json\/wp\/v2\/product_tag?post=1674"}],"curies":[{"name":"wp","href":"https:\/\/api.w.org\/{rel}","templated":true}]}}