{"id":1817,"date":"2022-09-26T12:02:50","date_gmt":"2022-09-26T10:02:50","guid":{"rendered":"https:\/\/tmssl.com\/?post_type=product&#038;p=1817"},"modified":"2024-10-22T09:09:20","modified_gmt":"2024-10-22T07:09:20","slug":"truepix","status":"publish","type":"product","link":"https:\/\/tmssl.com\/en\/product\/truepix\/","title":{"rendered":"TRUEPIX"},"content":{"rendered":"<p style=\"text-align: center;\"><em>Hojas de papel de 105 g\/m\u00b2\u00a0 especial para usar en el proceso de impresi\u00f3n por sublimaci\u00f3n.<\/em><\/p>\n<p style=\"text-align: center;\"><em>Este papel de secado r\u00e1pido te permite lograr precisi\u00f3n en el color al transferir la impresi\u00f3n a la superficie final.<\/em><\/p>\n<p style=\"text-align: center;\"><em>Adem\u00e1s, las hojas ya impresas se pueden apilar sin temor a que se peguen.<\/em><\/p>\n<p style=\"text-align: center;\"><em>Permite conseguir una extraordinaria calidad general en todos los par\u00e1metros: nitidez, resoluci\u00f3n, colorido, homogeneidad de la impresi\u00f3n y durabilidad.<\/em><\/p>\n<p style=\"text-align: center;\"><em>Se imprime por la parte m\u00e1s blanca.<\/em><\/p>\n<p><em>Disponible en:<\/em><\/p>\n<ul>\n<li><em>Cajas de 100 hojas en A4\u00a0 \u00a0\u00a0<\/em><\/li>\n<li><em>Cajas de 100 hojas en A3<\/em><\/li>\n<li><em>Cajas de 100 hojas en A3 plus<\/em><\/li>\n<\/ul>","protected":false},"excerpt":{"rendered":"<p style=\"text-align: center;\"><em>Hojas de papel de 105 g\/m\u00b2 especial para usar en el proceso de impresi\u00f3n por sublimaci\u00f3n.<\/em><\/p>\n<p style=\"text-align: center;\"><em>Este papel de secado r\u00e1pido te permite lograr precisi\u00f3n en el color al transferir la impresi\u00f3n a la superficie final.<\/em><\/p>\n<p style=\"text-align: center;\"><em>Cajas de 100 hojas.<\/em><\/p>\n<p style=\"text-align: center;\"><em>Disponible en A4, A3 y A3 plus.<\/em><\/p>","protected":false},"featured_media":9096,"comment_status":"open","ping_status":"closed","template":"","meta":{"_crdt_document":"","jetpack_publicize_message":"","jetpack_publicize_feature_enabled":true,"jetpack_social_post_already_shared":true,"jetpack_social_options":{"image_generator_settings":{"template":"highway","default_image_id":0,"font":"","enabled":false},"version":2},"_wpas_customize_per_network":false},"product_brand":[],"product_cat":[122630,122628],"product_tag":[122522,122523,122253,122521],"class_list":{"0":"post-1817","1":"product","2":"type-product","3":"status-publish","4":"has-post-thumbnail","6":"product_cat-papel","7":"product_cat-sublimacion","8":"product_tag-papel-de-sublimacion","9":"product_tag-sawgrass","10":"product_tag-sublimacion","11":"product_tag-truepix","13":"first","14":"instock","15":"taxable","16":"shipping-taxable","17":"purchasable","18":"product-type-variable"},"yoast_head":"<!-- This site is optimized with the Yoast SEO plugin v27.5 - https:\/\/yoast.com\/product\/yoast-seo-wordpress\/ -->\n<title>TRUEPIX - TMS SL<\/title>\n<meta name=\"robots\" content=\"index, follow, max-snippet:-1, max-image-preview:large, max-video-preview:-1\" \/>\n<link rel=\"canonical\" href=\"https:\/\/tmssl.com\/en\/product\/truepix\/\" \/>\n<meta property=\"og:locale\" content=\"en_GB\" \/>\n<meta property=\"og:type\" content=\"article\" \/>\n<meta property=\"og:title\" content=\"TRUEPIX - TMS SL\" \/>\n<meta property=\"og:description\" content=\"Hojas de papel de 105 g\/m\u00b2 especial para usar en el proceso de impresi\u00f3n por sublimaci\u00f3n. Este papel de secado r\u00e1pido te permite lograr precisi\u00f3n en el color al transferir la impresi\u00f3n a la superficie final. Cajas de 100 hojas. Disponible en A4, A3 y A3 plus.\" \/>\n<meta property=\"og:url\" content=\"https:\/\/tmssl.com\/en\/product\/truepix\/\" \/>\n<meta property=\"og:site_name\" content=\"TMS SL\" \/>\n<meta property=\"article:modified_time\" content=\"2024-10-22T07:09:20+00:00\" \/>\n<meta property=\"og:image\" content=\"https:\/\/tmssl.com\/wp-content\/uploads\/2022\/09\/papel-sublimacion-truepix.jpg\" \/>\n\t<meta property=\"og:image:width\" content=\"1100\" \/>\n\t<meta property=\"og:image:height\" content=\"1422\" \/>\n\t<meta property=\"og:image:type\" content=\"image\/jpeg\" \/>\n<meta name=\"twitter:card\" content=\"summary_large_image\" \/>\n<meta name=\"twitter:label1\" content=\"Estimated reading time\" \/>\n\t<meta name=\"twitter:data1\" content=\"1 minute\" \/>\n<script type=\"application\/ld+json\" class=\"yoast-schema-graph\">{\"@context\":\"https:\\\/\\\/schema.org\",\"@graph\":[{\"@type\":\"WebPage\",\"@id\":\"https:\\\/\\\/tmssl.com\\\/producto\\\/truepix\\\/\",\"url\":\"https:\\\/\\\/tmssl.com\\\/producto\\\/truepix\\\/\",\"name\":\"TRUEPIX - TMS SL\",\"isPartOf\":{\"@id\":\"https:\\\/\\\/tmssl.com\\\/en\\\/#website\"},\"primaryImageOfPage\":{\"@id\":\"https:\\\/\\\/tmssl.com\\\/producto\\\/truepix\\\/#primaryimage\"},\"image\":{\"@id\":\"https:\\\/\\\/tmssl.com\\\/producto\\\/truepix\\\/#primaryimage\"},\"thumbnailUrl\":\"https:\\\/\\\/i0.wp.com\\\/tmssl.com\\\/wp-content\\\/uploads\\\/2022\\\/09\\\/papel-sublimacion-truepix.jpg?fit=1100%2C1422&ssl=1\",\"datePublished\":\"2022-09-26T10:02:50+00:00\",\"dateModified\":\"2024-10-22T07:09:20+00:00\",\"breadcrumb\":{\"@id\":\"https:\\\/\\\/tmssl.com\\\/producto\\\/truepix\\\/#breadcrumb\"},\"inLanguage\":\"en-GB\",\"potentialAction\":[{\"@type\":\"ReadAction\",\"target\":[\"https:\\\/\\\/tmssl.com\\\/producto\\\/truepix\\\/\"]}]},{\"@type\":\"ImageObject\",\"inLanguage\":\"en-GB\",\"@id\":\"https:\\\/\\\/tmssl.com\\\/producto\\\/truepix\\\/#primaryimage\",\"url\":\"https:\\\/\\\/i0.wp.com\\\/tmssl.com\\\/wp-content\\\/uploads\\\/2022\\\/09\\\/papel-sublimacion-truepix.jpg?fit=1100%2C1422&ssl=1\",\"contentUrl\":\"https:\\\/\\\/i0.wp.com\\\/tmssl.com\\\/wp-content\\\/uploads\\\/2022\\\/09\\\/papel-sublimacion-truepix.jpg?fit=1100%2C1422&ssl=1\",\"width\":1100,\"height\":1422},{\"@type\":\"BreadcrumbList\",\"@id\":\"https:\\\/\\\/tmssl.com\\\/producto\\\/truepix\\\/#breadcrumb\",\"itemListElement\":[{\"@type\":\"ListItem\",\"position\":1,\"name\":\"Portada\",\"item\":\"https:\\\/\\\/tmssl.com\\\/\"},{\"@type\":\"ListItem\",\"position\":2,\"name\":\"Shop\",\"item\":\"https:\\\/\\\/tmssl.com\\\/shop\\\/\"},{\"@type\":\"ListItem\",\"position\":3,\"name\":\"TRUEPIX\"}]},{\"@type\":\"WebSite\",\"@id\":\"https:\\\/\\\/tmssl.com\\\/en\\\/#website\",\"url\":\"https:\\\/\\\/tmssl.com\\\/en\\\/\",\"name\":\"www.tmssl.com\",\"description\":\"Venta de vinilo textil, y consumibles para la personalizacion.\",\"publisher\":{\"@id\":\"https:\\\/\\\/tmssl.com\\\/en\\\/#organization\"},\"potentialAction\":[{\"@type\":\"SearchAction\",\"target\":{\"@type\":\"EntryPoint\",\"urlTemplate\":\"https:\\\/\\\/tmssl.com\\\/en\\\/?s={search_term_string}\"},\"query-input\":{\"@type\":\"PropertyValueSpecification\",\"valueRequired\":true,\"valueName\":\"search_term_string\"}}],\"inLanguage\":\"en-GB\"},{\"@type\":\"Organization\",\"@id\":\"https:\\\/\\\/tmssl.com\\\/en\\\/#organization\",\"name\":\"www.tmssl.com\",\"url\":\"https:\\\/\\\/tmssl.com\\\/en\\\/\",\"logo\":{\"@type\":\"ImageObject\",\"inLanguage\":\"en-GB\",\"@id\":\"https:\\\/\\\/tmssl.com\\\/en\\\/#\\\/schema\\\/logo\\\/image\\\/\",\"url\":\"https:\\\/\\\/tmssl.com\\\/wp-content\\\/uploads\\\/2023\\\/07\\\/LOGO-TMS-ALTA-01.jpg\",\"contentUrl\":\"https:\\\/\\\/tmssl.com\\\/wp-content\\\/uploads\\\/2023\\\/07\\\/LOGO-TMS-ALTA-01.jpg\",\"width\":598,\"height\":597,\"caption\":\"www.tmssl.com\"},\"image\":{\"@id\":\"https:\\\/\\\/tmssl.com\\\/en\\\/#\\\/schema\\\/logo\\\/image\\\/\"},\"sameAs\":[\"https:\\\/\\\/www.instagram.com\\\/vinilotextil.tmssl\\\/\"]}]}<\/script>\n<!-- \/ Yoast SEO plugin. -->","yoast_head_json":{"title":"TRUEPIX - TMS SL","robots":{"index":"index","follow":"follow","max-snippet":"max-snippet:-1","max-image-preview":"max-image-preview:large","max-video-preview":"max-video-preview:-1"},"canonical":"https:\/\/tmssl.com\/en\/product\/truepix\/","og_locale":"en_GB","og_type":"article","og_title":"TRUEPIX - TMS SL","og_description":"Hojas de papel de 105 g\/m\u00b2 especial para usar en el proceso de impresi\u00f3n por sublimaci\u00f3n. Este papel de secado r\u00e1pido te permite lograr precisi\u00f3n en el color al transferir la impresi\u00f3n a la superficie final. Cajas de 100 hojas. Disponible en A4, A3 y A3 plus.","og_url":"https:\/\/tmssl.com\/en\/product\/truepix\/","og_site_name":"TMS SL","article_modified_time":"2024-10-22T07:09:20+00:00","og_image":[{"width":1100,"height":1422,"url":"https:\/\/tmssl.com\/wp-content\/uploads\/2022\/09\/papel-sublimacion-truepix.jpg","type":"image\/jpeg"}],"twitter_card":"summary_large_image","twitter_misc":{"Estimated reading time":"1 minute"},"schema":{"@context":"https:\/\/schema.org","@graph":[{"@type":"WebPage","@id":"https:\/\/tmssl.com\/producto\/truepix\/","url":"https:\/\/tmssl.com\/producto\/truepix\/","name":"TRUEPIX - TMS SL","isPartOf":{"@id":"https:\/\/tmssl.com\/en\/#website"},"primaryImageOfPage":{"@id":"https:\/\/tmssl.com\/producto\/truepix\/#primaryimage"},"image":{"@id":"https:\/\/tmssl.com\/producto\/truepix\/#primaryimage"},"thumbnailUrl":"https:\/\/i0.wp.com\/tmssl.com\/wp-content\/uploads\/2022\/09\/papel-sublimacion-truepix.jpg?fit=1100%2C1422&ssl=1","datePublished":"2022-09-26T10:02:50+00:00","dateModified":"2024-10-22T07:09:20+00:00","breadcrumb":{"@id":"https:\/\/tmssl.com\/producto\/truepix\/#breadcrumb"},"inLanguage":"en-GB","potentialAction":[{"@type":"ReadAction","target":["https:\/\/tmssl.com\/producto\/truepix\/"]}]},{"@type":"ImageObject","inLanguage":"en-GB","@id":"https:\/\/tmssl.com\/producto\/truepix\/#primaryimage","url":"https:\/\/i0.wp.com\/tmssl.com\/wp-content\/uploads\/2022\/09\/papel-sublimacion-truepix.jpg?fit=1100%2C1422&ssl=1","contentUrl":"https:\/\/i0.wp.com\/tmssl.com\/wp-content\/uploads\/2022\/09\/papel-sublimacion-truepix.jpg?fit=1100%2C1422&ssl=1","width":1100,"height":1422},{"@type":"BreadcrumbList","@id":"https:\/\/tmssl.com\/producto\/truepix\/#breadcrumb","itemListElement":[{"@type":"ListItem","position":1,"name":"Portada","item":"https:\/\/tmssl.com\/"},{"@type":"ListItem","position":2,"name":"Shop","item":"https:\/\/tmssl.com\/shop\/"},{"@type":"ListItem","position":3,"name":"TRUEPIX"}]},{"@type":"WebSite","@id":"https:\/\/tmssl.com\/en\/#website","url":"https:\/\/tmssl.com\/en\/","name":"www.tmssl.com","description":"Venta de vinilo textil, y consumibles para la personalizacion.","publisher":{"@id":"https:\/\/tmssl.com\/en\/#organization"},"potentialAction":[{"@type":"SearchAction","target":{"@type":"EntryPoint","urlTemplate":"https:\/\/tmssl.com\/en\/?s={search_term_string}"},"query-input":{"@type":"PropertyValueSpecification","valueRequired":true,"valueName":"search_term_string"}}],"inLanguage":"en-GB"},{"@type":"Organization","@id":"https:\/\/tmssl.com\/en\/#organization","name":"www.tmssl.com","url":"https:\/\/tmssl.com\/en\/","logo":{"@type":"ImageObject","inLanguage":"en-GB","@id":"https:\/\/tmssl.com\/en\/#\/schema\/logo\/image\/","url":"https:\/\/tmssl.com\/wp-content\/uploads\/2023\/07\/LOGO-TMS-ALTA-01.jpg","contentUrl":"https:\/\/tmssl.com\/wp-content\/uploads\/2023\/07\/LOGO-TMS-ALTA-01.jpg","width":598,"height":597,"caption":"www.tmssl.com"},"image":{"@id":"https:\/\/tmssl.com\/en\/#\/schema\/logo\/image\/"},"sameAs":["https:\/\/www.instagram.com\/vinilotextil.tmssl\/"]}]}},"jetpack_publicize_connections":[],"jetpack_likes_enabled":true,"jetpack-related-posts":[{"id":4345,"url":"https:\/\/tmssl.com\/en\/product\/papel-de-sublimacion-skata-100-g-a4-a3\/","url_meta":{"origin":1817,"position":0},"title":"Papel de sublimaci\u00f3n Skata 100 g A4\/A3","author":"Info","date":"14 de February de 2023","format":false,"excerpt":"El\u00a0papel de sublimaci\u00f3n Skata\u00a0ofrece unas excelentes prestaciones, tanto de impresi\u00f3n como de transfer.","rel":"","context":"Similar post","block_context":{"text":"Similar post","link":""},"img":{"alt_text":"","src":"https:\/\/i0.wp.com\/tmssl.com\/wp-content\/uploads\/2023\/02\/SKATA-HOJAS.webp?fit=365%2C365&ssl=1&resize=350%2C200","width":350,"height":200},"classes":[]},{"id":1888,"url":"https:\/\/tmssl.com\/en\/product\/fotolito-impresora-laser\/","url_meta":{"origin":1817,"position":1},"title":"FOTOLITO IMPRESORA LASER","author":"Info","date":"26 de September de 2022","format":false,"excerpt":"El poliester fotolito se utiliza para la fabricaci\u00f3n de cliche Se utiliza para la grabaci\u00f3n de pantallas, tanto para serigrafia como para tampografia Impresi\u00f3n laser, tanto en papel transparente o mate Disponible en A4 y A3 \u00a0 Formatos:\u00a0A3 (297mm x 420mm), A4 (210mm x 297mm) Cantidad:\u00a0Caja de 100 hojas Grosor:\u00a075\u00a0my\u2026","rel":"","context":"Similar post","block_context":{"text":"Similar post","link":""},"img":{"alt_text":"","src":"https:\/\/i0.wp.com\/tmssl.com\/wp-content\/uploads\/2022\/09\/poliester-transparente-mate.jpg?fit=661%2C600&ssl=1&resize=350%2C200","width":350,"height":200,"srcset":"https:\/\/i0.wp.com\/tmssl.com\/wp-content\/uploads\/2022\/09\/poliester-transparente-mate.jpg?fit=661%2C600&ssl=1&resize=350%2C200 1x, https:\/\/i0.wp.com\/tmssl.com\/wp-content\/uploads\/2022\/09\/poliester-transparente-mate.jpg?fit=661%2C600&ssl=1&resize=525%2C300 1.5x"},"classes":[]},{"id":4343,"url":"https:\/\/tmssl.com\/en\/product\/papel-sublimacion-skata-100-g\/","url_meta":{"origin":1817,"position":2},"title":"Papel sublimaci\u00f3n Skata 610 mm x 50 m.","author":"Info","date":"14 de February de 2023","format":false,"excerpt":"El\u00a0papel de sublimaci\u00f3n Skata 100 g\u00a0es la soluci\u00f3n perfecta para crear im\u00e1genes vibrantes y duraderas en una amplia variedad de productos. Lo interesante de este papel para sublimaci\u00f3n es que la\u00a0absorci\u00f3n de tinta que tiene la superficie es significativamente menor\u00a0al de la marca Epson. \u00bfGenial verdad?\u00a0Y todo esto\u00a0sin tener que\u2026","rel":"","context":"Similar post","block_context":{"text":"Similar post","link":""},"img":{"alt_text":"","src":"https:\/\/i0.wp.com\/tmssl.com\/wp-content\/uploads\/2023\/02\/SKATA-ROLLO.jpeg?fit=600%2C600&ssl=1&resize=350%2C200","width":350,"height":200,"srcset":"https:\/\/i0.wp.com\/tmssl.com\/wp-content\/uploads\/2023\/02\/SKATA-ROLLO.jpeg?fit=600%2C600&ssl=1&resize=350%2C200 1x, https:\/\/i0.wp.com\/tmssl.com\/wp-content\/uploads\/2023\/02\/SKATA-ROLLO.jpeg?fit=600%2C600&ssl=1&resize=525%2C300 1.5x"},"classes":[]},{"id":9111,"url":"https:\/\/tmssl.com\/en\/product\/papel-sublimacion-skata-118-mm-x-50-m\/","url_meta":{"origin":1817,"position":3},"title":"Papel sublimaci\u00f3n Skata 118 mm x 50 m.","author":"Info","date":"22 de October de 2024","format":false,"excerpt":"Papel sublimaci\u00f3n adhesivo 100 g Este\u00a0papel sublimaci\u00f3n adhesivo 100 g\u00a0ha sido dise\u00f1ado para equipos de impresi\u00f3n de gran formato ya que estas impresoras inyectan una mayor cantidad de tinta en el papel. Por esta raz\u00f3n se necesita un papel especial con gran absorci\u00f3n, para poder ofrecer una calidad excelente en\u2026","rel":"","context":"Similar post","block_context":{"text":"Similar post","link":""},"img":{"alt_text":"","src":"https:\/\/i0.wp.com\/tmssl.com\/wp-content\/uploads\/2023\/02\/SKATA-ROLLO.jpeg?fit=600%2C600&ssl=1&resize=350%2C200","width":350,"height":200,"srcset":"https:\/\/i0.wp.com\/tmssl.com\/wp-content\/uploads\/2023\/02\/SKATA-ROLLO.jpeg?fit=600%2C600&ssl=1&resize=350%2C200 1x, https:\/\/i0.wp.com\/tmssl.com\/wp-content\/uploads\/2023\/02\/SKATA-ROLLO.jpeg?fit=600%2C600&ssl=1&resize=525%2C300 1.5x"},"classes":[]},{"id":1781,"url":"https:\/\/tmssl.com\/en\/product\/sg1000\/","url_meta":{"origin":1817,"position":4},"title":"SG1000","author":"Info","date":"23 de September de 2022","format":false,"excerpt":"Inicie su negocio con la Sawgrass SG1000, la \u00fanica impresora de escritorio dise\u00f1ada para sublimaci\u00f3n. Con bajos costos iniciales y de funcionamiento, pronto crear\u00e1 productos personalizados con im\u00e1genes HD vibrantes, de manera r\u00e1pida, f\u00e1cil y rentable.\u00a0 El Kit Sawgrass SG1000 viene completo con: Impresora SG1000. 4 Cartuchos\u00a0\u00a0SubliJet UHD\u00a0\u00a0de 31 ml.\u2026","rel":"","context":"Similar post","block_context":{"text":"Similar post","link":""},"img":{"alt_text":"","src":"https:\/\/i0.wp.com\/tmssl.com\/wp-content\/uploads\/2022\/09\/SG1000.webp?fit=928%2C1200&ssl=1&resize=350%2C200","width":350,"height":200,"srcset":"https:\/\/i0.wp.com\/tmssl.com\/wp-content\/uploads\/2022\/09\/SG1000.webp?fit=928%2C1200&ssl=1&resize=350%2C200 1x, https:\/\/i0.wp.com\/tmssl.com\/wp-content\/uploads\/2022\/09\/SG1000.webp?fit=928%2C1200&ssl=1&resize=525%2C300 1.5x, https:\/\/i0.wp.com\/tmssl.com\/wp-content\/uploads\/2022\/09\/SG1000.webp?fit=928%2C1200&ssl=1&resize=700%2C400 2x"},"classes":[]},{"id":12324,"url":"https:\/\/tmssl.com\/en\/product\/poliester-dtf-despegue-en-caliente-instantaneo-hojas\/","url_meta":{"origin":1817,"position":5},"title":"POLIESTER DTF DESPEGUE EN CALIENTE INSTANTANEO HOJAS","author":"Info","date":"2 de September de 2025","format":false,"excerpt":"El Film PET o pel\u00edcula transfer DTF (Direct Transfer Film), es el soporte donde se imprime la inyecci\u00f3n de tinta\u00a0 para que se adhiera f\u00e1cilmente el polvo de poliamida, para el posterior curado. Material doble cara mate, despegue en caliente o fr\u00edo. Alta capacidad de absorci\u00f3n de tinta. CAJA 100\u2026","rel":"","context":"Similar post","block_context":{"text":"Similar post","link":""},"img":{"alt_text":"","src":"https:\/\/i0.wp.com\/tmssl.com\/wp-content\/uploads\/2023\/05\/FOTO-DTF.webp?fit=1200%2C1200&ssl=1&resize=350%2C200","width":350,"height":200,"srcset":"https:\/\/i0.wp.com\/tmssl.com\/wp-content\/uploads\/2023\/05\/FOTO-DTF.webp?fit=1200%2C1200&ssl=1&resize=350%2C200 1x, https:\/\/i0.wp.com\/tmssl.com\/wp-content\/uploads\/2023\/05\/FOTO-DTF.webp?fit=1200%2C1200&ssl=1&resize=525%2C300 1.5x, https:\/\/i0.wp.com\/tmssl.com\/wp-content\/uploads\/2023\/05\/FOTO-DTF.webp?fit=1200%2C1200&ssl=1&resize=700%2C400 2x, https:\/\/i0.wp.com\/tmssl.com\/wp-content\/uploads\/2023\/05\/FOTO-DTF.webp?fit=1200%2C1200&ssl=1&resize=1050%2C600 3x"},"classes":[]}],"jetpack_sharing_enabled":true,"tiered_pricing_type":"fixed","tiered_pricing_fixed_rules":[],"tiered_pricing_product_settings":{"layout":"default","base_unit_name":{"singular":null,"plural":null},"default_variation":null},"tiered_pricing_minimum_quantity":null,"tiered_pricing_roles_data":[],"tiered_pricing_percentage_rules":[],"_links":{"self":[{"href":"https:\/\/tmssl.com\/en\/wp-json\/wp\/v2\/product\/1817","targetHints":{"allow":["GET"]}}],"collection":[{"href":"https:\/\/tmssl.com\/en\/wp-json\/wp\/v2\/product"}],"about":[{"href":"https:\/\/tmssl.com\/en\/wp-json\/wp\/v2\/types\/product"}],"replies":[{"embeddable":true,"href":"https:\/\/tmssl.com\/en\/wp-json\/wp\/v2\/comments?post=1817"}],"version-history":[{"count":2,"href":"https:\/\/tmssl.com\/en\/wp-json\/wp\/v2\/product\/1817\/revisions"}],"predecessor-version":[{"id":9105,"href":"https:\/\/tmssl.com\/en\/wp-json\/wp\/v2\/product\/1817\/revisions\/9105"}],"wp:featuredmedia":[{"embeddable":true,"href":"https:\/\/tmssl.com\/en\/wp-json\/wp\/v2\/media\/9096"}],"wp:attachment":[{"href":"https:\/\/tmssl.com\/en\/wp-json\/wp\/v2\/media?parent=1817"}],"wp:term":[{"taxonomy":"product_brand","embeddable":true,"href":"https:\/\/tmssl.com\/en\/wp-json\/wp\/v2\/product_brand?post=1817"},{"taxonomy":"product_cat","embeddable":true,"href":"https:\/\/tmssl.com\/en\/wp-json\/wp\/v2\/product_cat?post=1817"},{"taxonomy":"product_tag","embeddable":true,"href":"https:\/\/tmssl.com\/en\/wp-json\/wp\/v2\/product_tag?post=1817"}],"curies":[{"name":"wp","href":"https:\/\/api.w.org\/{rel}","templated":true}]}}