{"id":1901,"date":"2022-09-26T17:19:57","date_gmt":"2022-09-26T15:19:57","guid":{"rendered":"https:\/\/tmssl.com\/?post_type=product&#038;p=1901"},"modified":"2022-11-28T11:07:21","modified_gmt":"2022-11-28T10:07:21","slug":"aquasol-fotopolimero","status":"publish","type":"product","link":"https:\/\/tmssl.com\/en\/product\/aquasol-fotopolimero\/","title":{"rendered":"AQUASOL FOTOPOLIMERO"},"content":{"rendered":"<p><strong><em>Uso e Informaci\u00f3n T\u00e9cnica de la Emulsi\u00f3n Tintas Base Agua Aquasol \u201cMurakami\u201d<\/em><\/strong><\/p>\n<p><em>A continuaci\u00f3n te explicamos m\u00e1s detalles sobre esta \u201cEmulsi\u00f3n Tintas Base Agua Aquasol -Murakami-\u201d que te ayudar\u00e1n a trabajar con ella. Cualquier duda que te surja cons\u00faltanosla sin compromiso, nuestro\u00a0servicio t\u00e9cnico\u00a0tambi\u00e9n estar\u00e1 encantado de solucion\u00e1rtela.<\/em><\/p>\n<div>\n<div>\n<div>\n<div>\n<div>\n<p><strong><em>Caracter\u00edsticas Emulsi\u00f3n Tintas Base Agua Aquasol \u201cMurakami\u201d<\/em><\/strong><\/p>\n<p><em>AQUASOL es una emulsi\u00f3n fotopol\u00edmero monocomponente presensibilizada para la producci\u00f3n de\u00a0pantallas\u00a0de alta calidad. Es un producto de la empresa MURAKAMI SCREEN, Tokyo. AQUASOL se distingue por su excelente resistencia al agua. Se usa principalmente para las tintas de gran contenido acuoso. Por ejemplo en la industria textil cl\u00e1sica, para confecionar pantallas sin tratamiento ni endurecimiento, ni protecci\u00f3n con barniz, y en la industria cer\u00e1mica para la impresi\u00f3n directa, igualmente sin reforzar.<\/em><\/p>\n<p><strong><em>Propiedades Emulsi\u00f3n Tintas Base Agua Aquasol \u201cMurakami\u201d<\/em><\/strong><\/p>\n<p><em>\u2013 Economiza tiempo, ya que esta emulsi\u00f3n est\u00e1 presensibilizada.<br \/>\n\u2013 Alta resistencia al agua y a la abrasi\u00f3n.<br \/>\n\u2013 Estabilidad de la emulsi\u00f3n sensibilizada: Por lo menos dos a\u00f1os. Sin olor.<br \/>\n\u2013 Economiza tiempo, ya que los tiempos de insolaci\u00f3n so muchos m\u00e1s cortos, que los necesarios para las emulsiones tipo diazo.<br \/>\n\u2013 Gran latitud de exposici\u00f3n en los tejidos te\u00f1idos. Mayor tolerancia entre el tiempo m\u00ednimo y el \u00f3ptimo de insolaci\u00f3n.<br \/>\n\u2013 Utilizaci\u00f3n muy c\u00f3moda.<br \/>\n\u2013 Alto contenido en part\u00edculas s\u00f3lidas (35%). Una capa de emulsi\u00f3n por cada cara acostumbra a ser suficiente para la mayor parte de tejidos.<br \/>\n\u2013 AQUASOL puede secarse verticalmente sin formar gotas en el lado impresi\u00f3n.<br \/>\n\u2013 Mayor capacidad de producci\u00f3n de pantallas sin inversi\u00f3n suplementaria.<br \/>\n\u2013 La insolaci\u00f3n con l\u00e1mparas HPR y tubos fluorescentes (360-390 nm.), es posible, pero las l\u00e1mparas metalhal\u00f3genas con quemador dotado de galio son ideales para la insolaci\u00f3n.<br \/>\n\u2013 AQUASOL tiene muy buena resoluci\u00f3n y definici\u00f3n.<br \/>\n\u2013 AQUASOL no contiene disolventes ni bicromato.<br \/>\n\u2013 No ti\u00f1e el tejido, ni deja im\u00e1genes fantasmas de diazo.<br \/>\n\u2013 Confecci\u00f3n de pantallas id\u00e9ntica a la tradicional con emulsiones directas.<br \/>\n\u2013 Revelado de las pantallas insoladas con agua fr\u00eda o caliente. Es recomendable tener agua a alta presi\u00f3n.<br \/>\n\u2013 Recuperaci\u00f3n c\u00f3moda, incluso despu\u00e9s de un gran tiraje, con los productos decapantes habituales (CPS Stencil Remover).<br \/>\n\u2013 AQUASOL se puede secar hasta 60\u00ba C., sin que se endurezca por el calor.<br \/>\n\u2013 El tiempo de conservaci\u00f3n y estabilidad de una pantalla emulsionada, antes de insolar, es de 6 meses. Se recomienda guardar las pantallas en un lugar fresco y protegidas de la luz. NO endurece con la oscuridad.<\/em><\/p>\n<p><strong><em>PANTALLAS PERMANENTES<\/em><\/strong><\/p>\n<p><em>Para obtener resistencia total al agua, se puede adjuntar a AQUASOL un sensibilizador diazo en las siguientes proporciones:<br \/>\nDiluir el sensibilizador diazo en 30 c.c., de agua caliente y mezclar. A\u00f1adir la soluci\u00f3n del sensibilizador al AQUASOL. La emulsi\u00f3n as\u00ed preparada puede conservarse 6 semanas. Despu\u00e9s de insolar, no se puede recuperar.<\/em><\/p>\n<p><strong><em>TIEMPOS DE INSOLACION<\/em><\/strong><\/p>\n<p><em>Con l\u00e1mpara metalhal\u00f3gena de 5000 W., dotada de galio, a 1 m., de distancia entre la l\u00e1mpara y la pantalla tensada con poli\u00e9ster 77 T te\u00f1ido, con una capa de 10 micras, alrededor de 25 segundos. Los valores de los tiempos de insolaci\u00f3n son fruto de ensayos y pueden variar seg\u00fan las diferentes condiciones.<br \/>\n\u00a1Remover la emulsi\u00f3n AQUASOL antes de su utilizaci\u00f3n! \u00a1Remover a fondo la emulsi\u00f3n despu\u00e9s de interrupciones importantes de uso (1 semana aprox.)!.<br \/>\nRecomendamos aplicar una capa de emulsi\u00f3n por el lado impresi\u00f3n y una por el lado ragleta.<\/em><\/p>\n<p><em>Despu\u00e9s, una o dos capas pueden aplicarse, si es necesario, por el lado impresi\u00f3n. Para la aplicaci\u00f3n de base se utiliza una raedera afilada.<\/em><\/p>\n<p><em>Con AQUASOL se pueden aplicar capas de hasta 500 micras, para obtener efectos especiales en la impresi\u00f3n directa sobre cer\u00e1mica o en camisetas.<\/em><\/p>\n<p><em>SENSIBLE AL HIELO.<\/em><\/p>\n<\/div>\n<\/div>\n<\/div>\n<\/div>\n<\/div>","protected":false},"excerpt":{"rendered":"<p><strong><em>Uso e Informaci\u00f3n T\u00e9cnica de la Emulsi\u00f3n Tintas Base Agua Aquasol \u201cMurakami\u201d<\/em><\/strong><\/p>\n<p><em>A continuaci\u00f3n te explicamos m\u00e1s detalles sobre esta \u201cEmulsi\u00f3n Tintas Base Agua Aquasol -Murakami-\u201d que te ayudar\u00e1n a trabajar con ella. Cualquier duda que te surja cons\u00faltanosla sin compromiso, nuestro\u00a0servicio t\u00e9cnico\u00a0tambi\u00e9n estar\u00e1 encantado de solucion\u00e1rtela.<\/em><\/p>\n<div>\n<div>\n<div>\n<div>\n<div>\n<p><strong><em>Caracter\u00edsticas Emulsi\u00f3n Tintas Base Agua Aquasol \u201cMurakami\u201d<\/em><\/strong><\/p>\n<p><em>AQUASOL es una emulsi\u00f3n fotopol\u00edmero monocomponente presensibilizada para la producci\u00f3n de\u00a0pantallas\u00a0de alta calidad. Es un producto de la empresa MURAKAMI SCREEN, Tokyo. AQUASOL se distingue por su excelente resistencia al agua. Se usa principalmente para las tintas de gran contenido acuoso. Por ejemplo en la industria textil cl\u00e1sica, para confecionar pantallas sin tratamiento ni endurecimiento, ni protecci\u00f3n con barniz, y en la industria cer\u00e1mica para la impresi\u00f3n directa, igualmente sin reforzar.<\/em><\/p>\n<\/div>\n<\/div>\n<\/div>\n<\/div>\n<\/div>","protected":false},"featured_media":1872,"comment_status":"open","ping_status":"closed","template":"","meta":{"_crdt_document":"","jetpack_publicize_message":"","jetpack_publicize_feature_enabled":true,"jetpack_social_post_already_shared":true,"jetpack_social_options":{"image_generator_settings":{"template":"highway","default_image_id":0,"font":"","enabled":false},"version":2},"_wpas_customize_per_network":false},"product_brand":[],"product_cat":[122625,122622],"product_tag":[],"class_list":{"0":"post-1901","1":"product","2":"type-product","3":"status-publish","4":"has-post-thumbnail","6":"product_cat-emulsiones","7":"product_cat-serigrafia","9":"first","10":"instock","11":"taxable","12":"shipping-taxable","13":"purchasable","14":"product-type-simple"},"yoast_head":"<!-- This site is optimized with the Yoast SEO plugin v27.5 - https:\/\/yoast.com\/product\/yoast-seo-wordpress\/ -->\n<title>AQUASOL FOTOPOLIMERO - TMS SL<\/title>\n<meta name=\"robots\" content=\"index, follow, max-snippet:-1, max-image-preview:large, max-video-preview:-1\" \/>\n<link rel=\"canonical\" href=\"https:\/\/tmssl.com\/en\/product\/aquasol-fotopolimero\/\" \/>\n<meta property=\"og:locale\" content=\"en_GB\" \/>\n<meta property=\"og:type\" content=\"article\" \/>\n<meta property=\"og:title\" content=\"AQUASOL FOTOPOLIMERO - TMS SL\" \/>\n<meta property=\"og:description\" content=\"Uso e Informaci\u00f3n T\u00e9cnica de la Emulsi\u00f3n Tintas Base Agua Aquasol \u201cMurakami\u201d  A continuaci\u00f3n te explicamos m\u00e1s detalles sobre esta \u201cEmulsi\u00f3n Tintas Base Agua Aquasol -Murakami-\u201d que te ayudar\u00e1n a trabajar con ella. Cualquier duda que te surja cons\u00faltanosla sin compromiso, nuestro\u00a0servicio t\u00e9cnico\u00a0tambi\u00e9n estar\u00e1 encantado de solucion\u00e1rtela.       Caracter\u00edsticas Emulsi\u00f3n Tintas Base Agua Aquasol \u201cMurakami\u201d  AQUASOL es una emulsi\u00f3n fotopol\u00edmero monocomponente presensibilizada para la producci\u00f3n de\u00a0pantallas\u00a0de alta calidad. Es un producto de la empresa MURAKAMI SCREEN, Tokyo. AQUASOL se distingue por su excelente resistencia al agua. Se usa principalmente para las tintas de gran contenido acuoso. Por ejemplo en la industria textil cl\u00e1sica, para confecionar pantallas sin tratamiento ni endurecimiento, ni protecci\u00f3n con barniz, y en la industria cer\u00e1mica para la impresi\u00f3n directa, igualmente sin reforzar.\" \/>\n<meta property=\"og:url\" content=\"https:\/\/tmssl.com\/en\/product\/aquasol-fotopolimero\/\" \/>\n<meta property=\"og:site_name\" content=\"TMS SL\" \/>\n<meta property=\"article:modified_time\" content=\"2022-11-28T10:07:21+00:00\" \/>\n<meta property=\"og:image\" content=\"https:\/\/i0.wp.com\/tmssl.com\/wp-content\/uploads\/2022\/09\/AQUASOL-01.jpg?fit=1772%2C1772&ssl=1\" \/>\n\t<meta property=\"og:image:width\" content=\"1772\" \/>\n\t<meta property=\"og:image:height\" content=\"1772\" \/>\n\t<meta property=\"og:image:type\" content=\"image\/jpeg\" \/>\n<meta name=\"twitter:card\" content=\"summary_large_image\" \/>\n<meta name=\"twitter:label1\" content=\"Estimated reading time\" \/>\n\t<meta name=\"twitter:data1\" content=\"3 minutes\" \/>\n<script type=\"application\/ld+json\" class=\"yoast-schema-graph\">{\"@context\":\"https:\\\/\\\/schema.org\",\"@graph\":[{\"@type\":\"WebPage\",\"@id\":\"https:\\\/\\\/tmssl.com\\\/producto\\\/aquasol-fotopolimero\\\/\",\"url\":\"https:\\\/\\\/tmssl.com\\\/producto\\\/aquasol-fotopolimero\\\/\",\"name\":\"AQUASOL FOTOPOLIMERO - TMS SL\",\"isPartOf\":{\"@id\":\"https:\\\/\\\/tmssl.com\\\/en\\\/#website\"},\"primaryImageOfPage\":{\"@id\":\"https:\\\/\\\/tmssl.com\\\/producto\\\/aquasol-fotopolimero\\\/#primaryimage\"},\"image\":{\"@id\":\"https:\\\/\\\/tmssl.com\\\/producto\\\/aquasol-fotopolimero\\\/#primaryimage\"},\"thumbnailUrl\":\"https:\\\/\\\/i0.wp.com\\\/tmssl.com\\\/wp-content\\\/uploads\\\/2022\\\/09\\\/AQUASOL-01.jpg?fit=1772%2C1772&ssl=1\",\"datePublished\":\"2022-09-26T15:19:57+00:00\",\"dateModified\":\"2022-11-28T10:07:21+00:00\",\"breadcrumb\":{\"@id\":\"https:\\\/\\\/tmssl.com\\\/producto\\\/aquasol-fotopolimero\\\/#breadcrumb\"},\"inLanguage\":\"en-GB\",\"potentialAction\":[{\"@type\":\"ReadAction\",\"target\":[\"https:\\\/\\\/tmssl.com\\\/producto\\\/aquasol-fotopolimero\\\/\"]}]},{\"@type\":\"ImageObject\",\"inLanguage\":\"en-GB\",\"@id\":\"https:\\\/\\\/tmssl.com\\\/producto\\\/aquasol-fotopolimero\\\/#primaryimage\",\"url\":\"https:\\\/\\\/i0.wp.com\\\/tmssl.com\\\/wp-content\\\/uploads\\\/2022\\\/09\\\/AQUASOL-01.jpg?fit=1772%2C1772&ssl=1\",\"contentUrl\":\"https:\\\/\\\/i0.wp.com\\\/tmssl.com\\\/wp-content\\\/uploads\\\/2022\\\/09\\\/AQUASOL-01.jpg?fit=1772%2C1772&ssl=1\",\"width\":1772,\"height\":1772},{\"@type\":\"BreadcrumbList\",\"@id\":\"https:\\\/\\\/tmssl.com\\\/producto\\\/aquasol-fotopolimero\\\/#breadcrumb\",\"itemListElement\":[{\"@type\":\"ListItem\",\"position\":1,\"name\":\"Portada\",\"item\":\"https:\\\/\\\/tmssl.com\\\/\"},{\"@type\":\"ListItem\",\"position\":2,\"name\":\"Shop\",\"item\":\"https:\\\/\\\/tmssl.com\\\/shop\\\/\"},{\"@type\":\"ListItem\",\"position\":3,\"name\":\"AQUASOL FOTOPOLIMERO\"}]},{\"@type\":\"WebSite\",\"@id\":\"https:\\\/\\\/tmssl.com\\\/en\\\/#website\",\"url\":\"https:\\\/\\\/tmssl.com\\\/en\\\/\",\"name\":\"www.tmssl.com\",\"description\":\"Venta de vinilo textil, y consumibles para la personalizacion.\",\"publisher\":{\"@id\":\"https:\\\/\\\/tmssl.com\\\/en\\\/#organization\"},\"potentialAction\":[{\"@type\":\"SearchAction\",\"target\":{\"@type\":\"EntryPoint\",\"urlTemplate\":\"https:\\\/\\\/tmssl.com\\\/en\\\/?s={search_term_string}\"},\"query-input\":{\"@type\":\"PropertyValueSpecification\",\"valueRequired\":true,\"valueName\":\"search_term_string\"}}],\"inLanguage\":\"en-GB\"},{\"@type\":\"Organization\",\"@id\":\"https:\\\/\\\/tmssl.com\\\/en\\\/#organization\",\"name\":\"www.tmssl.com\",\"url\":\"https:\\\/\\\/tmssl.com\\\/en\\\/\",\"logo\":{\"@type\":\"ImageObject\",\"inLanguage\":\"en-GB\",\"@id\":\"https:\\\/\\\/tmssl.com\\\/en\\\/#\\\/schema\\\/logo\\\/image\\\/\",\"url\":\"https:\\\/\\\/tmssl.com\\\/wp-content\\\/uploads\\\/2023\\\/07\\\/LOGO-TMS-ALTA-01.jpg\",\"contentUrl\":\"https:\\\/\\\/tmssl.com\\\/wp-content\\\/uploads\\\/2023\\\/07\\\/LOGO-TMS-ALTA-01.jpg\",\"width\":598,\"height\":597,\"caption\":\"www.tmssl.com\"},\"image\":{\"@id\":\"https:\\\/\\\/tmssl.com\\\/en\\\/#\\\/schema\\\/logo\\\/image\\\/\"},\"sameAs\":[\"https:\\\/\\\/www.instagram.com\\\/vinilotextil.tmssl\\\/\"]}]}<\/script>\n<!-- \/ Yoast SEO plugin. -->","yoast_head_json":{"title":"AQUASOL FOTOPOLIMERO - TMS SL","robots":{"index":"index","follow":"follow","max-snippet":"max-snippet:-1","max-image-preview":"max-image-preview:large","max-video-preview":"max-video-preview:-1"},"canonical":"https:\/\/tmssl.com\/en\/product\/aquasol-fotopolimero\/","og_locale":"en_GB","og_type":"article","og_title":"AQUASOL FOTOPOLIMERO - TMS SL","og_description":"Uso e Informaci\u00f3n T\u00e9cnica de la Emulsi\u00f3n Tintas Base Agua Aquasol \u201cMurakami\u201d  A continuaci\u00f3n te explicamos m\u00e1s detalles sobre esta \u201cEmulsi\u00f3n Tintas Base Agua Aquasol -Murakami-\u201d que te ayudar\u00e1n a trabajar con ella. Cualquier duda que te surja cons\u00faltanosla sin compromiso, nuestro\u00a0servicio t\u00e9cnico\u00a0tambi\u00e9n estar\u00e1 encantado de solucion\u00e1rtela.       Caracter\u00edsticas Emulsi\u00f3n Tintas Base Agua Aquasol \u201cMurakami\u201d  AQUASOL es una emulsi\u00f3n fotopol\u00edmero monocomponente presensibilizada para la producci\u00f3n de\u00a0pantallas\u00a0de alta calidad. Es un producto de la empresa MURAKAMI SCREEN, Tokyo. AQUASOL se distingue por su excelente resistencia al agua. Se usa principalmente para las tintas de gran contenido acuoso. Por ejemplo en la industria textil cl\u00e1sica, para confecionar pantallas sin tratamiento ni endurecimiento, ni protecci\u00f3n con barniz, y en la industria cer\u00e1mica para la impresi\u00f3n directa, igualmente sin reforzar.","og_url":"https:\/\/tmssl.com\/en\/product\/aquasol-fotopolimero\/","og_site_name":"TMS SL","article_modified_time":"2022-11-28T10:07:21+00:00","og_image":[{"width":1772,"height":1772,"url":"https:\/\/i0.wp.com\/tmssl.com\/wp-content\/uploads\/2022\/09\/AQUASOL-01.jpg?fit=1772%2C1772&ssl=1","type":"image\/jpeg"}],"twitter_card":"summary_large_image","twitter_misc":{"Estimated reading time":"3 minutes"},"schema":{"@context":"https:\/\/schema.org","@graph":[{"@type":"WebPage","@id":"https:\/\/tmssl.com\/producto\/aquasol-fotopolimero\/","url":"https:\/\/tmssl.com\/producto\/aquasol-fotopolimero\/","name":"AQUASOL FOTOPOLIMERO - TMS SL","isPartOf":{"@id":"https:\/\/tmssl.com\/en\/#website"},"primaryImageOfPage":{"@id":"https:\/\/tmssl.com\/producto\/aquasol-fotopolimero\/#primaryimage"},"image":{"@id":"https:\/\/tmssl.com\/producto\/aquasol-fotopolimero\/#primaryimage"},"thumbnailUrl":"https:\/\/i0.wp.com\/tmssl.com\/wp-content\/uploads\/2022\/09\/AQUASOL-01.jpg?fit=1772%2C1772&ssl=1","datePublished":"2022-09-26T15:19:57+00:00","dateModified":"2022-11-28T10:07:21+00:00","breadcrumb":{"@id":"https:\/\/tmssl.com\/producto\/aquasol-fotopolimero\/#breadcrumb"},"inLanguage":"en-GB","potentialAction":[{"@type":"ReadAction","target":["https:\/\/tmssl.com\/producto\/aquasol-fotopolimero\/"]}]},{"@type":"ImageObject","inLanguage":"en-GB","@id":"https:\/\/tmssl.com\/producto\/aquasol-fotopolimero\/#primaryimage","url":"https:\/\/i0.wp.com\/tmssl.com\/wp-content\/uploads\/2022\/09\/AQUASOL-01.jpg?fit=1772%2C1772&ssl=1","contentUrl":"https:\/\/i0.wp.com\/tmssl.com\/wp-content\/uploads\/2022\/09\/AQUASOL-01.jpg?fit=1772%2C1772&ssl=1","width":1772,"height":1772},{"@type":"BreadcrumbList","@id":"https:\/\/tmssl.com\/producto\/aquasol-fotopolimero\/#breadcrumb","itemListElement":[{"@type":"ListItem","position":1,"name":"Portada","item":"https:\/\/tmssl.com\/"},{"@type":"ListItem","position":2,"name":"Shop","item":"https:\/\/tmssl.com\/shop\/"},{"@type":"ListItem","position":3,"name":"AQUASOL FOTOPOLIMERO"}]},{"@type":"WebSite","@id":"https:\/\/tmssl.com\/en\/#website","url":"https:\/\/tmssl.com\/en\/","name":"www.tmssl.com","description":"Venta de vinilo textil, y consumibles para la personalizacion.","publisher":{"@id":"https:\/\/tmssl.com\/en\/#organization"},"potentialAction":[{"@type":"SearchAction","target":{"@type":"EntryPoint","urlTemplate":"https:\/\/tmssl.com\/en\/?s={search_term_string}"},"query-input":{"@type":"PropertyValueSpecification","valueRequired":true,"valueName":"search_term_string"}}],"inLanguage":"en-GB"},{"@type":"Organization","@id":"https:\/\/tmssl.com\/en\/#organization","name":"www.tmssl.com","url":"https:\/\/tmssl.com\/en\/","logo":{"@type":"ImageObject","inLanguage":"en-GB","@id":"https:\/\/tmssl.com\/en\/#\/schema\/logo\/image\/","url":"https:\/\/tmssl.com\/wp-content\/uploads\/2023\/07\/LOGO-TMS-ALTA-01.jpg","contentUrl":"https:\/\/tmssl.com\/wp-content\/uploads\/2023\/07\/LOGO-TMS-ALTA-01.jpg","width":598,"height":597,"caption":"www.tmssl.com"},"image":{"@id":"https:\/\/tmssl.com\/en\/#\/schema\/logo\/image\/"},"sameAs":["https:\/\/www.instagram.com\/vinilotextil.tmssl\/"]}]}},"jetpack_publicize_connections":[],"jetpack_likes_enabled":true,"jetpack-related-posts":[{"id":9751,"url":"https:\/\/tmssl.com\/en\/product\/aquasol\/","url_meta":{"origin":1901,"position":0},"title":"AQUASOL","author":"Info","date":"18 de November de 2024","format":false,"excerpt":"QUASOL es una emulsi\u00f3n fotopol\u00edmero monocomponente presensibilizada para la producci\u00f3n de\u00a0pantallas\u00a0de alta calidad. Es un producto de la empresa MURAKAMI SCREEN, Tokyo. AQUASOL se distingue por su excelente resistencia al agua. Se usa principalmente para las tintas de gran contenido acuoso. Por ejemplo en la industria textil cl\u00e1sica, para confecionar\u2026","rel":"","context":"Similar post","block_context":{"text":"Similar post","link":""},"img":{"alt_text":"","src":"https:\/\/i0.wp.com\/tmssl.com\/wp-content\/uploads\/2024\/11\/2153-Emulsion-Aquasol-Murakami-Vinilos-y-Serigrafia-e1731943540907.jpg?fit=271%2C252&ssl=1&resize=350%2C200","width":350,"height":200},"classes":[]},{"id":9745,"url":"https:\/\/tmssl.com\/en\/product\/grafic-hu-violet\/","url_meta":{"origin":1901,"position":1},"title":"EMULSION SAATI GRAFIC HU VIOLET","author":"Info","date":"18 de November de 2024","format":false,"excerpt":"Gr\u00e1fica general industrial y de exposici\u00f3n, discos compactos, impresi\u00f3n de medios tonos. CARACTER\u00cdSTICAS GENERALES Emulsi\u00f3n directa de doble endurecimiento para la impresi\u00f3n de tintas UV, plastisol, solventes y tintas al agua Excelente definici\u00f3n de impresi\u00f3n sobre cualquier malla Al secarse, las pantallas carecen de la pegajosidad t\u00edpica de la emulsi\u00f3n\u2026","rel":"","context":"Similar post","block_context":{"text":"Similar post","link":""},"img":{"alt_text":"","src":"https:\/\/i0.wp.com\/tmssl.com\/wp-content\/uploads\/2024\/11\/emulsion-saati-grafic-hu1.jpg?fit=393%2C393&ssl=1&resize=350%2C200","width":350,"height":200},"classes":[]},{"id":1898,"url":"https:\/\/tmssl.com\/en\/product\/ht-fast\/","url_meta":{"origin":1901,"position":2},"title":"HT FAST","author":"Info","date":"26 de September de 2022","format":false,"excerpt":"Estampaci\u00f3n textil de lecho plano, incluida la estampaci\u00f3n de purpurina, la estampaci\u00f3n por descarga y la estampaci\u00f3n de prendas de vestir. CARACTER\u00cdSTICAS Emulsi\u00f3n azul de triple curado para la estampaci\u00f3n de tintas plastisol y tintas al agua Alta resoluci\u00f3n y definici\u00f3n Muy f\u00e1cil de recuperar antes de utilizar el endurecedor\u2026","rel":"","context":"Similar post","block_context":{"text":"Similar post","link":""},"img":{"alt_text":"","src":"https:\/\/i0.wp.com\/tmssl.com\/wp-content\/uploads\/2022\/09\/emulsion-saati-ht-fast-09-kg.webp?fit=928%2C1200&ssl=1&resize=350%2C200","width":350,"height":200,"srcset":"https:\/\/i0.wp.com\/tmssl.com\/wp-content\/uploads\/2022\/09\/emulsion-saati-ht-fast-09-kg.webp?fit=928%2C1200&ssl=1&resize=350%2C200 1x, https:\/\/i0.wp.com\/tmssl.com\/wp-content\/uploads\/2022\/09\/emulsion-saati-ht-fast-09-kg.webp?fit=928%2C1200&ssl=1&resize=525%2C300 1.5x, https:\/\/i0.wp.com\/tmssl.com\/wp-content\/uploads\/2022\/09\/emulsion-saati-ht-fast-09-kg.webp?fit=928%2C1200&ssl=1&resize=700%2C400 2x"},"classes":[]},{"id":1893,"url":"https:\/\/tmssl.com\/en\/product\/fotolito-base-agua\/","url_meta":{"origin":1901,"position":3},"title":"FOTOLITO BASE AGUA","author":"Info","date":"26 de September de 2022","format":false,"excerpt":"Film de poli\u00e9ster para la impresi\u00f3n de fotolitos aptos para serigraf\u00eda, flexograf\u00eda y offset. V\u00e1lido para tintas base agua tipo dye y pigment (no tintas solventes o ecosolventes). Ideal para impresoras convencionales tipo Epson, Canon, HP, etc. Alta opacidad\u00a0 Resistente al agua Ideal para serigraf\u00eda, flexo, offset Gran estabilidad dimensional\u2026","rel":"","context":"Similar post","block_context":{"text":"Similar post","link":""},"img":{"alt_text":"","src":"https:\/\/i0.wp.com\/tmssl.com\/wp-content\/uploads\/2022\/09\/FOTOLITO-01.jpg?fit=1200%2C1200&ssl=1&resize=350%2C200","width":350,"height":200,"srcset":"https:\/\/i0.wp.com\/tmssl.com\/wp-content\/uploads\/2022\/09\/FOTOLITO-01.jpg?fit=1200%2C1200&ssl=1&resize=350%2C200 1x, https:\/\/i0.wp.com\/tmssl.com\/wp-content\/uploads\/2022\/09\/FOTOLITO-01.jpg?fit=1200%2C1200&ssl=1&resize=525%2C300 1.5x, https:\/\/i0.wp.com\/tmssl.com\/wp-content\/uploads\/2022\/09\/FOTOLITO-01.jpg?fit=1200%2C1200&ssl=1&resize=700%2C400 2x, https:\/\/i0.wp.com\/tmssl.com\/wp-content\/uploads\/2022\/09\/FOTOLITO-01.jpg?fit=1200%2C1200&ssl=1&resize=1050%2C600 3x"},"classes":[]},{"id":1735,"url":"https:\/\/tmssl.com\/en\/product\/tinta-dtf\/","url_meta":{"origin":1901,"position":4},"title":"TINTA DTF OASIS 30\/60","author":"Info","date":"22 de September de 2022","format":false,"excerpt":"Tintas textiles base agua aptas para su uso en la t\u00e9cnica DTF (Direct Transfer Film).\u00a0 Estampaciones con tonos vibrantes y alta flexibilidad que no se cuartean al estirarse. Aplicables sobre tejidos de algod\u00f3n, poli\u00e9ster y sus mezclas, tanto claros como oscuros. Alta durabilidad y resistencia a lavados sin p\u00e9rdida de\u2026","rel":"","context":"Similar post","block_context":{"text":"Similar post","link":""},"img":{"alt_text":"","src":"https:\/\/i0.wp.com\/tmssl.com\/wp-content\/uploads\/2024\/02\/DTF-2.jpg?fit=1024%2C1024&ssl=1&resize=350%2C200","width":350,"height":200,"srcset":"https:\/\/i0.wp.com\/tmssl.com\/wp-content\/uploads\/2024\/02\/DTF-2.jpg?fit=1024%2C1024&ssl=1&resize=350%2C200 1x, https:\/\/i0.wp.com\/tmssl.com\/wp-content\/uploads\/2024\/02\/DTF-2.jpg?fit=1024%2C1024&ssl=1&resize=525%2C300 1.5x, https:\/\/i0.wp.com\/tmssl.com\/wp-content\/uploads\/2024\/02\/DTF-2.jpg?fit=1024%2C1024&ssl=1&resize=700%2C400 2x"},"classes":[]},{"id":7699,"url":"https:\/\/tmssl.com\/en\/product\/tinta-dtf-oasis-30-pro\/","url_meta":{"origin":1901,"position":5},"title":"TINTA DTF OASIS 30 PRO","author":"Info","date":"27 de February de 2024","format":false,"excerpt":"Tintas textiles base agua aptas para su uso en la t\u00e9cnica DTF (Direct Transfer Film).\u00a0 Estampaciones con tonos vibrantes y alta flexibilidad que no se cuartean al estirarse. Aplicables sobre tejidos de algod\u00f3n, poli\u00e9ster y sus mezclas, tanto claros como oscuros. Alta durabilidad y resistencia a lavados sin p\u00e9rdida de\u2026","rel":"","context":"Similar post","block_context":{"text":"Similar post","link":""},"img":{"alt_text":"","src":"https:\/\/i0.wp.com\/tmssl.com\/wp-content\/uploads\/2024\/02\/tintas-DTF30-PRO-montaje-1.jpg?fit=1024%2C1024&ssl=1&resize=350%2C200","width":350,"height":200,"srcset":"https:\/\/i0.wp.com\/tmssl.com\/wp-content\/uploads\/2024\/02\/tintas-DTF30-PRO-montaje-1.jpg?fit=1024%2C1024&ssl=1&resize=350%2C200 1x, https:\/\/i0.wp.com\/tmssl.com\/wp-content\/uploads\/2024\/02\/tintas-DTF30-PRO-montaje-1.jpg?fit=1024%2C1024&ssl=1&resize=525%2C300 1.5x, https:\/\/i0.wp.com\/tmssl.com\/wp-content\/uploads\/2024\/02\/tintas-DTF30-PRO-montaje-1.jpg?fit=1024%2C1024&ssl=1&resize=700%2C400 2x"},"classes":[]}],"jetpack_sharing_enabled":true,"tiered_pricing_type":"fixed","tiered_pricing_fixed_rules":[],"tiered_pricing_product_settings":{"layout":"default","base_unit_name":{"singular":null,"plural":null},"default_variation":null},"tiered_pricing_minimum_quantity":null,"tiered_pricing_roles_data":[],"tiered_pricing_percentage_rules":[],"_links":{"self":[{"href":"https:\/\/tmssl.com\/en\/wp-json\/wp\/v2\/product\/1901","targetHints":{"allow":["GET"]}}],"collection":[{"href":"https:\/\/tmssl.com\/en\/wp-json\/wp\/v2\/product"}],"about":[{"href":"https:\/\/tmssl.com\/en\/wp-json\/wp\/v2\/types\/product"}],"replies":[{"embeddable":true,"href":"https:\/\/tmssl.com\/en\/wp-json\/wp\/v2\/comments?post=1901"}],"version-history":[{"count":1,"href":"https:\/\/tmssl.com\/en\/wp-json\/wp\/v2\/product\/1901\/revisions"}],"predecessor-version":[{"id":1903,"href":"https:\/\/tmssl.com\/en\/wp-json\/wp\/v2\/product\/1901\/revisions\/1903"}],"wp:featuredmedia":[{"embeddable":true,"href":"https:\/\/tmssl.com\/en\/wp-json\/wp\/v2\/media\/1872"}],"wp:attachment":[{"href":"https:\/\/tmssl.com\/en\/wp-json\/wp\/v2\/media?parent=1901"}],"wp:term":[{"taxonomy":"product_brand","embeddable":true,"href":"https:\/\/tmssl.com\/en\/wp-json\/wp\/v2\/product_brand?post=1901"},{"taxonomy":"product_cat","embeddable":true,"href":"https:\/\/tmssl.com\/en\/wp-json\/wp\/v2\/product_cat?post=1901"},{"taxonomy":"product_tag","embeddable":true,"href":"https:\/\/tmssl.com\/en\/wp-json\/wp\/v2\/product_tag?post=1901"}],"curies":[{"name":"wp","href":"https:\/\/api.w.org\/{rel}","templated":true}]}}