{"id":3163,"date":"2022-11-08T10:25:41","date_gmt":"2022-11-08T09:25:41","guid":{"rendered":"https:\/\/tmssl.com\/?post_type=product&#038;p=3163"},"modified":"2023-11-22T09:30:35","modified_gmt":"2023-11-22T08:30:35","slug":"tapete-light-tack-juliet","status":"publish","type":"product","link":"https:\/\/tmssl.com\/en\/product\/tapete-light-tack-juliet\/","title":{"rendered":"TAPETE LIGHT TACK JULIET 12X12"},"content":{"rendered":"","protected":false},"excerpt":{"rendered":"","protected":false},"featured_media":3159,"comment_status":"open","ping_status":"closed","template":"","meta":{"_crdt_document":"","jetpack_publicize_message":"","jetpack_publicize_feature_enabled":true,"jetpack_social_post_already_shared":true,"jetpack_social_options":{"image_generator_settings":{"template":"highway","default_image_id":0,"font":"","enabled":false},"version":2},"_wpas_customize_per_network":false},"product_brand":[],"product_cat":[122605,122604,122607,122606],"product_tag":[],"class_list":{"0":"post-3163","1":"product","2":"type-product","3":"status-publish","4":"has-post-thumbnail","6":"product_cat-accesorios-craft","7":"product_cat-craft","8":"product_cat-accesorios-y-cuchillas","9":"product_cat-plotter-de-corte","11":"first","12":"onbackorder","13":"taxable","14":"shipping-taxable","15":"purchasable","16":"product-type-simple"},"yoast_head":"<!-- This site is optimized with the Yoast SEO plugin v27.6 - https:\/\/yoast.com\/product\/yoast-seo-wordpress\/ -->\n<title>TAPETE LIGHT TACK JULIET 12X12 - TMS SL<\/title>\n<meta name=\"robots\" content=\"index, follow, max-snippet:-1, max-image-preview:large, max-video-preview:-1\" \/>\n<link rel=\"canonical\" href=\"https:\/\/tmssl.com\/en\/product\/tapete-light-tack-juliet\/\" \/>\n<meta property=\"og:locale\" content=\"en_GB\" \/>\n<meta property=\"og:type\" content=\"article\" \/>\n<meta property=\"og:title\" content=\"TAPETE LIGHT TACK JULIET 12X12 - TMS SL\" \/>\n<meta property=\"og:url\" content=\"https:\/\/tmssl.com\/en\/product\/tapete-light-tack-juliet\/\" \/>\n<meta property=\"og:site_name\" content=\"TMS SL\" \/>\n<meta property=\"article:modified_time\" content=\"2023-11-22T08:30:35+00:00\" \/>\n<meta property=\"og:image\" content=\"https:\/\/i0.wp.com\/tmssl.com\/wp-content\/uploads\/2022\/11\/CuttingMat-Light12_1.jpg?fit=1600%2C1600&ssl=1\" \/>\n\t<meta property=\"og:image:width\" content=\"1600\" \/>\n\t<meta property=\"og:image:height\" content=\"1600\" \/>\n\t<meta property=\"og:image:type\" content=\"image\/jpeg\" \/>\n<meta name=\"twitter:card\" content=\"summary_large_image\" \/>\n<script type=\"application\/ld+json\" class=\"yoast-schema-graph\">{\"@context\":\"https:\\\/\\\/schema.org\",\"@graph\":[{\"@type\":\"WebPage\",\"@id\":\"https:\\\/\\\/tmssl.com\\\/producto\\\/tapete-light-tack-juliet\\\/\",\"url\":\"https:\\\/\\\/tmssl.com\\\/producto\\\/tapete-light-tack-juliet\\\/\",\"name\":\"TAPETE LIGHT TACK JULIET 12X12 - TMS SL\",\"isPartOf\":{\"@id\":\"https:\\\/\\\/tmssl.com\\\/en\\\/#website\"},\"primaryImageOfPage\":{\"@id\":\"https:\\\/\\\/tmssl.com\\\/producto\\\/tapete-light-tack-juliet\\\/#primaryimage\"},\"image\":{\"@id\":\"https:\\\/\\\/tmssl.com\\\/producto\\\/tapete-light-tack-juliet\\\/#primaryimage\"},\"thumbnailUrl\":\"https:\\\/\\\/i0.wp.com\\\/tmssl.com\\\/wp-content\\\/uploads\\\/2022\\\/11\\\/CuttingMat-Light12_1.jpg?fit=1600%2C1600&ssl=1\",\"datePublished\":\"2022-11-08T09:25:41+00:00\",\"dateModified\":\"2023-11-22T08:30:35+00:00\",\"breadcrumb\":{\"@id\":\"https:\\\/\\\/tmssl.com\\\/producto\\\/tapete-light-tack-juliet\\\/#breadcrumb\"},\"inLanguage\":\"en-GB\",\"potentialAction\":[{\"@type\":\"ReadAction\",\"target\":[\"https:\\\/\\\/tmssl.com\\\/producto\\\/tapete-light-tack-juliet\\\/\"]}]},{\"@type\":\"ImageObject\",\"inLanguage\":\"en-GB\",\"@id\":\"https:\\\/\\\/tmssl.com\\\/producto\\\/tapete-light-tack-juliet\\\/#primaryimage\",\"url\":\"https:\\\/\\\/i0.wp.com\\\/tmssl.com\\\/wp-content\\\/uploads\\\/2022\\\/11\\\/CuttingMat-Light12_1.jpg?fit=1600%2C1600&ssl=1\",\"contentUrl\":\"https:\\\/\\\/i0.wp.com\\\/tmssl.com\\\/wp-content\\\/uploads\\\/2022\\\/11\\\/CuttingMat-Light12_1.jpg?fit=1600%2C1600&ssl=1\",\"width\":1600,\"height\":1600},{\"@type\":\"BreadcrumbList\",\"@id\":\"https:\\\/\\\/tmssl.com\\\/producto\\\/tapete-light-tack-juliet\\\/#breadcrumb\",\"itemListElement\":[{\"@type\":\"ListItem\",\"position\":1,\"name\":\"Portada\",\"item\":\"https:\\\/\\\/tmssl.com\\\/\"},{\"@type\":\"ListItem\",\"position\":2,\"name\":\"Shop\",\"item\":\"https:\\\/\\\/tmssl.com\\\/shop\\\/\"},{\"@type\":\"ListItem\",\"position\":3,\"name\":\"TAPETE LIGHT TACK JULIET 12X12\"}]},{\"@type\":\"WebSite\",\"@id\":\"https:\\\/\\\/tmssl.com\\\/en\\\/#website\",\"url\":\"https:\\\/\\\/tmssl.com\\\/en\\\/\",\"name\":\"www.tmssl.com\",\"description\":\"Venta de vinilo textil, y consumibles para la personalizacion.\",\"publisher\":{\"@id\":\"https:\\\/\\\/tmssl.com\\\/en\\\/#organization\"},\"potentialAction\":[{\"@type\":\"SearchAction\",\"target\":{\"@type\":\"EntryPoint\",\"urlTemplate\":\"https:\\\/\\\/tmssl.com\\\/en\\\/?s={search_term_string}\"},\"query-input\":{\"@type\":\"PropertyValueSpecification\",\"valueRequired\":true,\"valueName\":\"search_term_string\"}}],\"inLanguage\":\"en-GB\"},{\"@type\":\"Organization\",\"@id\":\"https:\\\/\\\/tmssl.com\\\/en\\\/#organization\",\"name\":\"www.tmssl.com\",\"url\":\"https:\\\/\\\/tmssl.com\\\/en\\\/\",\"logo\":{\"@type\":\"ImageObject\",\"inLanguage\":\"en-GB\",\"@id\":\"https:\\\/\\\/tmssl.com\\\/en\\\/#\\\/schema\\\/logo\\\/image\\\/\",\"url\":\"https:\\\/\\\/tmssl.com\\\/wp-content\\\/uploads\\\/2023\\\/07\\\/LOGO-TMS-ALTA-01.jpg\",\"contentUrl\":\"https:\\\/\\\/tmssl.com\\\/wp-content\\\/uploads\\\/2023\\\/07\\\/LOGO-TMS-ALTA-01.jpg\",\"width\":598,\"height\":597,\"caption\":\"www.tmssl.com\"},\"image\":{\"@id\":\"https:\\\/\\\/tmssl.com\\\/en\\\/#\\\/schema\\\/logo\\\/image\\\/\"},\"sameAs\":[\"https:\\\/\\\/www.instagram.com\\\/vinilotextil.tmssl\\\/\"]}]}<\/script>\n<!-- \/ Yoast SEO plugin. -->","yoast_head_json":{"title":"TAPETE LIGHT TACK JULIET 12X12 - TMS SL","robots":{"index":"index","follow":"follow","max-snippet":"max-snippet:-1","max-image-preview":"max-image-preview:large","max-video-preview":"max-video-preview:-1"},"canonical":"https:\/\/tmssl.com\/en\/product\/tapete-light-tack-juliet\/","og_locale":"en_GB","og_type":"article","og_title":"TAPETE LIGHT TACK JULIET 12X12 - TMS SL","og_url":"https:\/\/tmssl.com\/en\/product\/tapete-light-tack-juliet\/","og_site_name":"TMS SL","article_modified_time":"2023-11-22T08:30:35+00:00","og_image":[{"width":1600,"height":1600,"url":"https:\/\/i0.wp.com\/tmssl.com\/wp-content\/uploads\/2022\/11\/CuttingMat-Light12_1.jpg?fit=1600%2C1600&ssl=1","type":"image\/jpeg"}],"twitter_card":"summary_large_image","schema":{"@context":"https:\/\/schema.org","@graph":[{"@type":"WebPage","@id":"https:\/\/tmssl.com\/producto\/tapete-light-tack-juliet\/","url":"https:\/\/tmssl.com\/producto\/tapete-light-tack-juliet\/","name":"TAPETE LIGHT TACK JULIET 12X12 - TMS SL","isPartOf":{"@id":"https:\/\/tmssl.com\/en\/#website"},"primaryImageOfPage":{"@id":"https:\/\/tmssl.com\/producto\/tapete-light-tack-juliet\/#primaryimage"},"image":{"@id":"https:\/\/tmssl.com\/producto\/tapete-light-tack-juliet\/#primaryimage"},"thumbnailUrl":"https:\/\/i0.wp.com\/tmssl.com\/wp-content\/uploads\/2022\/11\/CuttingMat-Light12_1.jpg?fit=1600%2C1600&ssl=1","datePublished":"2022-11-08T09:25:41+00:00","dateModified":"2023-11-22T08:30:35+00:00","breadcrumb":{"@id":"https:\/\/tmssl.com\/producto\/tapete-light-tack-juliet\/#breadcrumb"},"inLanguage":"en-GB","potentialAction":[{"@type":"ReadAction","target":["https:\/\/tmssl.com\/producto\/tapete-light-tack-juliet\/"]}]},{"@type":"ImageObject","inLanguage":"en-GB","@id":"https:\/\/tmssl.com\/producto\/tapete-light-tack-juliet\/#primaryimage","url":"https:\/\/i0.wp.com\/tmssl.com\/wp-content\/uploads\/2022\/11\/CuttingMat-Light12_1.jpg?fit=1600%2C1600&ssl=1","contentUrl":"https:\/\/i0.wp.com\/tmssl.com\/wp-content\/uploads\/2022\/11\/CuttingMat-Light12_1.jpg?fit=1600%2C1600&ssl=1","width":1600,"height":1600},{"@type":"BreadcrumbList","@id":"https:\/\/tmssl.com\/producto\/tapete-light-tack-juliet\/#breadcrumb","itemListElement":[{"@type":"ListItem","position":1,"name":"Portada","item":"https:\/\/tmssl.com\/"},{"@type":"ListItem","position":2,"name":"Shop","item":"https:\/\/tmssl.com\/shop\/"},{"@type":"ListItem","position":3,"name":"TAPETE LIGHT TACK JULIET 12X12"}]},{"@type":"WebSite","@id":"https:\/\/tmssl.com\/en\/#website","url":"https:\/\/tmssl.com\/en\/","name":"www.tmssl.com","description":"Venta de vinilo textil, y consumibles para la personalizacion.","publisher":{"@id":"https:\/\/tmssl.com\/en\/#organization"},"potentialAction":[{"@type":"SearchAction","target":{"@type":"EntryPoint","urlTemplate":"https:\/\/tmssl.com\/en\/?s={search_term_string}"},"query-input":{"@type":"PropertyValueSpecification","valueRequired":true,"valueName":"search_term_string"}}],"inLanguage":"en-GB"},{"@type":"Organization","@id":"https:\/\/tmssl.com\/en\/#organization","name":"www.tmssl.com","url":"https:\/\/tmssl.com\/en\/","logo":{"@type":"ImageObject","inLanguage":"en-GB","@id":"https:\/\/tmssl.com\/en\/#\/schema\/logo\/image\/","url":"https:\/\/tmssl.com\/wp-content\/uploads\/2023\/07\/LOGO-TMS-ALTA-01.jpg","contentUrl":"https:\/\/tmssl.com\/wp-content\/uploads\/2023\/07\/LOGO-TMS-ALTA-01.jpg","width":598,"height":597,"caption":"www.tmssl.com"},"image":{"@id":"https:\/\/tmssl.com\/en\/#\/schema\/logo\/image\/"},"sameAs":["https:\/\/www.instagram.com\/vinilotextil.tmssl\/"]}]}},"jetpack_publicize_connections":[],"jetpack_likes_enabled":true,"jetpack-related-posts":[{"id":3156,"url":"https:\/\/tmssl.com\/en\/product\/tapete-high-tack-juliet\/","url_meta":{"origin":3163,"position":0},"title":"TAPETE HIGH TACK JULIET 12X12","author":"Info","date":"8 de November de 2022","format":false,"excerpt":"","rel":"","context":"Similar post","block_context":{"text":"Similar post","link":""},"img":{"alt_text":"","src":"https:\/\/i0.wp.com\/tmssl.com\/wp-content\/uploads\/2022\/11\/CuttingMat-High12_1b.jpg?fit=1200%2C1200&ssl=1&resize=350%2C200","width":350,"height":200,"srcset":"https:\/\/i0.wp.com\/tmssl.com\/wp-content\/uploads\/2022\/11\/CuttingMat-High12_1b.jpg?fit=1200%2C1200&ssl=1&resize=350%2C200 1x, https:\/\/i0.wp.com\/tmssl.com\/wp-content\/uploads\/2022\/11\/CuttingMat-High12_1b.jpg?fit=1200%2C1200&ssl=1&resize=525%2C300 1.5x, https:\/\/i0.wp.com\/tmssl.com\/wp-content\/uploads\/2022\/11\/CuttingMat-High12_1b.jpg?fit=1200%2C1200&ssl=1&resize=700%2C400 2x, https:\/\/i0.wp.com\/tmssl.com\/wp-content\/uploads\/2022\/11\/CuttingMat-High12_1b.jpg?fit=1200%2C1200&ssl=1&resize=1050%2C600 3x"},"classes":[]},{"id":3164,"url":"https:\/\/tmssl.com\/en\/product\/tapete-high-tack-juliet-12x24\/","url_meta":{"origin":3163,"position":1},"title":"TAPETE HIGH TACK JULIET 12X24","author":"Info","date":"8 de November de 2022","format":false,"excerpt":"","rel":"","context":"Similar post","block_context":{"text":"Similar post","link":""},"img":{"alt_text":"","src":"https:\/\/i0.wp.com\/tmssl.com\/wp-content\/uploads\/2022\/11\/CuttingMat-High24_1.jpg?fit=1200%2C1200&ssl=1&resize=350%2C200","width":350,"height":200,"srcset":"https:\/\/i0.wp.com\/tmssl.com\/wp-content\/uploads\/2022\/11\/CuttingMat-High24_1.jpg?fit=1200%2C1200&ssl=1&resize=350%2C200 1x, https:\/\/i0.wp.com\/tmssl.com\/wp-content\/uploads\/2022\/11\/CuttingMat-High24_1.jpg?fit=1200%2C1200&ssl=1&resize=525%2C300 1.5x, https:\/\/i0.wp.com\/tmssl.com\/wp-content\/uploads\/2022\/11\/CuttingMat-High24_1.jpg?fit=1200%2C1200&ssl=1&resize=700%2C400 2x, https:\/\/i0.wp.com\/tmssl.com\/wp-content\/uploads\/2022\/11\/CuttingMat-High24_1.jpg?fit=1200%2C1200&ssl=1&resize=1050%2C600 3x"},"classes":[]},{"id":12945,"url":"https:\/\/tmssl.com\/en\/product\/juliet-christmas-bundle\/","url_meta":{"origin":3163,"position":2},"title":"JULIET CHRISTMAS BUNDLE","author":"Info","date":"11 de November de 2025","format":false,"excerpt":"PACK ESPECIAL PARA NAVIDAD Juliet .-Plotter de corte alta definici\u00f3n. Adhesivos imprimibles acabado mate .-10 hojas en A4. Adhesivos imprimibles acabado brillante .-10 hojas en A4. Adhesivos imprimibles acabado hologr\u00e1fico.-10 hojas en A4. Easyweed.- Vinilo textil blanco y negro 12 hojas 30x30cm. GLITTER 14K .-Mini rollo de 30x50cm. GLITTER RED\u2026","rel":"","context":"Similar post","block_context":{"text":"Similar post","link":""},"img":{"alt_text":"","src":"https:\/\/i0.wp.com\/tmssl.com\/wp-content\/uploads\/2025\/11\/CHRISTMAS-BUNBLE-1.png?fit=1181%2C1181&ssl=1&resize=350%2C200","width":350,"height":200,"srcset":"https:\/\/i0.wp.com\/tmssl.com\/wp-content\/uploads\/2025\/11\/CHRISTMAS-BUNBLE-1.png?fit=1181%2C1181&ssl=1&resize=350%2C200 1x, https:\/\/i0.wp.com\/tmssl.com\/wp-content\/uploads\/2025\/11\/CHRISTMAS-BUNBLE-1.png?fit=1181%2C1181&ssl=1&resize=525%2C300 1.5x, https:\/\/i0.wp.com\/tmssl.com\/wp-content\/uploads\/2025\/11\/CHRISTMAS-BUNBLE-1.png?fit=1181%2C1181&ssl=1&resize=700%2C400 2x, https:\/\/i0.wp.com\/tmssl.com\/wp-content\/uploads\/2025\/11\/CHRISTMAS-BUNBLE-1.png?fit=1181%2C1181&ssl=1&resize=1050%2C600 3x"},"classes":[]},{"id":3226,"url":"https:\/\/tmssl.com\/en\/product\/juliet-2\/","url_meta":{"origin":3163,"position":3},"title":"PLOTTER DE CORTE SISER JULIET","author":"Info","date":"22 de November de 2022","format":false,"excerpt":"Cortador de alta definici\u00f3n Juliet\u2122 de 30 cm Crear, cortar, amar, repetir Juliet puede parecer lo suficientemente inocente al principio, pero a pesar del tama\u00f1o compacto y el brillo sensual, esta cortadora de alta definici\u00f3n est\u00e1 por encima del resto, incluso se podr\u00eda decir que est\u00e1 a la altura del\u2026","rel":"","context":"Similar post","block_context":{"text":"Similar post","link":""},"img":{"alt_text":"","src":"https:\/\/i0.wp.com\/tmssl.com\/wp-content\/uploads\/2023\/02\/JULIET_STRAIGHT_LEFTSIDE-2.png?fit=1200%2C777&ssl=1&resize=350%2C200","width":350,"height":200,"srcset":"https:\/\/i0.wp.com\/tmssl.com\/wp-content\/uploads\/2023\/02\/JULIET_STRAIGHT_LEFTSIDE-2.png?fit=1200%2C777&ssl=1&resize=350%2C200 1x, https:\/\/i0.wp.com\/tmssl.com\/wp-content\/uploads\/2023\/02\/JULIET_STRAIGHT_LEFTSIDE-2.png?fit=1200%2C777&ssl=1&resize=525%2C300 1.5x, https:\/\/i0.wp.com\/tmssl.com\/wp-content\/uploads\/2023\/02\/JULIET_STRAIGHT_LEFTSIDE-2.png?fit=1200%2C777&ssl=1&resize=700%2C400 2x, https:\/\/i0.wp.com\/tmssl.com\/wp-content\/uploads\/2023\/02\/JULIET_STRAIGHT_LEFTSIDE-2.png?fit=1200%2C777&ssl=1&resize=1050%2C600 3x"},"classes":[]},{"id":4946,"url":"https:\/\/tmssl.com\/en\/product\/romeo\/","url_meta":{"origin":3163,"position":4},"title":"PLOTTER DE CORTE SISER ROMEO","author":"Info","date":"18 de April de 2023","format":false,"excerpt":"Plotter de corte de alta definici\u00f3n Siser Romeo con un ancho de 24''. Este complet\u00edsimo plotter viene equipado con cuchillas de alta calidad y unas caracter\u00edsticas que lo convierten en el l\u00edder de toda la gama de plotters Siser. \u00a1Nunca hubo un plotter de corte m\u00e1s profesional que el modelo\u2026","rel":"","context":"Similar post","block_context":{"text":"Similar post","link":""},"img":{"alt_text":"","src":"https:\/\/i0.wp.com\/tmssl.com\/wp-content\/uploads\/2023\/04\/img_2943.jpg?fit=1200%2C745&ssl=1&resize=350%2C200","width":350,"height":200,"srcset":"https:\/\/i0.wp.com\/tmssl.com\/wp-content\/uploads\/2023\/04\/img_2943.jpg?fit=1200%2C745&ssl=1&resize=350%2C200 1x, https:\/\/i0.wp.com\/tmssl.com\/wp-content\/uploads\/2023\/04\/img_2943.jpg?fit=1200%2C745&ssl=1&resize=525%2C300 1.5x, https:\/\/i0.wp.com\/tmssl.com\/wp-content\/uploads\/2023\/04\/img_2943.jpg?fit=1200%2C745&ssl=1&resize=700%2C400 2x, https:\/\/i0.wp.com\/tmssl.com\/wp-content\/uploads\/2023\/04\/img_2943.jpg?fit=1200%2C745&ssl=1&resize=1050%2C600 3x"},"classes":[]},{"id":8044,"url":"https:\/\/tmssl.com\/en\/product\/portarollos-juliet\/","url_meta":{"origin":3163,"position":5},"title":"PORTAROLLOS JULIET","author":"Info","date":"22 de April de 2024","format":false,"excerpt":"Con el portarollos Siser\u00ae Juliet\u2122, cortar grandes vol\u00famenes de material nunca ha sido tan f\u00e1cil. El portarollos no s\u00f3lo est\u00e1 dise\u00f1ado para aumentar la eficiencia sino tambi\u00e9n para garantizar la precisi\u00f3n en el corte. Al mantener el rollo en su lugar, el soporte del rollo evita que el material se\u2026","rel":"","context":"Similar post","block_context":{"text":"Similar post","link":""},"img":{"alt_text":"","src":"https:\/\/i0.wp.com\/tmssl.com\/wp-content\/uploads\/2024\/04\/portabobinas-para-plotter-siser-juliet.jpg?fit=800%2C800&ssl=1&resize=350%2C200","width":350,"height":200,"srcset":"https:\/\/i0.wp.com\/tmssl.com\/wp-content\/uploads\/2024\/04\/portabobinas-para-plotter-siser-juliet.jpg?fit=800%2C800&ssl=1&resize=350%2C200 1x, https:\/\/i0.wp.com\/tmssl.com\/wp-content\/uploads\/2024\/04\/portabobinas-para-plotter-siser-juliet.jpg?fit=800%2C800&ssl=1&resize=525%2C300 1.5x, https:\/\/i0.wp.com\/tmssl.com\/wp-content\/uploads\/2024\/04\/portabobinas-para-plotter-siser-juliet.jpg?fit=800%2C800&ssl=1&resize=700%2C400 2x"},"classes":[]}],"jetpack_sharing_enabled":true,"tiered_pricing_type":"fixed","tiered_pricing_fixed_rules":[],"tiered_pricing_product_settings":{"layout":"default","base_unit_name":{"singular":null,"plural":null},"default_variation":null},"tiered_pricing_minimum_quantity":null,"tiered_pricing_roles_data":[],"tiered_pricing_percentage_rules":[],"_links":{"self":[{"href":"https:\/\/tmssl.com\/en\/wp-json\/wp\/v2\/product\/3163","targetHints":{"allow":["GET"]}}],"collection":[{"href":"https:\/\/tmssl.com\/en\/wp-json\/wp\/v2\/product"}],"about":[{"href":"https:\/\/tmssl.com\/en\/wp-json\/wp\/v2\/types\/product"}],"replies":[{"embeddable":true,"href":"https:\/\/tmssl.com\/en\/wp-json\/wp\/v2\/comments?post=3163"}],"version-history":[{"count":1,"href":"https:\/\/tmssl.com\/en\/wp-json\/wp\/v2\/product\/3163\/revisions"}],"predecessor-version":[{"id":6235,"href":"https:\/\/tmssl.com\/en\/wp-json\/wp\/v2\/product\/3163\/revisions\/6235"}],"wp:featuredmedia":[{"embeddable":true,"href":"https:\/\/tmssl.com\/en\/wp-json\/wp\/v2\/media\/3159"}],"wp:attachment":[{"href":"https:\/\/tmssl.com\/en\/wp-json\/wp\/v2\/media?parent=3163"}],"wp:term":[{"taxonomy":"product_brand","embeddable":true,"href":"https:\/\/tmssl.com\/en\/wp-json\/wp\/v2\/product_brand?post=3163"},{"taxonomy":"product_cat","embeddable":true,"href":"https:\/\/tmssl.com\/en\/wp-json\/wp\/v2\/product_cat?post=3163"},{"taxonomy":"product_tag","embeddable":true,"href":"https:\/\/tmssl.com\/en\/wp-json\/wp\/v2\/product_tag?post=3163"}],"curies":[{"name":"wp","href":"https:\/\/api.w.org\/{rel}","templated":true}]}}