{"id":3753,"date":"2022-12-19T13:05:13","date_gmt":"2022-12-19T12:05:13","guid":{"rendered":"https:\/\/tmssl.com\/?post_type=product&#038;p=3753"},"modified":"2026-04-28T20:18:37","modified_gmt":"2026-04-28T18:18:37","slug":"metamark-serie-7","status":"publish","type":"product","link":"https:\/\/tmssl.com\/en\/product\/metamark-serie-7\/","title":{"rendered":"METAMARK SERIE 7 ACABADO BRILLO"},"content":{"rendered":"","protected":false},"excerpt":{"rendered":"<p style=\"text-align: center;\"><em><img decoding=\"async\" class=\"alignnone size-medium wp-image-11800\" src=\"https:\/\/tmssl.com\/wp-content\/uploads\/2025\/04\/METAMARK-300x92.png\" alt=\"\" width=\"300\" height=\"92\" srcset=\"https:\/\/i0.wp.com\/tmssl.com\/wp-content\/uploads\/2025\/04\/METAMARK.webp?resize=300%2C92&amp;ssl=1 300w, https:\/\/i0.wp.com\/tmssl.com\/wp-content\/uploads\/2025\/04\/METAMARK.webp?resize=18%2C6&amp;ssl=1 18w, https:\/\/i0.wp.com\/tmssl.com\/wp-content\/uploads\/2025\/04\/METAMARK.webp?w=405&amp;ssl=1 405w\" sizes=\"(max-width: 300px) 100vw, 300px\" \/><\/em><\/p>\n<p style=\"text-align: center;\"><em>Vinilo de corte de rotulaci\u00f3n acabado brillante.<\/em><\/p>\n<p style=\"text-align: center;\"><em>Peli\u0301cula de PVC calandrado de alta duracio\u0301n en 70mc, polime\u0301rico y con una gama de 91 colores.<\/em><\/p>\n<p style=\"text-align: center;\"><em> Cumple las especificaciones Fire Retardants, Class B. <\/em><\/p>\n<p style=\"text-align: center;\"><em>Su cola especial Apex Adhesive System tiene la propiedad de no dejar apenas restos de cola sobre la superficie rotulada.<\/em><\/p>\n<p style=\"text-align: center;\"><strong><em>Precio expresado por rollos de 5 metros por 61 cm.<\/em><\/strong><\/p>","protected":false},"featured_media":7997,"comment_status":"open","ping_status":"closed","template":"","meta":{"_crdt_document":"","jetpack_publicize_message":"","jetpack_publicize_feature_enabled":true,"jetpack_social_post_already_shared":true,"jetpack_social_options":{"image_generator_settings":{"template":"highway","default_image_id":0,"font":"","enabled":false},"version":2},"_wpas_customize_per_network":false},"product_brand":[123387],"product_cat":[122617,122614],"product_tag":[122475,121864,122793,123392,123410],"class_list":{"0":"post-3753","1":"product","2":"type-product","3":"status-publish","4":"has-post-thumbnail","6":"product_brand-metamark","7":"product_cat-vinilo-de-corte","8":"product_cat-vinilo-de-rotulacion","9":"product_tag-vinilo-adhesivo","10":"product_tag-vinilo-de-corte","11":"product_tag-vinilo-de-rotulacion","12":"product_tag-vinilo-metamark","13":"product_tag-vinilo-polimerico","15":"first","16":"instock","17":"taxable","18":"shipping-taxable","19":"purchasable","20":"product-type-variable"},"yoast_head":"<!-- This site is optimized with the Yoast SEO plugin v27.5 - https:\/\/yoast.com\/product\/yoast-seo-wordpress\/ -->\n<title>METAMARK SERIE 7 ACABADO BRILLO - TMS SL<\/title>\n<meta name=\"robots\" content=\"index, follow, max-snippet:-1, max-image-preview:large, max-video-preview:-1\" \/>\n<link rel=\"canonical\" href=\"https:\/\/tmssl.com\/en\/product\/metamark-serie-7\/\" \/>\n<meta property=\"og:locale\" content=\"en_GB\" \/>\n<meta property=\"og:type\" content=\"article\" \/>\n<meta property=\"og:title\" content=\"METAMARK SERIE 7 ACABADO BRILLO - TMS SL\" \/>\n<meta property=\"og:description\" content=\"Vinilo de corte de rotulaci\u00f3n acabado brillante. Peli\u0301cula de PVC calandrado de alta duracio\u0301n en 70mc, polime\u0301rico y con una gama de 91 colores.  Cumple las especificaciones Fire Retardants, Class B.  Su cola especial Apex Adhesive System tiene la propiedad de no dejar apenas restos de cola sobre la superficie rotulada. Precio expresado por rollos de 5 metros por 61 cm.\" \/>\n<meta property=\"og:url\" content=\"https:\/\/tmssl.com\/en\/product\/metamark-serie-7\/\" \/>\n<meta property=\"og:site_name\" content=\"TMS SL\" \/>\n<meta property=\"article:modified_time\" content=\"2026-04-28T18:18:37+00:00\" \/>\n<meta property=\"og:image\" content=\"https:\/\/tmssl.com\/wp-content\/uploads\/2022\/12\/vinilo-polimerico-7-anos-brillo.jpg\" \/>\n\t<meta property=\"og:image:width\" content=\"458\" \/>\n\t<meta property=\"og:image:height\" content=\"458\" \/>\n\t<meta property=\"og:image:type\" content=\"image\/jpeg\" \/>\n<meta name=\"twitter:card\" content=\"summary_large_image\" \/>\n<meta name=\"twitter:label1\" content=\"Estimated reading time\" \/>\n\t<meta name=\"twitter:data1\" content=\"1 minute\" \/>\n<script type=\"application\/ld+json\" class=\"yoast-schema-graph\">{\"@context\":\"https:\\\/\\\/schema.org\",\"@graph\":[{\"@type\":\"WebPage\",\"@id\":\"https:\\\/\\\/tmssl.com\\\/producto\\\/metamark-serie-7\\\/\",\"url\":\"https:\\\/\\\/tmssl.com\\\/producto\\\/metamark-serie-7\\\/\",\"name\":\"METAMARK SERIE 7 ACABADO BRILLO - TMS SL\",\"isPartOf\":{\"@id\":\"https:\\\/\\\/tmssl.com\\\/en\\\/#website\"},\"primaryImageOfPage\":{\"@id\":\"https:\\\/\\\/tmssl.com\\\/producto\\\/metamark-serie-7\\\/#primaryimage\"},\"image\":{\"@id\":\"https:\\\/\\\/tmssl.com\\\/producto\\\/metamark-serie-7\\\/#primaryimage\"},\"thumbnailUrl\":\"https:\\\/\\\/i0.wp.com\\\/tmssl.com\\\/wp-content\\\/uploads\\\/2022\\\/12\\\/vinilo-polimerico-7-anos-brillo.jpg?fit=458%2C458&ssl=1\",\"datePublished\":\"2022-12-19T12:05:13+00:00\",\"dateModified\":\"2026-04-28T18:18:37+00:00\",\"breadcrumb\":{\"@id\":\"https:\\\/\\\/tmssl.com\\\/producto\\\/metamark-serie-7\\\/#breadcrumb\"},\"inLanguage\":\"en-GB\",\"potentialAction\":[{\"@type\":\"ReadAction\",\"target\":[\"https:\\\/\\\/tmssl.com\\\/producto\\\/metamark-serie-7\\\/\"]}]},{\"@type\":\"ImageObject\",\"inLanguage\":\"en-GB\",\"@id\":\"https:\\\/\\\/tmssl.com\\\/producto\\\/metamark-serie-7\\\/#primaryimage\",\"url\":\"https:\\\/\\\/i0.wp.com\\\/tmssl.com\\\/wp-content\\\/uploads\\\/2022\\\/12\\\/vinilo-polimerico-7-anos-brillo.jpg?fit=458%2C458&ssl=1\",\"contentUrl\":\"https:\\\/\\\/i0.wp.com\\\/tmssl.com\\\/wp-content\\\/uploads\\\/2022\\\/12\\\/vinilo-polimerico-7-anos-brillo.jpg?fit=458%2C458&ssl=1\",\"width\":458,\"height\":458},{\"@type\":\"BreadcrumbList\",\"@id\":\"https:\\\/\\\/tmssl.com\\\/producto\\\/metamark-serie-7\\\/#breadcrumb\",\"itemListElement\":[{\"@type\":\"ListItem\",\"position\":1,\"name\":\"Portada\",\"item\":\"https:\\\/\\\/tmssl.com\\\/\"},{\"@type\":\"ListItem\",\"position\":2,\"name\":\"Shop\",\"item\":\"https:\\\/\\\/tmssl.com\\\/shop\\\/\"},{\"@type\":\"ListItem\",\"position\":3,\"name\":\"METAMARK SERIE 7 ACABADO BRILLO\"}]},{\"@type\":\"WebSite\",\"@id\":\"https:\\\/\\\/tmssl.com\\\/en\\\/#website\",\"url\":\"https:\\\/\\\/tmssl.com\\\/en\\\/\",\"name\":\"www.tmssl.com\",\"description\":\"Venta de vinilo textil, y consumibles para la personalizacion.\",\"publisher\":{\"@id\":\"https:\\\/\\\/tmssl.com\\\/en\\\/#organization\"},\"potentialAction\":[{\"@type\":\"SearchAction\",\"target\":{\"@type\":\"EntryPoint\",\"urlTemplate\":\"https:\\\/\\\/tmssl.com\\\/en\\\/?s={search_term_string}\"},\"query-input\":{\"@type\":\"PropertyValueSpecification\",\"valueRequired\":true,\"valueName\":\"search_term_string\"}}],\"inLanguage\":\"en-GB\"},{\"@type\":\"Organization\",\"@id\":\"https:\\\/\\\/tmssl.com\\\/en\\\/#organization\",\"name\":\"www.tmssl.com\",\"url\":\"https:\\\/\\\/tmssl.com\\\/en\\\/\",\"logo\":{\"@type\":\"ImageObject\",\"inLanguage\":\"en-GB\",\"@id\":\"https:\\\/\\\/tmssl.com\\\/en\\\/#\\\/schema\\\/logo\\\/image\\\/\",\"url\":\"https:\\\/\\\/tmssl.com\\\/wp-content\\\/uploads\\\/2023\\\/07\\\/LOGO-TMS-ALTA-01.jpg\",\"contentUrl\":\"https:\\\/\\\/tmssl.com\\\/wp-content\\\/uploads\\\/2023\\\/07\\\/LOGO-TMS-ALTA-01.jpg\",\"width\":598,\"height\":597,\"caption\":\"www.tmssl.com\"},\"image\":{\"@id\":\"https:\\\/\\\/tmssl.com\\\/en\\\/#\\\/schema\\\/logo\\\/image\\\/\"},\"sameAs\":[\"https:\\\/\\\/www.instagram.com\\\/vinilotextil.tmssl\\\/\"]}]}<\/script>\n<!-- \/ Yoast SEO plugin. -->","yoast_head_json":{"title":"METAMARK SERIE 7 ACABADO BRILLO - TMS SL","robots":{"index":"index","follow":"follow","max-snippet":"max-snippet:-1","max-image-preview":"max-image-preview:large","max-video-preview":"max-video-preview:-1"},"canonical":"https:\/\/tmssl.com\/en\/product\/metamark-serie-7\/","og_locale":"en_GB","og_type":"article","og_title":"METAMARK SERIE 7 ACABADO BRILLO - TMS SL","og_description":"Vinilo de corte de rotulaci\u00f3n acabado brillante. Peli\u0301cula de PVC calandrado de alta duracio\u0301n en 70mc, polime\u0301rico y con una gama de 91 colores.  Cumple las especificaciones Fire Retardants, Class B.  Su cola especial Apex Adhesive System tiene la propiedad de no dejar apenas restos de cola sobre la superficie rotulada. Precio expresado por rollos de 5 metros por 61 cm.","og_url":"https:\/\/tmssl.com\/en\/product\/metamark-serie-7\/","og_site_name":"TMS SL","article_modified_time":"2026-04-28T18:18:37+00:00","og_image":[{"width":458,"height":458,"url":"https:\/\/tmssl.com\/wp-content\/uploads\/2022\/12\/vinilo-polimerico-7-anos-brillo.jpg","type":"image\/jpeg"}],"twitter_card":"summary_large_image","twitter_misc":{"Estimated reading time":"1 minute"},"schema":{"@context":"https:\/\/schema.org","@graph":[{"@type":"WebPage","@id":"https:\/\/tmssl.com\/producto\/metamark-serie-7\/","url":"https:\/\/tmssl.com\/producto\/metamark-serie-7\/","name":"METAMARK SERIE 7 ACABADO BRILLO - TMS SL","isPartOf":{"@id":"https:\/\/tmssl.com\/en\/#website"},"primaryImageOfPage":{"@id":"https:\/\/tmssl.com\/producto\/metamark-serie-7\/#primaryimage"},"image":{"@id":"https:\/\/tmssl.com\/producto\/metamark-serie-7\/#primaryimage"},"thumbnailUrl":"https:\/\/i0.wp.com\/tmssl.com\/wp-content\/uploads\/2022\/12\/vinilo-polimerico-7-anos-brillo.jpg?fit=458%2C458&ssl=1","datePublished":"2022-12-19T12:05:13+00:00","dateModified":"2026-04-28T18:18:37+00:00","breadcrumb":{"@id":"https:\/\/tmssl.com\/producto\/metamark-serie-7\/#breadcrumb"},"inLanguage":"en-GB","potentialAction":[{"@type":"ReadAction","target":["https:\/\/tmssl.com\/producto\/metamark-serie-7\/"]}]},{"@type":"ImageObject","inLanguage":"en-GB","@id":"https:\/\/tmssl.com\/producto\/metamark-serie-7\/#primaryimage","url":"https:\/\/i0.wp.com\/tmssl.com\/wp-content\/uploads\/2022\/12\/vinilo-polimerico-7-anos-brillo.jpg?fit=458%2C458&ssl=1","contentUrl":"https:\/\/i0.wp.com\/tmssl.com\/wp-content\/uploads\/2022\/12\/vinilo-polimerico-7-anos-brillo.jpg?fit=458%2C458&ssl=1","width":458,"height":458},{"@type":"BreadcrumbList","@id":"https:\/\/tmssl.com\/producto\/metamark-serie-7\/#breadcrumb","itemListElement":[{"@type":"ListItem","position":1,"name":"Portada","item":"https:\/\/tmssl.com\/"},{"@type":"ListItem","position":2,"name":"Shop","item":"https:\/\/tmssl.com\/shop\/"},{"@type":"ListItem","position":3,"name":"METAMARK SERIE 7 ACABADO BRILLO"}]},{"@type":"WebSite","@id":"https:\/\/tmssl.com\/en\/#website","url":"https:\/\/tmssl.com\/en\/","name":"www.tmssl.com","description":"Venta de vinilo textil, y consumibles para la personalizacion.","publisher":{"@id":"https:\/\/tmssl.com\/en\/#organization"},"potentialAction":[{"@type":"SearchAction","target":{"@type":"EntryPoint","urlTemplate":"https:\/\/tmssl.com\/en\/?s={search_term_string}"},"query-input":{"@type":"PropertyValueSpecification","valueRequired":true,"valueName":"search_term_string"}}],"inLanguage":"en-GB"},{"@type":"Organization","@id":"https:\/\/tmssl.com\/en\/#organization","name":"www.tmssl.com","url":"https:\/\/tmssl.com\/en\/","logo":{"@type":"ImageObject","inLanguage":"en-GB","@id":"https:\/\/tmssl.com\/en\/#\/schema\/logo\/image\/","url":"https:\/\/tmssl.com\/wp-content\/uploads\/2023\/07\/LOGO-TMS-ALTA-01.jpg","contentUrl":"https:\/\/tmssl.com\/wp-content\/uploads\/2023\/07\/LOGO-TMS-ALTA-01.jpg","width":598,"height":597,"caption":"www.tmssl.com"},"image":{"@id":"https:\/\/tmssl.com\/en\/#\/schema\/logo\/image\/"},"sameAs":["https:\/\/www.instagram.com\/vinilotextil.tmssl\/"]}]}},"jetpack_publicize_connections":[],"jetpack_likes_enabled":true,"jetpack-related-posts":[{"id":9344,"url":"https:\/\/tmssl.com\/en\/product\/metamark-serie-7-acabado-mate\/","url_meta":{"origin":3753,"position":0},"title":"METAMARK SERIE 7 ACABADO MATE","author":"Info","date":"22 de October de 2024","format":false,"excerpt":"Vinilo de corte de rotulaci\u00f3n acabado mate. Peli\u0301cula de PVC calandrado de alta duracio\u0301n en 70mc, polime\u0301rico y con una gama de 2 colores. Cumple las especificaciones Fire Retardants, Class B. Su cola especial Apex Adhesive System tiene la propiedad de no dejar apenas restos de cola sobre la superficie\u2026","rel":"","context":"Similar post","block_context":{"text":"Similar post","link":""},"img":{"alt_text":"","src":"https:\/\/i0.wp.com\/tmssl.com\/wp-content\/uploads\/2022\/12\/vinilo-polimerico-7-anos-brillo.jpg?fit=458%2C458&ssl=1&resize=350%2C200","width":350,"height":200},"classes":[]},{"id":1721,"url":"https:\/\/tmssl.com\/en\/product\/oasis-30\/","url_meta":{"origin":3753,"position":1},"title":"OASIS 30","author":"Info","date":"22 de September de 2022","format":false,"excerpt":"El tren de trabajo Oasis DTF-30, ha llegado al mercado de la personalizaci\u00f3n para quedarse. Podremos estampar m\u00faltiples productos y materiales como piel, poli\u00e9ster, algod\u00f3n, nailon, madera, entre otros a\u00a0un costo de producci\u00f3n muy reducido. Esta nueva tecnolog\u00eda de impresi\u00f3n nos permite imprimir cuatricom\u00edas, sin necesidad de crear una pantalla\u2026","rel":"","context":"Similar post","block_context":{"text":"Similar post","link":""},"img":{"alt_text":"","src":"","width":0,"height":0},"classes":[]},{"id":12726,"url":"https:\/\/tmssl.com\/en\/product\/impresion-dtf-uv-sin-barniz\/","url_meta":{"origin":3753,"position":2},"title":"IMPRESION DTF UV SIN BARNIZ","author":"Info","date":"27 de October de 2025","format":false,"excerpt":"\u00bfQue es el DTF UV? DTF\u00a0 UV\u00a0es un nuevo sistema de impresi\u00f3n que nos permitir\u00e1 imprimir sobre distintos tipos de soporte r\u00edgidos. Con DTF UV de transferencia directa sobre film podr\u00e1s personalizar todo tipo de materiales r\u00edgidos con este sistema de impresi\u00f3n tanto en color como en blanco. IMPRESI\u00d3N SIN\u2026","rel":"","context":"Similar post","block_context":{"text":"Similar post","link":""},"img":{"alt_text":"","src":"https:\/\/i0.wp.com\/tmssl.com\/wp-content\/uploads\/2024\/01\/IMPRESION-DTF-UV.webp?fit=1200%2C1200&ssl=1&resize=350%2C200","width":350,"height":200,"srcset":"https:\/\/i0.wp.com\/tmssl.com\/wp-content\/uploads\/2024\/01\/IMPRESION-DTF-UV.webp?fit=1200%2C1200&ssl=1&resize=350%2C200 1x, https:\/\/i0.wp.com\/tmssl.com\/wp-content\/uploads\/2024\/01\/IMPRESION-DTF-UV.webp?fit=1200%2C1200&ssl=1&resize=525%2C300 1.5x, https:\/\/i0.wp.com\/tmssl.com\/wp-content\/uploads\/2024\/01\/IMPRESION-DTF-UV.webp?fit=1200%2C1200&ssl=1&resize=700%2C400 2x, https:\/\/i0.wp.com\/tmssl.com\/wp-content\/uploads\/2024\/01\/IMPRESION-DTF-UV.webp?fit=1200%2C1200&ssl=1&resize=1050%2C600 3x"},"classes":[]},{"id":13037,"url":"https:\/\/tmssl.com\/en\/product\/dtf-por-metros-dorado\/","url_meta":{"origin":3753,"position":3},"title":"DTF POR METROS DORADO","author":"Info","date":"12 de November de 2025","format":false,"excerpt":"\u00bfQue es el DTF? DTF por metros con un acabado dorado. La mejor opci\u00f3n para tus prendas personalizadas. El DTF muestra una notable durabilidad ante los\u00a0lavados\u00a0y una\u00a0alta flexibilidad, generando resultados de alta\u00a0calidad. Facilita la estampaci\u00f3n de dise\u00f1os intensos y fieles a la realidad directamente sobre la prenda. Adem\u00e1s, es perfecto\u2026","rel":"","context":"Similar post","block_context":{"text":"Similar post","link":""},"img":{"alt_text":"","src":"https:\/\/i0.wp.com\/tmssl.com\/wp-content\/uploads\/2024\/01\/DTF.webp?fit=1200%2C1200&ssl=1&resize=350%2C200","width":350,"height":200,"srcset":"https:\/\/i0.wp.com\/tmssl.com\/wp-content\/uploads\/2024\/01\/DTF.webp?fit=1200%2C1200&ssl=1&resize=350%2C200 1x, https:\/\/i0.wp.com\/tmssl.com\/wp-content\/uploads\/2024\/01\/DTF.webp?fit=1200%2C1200&ssl=1&resize=525%2C300 1.5x, https:\/\/i0.wp.com\/tmssl.com\/wp-content\/uploads\/2024\/01\/DTF.webp?fit=1200%2C1200&ssl=1&resize=700%2C400 2x, https:\/\/i0.wp.com\/tmssl.com\/wp-content\/uploads\/2024\/01\/DTF.webp?fit=1200%2C1200&ssl=1&resize=1050%2C600 3x"},"classes":[]},{"id":12712,"url":"https:\/\/tmssl.com\/en\/product\/bono-dtf-uv-15-metros-a-17e\/","url_meta":{"origin":3753,"position":4},"title":"BONO DTF UV 15 METROS A 17\u20ac","author":"Info","date":"27 de October de 2025","format":false,"excerpt":"\u00bfC\u00f3mo\u00a0utilizo mi Bono? Realiza la compra y ten localizado el N\u00daMERO DE PEDIDO porque lo necesitar\u00e1s cada vez que vayas a consumir tus metros, tendr\u00e1s que indicarnos cada vez que vayas a consumir metros del BONO. El bono tiene una caducidad de 1 a\u00f1o Precio metro lineal de 18\u20ac. BONO\u2026","rel":"","context":"Similar post","block_context":{"text":"Similar post","link":""},"img":{"alt_text":"","src":"https:\/\/i0.wp.com\/tmssl.com\/wp-content\/uploads\/2024\/01\/BONO-DTF-UV-15-METROS.webp?fit=1200%2C1200&ssl=1&resize=350%2C200","width":350,"height":200,"srcset":"https:\/\/i0.wp.com\/tmssl.com\/wp-content\/uploads\/2024\/01\/BONO-DTF-UV-15-METROS.webp?fit=1200%2C1200&ssl=1&resize=350%2C200 1x, https:\/\/i0.wp.com\/tmssl.com\/wp-content\/uploads\/2024\/01\/BONO-DTF-UV-15-METROS.webp?fit=1200%2C1200&ssl=1&resize=525%2C300 1.5x, https:\/\/i0.wp.com\/tmssl.com\/wp-content\/uploads\/2024\/01\/BONO-DTF-UV-15-METROS.webp?fit=1200%2C1200&ssl=1&resize=700%2C400 2x, https:\/\/i0.wp.com\/tmssl.com\/wp-content\/uploads\/2024\/01\/BONO-DTF-UV-15-METROS.webp?fit=1200%2C1200&ssl=1&resize=1050%2C600 3x"},"classes":[]},{"id":8644,"url":"https:\/\/tmssl.com\/en\/product\/bono-dtf-uv-5-metros-a-16e\/","url_meta":{"origin":3753,"position":5},"title":"BONO DTF UV 5 METROS A 18\u20ac","author":"Info","date":"10 de October de 2024","format":false,"excerpt":"\u00bfC\u00f3mo\u00a0utilizo mi Bono? Realiza la compra y ten localizado el N\u00daMERO DE PEDIDO porque lo necesitar\u00e1s cada vez que vayas a consumir tus metros, tendr\u00e1s que indicarnos cada vez que vayas a consumir metros del BONO. El bono tiene una caducidad de 1 a\u00f1o Precio metro lineal de 18\u20ac. BONO\u2026","rel":"","context":"Similar post","block_context":{"text":"Similar post","link":""},"img":{"alt_text":"","src":"https:\/\/i0.wp.com\/tmssl.com\/wp-content\/uploads\/2024\/01\/BONO-DTF-UV-5-METROS.webp?fit=1200%2C1200&ssl=1&resize=350%2C200","width":350,"height":200,"srcset":"https:\/\/i0.wp.com\/tmssl.com\/wp-content\/uploads\/2024\/01\/BONO-DTF-UV-5-METROS.webp?fit=1200%2C1200&ssl=1&resize=350%2C200 1x, https:\/\/i0.wp.com\/tmssl.com\/wp-content\/uploads\/2024\/01\/BONO-DTF-UV-5-METROS.webp?fit=1200%2C1200&ssl=1&resize=525%2C300 1.5x, https:\/\/i0.wp.com\/tmssl.com\/wp-content\/uploads\/2024\/01\/BONO-DTF-UV-5-METROS.webp?fit=1200%2C1200&ssl=1&resize=700%2C400 2x, https:\/\/i0.wp.com\/tmssl.com\/wp-content\/uploads\/2024\/01\/BONO-DTF-UV-5-METROS.webp?fit=1200%2C1200&ssl=1&resize=1050%2C600 3x"},"classes":[]}],"jetpack_sharing_enabled":true,"tiered_pricing_type":"fixed","tiered_pricing_fixed_rules":[],"tiered_pricing_product_settings":{"layout":"default","base_unit_name":{"singular":null,"plural":null},"default_variation":null},"tiered_pricing_minimum_quantity":null,"tiered_pricing_roles_data":[],"tiered_pricing_percentage_rules":[],"_links":{"self":[{"href":"https:\/\/tmssl.com\/en\/wp-json\/wp\/v2\/product\/3753","targetHints":{"allow":["GET"]}}],"collection":[{"href":"https:\/\/tmssl.com\/en\/wp-json\/wp\/v2\/product"}],"about":[{"href":"https:\/\/tmssl.com\/en\/wp-json\/wp\/v2\/types\/product"}],"replies":[{"embeddable":true,"href":"https:\/\/tmssl.com\/en\/wp-json\/wp\/v2\/comments?post=3753"}],"version-history":[{"count":3,"href":"https:\/\/tmssl.com\/en\/wp-json\/wp\/v2\/product\/3753\/revisions"}],"predecessor-version":[{"id":11843,"href":"https:\/\/tmssl.com\/en\/wp-json\/wp\/v2\/product\/3753\/revisions\/11843"}],"wp:featuredmedia":[{"embeddable":true,"href":"https:\/\/tmssl.com\/en\/wp-json\/wp\/v2\/media\/7997"}],"wp:attachment":[{"href":"https:\/\/tmssl.com\/en\/wp-json\/wp\/v2\/media?parent=3753"}],"wp:term":[{"taxonomy":"product_brand","embeddable":true,"href":"https:\/\/tmssl.com\/en\/wp-json\/wp\/v2\/product_brand?post=3753"},{"taxonomy":"product_cat","embeddable":true,"href":"https:\/\/tmssl.com\/en\/wp-json\/wp\/v2\/product_cat?post=3753"},{"taxonomy":"product_tag","embeddable":true,"href":"https:\/\/tmssl.com\/en\/wp-json\/wp\/v2\/product_tag?post=3753"}],"curies":[{"name":"wp","href":"https:\/\/api.w.org\/{rel}","templated":true}]}}