{"id":4175,"date":"2023-02-13T17:11:23","date_gmt":"2023-02-13T16:11:23","guid":{"rendered":"https:\/\/tmssl.com\/?post_type=product&#038;p=4175"},"modified":"2023-02-14T12:22:37","modified_gmt":"2023-02-14T11:22:37","slug":"xpertjet-1682wr","status":"publish","type":"product","link":"https:\/\/tmssl.com\/en\/product\/xpertjet-1682wr\/","title":{"rendered":"XpertJet 1682WR"},"content":{"rendered":"<p>La nueva impresora de sublimaci\u00f3n de gran formato\u00a0<strong>XpertJet 1682WR<\/strong>\u00a0es sucesora de la popular y premiada ValueJet 1638WX de Mutoh y ofrece una alta calidad de transferencia de hasta 1.625 mm. Esta impresora de doble cabezal y 8 canales es ideal para empresas nuevas y establecidas que desean alcanzar una alta calidad y ampliar su cartera de productos. Emplea cabezales de impresi\u00f3n de alta durabilidad, que requiere menor coste a largo plazo.<\/p>\n<p>La impresora XpertJet 1682WR emplea tintas de sublimaci\u00f3n base agua de Mutoh perfectas para la decoraci\u00f3n textil, tejidos, moda\u2026 y ofrece gr\u00e1ficos de alta calidad para transferirlos a todos los tipos posibles de materiales r\u00edgidos, art\u00edculos y materiales flexibles con revestimiento de poli\u00e9ster o base de poli\u00e9ster.<\/p>\n<p>La XpertJet 1682WR presenta una mayor facilidad de uso y una menor carga de trabajo operativa que garantiza una excelente experiencia de usuario y una calidad de impresi\u00f3n \u00f3ptima.<\/p>\n<p>La impresora\u00a0<strong>XpertJet 1682WR<\/strong>\u00a0est\u00e1 dirigida al mercado de la transferencia por sublimaci\u00f3n. Las aplicaciones abarcan los expositores textiles de las tiendas, decoraci\u00f3n interior personalizada, prendas de vestir personalizadas, la se\u00f1alizaci\u00f3n blanda, ropa deportiva, productos promocionales personalizados y art\u00edculos de regalo, entre otros.<\/p>\n<p><strong>Incluye:<\/strong><\/p>\n<ul>\n<li>Impresora<\/li>\n<li>Enrollador de torsi\u00f3n de 30 kg (VJ1619-TUP30)<\/li>\n<li>1 juego (2 piezas) de adaptadores de alimentaci\u00f3n de material \u2013 1 kgf.cm (0,1 Nm) de torsi\u00f3n<\/li>\n<li>2 juegos de estuches de tinta \u2013 (2 x INKCASE-1000 \u2013 juego de 4 piezas)<\/li>\n<li>Esta m\u00e1quina es compatible con las tintas DS3 (1.000 ml).<\/li>\n<\/ul>\n<p>Sin tinta, ni software<\/p>","protected":false},"excerpt":{"rendered":"<p>La impresora\u00a0<strong>XpertJet 1682WR<\/strong>\u00a0de hasta 1.625 mm de ancho dispone de tres sistemas de recogida asistida con motor de 30, 40 o 100 kg. Cuenta con dos cabezales piezoel\u00e9ctricos ba\u00f1ados en oro, con tama\u00f1os de gota de 2,8 pl a 33,9 pl. Configuraci\u00f3n de 2\u00d74 o hasta 8 colores. CMYK.<\/p>","protected":false},"featured_media":0,"comment_status":"open","ping_status":"closed","template":"","meta":{"_crdt_document":"","jetpack_publicize_message":"","jetpack_publicize_feature_enabled":true,"jetpack_social_post_already_shared":true,"jetpack_social_options":{"image_generator_settings":{"template":"highway","default_image_id":0,"font":"","enabled":false},"version":2},"_wpas_customize_per_network":false},"product_brand":[],"product_cat":[122729,122728],"product_tag":[],"class_list":{"0":"post-4175","1":"product","2":"type-product","3":"status-publish","5":"product_cat-mutoh-plotter-sublimacion-y-textil","6":"product_cat-plotter-sublimacion-y-textil","8":"first","9":"instock","10":"taxable","11":"shipping-taxable","12":"purchasable","13":"product-type-simple"},"yoast_head":"<!-- This site is optimized with the Yoast SEO plugin v27.6 - https:\/\/yoast.com\/product\/yoast-seo-wordpress\/ -->\n<title>XpertJet 1682WR - TMS SL<\/title>\n<meta name=\"robots\" content=\"index, follow, max-snippet:-1, max-image-preview:large, max-video-preview:-1\" \/>\n<link rel=\"canonical\" href=\"https:\/\/tmssl.com\/en\/product\/xpertjet-1682wr\/\" \/>\n<meta property=\"og:locale\" content=\"en_GB\" \/>\n<meta property=\"og:type\" content=\"article\" \/>\n<meta property=\"og:title\" content=\"XpertJet 1682WR - TMS SL\" \/>\n<meta property=\"og:description\" content=\"La impresora\u00a0XpertJet 1682WR\u00a0de hasta 1.625 mm de ancho dispone de tres sistemas de recogida asistida con motor de 30, 40 o 100 kg. Cuenta con dos cabezales piezoel\u00e9ctricos ba\u00f1ados en oro, con tama\u00f1os de gota de 2,8 pl a 33,9 pl. Configuraci\u00f3n de 2\u00d74 o hasta 8 colores. CMYK.\" \/>\n<meta property=\"og:url\" content=\"https:\/\/tmssl.com\/en\/product\/xpertjet-1682wr\/\" \/>\n<meta property=\"og:site_name\" content=\"TMS SL\" \/>\n<meta property=\"article:modified_time\" content=\"2023-02-14T11:22:37+00:00\" \/>\n<meta property=\"og:image\" content=\"https:\/\/tmssl.com\/wp-content\/uploads\/2023\/02\/XpertJet-1682WR_Mesa-de-trabajo-1.jpg\" \/>\n\t<meta property=\"og:image:width\" content=\"886\" \/>\n\t<meta property=\"og:image:height\" content=\"886\" \/>\n\t<meta property=\"og:image:type\" content=\"image\/jpeg\" \/>\n<meta name=\"twitter:card\" content=\"summary_large_image\" \/>\n<meta name=\"twitter:label1\" content=\"Estimated reading time\" \/>\n\t<meta name=\"twitter:data1\" content=\"1 minute\" \/>\n<script type=\"application\/ld+json\" class=\"yoast-schema-graph\">{\"@context\":\"https:\\\/\\\/schema.org\",\"@graph\":[{\"@type\":\"WebPage\",\"@id\":\"https:\\\/\\\/tmssl.com\\\/producto\\\/xpertjet-1682wr\\\/\",\"url\":\"https:\\\/\\\/tmssl.com\\\/producto\\\/xpertjet-1682wr\\\/\",\"name\":\"XpertJet 1682WR - TMS SL\",\"isPartOf\":{\"@id\":\"https:\\\/\\\/tmssl.com\\\/en\\\/#website\"},\"datePublished\":\"2023-02-13T16:11:23+00:00\",\"dateModified\":\"2023-02-14T11:22:37+00:00\",\"breadcrumb\":{\"@id\":\"https:\\\/\\\/tmssl.com\\\/producto\\\/xpertjet-1682wr\\\/#breadcrumb\"},\"inLanguage\":\"en-GB\",\"potentialAction\":[{\"@type\":\"ReadAction\",\"target\":[\"https:\\\/\\\/tmssl.com\\\/producto\\\/xpertjet-1682wr\\\/\"]}]},{\"@type\":\"BreadcrumbList\",\"@id\":\"https:\\\/\\\/tmssl.com\\\/producto\\\/xpertjet-1682wr\\\/#breadcrumb\",\"itemListElement\":[{\"@type\":\"ListItem\",\"position\":1,\"name\":\"Portada\",\"item\":\"https:\\\/\\\/tmssl.com\\\/\"},{\"@type\":\"ListItem\",\"position\":2,\"name\":\"Shop\",\"item\":\"https:\\\/\\\/tmssl.com\\\/shop\\\/\"},{\"@type\":\"ListItem\",\"position\":3,\"name\":\"XpertJet 1682WR\"}]},{\"@type\":\"WebSite\",\"@id\":\"https:\\\/\\\/tmssl.com\\\/en\\\/#website\",\"url\":\"https:\\\/\\\/tmssl.com\\\/en\\\/\",\"name\":\"www.tmssl.com\",\"description\":\"Venta de vinilo textil, y consumibles para la personalizacion.\",\"publisher\":{\"@id\":\"https:\\\/\\\/tmssl.com\\\/en\\\/#organization\"},\"potentialAction\":[{\"@type\":\"SearchAction\",\"target\":{\"@type\":\"EntryPoint\",\"urlTemplate\":\"https:\\\/\\\/tmssl.com\\\/en\\\/?s={search_term_string}\"},\"query-input\":{\"@type\":\"PropertyValueSpecification\",\"valueRequired\":true,\"valueName\":\"search_term_string\"}}],\"inLanguage\":\"en-GB\"},{\"@type\":\"Organization\",\"@id\":\"https:\\\/\\\/tmssl.com\\\/en\\\/#organization\",\"name\":\"www.tmssl.com\",\"url\":\"https:\\\/\\\/tmssl.com\\\/en\\\/\",\"logo\":{\"@type\":\"ImageObject\",\"inLanguage\":\"en-GB\",\"@id\":\"https:\\\/\\\/tmssl.com\\\/en\\\/#\\\/schema\\\/logo\\\/image\\\/\",\"url\":\"https:\\\/\\\/tmssl.com\\\/wp-content\\\/uploads\\\/2023\\\/07\\\/LOGO-TMS-ALTA-01.jpg\",\"contentUrl\":\"https:\\\/\\\/tmssl.com\\\/wp-content\\\/uploads\\\/2023\\\/07\\\/LOGO-TMS-ALTA-01.jpg\",\"width\":598,\"height\":597,\"caption\":\"www.tmssl.com\"},\"image\":{\"@id\":\"https:\\\/\\\/tmssl.com\\\/en\\\/#\\\/schema\\\/logo\\\/image\\\/\"},\"sameAs\":[\"https:\\\/\\\/www.instagram.com\\\/vinilotextil.tmssl\\\/\"]}]}<\/script>\n<!-- \/ Yoast SEO plugin. -->","yoast_head_json":{"title":"XpertJet 1682WR - TMS SL","robots":{"index":"index","follow":"follow","max-snippet":"max-snippet:-1","max-image-preview":"max-image-preview:large","max-video-preview":"max-video-preview:-1"},"canonical":"https:\/\/tmssl.com\/en\/product\/xpertjet-1682wr\/","og_locale":"en_GB","og_type":"article","og_title":"XpertJet 1682WR - TMS SL","og_description":"La impresora\u00a0XpertJet 1682WR\u00a0de hasta 1.625 mm de ancho dispone de tres sistemas de recogida asistida con motor de 30, 40 o 100 kg. Cuenta con dos cabezales piezoel\u00e9ctricos ba\u00f1ados en oro, con tama\u00f1os de gota de 2,8 pl a 33,9 pl. Configuraci\u00f3n de 2\u00d74 o hasta 8 colores. CMYK.","og_url":"https:\/\/tmssl.com\/en\/product\/xpertjet-1682wr\/","og_site_name":"TMS SL","article_modified_time":"2023-02-14T11:22:37+00:00","og_image":[{"width":886,"height":886,"url":"https:\/\/tmssl.com\/wp-content\/uploads\/2023\/02\/XpertJet-1682WR_Mesa-de-trabajo-1.jpg","type":"image\/jpeg"}],"twitter_card":"summary_large_image","twitter_misc":{"Estimated reading time":"1 minute"},"schema":{"@context":"https:\/\/schema.org","@graph":[{"@type":"WebPage","@id":"https:\/\/tmssl.com\/producto\/xpertjet-1682wr\/","url":"https:\/\/tmssl.com\/producto\/xpertjet-1682wr\/","name":"XpertJet 1682WR - TMS SL","isPartOf":{"@id":"https:\/\/tmssl.com\/en\/#website"},"datePublished":"2023-02-13T16:11:23+00:00","dateModified":"2023-02-14T11:22:37+00:00","breadcrumb":{"@id":"https:\/\/tmssl.com\/producto\/xpertjet-1682wr\/#breadcrumb"},"inLanguage":"en-GB","potentialAction":[{"@type":"ReadAction","target":["https:\/\/tmssl.com\/producto\/xpertjet-1682wr\/"]}]},{"@type":"BreadcrumbList","@id":"https:\/\/tmssl.com\/producto\/xpertjet-1682wr\/#breadcrumb","itemListElement":[{"@type":"ListItem","position":1,"name":"Portada","item":"https:\/\/tmssl.com\/"},{"@type":"ListItem","position":2,"name":"Shop","item":"https:\/\/tmssl.com\/shop\/"},{"@type":"ListItem","position":3,"name":"XpertJet 1682WR"}]},{"@type":"WebSite","@id":"https:\/\/tmssl.com\/en\/#website","url":"https:\/\/tmssl.com\/en\/","name":"www.tmssl.com","description":"Venta de vinilo textil, y consumibles para la personalizacion.","publisher":{"@id":"https:\/\/tmssl.com\/en\/#organization"},"potentialAction":[{"@type":"SearchAction","target":{"@type":"EntryPoint","urlTemplate":"https:\/\/tmssl.com\/en\/?s={search_term_string}"},"query-input":{"@type":"PropertyValueSpecification","valueRequired":true,"valueName":"search_term_string"}}],"inLanguage":"en-GB"},{"@type":"Organization","@id":"https:\/\/tmssl.com\/en\/#organization","name":"www.tmssl.com","url":"https:\/\/tmssl.com\/en\/","logo":{"@type":"ImageObject","inLanguage":"en-GB","@id":"https:\/\/tmssl.com\/en\/#\/schema\/logo\/image\/","url":"https:\/\/tmssl.com\/wp-content\/uploads\/2023\/07\/LOGO-TMS-ALTA-01.jpg","contentUrl":"https:\/\/tmssl.com\/wp-content\/uploads\/2023\/07\/LOGO-TMS-ALTA-01.jpg","width":598,"height":597,"caption":"www.tmssl.com"},"image":{"@id":"https:\/\/tmssl.com\/en\/#\/schema\/logo\/image\/"},"sameAs":["https:\/\/www.instagram.com\/vinilotextil.tmssl\/"]}]}},"jetpack_publicize_connections":[],"jetpack_likes_enabled":true,"jetpack-related-posts":[{"id":4171,"url":"https:\/\/tmssl.com\/en\/product\/xpertjet-1341wr-pro\/","url_meta":{"origin":4175,"position":0},"title":"XpertJet 1341WR PRO","author":"Info","date":"13 de February de 2023","format":false,"excerpt":"La impresora\u00a0XpertJet 1341WR Pro\u00a0de 1.370 mm. de ancho, cuenta con el cabezal de impresi\u00f3n de gota variable\u00a0AccuFine 1600 de Mutoh. Sistemas motorizados opcionales enrollado 20 y 30 kg. Tintas de sublimaci\u00f3n HC de la serie DS3 de Mutoh.","rel":"","context":"Similar post","block_context":{"text":"Similar post","link":""},"img":{"alt_text":"","src":"","width":0,"height":0},"classes":[]},{"id":4182,"url":"https:\/\/tmssl.com\/en\/product\/xpertjet-1341sr-pro\/","url_meta":{"origin":4175,"position":1},"title":"XpertJet 1341SR Pro","author":"Info","date":"13 de February de 2023","format":false,"excerpt":"La nueva impresora\u00a0XpertJet 1341SR Pro\u00a0CMYK de 137 cm de ancho cuenta con el nuevo cabezal de impresi\u00f3n piezoel\u00e9ctrico extra ancho AccuFine de Mutoh. Sistemas de recogida motorizados: 20 y 30 kg. 4 colores CMYK.","rel":"","context":"Similar post","block_context":{"text":"Similar post","link":""},"img":{"alt_text":"","src":"","width":0,"height":0},"classes":[]},{"id":4168,"url":"https:\/\/tmssl.com\/en\/product\/xpertjet-1682sr-pro\/","url_meta":{"origin":4175,"position":2},"title":"XPERTJET 1682SR PRO","author":"Info","date":"13 de February de 2023","format":false,"excerpt":"Obt\u00e9n la nueva impresora\u00a0XpertJet 1682SR Pro. Disponible tres configuraciones enrollador 30, 40 y 100 kg. M\u00e1quina de doble cabezal y 1.625 mm de ancho. Configuracion posible CMYK x 2.","rel":"","context":"Similar post","block_context":{"text":"Similar post","link":""},"img":{"alt_text":"","src":"","width":0,"height":0},"classes":[]},{"id":4173,"url":"https:\/\/tmssl.com\/en\/product\/xpertjet-461uf-uv-led\/","url_meta":{"origin":4175,"position":3},"title":"XpertJet 461UF-UV LED","author":"Info","date":"13 de February de 2023","format":false,"excerpt":"La\u00a0XpertJet 461UF UV LED\u00a0es una impresora de sobremesa, compacta A3 + (Superficie m\u00e1x. de impresi\u00f3n: 483 x 329 mm) UV LED de mesa plana. Tipo de tinta dual: tintas r\u00edgidas o flexibles 6 canales: CMYK + Blanco + Barniz.","rel":"","context":"Similar post","block_context":{"text":"Similar post","link":""},"img":{"alt_text":"","src":"","width":0,"height":0},"classes":[]},{"id":4178,"url":"https:\/\/tmssl.com\/en\/product\/xpertjet-661uf-uv-led\/","url_meta":{"origin":4175,"position":4},"title":"XpertJet 661UF-UV LED","author":"Info","date":"13 de February de 2023","format":false,"excerpt":"La\u00a0XpertJet 661UF UV LED\u00a0es una impresora compacta A2+ (Superficie m\u00e1x. de impresi\u00f3n: 483 x 594 mm) UV LED de mesa plana. Tipo de tinta dual: tintas r\u00edgidas o flexibles 6 canales: CMYK + Blanco + Barniz.","rel":"","context":"Similar post","block_context":{"text":"Similar post","link":""},"img":{"alt_text":"","src":"","width":0,"height":0},"classes":[]},{"id":4179,"url":"https:\/\/tmssl.com\/en\/product\/drafstation-rj-900x-u1\/","url_meta":{"origin":4175,"position":5},"title":"DrafStation RJ-900X-U1","author":"Info","date":"13 de February de 2023","format":false,"excerpt":"La impresora\u00a0DrafStation RJ-900X-U1, de 1.080 mm, cuenta con un cabezal de inyecci\u00f3n de tinta piezoel\u00e9ctrico con control de gota variable y 1.440 inyectores (CMYK).","rel":"","context":"Similar post","block_context":{"text":"Similar post","link":""},"img":{"alt_text":"","src":"","width":0,"height":0},"classes":[]}],"jetpack_sharing_enabled":true,"tiered_pricing_type":"fixed","tiered_pricing_fixed_rules":[],"tiered_pricing_product_settings":{"layout":"default","base_unit_name":{"singular":null,"plural":null},"default_variation":null},"tiered_pricing_minimum_quantity":null,"tiered_pricing_roles_data":[],"tiered_pricing_percentage_rules":[],"_links":{"self":[{"href":"https:\/\/tmssl.com\/en\/wp-json\/wp\/v2\/product\/4175","targetHints":{"allow":["GET"]}}],"collection":[{"href":"https:\/\/tmssl.com\/en\/wp-json\/wp\/v2\/product"}],"about":[{"href":"https:\/\/tmssl.com\/en\/wp-json\/wp\/v2\/types\/product"}],"replies":[{"embeddable":true,"href":"https:\/\/tmssl.com\/en\/wp-json\/wp\/v2\/comments?post=4175"}],"version-history":[{"count":2,"href":"https:\/\/tmssl.com\/en\/wp-json\/wp\/v2\/product\/4175\/revisions"}],"predecessor-version":[{"id":4177,"href":"https:\/\/tmssl.com\/en\/wp-json\/wp\/v2\/product\/4175\/revisions\/4177"}],"wp:attachment":[{"href":"https:\/\/tmssl.com\/en\/wp-json\/wp\/v2\/media?parent=4175"}],"wp:term":[{"taxonomy":"product_brand","embeddable":true,"href":"https:\/\/tmssl.com\/en\/wp-json\/wp\/v2\/product_brand?post=4175"},{"taxonomy":"product_cat","embeddable":true,"href":"https:\/\/tmssl.com\/en\/wp-json\/wp\/v2\/product_cat?post=4175"},{"taxonomy":"product_tag","embeddable":true,"href":"https:\/\/tmssl.com\/en\/wp-json\/wp\/v2\/product_tag?post=4175"}],"curies":[{"name":"wp","href":"https:\/\/api.w.org\/{rel}","templated":true}]}}