{"id":4193,"date":"2023-02-13T17:33:18","date_gmt":"2023-02-13T16:33:18","guid":{"rendered":"https:\/\/tmssl.com\/?post_type=product&#038;p=4193"},"modified":"2023-02-14T12:35:28","modified_gmt":"2023-02-14T11:35:28","slug":"mimaki-ucjv300-75","status":"publish","type":"product","link":"https:\/\/tmssl.com\/en\/product\/mimaki-ucjv300-75\/","title":{"rendered":"Mimaki UCJV300-75"},"content":{"rendered":"<div class=\"vc_row row-internal row-container\">\n<div class=\"row row-child\">\n<div class=\"wpb_row row-inner\">\n<div class=\"wpb_column pos-top pos-center align_left column_child col-lg-4 half-internal-gutter\">\n<div class=\"uncol style-dark\">\n<div class=\"uncoltable\">\n<div class=\"uncell no-block-padding\">\n<div class=\"uncont\">\n<div class=\"vc_custom_heading_wrap\">\n<div class=\"heading-text el-text\">\n<h3 class=\"font-377884 h3 fontspace-781688 font-weight-800 text-color-wayh-color\">Tinta a base de solvente para una calidad superior<\/h3>\n<\/div>\n<\/div>\n<\/div>\n<\/div>\n<\/div>\n<\/div>\n<\/div>\n<\/div>\n<\/div>\n<\/div>\n<div class=\"vc_row row-internal row-container\">\n<div class=\"row row-child\">\n<div class=\"wpb_row row-inner\">\n<div class=\"wpb_column pos-top pos-center align_left column_child col-lg-6 half-internal-gutter\">\n<div class=\"uncol style-dark\">\n<div class=\"uncoltable\">\n<div class=\"uncell no-block-padding\">\n<div class=\"uncont\">\n<div class=\"uncode_text_column text-color-prif-color\">\n<p>La combinaci\u00f3n de tintas blancas y coloreadas aporta valor a las aplicaciones que utilizan pel\u00edculas transparentes o semiopacas. En comparaci\u00f3n con tintas alternativas, como solvente y l\u00e1tex, las tintas curables por UV proporcionan mayor opacidad con menor consumo de tinta por metro cuadrado, manteniendo la vibraci\u00f3n y la densidad de la imagen.<\/p>\n<p>La tinta blanca de alta opacidad tambi\u00e9n facilita la impresi\u00f3n en bloque en una sola impresi\u00f3n, permitiendo a los proveedores de servicios de impresi\u00f3n crear gr\u00e1ficos de ventanas con facilidad y eficiencia, que se pueden ver de manera diferente en ambos lados, como en una se\u00f1al de puerta Tire\/Empuje.<\/p>\n<p>Estas caracter\u00edsticas garantizan una mayor velocidad de transferencia, reducci\u00f3n de desperdicios y gr\u00e1ficos a dos caras perfectamente registrados con menores costos generales por impresi\u00f3n.<\/p>\n<div class=\"vc_row row-internal row-container\">\n<div class=\"row row-child\">\n<div class=\"wpb_row row-inner\">\n<div class=\"wpb_column pos-top pos-center align_left column_child col-lg-6 half-internal-gutter\">\n<div class=\"uncol style-dark\">\n<div class=\"uncoltable\">\n<div class=\"uncell no-block-padding\">\n<div class=\"uncont\">\n<div class=\"vc_custom_heading_wrap\">\n<div class=\"heading-text el-text\">\n<h3 class=\"font-377884 h3 fontspace-781688 font-weight-800 text-color-wayh-color\">Para una mayor confianza, nuestros productos cuentan con el certificado GREENGUARD GOLD<\/h3>\n<\/div>\n<\/div>\n<\/div>\n<\/div>\n<\/div>\n<\/div>\n<\/div>\n<div class=\"wpb_column pos-top pos-center align_left column_child col-lg-6 single-internal-gutter\">\n<div class=\"uncol style-dark font-377884\">\n<div class=\"uncoltable\">\n<div class=\"uncell no-block-padding\">\n<div class=\"uncont\"><span style=\"font-family: -apple-system, BlinkMacSystemFont, 'Segoe UI', Roboto, Oxygen-Sans, Ubuntu, Cantarell, 'Helvetica Neue', sans-serif;\">Los productos con certificaci\u00f3n GREENGUARD GOLD cumplen estrictos est\u00e1ndares en cuanto a baja emisi\u00f3n de compuestos org\u00e1nicos vol\u00e1tiles y refuerzan que el uso del producto es adecuado en lugares como escuelas y centros de salud, sin contaminar la calidad del aire interior.<\/span><\/div>\n<div><\/div>\n<\/div>\n<div>\n<table class=\"styled-table\">\n<thead>\n<tr>\n<th>Modelo<\/th>\n<th>UCJV300-75<\/th>\n<\/tr>\n<\/thead>\n<tbody>\n<tr>\n<td>Cabeza de impresi\u00f3n<\/td>\n<td>cabezal piezoel\u00e9ctrico drop-on-demand (configuraci\u00f3n en l\u00ednea)<\/td>\n<\/tr>\n<tr>\n<td>Resoluci\u00f3n de impresi\u00f3n<\/td>\n<td>300 ppp, 600 ppp, 900 ppp, 1200 ppp<\/td>\n<\/tr>\n<tr>\n<td>Tama\u00f1o de gota<\/td>\n<td>M\u00edn.: 7pl, M\u00e1x.: 28pl<\/td>\n<\/tr>\n<tr>\n<td>Altura de la cabeza<\/td>\n<td>Ajuste manual ((cilindro 2.0\/2.5\/3.0mm)<\/td>\n<\/tr>\n<tr>\n<td>Tipo de tinta<\/td>\n<td>Tinta UV-LED LUS170<\/td>\n<\/tr>\n<tr>\n<td>Color de tinta<\/td>\n<td>4C (CMYK) \/ 7C (CMYKLcLmW)<\/td>\n<\/tr>\n<tr>\n<td>Suministro de tinta<\/td>\n<td>Botella de 1 litro<\/td>\n<\/tr>\n<tr>\n<td>Ancho m\u00e1ximo de impresi\u00f3n<\/td>\n<td>800 mm<\/td>\n<\/tr>\n<tr>\n<td>Anchura m\u00e1xima del sustrato<\/td>\n<td>810 mm<\/td>\n<\/tr>\n<tr>\n<td>Ancho m\u00ednimo del sustrato<\/td>\n<td>210 mm<\/td>\n<\/tr>\n<tr>\n<td>Espesor del sustrato<\/td>\n<td>1,0 mm o menos<\/td>\n<\/tr>\n<tr>\n<td>Di\u00e1metro externo<\/td>\n<td>250 mm o menos<\/td>\n<\/tr>\n<tr>\n<td>Peso del rollo<\/td>\n<td>40 kg o menos<\/td>\n<\/tr>\n<tr>\n<td>Dimensiones exteriores (An. x Pr. x Al.)<\/td>\n<td>2090 x 776 x 1475 mm<\/td>\n<\/tr>\n<tr>\n<td>Peso de la m\u00e1quina<\/td>\n<td>139 kg<\/td>\n<\/tr>\n<tr>\n<td>Fuente de alimentaci\u00f3n<\/td>\n<td>2x Monof\u00e1sico (AC100~120\/200~240V +\/-10%, 50\/60Hz +\/-1Hz)<\/td>\n<\/tr>\n<tr>\n<td>Consumo el\u00e9ctrico<\/td>\n<td>100 V CA: 1,44 kW \/ 200 V CA: 1,92 kW<\/td>\n<\/tr>\n<tr>\n<td>Entorno operativo<\/td>\n<td>Temperatura: 20~30oC, humedad: 35~65%Rh, temperatura garantizada: 20~25oC, pendiente de temperatura: +\/-10oC\/h o menos, polvo: 0,15mg\/m3 (equivalente de oficina)<\/td>\n<\/tr>\n<\/tbody>\n<\/table>\n<\/div>\n<\/div>\n<\/div>\n<\/div>\n<\/div>\n<\/div>\n<\/div>\n<\/div>\n<\/div>\n<\/div>\n<\/div>\n<\/div>\n<\/div>\n<\/div>\n<\/div>\n<\/div>","protected":false},"excerpt":{"rendered":"<div class=\"wpb_column pos-top pos-center align_left column_child col-lg-6 half-internal-gutter\">\n<div class=\"uncol style-dark\">\n<div class=\"uncoltable\">\n<div class=\"uncell no-block-padding\">\n<div class=\"uncont\">\n<div class=\"uncode_text_column text-color-prif-color\">\n<p>La serie UCJV300 es una familia de impresoras de inyecci\u00f3n de tinta. Tiene una funci\u00f3n combinada de impresi\u00f3n y corte con tinta UV curable. Esta serie tambi\u00e9n viene equipada con una funci\u00f3n de impresi\u00f3n de 5 capas.<\/p>\n<p>La funcionalidad de corte integrado permite la producci\u00f3n en volumen de etiquetas, adhesivos, floor Graphics, POP displays, envases, prototipos y mucho m\u00e1s\u2026 Adem\u00e1s, la tecnolog\u00eda de tinta UV evita problemas comunes, como la separaci\u00f3n de pel\u00edcula y otros problemas relacionados con el post-corte que pueden ocurrir con pinturas solventes y l\u00e1tex.<\/p>\n<\/div>\n<\/div>\n<\/div>\n<\/div>\n<\/div>\n<\/div>\n<div class=\"wpb_column pos-top pos-center align_left column_child col-lg-6 single-internal-gutter\">\n<div class=\"uncol style-dark font-377884 shift_y_neg_half\">\n<div class=\"uncoltable\">\n<div class=\"uncell no-block-padding\">\n<div class=\"uncont\">\n<div class=\"uncode-single-media text-left\">\n<div class=\"single-wrapper\">\n<div class=\"uncode-single-media-wrapper single-advanced\" data-lbox-init=\"true\">\n<div class=\"tmb tmb-light tmb-text-showed tmb-overlay-text-anim tmb-overlay-showed tmb-overlay-anim tmb-overlay-text-center tmb-media-first tmb-media-last tmb-content-overlay tmb-no-bg tmb-lightbox\">\n<div class=\"t-inside\">\n<div class=\"t-entry-visual\">\n<div class=\"t-entry-visual-tc\">\n<div class=\"t-entry-visual-cont\"><\/div>\n<\/div>\n<\/div>\n<\/div>\n<\/div>\n<\/div>\n<\/div>\n<\/div>\n<\/div>\n<\/div>\n<\/div>\n<\/div>\n<\/div>","protected":false},"featured_media":0,"comment_status":"open","ping_status":"closed","template":"","meta":{"_crdt_document":"","jetpack_post_was_ever_published":false,"jetpack_publicize_message":"","jetpack_publicize_feature_enabled":true,"jetpack_social_post_already_shared":true,"jetpack_social_options":{"image_generator_settings":{"template":"highway","default_image_id":0,"font":"","enabled":false},"version":2},"_wpas_customize_per_network":false},"product_brand":[],"product_cat":[122730,122726],"product_tag":[],"class_list":{"0":"post-4193","1":"product","2":"type-product","3":"status-publish","5":"product_cat-mimaki","6":"product_cat-plotter-uv-led","8":"first","9":"instock","10":"taxable","11":"shipping-taxable","12":"purchasable","13":"product-type-simple"},"yoast_head":"<!-- This site is optimized with the Yoast SEO plugin v27.3 - https:\/\/yoast.com\/product\/yoast-seo-wordpress\/ -->\n<title>Mimaki UCJV300-75 - TMS SL<\/title>\n<meta name=\"robots\" content=\"index, follow, max-snippet:-1, max-image-preview:large, max-video-preview:-1\" \/>\n<link rel=\"canonical\" href=\"https:\/\/tmssl.com\/en\/product\/mimaki-ucjv300-75\/\" \/>\n<meta property=\"og:locale\" content=\"en_GB\" \/>\n<meta property=\"og:type\" content=\"article\" \/>\n<meta property=\"og:title\" content=\"Mimaki UCJV300-75 - TMS SL\" \/>\n<meta property=\"og:description\" content=\"La serie UCJV300 es una familia de impresoras de inyecci\u00f3n de tinta. Tiene una funci\u00f3n combinada de impresi\u00f3n y corte con tinta UV curable. Esta serie tambi\u00e9n viene equipada con una funci\u00f3n de impresi\u00f3n de 5 capas.  La funcionalidad de corte integrado permite la producci\u00f3n en volumen de etiquetas, adhesivos, floor Graphics, POP displays, envases, prototipos y mucho m\u00e1s\u2026 Adem\u00e1s, la tecnolog\u00eda de tinta UV evita problemas comunes, como la separaci\u00f3n de pel\u00edcula y otros problemas relacionados con el post-corte que pueden ocurrir con pinturas solventes y l\u00e1tex.\" \/>\n<meta property=\"og:url\" content=\"https:\/\/tmssl.com\/en\/product\/mimaki-ucjv300-75\/\" \/>\n<meta property=\"og:site_name\" content=\"TMS SL\" \/>\n<meta property=\"article:modified_time\" content=\"2023-02-14T11:35:28+00:00\" \/>\n<meta property=\"og:image\" content=\"https:\/\/i0.wp.com\/tmssl.com\/wp-content\/uploads\/2023\/02\/UCJV300-75_Mesa-de-trabajo-1.jpg?fit=886%2C886&ssl=1\" \/>\n\t<meta property=\"og:image:width\" content=\"886\" \/>\n\t<meta property=\"og:image:height\" content=\"886\" \/>\n\t<meta property=\"og:image:type\" content=\"image\/jpeg\" \/>\n<meta name=\"twitter:card\" content=\"summary_large_image\" \/>\n<meta name=\"twitter:label1\" content=\"Estimated reading time\" \/>\n\t<meta name=\"twitter:data1\" content=\"2 minutes\" \/>\n<script type=\"application\/ld+json\" class=\"yoast-schema-graph\">{\"@context\":\"https:\\\/\\\/schema.org\",\"@graph\":[{\"@type\":\"WebPage\",\"@id\":\"https:\\\/\\\/tmssl.com\\\/producto\\\/mimaki-ucjv300-75\\\/\",\"url\":\"https:\\\/\\\/tmssl.com\\\/producto\\\/mimaki-ucjv300-75\\\/\",\"name\":\"Mimaki UCJV300-75 - TMS SL\",\"isPartOf\":{\"@id\":\"https:\\\/\\\/tmssl.com\\\/en\\\/#website\"},\"datePublished\":\"2023-02-13T16:33:18+00:00\",\"dateModified\":\"2023-02-14T11:35:28+00:00\",\"breadcrumb\":{\"@id\":\"https:\\\/\\\/tmssl.com\\\/producto\\\/mimaki-ucjv300-75\\\/#breadcrumb\"},\"inLanguage\":\"en-GB\",\"potentialAction\":[{\"@type\":\"ReadAction\",\"target\":[\"https:\\\/\\\/tmssl.com\\\/producto\\\/mimaki-ucjv300-75\\\/\"]}]},{\"@type\":\"BreadcrumbList\",\"@id\":\"https:\\\/\\\/tmssl.com\\\/producto\\\/mimaki-ucjv300-75\\\/#breadcrumb\",\"itemListElement\":[{\"@type\":\"ListItem\",\"position\":1,\"name\":\"Portada\",\"item\":\"https:\\\/\\\/tmssl.com\\\/\"},{\"@type\":\"ListItem\",\"position\":2,\"name\":\"Shop\",\"item\":\"https:\\\/\\\/tmssl.com\\\/shop\\\/\"},{\"@type\":\"ListItem\",\"position\":3,\"name\":\"Mimaki UCJV300-75\"}]},{\"@type\":\"WebSite\",\"@id\":\"https:\\\/\\\/tmssl.com\\\/en\\\/#website\",\"url\":\"https:\\\/\\\/tmssl.com\\\/en\\\/\",\"name\":\"www.tmssl.com\",\"description\":\"Venta de vinilo textil, y consumibles para la personalizacion.\",\"publisher\":{\"@id\":\"https:\\\/\\\/tmssl.com\\\/en\\\/#organization\"},\"potentialAction\":[{\"@type\":\"SearchAction\",\"target\":{\"@type\":\"EntryPoint\",\"urlTemplate\":\"https:\\\/\\\/tmssl.com\\\/en\\\/?s={search_term_string}\"},\"query-input\":{\"@type\":\"PropertyValueSpecification\",\"valueRequired\":true,\"valueName\":\"search_term_string\"}}],\"inLanguage\":\"en-GB\"},{\"@type\":\"Organization\",\"@id\":\"https:\\\/\\\/tmssl.com\\\/en\\\/#organization\",\"name\":\"www.tmssl.com\",\"url\":\"https:\\\/\\\/tmssl.com\\\/en\\\/\",\"logo\":{\"@type\":\"ImageObject\",\"inLanguage\":\"en-GB\",\"@id\":\"https:\\\/\\\/tmssl.com\\\/en\\\/#\\\/schema\\\/logo\\\/image\\\/\",\"url\":\"https:\\\/\\\/tmssl.com\\\/wp-content\\\/uploads\\\/2023\\\/07\\\/LOGO-TMS-ALTA-01.jpg\",\"contentUrl\":\"https:\\\/\\\/tmssl.com\\\/wp-content\\\/uploads\\\/2023\\\/07\\\/LOGO-TMS-ALTA-01.jpg\",\"width\":598,\"height\":597,\"caption\":\"www.tmssl.com\"},\"image\":{\"@id\":\"https:\\\/\\\/tmssl.com\\\/en\\\/#\\\/schema\\\/logo\\\/image\\\/\"},\"sameAs\":[\"https:\\\/\\\/www.instagram.com\\\/vinilotextil.tmssl\\\/\"]}]}<\/script>\n<!-- \/ Yoast SEO plugin. -->","yoast_head_json":{"title":"Mimaki UCJV300-75 - TMS SL","robots":{"index":"index","follow":"follow","max-snippet":"max-snippet:-1","max-image-preview":"max-image-preview:large","max-video-preview":"max-video-preview:-1"},"canonical":"https:\/\/tmssl.com\/en\/product\/mimaki-ucjv300-75\/","og_locale":"en_GB","og_type":"article","og_title":"Mimaki UCJV300-75 - TMS SL","og_description":"La serie UCJV300 es una familia de impresoras de inyecci\u00f3n de tinta. Tiene una funci\u00f3n combinada de impresi\u00f3n y corte con tinta UV curable. Esta serie tambi\u00e9n viene equipada con una funci\u00f3n de impresi\u00f3n de 5 capas.  La funcionalidad de corte integrado permite la producci\u00f3n en volumen de etiquetas, adhesivos, floor Graphics, POP displays, envases, prototipos y mucho m\u00e1s\u2026 Adem\u00e1s, la tecnolog\u00eda de tinta UV evita problemas comunes, como la separaci\u00f3n de pel\u00edcula y otros problemas relacionados con el post-corte que pueden ocurrir con pinturas solventes y l\u00e1tex.","og_url":"https:\/\/tmssl.com\/en\/product\/mimaki-ucjv300-75\/","og_site_name":"TMS SL","article_modified_time":"2023-02-14T11:35:28+00:00","og_image":[{"width":886,"height":886,"url":"https:\/\/i0.wp.com\/tmssl.com\/wp-content\/uploads\/2023\/02\/UCJV300-75_Mesa-de-trabajo-1.jpg?fit=886%2C886&ssl=1","type":"image\/jpeg"}],"twitter_card":"summary_large_image","twitter_misc":{"Estimated reading time":"2 minutes"},"schema":{"@context":"https:\/\/schema.org","@graph":[{"@type":"WebPage","@id":"https:\/\/tmssl.com\/producto\/mimaki-ucjv300-75\/","url":"https:\/\/tmssl.com\/producto\/mimaki-ucjv300-75\/","name":"Mimaki UCJV300-75 - TMS SL","isPartOf":{"@id":"https:\/\/tmssl.com\/en\/#website"},"datePublished":"2023-02-13T16:33:18+00:00","dateModified":"2023-02-14T11:35:28+00:00","breadcrumb":{"@id":"https:\/\/tmssl.com\/producto\/mimaki-ucjv300-75\/#breadcrumb"},"inLanguage":"en-GB","potentialAction":[{"@type":"ReadAction","target":["https:\/\/tmssl.com\/producto\/mimaki-ucjv300-75\/"]}]},{"@type":"BreadcrumbList","@id":"https:\/\/tmssl.com\/producto\/mimaki-ucjv300-75\/#breadcrumb","itemListElement":[{"@type":"ListItem","position":1,"name":"Portada","item":"https:\/\/tmssl.com\/"},{"@type":"ListItem","position":2,"name":"Shop","item":"https:\/\/tmssl.com\/shop\/"},{"@type":"ListItem","position":3,"name":"Mimaki UCJV300-75"}]},{"@type":"WebSite","@id":"https:\/\/tmssl.com\/en\/#website","url":"https:\/\/tmssl.com\/en\/","name":"www.tmssl.com","description":"Venta de vinilo textil, y consumibles para la personalizacion.","publisher":{"@id":"https:\/\/tmssl.com\/en\/#organization"},"potentialAction":[{"@type":"SearchAction","target":{"@type":"EntryPoint","urlTemplate":"https:\/\/tmssl.com\/en\/?s={search_term_string}"},"query-input":{"@type":"PropertyValueSpecification","valueRequired":true,"valueName":"search_term_string"}}],"inLanguage":"en-GB"},{"@type":"Organization","@id":"https:\/\/tmssl.com\/en\/#organization","name":"www.tmssl.com","url":"https:\/\/tmssl.com\/en\/","logo":{"@type":"ImageObject","inLanguage":"en-GB","@id":"https:\/\/tmssl.com\/en\/#\/schema\/logo\/image\/","url":"https:\/\/tmssl.com\/wp-content\/uploads\/2023\/07\/LOGO-TMS-ALTA-01.jpg","contentUrl":"https:\/\/tmssl.com\/wp-content\/uploads\/2023\/07\/LOGO-TMS-ALTA-01.jpg","width":598,"height":597,"caption":"www.tmssl.com"},"image":{"@id":"https:\/\/tmssl.com\/en\/#\/schema\/logo\/image\/"},"sameAs":["https:\/\/www.instagram.com\/vinilotextil.tmssl\/"]}]}},"jetpack_publicize_connections":[],"jetpack_likes_enabled":true,"jetpack-related-posts":[{"id":4189,"url":"https:\/\/tmssl.com\/en\/product\/mimaki-ucjv300-107\/","url_meta":{"origin":4193,"position":0},"title":"Mimaki UCJV300-107","author":"Info","date":"13 de February de 2023","format":false,"excerpt":"La serie UCJV300 es una familia de impresoras de inyecci\u00f3n de tinta. Tiene una funci\u00f3n combinada de impresi\u00f3n y corte con tinta UV curable. Esta serie tambi\u00e9n viene equipada con una funci\u00f3n de impresi\u00f3n de 5 capas. La funcionalidad de corte integrado permite la producci\u00f3n en volumen de etiquetas, adhesivos,\u2026","rel":"","context":"Similar post","block_context":{"text":"Similar post","link":""},"img":{"alt_text":"","src":"","width":0,"height":0},"classes":[]},{"id":9238,"url":"https:\/\/tmssl.com\/en\/product\/lona-mesh-perforada-con-protector\/","url_meta":{"origin":4193,"position":1},"title":"Lona mesh perforada con protector","author":"Info","date":"22 de October de 2024","format":false,"excerpt":"Lona mesh perforada con protector para impresi\u00f3n La\u00a0lona mesh perforada con protector 1,067 X 50 METROS, es un sustrato extremadamente resistente. La particularidad de estar perforada\u00a0la hace ideal para su impresi\u00f3n digital\u00a0y colocaci\u00f3n en exteriores. Principalmente fachadas, rejas y vallas. Por su composici\u00f3n esta lona perforada permite el paso del\u2026","rel":"","context":"Similar post","block_context":{"text":"Similar post","link":""},"img":{"alt_text":"","src":"","width":0,"height":0},"classes":[]},{"id":4321,"url":"https:\/\/tmssl.com\/en\/product\/tinta-ecosolvente-mimaki-ss21\/","url_meta":{"origin":4193,"position":2},"title":"TINTA ECOSOLVENTE MIMAKI SS21","author":"Info","date":"14 de February de 2023","format":false,"excerpt":"Cartucho Mimaki SS21 original es una tinta solvente Ideal para la impresi\u00f3n de alta resoluci\u00f3n en soportes sin recubrimiento Durabilidad hasta tres a\u00f1os en exteriores sin necesidad de laminaci\u00f3n El cartucho de 440ml de tinta SS21","rel":"","context":"Similar post","block_context":{"text":"Similar post","link":""},"img":{"alt_text":"","src":"","width":0,"height":0},"classes":[]},{"id":4197,"url":"https:\/\/tmssl.com\/en\/product\/mimaki-cjv150-75\/","url_meta":{"origin":4193,"position":3},"title":"Mimaki CJV150-75","author":"Info","date":"13 de February de 2023","format":false,"excerpt":"Impresora digital solvente con corte integrado La Mimaki CJV150, equipo de impresi\u00f3n y corte, tiene como principal caracter\u00edstica, su alto rendimiento, que facilita la creatividad y la versatilidad en todas las impresiones. Gracias a las tintas vibrantes que utiliza, como por ejemplo, las nuevas Silver, Orange y Light Black, que\u2026","rel":"","context":"Similar post","block_context":{"text":"Similar post","link":""},"img":{"alt_text":"","src":"","width":0,"height":0},"classes":[]},{"id":4200,"url":"https:\/\/tmssl.com\/en\/product\/mimaki-cjv150-107\/","url_meta":{"origin":4193,"position":4},"title":"Mimaki CJV150-107","author":"Info","date":"13 de February de 2023","format":false,"excerpt":"Impresora digital solvente con corte integrado La Mimaki CJV150, equipo de impresi\u00f3n y corte, tiene como principal caracter\u00edstica, su alto rendimiento, que facilita la creatividad y la versatilidad en todas las impresiones. Gracias a las tintas vibrantes que utiliza, como por ejemplo, las nuevas Silver, Orange y Light Black, que\u2026","rel":"","context":"Similar post","block_context":{"text":"Similar post","link":""},"img":{"alt_text":"","src":"","width":0,"height":0},"classes":[]},{"id":4202,"url":"https:\/\/tmssl.com\/en\/product\/mimaki-cjv150-160\/","url_meta":{"origin":4193,"position":5},"title":"Mimaki CJV150-160","author":"Info","date":"13 de February de 2023","format":false,"excerpt":"Impresora digital solvente con corte integrado \u00a0 \u00a0 La Mimaki CJV150, equipo de impresi\u00f3n y corte, tiene como principal caracter\u00edstica, su alto rendimiento, que facilita la creatividad y la versatilidad en todas las impresiones. Gracias a las tintas vibrantes que utiliza, como por ejemplo, las nuevas Silver, Orange y Light\u2026","rel":"","context":"Similar post","block_context":{"text":"Similar post","link":""},"img":{"alt_text":"","src":"","width":0,"height":0},"classes":[]}],"jetpack_sharing_enabled":true,"tiered_pricing_type":"fixed","tiered_pricing_fixed_rules":[],"tiered_pricing_product_settings":{"layout":"default","base_unit_name":{"singular":null,"plural":null},"default_variation":null},"tiered_pricing_minimum_quantity":null,"tiered_pricing_roles_data":[],"tiered_pricing_percentage_rules":[],"_links":{"self":[{"href":"https:\/\/tmssl.com\/en\/wp-json\/wp\/v2\/product\/4193","targetHints":{"allow":["GET"]}}],"collection":[{"href":"https:\/\/tmssl.com\/en\/wp-json\/wp\/v2\/product"}],"about":[{"href":"https:\/\/tmssl.com\/en\/wp-json\/wp\/v2\/types\/product"}],"replies":[{"embeddable":true,"href":"https:\/\/tmssl.com\/en\/wp-json\/wp\/v2\/comments?post=4193"}],"version-history":[{"count":1,"href":"https:\/\/tmssl.com\/en\/wp-json\/wp\/v2\/product\/4193\/revisions"}],"predecessor-version":[{"id":4194,"href":"https:\/\/tmssl.com\/en\/wp-json\/wp\/v2\/product\/4193\/revisions\/4194"}],"wp:attachment":[{"href":"https:\/\/tmssl.com\/en\/wp-json\/wp\/v2\/media?parent=4193"}],"wp:term":[{"taxonomy":"product_brand","embeddable":true,"href":"https:\/\/tmssl.com\/en\/wp-json\/wp\/v2\/product_brand?post=4193"},{"taxonomy":"product_cat","embeddable":true,"href":"https:\/\/tmssl.com\/en\/wp-json\/wp\/v2\/product_cat?post=4193"},{"taxonomy":"product_tag","embeddable":true,"href":"https:\/\/tmssl.com\/en\/wp-json\/wp\/v2\/product_tag?post=4193"}],"curies":[{"name":"wp","href":"https:\/\/api.w.org\/{rel}","templated":true}]}}