{"id":4387,"date":"2023-02-15T12:19:32","date_gmt":"2023-02-15T11:19:32","guid":{"rendered":"https:\/\/tmssl.com\/?post_type=product&#038;p=4387"},"modified":"2025-04-16T11:48:53","modified_gmt":"2025-04-16T09:48:53","slug":"plato-especial-gorras","status":"publish","type":"product","link":"https:\/\/tmssl.com\/en\/product\/plato-especial-gorras\/","title":{"rendered":"PLATO ESPECIAL GORRAS"},"content":{"rendered":"","protected":false},"excerpt":{"rendered":"<div class=\"av-special-heading av-4o489j-1bc96c20a409d28613115dab3d6bb127 av-special-heading-h3 avia-builder-el-19 el_before_av_textblock avia-builder-el-first\">\n<h3 class=\"av-special-heading-tag\" style=\"text-align: center;\"><img decoding=\"async\" class=\"alignnone size-medium wp-image-10834\" src=\"https:\/\/tmssl.com\/wp-content\/uploads\/2023\/11\/logo-300x138.png\" alt=\"\" width=\"300\" height=\"138\" srcset=\"https:\/\/i0.wp.com\/tmssl.com\/wp-content\/uploads\/2023\/11\/logo.png?resize=300%2C138&amp;ssl=1 300w, https:\/\/i0.wp.com\/tmssl.com\/wp-content\/uploads\/2023\/11\/logo.png?resize=18%2C8&amp;ssl=1 18w, https:\/\/i0.wp.com\/tmssl.com\/wp-content\/uploads\/2023\/11\/logo.png?w=340&amp;ssl=1 340w\" sizes=\"(max-width: 300px) 100vw, 300px\" \/><\/h3>\n<h3 class=\"av-special-heading-tag\" style=\"text-align: center;\">Accesorios para TS ONE \u2013 TS DOUBLE<\/h3>\n<div class=\"special-heading-border\">\n<div class=\"special-heading-inner-border\">Combo plato inferior y superior, especial para personalizar gorras.<\/div>\n<\/div>\n<\/div>\n<section class=\"av_textblock_section av-4m86f3-8c2b3aec47fc7008742edbe8a8dce35a\">\n<div class=\"avia_textblock\"><\/div>\n<\/section>","protected":false},"featured_media":11641,"comment_status":"open","ping_status":"closed","template":"","meta":{"_crdt_document":"","jetpack_publicize_message":"","jetpack_publicize_feature_enabled":true,"jetpack_social_post_already_shared":true,"jetpack_social_options":{"image_generator_settings":{"template":"highway","default_image_id":0,"font":"","enabled":false},"version":2},"_wpas_customize_per_network":false},"product_brand":[123336],"product_cat":[122653,122651],"product_tag":[123357,123352,123356],"class_list":{"0":"post-4387","1":"product","2":"type-product","3":"status-publish","4":"has-post-thumbnail","6":"product_brand-siser","7":"product_cat-accesorios-planchas-siser","8":"product_cat-planchas-textiles","9":"product_tag-accesorio-gorras","10":"product_tag-accesorio-ts-one","11":"product_tag-accserio-ts-doble","13":"first","14":"instock","15":"taxable","16":"shipping-taxable","17":"purchasable","18":"product-type-simple"},"yoast_head":"<!-- This site is optimized with the Yoast SEO plugin v27.6 - https:\/\/yoast.com\/product\/yoast-seo-wordpress\/ -->\n<title>PLATO ESPECIAL GORRAS - TMS SL<\/title>\n<meta name=\"robots\" content=\"index, follow, max-snippet:-1, max-image-preview:large, max-video-preview:-1\" \/>\n<link rel=\"canonical\" href=\"https:\/\/tmssl.com\/en\/product\/plato-especial-gorras\/\" \/>\n<meta property=\"og:locale\" content=\"en_GB\" \/>\n<meta property=\"og:type\" content=\"article\" \/>\n<meta property=\"og:title\" content=\"PLATO ESPECIAL GORRAS - TMS SL\" \/>\n<meta property=\"og:description\" content=\"Accesorios para TS ONE \u2013 TS DOUBLE  Combo plato inferior y superior, especial para personalizar gorras.\" \/>\n<meta property=\"og:url\" content=\"https:\/\/tmssl.com\/en\/product\/plato-especial-gorras\/\" \/>\n<meta property=\"og:site_name\" content=\"TMS SL\" \/>\n<meta property=\"article:modified_time\" content=\"2025-04-16T09:48:53+00:00\" \/>\n<meta property=\"og:image\" content=\"https:\/\/tmssl.com\/wp-content\/uploads\/2022\/09\/45.jpg\" \/>\n\t<meta property=\"og:image:width\" content=\"1620\" \/>\n\t<meta property=\"og:image:height\" content=\"2025\" \/>\n\t<meta property=\"og:image:type\" content=\"image\/jpeg\" \/>\n<meta name=\"twitter:card\" content=\"summary_large_image\" \/>\n<meta name=\"twitter:label1\" content=\"Estimated reading time\" \/>\n\t<meta name=\"twitter:data1\" content=\"1 minute\" \/>\n<script type=\"application\/ld+json\" class=\"yoast-schema-graph\">{\"@context\":\"https:\\\/\\\/schema.org\",\"@graph\":[{\"@type\":\"WebPage\",\"@id\":\"https:\\\/\\\/tmssl.com\\\/producto\\\/plato-especial-gorras\\\/\",\"url\":\"https:\\\/\\\/tmssl.com\\\/producto\\\/plato-especial-gorras\\\/\",\"name\":\"PLATO ESPECIAL GORRAS - TMS SL\",\"isPartOf\":{\"@id\":\"https:\\\/\\\/tmssl.com\\\/en\\\/#website\"},\"primaryImageOfPage\":{\"@id\":\"https:\\\/\\\/tmssl.com\\\/producto\\\/plato-especial-gorras\\\/#primaryimage\"},\"image\":{\"@id\":\"https:\\\/\\\/tmssl.com\\\/producto\\\/plato-especial-gorras\\\/#primaryimage\"},\"thumbnailUrl\":\"https:\\\/\\\/i0.wp.com\\\/tmssl.com\\\/wp-content\\\/uploads\\\/2022\\\/09\\\/45.webp?fit=1536%2C1920&ssl=1\",\"datePublished\":\"2023-02-15T11:19:32+00:00\",\"dateModified\":\"2025-04-16T09:48:53+00:00\",\"breadcrumb\":{\"@id\":\"https:\\\/\\\/tmssl.com\\\/producto\\\/plato-especial-gorras\\\/#breadcrumb\"},\"inLanguage\":\"en-GB\",\"potentialAction\":[{\"@type\":\"ReadAction\",\"target\":[\"https:\\\/\\\/tmssl.com\\\/producto\\\/plato-especial-gorras\\\/\"]}]},{\"@type\":\"ImageObject\",\"inLanguage\":\"en-GB\",\"@id\":\"https:\\\/\\\/tmssl.com\\\/producto\\\/plato-especial-gorras\\\/#primaryimage\",\"url\":\"https:\\\/\\\/i0.wp.com\\\/tmssl.com\\\/wp-content\\\/uploads\\\/2022\\\/09\\\/45.webp?fit=1536%2C1920&ssl=1\",\"contentUrl\":\"https:\\\/\\\/i0.wp.com\\\/tmssl.com\\\/wp-content\\\/uploads\\\/2022\\\/09\\\/45.webp?fit=1536%2C1920&ssl=1\",\"width\":1536,\"height\":1920},{\"@type\":\"BreadcrumbList\",\"@id\":\"https:\\\/\\\/tmssl.com\\\/producto\\\/plato-especial-gorras\\\/#breadcrumb\",\"itemListElement\":[{\"@type\":\"ListItem\",\"position\":1,\"name\":\"Portada\",\"item\":\"https:\\\/\\\/tmssl.com\\\/\"},{\"@type\":\"ListItem\",\"position\":2,\"name\":\"Shop\",\"item\":\"https:\\\/\\\/tmssl.com\\\/shop\\\/\"},{\"@type\":\"ListItem\",\"position\":3,\"name\":\"PLATO ESPECIAL GORRAS\"}]},{\"@type\":\"WebSite\",\"@id\":\"https:\\\/\\\/tmssl.com\\\/en\\\/#website\",\"url\":\"https:\\\/\\\/tmssl.com\\\/en\\\/\",\"name\":\"www.tmssl.com\",\"description\":\"Venta de vinilo textil, y consumibles para la personalizacion.\",\"publisher\":{\"@id\":\"https:\\\/\\\/tmssl.com\\\/en\\\/#organization\"},\"potentialAction\":[{\"@type\":\"SearchAction\",\"target\":{\"@type\":\"EntryPoint\",\"urlTemplate\":\"https:\\\/\\\/tmssl.com\\\/en\\\/?s={search_term_string}\"},\"query-input\":{\"@type\":\"PropertyValueSpecification\",\"valueRequired\":true,\"valueName\":\"search_term_string\"}}],\"inLanguage\":\"en-GB\"},{\"@type\":\"Organization\",\"@id\":\"https:\\\/\\\/tmssl.com\\\/en\\\/#organization\",\"name\":\"www.tmssl.com\",\"url\":\"https:\\\/\\\/tmssl.com\\\/en\\\/\",\"logo\":{\"@type\":\"ImageObject\",\"inLanguage\":\"en-GB\",\"@id\":\"https:\\\/\\\/tmssl.com\\\/en\\\/#\\\/schema\\\/logo\\\/image\\\/\",\"url\":\"https:\\\/\\\/tmssl.com\\\/wp-content\\\/uploads\\\/2023\\\/07\\\/LOGO-TMS-ALTA-01.jpg\",\"contentUrl\":\"https:\\\/\\\/tmssl.com\\\/wp-content\\\/uploads\\\/2023\\\/07\\\/LOGO-TMS-ALTA-01.jpg\",\"width\":598,\"height\":597,\"caption\":\"www.tmssl.com\"},\"image\":{\"@id\":\"https:\\\/\\\/tmssl.com\\\/en\\\/#\\\/schema\\\/logo\\\/image\\\/\"},\"sameAs\":[\"https:\\\/\\\/www.instagram.com\\\/vinilotextil.tmssl\\\/\"]}]}<\/script>\n<!-- \/ Yoast SEO plugin. -->","yoast_head_json":{"title":"PLATO ESPECIAL GORRAS - TMS SL","robots":{"index":"index","follow":"follow","max-snippet":"max-snippet:-1","max-image-preview":"max-image-preview:large","max-video-preview":"max-video-preview:-1"},"canonical":"https:\/\/tmssl.com\/en\/product\/plato-especial-gorras\/","og_locale":"en_GB","og_type":"article","og_title":"PLATO ESPECIAL GORRAS - TMS SL","og_description":"Accesorios para TS ONE \u2013 TS DOUBLE  Combo plato inferior y superior, especial para personalizar gorras.","og_url":"https:\/\/tmssl.com\/en\/product\/plato-especial-gorras\/","og_site_name":"TMS SL","article_modified_time":"2025-04-16T09:48:53+00:00","og_image":[{"width":1620,"height":2025,"url":"https:\/\/tmssl.com\/wp-content\/uploads\/2022\/09\/45.jpg","type":"image\/jpeg"}],"twitter_card":"summary_large_image","twitter_misc":{"Estimated reading time":"1 minute"},"schema":{"@context":"https:\/\/schema.org","@graph":[{"@type":"WebPage","@id":"https:\/\/tmssl.com\/producto\/plato-especial-gorras\/","url":"https:\/\/tmssl.com\/producto\/plato-especial-gorras\/","name":"PLATO ESPECIAL GORRAS - TMS SL","isPartOf":{"@id":"https:\/\/tmssl.com\/en\/#website"},"primaryImageOfPage":{"@id":"https:\/\/tmssl.com\/producto\/plato-especial-gorras\/#primaryimage"},"image":{"@id":"https:\/\/tmssl.com\/producto\/plato-especial-gorras\/#primaryimage"},"thumbnailUrl":"https:\/\/i0.wp.com\/tmssl.com\/wp-content\/uploads\/2022\/09\/45.webp?fit=1536%2C1920&ssl=1","datePublished":"2023-02-15T11:19:32+00:00","dateModified":"2025-04-16T09:48:53+00:00","breadcrumb":{"@id":"https:\/\/tmssl.com\/producto\/plato-especial-gorras\/#breadcrumb"},"inLanguage":"en-GB","potentialAction":[{"@type":"ReadAction","target":["https:\/\/tmssl.com\/producto\/plato-especial-gorras\/"]}]},{"@type":"ImageObject","inLanguage":"en-GB","@id":"https:\/\/tmssl.com\/producto\/plato-especial-gorras\/#primaryimage","url":"https:\/\/i0.wp.com\/tmssl.com\/wp-content\/uploads\/2022\/09\/45.webp?fit=1536%2C1920&ssl=1","contentUrl":"https:\/\/i0.wp.com\/tmssl.com\/wp-content\/uploads\/2022\/09\/45.webp?fit=1536%2C1920&ssl=1","width":1536,"height":1920},{"@type":"BreadcrumbList","@id":"https:\/\/tmssl.com\/producto\/plato-especial-gorras\/#breadcrumb","itemListElement":[{"@type":"ListItem","position":1,"name":"Portada","item":"https:\/\/tmssl.com\/"},{"@type":"ListItem","position":2,"name":"Shop","item":"https:\/\/tmssl.com\/shop\/"},{"@type":"ListItem","position":3,"name":"PLATO ESPECIAL GORRAS"}]},{"@type":"WebSite","@id":"https:\/\/tmssl.com\/en\/#website","url":"https:\/\/tmssl.com\/en\/","name":"www.tmssl.com","description":"Venta de vinilo textil, y consumibles para la personalizacion.","publisher":{"@id":"https:\/\/tmssl.com\/en\/#organization"},"potentialAction":[{"@type":"SearchAction","target":{"@type":"EntryPoint","urlTemplate":"https:\/\/tmssl.com\/en\/?s={search_term_string}"},"query-input":{"@type":"PropertyValueSpecification","valueRequired":true,"valueName":"search_term_string"}}],"inLanguage":"en-GB"},{"@type":"Organization","@id":"https:\/\/tmssl.com\/en\/#organization","name":"www.tmssl.com","url":"https:\/\/tmssl.com\/en\/","logo":{"@type":"ImageObject","inLanguage":"en-GB","@id":"https:\/\/tmssl.com\/en\/#\/schema\/logo\/image\/","url":"https:\/\/tmssl.com\/wp-content\/uploads\/2023\/07\/LOGO-TMS-ALTA-01.jpg","contentUrl":"https:\/\/tmssl.com\/wp-content\/uploads\/2023\/07\/LOGO-TMS-ALTA-01.jpg","width":598,"height":597,"caption":"www.tmssl.com"},"image":{"@id":"https:\/\/tmssl.com\/en\/#\/schema\/logo\/image\/"},"sameAs":["https:\/\/www.instagram.com\/vinilotextil.tmssl\/"]}]}},"jetpack_publicize_connections":[],"jetpack_likes_enabled":true,"jetpack-related-posts":[{"id":4388,"url":"https:\/\/tmssl.com\/en\/product\/plato-especial-talonera\/","url_meta":{"origin":4387,"position":0},"title":"PLATO ESPECIAL TALONERA","author":"Info","date":"15 de February de 2023","format":false,"excerpt":"Accesorios para TS ONE \u2013 TS DOUBLE Combo plato inferior y superior, especial para personalizar taloneras de zapatos.","rel":"","context":"Similar post","block_context":{"text":"Similar post","link":""},"img":{"alt_text":"","src":"https:\/\/i0.wp.com\/tmssl.com\/wp-content\/uploads\/2022\/09\/46.webp?fit=960%2C1200&ssl=1&resize=350%2C200","width":350,"height":200,"srcset":"https:\/\/i0.wp.com\/tmssl.com\/wp-content\/uploads\/2022\/09\/46.webp?fit=960%2C1200&ssl=1&resize=350%2C200 1x, https:\/\/i0.wp.com\/tmssl.com\/wp-content\/uploads\/2022\/09\/46.webp?fit=960%2C1200&ssl=1&resize=525%2C300 1.5x, https:\/\/i0.wp.com\/tmssl.com\/wp-content\/uploads\/2022\/09\/46.webp?fit=960%2C1200&ssl=1&resize=700%2C400 2x"},"classes":[]},{"id":1132,"url":"https:\/\/tmssl.com\/en\/product\/ts-one\/","url_meta":{"origin":4387,"position":1},"title":"PLANCHA TEXTIL SISER TS ONE","author":"Info","date":"13 de September de 2022","format":false,"excerpt":"La\u00a0plancha Siser TS One\u00a0es una magn\u00edfica prensa pensada para ofrecer una gran versatilidad con una inversi\u00f3n ajustada. La plancha se sirve con el\u00a0plato rectangular de 38x50\u00a0cent\u00edmetros que te permitir\u00e1 personalizar multitud de prendas y objetos planos mediante\u00a0vinilo textil y sublimaci\u00f3n. Gracias a su sencillo sistema de cambio de accesorio podr\u00e1s\u2026","rel":"","context":"Similar post","block_context":{"text":"Similar post","link":""},"img":{"alt_text":"","src":"https:\/\/i0.wp.com\/tmssl.com\/wp-content\/uploads\/2022\/09\/TS-ONE.jpg?fit=1030%2C687&ssl=1&resize=350%2C200","width":350,"height":200,"srcset":"https:\/\/i0.wp.com\/tmssl.com\/wp-content\/uploads\/2022\/09\/TS-ONE.jpg?fit=1030%2C687&ssl=1&resize=350%2C200 1x, https:\/\/i0.wp.com\/tmssl.com\/wp-content\/uploads\/2022\/09\/TS-ONE.jpg?fit=1030%2C687&ssl=1&resize=525%2C300 1.5x, https:\/\/i0.wp.com\/tmssl.com\/wp-content\/uploads\/2022\/09\/TS-ONE.jpg?fit=1030%2C687&ssl=1&resize=700%2C400 2x"},"classes":[]},{"id":4390,"url":"https:\/\/tmssl.com\/en\/product\/4390\/","url_meta":{"origin":4387,"position":2},"title":"PLATO ESPECIAL BOLSILLOS","author":"Info","date":"15 de February de 2023","format":false,"excerpt":"Accesorios para TS ONE \u2013 TS DOUBLE Combo plato inferior y superior, especial para bolsillos 15x15cm.","rel":"","context":"Similar post","block_context":{"text":"Similar post","link":""},"img":{"alt_text":"","src":"https:\/\/i0.wp.com\/tmssl.com\/wp-content\/uploads\/2023\/02\/15x15-1.jpg?fit=800%2C450&ssl=1&resize=350%2C200","width":350,"height":200,"srcset":"https:\/\/i0.wp.com\/tmssl.com\/wp-content\/uploads\/2023\/02\/15x15-1.jpg?fit=800%2C450&ssl=1&resize=350%2C200 1x, https:\/\/i0.wp.com\/tmssl.com\/wp-content\/uploads\/2023\/02\/15x15-1.jpg?fit=800%2C450&ssl=1&resize=525%2C300 1.5x, https:\/\/i0.wp.com\/tmssl.com\/wp-content\/uploads\/2023\/02\/15x15-1.jpg?fit=800%2C450&ssl=1&resize=700%2C400 2x"},"classes":[]},{"id":1145,"url":"https:\/\/tmssl.com\/en\/product\/ts-doble\/","url_meta":{"origin":4387,"position":3},"title":"PLANCHA TEXTIL SISER TS DOBLE","author":"Info","date":"13 de September de 2022","format":false,"excerpt":"TS-DOBLE es la nueva plancha t\u00e9rmica manual de Siser. Gracias a su innovador dise\u00f1o podr\u00e1s decorar cualquier tejido de forma f\u00e1cil y profesional. El brazo oscilante y el amplio espacio de trabajo le permiten trabajar de forma r\u00e1pida y segura. Las placas dobles permiten una alta productividad en menos tiempo.\u2026","rel":"","context":"Similar post","block_context":{"text":"Similar post","link":""},"img":{"alt_text":"","src":"https:\/\/i0.wp.com\/tmssl.com\/wp-content\/uploads\/2022\/09\/TS-DOBLE.jpg?fit=1200%2C800&ssl=1&resize=350%2C200","width":350,"height":200,"srcset":"https:\/\/i0.wp.com\/tmssl.com\/wp-content\/uploads\/2022\/09\/TS-DOBLE.jpg?fit=1200%2C800&ssl=1&resize=350%2C200 1x, https:\/\/i0.wp.com\/tmssl.com\/wp-content\/uploads\/2022\/09\/TS-DOBLE.jpg?fit=1200%2C800&ssl=1&resize=525%2C300 1.5x, https:\/\/i0.wp.com\/tmssl.com\/wp-content\/uploads\/2022\/09\/TS-DOBLE.jpg?fit=1200%2C800&ssl=1&resize=700%2C400 2x, https:\/\/i0.wp.com\/tmssl.com\/wp-content\/uploads\/2022\/09\/TS-DOBLE.jpg?fit=1200%2C800&ssl=1&resize=1050%2C600 3x"},"classes":[]},{"id":4389,"url":"https:\/\/tmssl.com\/en\/product\/plato-lateral-zapato\/","url_meta":{"origin":4387,"position":4},"title":"PLATO LATERAL ZAPATO","author":"Info","date":"15 de February de 2023","format":false,"excerpt":"Accesorios para TS ONE \u2013 TS DOUBLE plato inferior en forma de H, especial para personalizar el lateral del zapato.","rel":"","context":"Similar post","block_context":{"text":"Similar post","link":""},"img":{"alt_text":"","src":"https:\/\/i0.wp.com\/tmssl.com\/wp-content\/uploads\/2022\/09\/47.webp?fit=960%2C1200&ssl=1&resize=350%2C200","width":350,"height":200,"srcset":"https:\/\/i0.wp.com\/tmssl.com\/wp-content\/uploads\/2022\/09\/47.webp?fit=960%2C1200&ssl=1&resize=350%2C200 1x, https:\/\/i0.wp.com\/tmssl.com\/wp-content\/uploads\/2022\/09\/47.webp?fit=960%2C1200&ssl=1&resize=525%2C300 1.5x, https:\/\/i0.wp.com\/tmssl.com\/wp-content\/uploads\/2022\/09\/47.webp?fit=960%2C1200&ssl=1&resize=700%2C400 2x"},"classes":[]},{"id":4391,"url":"https:\/\/tmssl.com\/en\/product\/platos-inferiores\/","url_meta":{"origin":4387,"position":5},"title":"PLATOS INFERIORES","author":"Info","date":"15 de February de 2023","format":false,"excerpt":"Accesorios para TS ONE \u2013 TS DOUBLE Plato inferior.","rel":"","context":"Similar post","block_context":{"text":"Similar post","link":""},"img":{"alt_text":"","src":"https:\/\/i0.wp.com\/tmssl.com\/wp-content\/uploads\/2023\/02\/piastre-1-1.jpg?fit=800%2C428&ssl=1&resize=350%2C200","width":350,"height":200,"srcset":"https:\/\/i0.wp.com\/tmssl.com\/wp-content\/uploads\/2023\/02\/piastre-1-1.jpg?fit=800%2C428&ssl=1&resize=350%2C200 1x, https:\/\/i0.wp.com\/tmssl.com\/wp-content\/uploads\/2023\/02\/piastre-1-1.jpg?fit=800%2C428&ssl=1&resize=525%2C300 1.5x, https:\/\/i0.wp.com\/tmssl.com\/wp-content\/uploads\/2023\/02\/piastre-1-1.jpg?fit=800%2C428&ssl=1&resize=700%2C400 2x"},"classes":[]}],"jetpack_sharing_enabled":true,"tiered_pricing_type":"fixed","tiered_pricing_fixed_rules":[],"tiered_pricing_product_settings":{"layout":"default","base_unit_name":{"singular":null,"plural":null},"default_variation":null},"tiered_pricing_minimum_quantity":null,"tiered_pricing_roles_data":[],"tiered_pricing_percentage_rules":[],"_links":{"self":[{"href":"https:\/\/tmssl.com\/en\/wp-json\/wp\/v2\/product\/4387","targetHints":{"allow":["GET"]}}],"collection":[{"href":"https:\/\/tmssl.com\/en\/wp-json\/wp\/v2\/product"}],"about":[{"href":"https:\/\/tmssl.com\/en\/wp-json\/wp\/v2\/types\/product"}],"replies":[{"embeddable":true,"href":"https:\/\/tmssl.com\/en\/wp-json\/wp\/v2\/comments?post=4387"}],"version-history":[{"count":2,"href":"https:\/\/tmssl.com\/en\/wp-json\/wp\/v2\/product\/4387\/revisions"}],"predecessor-version":[{"id":11696,"href":"https:\/\/tmssl.com\/en\/wp-json\/wp\/v2\/product\/4387\/revisions\/11696"}],"wp:featuredmedia":[{"embeddable":true,"href":"https:\/\/tmssl.com\/en\/wp-json\/wp\/v2\/media\/11641"}],"wp:attachment":[{"href":"https:\/\/tmssl.com\/en\/wp-json\/wp\/v2\/media?parent=4387"}],"wp:term":[{"taxonomy":"product_brand","embeddable":true,"href":"https:\/\/tmssl.com\/en\/wp-json\/wp\/v2\/product_brand?post=4387"},{"taxonomy":"product_cat","embeddable":true,"href":"https:\/\/tmssl.com\/en\/wp-json\/wp\/v2\/product_cat?post=4387"},{"taxonomy":"product_tag","embeddable":true,"href":"https:\/\/tmssl.com\/en\/wp-json\/wp\/v2\/product_tag?post=4387"}],"curies":[{"name":"wp","href":"https:\/\/api.w.org\/{rel}","templated":true}]}}