{"id":4644,"date":"2023-02-16T09:30:34","date_gmt":"2023-02-16T08:30:34","guid":{"rendered":"https:\/\/tmssl.com\/?post_type=product&#038;p=4644"},"modified":"2023-05-05T10:25:37","modified_gmt":"2023-05-05T08:25:37","slug":"makers-sublimation-pastel-pack-submarprimary","status":"publish","type":"product","link":"https:\/\/tmssl.com\/en\/product\/makers-sublimation-pastel-pack-submarprimary\/","title":{"rendered":"MAKERS SUBLIMATION PASTEL PACK -SUBMARPRIMARY"},"content":{"rendered":"<div id=\"vc_row-634f5aa5e3c59\" class=\"vc_row wpb_row vc_row-fluid\">\n<div class=\"wpb_column vc_column_container vc_col-sm-12\">\n<div class=\"vc_column-inner\">\n<div class=\"wpb_wrapper\">\n<div class=\"wpb_text_column wpb_content_element\">\n<div class=\"wpb_wrapper\">\n<div class=\"title-h4\"><em>Tu imaginaci\u00f3n es el l\u00edmite<\/em><\/div>\n<\/div>\n<\/div>\n<div class=\"wpb_text_column wpb_content_element\">\n<div class=\"wpb_wrapper\">\n<div><em>Siser se sumerge a\u00fan m\u00e1s en el mundo de la sublimaci\u00f3n con los nuevos rotuladores con tintas sublim\u00e1ticas. Estos marcadores permiten a los artistas dibujar sus propios dise\u00f1os en papel\u00a0 est\u00e1ndar (tipo folio)\u00a0 y aplicar calor a los dise\u00f1os directamente sobre las prendas de poli\u00e9ster,\u00a0 art\u00edculos como por ejemplo tazas e\u00a0 incluso encima de algunos materiales tambi\u00e9n de Siser como por ejemplo el Glitter blanco.<\/em><\/div>\n<div><\/div>\n<\/div>\n<\/div>\n<div class=\"wpb_text_column wpb_content_element\">\n<div class=\"wpb_wrapper\">\n<div><em><b>Nota importante:<\/b>\u00a0No recomendamos dibujar directamente en papel de sublimaci\u00f3n o Easy Subli, ya que podemos da\u00f1ar las puntas de los rotuladores.<\/em><\/div>\n<div><\/div>\n<div><\/div>\n<div><\/div>\n<\/div>\n<\/div>\n<div class=\"vc_empty_space\"><\/div>\n<div class=\"wpb_text_column wpb_content_element\">\n<div class=\"wpb_wrapper\">\n<h5>Disponibles en 3 cajas distintas, cada una de ellas contiene 6 rotuladores<\/h5>\n<\/div>\n<\/div>\n<\/div>\n<\/div>\n<\/div>\n<\/div>\n<div id=\"vc_row-634f5aa5e437a\" class=\"vc_row wpb_row vc_row-fluid\">\n<div class=\"wpb_column vc_column_container vc_col-sm-4\">\n<div class=\"vc_column-inner\">\n<div class=\"wpb_wrapper\">\n<div class=\"centered-box gem-image-centered-box\">\n<div class=\"gem-image gem-wrapbox gem-wrapbox-style-default gem-wrapbox-position-centered\">\n<div class=\"gem-wrapbox-inner\"><img decoding=\"async\" class=\"gem-wrapbox-element img-responsive jetpack-lazy-image jetpack-lazy-image--handled\" src=\"https:\/\/i0.wp.com\/csispain.com\/wp-content\/uploads\/2022\/04\/PrimaryMarkers-1-450x397-1.jpg?w=1200&amp;ssl=1\" alt=\"\" data-recalc-dims=\"1\" data-lazy-loaded=\"1\" \/><\/div>\n<\/div>\n<\/div>\n<div class=\"wpb_text_column wpb_content_element\">\n<div class=\"wpb_wrapper\">\n<p><b>PRIMARY PACK \u2013 SUBMARPASTEL<\/b><\/p>\n<\/div>\n<\/div>\n<div class=\"wpb_text_column wpb_content_element\">\n<div class=\"wpb_wrapper\">\n<p>Red (Rojo Punta Biselada)<br \/>\nPink (Rosa punta biselada)<br \/>\nOrange (Naranja punta biselada)<br \/>\nYellow (Amarillo punta biselada)<br \/>\nGreen (Verde punta biselada)<br \/>\nBlue (Azul punta biselada)<\/p>\n<\/div>\n<\/div>\n<\/div>\n<\/div>\n<\/div>\n<div class=\"wpb_column vc_column_container vc_col-sm-4\">\n<div class=\"vc_column-inner\">\n<div class=\"wpb_wrapper\">\n<div class=\"centered-box gem-image-centered-box\">\n<div class=\"gem-image gem-wrapbox gem-wrapbox-style-default gem-wrapbox-position-centered\">\n<div class=\"gem-wrapbox-inner\"><img decoding=\"async\" class=\"gem-wrapbox-element img-responsive jetpack-lazy-image jetpack-lazy-image--handled\" src=\"https:\/\/i0.wp.com\/csispain.com\/wp-content\/uploads\/2022\/04\/PastelMarkers-1-450x397-1.jpg?w=1200&amp;ssl=1\" alt=\"\" data-recalc-dims=\"1\" data-lazy-loaded=\"1\" \/><\/div>\n<\/div>\n<\/div>\n<div class=\"wpb_text_column wpb_content_element\">\n<div class=\"wpb_wrapper\">\n<p><b>PASTEL PACK -SUBMARPRIMARY<\/b><\/p>\n<\/div>\n<\/div>\n<div class=\"wpb_text_column wpb_content_element\">\n<div class=\"wpb_wrapper\">\n<p>Peach (Melocot\u00f3n punta biselada)<br \/>\nLight Pink (Rosa claro punta biselada)<br \/>\nLavender (Lavanda punta biselada)<br \/>\nLight Blue (Azul claro punta biselada)<br \/>\nSeafoam (Aqua marina punta biselada)<br \/>\nLight Green (Verde claro punta biselada)<\/p>\n<\/div>\n<\/div>\n<\/div>\n<\/div>\n<\/div>\n<div class=\"wpb_column vc_column_container vc_col-sm-4\">\n<div class=\"vc_column-inner\">\n<div class=\"wpb_wrapper\">\n<div class=\"centered-box gem-image-centered-box\">\n<div class=\"gem-image gem-wrapbox gem-wrapbox-style-default gem-wrapbox-position-centered\">\n<div class=\"gem-wrapbox-inner\"><img decoding=\"async\" class=\"gem-wrapbox-element img-responsive jetpack-lazy-image jetpack-lazy-image--handled\" src=\"https:\/\/i0.wp.com\/csispain.com\/wp-content\/uploads\/2022\/04\/BlackMarkers-1-450x397-1.jpg?w=1200&amp;ssl=1\" alt=\"\" data-recalc-dims=\"1\" data-lazy-loaded=\"1\" \/><\/div>\n<\/div>\n<\/div>\n<div class=\"wpb_text_column wpb_content_element\">\n<div class=\"wpb_wrapper\">\n<p><b>BLACK PACK* \u2013 SUBMARKBLACK<\/b><\/p>\n<\/div>\n<\/div>\n<div class=\"wpb_text_column wpb_content_element\">\n<div class=\"wpb_wrapper\">\n<p>Black (Negro punta redonda)<br \/>\nBlack (Negro punta redonda)<br \/>\nBlack (Negro punta fina)<br \/>\nBlack (Negro punta fina)<br \/>\nBlack (Negro punta biselada)<br \/>\nBlack (Negro punta biselada)<\/p>\n<\/div>\n<\/div>\n<\/div>\n<\/div>\n<\/div>\n<\/div>","protected":false},"excerpt":{"rendered":"<div class=\"wpb_text_column wpb_content_element\">\n<div class=\"wpb_wrapper\">\n<div class=\"title-h4\"><em>Tu imaginaci\u00f3n es el l\u00edmite<\/em><\/div>\n<\/div>\n<\/div>\n<div class=\"wpb_text_column wpb_content_element\">\n<div class=\"wpb_wrapper\">\n<div><em>Siser se sumerge a\u00fan m\u00e1s en el mundo de la sublimaci\u00f3n con los nuevos rotuladores con tintas sublim\u00e1ticas.<\/em><\/div>\n<div><em>Estos marcadores permiten a los artistas dibujar sus propios dise\u00f1os en papel\u00a0 est\u00e1ndar (tipo folio)\u00a0 y aplicar calor a los dise\u00f1os directamente sobre las prendas de poli\u00e9ster,\u00a0<\/em><\/div>\n<div><em>art\u00edculos como por ejemplo tazas e\u00a0 incluso encima de algunos materiales tambi\u00e9n de Siser como por ejemplo el Glitter blanco.<\/em><\/div>\n<div><\/div>\n<\/div>\n<\/div>\n<div class=\"wpb_text_column wpb_content_element\">\n<div class=\"wpb_wrapper\">\n<div><em><b>Nota importante:<\/b>\u00a0No recomendamos dibujar directamente en papel de sublimaci\u00f3n o Easy Subli, ya que podemos da\u00f1ar las puntas de los rotuladores.<\/em><\/div>\n<\/div>\n<\/div>","protected":false},"featured_media":0,"comment_status":"open","ping_status":"closed","template":"","meta":{"_crdt_document":"","jetpack_publicize_message":"","jetpack_publicize_feature_enabled":true,"jetpack_social_post_already_shared":true,"jetpack_social_options":{"image_generator_settings":{"template":"highway","default_image_id":0,"font":"","enabled":false},"version":2},"_wpas_customize_per_network":false},"product_brand":[],"product_cat":[122605,122604],"product_tag":[122809,121866,122810],"class_list":{"0":"post-4644","1":"product","2":"type-product","3":"status-publish","5":"product_cat-accesorios-craft","6":"product_cat-craft","7":"product_tag-rotuladores-sublimacion","8":"product_tag-siser","9":"product_tag-sublimation-makers","11":"first","12":"instock","13":"taxable","14":"shipping-taxable","15":"purchasable","16":"product-type-simple"},"yoast_head":"<!-- This site is optimized with the Yoast SEO plugin v27.6 - https:\/\/yoast.com\/product\/yoast-seo-wordpress\/ -->\n<title>MAKERS SUBLIMATION PASTEL PACK -SUBMARPRIMARY - TMS SL<\/title>\n<meta name=\"robots\" content=\"index, follow, max-snippet:-1, max-image-preview:large, max-video-preview:-1\" \/>\n<link rel=\"canonical\" href=\"https:\/\/tmssl.com\/en\/product\/makers-sublimation-pastel-pack-submarprimary\/\" \/>\n<meta property=\"og:locale\" content=\"en_GB\" \/>\n<meta property=\"og:type\" content=\"article\" \/>\n<meta property=\"og:title\" content=\"MAKERS SUBLIMATION PASTEL PACK -SUBMARPRIMARY - TMS SL\" \/>\n<meta property=\"og:description\" content=\"Tu imaginaci\u00f3n es el l\u00edmite     Siser se sumerge a\u00fan m\u00e1s en el mundo de la sublimaci\u00f3n con los nuevos rotuladores con tintas sublim\u00e1ticas. Estos marcadores permiten a los artistas dibujar sus propios dise\u00f1os en papel\u00a0 est\u00e1ndar (tipo folio)\u00a0 y aplicar calor a los dise\u00f1os directamente sobre las prendas de poli\u00e9ster,\u00a0 art\u00edculos como por ejemplo tazas e\u00a0 incluso encima de algunos materiales tambi\u00e9n de Siser como por ejemplo el Glitter blanco.      Nota importante:\u00a0No recomendamos dibujar directamente en papel de sublimaci\u00f3n o Easy Subli, ya que podemos da\u00f1ar las puntas de los rotuladores.\" \/>\n<meta property=\"og:url\" content=\"https:\/\/tmssl.com\/en\/product\/makers-sublimation-pastel-pack-submarprimary\/\" \/>\n<meta property=\"og:site_name\" content=\"TMS SL\" \/>\n<meta property=\"article:modified_time\" content=\"2023-05-05T08:25:37+00:00\" \/>\n<meta property=\"og:image\" content=\"https:\/\/i0.wp.com\/tmssl.com\/wp-content\/uploads\/2023\/02\/MAKERS-PASTEL_Mesa-de-trabajo-1.jpg?fit=886%2C886&ssl=1\" \/>\n\t<meta property=\"og:image:width\" content=\"886\" \/>\n\t<meta property=\"og:image:height\" content=\"886\" \/>\n\t<meta property=\"og:image:type\" content=\"image\/jpeg\" \/>\n<meta name=\"twitter:card\" content=\"summary_large_image\" \/>\n<meta name=\"twitter:label1\" content=\"Estimated reading time\" \/>\n\t<meta name=\"twitter:data1\" content=\"1 minute\" \/>\n<script type=\"application\/ld+json\" class=\"yoast-schema-graph\">{\"@context\":\"https:\\\/\\\/schema.org\",\"@graph\":[{\"@type\":\"WebPage\",\"@id\":\"https:\\\/\\\/tmssl.com\\\/producto\\\/makers-sublimation-pastel-pack-submarprimary\\\/\",\"url\":\"https:\\\/\\\/tmssl.com\\\/producto\\\/makers-sublimation-pastel-pack-submarprimary\\\/\",\"name\":\"MAKERS SUBLIMATION PASTEL PACK -SUBMARPRIMARY - TMS SL\",\"isPartOf\":{\"@id\":\"https:\\\/\\\/tmssl.com\\\/en\\\/#website\"},\"primaryImageOfPage\":{\"@id\":\"https:\\\/\\\/tmssl.com\\\/producto\\\/makers-sublimation-pastel-pack-submarprimary\\\/#primaryimage\"},\"image\":{\"@id\":\"https:\\\/\\\/tmssl.com\\\/producto\\\/makers-sublimation-pastel-pack-submarprimary\\\/#primaryimage\"},\"thumbnailUrl\":\"https:\\\/\\\/i0.wp.com\\\/csispain.com\\\/wp-content\\\/uploads\\\/2022\\\/04\\\/PrimaryMarkers-1-450x397-1.jpg?w=1200&amp;ssl=1\",\"datePublished\":\"2023-02-16T08:30:34+00:00\",\"dateModified\":\"2023-05-05T08:25:37+00:00\",\"breadcrumb\":{\"@id\":\"https:\\\/\\\/tmssl.com\\\/producto\\\/makers-sublimation-pastel-pack-submarprimary\\\/#breadcrumb\"},\"inLanguage\":\"en-GB\",\"potentialAction\":[{\"@type\":\"ReadAction\",\"target\":[\"https:\\\/\\\/tmssl.com\\\/producto\\\/makers-sublimation-pastel-pack-submarprimary\\\/\"]}]},{\"@type\":\"ImageObject\",\"inLanguage\":\"en-GB\",\"@id\":\"https:\\\/\\\/tmssl.com\\\/producto\\\/makers-sublimation-pastel-pack-submarprimary\\\/#primaryimage\",\"url\":\"https:\\\/\\\/i0.wp.com\\\/csispain.com\\\/wp-content\\\/uploads\\\/2022\\\/04\\\/PrimaryMarkers-1-450x397-1.jpg?w=1200&amp;ssl=1\",\"contentUrl\":\"https:\\\/\\\/i0.wp.com\\\/csispain.com\\\/wp-content\\\/uploads\\\/2022\\\/04\\\/PrimaryMarkers-1-450x397-1.jpg?w=1200&amp;ssl=1\"},{\"@type\":\"BreadcrumbList\",\"@id\":\"https:\\\/\\\/tmssl.com\\\/producto\\\/makers-sublimation-pastel-pack-submarprimary\\\/#breadcrumb\",\"itemListElement\":[{\"@type\":\"ListItem\",\"position\":1,\"name\":\"Portada\",\"item\":\"https:\\\/\\\/tmssl.com\\\/\"},{\"@type\":\"ListItem\",\"position\":2,\"name\":\"Shop\",\"item\":\"https:\\\/\\\/tmssl.com\\\/shop\\\/\"},{\"@type\":\"ListItem\",\"position\":3,\"name\":\"MAKERS SUBLIMATION PASTEL PACK -SUBMARPRIMARY\"}]},{\"@type\":\"WebSite\",\"@id\":\"https:\\\/\\\/tmssl.com\\\/en\\\/#website\",\"url\":\"https:\\\/\\\/tmssl.com\\\/en\\\/\",\"name\":\"www.tmssl.com\",\"description\":\"Venta de vinilo textil, y consumibles para la personalizacion.\",\"publisher\":{\"@id\":\"https:\\\/\\\/tmssl.com\\\/en\\\/#organization\"},\"potentialAction\":[{\"@type\":\"SearchAction\",\"target\":{\"@type\":\"EntryPoint\",\"urlTemplate\":\"https:\\\/\\\/tmssl.com\\\/en\\\/?s={search_term_string}\"},\"query-input\":{\"@type\":\"PropertyValueSpecification\",\"valueRequired\":true,\"valueName\":\"search_term_string\"}}],\"inLanguage\":\"en-GB\"},{\"@type\":\"Organization\",\"@id\":\"https:\\\/\\\/tmssl.com\\\/en\\\/#organization\",\"name\":\"www.tmssl.com\",\"url\":\"https:\\\/\\\/tmssl.com\\\/en\\\/\",\"logo\":{\"@type\":\"ImageObject\",\"inLanguage\":\"en-GB\",\"@id\":\"https:\\\/\\\/tmssl.com\\\/en\\\/#\\\/schema\\\/logo\\\/image\\\/\",\"url\":\"https:\\\/\\\/tmssl.com\\\/wp-content\\\/uploads\\\/2023\\\/07\\\/LOGO-TMS-ALTA-01.jpg\",\"contentUrl\":\"https:\\\/\\\/tmssl.com\\\/wp-content\\\/uploads\\\/2023\\\/07\\\/LOGO-TMS-ALTA-01.jpg\",\"width\":598,\"height\":597,\"caption\":\"www.tmssl.com\"},\"image\":{\"@id\":\"https:\\\/\\\/tmssl.com\\\/en\\\/#\\\/schema\\\/logo\\\/image\\\/\"},\"sameAs\":[\"https:\\\/\\\/www.instagram.com\\\/vinilotextil.tmssl\\\/\"]}]}<\/script>\n<!-- \/ Yoast SEO plugin. -->","yoast_head_json":{"title":"MAKERS SUBLIMATION PASTEL PACK -SUBMARPRIMARY - TMS SL","robots":{"index":"index","follow":"follow","max-snippet":"max-snippet:-1","max-image-preview":"max-image-preview:large","max-video-preview":"max-video-preview:-1"},"canonical":"https:\/\/tmssl.com\/en\/product\/makers-sublimation-pastel-pack-submarprimary\/","og_locale":"en_GB","og_type":"article","og_title":"MAKERS SUBLIMATION PASTEL PACK -SUBMARPRIMARY - TMS SL","og_description":"Tu imaginaci\u00f3n es el l\u00edmite     Siser se sumerge a\u00fan m\u00e1s en el mundo de la sublimaci\u00f3n con los nuevos rotuladores con tintas sublim\u00e1ticas. Estos marcadores permiten a los artistas dibujar sus propios dise\u00f1os en papel\u00a0 est\u00e1ndar (tipo folio)\u00a0 y aplicar calor a los dise\u00f1os directamente sobre las prendas de poli\u00e9ster,\u00a0 art\u00edculos como por ejemplo tazas e\u00a0 incluso encima de algunos materiales tambi\u00e9n de Siser como por ejemplo el Glitter blanco.      Nota importante:\u00a0No recomendamos dibujar directamente en papel de sublimaci\u00f3n o Easy Subli, ya que podemos da\u00f1ar las puntas de los rotuladores.","og_url":"https:\/\/tmssl.com\/en\/product\/makers-sublimation-pastel-pack-submarprimary\/","og_site_name":"TMS SL","article_modified_time":"2023-05-05T08:25:37+00:00","og_image":[{"width":886,"height":886,"url":"https:\/\/i0.wp.com\/tmssl.com\/wp-content\/uploads\/2023\/02\/MAKERS-PASTEL_Mesa-de-trabajo-1.jpg?fit=886%2C886&ssl=1","type":"image\/jpeg"}],"twitter_card":"summary_large_image","twitter_misc":{"Estimated reading time":"1 minute"},"schema":{"@context":"https:\/\/schema.org","@graph":[{"@type":"WebPage","@id":"https:\/\/tmssl.com\/producto\/makers-sublimation-pastel-pack-submarprimary\/","url":"https:\/\/tmssl.com\/producto\/makers-sublimation-pastel-pack-submarprimary\/","name":"MAKERS SUBLIMATION PASTEL PACK -SUBMARPRIMARY - TMS SL","isPartOf":{"@id":"https:\/\/tmssl.com\/en\/#website"},"primaryImageOfPage":{"@id":"https:\/\/tmssl.com\/producto\/makers-sublimation-pastel-pack-submarprimary\/#primaryimage"},"image":{"@id":"https:\/\/tmssl.com\/producto\/makers-sublimation-pastel-pack-submarprimary\/#primaryimage"},"thumbnailUrl":"https:\/\/i0.wp.com\/csispain.com\/wp-content\/uploads\/2022\/04\/PrimaryMarkers-1-450x397-1.jpg?w=1200&amp;ssl=1","datePublished":"2023-02-16T08:30:34+00:00","dateModified":"2023-05-05T08:25:37+00:00","breadcrumb":{"@id":"https:\/\/tmssl.com\/producto\/makers-sublimation-pastel-pack-submarprimary\/#breadcrumb"},"inLanguage":"en-GB","potentialAction":[{"@type":"ReadAction","target":["https:\/\/tmssl.com\/producto\/makers-sublimation-pastel-pack-submarprimary\/"]}]},{"@type":"ImageObject","inLanguage":"en-GB","@id":"https:\/\/tmssl.com\/producto\/makers-sublimation-pastel-pack-submarprimary\/#primaryimage","url":"https:\/\/i0.wp.com\/csispain.com\/wp-content\/uploads\/2022\/04\/PrimaryMarkers-1-450x397-1.jpg?w=1200&amp;ssl=1","contentUrl":"https:\/\/i0.wp.com\/csispain.com\/wp-content\/uploads\/2022\/04\/PrimaryMarkers-1-450x397-1.jpg?w=1200&amp;ssl=1"},{"@type":"BreadcrumbList","@id":"https:\/\/tmssl.com\/producto\/makers-sublimation-pastel-pack-submarprimary\/#breadcrumb","itemListElement":[{"@type":"ListItem","position":1,"name":"Portada","item":"https:\/\/tmssl.com\/"},{"@type":"ListItem","position":2,"name":"Shop","item":"https:\/\/tmssl.com\/shop\/"},{"@type":"ListItem","position":3,"name":"MAKERS SUBLIMATION PASTEL PACK -SUBMARPRIMARY"}]},{"@type":"WebSite","@id":"https:\/\/tmssl.com\/en\/#website","url":"https:\/\/tmssl.com\/en\/","name":"www.tmssl.com","description":"Venta de vinilo textil, y consumibles para la personalizacion.","publisher":{"@id":"https:\/\/tmssl.com\/en\/#organization"},"potentialAction":[{"@type":"SearchAction","target":{"@type":"EntryPoint","urlTemplate":"https:\/\/tmssl.com\/en\/?s={search_term_string}"},"query-input":{"@type":"PropertyValueSpecification","valueRequired":true,"valueName":"search_term_string"}}],"inLanguage":"en-GB"},{"@type":"Organization","@id":"https:\/\/tmssl.com\/en\/#organization","name":"www.tmssl.com","url":"https:\/\/tmssl.com\/en\/","logo":{"@type":"ImageObject","inLanguage":"en-GB","@id":"https:\/\/tmssl.com\/en\/#\/schema\/logo\/image\/","url":"https:\/\/tmssl.com\/wp-content\/uploads\/2023\/07\/LOGO-TMS-ALTA-01.jpg","contentUrl":"https:\/\/tmssl.com\/wp-content\/uploads\/2023\/07\/LOGO-TMS-ALTA-01.jpg","width":598,"height":597,"caption":"www.tmssl.com"},"image":{"@id":"https:\/\/tmssl.com\/en\/#\/schema\/logo\/image\/"},"sameAs":["https:\/\/www.instagram.com\/vinilotextil.tmssl\/"]}]}},"jetpack_publicize_connections":[],"jetpack_likes_enabled":true,"jetpack-related-posts":[{"id":4641,"url":"https:\/\/tmssl.com\/en\/product\/makers-sublimation-primary-pack-submarpastel\/","url_meta":{"origin":4644,"position":0},"title":"MAKERS SUBLIMATION PRIMARY PACK \u2013 SUBMARPASTEL","author":"Info","date":"16 de February de 2023","format":false,"excerpt":"Tu imaginaci\u00f3n es el l\u00edmite Siser se sumerge a\u00fan m\u00e1s en el mundo de la sublimaci\u00f3n con los nuevos rotuladores con tintas sublim\u00e1ticas. Estos marcadores permiten a los artistas dibujar sus propios dise\u00f1os en papel\u00a0 est\u00e1ndar (tipo folio)\u00a0 y aplicar calor a los dise\u00f1os directamente sobre las prendas de poli\u00e9ster,\u00a0\u2026","rel":"","context":"Similar post","block_context":{"text":"Similar post","link":""},"img":{"alt_text":"","src":"","width":0,"height":0},"classes":[]},{"id":4646,"url":"https:\/\/tmssl.com\/en\/product\/makers-sublimation-black-pack-submarkblack\/","url_meta":{"origin":4644,"position":1},"title":"MAKERS SUBLIMATION BLACK PACK* \u2013 SUBMARKBLACK","author":"Info","date":"16 de February de 2023","format":false,"excerpt":"Tu imaginaci\u00f3n es el l\u00edmite Siser se sumerge a\u00fan m\u00e1s en el mundo de la sublimaci\u00f3n con los nuevos rotuladores con tintas sublim\u00e1ticas. Estos marcadores permiten a los artistas dibujar sus propios dise\u00f1os en papel\u00a0 est\u00e1ndar (tipo folio)\u00a0 y aplicar calor a los dise\u00f1os directamente sobre las prendas de poli\u00e9ster,\u00a0\u2026","rel":"","context":"Similar post","block_context":{"text":"Similar post","link":""},"img":{"alt_text":"","src":"","width":0,"height":0},"classes":[]},{"id":4979,"url":"https:\/\/tmssl.com\/en\/product\/dtf-30pro\/","url_meta":{"origin":4644,"position":2},"title":"OASIS 30 PRO","author":"Info","date":"24 de April de 2023","format":false,"excerpt":"Sistema DTF con software RIP profesional incluido y todo lo necesario para personalizar r\u00edgidos y textiles de casi cualquier tipo sin importar su color: T\u00e9cnica novedosa de personalizaci\u00f3n: DTF del ingl\u00e9s\u00a0Direct\u00a0Transfer\u00a0Film es una t\u00e9cnica que consiste en imprimir directamente el dise\u00f1o en un film para luego transferirlo utilizando calor sobre\u2026","rel":"","context":"Similar post","block_context":{"text":"Similar post","link":""},"img":{"alt_text":"","src":"https:\/\/i0.wp.com\/tmssl.com\/wp-content\/uploads\/2023\/04\/DTF30PRO-01.png?fit=1200%2C589&ssl=1&resize=350%2C200","width":350,"height":200,"srcset":"https:\/\/i0.wp.com\/tmssl.com\/wp-content\/uploads\/2023\/04\/DTF30PRO-01.png?fit=1200%2C589&ssl=1&resize=350%2C200 1x, https:\/\/i0.wp.com\/tmssl.com\/wp-content\/uploads\/2023\/04\/DTF30PRO-01.png?fit=1200%2C589&ssl=1&resize=525%2C300 1.5x, https:\/\/i0.wp.com\/tmssl.com\/wp-content\/uploads\/2023\/04\/DTF30PRO-01.png?fit=1200%2C589&ssl=1&resize=700%2C400 2x, https:\/\/i0.wp.com\/tmssl.com\/wp-content\/uploads\/2023\/04\/DTF30PRO-01.png?fit=1200%2C589&ssl=1&resize=1050%2C600 3x"},"classes":[]},{"id":1758,"url":"https:\/\/tmssl.com\/en\/product\/transjet-next\/","url_meta":{"origin":4644,"position":3},"title":"PAPEL DE SUBLIMACI\u00d3N TRANSJET NEXT","author":"Info","date":"23 de September de 2022","format":false,"excerpt":"Papel de sublimaci\u00f3n Transjet Next 90 gramos con adhesivo. Disponible en ancho de 111,8cm x 100 metros. Especial para prendas deportivas. M\u00e1xima transferencia de color con el m\u00ednimo consumo de tinta. PAPEL TRANSFER PARA SUBLIMACI\u00d3N CON EFECTO DE ADHESIVO T\u00c9RMICO Tiene un revestimiento especial, activo al calor, para adherirse a\u2026","rel":"","context":"Similar post","block_context":{"text":"Similar post","link":""},"img":{"alt_text":"","src":"https:\/\/i0.wp.com\/tmssl.com\/wp-content\/uploads\/2022\/09\/NEXT.webp?fit=600%2C600&ssl=1&resize=350%2C200","width":350,"height":200,"srcset":"https:\/\/i0.wp.com\/tmssl.com\/wp-content\/uploads\/2022\/09\/NEXT.webp?fit=600%2C600&ssl=1&resize=350%2C200 1x, https:\/\/i0.wp.com\/tmssl.com\/wp-content\/uploads\/2022\/09\/NEXT.webp?fit=600%2C600&ssl=1&resize=525%2C300 1.5x"},"classes":[]},{"id":9111,"url":"https:\/\/tmssl.com\/en\/product\/papel-sublimacion-skata-118-mm-x-50-m\/","url_meta":{"origin":4644,"position":4},"title":"Papel sublimaci\u00f3n Skata 118 mm x 50 m.","author":"Info","date":"22 de October de 2024","format":false,"excerpt":"Papel sublimaci\u00f3n adhesivo 100 g Este\u00a0papel sublimaci\u00f3n adhesivo 100 g\u00a0ha sido dise\u00f1ado para equipos de impresi\u00f3n de gran formato ya que estas impresoras inyectan una mayor cantidad de tinta en el papel. Por esta raz\u00f3n se necesita un papel especial con gran absorci\u00f3n, para poder ofrecer una calidad excelente en\u2026","rel":"","context":"Similar post","block_context":{"text":"Similar post","link":""},"img":{"alt_text":"","src":"https:\/\/i0.wp.com\/tmssl.com\/wp-content\/uploads\/2023\/02\/SKATA-ROLLO.jpeg?fit=600%2C600&ssl=1&resize=350%2C200","width":350,"height":200,"srcset":"https:\/\/i0.wp.com\/tmssl.com\/wp-content\/uploads\/2023\/02\/SKATA-ROLLO.jpeg?fit=600%2C600&ssl=1&resize=350%2C200 1x, https:\/\/i0.wp.com\/tmssl.com\/wp-content\/uploads\/2023\/02\/SKATA-ROLLO.jpeg?fit=600%2C600&ssl=1&resize=525%2C300 1.5x"},"classes":[]},{"id":4946,"url":"https:\/\/tmssl.com\/en\/product\/romeo\/","url_meta":{"origin":4644,"position":5},"title":"PLOTTER DE CORTE SISER ROMEO","author":"Info","date":"18 de April de 2023","format":false,"excerpt":"Plotter de corte de alta definici\u00f3n Siser Romeo con un ancho de 24''. Este complet\u00edsimo plotter viene equipado con cuchillas de alta calidad y unas caracter\u00edsticas que lo convierten en el l\u00edder de toda la gama de plotters Siser. \u00a1Nunca hubo un plotter de corte m\u00e1s profesional que el modelo\u2026","rel":"","context":"Similar post","block_context":{"text":"Similar post","link":""},"img":{"alt_text":"","src":"https:\/\/i0.wp.com\/tmssl.com\/wp-content\/uploads\/2023\/04\/img_2943.jpg?fit=1200%2C745&ssl=1&resize=350%2C200","width":350,"height":200,"srcset":"https:\/\/i0.wp.com\/tmssl.com\/wp-content\/uploads\/2023\/04\/img_2943.jpg?fit=1200%2C745&ssl=1&resize=350%2C200 1x, https:\/\/i0.wp.com\/tmssl.com\/wp-content\/uploads\/2023\/04\/img_2943.jpg?fit=1200%2C745&ssl=1&resize=525%2C300 1.5x, https:\/\/i0.wp.com\/tmssl.com\/wp-content\/uploads\/2023\/04\/img_2943.jpg?fit=1200%2C745&ssl=1&resize=700%2C400 2x, https:\/\/i0.wp.com\/tmssl.com\/wp-content\/uploads\/2023\/04\/img_2943.jpg?fit=1200%2C745&ssl=1&resize=1050%2C600 3x"},"classes":[]}],"jetpack_sharing_enabled":true,"tiered_pricing_type":"fixed","tiered_pricing_fixed_rules":[],"tiered_pricing_product_settings":{"layout":"default","base_unit_name":{"singular":null,"plural":null},"default_variation":null},"tiered_pricing_minimum_quantity":null,"tiered_pricing_roles_data":[],"tiered_pricing_percentage_rules":[],"_links":{"self":[{"href":"https:\/\/tmssl.com\/en\/wp-json\/wp\/v2\/product\/4644","targetHints":{"allow":["GET"]}}],"collection":[{"href":"https:\/\/tmssl.com\/en\/wp-json\/wp\/v2\/product"}],"about":[{"href":"https:\/\/tmssl.com\/en\/wp-json\/wp\/v2\/types\/product"}],"replies":[{"embeddable":true,"href":"https:\/\/tmssl.com\/en\/wp-json\/wp\/v2\/comments?post=4644"}],"version-history":[{"count":1,"href":"https:\/\/tmssl.com\/en\/wp-json\/wp\/v2\/product\/4644\/revisions"}],"predecessor-version":[{"id":4645,"href":"https:\/\/tmssl.com\/en\/wp-json\/wp\/v2\/product\/4644\/revisions\/4645"}],"wp:attachment":[{"href":"https:\/\/tmssl.com\/en\/wp-json\/wp\/v2\/media?parent=4644"}],"wp:term":[{"taxonomy":"product_brand","embeddable":true,"href":"https:\/\/tmssl.com\/en\/wp-json\/wp\/v2\/product_brand?post=4644"},{"taxonomy":"product_cat","embeddable":true,"href":"https:\/\/tmssl.com\/en\/wp-json\/wp\/v2\/product_cat?post=4644"},{"taxonomy":"product_tag","embeddable":true,"href":"https:\/\/tmssl.com\/en\/wp-json\/wp\/v2\/product_tag?post=4644"}],"curies":[{"name":"wp","href":"https:\/\/api.w.org\/{rel}","templated":true}]}}