{"id":4664,"date":"2023-02-16T12:12:48","date_gmt":"2023-02-16T11:12:48","guid":{"rendered":"https:\/\/tmssl.com\/?post_type=product&#038;p=4664"},"modified":"2024-10-24T11:58:41","modified_gmt":"2024-10-24T09:58:41","slug":"portacuchillas-para-cuchillas-de-diametro-15-mm-cb15-series-rojo-con-muelle","status":"publish","type":"product","link":"https:\/\/tmssl.com\/en\/product\/portacuchillas-para-cuchillas-de-diametro-15-mm-cb15-series-rojo-con-muelle\/","title":{"rendered":"Portacuchillas para cuchillas de diametro 1,5 mm (CB15 series) \u2013 Rojo con muelle"},"content":{"rendered":"","protected":false},"excerpt":{"rendered":"<p>Portacuchillas estandard original Graphtec para cuchillas de 1,5 mm de diametro<br \/>\nPunta roja + punta ABS negra (con muelle).<\/p>\n<p>Si exiges los mejores resultados de corte posibles, entonces no utilices portacuchillas de terceros.<br \/>\nConsigue los mejores resultados con cuchillas y portacuchillas originales de Graphtec.<\/p>\n<p>Tipo de cuchillas CB15U (Series: CE,FC,FCX)<\/p>","protected":false},"featured_media":9544,"comment_status":"open","ping_status":"closed","template":"","meta":{"_crdt_document":"","jetpack_publicize_message":"","jetpack_publicize_feature_enabled":true,"jetpack_social_post_already_shared":true,"jetpack_social_options":{"image_generator_settings":{"template":"highway","default_image_id":0,"font":"","enabled":false},"version":2},"_wpas_customize_per_network":false},"product_brand":[],"product_cat":[122607,122750,122606],"product_tag":[122804,122806,122807,122803,122805,122808,121867],"class_list":{"0":"post-4664","1":"product","2":"type-product","3":"status-publish","4":"has-post-thumbnail","6":"product_cat-accesorios-y-cuchillas","7":"product_cat-graphtec-accesorios-y-cuchillas","8":"product_cat-plotter-de-corte","9":"product_tag-cuchillas-compatibles","10":"product_tag-cuchillas-graphtec","11":"product_tag-cuchillas-mimaki","12":"product_tag-cuchillas-plotter-de-corte","13":"product_tag-cuchillas-roland","14":"product_tag-plotter-de-impresion","15":"product_tag-vinilo-siser","17":"first","18":"instock","19":"taxable","20":"shipping-taxable","21":"purchasable","22":"product-type-simple"},"yoast_head":"<!-- This site is optimized with the Yoast SEO plugin v27.6 - https:\/\/yoast.com\/product\/yoast-seo-wordpress\/ -->\n<title>Portacuchillas para cuchillas de diametro 1,5 mm (CB15 series) \u2013 Rojo con muelle - TMS SL<\/title>\n<meta name=\"robots\" content=\"index, follow, max-snippet:-1, max-image-preview:large, max-video-preview:-1\" \/>\n<link rel=\"canonical\" href=\"https:\/\/tmssl.com\/en\/product\/portacuchillas-para-cuchillas-de-diametro-15-mm-cb15-series-rojo-con-muelle\/\" \/>\n<meta property=\"og:locale\" content=\"en_GB\" \/>\n<meta property=\"og:type\" content=\"article\" \/>\n<meta property=\"og:title\" content=\"Portacuchillas para cuchillas de diametro 1,5 mm (CB15 series) \u2013 Rojo con muelle - TMS SL\" \/>\n<meta property=\"og:description\" content=\"Portacuchillas estandard original Graphtec para cuchillas de 1,5 mm de diametro Punta roja + punta ABS negra (con muelle).  Si exiges los mejores resultados de corte posibles, entonces no utilices portacuchillas de terceros. Consigue los mejores resultados con cuchillas y portacuchillas originales de Graphtec.  Tipo de cuchillas CB15U (Series: CE,FC,FCX)\" \/>\n<meta property=\"og:url\" content=\"https:\/\/tmssl.com\/en\/product\/portacuchillas-para-cuchillas-de-diametro-15-mm-cb15-series-rojo-con-muelle\/\" \/>\n<meta property=\"og:site_name\" content=\"TMS SL\" \/>\n<meta property=\"article:modified_time\" content=\"2024-10-24T09:58:41+00:00\" \/>\n<meta property=\"og:image\" content=\"https:\/\/tmssl.com\/wp-content\/uploads\/2023\/02\/PHP33-CB15N-HS-2.jpg\" \/>\n\t<meta property=\"og:image:width\" content=\"1024\" \/>\n\t<meta property=\"og:image:height\" content=\"654\" \/>\n\t<meta property=\"og:image:type\" content=\"image\/jpeg\" \/>\n<meta name=\"twitter:card\" content=\"summary_large_image\" \/>\n<meta name=\"twitter:label1\" content=\"Estimated reading time\" \/>\n\t<meta name=\"twitter:data1\" content=\"1 minute\" \/>\n<script type=\"application\/ld+json\" class=\"yoast-schema-graph\">{\"@context\":\"https:\\\/\\\/schema.org\",\"@graph\":[{\"@type\":\"WebPage\",\"@id\":\"https:\\\/\\\/tmssl.com\\\/producto\\\/portacuchillas-para-cuchillas-de-diametro-15-mm-cb15-series-rojo-con-muelle\\\/\",\"url\":\"https:\\\/\\\/tmssl.com\\\/producto\\\/portacuchillas-para-cuchillas-de-diametro-15-mm-cb15-series-rojo-con-muelle\\\/\",\"name\":\"Portacuchillas para cuchillas de diametro 1,5 mm (CB15 series) \u2013 Rojo con muelle - TMS SL\",\"isPartOf\":{\"@id\":\"https:\\\/\\\/tmssl.com\\\/en\\\/#website\"},\"primaryImageOfPage\":{\"@id\":\"https:\\\/\\\/tmssl.com\\\/producto\\\/portacuchillas-para-cuchillas-de-diametro-15-mm-cb15-series-rojo-con-muelle\\\/#primaryimage\"},\"image\":{\"@id\":\"https:\\\/\\\/tmssl.com\\\/producto\\\/portacuchillas-para-cuchillas-de-diametro-15-mm-cb15-series-rojo-con-muelle\\\/#primaryimage\"},\"thumbnailUrl\":\"https:\\\/\\\/i0.wp.com\\\/tmssl.com\\\/wp-content\\\/uploads\\\/2023\\\/02\\\/PHP33-CB15N-HS-2.jpg?fit=1024%2C654&ssl=1\",\"datePublished\":\"2023-02-16T11:12:48+00:00\",\"dateModified\":\"2024-10-24T09:58:41+00:00\",\"breadcrumb\":{\"@id\":\"https:\\\/\\\/tmssl.com\\\/producto\\\/portacuchillas-para-cuchillas-de-diametro-15-mm-cb15-series-rojo-con-muelle\\\/#breadcrumb\"},\"inLanguage\":\"en-GB\",\"potentialAction\":[{\"@type\":\"ReadAction\",\"target\":[\"https:\\\/\\\/tmssl.com\\\/producto\\\/portacuchillas-para-cuchillas-de-diametro-15-mm-cb15-series-rojo-con-muelle\\\/\"]}]},{\"@type\":\"ImageObject\",\"inLanguage\":\"en-GB\",\"@id\":\"https:\\\/\\\/tmssl.com\\\/producto\\\/portacuchillas-para-cuchillas-de-diametro-15-mm-cb15-series-rojo-con-muelle\\\/#primaryimage\",\"url\":\"https:\\\/\\\/i0.wp.com\\\/tmssl.com\\\/wp-content\\\/uploads\\\/2023\\\/02\\\/PHP33-CB15N-HS-2.jpg?fit=1024%2C654&ssl=1\",\"contentUrl\":\"https:\\\/\\\/i0.wp.com\\\/tmssl.com\\\/wp-content\\\/uploads\\\/2023\\\/02\\\/PHP33-CB15N-HS-2.jpg?fit=1024%2C654&ssl=1\",\"width\":1024,\"height\":654},{\"@type\":\"BreadcrumbList\",\"@id\":\"https:\\\/\\\/tmssl.com\\\/producto\\\/portacuchillas-para-cuchillas-de-diametro-15-mm-cb15-series-rojo-con-muelle\\\/#breadcrumb\",\"itemListElement\":[{\"@type\":\"ListItem\",\"position\":1,\"name\":\"Portada\",\"item\":\"https:\\\/\\\/tmssl.com\\\/\"},{\"@type\":\"ListItem\",\"position\":2,\"name\":\"Shop\",\"item\":\"https:\\\/\\\/tmssl.com\\\/shop\\\/\"},{\"@type\":\"ListItem\",\"position\":3,\"name\":\"Portacuchillas para cuchillas de diametro 1,5 mm (CB15 series) \u2013 Rojo con muelle\"}]},{\"@type\":\"WebSite\",\"@id\":\"https:\\\/\\\/tmssl.com\\\/en\\\/#website\",\"url\":\"https:\\\/\\\/tmssl.com\\\/en\\\/\",\"name\":\"www.tmssl.com\",\"description\":\"Venta de vinilo textil, y consumibles para la personalizacion.\",\"publisher\":{\"@id\":\"https:\\\/\\\/tmssl.com\\\/en\\\/#organization\"},\"potentialAction\":[{\"@type\":\"SearchAction\",\"target\":{\"@type\":\"EntryPoint\",\"urlTemplate\":\"https:\\\/\\\/tmssl.com\\\/en\\\/?s={search_term_string}\"},\"query-input\":{\"@type\":\"PropertyValueSpecification\",\"valueRequired\":true,\"valueName\":\"search_term_string\"}}],\"inLanguage\":\"en-GB\"},{\"@type\":\"Organization\",\"@id\":\"https:\\\/\\\/tmssl.com\\\/en\\\/#organization\",\"name\":\"www.tmssl.com\",\"url\":\"https:\\\/\\\/tmssl.com\\\/en\\\/\",\"logo\":{\"@type\":\"ImageObject\",\"inLanguage\":\"en-GB\",\"@id\":\"https:\\\/\\\/tmssl.com\\\/en\\\/#\\\/schema\\\/logo\\\/image\\\/\",\"url\":\"https:\\\/\\\/tmssl.com\\\/wp-content\\\/uploads\\\/2023\\\/07\\\/LOGO-TMS-ALTA-01.jpg\",\"contentUrl\":\"https:\\\/\\\/tmssl.com\\\/wp-content\\\/uploads\\\/2023\\\/07\\\/LOGO-TMS-ALTA-01.jpg\",\"width\":598,\"height\":597,\"caption\":\"www.tmssl.com\"},\"image\":{\"@id\":\"https:\\\/\\\/tmssl.com\\\/en\\\/#\\\/schema\\\/logo\\\/image\\\/\"},\"sameAs\":[\"https:\\\/\\\/www.instagram.com\\\/vinilotextil.tmssl\\\/\"]}]}<\/script>\n<!-- \/ Yoast SEO plugin. -->","yoast_head_json":{"title":"Portacuchillas para cuchillas de diametro 1,5 mm (CB15 series) \u2013 Rojo con muelle - TMS SL","robots":{"index":"index","follow":"follow","max-snippet":"max-snippet:-1","max-image-preview":"max-image-preview:large","max-video-preview":"max-video-preview:-1"},"canonical":"https:\/\/tmssl.com\/en\/product\/portacuchillas-para-cuchillas-de-diametro-15-mm-cb15-series-rojo-con-muelle\/","og_locale":"en_GB","og_type":"article","og_title":"Portacuchillas para cuchillas de diametro 1,5 mm (CB15 series) \u2013 Rojo con muelle - TMS SL","og_description":"Portacuchillas estandard original Graphtec para cuchillas de 1,5 mm de diametro Punta roja + punta ABS negra (con muelle).  Si exiges los mejores resultados de corte posibles, entonces no utilices portacuchillas de terceros. Consigue los mejores resultados con cuchillas y portacuchillas originales de Graphtec.  Tipo de cuchillas CB15U (Series: CE,FC,FCX)","og_url":"https:\/\/tmssl.com\/en\/product\/portacuchillas-para-cuchillas-de-diametro-15-mm-cb15-series-rojo-con-muelle\/","og_site_name":"TMS SL","article_modified_time":"2024-10-24T09:58:41+00:00","og_image":[{"width":1024,"height":654,"url":"https:\/\/tmssl.com\/wp-content\/uploads\/2023\/02\/PHP33-CB15N-HS-2.jpg","type":"image\/jpeg"}],"twitter_card":"summary_large_image","twitter_misc":{"Estimated reading time":"1 minute"},"schema":{"@context":"https:\/\/schema.org","@graph":[{"@type":"WebPage","@id":"https:\/\/tmssl.com\/producto\/portacuchillas-para-cuchillas-de-diametro-15-mm-cb15-series-rojo-con-muelle\/","url":"https:\/\/tmssl.com\/producto\/portacuchillas-para-cuchillas-de-diametro-15-mm-cb15-series-rojo-con-muelle\/","name":"Portacuchillas para cuchillas de diametro 1,5 mm (CB15 series) \u2013 Rojo con muelle - TMS SL","isPartOf":{"@id":"https:\/\/tmssl.com\/en\/#website"},"primaryImageOfPage":{"@id":"https:\/\/tmssl.com\/producto\/portacuchillas-para-cuchillas-de-diametro-15-mm-cb15-series-rojo-con-muelle\/#primaryimage"},"image":{"@id":"https:\/\/tmssl.com\/producto\/portacuchillas-para-cuchillas-de-diametro-15-mm-cb15-series-rojo-con-muelle\/#primaryimage"},"thumbnailUrl":"https:\/\/i0.wp.com\/tmssl.com\/wp-content\/uploads\/2023\/02\/PHP33-CB15N-HS-2.jpg?fit=1024%2C654&ssl=1","datePublished":"2023-02-16T11:12:48+00:00","dateModified":"2024-10-24T09:58:41+00:00","breadcrumb":{"@id":"https:\/\/tmssl.com\/producto\/portacuchillas-para-cuchillas-de-diametro-15-mm-cb15-series-rojo-con-muelle\/#breadcrumb"},"inLanguage":"en-GB","potentialAction":[{"@type":"ReadAction","target":["https:\/\/tmssl.com\/producto\/portacuchillas-para-cuchillas-de-diametro-15-mm-cb15-series-rojo-con-muelle\/"]}]},{"@type":"ImageObject","inLanguage":"en-GB","@id":"https:\/\/tmssl.com\/producto\/portacuchillas-para-cuchillas-de-diametro-15-mm-cb15-series-rojo-con-muelle\/#primaryimage","url":"https:\/\/i0.wp.com\/tmssl.com\/wp-content\/uploads\/2023\/02\/PHP33-CB15N-HS-2.jpg?fit=1024%2C654&ssl=1","contentUrl":"https:\/\/i0.wp.com\/tmssl.com\/wp-content\/uploads\/2023\/02\/PHP33-CB15N-HS-2.jpg?fit=1024%2C654&ssl=1","width":1024,"height":654},{"@type":"BreadcrumbList","@id":"https:\/\/tmssl.com\/producto\/portacuchillas-para-cuchillas-de-diametro-15-mm-cb15-series-rojo-con-muelle\/#breadcrumb","itemListElement":[{"@type":"ListItem","position":1,"name":"Portada","item":"https:\/\/tmssl.com\/"},{"@type":"ListItem","position":2,"name":"Shop","item":"https:\/\/tmssl.com\/shop\/"},{"@type":"ListItem","position":3,"name":"Portacuchillas para cuchillas de diametro 1,5 mm (CB15 series) \u2013 Rojo con muelle"}]},{"@type":"WebSite","@id":"https:\/\/tmssl.com\/en\/#website","url":"https:\/\/tmssl.com\/en\/","name":"www.tmssl.com","description":"Venta de vinilo textil, y consumibles para la personalizacion.","publisher":{"@id":"https:\/\/tmssl.com\/en\/#organization"},"potentialAction":[{"@type":"SearchAction","target":{"@type":"EntryPoint","urlTemplate":"https:\/\/tmssl.com\/en\/?s={search_term_string}"},"query-input":{"@type":"PropertyValueSpecification","valueRequired":true,"valueName":"search_term_string"}}],"inLanguage":"en-GB"},{"@type":"Organization","@id":"https:\/\/tmssl.com\/en\/#organization","name":"www.tmssl.com","url":"https:\/\/tmssl.com\/en\/","logo":{"@type":"ImageObject","inLanguage":"en-GB","@id":"https:\/\/tmssl.com\/en\/#\/schema\/logo\/image\/","url":"https:\/\/tmssl.com\/wp-content\/uploads\/2023\/07\/LOGO-TMS-ALTA-01.jpg","contentUrl":"https:\/\/tmssl.com\/wp-content\/uploads\/2023\/07\/LOGO-TMS-ALTA-01.jpg","width":598,"height":597,"caption":"www.tmssl.com"},"image":{"@id":"https:\/\/tmssl.com\/en\/#\/schema\/logo\/image\/"},"sameAs":["https:\/\/www.instagram.com\/vinilotextil.tmssl\/"]}]}},"jetpack_publicize_connections":[],"jetpack_likes_enabled":true,"jetpack-related-posts":[{"id":4657,"url":"https:\/\/tmssl.com\/en\/product\/portacuchillas-para-cuchillas-de-diametro-09-mm-cb09-series-azul-con-muelle\/","url_meta":{"origin":4664,"position":0},"title":"Portacuchillas para cuchillas de diametro 0,9 mm (CB09 series) \u2013 Azul con muelle","author":"Info","date":"16 de February de 2023","format":false,"excerpt":"Portacuchillas original Graphtec para cuchillas de 0,9 mm de diametro Punta azul + punta ABS negra (con muelle). Si exiges los mejores resultados de corte posibles, entonces no utilices portacuchillas de terceros. Consigue los mejores resultados con cuchillas y portacuchillas originales de Graphtec. Tipo de cuchillas CB09UB series (Series: CE,FC,FCX)\u2026","rel":"","context":"Similar post","block_context":{"text":"Similar post","link":""},"img":{"alt_text":"","src":"https:\/\/i0.wp.com\/tmssl.com\/wp-content\/uploads\/2023\/02\/PHP33-CB09N-HS-3-1.jpg?fit=1024%2C654&ssl=1&resize=350%2C200","width":350,"height":200,"srcset":"https:\/\/i0.wp.com\/tmssl.com\/wp-content\/uploads\/2023\/02\/PHP33-CB09N-HS-3-1.jpg?fit=1024%2C654&ssl=1&resize=350%2C200 1x, https:\/\/i0.wp.com\/tmssl.com\/wp-content\/uploads\/2023\/02\/PHP33-CB09N-HS-3-1.jpg?fit=1024%2C654&ssl=1&resize=525%2C300 1.5x, https:\/\/i0.wp.com\/tmssl.com\/wp-content\/uploads\/2023\/02\/PHP33-CB09N-HS-3-1.jpg?fit=1024%2C654&ssl=1&resize=700%2C400 2x"},"classes":[]},{"id":4674,"url":"https:\/\/tmssl.com\/en\/product\/portacuchillas-compatibles-graphtec-cb15\/","url_meta":{"origin":4664,"position":1},"title":"PORTACUCHILLAS COMPATIBLES GRAPHTEC (CB15)","author":"Info","date":"16 de February de 2023","format":false,"excerpt":"PORTACUCHILLAS CB15. Este soporte de cortador gen\u00e9rico de 1,5 mm de di\u00e1metro es adecuado para m\u00e1quinas Graphtec. Este soporte de alta calidad corresponde al n\u00famero de pieza de Graphtec PHP32-CB15N-HS. Este soporte se puede utilizar con cuchillas gen\u00e9ricas\u00a0 o cuchillas originales Graphtec. \u00a0","rel":"","context":"Similar post","block_context":{"text":"Similar post","link":""},"img":{"alt_text":"","src":"","width":0,"height":0},"classes":[]},{"id":3088,"url":"https:\/\/tmssl.com\/en\/product\/portacuchillas-compatibles-graphtec\/","url_meta":{"origin":4664,"position":2},"title":"PORTACUCHILLAS COMPATIBLES GRAPHTEC (CB09)","author":"Info","date":"24 de October de 2022","format":false,"excerpt":"PORTACUCHILLAS CB09. Este soporte de cortador gen\u00e9rico de 0,9 mm de di\u00e1metro es adecuado para m\u00e1quinas Graphtec. Este soporte para cortadores de alta calidad corresponde al n\u00famero de pieza de Graphtec PHP32-CB09N-HS. Este portacuchillas se puede utilizar con o cuchillas originales de Graphtec.","rel":"","context":"Similar post","block_context":{"text":"Similar post","link":""},"img":{"alt_text":"","src":"","width":0,"height":0},"classes":[]},{"id":4689,"url":"https:\/\/tmssl.com\/en\/product\/cuchilla-compatible-para-graphtec-60-cb15u\/","url_meta":{"origin":4664,"position":3},"title":"CUCHILLA COMPATIBLE PARA GRAPHTEC 60\u00b0 &#8211; CB15U","author":"Info","date":"16 de February de 2023","format":false,"excerpt":"CUCHILLAS GRAPHTEC 60\u00ba PORTACUCHILLAS CB15. Este juego gen\u00e9rico de 5 cuchillas es adecuado para plotters de corte Graphtec que utilizan un soporte de cortador CB15N (para cuchillas de \u03c6 1,5 mm). Estas cuchillas incluyen resortes. Tienen un \u00e1ngulo de corte de 60\u00b0, un valor de compensaci\u00f3n de 0,75 mm y\u2026","rel":"","context":"Similar post","block_context":{"text":"Similar post","link":""},"img":{"alt_text":"","src":"","width":0,"height":0},"classes":[]},{"id":4709,"url":"https:\/\/tmssl.com\/en\/product\/cuchilla-compatible-para-graphtec-45-cb15u\/","url_meta":{"origin":4664,"position":4},"title":"CUCHILLA COMPATIBLE PARA GRAPHTEC 45\u00b0 &#8211; CB15U","author":"Info","date":"16 de February de 2023","format":false,"excerpt":"CUCHILLAS GRAPHTEC 45\u00ba PORTACUCHILLAS CB15. Este juego gen\u00e9rico de 5 cuchillas es adecuado para plotters de corte Graphtec que utilizan un soporte de cortador CB15N (para cuchillas de \u03c6 1,5 mm). Estas hojas tienen un \u00e1ngulo de corte de 45\u00b0, un valor de compensaci\u00f3n de 0,75 mm y un di\u00e1metro\u2026","rel":"","context":"Similar post","block_context":{"text":"Similar post","link":""},"img":{"alt_text":"","src":"","width":0,"height":0},"classes":[]},{"id":4671,"url":"https:\/\/tmssl.com\/en\/product\/cuchillas-de-corte-cb15u-k20-2sp\/","url_meta":{"origin":4664,"position":5},"title":"Cuchillas de corte CB15U-K20-2SP","author":"Info","date":"16 de February de 2023","format":false,"excerpt":"Pack de 2\u00a0Cuchillas de corte original Graphtec\u00a0de 80\u00ba USA \/ 20\u00ba JAP\u00d3N \/ 1,5 \u00f8 para Caucho \/ Sandblast.","rel":"","context":"Similar post","block_context":{"text":"Similar post","link":""},"img":{"alt_text":"","src":"https:\/\/i0.wp.com\/tmssl.com\/wp-content\/uploads\/2023\/02\/CB15U-K20-2SP.jpg?fit=1024%2C654&ssl=1&resize=350%2C200","width":350,"height":200,"srcset":"https:\/\/i0.wp.com\/tmssl.com\/wp-content\/uploads\/2023\/02\/CB15U-K20-2SP.jpg?fit=1024%2C654&ssl=1&resize=350%2C200 1x, https:\/\/i0.wp.com\/tmssl.com\/wp-content\/uploads\/2023\/02\/CB15U-K20-2SP.jpg?fit=1024%2C654&ssl=1&resize=525%2C300 1.5x, https:\/\/i0.wp.com\/tmssl.com\/wp-content\/uploads\/2023\/02\/CB15U-K20-2SP.jpg?fit=1024%2C654&ssl=1&resize=700%2C400 2x"},"classes":[]}],"jetpack_sharing_enabled":true,"tiered_pricing_type":"fixed","tiered_pricing_fixed_rules":[],"tiered_pricing_product_settings":{"layout":"default","base_unit_name":{"singular":null,"plural":null},"default_variation":null},"tiered_pricing_minimum_quantity":null,"tiered_pricing_roles_data":[],"tiered_pricing_percentage_rules":[],"_links":{"self":[{"href":"https:\/\/tmssl.com\/en\/wp-json\/wp\/v2\/product\/4664","targetHints":{"allow":["GET"]}}],"collection":[{"href":"https:\/\/tmssl.com\/en\/wp-json\/wp\/v2\/product"}],"about":[{"href":"https:\/\/tmssl.com\/en\/wp-json\/wp\/v2\/types\/product"}],"replies":[{"embeddable":true,"href":"https:\/\/tmssl.com\/en\/wp-json\/wp\/v2\/comments?post=4664"}],"version-history":[{"count":1,"href":"https:\/\/tmssl.com\/en\/wp-json\/wp\/v2\/product\/4664\/revisions"}],"predecessor-version":[{"id":9548,"href":"https:\/\/tmssl.com\/en\/wp-json\/wp\/v2\/product\/4664\/revisions\/9548"}],"wp:featuredmedia":[{"embeddable":true,"href":"https:\/\/tmssl.com\/en\/wp-json\/wp\/v2\/media\/9544"}],"wp:attachment":[{"href":"https:\/\/tmssl.com\/en\/wp-json\/wp\/v2\/media?parent=4664"}],"wp:term":[{"taxonomy":"product_brand","embeddable":true,"href":"https:\/\/tmssl.com\/en\/wp-json\/wp\/v2\/product_brand?post=4664"},{"taxonomy":"product_cat","embeddable":true,"href":"https:\/\/tmssl.com\/en\/wp-json\/wp\/v2\/product_cat?post=4664"},{"taxonomy":"product_tag","embeddable":true,"href":"https:\/\/tmssl.com\/en\/wp-json\/wp\/v2\/product_tag?post=4664"}],"curies":[{"name":"wp","href":"https:\/\/api.w.org\/{rel}","templated":true}]}}