{"id":4721,"date":"2023-02-16T13:02:42","date_gmt":"2023-02-16T12:02:42","guid":{"rendered":"https:\/\/tmssl.com\/?post_type=product&#038;p=4721"},"modified":"2023-05-05T10:22:13","modified_gmt":"2023-05-05T08:22:13","slug":"ruedas-compatiblesroland","status":"publish","type":"product","link":"https:\/\/tmssl.com\/en\/product\/ruedas-compatiblesroland\/","title":{"rendered":"RUEDAS COMPATIBLES ROLAND"},"content":{"rendered":"<p><em>Rueda compatible especial para plotters Roland.<\/em><\/p>\n<p><em>Este Pinch Roller gen\u00e9rico TD 1654 (B10) Tipo 2 es adecuado para todas las impresoras y plotters de corte Roland. Este rodillo de presi\u00f3n es adecuado para los lados izquierdo y derecho de la m\u00e1quina. <\/em><\/p>\n<p><em>Recomendamos cambiar ambos rodillos de presi\u00f3n en cada lado de la impresora para evitar problemas de seguimiento. <\/em><\/p>\n<p><em>El rodillo de presi\u00f3n en el medio de la m\u00e1quina es un n\u00famero de pieza diferente 21565103. Esta pieza es una pieza gen\u00e9rica de alta calidad que corresponde al n\u00famero de pieza de Roland 21565102. Estos son los rodillos de presi\u00f3n c\u00f3nicos. Ambos rodillos necesitan ser reemplazados juntos. <\/em><\/p>\n<p><em>Este rodillo de arrastre de 10 mm de ancho tiene un di\u00e1metro interior de 4 mm y un di\u00e1metro exterior de 15,6 mm.<\/em><\/p>","protected":false},"excerpt":{"rendered":"<p><em>Rueda compatible especial para plotters Roland.<\/em><\/p>\n<p><em>Este Pinch Roller gen\u00e9rico TD 1654 (B10) Tipo 2 es adecuado para todas las impresoras y plotters de corte Roland. Este rodillo de presi\u00f3n es adecuado para los lados izquierdo y derecho de la m\u00e1quina. <\/em><\/p>\n<p><em>Recomendamos cambiar ambos rodillos de presi\u00f3n en cada lado de la impresora para evitar problemas de seguimiento. <\/em><\/p>\n<p><em>El rodillo de presi\u00f3n en el medio de la m\u00e1quina es un n\u00famero de pieza diferente 21565103. Esta pieza es una pieza gen\u00e9rica de alta calidad que corresponde al n\u00famero de pieza de Roland 21565102. Estos son los rodillos de presi\u00f3n c\u00f3nicos. Ambos rodillos necesitan ser reemplazados juntos. <\/em><\/p>\n<p><em>Este rodillo de arrastre de 10 mm de ancho tiene un di\u00e1metro interior de 4 mm y un di\u00e1metro exterior de 15,6 mm.<\/em><\/p>","protected":false},"featured_media":0,"comment_status":"open","ping_status":"closed","template":"","meta":{"_crdt_document":"","jetpack_publicize_message":"","jetpack_publicize_feature_enabled":true,"jetpack_social_post_already_shared":true,"jetpack_social_options":{"image_generator_settings":{"template":"highway","default_image_id":0,"font":"","enabled":false},"version":2},"_wpas_customize_per_network":false},"product_brand":[],"product_cat":[122607,122606,122749],"product_tag":[122804,122806,122807,122803,122805,122808,121867],"class_list":{"0":"post-4721","1":"product","2":"type-product","3":"status-publish","5":"product_cat-accesorios-y-cuchillas","6":"product_cat-plotter-de-corte","7":"product_cat-roland","8":"product_tag-cuchillas-compatibles","9":"product_tag-cuchillas-graphtec","10":"product_tag-cuchillas-mimaki","11":"product_tag-cuchillas-plotter-de-corte","12":"product_tag-cuchillas-roland","13":"product_tag-plotter-de-impresion","14":"product_tag-vinilo-siser","16":"first","17":"instock","18":"taxable","19":"shipping-taxable","20":"purchasable","21":"product-type-simple"},"yoast_head":"<!-- This site is optimized with the Yoast SEO plugin v27.6 - https:\/\/yoast.com\/product\/yoast-seo-wordpress\/ -->\n<title>RUEDAS COMPATIBLES ROLAND - TMS SL<\/title>\n<meta name=\"robots\" content=\"index, follow, max-snippet:-1, max-image-preview:large, max-video-preview:-1\" \/>\n<link rel=\"canonical\" href=\"https:\/\/tmssl.com\/en\/product\/ruedas-compatiblesroland\/\" \/>\n<meta property=\"og:locale\" content=\"en_GB\" \/>\n<meta property=\"og:type\" content=\"article\" \/>\n<meta property=\"og:title\" content=\"RUEDAS COMPATIBLES ROLAND - TMS SL\" \/>\n<meta property=\"og:description\" content=\"Rueda compatible especial para plotters Roland.  Este Pinch Roller gen\u00e9rico TD 1654 (B10) Tipo 2 es adecuado para todas las impresoras y plotters de corte Roland. Este rodillo de presi\u00f3n es adecuado para los lados izquierdo y derecho de la m\u00e1quina.   Recomendamos cambiar ambos rodillos de presi\u00f3n en cada lado de la impresora para evitar problemas de seguimiento.   El rodillo de presi\u00f3n en el medio de la m\u00e1quina es un n\u00famero de pieza diferente 21565103. Esta pieza es una pieza gen\u00e9rica de alta calidad que corresponde al n\u00famero de pieza de Roland 21565102. Estos son los rodillos de presi\u00f3n c\u00f3nicos. Ambos rodillos necesitan ser reemplazados juntos.   Este rodillo de arrastre de 10 mm de ancho tiene un di\u00e1metro interior de 4 mm y un di\u00e1metro exterior de 15,6 mm.\" \/>\n<meta property=\"og:url\" content=\"https:\/\/tmssl.com\/en\/product\/ruedas-compatiblesroland\/\" \/>\n<meta property=\"og:site_name\" content=\"TMS SL\" \/>\n<meta property=\"article:modified_time\" content=\"2023-05-05T08:22:13+00:00\" \/>\n<meta property=\"og:image\" content=\"https:\/\/i0.wp.com\/tmssl.com\/wp-content\/uploads\/2022\/10\/PUNCH-ROLER.jpg?fit=860%2C829&ssl=1\" \/>\n\t<meta property=\"og:image:width\" content=\"860\" \/>\n\t<meta property=\"og:image:height\" content=\"829\" \/>\n\t<meta property=\"og:image:type\" content=\"image\/jpeg\" \/>\n<meta name=\"twitter:card\" content=\"summary_large_image\" \/>\n<meta name=\"twitter:label1\" content=\"Estimated reading time\" \/>\n\t<meta name=\"twitter:data1\" content=\"1 minute\" \/>\n<script type=\"application\/ld+json\" class=\"yoast-schema-graph\">{\"@context\":\"https:\\\/\\\/schema.org\",\"@graph\":[{\"@type\":\"WebPage\",\"@id\":\"https:\\\/\\\/tmssl.com\\\/producto\\\/ruedas-compatiblesroland\\\/\",\"url\":\"https:\\\/\\\/tmssl.com\\\/producto\\\/ruedas-compatiblesroland\\\/\",\"name\":\"RUEDAS COMPATIBLES ROLAND - TMS SL\",\"isPartOf\":{\"@id\":\"https:\\\/\\\/tmssl.com\\\/en\\\/#website\"},\"datePublished\":\"2023-02-16T12:02:42+00:00\",\"dateModified\":\"2023-05-05T08:22:13+00:00\",\"breadcrumb\":{\"@id\":\"https:\\\/\\\/tmssl.com\\\/producto\\\/ruedas-compatiblesroland\\\/#breadcrumb\"},\"inLanguage\":\"en-GB\",\"potentialAction\":[{\"@type\":\"ReadAction\",\"target\":[\"https:\\\/\\\/tmssl.com\\\/producto\\\/ruedas-compatiblesroland\\\/\"]}]},{\"@type\":\"BreadcrumbList\",\"@id\":\"https:\\\/\\\/tmssl.com\\\/producto\\\/ruedas-compatiblesroland\\\/#breadcrumb\",\"itemListElement\":[{\"@type\":\"ListItem\",\"position\":1,\"name\":\"Portada\",\"item\":\"https:\\\/\\\/tmssl.com\\\/\"},{\"@type\":\"ListItem\",\"position\":2,\"name\":\"Shop\",\"item\":\"https:\\\/\\\/tmssl.com\\\/shop\\\/\"},{\"@type\":\"ListItem\",\"position\":3,\"name\":\"RUEDAS COMPATIBLES ROLAND\"}]},{\"@type\":\"WebSite\",\"@id\":\"https:\\\/\\\/tmssl.com\\\/en\\\/#website\",\"url\":\"https:\\\/\\\/tmssl.com\\\/en\\\/\",\"name\":\"www.tmssl.com\",\"description\":\"Venta de vinilo textil, y consumibles para la personalizacion.\",\"publisher\":{\"@id\":\"https:\\\/\\\/tmssl.com\\\/en\\\/#organization\"},\"potentialAction\":[{\"@type\":\"SearchAction\",\"target\":{\"@type\":\"EntryPoint\",\"urlTemplate\":\"https:\\\/\\\/tmssl.com\\\/en\\\/?s={search_term_string}\"},\"query-input\":{\"@type\":\"PropertyValueSpecification\",\"valueRequired\":true,\"valueName\":\"search_term_string\"}}],\"inLanguage\":\"en-GB\"},{\"@type\":\"Organization\",\"@id\":\"https:\\\/\\\/tmssl.com\\\/en\\\/#organization\",\"name\":\"www.tmssl.com\",\"url\":\"https:\\\/\\\/tmssl.com\\\/en\\\/\",\"logo\":{\"@type\":\"ImageObject\",\"inLanguage\":\"en-GB\",\"@id\":\"https:\\\/\\\/tmssl.com\\\/en\\\/#\\\/schema\\\/logo\\\/image\\\/\",\"url\":\"https:\\\/\\\/tmssl.com\\\/wp-content\\\/uploads\\\/2023\\\/07\\\/LOGO-TMS-ALTA-01.jpg\",\"contentUrl\":\"https:\\\/\\\/tmssl.com\\\/wp-content\\\/uploads\\\/2023\\\/07\\\/LOGO-TMS-ALTA-01.jpg\",\"width\":598,\"height\":597,\"caption\":\"www.tmssl.com\"},\"image\":{\"@id\":\"https:\\\/\\\/tmssl.com\\\/en\\\/#\\\/schema\\\/logo\\\/image\\\/\"},\"sameAs\":[\"https:\\\/\\\/www.instagram.com\\\/vinilotextil.tmssl\\\/\"]}]}<\/script>\n<!-- \/ Yoast SEO plugin. -->","yoast_head_json":{"title":"RUEDAS COMPATIBLES ROLAND - TMS SL","robots":{"index":"index","follow":"follow","max-snippet":"max-snippet:-1","max-image-preview":"max-image-preview:large","max-video-preview":"max-video-preview:-1"},"canonical":"https:\/\/tmssl.com\/en\/product\/ruedas-compatiblesroland\/","og_locale":"en_GB","og_type":"article","og_title":"RUEDAS COMPATIBLES ROLAND - TMS SL","og_description":"Rueda compatible especial para plotters Roland.  Este Pinch Roller gen\u00e9rico TD 1654 (B10) Tipo 2 es adecuado para todas las impresoras y plotters de corte Roland. Este rodillo de presi\u00f3n es adecuado para los lados izquierdo y derecho de la m\u00e1quina.   Recomendamos cambiar ambos rodillos de presi\u00f3n en cada lado de la impresora para evitar problemas de seguimiento.   El rodillo de presi\u00f3n en el medio de la m\u00e1quina es un n\u00famero de pieza diferente 21565103. Esta pieza es una pieza gen\u00e9rica de alta calidad que corresponde al n\u00famero de pieza de Roland 21565102. Estos son los rodillos de presi\u00f3n c\u00f3nicos. Ambos rodillos necesitan ser reemplazados juntos.   Este rodillo de arrastre de 10 mm de ancho tiene un di\u00e1metro interior de 4 mm y un di\u00e1metro exterior de 15,6 mm.","og_url":"https:\/\/tmssl.com\/en\/product\/ruedas-compatiblesroland\/","og_site_name":"TMS SL","article_modified_time":"2023-05-05T08:22:13+00:00","og_image":[{"width":860,"height":829,"url":"https:\/\/i0.wp.com\/tmssl.com\/wp-content\/uploads\/2022\/10\/PUNCH-ROLER.jpg?fit=860%2C829&ssl=1","type":"image\/jpeg"}],"twitter_card":"summary_large_image","twitter_misc":{"Estimated reading time":"1 minute"},"schema":{"@context":"https:\/\/schema.org","@graph":[{"@type":"WebPage","@id":"https:\/\/tmssl.com\/producto\/ruedas-compatiblesroland\/","url":"https:\/\/tmssl.com\/producto\/ruedas-compatiblesroland\/","name":"RUEDAS COMPATIBLES ROLAND - TMS SL","isPartOf":{"@id":"https:\/\/tmssl.com\/en\/#website"},"datePublished":"2023-02-16T12:02:42+00:00","dateModified":"2023-05-05T08:22:13+00:00","breadcrumb":{"@id":"https:\/\/tmssl.com\/producto\/ruedas-compatiblesroland\/#breadcrumb"},"inLanguage":"en-GB","potentialAction":[{"@type":"ReadAction","target":["https:\/\/tmssl.com\/producto\/ruedas-compatiblesroland\/"]}]},{"@type":"BreadcrumbList","@id":"https:\/\/tmssl.com\/producto\/ruedas-compatiblesroland\/#breadcrumb","itemListElement":[{"@type":"ListItem","position":1,"name":"Portada","item":"https:\/\/tmssl.com\/"},{"@type":"ListItem","position":2,"name":"Shop","item":"https:\/\/tmssl.com\/shop\/"},{"@type":"ListItem","position":3,"name":"RUEDAS COMPATIBLES ROLAND"}]},{"@type":"WebSite","@id":"https:\/\/tmssl.com\/en\/#website","url":"https:\/\/tmssl.com\/en\/","name":"www.tmssl.com","description":"Venta de vinilo textil, y consumibles para la personalizacion.","publisher":{"@id":"https:\/\/tmssl.com\/en\/#organization"},"potentialAction":[{"@type":"SearchAction","target":{"@type":"EntryPoint","urlTemplate":"https:\/\/tmssl.com\/en\/?s={search_term_string}"},"query-input":{"@type":"PropertyValueSpecification","valueRequired":true,"valueName":"search_term_string"}}],"inLanguage":"en-GB"},{"@type":"Organization","@id":"https:\/\/tmssl.com\/en\/#organization","name":"www.tmssl.com","url":"https:\/\/tmssl.com\/en\/","logo":{"@type":"ImageObject","inLanguage":"en-GB","@id":"https:\/\/tmssl.com\/en\/#\/schema\/logo\/image\/","url":"https:\/\/tmssl.com\/wp-content\/uploads\/2023\/07\/LOGO-TMS-ALTA-01.jpg","contentUrl":"https:\/\/tmssl.com\/wp-content\/uploads\/2023\/07\/LOGO-TMS-ALTA-01.jpg","width":598,"height":597,"caption":"www.tmssl.com"},"image":{"@id":"https:\/\/tmssl.com\/en\/#\/schema\/logo\/image\/"},"sameAs":["https:\/\/www.instagram.com\/vinilotextil.tmssl\/"]}]}},"jetpack_publicize_connections":[],"jetpack_likes_enabled":true,"jetpack-related-posts":[{"id":4731,"url":"https:\/\/tmssl.com\/en\/product\/cuchillas-compatibles-roland-60o\/","url_meta":{"origin":4721,"position":0},"title":"CUCHILLAS COMPATIBLES ROLAND 60\u00ba","author":"Info","date":"16 de February de 2023","format":false,"excerpt":"Este juego gen\u00e9rico de alta calidad de 3 cuchillas es adecuado para impresoras y plotters de corte Roland. Estas hojas tienen un \u00e1ngulo de corte de 60\u00b0 y un valor de desplazamiento de 0,5 mm. Estas cuchillas son adecuadas para cortar materiales gruesos, textiles, cart\u00f3n y plantillas para chorro de\u2026","rel":"","context":"Similar post","block_context":{"text":"Similar post","link":""},"img":{"alt_text":"","src":"","width":0,"height":0},"classes":[]},{"id":4735,"url":"https:\/\/tmssl.com\/en\/product\/cuchillas-compatibles-roland-45o\/","url_meta":{"origin":4721,"position":1},"title":"CUCHILLAS COMPATIBLES ROLAND 45\u00ba","author":"Info","date":"16 de February de 2023","format":false,"excerpt":"Este juego gen\u00e9rico de 3 cuchillas de alta calidad es adecuado para impresoras y plotters de corte Roland. Estas hojas tienen un \u00e1ngulo de corte de 45\u00b0 y un valor de desplazamiento de 0,175 mm. Estas hojas est\u00e1ndar son adecuadas para cortar vinilo de normal a delgado, pel\u00edcula de enmascarar,\u2026","rel":"","context":"Similar post","block_context":{"text":"Similar post","link":""},"img":{"alt_text":"","src":"","width":0,"height":0},"classes":[]},{"id":3083,"url":"https:\/\/tmssl.com\/en\/product\/ruedas-compatibles-graphtec\/","url_meta":{"origin":4721,"position":2},"title":"RUEDAS COMPATIBLES GRAPHTEC","author":"Info","date":"24 de October de 2022","format":false,"excerpt":"Rueda compatible especial para plotters Grapahtec. Esta rueda es adecuada para los plotters de corte con alimentaci\u00f3n por rollo de las series Graphtec CE y FC. Esta rueda es gen\u00e9rica de alta calidad que corresponde al n\u00famero de pieza de Graphtec 621352000. Esta rueda de arrastre tiene un di\u00e1metro de\u2026","rel":"","context":"Similar post","block_context":{"text":"Similar post","link":""},"img":{"alt_text":"","src":"","width":0,"height":0},"classes":[]},{"id":4689,"url":"https:\/\/tmssl.com\/en\/product\/cuchilla-compatible-para-graphtec-60-cb15u\/","url_meta":{"origin":4721,"position":3},"title":"CUCHILLA COMPATIBLE PARA GRAPHTEC 60\u00b0 &#8211; CB15U","author":"Info","date":"16 de February de 2023","format":false,"excerpt":"CUCHILLAS GRAPHTEC 60\u00ba PORTACUCHILLAS CB15. Este juego gen\u00e9rico de 5 cuchillas es adecuado para plotters de corte Graphtec que utilizan un soporte de cortador CB15N (para cuchillas de \u03c6 1,5 mm). Estas cuchillas incluyen resortes. Tienen un \u00e1ngulo de corte de 60\u00b0, un valor de compensaci\u00f3n de 0,75 mm y\u2026","rel":"","context":"Similar post","block_context":{"text":"Similar post","link":""},"img":{"alt_text":"","src":"","width":0,"height":0},"classes":[]},{"id":4709,"url":"https:\/\/tmssl.com\/en\/product\/cuchilla-compatible-para-graphtec-45-cb15u\/","url_meta":{"origin":4721,"position":4},"title":"CUCHILLA COMPATIBLE PARA GRAPHTEC 45\u00b0 &#8211; CB15U","author":"Info","date":"16 de February de 2023","format":false,"excerpt":"CUCHILLAS GRAPHTEC 45\u00ba PORTACUCHILLAS CB15. Este juego gen\u00e9rico de 5 cuchillas es adecuado para plotters de corte Graphtec que utilizan un soporte de cortador CB15N (para cuchillas de \u03c6 1,5 mm). Estas hojas tienen un \u00e1ngulo de corte de 45\u00b0, un valor de compensaci\u00f3n de 0,75 mm y un di\u00e1metro\u2026","rel":"","context":"Similar post","block_context":{"text":"Similar post","link":""},"img":{"alt_text":"","src":"","width":0,"height":0},"classes":[]},{"id":4718,"url":"https:\/\/tmssl.com\/en\/product\/cuchillas-compatibles-graphtec-30o-cb09-series\/","url_meta":{"origin":4721,"position":5},"title":"CUCHILLAS COMPATIBLES GRAPHTEC 30\u00ba (CB09 series)","author":"Info","date":"16 de February de 2023","format":false,"excerpt":"CUCHILLAS GRAPHTEC 30\u00ba. Este juego gen\u00e9rico de 5 cuchillas con muelle es adecuado para plotters de corte Graphtec que utilicen porta cuchillas CB09N \u200b\u200b(para cuchillas de \u03c6 0,9 mm). Estas cuchillas incluyen resortes. Tienen un \u00e1ngulo de corte de 30\u00b0, un valor de compensaci\u00f3n de 0,30 mm y un di\u00e1metro\u2026","rel":"","context":"Similar post","block_context":{"text":"Similar post","link":""},"img":{"alt_text":"","src":"","width":0,"height":0},"classes":[]}],"jetpack_sharing_enabled":true,"tiered_pricing_type":"fixed","tiered_pricing_fixed_rules":{"3":28},"tiered_pricing_product_settings":{"layout":"default","base_unit_name":{"singular":null,"plural":null},"default_variation":null},"tiered_pricing_minimum_quantity":null,"tiered_pricing_roles_data":[],"tiered_pricing_percentage_rules":[],"_links":{"self":[{"href":"https:\/\/tmssl.com\/en\/wp-json\/wp\/v2\/product\/4721","targetHints":{"allow":["GET"]}}],"collection":[{"href":"https:\/\/tmssl.com\/en\/wp-json\/wp\/v2\/product"}],"about":[{"href":"https:\/\/tmssl.com\/en\/wp-json\/wp\/v2\/types\/product"}],"replies":[{"embeddable":true,"href":"https:\/\/tmssl.com\/en\/wp-json\/wp\/v2\/comments?post=4721"}],"version-history":[{"count":1,"href":"https:\/\/tmssl.com\/en\/wp-json\/wp\/v2\/product\/4721\/revisions"}],"predecessor-version":[{"id":4722,"href":"https:\/\/tmssl.com\/en\/wp-json\/wp\/v2\/product\/4721\/revisions\/4722"}],"wp:attachment":[{"href":"https:\/\/tmssl.com\/en\/wp-json\/wp\/v2\/media?parent=4721"}],"wp:term":[{"taxonomy":"product_brand","embeddable":true,"href":"https:\/\/tmssl.com\/en\/wp-json\/wp\/v2\/product_brand?post=4721"},{"taxonomy":"product_cat","embeddable":true,"href":"https:\/\/tmssl.com\/en\/wp-json\/wp\/v2\/product_cat?post=4721"},{"taxonomy":"product_tag","embeddable":true,"href":"https:\/\/tmssl.com\/en\/wp-json\/wp\/v2\/product_tag?post=4721"}],"curies":[{"name":"wp","href":"https:\/\/api.w.org\/{rel}","templated":true}]}}