{"id":4735,"date":"2023-02-16T16:02:48","date_gmt":"2023-02-16T15:02:48","guid":{"rendered":"https:\/\/tmssl.com\/?post_type=product&#038;p=4735"},"modified":"2023-05-05T10:22:21","modified_gmt":"2023-05-05T08:22:21","slug":"cuchillas-compatibles-roland-45o","status":"publish","type":"product","link":"https:\/\/tmssl.com\/en\/product\/cuchillas-compatibles-roland-45o\/","title":{"rendered":"CUCHILLAS COMPATIBLES ROLAND 45\u00ba"},"content":{"rendered":"<p style=\"text-align: center;\"><em>Este juego gen\u00e9rico de 3 cuchillas de alta calidad es adecuado para impresoras y plotters de corte Roland. <\/em><\/p>\n<p style=\"text-align: center;\"><em>Estas hojas tienen un \u00e1ngulo de corte de 45\u00b0 y un valor de desplazamiento de 0,175 mm. <\/em><\/p>\n<p style=\"text-align: center;\"><em>Estas hojas est\u00e1ndar son adecuadas para cortar vinilo de normal a delgado, pel\u00edcula de enmascarar, especialmente tama\u00f1o de letra peque\u00f1o y dise\u00f1o lineal complejo.<\/em><\/p>\n<p style=\"text-align: center;\"><em> Estas son cuchillas gen\u00e9ricas de alta calidad que corresponden al n\u00famero de parte de Roland ZEC-A3017 \/ ZEC-U3017.<\/em><\/p>","protected":false},"excerpt":{"rendered":"<p style=\"text-align: center;\"><em>Este juego gen\u00e9rico de 3 cuchillas de alta calidad es adecuado para impresoras y plotters de corte Roland. <\/em><\/p>\n<p style=\"text-align: center;\"><em>Estas hojas tienen un \u00e1ngulo de corte de 45\u00b0 y un valor de desplazamiento de 0,175 mm. <\/em><\/p>\n<p style=\"text-align: center;\"><em>Estas hojas est\u00e1ndar son adecuadas para cortar vinilo de normal a delgado, pel\u00edcula de enmascarar, especialmente tama\u00f1o de letra peque\u00f1o y dise\u00f1o lineal complejo.<\/em><\/p>\n<p style=\"text-align: center;\"><em> Estas son cuchillas gen\u00e9ricas de alta calidad que corresponden al n\u00famero de parte de Roland ZEC-A3017 \/ ZEC-U3017.<\/em><\/p>","protected":false},"featured_media":0,"comment_status":"open","ping_status":"closed","template":"","meta":{"_crdt_document":"","jetpack_publicize_message":"","jetpack_publicize_feature_enabled":true,"jetpack_social_post_already_shared":true,"jetpack_social_options":{"image_generator_settings":{"template":"highway","default_image_id":0,"font":"","enabled":false},"version":2},"_wpas_customize_per_network":false},"product_brand":[],"product_cat":[122607,122606,122749],"product_tag":[122804,122806,122807,122803,122805,122808,121867],"class_list":{"0":"post-4735","1":"product","2":"type-product","3":"status-publish","5":"product_cat-accesorios-y-cuchillas","6":"product_cat-plotter-de-corte","7":"product_cat-roland","8":"product_tag-cuchillas-compatibles","9":"product_tag-cuchillas-graphtec","10":"product_tag-cuchillas-mimaki","11":"product_tag-cuchillas-plotter-de-corte","12":"product_tag-cuchillas-roland","13":"product_tag-plotter-de-impresion","14":"product_tag-vinilo-siser","16":"first","17":"instock","18":"taxable","19":"shipping-taxable","20":"purchasable","21":"product-type-simple"},"yoast_head":"<!-- This site is optimized with the Yoast SEO plugin v27.5 - https:\/\/yoast.com\/product\/yoast-seo-wordpress\/ -->\n<title>CUCHILLAS COMPATIBLES ROLAND 45\u00ba - TMS SL<\/title>\n<meta name=\"robots\" content=\"index, follow, max-snippet:-1, max-image-preview:large, max-video-preview:-1\" \/>\n<link rel=\"canonical\" href=\"https:\/\/tmssl.com\/en\/product\/cuchillas-compatibles-roland-45o\/\" \/>\n<meta property=\"og:locale\" content=\"en_GB\" \/>\n<meta property=\"og:type\" content=\"article\" \/>\n<meta property=\"og:title\" content=\"CUCHILLAS COMPATIBLES ROLAND 45\u00ba - TMS SL\" \/>\n<meta property=\"og:description\" content=\"Este juego gen\u00e9rico de 3 cuchillas de alta calidad es adecuado para impresoras y plotters de corte Roland.  Estas hojas tienen un \u00e1ngulo de corte de 45\u00b0 y un valor de desplazamiento de 0,175 mm.  Estas hojas est\u00e1ndar son adecuadas para cortar vinilo de normal a delgado, pel\u00edcula de enmascarar, especialmente tama\u00f1o de letra peque\u00f1o y dise\u00f1o lineal complejo.  Estas son cuchillas gen\u00e9ricas de alta calidad que corresponden al n\u00famero de parte de Roland ZEC-A3017 \/ ZEC-U3017.\" \/>\n<meta property=\"og:url\" content=\"https:\/\/tmssl.com\/en\/product\/cuchillas-compatibles-roland-45o\/\" \/>\n<meta property=\"og:site_name\" content=\"TMS SL\" \/>\n<meta property=\"article:modified_time\" content=\"2023-05-05T08:22:21+00:00\" \/>\n<meta property=\"og:image\" content=\"https:\/\/i0.wp.com\/tmssl.com\/wp-content\/uploads\/2023\/02\/CUCHILLAS_Mesa-de-trabajo-1-1.jpg?fit=886%2C886&ssl=1\" \/>\n\t<meta property=\"og:image:width\" content=\"886\" \/>\n\t<meta property=\"og:image:height\" content=\"886\" \/>\n\t<meta property=\"og:image:type\" content=\"image\/jpeg\" \/>\n<meta name=\"twitter:card\" content=\"summary_large_image\" \/>\n<script type=\"application\/ld+json\" class=\"yoast-schema-graph\">{\"@context\":\"https:\\\/\\\/schema.org\",\"@graph\":[{\"@type\":\"WebPage\",\"@id\":\"https:\\\/\\\/tmssl.com\\\/producto\\\/cuchillas-compatibles-roland-45o\\\/\",\"url\":\"https:\\\/\\\/tmssl.com\\\/producto\\\/cuchillas-compatibles-roland-45o\\\/\",\"name\":\"CUCHILLAS COMPATIBLES ROLAND 45\u00ba - TMS SL\",\"isPartOf\":{\"@id\":\"https:\\\/\\\/tmssl.com\\\/en\\\/#website\"},\"datePublished\":\"2023-02-16T15:02:48+00:00\",\"dateModified\":\"2023-05-05T08:22:21+00:00\",\"breadcrumb\":{\"@id\":\"https:\\\/\\\/tmssl.com\\\/producto\\\/cuchillas-compatibles-roland-45o\\\/#breadcrumb\"},\"inLanguage\":\"en-GB\",\"potentialAction\":[{\"@type\":\"ReadAction\",\"target\":[\"https:\\\/\\\/tmssl.com\\\/producto\\\/cuchillas-compatibles-roland-45o\\\/\"]}]},{\"@type\":\"BreadcrumbList\",\"@id\":\"https:\\\/\\\/tmssl.com\\\/producto\\\/cuchillas-compatibles-roland-45o\\\/#breadcrumb\",\"itemListElement\":[{\"@type\":\"ListItem\",\"position\":1,\"name\":\"Portada\",\"item\":\"https:\\\/\\\/tmssl.com\\\/\"},{\"@type\":\"ListItem\",\"position\":2,\"name\":\"Shop\",\"item\":\"https:\\\/\\\/tmssl.com\\\/shop\\\/\"},{\"@type\":\"ListItem\",\"position\":3,\"name\":\"CUCHILLAS COMPATIBLES ROLAND 45\u00ba\"}]},{\"@type\":\"WebSite\",\"@id\":\"https:\\\/\\\/tmssl.com\\\/en\\\/#website\",\"url\":\"https:\\\/\\\/tmssl.com\\\/en\\\/\",\"name\":\"www.tmssl.com\",\"description\":\"Venta de vinilo textil, y consumibles para la personalizacion.\",\"publisher\":{\"@id\":\"https:\\\/\\\/tmssl.com\\\/en\\\/#organization\"},\"potentialAction\":[{\"@type\":\"SearchAction\",\"target\":{\"@type\":\"EntryPoint\",\"urlTemplate\":\"https:\\\/\\\/tmssl.com\\\/en\\\/?s={search_term_string}\"},\"query-input\":{\"@type\":\"PropertyValueSpecification\",\"valueRequired\":true,\"valueName\":\"search_term_string\"}}],\"inLanguage\":\"en-GB\"},{\"@type\":\"Organization\",\"@id\":\"https:\\\/\\\/tmssl.com\\\/en\\\/#organization\",\"name\":\"www.tmssl.com\",\"url\":\"https:\\\/\\\/tmssl.com\\\/en\\\/\",\"logo\":{\"@type\":\"ImageObject\",\"inLanguage\":\"en-GB\",\"@id\":\"https:\\\/\\\/tmssl.com\\\/en\\\/#\\\/schema\\\/logo\\\/image\\\/\",\"url\":\"https:\\\/\\\/tmssl.com\\\/wp-content\\\/uploads\\\/2023\\\/07\\\/LOGO-TMS-ALTA-01.jpg\",\"contentUrl\":\"https:\\\/\\\/tmssl.com\\\/wp-content\\\/uploads\\\/2023\\\/07\\\/LOGO-TMS-ALTA-01.jpg\",\"width\":598,\"height\":597,\"caption\":\"www.tmssl.com\"},\"image\":{\"@id\":\"https:\\\/\\\/tmssl.com\\\/en\\\/#\\\/schema\\\/logo\\\/image\\\/\"},\"sameAs\":[\"https:\\\/\\\/www.instagram.com\\\/vinilotextil.tmssl\\\/\"]}]}<\/script>\n<!-- \/ Yoast SEO plugin. -->","yoast_head_json":{"title":"CUCHILLAS COMPATIBLES ROLAND 45\u00ba - TMS SL","robots":{"index":"index","follow":"follow","max-snippet":"max-snippet:-1","max-image-preview":"max-image-preview:large","max-video-preview":"max-video-preview:-1"},"canonical":"https:\/\/tmssl.com\/en\/product\/cuchillas-compatibles-roland-45o\/","og_locale":"en_GB","og_type":"article","og_title":"CUCHILLAS COMPATIBLES ROLAND 45\u00ba - TMS SL","og_description":"Este juego gen\u00e9rico de 3 cuchillas de alta calidad es adecuado para impresoras y plotters de corte Roland.  Estas hojas tienen un \u00e1ngulo de corte de 45\u00b0 y un valor de desplazamiento de 0,175 mm.  Estas hojas est\u00e1ndar son adecuadas para cortar vinilo de normal a delgado, pel\u00edcula de enmascarar, especialmente tama\u00f1o de letra peque\u00f1o y dise\u00f1o lineal complejo.  Estas son cuchillas gen\u00e9ricas de alta calidad que corresponden al n\u00famero de parte de Roland ZEC-A3017 \/ ZEC-U3017.","og_url":"https:\/\/tmssl.com\/en\/product\/cuchillas-compatibles-roland-45o\/","og_site_name":"TMS SL","article_modified_time":"2023-05-05T08:22:21+00:00","og_image":[{"width":886,"height":886,"url":"https:\/\/i0.wp.com\/tmssl.com\/wp-content\/uploads\/2023\/02\/CUCHILLAS_Mesa-de-trabajo-1-1.jpg?fit=886%2C886&ssl=1","type":"image\/jpeg"}],"twitter_card":"summary_large_image","schema":{"@context":"https:\/\/schema.org","@graph":[{"@type":"WebPage","@id":"https:\/\/tmssl.com\/producto\/cuchillas-compatibles-roland-45o\/","url":"https:\/\/tmssl.com\/producto\/cuchillas-compatibles-roland-45o\/","name":"CUCHILLAS COMPATIBLES ROLAND 45\u00ba - TMS SL","isPartOf":{"@id":"https:\/\/tmssl.com\/en\/#website"},"datePublished":"2023-02-16T15:02:48+00:00","dateModified":"2023-05-05T08:22:21+00:00","breadcrumb":{"@id":"https:\/\/tmssl.com\/producto\/cuchillas-compatibles-roland-45o\/#breadcrumb"},"inLanguage":"en-GB","potentialAction":[{"@type":"ReadAction","target":["https:\/\/tmssl.com\/producto\/cuchillas-compatibles-roland-45o\/"]}]},{"@type":"BreadcrumbList","@id":"https:\/\/tmssl.com\/producto\/cuchillas-compatibles-roland-45o\/#breadcrumb","itemListElement":[{"@type":"ListItem","position":1,"name":"Portada","item":"https:\/\/tmssl.com\/"},{"@type":"ListItem","position":2,"name":"Shop","item":"https:\/\/tmssl.com\/shop\/"},{"@type":"ListItem","position":3,"name":"CUCHILLAS COMPATIBLES ROLAND 45\u00ba"}]},{"@type":"WebSite","@id":"https:\/\/tmssl.com\/en\/#website","url":"https:\/\/tmssl.com\/en\/","name":"www.tmssl.com","description":"Venta de vinilo textil, y consumibles para la personalizacion.","publisher":{"@id":"https:\/\/tmssl.com\/en\/#organization"},"potentialAction":[{"@type":"SearchAction","target":{"@type":"EntryPoint","urlTemplate":"https:\/\/tmssl.com\/en\/?s={search_term_string}"},"query-input":{"@type":"PropertyValueSpecification","valueRequired":true,"valueName":"search_term_string"}}],"inLanguage":"en-GB"},{"@type":"Organization","@id":"https:\/\/tmssl.com\/en\/#organization","name":"www.tmssl.com","url":"https:\/\/tmssl.com\/en\/","logo":{"@type":"ImageObject","inLanguage":"en-GB","@id":"https:\/\/tmssl.com\/en\/#\/schema\/logo\/image\/","url":"https:\/\/tmssl.com\/wp-content\/uploads\/2023\/07\/LOGO-TMS-ALTA-01.jpg","contentUrl":"https:\/\/tmssl.com\/wp-content\/uploads\/2023\/07\/LOGO-TMS-ALTA-01.jpg","width":598,"height":597,"caption":"www.tmssl.com"},"image":{"@id":"https:\/\/tmssl.com\/en\/#\/schema\/logo\/image\/"},"sameAs":["https:\/\/www.instagram.com\/vinilotextil.tmssl\/"]}]}},"jetpack_publicize_connections":[],"jetpack_likes_enabled":true,"jetpack-related-posts":[{"id":4731,"url":"https:\/\/tmssl.com\/en\/product\/cuchillas-compatibles-roland-60o\/","url_meta":{"origin":4735,"position":0},"title":"CUCHILLAS COMPATIBLES ROLAND 60\u00ba","author":"Info","date":"16 de February de 2023","format":false,"excerpt":"Este juego gen\u00e9rico de alta calidad de 3 cuchillas es adecuado para impresoras y plotters de corte Roland. Estas hojas tienen un \u00e1ngulo de corte de 60\u00b0 y un valor de desplazamiento de 0,5 mm. Estas cuchillas son adecuadas para cortar materiales gruesos, textiles, cart\u00f3n y plantillas para chorro de\u2026","rel":"","context":"Similar post","block_context":{"text":"Similar post","link":""},"img":{"alt_text":"","src":"","width":0,"height":0},"classes":[]},{"id":4709,"url":"https:\/\/tmssl.com\/en\/product\/cuchilla-compatible-para-graphtec-45-cb15u\/","url_meta":{"origin":4735,"position":1},"title":"CUCHILLA COMPATIBLE PARA GRAPHTEC 45\u00b0 &#8211; CB15U","author":"Info","date":"16 de February de 2023","format":false,"excerpt":"CUCHILLAS GRAPHTEC 45\u00ba PORTACUCHILLAS CB15. Este juego gen\u00e9rico de 5 cuchillas es adecuado para plotters de corte Graphtec que utilizan un soporte de cortador CB15N (para cuchillas de \u03c6 1,5 mm). Estas hojas tienen un \u00e1ngulo de corte de 45\u00b0, un valor de compensaci\u00f3n de 0,75 mm y un di\u00e1metro\u2026","rel":"","context":"Similar post","block_context":{"text":"Similar post","link":""},"img":{"alt_text":"","src":"","width":0,"height":0},"classes":[]},{"id":4718,"url":"https:\/\/tmssl.com\/en\/product\/cuchillas-compatibles-graphtec-30o-cb09-series\/","url_meta":{"origin":4735,"position":2},"title":"CUCHILLAS COMPATIBLES GRAPHTEC 30\u00ba (CB09 series)","author":"Info","date":"16 de February de 2023","format":false,"excerpt":"CUCHILLAS GRAPHTEC 30\u00ba. Este juego gen\u00e9rico de 5 cuchillas con muelle es adecuado para plotters de corte Graphtec que utilicen porta cuchillas CB09N \u200b\u200b(para cuchillas de \u03c6 0,9 mm). Estas cuchillas incluyen resortes. Tienen un \u00e1ngulo de corte de 30\u00b0, un valor de compensaci\u00f3n de 0,30 mm y un di\u00e1metro\u2026","rel":"","context":"Similar post","block_context":{"text":"Similar post","link":""},"img":{"alt_text":"","src":"","width":0,"height":0},"classes":[]},{"id":4719,"url":"https:\/\/tmssl.com\/en\/product\/cuchillas-compatibles-graphtec-60o-cb09-series\/","url_meta":{"origin":4735,"position":3},"title":"CUCHILLAS COMPATIBLES GRAPHTEC 60\u00ba (CB09 series)","author":"Info","date":"16 de February de 2023","format":false,"excerpt":"CUCHILLAS GRAPHTEC 60\u00ba. Este juego gen\u00e9rico de 5 cuchillas con muelle es adecuado para plotters de corte Graphtec que utilicen porta cuchillas CB09N \u200b\u200b(para cuchillas de \u03c6 0,9 mm). Estas cuchillas incluyen resortes. Tienen un \u00e1ngulo de corte de 60\u00b0, un valor de compensaci\u00f3n de 0,60 mm y un di\u00e1metro\u2026","rel":"","context":"Similar post","block_context":{"text":"Similar post","link":""},"img":{"alt_text":"","src":"","width":0,"height":0},"classes":[]},{"id":4698,"url":"https:\/\/tmssl.com\/en\/product\/cuchillas-compatibles-graphtec-45o-cb09-series\/","url_meta":{"origin":4735,"position":4},"title":"CUCHILLAS COMPATIBLES GRAPHTEC 45\u00ba (CB09 series)","author":"Info","date":"16 de February de 2023","format":false,"excerpt":"CUCHILLAS GRAPHTEC 45\u00ba. Este juego gen\u00e9rico de 5 cuchillas con muelle es adecuado para plotters de corte Graphtec que utilicen porta cuchillas CB09N \u200b\u200b(para cuchillas de \u03c6 0,9 mm). Estas cuchillas incluyen resortes. Tienen un \u00e1ngulo de corte de 45\u00b0, un valor de compensaci\u00f3n de 0,45 mm y un di\u00e1metro\u2026","rel":"","context":"Similar post","block_context":{"text":"Similar post","link":""},"img":{"alt_text":"","src":"","width":0,"height":0},"classes":[]},{"id":4721,"url":"https:\/\/tmssl.com\/en\/product\/ruedas-compatiblesroland\/","url_meta":{"origin":4735,"position":5},"title":"RUEDAS COMPATIBLES ROLAND","author":"Info","date":"16 de February de 2023","format":false,"excerpt":"Rueda compatible especial para plotters Roland. Este Pinch Roller gen\u00e9rico TD 1654 (B10) Tipo 2 es adecuado para todas las impresoras y plotters de corte Roland. Este rodillo de presi\u00f3n es adecuado para los lados izquierdo y derecho de la m\u00e1quina. Recomendamos cambiar ambos rodillos de presi\u00f3n en cada lado\u2026","rel":"","context":"Similar post","block_context":{"text":"Similar post","link":""},"img":{"alt_text":"","src":"","width":0,"height":0},"classes":[]}],"jetpack_sharing_enabled":true,"tiered_pricing_type":"fixed","tiered_pricing_fixed_rules":{"2":27},"tiered_pricing_product_settings":{"layout":"default","base_unit_name":{"singular":null,"plural":null},"default_variation":null},"tiered_pricing_minimum_quantity":null,"tiered_pricing_roles_data":[],"tiered_pricing_percentage_rules":[],"_links":{"self":[{"href":"https:\/\/tmssl.com\/en\/wp-json\/wp\/v2\/product\/4735","targetHints":{"allow":["GET"]}}],"collection":[{"href":"https:\/\/tmssl.com\/en\/wp-json\/wp\/v2\/product"}],"about":[{"href":"https:\/\/tmssl.com\/en\/wp-json\/wp\/v2\/types\/product"}],"replies":[{"embeddable":true,"href":"https:\/\/tmssl.com\/en\/wp-json\/wp\/v2\/comments?post=4735"}],"version-history":[{"count":0,"href":"https:\/\/tmssl.com\/en\/wp-json\/wp\/v2\/product\/4735\/revisions"}],"wp:attachment":[{"href":"https:\/\/tmssl.com\/en\/wp-json\/wp\/v2\/media?parent=4735"}],"wp:term":[{"taxonomy":"product_brand","embeddable":true,"href":"https:\/\/tmssl.com\/en\/wp-json\/wp\/v2\/product_brand?post=4735"},{"taxonomy":"product_cat","embeddable":true,"href":"https:\/\/tmssl.com\/en\/wp-json\/wp\/v2\/product_cat?post=4735"},{"taxonomy":"product_tag","embeddable":true,"href":"https:\/\/tmssl.com\/en\/wp-json\/wp\/v2\/product_tag?post=4735"}],"curies":[{"name":"wp","href":"https:\/\/api.w.org\/{rel}","templated":true}]}}