{"id":4786,"date":"2023-02-17T11:12:08","date_gmt":"2023-02-17T10:12:08","guid":{"rendered":"https:\/\/tmssl.com\/?post_type=product&#038;p=4786"},"modified":"2023-05-05T10:04:28","modified_gmt":"2023-05-05T08:04:28","slug":"espatula-vinilo-verde","status":"publish","type":"product","link":"https:\/\/tmssl.com\/en\/product\/espatula-vinilo-verde\/","title":{"rendered":"Esp\u00e1tula vinilo verde"},"content":{"rendered":"","protected":false},"excerpt":{"rendered":"<p class=\"des_prod\" style=\"text-align: center;\"><em>Fabricada con polipropileno de alta calidad, permite un f\u00e1cil manejo debido a su capacidad de deslizamiento y un control total sobre la presi\u00f3n. <\/em><\/p>\n<p class=\"des_prod\" style=\"text-align: center;\"><em>Tiene una memoria fuerte, flexibilidad media, alto deslizamiento y cuatro esquinas redondeadas.<\/em><\/p>\n<p class=\"des_prod\" style=\"text-align: center;\"><em> La esp\u00e1tula verde es ideal para vinilos, film, r\u00f3tulos, cintas, serigrafia y aplicaciones sensibles a la presi\u00f3n.<\/em><\/p>\n<p style=\"text-align: center;\"><em>Espatula de 10cm.<\/em><\/p>","protected":false},"featured_media":0,"comment_status":"open","ping_status":"closed","template":"","meta":{"_crdt_document":"","jetpack_post_was_ever_published":false,"jetpack_publicize_message":"","jetpack_publicize_feature_enabled":true,"jetpack_social_post_already_shared":true,"jetpack_social_options":{"image_generator_settings":{"template":"highway","default_image_id":0,"font":"","enabled":false},"version":2},"_wpas_customize_per_network":false},"product_brand":[],"product_cat":[122611,122610],"product_tag":[],"class_list":{"0":"post-4786","1":"product","2":"type-product","3":"status-publish","5":"product_cat-accesorios","6":"product_cat-soportes-de-impresion","8":"first","9":"instock","10":"taxable","11":"shipping-taxable","12":"purchasable","13":"product-type-simple"},"yoast_head":"<!-- This site is optimized with the Yoast SEO plugin v27.3 - https:\/\/yoast.com\/product\/yoast-seo-wordpress\/ -->\n<title>Esp\u00e1tula vinilo verde - TMS SL<\/title>\n<meta name=\"robots\" content=\"index, follow, max-snippet:-1, max-image-preview:large, max-video-preview:-1\" \/>\n<link rel=\"canonical\" href=\"https:\/\/tmssl.com\/en\/product\/espatula-vinilo-verde\/\" \/>\n<meta property=\"og:locale\" content=\"en_GB\" \/>\n<meta property=\"og:type\" content=\"article\" \/>\n<meta property=\"og:title\" content=\"Esp\u00e1tula vinilo verde - TMS SL\" \/>\n<meta property=\"og:description\" content=\"Fabricada con polipropileno de alta calidad, permite un f\u00e1cil manejo debido a su capacidad de deslizamiento y un control total sobre la presi\u00f3n.  Tiene una memoria fuerte, flexibilidad media, alto deslizamiento y cuatro esquinas redondeadas.  La esp\u00e1tula verde es ideal para vinilos, film, r\u00f3tulos, cintas, serigrafia y aplicaciones sensibles a la presi\u00f3n. Espatula de 10cm.\" \/>\n<meta property=\"og:url\" content=\"https:\/\/tmssl.com\/en\/product\/espatula-vinilo-verde\/\" \/>\n<meta property=\"og:site_name\" content=\"TMS SL\" \/>\n<meta property=\"article:modified_time\" content=\"2023-05-05T08:04:28+00:00\" \/>\n<meta property=\"og:image\" content=\"https:\/\/i0.wp.com\/tmssl.com\/wp-content\/uploads\/2023\/02\/ESPATULA-VERDE_Mesa-de-trabajo-1.jpg?fit=886%2C886&ssl=1\" \/>\n\t<meta property=\"og:image:width\" content=\"886\" \/>\n\t<meta property=\"og:image:height\" content=\"886\" \/>\n\t<meta property=\"og:image:type\" content=\"image\/jpeg\" \/>\n<meta name=\"twitter:card\" content=\"summary_large_image\" \/>\n<script type=\"application\/ld+json\" class=\"yoast-schema-graph\">{\"@context\":\"https:\\\/\\\/schema.org\",\"@graph\":[{\"@type\":\"WebPage\",\"@id\":\"https:\\\/\\\/tmssl.com\\\/producto\\\/espatula-vinilo-verde\\\/\",\"url\":\"https:\\\/\\\/tmssl.com\\\/producto\\\/espatula-vinilo-verde\\\/\",\"name\":\"Esp\u00e1tula vinilo verde - TMS SL\",\"isPartOf\":{\"@id\":\"https:\\\/\\\/tmssl.com\\\/en\\\/#website\"},\"datePublished\":\"2023-02-17T10:12:08+00:00\",\"dateModified\":\"2023-05-05T08:04:28+00:00\",\"breadcrumb\":{\"@id\":\"https:\\\/\\\/tmssl.com\\\/producto\\\/espatula-vinilo-verde\\\/#breadcrumb\"},\"inLanguage\":\"en-GB\",\"potentialAction\":[{\"@type\":\"ReadAction\",\"target\":[\"https:\\\/\\\/tmssl.com\\\/producto\\\/espatula-vinilo-verde\\\/\"]}]},{\"@type\":\"BreadcrumbList\",\"@id\":\"https:\\\/\\\/tmssl.com\\\/producto\\\/espatula-vinilo-verde\\\/#breadcrumb\",\"itemListElement\":[{\"@type\":\"ListItem\",\"position\":1,\"name\":\"Portada\",\"item\":\"https:\\\/\\\/tmssl.com\\\/\"},{\"@type\":\"ListItem\",\"position\":2,\"name\":\"Shop\",\"item\":\"https:\\\/\\\/tmssl.com\\\/shop\\\/\"},{\"@type\":\"ListItem\",\"position\":3,\"name\":\"Esp\u00e1tula vinilo verde\"}]},{\"@type\":\"WebSite\",\"@id\":\"https:\\\/\\\/tmssl.com\\\/en\\\/#website\",\"url\":\"https:\\\/\\\/tmssl.com\\\/en\\\/\",\"name\":\"www.tmssl.com\",\"description\":\"Venta de vinilo textil, y consumibles para la personalizacion.\",\"publisher\":{\"@id\":\"https:\\\/\\\/tmssl.com\\\/en\\\/#organization\"},\"potentialAction\":[{\"@type\":\"SearchAction\",\"target\":{\"@type\":\"EntryPoint\",\"urlTemplate\":\"https:\\\/\\\/tmssl.com\\\/en\\\/?s={search_term_string}\"},\"query-input\":{\"@type\":\"PropertyValueSpecification\",\"valueRequired\":true,\"valueName\":\"search_term_string\"}}],\"inLanguage\":\"en-GB\"},{\"@type\":\"Organization\",\"@id\":\"https:\\\/\\\/tmssl.com\\\/en\\\/#organization\",\"name\":\"www.tmssl.com\",\"url\":\"https:\\\/\\\/tmssl.com\\\/en\\\/\",\"logo\":{\"@type\":\"ImageObject\",\"inLanguage\":\"en-GB\",\"@id\":\"https:\\\/\\\/tmssl.com\\\/en\\\/#\\\/schema\\\/logo\\\/image\\\/\",\"url\":\"https:\\\/\\\/tmssl.com\\\/wp-content\\\/uploads\\\/2023\\\/07\\\/LOGO-TMS-ALTA-01.jpg\",\"contentUrl\":\"https:\\\/\\\/tmssl.com\\\/wp-content\\\/uploads\\\/2023\\\/07\\\/LOGO-TMS-ALTA-01.jpg\",\"width\":598,\"height\":597,\"caption\":\"www.tmssl.com\"},\"image\":{\"@id\":\"https:\\\/\\\/tmssl.com\\\/en\\\/#\\\/schema\\\/logo\\\/image\\\/\"},\"sameAs\":[\"https:\\\/\\\/www.instagram.com\\\/vinilotextil.tmssl\\\/\"]}]}<\/script>\n<!-- \/ Yoast SEO plugin. -->","yoast_head_json":{"title":"Esp\u00e1tula vinilo verde - TMS SL","robots":{"index":"index","follow":"follow","max-snippet":"max-snippet:-1","max-image-preview":"max-image-preview:large","max-video-preview":"max-video-preview:-1"},"canonical":"https:\/\/tmssl.com\/en\/product\/espatula-vinilo-verde\/","og_locale":"en_GB","og_type":"article","og_title":"Esp\u00e1tula vinilo verde - TMS SL","og_description":"Fabricada con polipropileno de alta calidad, permite un f\u00e1cil manejo debido a su capacidad de deslizamiento y un control total sobre la presi\u00f3n.  Tiene una memoria fuerte, flexibilidad media, alto deslizamiento y cuatro esquinas redondeadas.  La esp\u00e1tula verde es ideal para vinilos, film, r\u00f3tulos, cintas, serigrafia y aplicaciones sensibles a la presi\u00f3n. Espatula de 10cm.","og_url":"https:\/\/tmssl.com\/en\/product\/espatula-vinilo-verde\/","og_site_name":"TMS SL","article_modified_time":"2023-05-05T08:04:28+00:00","og_image":[{"width":886,"height":886,"url":"https:\/\/i0.wp.com\/tmssl.com\/wp-content\/uploads\/2023\/02\/ESPATULA-VERDE_Mesa-de-trabajo-1.jpg?fit=886%2C886&ssl=1","type":"image\/jpeg"}],"twitter_card":"summary_large_image","schema":{"@context":"https:\/\/schema.org","@graph":[{"@type":"WebPage","@id":"https:\/\/tmssl.com\/producto\/espatula-vinilo-verde\/","url":"https:\/\/tmssl.com\/producto\/espatula-vinilo-verde\/","name":"Esp\u00e1tula vinilo verde - TMS SL","isPartOf":{"@id":"https:\/\/tmssl.com\/en\/#website"},"datePublished":"2023-02-17T10:12:08+00:00","dateModified":"2023-05-05T08:04:28+00:00","breadcrumb":{"@id":"https:\/\/tmssl.com\/producto\/espatula-vinilo-verde\/#breadcrumb"},"inLanguage":"en-GB","potentialAction":[{"@type":"ReadAction","target":["https:\/\/tmssl.com\/producto\/espatula-vinilo-verde\/"]}]},{"@type":"BreadcrumbList","@id":"https:\/\/tmssl.com\/producto\/espatula-vinilo-verde\/#breadcrumb","itemListElement":[{"@type":"ListItem","position":1,"name":"Portada","item":"https:\/\/tmssl.com\/"},{"@type":"ListItem","position":2,"name":"Shop","item":"https:\/\/tmssl.com\/shop\/"},{"@type":"ListItem","position":3,"name":"Esp\u00e1tula vinilo verde"}]},{"@type":"WebSite","@id":"https:\/\/tmssl.com\/en\/#website","url":"https:\/\/tmssl.com\/en\/","name":"www.tmssl.com","description":"Venta de vinilo textil, y consumibles para la personalizacion.","publisher":{"@id":"https:\/\/tmssl.com\/en\/#organization"},"potentialAction":[{"@type":"SearchAction","target":{"@type":"EntryPoint","urlTemplate":"https:\/\/tmssl.com\/en\/?s={search_term_string}"},"query-input":{"@type":"PropertyValueSpecification","valueRequired":true,"valueName":"search_term_string"}}],"inLanguage":"en-GB"},{"@type":"Organization","@id":"https:\/\/tmssl.com\/en\/#organization","name":"www.tmssl.com","url":"https:\/\/tmssl.com\/en\/","logo":{"@type":"ImageObject","inLanguage":"en-GB","@id":"https:\/\/tmssl.com\/en\/#\/schema\/logo\/image\/","url":"https:\/\/tmssl.com\/wp-content\/uploads\/2023\/07\/LOGO-TMS-ALTA-01.jpg","contentUrl":"https:\/\/tmssl.com\/wp-content\/uploads\/2023\/07\/LOGO-TMS-ALTA-01.jpg","width":598,"height":597,"caption":"www.tmssl.com"},"image":{"@id":"https:\/\/tmssl.com\/en\/#\/schema\/logo\/image\/"},"sameAs":["https:\/\/www.instagram.com\/vinilotextil.tmssl\/"]}]}},"jetpack_publicize_connections":[],"jetpack_likes_enabled":true,"jetpack-related-posts":[{"id":4784,"url":"https:\/\/tmssl.com\/en\/product\/espatula-humeda-marathon\/","url_meta":{"origin":4786,"position":0},"title":"Esp\u00e1tula H\u00fameda Marathon","author":"Info","date":"17 de February de 2023","format":false,"excerpt":"Nuestra mejor esp\u00e1tula est\u00e1 fabricada con un borde de microfibra para no ara\u00f1ar las superficies (m\u00e1s suave que cualquier otra fibra). Nuestra microfibra es m\u00e1s resistente y est\u00e1 clasificada para m\u00e1s de 200.000 Wyzenbeek (doble abrasi\u00f3n). Puede usarse en seco y en mojado. El borde se desliza sobre vinilos y\u2026","rel":"","context":"Similar post","block_context":{"text":"Similar post","link":""},"img":{"alt_text":"","src":"","width":0,"height":0},"classes":[]},{"id":1668,"url":"https:\/\/tmssl.com\/en\/product\/espatula-siser\/","url_meta":{"origin":4786,"position":1},"title":"ESPATULA FIELTRO SISER","author":"Info","date":"22 de September de 2022","format":false,"excerpt":"Espatula especial para colocar el transportador en el vinilo textil de impresi\u00f3n\u00a0y corte.","rel":"","context":"Similar post","block_context":{"text":"Similar post","link":""},"img":{"alt_text":"","src":"https:\/\/i0.wp.com\/tmssl.com\/wp-content\/uploads\/2022\/09\/SQUEEGES-NEW-1030x689-1.jpg?fit=1030%2C689&ssl=1&resize=350%2C200","width":350,"height":200,"srcset":"https:\/\/i0.wp.com\/tmssl.com\/wp-content\/uploads\/2022\/09\/SQUEEGES-NEW-1030x689-1.jpg?fit=1030%2C689&ssl=1&resize=350%2C200 1x, https:\/\/i0.wp.com\/tmssl.com\/wp-content\/uploads\/2022\/09\/SQUEEGES-NEW-1030x689-1.jpg?fit=1030%2C689&ssl=1&resize=525%2C300 1.5x, https:\/\/i0.wp.com\/tmssl.com\/wp-content\/uploads\/2022\/09\/SQUEEGES-NEW-1030x689-1.jpg?fit=1030%2C689&ssl=1&resize=700%2C400 2x"},"classes":[]},{"id":4787,"url":"https:\/\/tmssl.com\/en\/product\/espatula-flex-azul\/","url_meta":{"origin":4786,"position":2},"title":"Esp\u00e1tula FLEX azul","author":"Info","date":"17 de February de 2023","format":false,"excerpt":"Fabricada con polipropileno, sus dos marcas transversales le proporcionan una gran estabilidad para un f\u00e1cil manejo. Se adapta a superficies complicadas. Tiene memoria media, alta flexibilidad, gran deslizamiento y cuatro esquinas redondeadas.","rel":"","context":"Similar post","block_context":{"text":"Similar post","link":""},"img":{"alt_text":"","src":"","width":0,"height":0},"classes":[]},{"id":4788,"url":"https:\/\/tmssl.com\/en\/product\/espatula-con-fieltro-roja\/","url_meta":{"origin":4786,"position":3},"title":"Esp\u00e1tula con fieltro roja","author":"Info","date":"17 de February de 2023","format":false,"excerpt":"Nuestra esp\u00e1tula roja con fieltro es una combinaci\u00f3n \u00fanica de esp\u00e1tula de polipropileno para uso diario con un borde suave y con fieltro para prevenir los rasgu\u00f1os durante la aplicaci\u00f3n de vinilos.","rel":"","context":"Similar post","block_context":{"text":"Similar post","link":""},"img":{"alt_text":"","src":"","width":0,"height":0},"classes":[]},{"id":4789,"url":"https:\/\/tmssl.com\/en\/product\/recambios-fieltro-10-15-cm\/","url_meta":{"origin":4786,"position":4},"title":"Recambios fieltro 10 &#8211; 15 cm.","author":"Info","date":"17 de February de 2023","format":false,"excerpt":"La esp\u00e1tula de fieltro esta fabricada para reducir los da\u00f1os en los vinilos o r\u00f3tulos. Perfecta para grandes aplicaciones en coches y ventanas. Disponible en dos densidades. 13mm y 10mm.","rel":"","context":"Similar post","block_context":{"text":"Similar post","link":""},"img":{"alt_text":"","src":"","width":0,"height":0},"classes":[]},{"id":6405,"url":"https:\/\/tmssl.com\/en\/product\/transportador-easypsv\/","url_meta":{"origin":4786,"position":5},"title":"TRANSPORTADOR (EASYPSV)","author":"Info","date":"30 de November de 2023","format":false,"excerpt":"Utilice la cinta de aplicaci\u00f3n\u00a0Siser\u00a0\u00ae\u00a0para aplicar\u00a0EasyPSV\u00a0\u00ae\u00a0en objetos y superficies duros como vidrio, madera, pl\u00e1stico y m\u00e1s.\u00a0\u00a1Esta cinta multiusos tiene una adherencia media que es perfecta para todo tipo de EasyPSV!\u00a0La cinta transparente mantiene sus dise\u00f1os y texto en su lugar mientras permite visibilidad para superponer m\u00faltiples colores. Instrucciones de solicitud\u2026","rel":"","context":"Similar post","block_context":{"text":"Similar post","link":""},"img":{"alt_text":"","src":"https:\/\/i0.wp.com\/tmssl.com\/wp-content\/uploads\/2023\/11\/EASYPSV-MASK-STARLING.jpg?fit=1200%2C1200&ssl=1&resize=350%2C200","width":350,"height":200,"srcset":"https:\/\/i0.wp.com\/tmssl.com\/wp-content\/uploads\/2023\/11\/EASYPSV-MASK-STARLING.jpg?fit=1200%2C1200&ssl=1&resize=350%2C200 1x, https:\/\/i0.wp.com\/tmssl.com\/wp-content\/uploads\/2023\/11\/EASYPSV-MASK-STARLING.jpg?fit=1200%2C1200&ssl=1&resize=525%2C300 1.5x, https:\/\/i0.wp.com\/tmssl.com\/wp-content\/uploads\/2023\/11\/EASYPSV-MASK-STARLING.jpg?fit=1200%2C1200&ssl=1&resize=700%2C400 2x, https:\/\/i0.wp.com\/tmssl.com\/wp-content\/uploads\/2023\/11\/EASYPSV-MASK-STARLING.jpg?fit=1200%2C1200&ssl=1&resize=1050%2C600 3x"},"classes":[]}],"jetpack_sharing_enabled":true,"tiered_pricing_type":"fixed","tiered_pricing_fixed_rules":[],"tiered_pricing_product_settings":{"layout":"default","base_unit_name":{"singular":null,"plural":null},"default_variation":null},"tiered_pricing_minimum_quantity":null,"tiered_pricing_roles_data":[],"tiered_pricing_percentage_rules":[],"_links":{"self":[{"href":"https:\/\/tmssl.com\/en\/wp-json\/wp\/v2\/product\/4786","targetHints":{"allow":["GET"]}}],"collection":[{"href":"https:\/\/tmssl.com\/en\/wp-json\/wp\/v2\/product"}],"about":[{"href":"https:\/\/tmssl.com\/en\/wp-json\/wp\/v2\/types\/product"}],"replies":[{"embeddable":true,"href":"https:\/\/tmssl.com\/en\/wp-json\/wp\/v2\/comments?post=4786"}],"version-history":[{"count":0,"href":"https:\/\/tmssl.com\/en\/wp-json\/wp\/v2\/product\/4786\/revisions"}],"wp:attachment":[{"href":"https:\/\/tmssl.com\/en\/wp-json\/wp\/v2\/media?parent=4786"}],"wp:term":[{"taxonomy":"product_brand","embeddable":true,"href":"https:\/\/tmssl.com\/en\/wp-json\/wp\/v2\/product_brand?post=4786"},{"taxonomy":"product_cat","embeddable":true,"href":"https:\/\/tmssl.com\/en\/wp-json\/wp\/v2\/product_cat?post=4786"},{"taxonomy":"product_tag","embeddable":true,"href":"https:\/\/tmssl.com\/en\/wp-json\/wp\/v2\/product_tag?post=4786"}],"curies":[{"name":"wp","href":"https:\/\/api.w.org\/{rel}","templated":true}]}}