{"id":4787,"date":"2023-02-17T11:12:10","date_gmt":"2023-02-17T10:12:10","guid":{"rendered":"https:\/\/tmssl.com\/?post_type=product&#038;p=4787"},"modified":"2023-05-05T10:03:41","modified_gmt":"2023-05-05T08:03:41","slug":"espatula-flex-azul","status":"publish","type":"product","link":"https:\/\/tmssl.com\/en\/product\/espatula-flex-azul\/","title":{"rendered":"Esp\u00e1tula FLEX azul"},"content":{"rendered":"","protected":false},"excerpt":{"rendered":"<p class=\"des_prod\" style=\"text-align: center;\">Fabricada con polipropileno, sus dos marcas transversales le proporcionan una gran estabilidad para un f\u00e1cil manejo.<\/p>\n<p class=\"des_prod\" style=\"text-align: center;\">Se adapta a superficies complicadas.<\/p>\n<p class=\"des_prod\" style=\"text-align: center;\">Tiene memoria media, alta flexibilidad, gran deslizamiento y cuatro esquinas redondeadas.<\/p>","protected":false},"featured_media":0,"comment_status":"open","ping_status":"closed","template":"","meta":{"_crdt_document":"","jetpack_publicize_message":"","jetpack_publicize_feature_enabled":true,"jetpack_social_post_already_shared":true,"jetpack_social_options":{"image_generator_settings":{"template":"highway","default_image_id":0,"font":"","enabled":false},"version":2},"_wpas_customize_per_network":false},"product_brand":[],"product_cat":[122611,122610],"product_tag":[],"class_list":{"0":"post-4787","1":"product","2":"type-product","3":"status-publish","5":"product_cat-accesorios","6":"product_cat-soportes-de-impresion","8":"first","9":"instock","10":"taxable","11":"shipping-taxable","12":"purchasable","13":"product-type-variable"},"yoast_head":"<!-- This site is optimized with the Yoast SEO plugin v27.6 - https:\/\/yoast.com\/product\/yoast-seo-wordpress\/ -->\n<title>Esp\u00e1tula FLEX azul - TMS SL<\/title>\n<meta name=\"robots\" content=\"index, follow, max-snippet:-1, max-image-preview:large, max-video-preview:-1\" \/>\n<link rel=\"canonical\" href=\"https:\/\/tmssl.com\/en\/product\/espatula-flex-azul\/\" \/>\n<meta property=\"og:locale\" content=\"en_GB\" \/>\n<meta property=\"og:type\" content=\"article\" \/>\n<meta property=\"og:title\" content=\"Esp\u00e1tula FLEX azul - TMS SL\" \/>\n<meta property=\"og:description\" content=\"Fabricada con polipropileno, sus dos marcas transversales le proporcionan una gran estabilidad para un f\u00e1cil manejo. Se adapta a superficies complicadas. Tiene memoria media, alta flexibilidad, gran deslizamiento y cuatro esquinas redondeadas.\" \/>\n<meta property=\"og:url\" content=\"https:\/\/tmssl.com\/en\/product\/espatula-flex-azul\/\" \/>\n<meta property=\"og:site_name\" content=\"TMS SL\" \/>\n<meta property=\"article:modified_time\" content=\"2023-05-05T08:03:41+00:00\" \/>\n<meta property=\"og:image\" content=\"https:\/\/i0.wp.com\/tmssl.com\/wp-content\/uploads\/2023\/02\/ESPATULA-AZUL_Mesa-de-trabajo-1.jpg?fit=886%2C886&ssl=1\" \/>\n\t<meta property=\"og:image:width\" content=\"886\" \/>\n\t<meta property=\"og:image:height\" content=\"886\" \/>\n\t<meta property=\"og:image:type\" content=\"image\/jpeg\" \/>\n<meta name=\"twitter:card\" content=\"summary_large_image\" \/>\n<script type=\"application\/ld+json\" class=\"yoast-schema-graph\">{\"@context\":\"https:\\\/\\\/schema.org\",\"@graph\":[{\"@type\":\"WebPage\",\"@id\":\"https:\\\/\\\/tmssl.com\\\/producto\\\/espatula-flex-azul\\\/\",\"url\":\"https:\\\/\\\/tmssl.com\\\/producto\\\/espatula-flex-azul\\\/\",\"name\":\"Esp\u00e1tula FLEX azul - TMS SL\",\"isPartOf\":{\"@id\":\"https:\\\/\\\/tmssl.com\\\/en\\\/#website\"},\"datePublished\":\"2023-02-17T10:12:10+00:00\",\"dateModified\":\"2023-05-05T08:03:41+00:00\",\"breadcrumb\":{\"@id\":\"https:\\\/\\\/tmssl.com\\\/producto\\\/espatula-flex-azul\\\/#breadcrumb\"},\"inLanguage\":\"en-GB\",\"potentialAction\":[{\"@type\":\"ReadAction\",\"target\":[\"https:\\\/\\\/tmssl.com\\\/producto\\\/espatula-flex-azul\\\/\"]}]},{\"@type\":\"BreadcrumbList\",\"@id\":\"https:\\\/\\\/tmssl.com\\\/producto\\\/espatula-flex-azul\\\/#breadcrumb\",\"itemListElement\":[{\"@type\":\"ListItem\",\"position\":1,\"name\":\"Portada\",\"item\":\"https:\\\/\\\/tmssl.com\\\/\"},{\"@type\":\"ListItem\",\"position\":2,\"name\":\"Shop\",\"item\":\"https:\\\/\\\/tmssl.com\\\/shop\\\/\"},{\"@type\":\"ListItem\",\"position\":3,\"name\":\"Esp\u00e1tula FLEX azul\"}]},{\"@type\":\"WebSite\",\"@id\":\"https:\\\/\\\/tmssl.com\\\/en\\\/#website\",\"url\":\"https:\\\/\\\/tmssl.com\\\/en\\\/\",\"name\":\"www.tmssl.com\",\"description\":\"Venta de vinilo textil, y consumibles para la personalizacion.\",\"publisher\":{\"@id\":\"https:\\\/\\\/tmssl.com\\\/en\\\/#organization\"},\"potentialAction\":[{\"@type\":\"SearchAction\",\"target\":{\"@type\":\"EntryPoint\",\"urlTemplate\":\"https:\\\/\\\/tmssl.com\\\/en\\\/?s={search_term_string}\"},\"query-input\":{\"@type\":\"PropertyValueSpecification\",\"valueRequired\":true,\"valueName\":\"search_term_string\"}}],\"inLanguage\":\"en-GB\"},{\"@type\":\"Organization\",\"@id\":\"https:\\\/\\\/tmssl.com\\\/en\\\/#organization\",\"name\":\"www.tmssl.com\",\"url\":\"https:\\\/\\\/tmssl.com\\\/en\\\/\",\"logo\":{\"@type\":\"ImageObject\",\"inLanguage\":\"en-GB\",\"@id\":\"https:\\\/\\\/tmssl.com\\\/en\\\/#\\\/schema\\\/logo\\\/image\\\/\",\"url\":\"https:\\\/\\\/tmssl.com\\\/wp-content\\\/uploads\\\/2023\\\/07\\\/LOGO-TMS-ALTA-01.jpg\",\"contentUrl\":\"https:\\\/\\\/tmssl.com\\\/wp-content\\\/uploads\\\/2023\\\/07\\\/LOGO-TMS-ALTA-01.jpg\",\"width\":598,\"height\":597,\"caption\":\"www.tmssl.com\"},\"image\":{\"@id\":\"https:\\\/\\\/tmssl.com\\\/en\\\/#\\\/schema\\\/logo\\\/image\\\/\"},\"sameAs\":[\"https:\\\/\\\/www.instagram.com\\\/vinilotextil.tmssl\\\/\"]}]}<\/script>\n<!-- \/ Yoast SEO plugin. -->","yoast_head_json":{"title":"Esp\u00e1tula FLEX azul - TMS SL","robots":{"index":"index","follow":"follow","max-snippet":"max-snippet:-1","max-image-preview":"max-image-preview:large","max-video-preview":"max-video-preview:-1"},"canonical":"https:\/\/tmssl.com\/en\/product\/espatula-flex-azul\/","og_locale":"en_GB","og_type":"article","og_title":"Esp\u00e1tula FLEX azul - TMS SL","og_description":"Fabricada con polipropileno, sus dos marcas transversales le proporcionan una gran estabilidad para un f\u00e1cil manejo. Se adapta a superficies complicadas. Tiene memoria media, alta flexibilidad, gran deslizamiento y cuatro esquinas redondeadas.","og_url":"https:\/\/tmssl.com\/en\/product\/espatula-flex-azul\/","og_site_name":"TMS SL","article_modified_time":"2023-05-05T08:03:41+00:00","og_image":[{"width":886,"height":886,"url":"https:\/\/i0.wp.com\/tmssl.com\/wp-content\/uploads\/2023\/02\/ESPATULA-AZUL_Mesa-de-trabajo-1.jpg?fit=886%2C886&ssl=1","type":"image\/jpeg"}],"twitter_card":"summary_large_image","schema":{"@context":"https:\/\/schema.org","@graph":[{"@type":"WebPage","@id":"https:\/\/tmssl.com\/producto\/espatula-flex-azul\/","url":"https:\/\/tmssl.com\/producto\/espatula-flex-azul\/","name":"Esp\u00e1tula FLEX azul - TMS SL","isPartOf":{"@id":"https:\/\/tmssl.com\/en\/#website"},"datePublished":"2023-02-17T10:12:10+00:00","dateModified":"2023-05-05T08:03:41+00:00","breadcrumb":{"@id":"https:\/\/tmssl.com\/producto\/espatula-flex-azul\/#breadcrumb"},"inLanguage":"en-GB","potentialAction":[{"@type":"ReadAction","target":["https:\/\/tmssl.com\/producto\/espatula-flex-azul\/"]}]},{"@type":"BreadcrumbList","@id":"https:\/\/tmssl.com\/producto\/espatula-flex-azul\/#breadcrumb","itemListElement":[{"@type":"ListItem","position":1,"name":"Portada","item":"https:\/\/tmssl.com\/"},{"@type":"ListItem","position":2,"name":"Shop","item":"https:\/\/tmssl.com\/shop\/"},{"@type":"ListItem","position":3,"name":"Esp\u00e1tula FLEX azul"}]},{"@type":"WebSite","@id":"https:\/\/tmssl.com\/en\/#website","url":"https:\/\/tmssl.com\/en\/","name":"www.tmssl.com","description":"Venta de vinilo textil, y consumibles para la personalizacion.","publisher":{"@id":"https:\/\/tmssl.com\/en\/#organization"},"potentialAction":[{"@type":"SearchAction","target":{"@type":"EntryPoint","urlTemplate":"https:\/\/tmssl.com\/en\/?s={search_term_string}"},"query-input":{"@type":"PropertyValueSpecification","valueRequired":true,"valueName":"search_term_string"}}],"inLanguage":"en-GB"},{"@type":"Organization","@id":"https:\/\/tmssl.com\/en\/#organization","name":"www.tmssl.com","url":"https:\/\/tmssl.com\/en\/","logo":{"@type":"ImageObject","inLanguage":"en-GB","@id":"https:\/\/tmssl.com\/en\/#\/schema\/logo\/image\/","url":"https:\/\/tmssl.com\/wp-content\/uploads\/2023\/07\/LOGO-TMS-ALTA-01.jpg","contentUrl":"https:\/\/tmssl.com\/wp-content\/uploads\/2023\/07\/LOGO-TMS-ALTA-01.jpg","width":598,"height":597,"caption":"www.tmssl.com"},"image":{"@id":"https:\/\/tmssl.com\/en\/#\/schema\/logo\/image\/"},"sameAs":["https:\/\/www.instagram.com\/vinilotextil.tmssl\/"]}]}},"jetpack_publicize_connections":[],"jetpack_likes_enabled":true,"jetpack-related-posts":[{"id":9265,"url":"https:\/\/tmssl.com\/en\/product\/lienzo-mixto\/","url_meta":{"origin":4787,"position":0},"title":"LIENZO MIXTO","author":"Info","date":"22 de October de 2024","format":false,"excerpt":"\u00bfPara qu\u00e9 sistemas de impresi\u00f3n digital est\u00e1 recomendado el\u00a0canvas para plotter? Nuestras bobinas de lienzo digital est\u00e1n recomendadas para uso con plotters que usan las siguientes tecnolog\u00edas de impresi\u00f3n: * Solvente * Ecosolvente * Tecnolog\u00eda l\u00e1tex * U.V. Curable Y para todas las marcas presentes en el mercado: HP, Roland,\u2026","rel":"","context":"Similar post","block_context":{"text":"Similar post","link":""},"img":{"alt_text":"","src":"https:\/\/i0.wp.com\/tmssl.com\/wp-content\/uploads\/2024\/10\/lienzo-canvas-para-impresion-digital-con-plotter-solvente-uv-island.jpg?fit=928%2C1200&ssl=1&resize=350%2C200","width":350,"height":200,"srcset":"https:\/\/i0.wp.com\/tmssl.com\/wp-content\/uploads\/2024\/10\/lienzo-canvas-para-impresion-digital-con-plotter-solvente-uv-island.jpg?fit=928%2C1200&ssl=1&resize=350%2C200 1x, https:\/\/i0.wp.com\/tmssl.com\/wp-content\/uploads\/2024\/10\/lienzo-canvas-para-impresion-digital-con-plotter-solvente-uv-island.jpg?fit=928%2C1200&ssl=1&resize=525%2C300 1.5x, https:\/\/i0.wp.com\/tmssl.com\/wp-content\/uploads\/2024\/10\/lienzo-canvas-para-impresion-digital-con-plotter-solvente-uv-island.jpg?fit=928%2C1200&ssl=1&resize=700%2C400 2x"},"classes":[]},{"id":9235,"url":"https:\/\/tmssl.com\/en\/product\/lona-backlight-110x50mts\/","url_meta":{"origin":4787,"position":1},"title":"Lona Backlight 1,10X50MTS","author":"Info","date":"22 de October de 2024","format":false,"excerpt":"Los beneficios de esta lona mate La\u00a0lona Backlight 510 gr\u00a0es uno de los materiales m\u00e1s populares a la vez que efectivos en la\u00a0publicidad exterior.\u00a0Se utiliza para realizar\u00a0r\u00f3tulos\u00a0luminosos\u00a0de gran formato y cajas de luz en stands y ferias. Una de las particularidades de la lona backlight es que es transl\u00facida, por\u2026","rel":"","context":"Similar post","block_context":{"text":"Similar post","link":""},"img":{"alt_text":"","src":"","width":0,"height":0},"classes":[]},{"id":4612,"url":"https:\/\/tmssl.com\/en\/product\/metallic-25cm\/","url_meta":{"origin":4787,"position":2},"title":"METALLIC 25CM","author":"Info","date":"15 de February de 2023","format":false,"excerpt":"Vinilo textil de corte con un gran acabado met\u00e1lico efecto espejo. Debido a la composici\u00f3n de la superficie met\u00e1lica, no se recomienda detalles muy peque\u00f1os y aplicaciones multicapa. Evite doblar la aplicaci\u00f3n una vez transferida. Est\u00e1 disponible en 2 colores. ROLLOS DE ANCHO 25 CM","rel":"","context":"Similar post","block_context":{"text":"Similar post","link":""},"img":{"alt_text":"","src":"https:\/\/i0.wp.com\/www.siser.com\/wp-content\/uploads\/2020\/01\/LOGO_VEGANOK-def-1.jpg?resize=350%2C200&ssl=1","width":350,"height":200},"classes":[]},{"id":9751,"url":"https:\/\/tmssl.com\/en\/product\/aquasol\/","url_meta":{"origin":4787,"position":3},"title":"AQUASOL","author":"Info","date":"18 de November de 2024","format":false,"excerpt":"QUASOL es una emulsi\u00f3n fotopol\u00edmero monocomponente presensibilizada para la producci\u00f3n de\u00a0pantallas\u00a0de alta calidad. Es un producto de la empresa MURAKAMI SCREEN, Tokyo. AQUASOL se distingue por su excelente resistencia al agua. Se usa principalmente para las tintas de gran contenido acuoso. Por ejemplo en la industria textil cl\u00e1sica, para confecionar\u2026","rel":"","context":"Similar post","block_context":{"text":"Similar post","link":""},"img":{"alt_text":"","src":"https:\/\/i0.wp.com\/tmssl.com\/wp-content\/uploads\/2024\/11\/2153-Emulsion-Aquasol-Murakami-Vinilos-y-Serigrafia-e1731943540907.jpg?fit=271%2C252&ssl=1&resize=350%2C200","width":350,"height":200},"classes":[]},{"id":9238,"url":"https:\/\/tmssl.com\/en\/product\/lona-mesh-perforada-con-protector\/","url_meta":{"origin":4787,"position":4},"title":"Lona mesh perforada con protector","author":"Info","date":"22 de October de 2024","format":false,"excerpt":"Lona mesh perforada con protector para impresi\u00f3n La\u00a0lona mesh perforada con protector 1,067 X 50 METROS, es un sustrato extremadamente resistente. La particularidad de estar perforada\u00a0la hace ideal para su impresi\u00f3n digital\u00a0y colocaci\u00f3n en exteriores. Principalmente fachadas, rejas y vallas. Por su composici\u00f3n esta lona perforada permite el paso del\u2026","rel":"","context":"Similar post","block_context":{"text":"Similar post","link":""},"img":{"alt_text":"","src":"","width":0,"height":0},"classes":[]},{"id":4648,"url":"https:\/\/tmssl.com\/en\/product\/bastoncillos-de-limpieza\/","url_meta":{"origin":4787,"position":5},"title":"BASTONCILLOS DE LIMPIEZA","author":"Info","date":"16 de February de 2023","format":false,"excerpt":"Estos bastoncillos de limpieza se utilizan para la limpieza de piezas relacionadas con la tinta, como limpiadores, tapas y cabezales de impresi\u00f3n.","rel":"","context":"Similar post","block_context":{"text":"Similar post","link":""},"img":{"alt_text":"","src":"","width":0,"height":0},"classes":[]}],"jetpack_sharing_enabled":true,"tiered_pricing_type":"fixed","tiered_pricing_fixed_rules":[],"tiered_pricing_product_settings":{"layout":"default","base_unit_name":{"singular":null,"plural":null},"default_variation":null},"tiered_pricing_minimum_quantity":null,"tiered_pricing_roles_data":[],"tiered_pricing_percentage_rules":[],"_links":{"self":[{"href":"https:\/\/tmssl.com\/en\/wp-json\/wp\/v2\/product\/4787","targetHints":{"allow":["GET"]}}],"collection":[{"href":"https:\/\/tmssl.com\/en\/wp-json\/wp\/v2\/product"}],"about":[{"href":"https:\/\/tmssl.com\/en\/wp-json\/wp\/v2\/types\/product"}],"replies":[{"embeddable":true,"href":"https:\/\/tmssl.com\/en\/wp-json\/wp\/v2\/comments?post=4787"}],"version-history":[{"count":0,"href":"https:\/\/tmssl.com\/en\/wp-json\/wp\/v2\/product\/4787\/revisions"}],"wp:attachment":[{"href":"https:\/\/tmssl.com\/en\/wp-json\/wp\/v2\/media?parent=4787"}],"wp:term":[{"taxonomy":"product_brand","embeddable":true,"href":"https:\/\/tmssl.com\/en\/wp-json\/wp\/v2\/product_brand?post=4787"},{"taxonomy":"product_cat","embeddable":true,"href":"https:\/\/tmssl.com\/en\/wp-json\/wp\/v2\/product_cat?post=4787"},{"taxonomy":"product_tag","embeddable":true,"href":"https:\/\/tmssl.com\/en\/wp-json\/wp\/v2\/product_tag?post=4787"}],"curies":[{"name":"wp","href":"https:\/\/api.w.org\/{rel}","templated":true}]}}