{"id":4788,"date":"2023-02-17T11:12:11","date_gmt":"2023-02-17T10:12:11","guid":{"rendered":"https:\/\/tmssl.com\/?post_type=product&#038;p=4788"},"modified":"2024-04-21T23:15:51","modified_gmt":"2024-04-21T21:15:51","slug":"espatula-con-fieltro-roja","status":"publish","type":"product","link":"https:\/\/tmssl.com\/en\/product\/espatula-con-fieltro-roja\/","title":{"rendered":"Esp\u00e1tula con fieltro roja"},"content":{"rendered":"","protected":false},"excerpt":{"rendered":"<p class=\"des_prod\" style=\"text-align: center;\"><em>Nuestra esp\u00e1tula roja con fieltro es una combinaci\u00f3n \u00fanica de esp\u00e1tula de polipropileno para uso diario con un borde suave y con fieltro para prevenir los rasgu\u00f1os durante la aplicaci\u00f3n de vinilos.<\/em><\/p>","protected":false},"featured_media":0,"comment_status":"open","ping_status":"closed","template":"","meta":{"_crdt_document":"","jetpack_publicize_message":"","jetpack_publicize_feature_enabled":true,"jetpack_social_post_already_shared":true,"jetpack_social_options":{"image_generator_settings":{"template":"highway","default_image_id":0,"font":"","enabled":false},"version":2},"_wpas_customize_per_network":false},"product_brand":[],"product_cat":[122611,122610],"product_tag":[],"class_list":{"0":"post-4788","1":"product","2":"type-product","3":"status-publish","5":"product_cat-accesorios","6":"product_cat-soportes-de-impresion","8":"first","9":"instock","10":"taxable","11":"shipping-taxable","12":"purchasable","13":"product-type-variable"},"yoast_head":"<!-- This site is optimized with the Yoast SEO plugin v27.6 - https:\/\/yoast.com\/product\/yoast-seo-wordpress\/ -->\n<title>Esp\u00e1tula con fieltro roja - TMS SL<\/title>\n<meta name=\"robots\" content=\"index, follow, max-snippet:-1, max-image-preview:large, max-video-preview:-1\" \/>\n<link rel=\"canonical\" href=\"https:\/\/tmssl.com\/en\/product\/espatula-con-fieltro-roja\/\" \/>\n<meta property=\"og:locale\" content=\"en_GB\" \/>\n<meta property=\"og:type\" content=\"article\" \/>\n<meta property=\"og:title\" content=\"Esp\u00e1tula con fieltro roja - TMS SL\" \/>\n<meta property=\"og:description\" content=\"Nuestra esp\u00e1tula roja con fieltro es una combinaci\u00f3n \u00fanica de esp\u00e1tula de polipropileno para uso diario con un borde suave y con fieltro para prevenir los rasgu\u00f1os durante la aplicaci\u00f3n de vinilos.\" \/>\n<meta property=\"og:url\" content=\"https:\/\/tmssl.com\/en\/product\/espatula-con-fieltro-roja\/\" \/>\n<meta property=\"og:site_name\" content=\"TMS SL\" \/>\n<meta property=\"article:modified_time\" content=\"2024-04-21T21:15:51+00:00\" \/>\n<meta property=\"og:image\" content=\"https:\/\/i0.wp.com\/tmssl.com\/wp-content\/uploads\/2023\/02\/ESPATULA-FIELTRO_Mesa-de-trabajo-1.jpg?fit=886%2C886&ssl=1\" \/>\n\t<meta property=\"og:image:width\" content=\"886\" \/>\n\t<meta property=\"og:image:height\" content=\"886\" \/>\n\t<meta property=\"og:image:type\" content=\"image\/jpeg\" \/>\n<meta name=\"twitter:card\" content=\"summary_large_image\" \/>\n<script type=\"application\/ld+json\" class=\"yoast-schema-graph\">{\"@context\":\"https:\\\/\\\/schema.org\",\"@graph\":[{\"@type\":\"WebPage\",\"@id\":\"https:\\\/\\\/tmssl.com\\\/producto\\\/espatula-con-fieltro-roja\\\/\",\"url\":\"https:\\\/\\\/tmssl.com\\\/producto\\\/espatula-con-fieltro-roja\\\/\",\"name\":\"Esp\u00e1tula con fieltro roja - TMS SL\",\"isPartOf\":{\"@id\":\"https:\\\/\\\/tmssl.com\\\/en\\\/#website\"},\"datePublished\":\"2023-02-17T10:12:11+00:00\",\"dateModified\":\"2024-04-21T21:15:51+00:00\",\"breadcrumb\":{\"@id\":\"https:\\\/\\\/tmssl.com\\\/producto\\\/espatula-con-fieltro-roja\\\/#breadcrumb\"},\"inLanguage\":\"en-GB\",\"potentialAction\":[{\"@type\":\"ReadAction\",\"target\":[\"https:\\\/\\\/tmssl.com\\\/producto\\\/espatula-con-fieltro-roja\\\/\"]}]},{\"@type\":\"BreadcrumbList\",\"@id\":\"https:\\\/\\\/tmssl.com\\\/producto\\\/espatula-con-fieltro-roja\\\/#breadcrumb\",\"itemListElement\":[{\"@type\":\"ListItem\",\"position\":1,\"name\":\"Portada\",\"item\":\"https:\\\/\\\/tmssl.com\\\/\"},{\"@type\":\"ListItem\",\"position\":2,\"name\":\"Shop\",\"item\":\"https:\\\/\\\/tmssl.com\\\/shop\\\/\"},{\"@type\":\"ListItem\",\"position\":3,\"name\":\"Esp\u00e1tula con fieltro roja\"}]},{\"@type\":\"WebSite\",\"@id\":\"https:\\\/\\\/tmssl.com\\\/en\\\/#website\",\"url\":\"https:\\\/\\\/tmssl.com\\\/en\\\/\",\"name\":\"www.tmssl.com\",\"description\":\"Venta de vinilo textil, y consumibles para la personalizacion.\",\"publisher\":{\"@id\":\"https:\\\/\\\/tmssl.com\\\/en\\\/#organization\"},\"potentialAction\":[{\"@type\":\"SearchAction\",\"target\":{\"@type\":\"EntryPoint\",\"urlTemplate\":\"https:\\\/\\\/tmssl.com\\\/en\\\/?s={search_term_string}\"},\"query-input\":{\"@type\":\"PropertyValueSpecification\",\"valueRequired\":true,\"valueName\":\"search_term_string\"}}],\"inLanguage\":\"en-GB\"},{\"@type\":\"Organization\",\"@id\":\"https:\\\/\\\/tmssl.com\\\/en\\\/#organization\",\"name\":\"www.tmssl.com\",\"url\":\"https:\\\/\\\/tmssl.com\\\/en\\\/\",\"logo\":{\"@type\":\"ImageObject\",\"inLanguage\":\"en-GB\",\"@id\":\"https:\\\/\\\/tmssl.com\\\/en\\\/#\\\/schema\\\/logo\\\/image\\\/\",\"url\":\"https:\\\/\\\/tmssl.com\\\/wp-content\\\/uploads\\\/2023\\\/07\\\/LOGO-TMS-ALTA-01.jpg\",\"contentUrl\":\"https:\\\/\\\/tmssl.com\\\/wp-content\\\/uploads\\\/2023\\\/07\\\/LOGO-TMS-ALTA-01.jpg\",\"width\":598,\"height\":597,\"caption\":\"www.tmssl.com\"},\"image\":{\"@id\":\"https:\\\/\\\/tmssl.com\\\/en\\\/#\\\/schema\\\/logo\\\/image\\\/\"},\"sameAs\":[\"https:\\\/\\\/www.instagram.com\\\/vinilotextil.tmssl\\\/\"]}]}<\/script>\n<!-- \/ Yoast SEO plugin. -->","yoast_head_json":{"title":"Esp\u00e1tula con fieltro roja - TMS SL","robots":{"index":"index","follow":"follow","max-snippet":"max-snippet:-1","max-image-preview":"max-image-preview:large","max-video-preview":"max-video-preview:-1"},"canonical":"https:\/\/tmssl.com\/en\/product\/espatula-con-fieltro-roja\/","og_locale":"en_GB","og_type":"article","og_title":"Esp\u00e1tula con fieltro roja - TMS SL","og_description":"Nuestra esp\u00e1tula roja con fieltro es una combinaci\u00f3n \u00fanica de esp\u00e1tula de polipropileno para uso diario con un borde suave y con fieltro para prevenir los rasgu\u00f1os durante la aplicaci\u00f3n de vinilos.","og_url":"https:\/\/tmssl.com\/en\/product\/espatula-con-fieltro-roja\/","og_site_name":"TMS SL","article_modified_time":"2024-04-21T21:15:51+00:00","og_image":[{"width":886,"height":886,"url":"https:\/\/i0.wp.com\/tmssl.com\/wp-content\/uploads\/2023\/02\/ESPATULA-FIELTRO_Mesa-de-trabajo-1.jpg?fit=886%2C886&ssl=1","type":"image\/jpeg"}],"twitter_card":"summary_large_image","schema":{"@context":"https:\/\/schema.org","@graph":[{"@type":"WebPage","@id":"https:\/\/tmssl.com\/producto\/espatula-con-fieltro-roja\/","url":"https:\/\/tmssl.com\/producto\/espatula-con-fieltro-roja\/","name":"Esp\u00e1tula con fieltro roja - TMS SL","isPartOf":{"@id":"https:\/\/tmssl.com\/en\/#website"},"datePublished":"2023-02-17T10:12:11+00:00","dateModified":"2024-04-21T21:15:51+00:00","breadcrumb":{"@id":"https:\/\/tmssl.com\/producto\/espatula-con-fieltro-roja\/#breadcrumb"},"inLanguage":"en-GB","potentialAction":[{"@type":"ReadAction","target":["https:\/\/tmssl.com\/producto\/espatula-con-fieltro-roja\/"]}]},{"@type":"BreadcrumbList","@id":"https:\/\/tmssl.com\/producto\/espatula-con-fieltro-roja\/#breadcrumb","itemListElement":[{"@type":"ListItem","position":1,"name":"Portada","item":"https:\/\/tmssl.com\/"},{"@type":"ListItem","position":2,"name":"Shop","item":"https:\/\/tmssl.com\/shop\/"},{"@type":"ListItem","position":3,"name":"Esp\u00e1tula con fieltro roja"}]},{"@type":"WebSite","@id":"https:\/\/tmssl.com\/en\/#website","url":"https:\/\/tmssl.com\/en\/","name":"www.tmssl.com","description":"Venta de vinilo textil, y consumibles para la personalizacion.","publisher":{"@id":"https:\/\/tmssl.com\/en\/#organization"},"potentialAction":[{"@type":"SearchAction","target":{"@type":"EntryPoint","urlTemplate":"https:\/\/tmssl.com\/en\/?s={search_term_string}"},"query-input":{"@type":"PropertyValueSpecification","valueRequired":true,"valueName":"search_term_string"}}],"inLanguage":"en-GB"},{"@type":"Organization","@id":"https:\/\/tmssl.com\/en\/#organization","name":"www.tmssl.com","url":"https:\/\/tmssl.com\/en\/","logo":{"@type":"ImageObject","inLanguage":"en-GB","@id":"https:\/\/tmssl.com\/en\/#\/schema\/logo\/image\/","url":"https:\/\/tmssl.com\/wp-content\/uploads\/2023\/07\/LOGO-TMS-ALTA-01.jpg","contentUrl":"https:\/\/tmssl.com\/wp-content\/uploads\/2023\/07\/LOGO-TMS-ALTA-01.jpg","width":598,"height":597,"caption":"www.tmssl.com"},"image":{"@id":"https:\/\/tmssl.com\/en\/#\/schema\/logo\/image\/"},"sameAs":["https:\/\/www.instagram.com\/vinilotextil.tmssl\/"]}]}},"jetpack_publicize_connections":[],"jetpack_likes_enabled":true,"jetpack-related-posts":[{"id":1668,"url":"https:\/\/tmssl.com\/en\/product\/espatula-siser\/","url_meta":{"origin":4788,"position":0},"title":"ESPATULA FIELTRO SISER","author":"Info","date":"22 de September de 2022","format":false,"excerpt":"Espatula especial para colocar el transportador en el vinilo textil de impresi\u00f3n\u00a0y corte.","rel":"","context":"Similar post","block_context":{"text":"Similar post","link":""},"img":{"alt_text":"","src":"https:\/\/i0.wp.com\/tmssl.com\/wp-content\/uploads\/2022\/09\/SQUEEGES-NEW-1030x689-1.jpg?fit=1030%2C689&ssl=1&resize=350%2C200","width":350,"height":200,"srcset":"https:\/\/i0.wp.com\/tmssl.com\/wp-content\/uploads\/2022\/09\/SQUEEGES-NEW-1030x689-1.jpg?fit=1030%2C689&ssl=1&resize=350%2C200 1x, https:\/\/i0.wp.com\/tmssl.com\/wp-content\/uploads\/2022\/09\/SQUEEGES-NEW-1030x689-1.jpg?fit=1030%2C689&ssl=1&resize=525%2C300 1.5x, https:\/\/i0.wp.com\/tmssl.com\/wp-content\/uploads\/2022\/09\/SQUEEGES-NEW-1030x689-1.jpg?fit=1030%2C689&ssl=1&resize=700%2C400 2x"},"classes":[]},{"id":4789,"url":"https:\/\/tmssl.com\/en\/product\/recambios-fieltro-10-15-cm\/","url_meta":{"origin":4788,"position":1},"title":"Recambios fieltro 10 &#8211; 15 cm.","author":"Info","date":"17 de February de 2023","format":false,"excerpt":"La esp\u00e1tula de fieltro esta fabricada para reducir los da\u00f1os en los vinilos o r\u00f3tulos. Perfecta para grandes aplicaciones en coches y ventanas. Disponible en dos densidades. 13mm y 10mm.","rel":"","context":"Similar post","block_context":{"text":"Similar post","link":""},"img":{"alt_text":"","src":"","width":0,"height":0},"classes":[]},{"id":4784,"url":"https:\/\/tmssl.com\/en\/product\/espatula-humeda-marathon\/","url_meta":{"origin":4788,"position":2},"title":"Esp\u00e1tula H\u00fameda Marathon","author":"Info","date":"17 de February de 2023","format":false,"excerpt":"Nuestra mejor esp\u00e1tula est\u00e1 fabricada con un borde de microfibra para no ara\u00f1ar las superficies (m\u00e1s suave que cualquier otra fibra). Nuestra microfibra es m\u00e1s resistente y est\u00e1 clasificada para m\u00e1s de 200.000 Wyzenbeek (doble abrasi\u00f3n). Puede usarse en seco y en mojado. El borde se desliza sobre vinilos y\u2026","rel":"","context":"Similar post","block_context":{"text":"Similar post","link":""},"img":{"alt_text":"","src":"","width":0,"height":0},"classes":[]},{"id":4786,"url":"https:\/\/tmssl.com\/en\/product\/espatula-vinilo-verde\/","url_meta":{"origin":4788,"position":3},"title":"Esp\u00e1tula vinilo verde","author":"Info","date":"17 de February de 2023","format":false,"excerpt":"Fabricada con polipropileno de alta calidad, permite un f\u00e1cil manejo debido a su capacidad de deslizamiento y un control total sobre la presi\u00f3n. Tiene una memoria fuerte, flexibilidad media, alto deslizamiento y cuatro esquinas redondeadas. La esp\u00e1tula verde es ideal para vinilos, film, r\u00f3tulos, cintas, serigrafia y aplicaciones sensibles a\u2026","rel":"","context":"Similar post","block_context":{"text":"Similar post","link":""},"img":{"alt_text":"","src":"","width":0,"height":0},"classes":[]},{"id":4787,"url":"https:\/\/tmssl.com\/en\/product\/espatula-flex-azul\/","url_meta":{"origin":4788,"position":4},"title":"Esp\u00e1tula FLEX azul","author":"Info","date":"17 de February de 2023","format":false,"excerpt":"Fabricada con polipropileno, sus dos marcas transversales le proporcionan una gran estabilidad para un f\u00e1cil manejo. Se adapta a superficies complicadas. Tiene memoria media, alta flexibilidad, gran deslizamiento y cuatro esquinas redondeadas.","rel":"","context":"Similar post","block_context":{"text":"Similar post","link":""},"img":{"alt_text":"","src":"","width":0,"height":0},"classes":[]},{"id":4689,"url":"https:\/\/tmssl.com\/en\/product\/cuchilla-compatible-para-graphtec-60-cb15u\/","url_meta":{"origin":4788,"position":5},"title":"CUCHILLA COMPATIBLE PARA GRAPHTEC 60\u00b0 &#8211; CB15U","author":"Info","date":"16 de February de 2023","format":false,"excerpt":"CUCHILLAS GRAPHTEC 60\u00ba PORTACUCHILLAS CB15. Este juego gen\u00e9rico de 5 cuchillas es adecuado para plotters de corte Graphtec que utilizan un soporte de cortador CB15N (para cuchillas de \u03c6 1,5 mm). Estas cuchillas incluyen resortes. Tienen un \u00e1ngulo de corte de 60\u00b0, un valor de compensaci\u00f3n de 0,75 mm y\u2026","rel":"","context":"Similar post","block_context":{"text":"Similar post","link":""},"img":{"alt_text":"","src":"","width":0,"height":0},"classes":[]}],"jetpack_sharing_enabled":true,"tiered_pricing_type":"fixed","tiered_pricing_fixed_rules":[],"tiered_pricing_product_settings":{"layout":"default","base_unit_name":{"singular":null,"plural":null},"default_variation":null},"tiered_pricing_minimum_quantity":null,"tiered_pricing_roles_data":[],"tiered_pricing_percentage_rules":[],"_links":{"self":[{"href":"https:\/\/tmssl.com\/en\/wp-json\/wp\/v2\/product\/4788","targetHints":{"allow":["GET"]}}],"collection":[{"href":"https:\/\/tmssl.com\/en\/wp-json\/wp\/v2\/product"}],"about":[{"href":"https:\/\/tmssl.com\/en\/wp-json\/wp\/v2\/types\/product"}],"replies":[{"embeddable":true,"href":"https:\/\/tmssl.com\/en\/wp-json\/wp\/v2\/comments?post=4788"}],"version-history":[{"count":1,"href":"https:\/\/tmssl.com\/en\/wp-json\/wp\/v2\/product\/4788\/revisions"}],"predecessor-version":[{"id":6289,"href":"https:\/\/tmssl.com\/en\/wp-json\/wp\/v2\/product\/4788\/revisions\/6289"}],"wp:attachment":[{"href":"https:\/\/tmssl.com\/en\/wp-json\/wp\/v2\/media?parent=4788"}],"wp:term":[{"taxonomy":"product_brand","embeddable":true,"href":"https:\/\/tmssl.com\/en\/wp-json\/wp\/v2\/product_brand?post=4788"},{"taxonomy":"product_cat","embeddable":true,"href":"https:\/\/tmssl.com\/en\/wp-json\/wp\/v2\/product_cat?post=4788"},{"taxonomy":"product_tag","embeddable":true,"href":"https:\/\/tmssl.com\/en\/wp-json\/wp\/v2\/product_tag?post=4788"}],"curies":[{"name":"wp","href":"https:\/\/api.w.org\/{rel}","templated":true}]}}