{"id":4830,"date":"2023-02-17T13:10:04","date_gmt":"2023-02-17T12:10:04","guid":{"rendered":"https:\/\/tmssl.com\/?post_type=product&#038;p=4830"},"modified":"2023-05-05T09:46:30","modified_gmt":"2023-05-05T07:46:30","slug":"cuter-olfa-9mm-30o","status":"publish","type":"product","link":"https:\/\/tmssl.com\/en\/product\/cuter-olfa-9mm-30o\/","title":{"rendered":"C\u00fater Olfa 9mm 30\u00ba"},"content":{"rendered":"","protected":false},"excerpt":{"rendered":"<p class=\"des_prod\" style=\"text-align: center;\">C\u00fater ultrafino con cuchilla especial de 30\u00ba.<\/p>","protected":false},"featured_media":0,"comment_status":"open","ping_status":"closed","template":"","meta":{"_crdt_document":"","jetpack_publicize_message":"","jetpack_publicize_feature_enabled":true,"jetpack_social_post_already_shared":true,"jetpack_social_options":{"image_generator_settings":{"template":"highway","default_image_id":0,"font":"","enabled":false},"version":2},"_wpas_customize_per_network":false},"product_brand":[],"product_cat":[122611,122610],"product_tag":[],"class_list":{"0":"post-4830","1":"product","2":"type-product","3":"status-publish","5":"product_cat-accesorios","6":"product_cat-soportes-de-impresion","8":"first","9":"onbackorder","10":"taxable","11":"shipping-taxable","12":"purchasable","13":"product-type-simple"},"yoast_head":"<!-- This site is optimized with the Yoast SEO plugin v27.6 - https:\/\/yoast.com\/product\/yoast-seo-wordpress\/ -->\n<title>C\u00fater Olfa 9mm 30\u00ba - TMS SL<\/title>\n<meta name=\"robots\" content=\"index, follow, max-snippet:-1, max-image-preview:large, max-video-preview:-1\" \/>\n<link rel=\"canonical\" href=\"https:\/\/tmssl.com\/en\/product\/cuter-olfa-9mm-30o\/\" \/>\n<meta property=\"og:locale\" content=\"en_GB\" \/>\n<meta property=\"og:type\" content=\"article\" \/>\n<meta property=\"og:title\" content=\"C\u00fater Olfa 9mm 30\u00ba - TMS SL\" \/>\n<meta property=\"og:description\" content=\"C\u00fater ultrafino con cuchilla especial de 30\u00ba.\" \/>\n<meta property=\"og:url\" content=\"https:\/\/tmssl.com\/en\/product\/cuter-olfa-9mm-30o\/\" \/>\n<meta property=\"og:site_name\" content=\"TMS SL\" \/>\n<meta property=\"article:modified_time\" content=\"2023-05-05T07:46:30+00:00\" \/>\n<meta property=\"og:image\" content=\"https:\/\/i0.wp.com\/tmssl.com\/wp-content\/uploads\/2023\/02\/CUTTER-7_Mesa-de-trabajo-1.jpg?fit=886%2C886&ssl=1\" \/>\n\t<meta property=\"og:image:width\" content=\"886\" \/>\n\t<meta property=\"og:image:height\" content=\"886\" \/>\n\t<meta property=\"og:image:type\" content=\"image\/jpeg\" \/>\n<meta name=\"twitter:card\" content=\"summary_large_image\" \/>\n<script type=\"application\/ld+json\" class=\"yoast-schema-graph\">{\"@context\":\"https:\\\/\\\/schema.org\",\"@graph\":[{\"@type\":\"WebPage\",\"@id\":\"https:\\\/\\\/tmssl.com\\\/producto\\\/cuter-olfa-9mm-30o\\\/\",\"url\":\"https:\\\/\\\/tmssl.com\\\/producto\\\/cuter-olfa-9mm-30o\\\/\",\"name\":\"C\u00fater Olfa 9mm 30\u00ba - TMS SL\",\"isPartOf\":{\"@id\":\"https:\\\/\\\/tmssl.com\\\/en\\\/#website\"},\"datePublished\":\"2023-02-17T12:10:04+00:00\",\"dateModified\":\"2023-05-05T07:46:30+00:00\",\"breadcrumb\":{\"@id\":\"https:\\\/\\\/tmssl.com\\\/producto\\\/cuter-olfa-9mm-30o\\\/#breadcrumb\"},\"inLanguage\":\"en-GB\",\"potentialAction\":[{\"@type\":\"ReadAction\",\"target\":[\"https:\\\/\\\/tmssl.com\\\/producto\\\/cuter-olfa-9mm-30o\\\/\"]}]},{\"@type\":\"BreadcrumbList\",\"@id\":\"https:\\\/\\\/tmssl.com\\\/producto\\\/cuter-olfa-9mm-30o\\\/#breadcrumb\",\"itemListElement\":[{\"@type\":\"ListItem\",\"position\":1,\"name\":\"Portada\",\"item\":\"https:\\\/\\\/tmssl.com\\\/\"},{\"@type\":\"ListItem\",\"position\":2,\"name\":\"Shop\",\"item\":\"https:\\\/\\\/tmssl.com\\\/shop\\\/\"},{\"@type\":\"ListItem\",\"position\":3,\"name\":\"C\u00fater Olfa 9mm 30\u00ba\"}]},{\"@type\":\"WebSite\",\"@id\":\"https:\\\/\\\/tmssl.com\\\/en\\\/#website\",\"url\":\"https:\\\/\\\/tmssl.com\\\/en\\\/\",\"name\":\"www.tmssl.com\",\"description\":\"Venta de vinilo textil, y consumibles para la personalizacion.\",\"publisher\":{\"@id\":\"https:\\\/\\\/tmssl.com\\\/en\\\/#organization\"},\"potentialAction\":[{\"@type\":\"SearchAction\",\"target\":{\"@type\":\"EntryPoint\",\"urlTemplate\":\"https:\\\/\\\/tmssl.com\\\/en\\\/?s={search_term_string}\"},\"query-input\":{\"@type\":\"PropertyValueSpecification\",\"valueRequired\":true,\"valueName\":\"search_term_string\"}}],\"inLanguage\":\"en-GB\"},{\"@type\":\"Organization\",\"@id\":\"https:\\\/\\\/tmssl.com\\\/en\\\/#organization\",\"name\":\"www.tmssl.com\",\"url\":\"https:\\\/\\\/tmssl.com\\\/en\\\/\",\"logo\":{\"@type\":\"ImageObject\",\"inLanguage\":\"en-GB\",\"@id\":\"https:\\\/\\\/tmssl.com\\\/en\\\/#\\\/schema\\\/logo\\\/image\\\/\",\"url\":\"https:\\\/\\\/tmssl.com\\\/wp-content\\\/uploads\\\/2023\\\/07\\\/LOGO-TMS-ALTA-01.jpg\",\"contentUrl\":\"https:\\\/\\\/tmssl.com\\\/wp-content\\\/uploads\\\/2023\\\/07\\\/LOGO-TMS-ALTA-01.jpg\",\"width\":598,\"height\":597,\"caption\":\"www.tmssl.com\"},\"image\":{\"@id\":\"https:\\\/\\\/tmssl.com\\\/en\\\/#\\\/schema\\\/logo\\\/image\\\/\"},\"sameAs\":[\"https:\\\/\\\/www.instagram.com\\\/vinilotextil.tmssl\\\/\"]}]}<\/script>\n<!-- \/ Yoast SEO plugin. -->","yoast_head_json":{"title":"C\u00fater Olfa 9mm 30\u00ba - TMS SL","robots":{"index":"index","follow":"follow","max-snippet":"max-snippet:-1","max-image-preview":"max-image-preview:large","max-video-preview":"max-video-preview:-1"},"canonical":"https:\/\/tmssl.com\/en\/product\/cuter-olfa-9mm-30o\/","og_locale":"en_GB","og_type":"article","og_title":"C\u00fater Olfa 9mm 30\u00ba - TMS SL","og_description":"C\u00fater ultrafino con cuchilla especial de 30\u00ba.","og_url":"https:\/\/tmssl.com\/en\/product\/cuter-olfa-9mm-30o\/","og_site_name":"TMS SL","article_modified_time":"2023-05-05T07:46:30+00:00","og_image":[{"width":886,"height":886,"url":"https:\/\/i0.wp.com\/tmssl.com\/wp-content\/uploads\/2023\/02\/CUTTER-7_Mesa-de-trabajo-1.jpg?fit=886%2C886&ssl=1","type":"image\/jpeg"}],"twitter_card":"summary_large_image","schema":{"@context":"https:\/\/schema.org","@graph":[{"@type":"WebPage","@id":"https:\/\/tmssl.com\/producto\/cuter-olfa-9mm-30o\/","url":"https:\/\/tmssl.com\/producto\/cuter-olfa-9mm-30o\/","name":"C\u00fater Olfa 9mm 30\u00ba - TMS SL","isPartOf":{"@id":"https:\/\/tmssl.com\/en\/#website"},"datePublished":"2023-02-17T12:10:04+00:00","dateModified":"2023-05-05T07:46:30+00:00","breadcrumb":{"@id":"https:\/\/tmssl.com\/producto\/cuter-olfa-9mm-30o\/#breadcrumb"},"inLanguage":"en-GB","potentialAction":[{"@type":"ReadAction","target":["https:\/\/tmssl.com\/producto\/cuter-olfa-9mm-30o\/"]}]},{"@type":"BreadcrumbList","@id":"https:\/\/tmssl.com\/producto\/cuter-olfa-9mm-30o\/#breadcrumb","itemListElement":[{"@type":"ListItem","position":1,"name":"Portada","item":"https:\/\/tmssl.com\/"},{"@type":"ListItem","position":2,"name":"Shop","item":"https:\/\/tmssl.com\/shop\/"},{"@type":"ListItem","position":3,"name":"C\u00fater Olfa 9mm 30\u00ba"}]},{"@type":"WebSite","@id":"https:\/\/tmssl.com\/en\/#website","url":"https:\/\/tmssl.com\/en\/","name":"www.tmssl.com","description":"Venta de vinilo textil, y consumibles para la personalizacion.","publisher":{"@id":"https:\/\/tmssl.com\/en\/#organization"},"potentialAction":[{"@type":"SearchAction","target":{"@type":"EntryPoint","urlTemplate":"https:\/\/tmssl.com\/en\/?s={search_term_string}"},"query-input":{"@type":"PropertyValueSpecification","valueRequired":true,"valueName":"search_term_string"}}],"inLanguage":"en-GB"},{"@type":"Organization","@id":"https:\/\/tmssl.com\/en\/#organization","name":"www.tmssl.com","url":"https:\/\/tmssl.com\/en\/","logo":{"@type":"ImageObject","inLanguage":"en-GB","@id":"https:\/\/tmssl.com\/en\/#\/schema\/logo\/image\/","url":"https:\/\/tmssl.com\/wp-content\/uploads\/2023\/07\/LOGO-TMS-ALTA-01.jpg","contentUrl":"https:\/\/tmssl.com\/wp-content\/uploads\/2023\/07\/LOGO-TMS-ALTA-01.jpg","width":598,"height":597,"caption":"www.tmssl.com"},"image":{"@id":"https:\/\/tmssl.com\/en\/#\/schema\/logo\/image\/"},"sameAs":["https:\/\/www.instagram.com\/vinilotextil.tmssl\/"]}]}},"jetpack_publicize_connections":[],"jetpack_likes_enabled":true,"jetpack-related-posts":[{"id":4829,"url":"https:\/\/tmssl.com\/en\/product\/cuter-nt-9mm-58o\/","url_meta":{"origin":4830,"position":0},"title":"C\u00fater NT 9mm 58\u00ba","author":"Info","date":"17 de February de 2023","format":false,"excerpt":"C\u00fater de acero inoxidable con autobloqueo.","rel":"","context":"Similar post","block_context":{"text":"Similar post","link":""},"img":{"alt_text":"","src":"","width":0,"height":0},"classes":[]},{"id":4828,"url":"https:\/\/tmssl.com\/en\/product\/cuter-cuchilla-giratoria\/","url_meta":{"origin":4830,"position":1},"title":"C\u00fater cuchilla giratoria","author":"Info","date":"17 de February de 2023","format":false,"excerpt":"C\u00fater con cuchilla giratoria pensado para trabajar con cambios r\u00e1pidos de direcci\u00f3n y en zonas de dif\u00edcil acceso (esquinas, tri\u00e1ngulos...). Agarre de goma para un f\u00e1cil control. Corta como un plotter y le permitir\u00e1 cortar cualquier dise\u00f1o, no importa la forma.","rel":"","context":"Similar post","block_context":{"text":"Similar post","link":""},"img":{"alt_text":"","src":"","width":0,"height":0},"classes":[]},{"id":4812,"url":"https:\/\/tmssl.com\/en\/product\/cuter-corte-recto-biselado\/","url_meta":{"origin":4830,"position":2},"title":"C\u00fater corte recto\/biselado","author":"Info","date":"17 de February de 2023","format":false,"excerpt":"Simplemente con un giro se transformar\u00e1 de un c\u00fater de corte recto a uno de corte a bisel. Profundidad de la cuchilla ajustable con mango ergon\u00f3mico.","rel":"","context":"Similar post","block_context":{"text":"Similar post","link":""},"img":{"alt_text":"","src":"","width":0,"height":0},"classes":[]},{"id":4815,"url":"https:\/\/tmssl.com\/en\/product\/cuter-cortes-rectos\/","url_meta":{"origin":4830,"position":3},"title":"C\u00fater cortes rectos","author":"Info","date":"17 de February de 2023","format":false,"excerpt":"Corte perfecto de bordes rectos en cualquier profundidad entre 30 y 130 mm. Compartimiento que incluye 5 hojas recambio.","rel":"","context":"Similar post","block_context":{"text":"Similar post","link":""},"img":{"alt_text":"","src":"","width":0,"height":0},"classes":[]},{"id":4816,"url":"https:\/\/tmssl.com\/en\/product\/cuter-corte-circular\/","url_meta":{"origin":4830,"position":4},"title":"C\u00fater corte circular","author":"Info","date":"17 de February de 2023","format":false,"excerpt":"Corta c\u00edrculos perfectos entre 25 a 150 mm de di\u00e1metro. El indicador de profundidad del centro muestra la progresi\u00f3n de la cuchilla. Punto de centrado y caparaz\u00f3n acr\u00edlico transparente de seguridad.","rel":"","context":"Similar post","block_context":{"text":"Similar post","link":""},"img":{"alt_text":"","src":"","width":0,"height":0},"classes":[]},{"id":4831,"url":"https:\/\/tmssl.com\/en\/product\/snitty-safety-knife\/","url_meta":{"origin":4830,"position":5},"title":"Snitty safety knife","author":"Info","date":"17 de February de 2023","format":false,"excerpt":"Nuestro cortador de lona dispone de una hoja de doble filo que se bloquea dentro del c\u00fater. La integraci\u00f3n de la cuchilla permite realizar cortes limpios, reduce la formaci\u00f3n de arrugas con papel.","rel":"","context":"Similar post","block_context":{"text":"Similar post","link":""},"img":{"alt_text":"","src":"","width":0,"height":0},"classes":[]}],"jetpack_sharing_enabled":true,"tiered_pricing_type":"fixed","tiered_pricing_fixed_rules":[],"tiered_pricing_product_settings":{"layout":"default","base_unit_name":{"singular":null,"plural":null},"default_variation":null},"tiered_pricing_minimum_quantity":null,"tiered_pricing_roles_data":[],"tiered_pricing_percentage_rules":[],"_links":{"self":[{"href":"https:\/\/tmssl.com\/en\/wp-json\/wp\/v2\/product\/4830","targetHints":{"allow":["GET"]}}],"collection":[{"href":"https:\/\/tmssl.com\/en\/wp-json\/wp\/v2\/product"}],"about":[{"href":"https:\/\/tmssl.com\/en\/wp-json\/wp\/v2\/types\/product"}],"replies":[{"embeddable":true,"href":"https:\/\/tmssl.com\/en\/wp-json\/wp\/v2\/comments?post=4830"}],"version-history":[{"count":0,"href":"https:\/\/tmssl.com\/en\/wp-json\/wp\/v2\/product\/4830\/revisions"}],"wp:attachment":[{"href":"https:\/\/tmssl.com\/en\/wp-json\/wp\/v2\/media?parent=4830"}],"wp:term":[{"taxonomy":"product_brand","embeddable":true,"href":"https:\/\/tmssl.com\/en\/wp-json\/wp\/v2\/product_brand?post=4830"},{"taxonomy":"product_cat","embeddable":true,"href":"https:\/\/tmssl.com\/en\/wp-json\/wp\/v2\/product_cat?post=4830"},{"taxonomy":"product_tag","embeddable":true,"href":"https:\/\/tmssl.com\/en\/wp-json\/wp\/v2\/product_tag?post=4830"}],"curies":[{"name":"wp","href":"https:\/\/api.w.org\/{rel}","templated":true}]}}