{"id":5742,"date":"2023-09-25T20:50:39","date_gmt":"2023-09-25T18:50:39","guid":{"rendered":"https:\/\/tmssl.com\/?post_type=product&#038;p=5742"},"modified":"2024-11-18T18:02:23","modified_gmt":"2024-11-18T17:02:23","slug":"plancha-electromagnetica-40x50","status":"publish","type":"product","link":"https:\/\/tmssl.com\/en\/product\/plancha-electromagnetica-40x50\/","title":{"rendered":"PLANCHA ELECTROMAGNETICA 40X50"},"content":{"rendered":"<h2>C\u00f3mo funciona Plancha Sumach 4050<\/h2>\n<p>La\u00a0<strong>plancha t\u00e9rmica\u00a0<\/strong><b>sublimaci\u00f3n<\/b>\u00a0Sumach 4050 destaca por su facilidad de uso y seguridad en el proceso de personalizaci\u00f3n de camisetas. Su apertura en forma de s\u00e1ndwich y el plato inferior m\u00f3vil permiten trabajar con la\u00a0<strong>plancha transfer camisetas<\/strong>\u00a0de forma segura, evitando posibles quemaduras o accidentes permitiendo una colocaci\u00f3n de las prendas y los dise\u00f1os r\u00e1pida y f\u00e1cil.<\/p>\n<p>El panel t\u00e1ctil de la\u00a0<strong>plancha de calor para sublimar<\/strong>\u00a0permite el control de la temperatura y el tiempo, incluyendo un contador de planchadas autom\u00e1tico. El fuerte brazo de metal ejerce de forma homog\u00e9nea la presi\u00f3n sobre el objeto a estampar, cumpliendo con los est\u00e1ndares de calidad y seguridad indicados en el Certificado CE.<\/p>\n<p><strong>La plancha t\u00e9rmica para camisetas Sumach 4050\u00a0<\/strong>es ideal para iniciarse en la personalizaci\u00f3n de productos mediante\u00a0<strong>sublimaci\u00f3n<\/strong>,\u00a0<strong>DTF<\/strong>,\u00a0<strong>vinilo<\/strong>,\u00a0<strong>DTG<\/strong>\u00a0o<strong>\u00a0transfer<\/strong>.<\/p>\n<h2>Caracter\u00edsticas t\u00e9cnicas<\/h2>\n<ul>\n<li>\u00c1rea de estampaci\u00f3n: 40 x 50 cm<\/li>\n<li>Apertura autom\u00e1tica: por electroim\u00e1n<\/li>\n<li>\u00c1ngulo m\u00e1ximo de apertura: 30\u00ba<\/li>\n<li>Pantalla t\u00e1ctil: control de temperatura y temporizador<\/li>\n<li>Temporizador: de 0 a 999 segundos<\/li>\n<li>Temperatura: de 0\u00ba a 300\u00ba<\/li>\n<li>Precisi\u00f3n de la temperatura: \u00b1 0.5 %<\/li>\n<li>Potencia: 2200 W<\/li>\n<li>Alimentaci\u00f3n el\u00e9ctrica: 230 v \/ 50 Hz<\/li>\n<li>Ajuste de presi\u00f3n: manual<\/li>\n<\/ul>\n<p>&nbsp;<\/p>\n<div id=\"row-1748781308\" class=\"row\">\n<div id=\"col-216391394\" class=\"col medium-1\/2 large-6\">\n<div class=\"col-inner\"><\/div>\n<\/div>\n<\/div>","protected":false},"excerpt":{"rendered":"<p style=\"text-align: center;\">Descubre la\u00a0<strong>plancha t\u00e9rmica para camisetas Sumach 4050<\/strong>\u00a0(40\u00d750), es ideal para iniciarse en la personalizaci\u00f3n de productos mediante\u00a0<strong>sublimaci\u00f3n<\/strong>,\u00a0<strong>DTF<\/strong>,\u00a0<strong>vinilo<\/strong>,\u00a0<strong>DTG<\/strong>\u00a0o<strong>\u00a0transfer<\/strong>. Con su apertura en forma de s\u00e1ndwich, plato inferior extra\u00edble y panel t\u00e1ctil, esta\u00a0<strong>prensa t\u00e9rmica sublimacion<\/strong>\u00a0ofrece facilidad de uso y seguridad a un precio competitivo.<\/p>","protected":false},"featured_media":8861,"comment_status":"open","ping_status":"closed","template":"","meta":{"_crdt_document":"","jetpack_publicize_message":"","jetpack_publicize_feature_enabled":true,"jetpack_social_post_already_shared":true,"jetpack_social_options":{"image_generator_settings":{"template":"highway","default_image_id":0,"font":"","enabled":false},"version":2},"_wpas_customize_per_network":false},"product_brand":[],"product_cat":[122657,122654,122651],"product_tag":[],"class_list":{"0":"post-5742","1":"product","2":"type-product","3":"status-publish","4":"has-post-thumbnail","6":"product_cat-planchas-electromagneticas","7":"product_cat-planchas-tag","8":"product_cat-planchas-textiles","10":"first","11":"outofstock","12":"sale","13":"taxable","14":"shipping-taxable","15":"purchasable","16":"product-type-simple"},"yoast_head":"<!-- This site is optimized with the Yoast SEO plugin v27.6 - https:\/\/yoast.com\/product\/yoast-seo-wordpress\/ -->\n<title>PLANCHA ELECTROMAGNETICA 40X50 - TMS SL<\/title>\n<meta name=\"robots\" content=\"index, follow, max-snippet:-1, max-image-preview:large, max-video-preview:-1\" \/>\n<link rel=\"canonical\" href=\"https:\/\/tmssl.com\/en\/product\/plancha-electromagnetica-40x50\/\" \/>\n<meta property=\"og:locale\" content=\"en_GB\" \/>\n<meta property=\"og:type\" content=\"article\" \/>\n<meta property=\"og:title\" content=\"PLANCHA ELECTROMAGNETICA 40X50 - TMS SL\" \/>\n<meta property=\"og:description\" content=\"Descubre la\u00a0plancha t\u00e9rmica para camisetas Sumach 4050\u00a0(40\u00d750), es ideal para iniciarse en la personalizaci\u00f3n de productos mediante\u00a0sublimaci\u00f3n,\u00a0DTF,\u00a0vinilo,\u00a0DTG\u00a0o\u00a0transfer. Con su apertura en forma de s\u00e1ndwich, plato inferior extra\u00edble y panel t\u00e1ctil, esta\u00a0prensa t\u00e9rmica sublimacion\u00a0ofrece facilidad de uso y seguridad a un precio competitivo.\" \/>\n<meta property=\"og:url\" content=\"https:\/\/tmssl.com\/en\/product\/plancha-electromagnetica-40x50\/\" \/>\n<meta property=\"og:site_name\" content=\"TMS SL\" \/>\n<meta property=\"article:modified_time\" content=\"2024-11-18T17:02:23+00:00\" \/>\n<meta property=\"og:image\" content=\"https:\/\/tmssl.com\/wp-content\/uploads\/2023\/09\/Sumach-4050-4.jpg\" \/>\n\t<meta property=\"og:image:width\" content=\"1024\" \/>\n\t<meta property=\"og:image:height\" content=\"1024\" \/>\n\t<meta property=\"og:image:type\" content=\"image\/jpeg\" \/>\n<meta name=\"twitter:card\" content=\"summary_large_image\" \/>\n<meta name=\"twitter:label1\" content=\"Estimated reading time\" \/>\n\t<meta name=\"twitter:data1\" content=\"2 minutes\" \/>\n<script type=\"application\/ld+json\" class=\"yoast-schema-graph\">{\"@context\":\"https:\\\/\\\/schema.org\",\"@graph\":[{\"@type\":\"WebPage\",\"@id\":\"https:\\\/\\\/tmssl.com\\\/producto\\\/plancha-electromagnetica-40x50\\\/\",\"url\":\"https:\\\/\\\/tmssl.com\\\/producto\\\/plancha-electromagnetica-40x50\\\/\",\"name\":\"PLANCHA ELECTROMAGNETICA 40X50 - TMS SL\",\"isPartOf\":{\"@id\":\"https:\\\/\\\/tmssl.com\\\/en\\\/#website\"},\"primaryImageOfPage\":{\"@id\":\"https:\\\/\\\/tmssl.com\\\/producto\\\/plancha-electromagnetica-40x50\\\/#primaryimage\"},\"image\":{\"@id\":\"https:\\\/\\\/tmssl.com\\\/producto\\\/plancha-electromagnetica-40x50\\\/#primaryimage\"},\"thumbnailUrl\":\"https:\\\/\\\/i0.wp.com\\\/tmssl.com\\\/wp-content\\\/uploads\\\/2023\\\/09\\\/Sumach-4050-4.jpg?fit=1024%2C1024&ssl=1\",\"datePublished\":\"2023-09-25T18:50:39+00:00\",\"dateModified\":\"2024-11-18T17:02:23+00:00\",\"breadcrumb\":{\"@id\":\"https:\\\/\\\/tmssl.com\\\/producto\\\/plancha-electromagnetica-40x50\\\/#breadcrumb\"},\"inLanguage\":\"en-GB\",\"potentialAction\":[{\"@type\":\"ReadAction\",\"target\":[\"https:\\\/\\\/tmssl.com\\\/producto\\\/plancha-electromagnetica-40x50\\\/\"]}]},{\"@type\":\"ImageObject\",\"inLanguage\":\"en-GB\",\"@id\":\"https:\\\/\\\/tmssl.com\\\/producto\\\/plancha-electromagnetica-40x50\\\/#primaryimage\",\"url\":\"https:\\\/\\\/i0.wp.com\\\/tmssl.com\\\/wp-content\\\/uploads\\\/2023\\\/09\\\/Sumach-4050-4.jpg?fit=1024%2C1024&ssl=1\",\"contentUrl\":\"https:\\\/\\\/i0.wp.com\\\/tmssl.com\\\/wp-content\\\/uploads\\\/2023\\\/09\\\/Sumach-4050-4.jpg?fit=1024%2C1024&ssl=1\",\"width\":1024,\"height\":1024},{\"@type\":\"BreadcrumbList\",\"@id\":\"https:\\\/\\\/tmssl.com\\\/producto\\\/plancha-electromagnetica-40x50\\\/#breadcrumb\",\"itemListElement\":[{\"@type\":\"ListItem\",\"position\":1,\"name\":\"Portada\",\"item\":\"https:\\\/\\\/tmssl.com\\\/\"},{\"@type\":\"ListItem\",\"position\":2,\"name\":\"Shop\",\"item\":\"https:\\\/\\\/tmssl.com\\\/shop\\\/\"},{\"@type\":\"ListItem\",\"position\":3,\"name\":\"PLANCHA ELECTROMAGNETICA 40X50\"}]},{\"@type\":\"WebSite\",\"@id\":\"https:\\\/\\\/tmssl.com\\\/en\\\/#website\",\"url\":\"https:\\\/\\\/tmssl.com\\\/en\\\/\",\"name\":\"www.tmssl.com\",\"description\":\"Venta de vinilo textil, y consumibles para la personalizacion.\",\"publisher\":{\"@id\":\"https:\\\/\\\/tmssl.com\\\/en\\\/#organization\"},\"potentialAction\":[{\"@type\":\"SearchAction\",\"target\":{\"@type\":\"EntryPoint\",\"urlTemplate\":\"https:\\\/\\\/tmssl.com\\\/en\\\/?s={search_term_string}\"},\"query-input\":{\"@type\":\"PropertyValueSpecification\",\"valueRequired\":true,\"valueName\":\"search_term_string\"}}],\"inLanguage\":\"en-GB\"},{\"@type\":\"Organization\",\"@id\":\"https:\\\/\\\/tmssl.com\\\/en\\\/#organization\",\"name\":\"www.tmssl.com\",\"url\":\"https:\\\/\\\/tmssl.com\\\/en\\\/\",\"logo\":{\"@type\":\"ImageObject\",\"inLanguage\":\"en-GB\",\"@id\":\"https:\\\/\\\/tmssl.com\\\/en\\\/#\\\/schema\\\/logo\\\/image\\\/\",\"url\":\"https:\\\/\\\/tmssl.com\\\/wp-content\\\/uploads\\\/2023\\\/07\\\/LOGO-TMS-ALTA-01.jpg\",\"contentUrl\":\"https:\\\/\\\/tmssl.com\\\/wp-content\\\/uploads\\\/2023\\\/07\\\/LOGO-TMS-ALTA-01.jpg\",\"width\":598,\"height\":597,\"caption\":\"www.tmssl.com\"},\"image\":{\"@id\":\"https:\\\/\\\/tmssl.com\\\/en\\\/#\\\/schema\\\/logo\\\/image\\\/\"},\"sameAs\":[\"https:\\\/\\\/www.instagram.com\\\/vinilotextil.tmssl\\\/\"]}]}<\/script>\n<!-- \/ Yoast SEO plugin. -->","yoast_head_json":{"title":"PLANCHA ELECTROMAGNETICA 40X50 - TMS SL","robots":{"index":"index","follow":"follow","max-snippet":"max-snippet:-1","max-image-preview":"max-image-preview:large","max-video-preview":"max-video-preview:-1"},"canonical":"https:\/\/tmssl.com\/en\/product\/plancha-electromagnetica-40x50\/","og_locale":"en_GB","og_type":"article","og_title":"PLANCHA ELECTROMAGNETICA 40X50 - TMS SL","og_description":"Descubre la\u00a0plancha t\u00e9rmica para camisetas Sumach 4050\u00a0(40\u00d750), es ideal para iniciarse en la personalizaci\u00f3n de productos mediante\u00a0sublimaci\u00f3n,\u00a0DTF,\u00a0vinilo,\u00a0DTG\u00a0o\u00a0transfer. Con su apertura en forma de s\u00e1ndwich, plato inferior extra\u00edble y panel t\u00e1ctil, esta\u00a0prensa t\u00e9rmica sublimacion\u00a0ofrece facilidad de uso y seguridad a un precio competitivo.","og_url":"https:\/\/tmssl.com\/en\/product\/plancha-electromagnetica-40x50\/","og_site_name":"TMS SL","article_modified_time":"2024-11-18T17:02:23+00:00","og_image":[{"width":1024,"height":1024,"url":"https:\/\/tmssl.com\/wp-content\/uploads\/2023\/09\/Sumach-4050-4.jpg","type":"image\/jpeg"}],"twitter_card":"summary_large_image","twitter_misc":{"Estimated reading time":"2 minutes"},"schema":{"@context":"https:\/\/schema.org","@graph":[{"@type":"WebPage","@id":"https:\/\/tmssl.com\/producto\/plancha-electromagnetica-40x50\/","url":"https:\/\/tmssl.com\/producto\/plancha-electromagnetica-40x50\/","name":"PLANCHA ELECTROMAGNETICA 40X50 - TMS SL","isPartOf":{"@id":"https:\/\/tmssl.com\/en\/#website"},"primaryImageOfPage":{"@id":"https:\/\/tmssl.com\/producto\/plancha-electromagnetica-40x50\/#primaryimage"},"image":{"@id":"https:\/\/tmssl.com\/producto\/plancha-electromagnetica-40x50\/#primaryimage"},"thumbnailUrl":"https:\/\/i0.wp.com\/tmssl.com\/wp-content\/uploads\/2023\/09\/Sumach-4050-4.jpg?fit=1024%2C1024&ssl=1","datePublished":"2023-09-25T18:50:39+00:00","dateModified":"2024-11-18T17:02:23+00:00","breadcrumb":{"@id":"https:\/\/tmssl.com\/producto\/plancha-electromagnetica-40x50\/#breadcrumb"},"inLanguage":"en-GB","potentialAction":[{"@type":"ReadAction","target":["https:\/\/tmssl.com\/producto\/plancha-electromagnetica-40x50\/"]}]},{"@type":"ImageObject","inLanguage":"en-GB","@id":"https:\/\/tmssl.com\/producto\/plancha-electromagnetica-40x50\/#primaryimage","url":"https:\/\/i0.wp.com\/tmssl.com\/wp-content\/uploads\/2023\/09\/Sumach-4050-4.jpg?fit=1024%2C1024&ssl=1","contentUrl":"https:\/\/i0.wp.com\/tmssl.com\/wp-content\/uploads\/2023\/09\/Sumach-4050-4.jpg?fit=1024%2C1024&ssl=1","width":1024,"height":1024},{"@type":"BreadcrumbList","@id":"https:\/\/tmssl.com\/producto\/plancha-electromagnetica-40x50\/#breadcrumb","itemListElement":[{"@type":"ListItem","position":1,"name":"Portada","item":"https:\/\/tmssl.com\/"},{"@type":"ListItem","position":2,"name":"Shop","item":"https:\/\/tmssl.com\/shop\/"},{"@type":"ListItem","position":3,"name":"PLANCHA ELECTROMAGNETICA 40X50"}]},{"@type":"WebSite","@id":"https:\/\/tmssl.com\/en\/#website","url":"https:\/\/tmssl.com\/en\/","name":"www.tmssl.com","description":"Venta de vinilo textil, y consumibles para la personalizacion.","publisher":{"@id":"https:\/\/tmssl.com\/en\/#organization"},"potentialAction":[{"@type":"SearchAction","target":{"@type":"EntryPoint","urlTemplate":"https:\/\/tmssl.com\/en\/?s={search_term_string}"},"query-input":{"@type":"PropertyValueSpecification","valueRequired":true,"valueName":"search_term_string"}}],"inLanguage":"en-GB"},{"@type":"Organization","@id":"https:\/\/tmssl.com\/en\/#organization","name":"www.tmssl.com","url":"https:\/\/tmssl.com\/en\/","logo":{"@type":"ImageObject","inLanguage":"en-GB","@id":"https:\/\/tmssl.com\/en\/#\/schema\/logo\/image\/","url":"https:\/\/tmssl.com\/wp-content\/uploads\/2023\/07\/LOGO-TMS-ALTA-01.jpg","contentUrl":"https:\/\/tmssl.com\/wp-content\/uploads\/2023\/07\/LOGO-TMS-ALTA-01.jpg","width":598,"height":597,"caption":"www.tmssl.com"},"image":{"@id":"https:\/\/tmssl.com\/en\/#\/schema\/logo\/image\/"},"sameAs":["https:\/\/www.instagram.com\/vinilotextil.tmssl\/"]}]}},"jetpack_publicize_connections":[],"jetpack_likes_enabled":true,"jetpack-related-posts":[{"id":9803,"url":"https:\/\/tmssl.com\/en\/product\/sumach-gorras\/","url_meta":{"origin":5742,"position":0},"title":"PLANCHA TEXTIL SUMACH ESPECIAL GORRAS","author":"Info","date":"18 de November de 2024","format":false,"excerpt":"Plancha t\u00e9rmica para gorras profesional Sumach Plancha t\u00e9rmica profesional electromagn\u00e9tica tipo s\u00e1ndwich para la estampaci\u00f3n de r\u00edgidos y textiles. Este equipo profesional ideal para personalizar prendas y otros productos mediante transferencia t\u00e9rmica, ya sea sublimaci\u00f3n, DTF, vinilo, DTG o transfer. La plancha t\u00e9rmica profesional electromagn\u00e9tica posee las siguientes caracter\u00edsticas: 5\u2026","rel":"","context":"Similar post","block_context":{"text":"Similar post","link":""},"img":{"alt_text":"","src":"https:\/\/i0.wp.com\/tmssl.com\/wp-content\/uploads\/2024\/11\/sumach-profesional-para-gorras-1000x1000-1.jpg?fit=1000%2C1000&ssl=1&resize=350%2C200","width":350,"height":200,"srcset":"https:\/\/i0.wp.com\/tmssl.com\/wp-content\/uploads\/2024\/11\/sumach-profesional-para-gorras-1000x1000-1.jpg?fit=1000%2C1000&ssl=1&resize=350%2C200 1x, https:\/\/i0.wp.com\/tmssl.com\/wp-content\/uploads\/2024\/11\/sumach-profesional-para-gorras-1000x1000-1.jpg?fit=1000%2C1000&ssl=1&resize=525%2C300 1.5x, https:\/\/i0.wp.com\/tmssl.com\/wp-content\/uploads\/2024\/11\/sumach-profesional-para-gorras-1000x1000-1.jpg?fit=1000%2C1000&ssl=1&resize=700%2C400 2x"},"classes":[]},{"id":9813,"url":"https:\/\/tmssl.com\/en\/product\/sumach-premium-1515\/","url_meta":{"origin":5742,"position":1},"title":"PLANCHA TEXTIL SUMACH PLATO 15X15","author":"Info","date":"18 de November de 2024","format":false,"excerpt":"Plancha t\u00e9rmica Sumach 1515 Premium Plancha t\u00e9rmica profesional electromagn\u00e9tica tipo s\u00e1ndwich para la estampaci\u00f3n de r\u00edgidos y textiles. Este equipo profesional ideal para personalizar prendas y otros productos mediante transferencia t\u00e9rmica, ya sea sublimaci\u00f3n, DTF, vinilo, DTG o transfer. La plancha t\u00e9rmica profesional electromagn\u00e9tica posee las siguientes carater\u00edsticas: Plato de\u2026","rel":"","context":"Similar post","block_context":{"text":"Similar post","link":""},"img":{"alt_text":"","src":"https:\/\/i0.wp.com\/tmssl.com\/wp-content\/uploads\/2024\/11\/1515-3.jpg?fit=1024%2C1024&ssl=1&resize=350%2C200","width":350,"height":200,"srcset":"https:\/\/i0.wp.com\/tmssl.com\/wp-content\/uploads\/2024\/11\/1515-3.jpg?fit=1024%2C1024&ssl=1&resize=350%2C200 1x, https:\/\/i0.wp.com\/tmssl.com\/wp-content\/uploads\/2024\/11\/1515-3.jpg?fit=1024%2C1024&ssl=1&resize=525%2C300 1.5x, https:\/\/i0.wp.com\/tmssl.com\/wp-content\/uploads\/2024\/11\/1515-3.jpg?fit=1024%2C1024&ssl=1&resize=700%2C400 2x"},"classes":[]},{"id":8866,"url":"https:\/\/tmssl.com\/en\/product\/plancha-electromagnetica-40x50-premium\/","url_meta":{"origin":5742,"position":2},"title":"PLANCHA ELECTROMAGNETICA 40X50 PREMIUM","author":"Info","date":"21 de October de 2024","format":false,"excerpt":"Plancha t\u00e9rmica profesional para camisetas Sumach 4050 Premium La Sumach 4050 Premium es una\u00a0plancha t\u00e9rmica profesional\u00a0de alta calidad, dise\u00f1ada para ofrecer un rendimiento excepcional en la personalizaci\u00f3n de productos mediante transferencia t\u00e9rmica. Comparaci\u00f3n con la Sumach 4050 Est\u00e1ndar A diferencia de la versi\u00f3n est\u00e1ndar 4050, la 4050 Premium cuenta con\u2026","rel":"","context":"Similar post","block_context":{"text":"Similar post","link":""},"img":{"alt_text":"","src":"https:\/\/i0.wp.com\/tmssl.com\/wp-content\/uploads\/2024\/10\/4050-premium.jpg?fit=1024%2C1024&ssl=1&resize=350%2C200","width":350,"height":200,"srcset":"https:\/\/i0.wp.com\/tmssl.com\/wp-content\/uploads\/2024\/10\/4050-premium.jpg?fit=1024%2C1024&ssl=1&resize=350%2C200 1x, https:\/\/i0.wp.com\/tmssl.com\/wp-content\/uploads\/2024\/10\/4050-premium.jpg?fit=1024%2C1024&ssl=1&resize=525%2C300 1.5x, https:\/\/i0.wp.com\/tmssl.com\/wp-content\/uploads\/2024\/10\/4050-premium.jpg?fit=1024%2C1024&ssl=1&resize=700%2C400 2x"},"classes":[]},{"id":8876,"url":"https:\/\/tmssl.com\/en\/product\/neumatica-2-puesto\/","url_meta":{"origin":5742,"position":3},"title":"NEUMATICA 2 PUESTO","author":"Info","date":"21 de October de 2024","format":false,"excerpt":"La plancha neumatica de dos puestos es una soluci\u00f3n de personalizaci\u00f3n autom\u00e1tica\u00a0ideal para prendas de vestir y otros productos textiles. Con un\u00a0tama\u00f1o de 40 x 50 cm\u00a0(16\u2033 x 20\u2033), esta plancha neum\u00e1tica ofrece un amplio espacio para trabajar en diferentes proyectos, desde\u00a0sublimaci\u00f3n\u00a0hasta\u00a0DTF,\u00a0vinilo, o\u00a0transfer. Su funcionamiento autom\u00e1tico y sencillo, junto con\u2026","rel":"","context":"Similar post","block_context":{"text":"Similar post","link":""},"img":{"alt_text":"","src":"https:\/\/i0.wp.com\/tmssl.com\/wp-content\/uploads\/2024\/10\/NEUMATICA-DOS-PUESTOS.jpg?fit=1024%2C1024&ssl=1&resize=350%2C200","width":350,"height":200,"srcset":"https:\/\/i0.wp.com\/tmssl.com\/wp-content\/uploads\/2024\/10\/NEUMATICA-DOS-PUESTOS.jpg?fit=1024%2C1024&ssl=1&resize=350%2C200 1x, https:\/\/i0.wp.com\/tmssl.com\/wp-content\/uploads\/2024\/10\/NEUMATICA-DOS-PUESTOS.jpg?fit=1024%2C1024&ssl=1&resize=525%2C300 1.5x, https:\/\/i0.wp.com\/tmssl.com\/wp-content\/uploads\/2024\/10\/NEUMATICA-DOS-PUESTOS.jpg?fit=1024%2C1024&ssl=1&resize=700%2C400 2x"},"classes":[]},{"id":1116,"url":"https:\/\/tmssl.com\/en\/product\/mug-pro-duo\/","url_meta":{"origin":5742,"position":4},"title":"MUG PRO DUO","author":"Info","date":"13 de September de 2022","format":false,"excerpt":"Plancha termica de tazas Mug Pro DUO\u00a0 La plancha t\u00e9rmica para sublimaci\u00f3n de tazas personalizadas es una maquina preparada para sublimar 2 tazas de cer\u00e1mica de manera muy sencila. El ajuste del tiempo y la temperatura se regula con un temporizador incorporado en la misma m\u00e1quina. Esta es de f\u00e1cil\u2026","rel":"","context":"Similar post","block_context":{"text":"Similar post","link":""},"img":{"alt_text":"","src":"https:\/\/i0.wp.com\/tmssl.com\/wp-content\/uploads\/2022\/09\/MUG-PRO-DUO-3.jpg?fit=1000%2C662&ssl=1&resize=350%2C200","width":350,"height":200,"srcset":"https:\/\/i0.wp.com\/tmssl.com\/wp-content\/uploads\/2022\/09\/MUG-PRO-DUO-3.jpg?fit=1000%2C662&ssl=1&resize=350%2C200 1x, https:\/\/i0.wp.com\/tmssl.com\/wp-content\/uploads\/2022\/09\/MUG-PRO-DUO-3.jpg?fit=1000%2C662&ssl=1&resize=525%2C300 1.5x, https:\/\/i0.wp.com\/tmssl.com\/wp-content\/uploads\/2022\/09\/MUG-PRO-DUO-3.jpg?fit=1000%2C662&ssl=1&resize=700%2C400 2x"},"classes":[]},{"id":1095,"url":"https:\/\/tmssl.com\/en\/product\/pluto\/","url_meta":{"origin":5742,"position":5},"title":"PLUTO CAP PRESS","author":"Info","date":"12 de September de 2022","format":false,"excerpt":"Plancha t\u00e9rmica para gorras Pluto Cap PRESS La plancha t\u00e9rmica para gorras Pluto Cap GS-501 para sublimaci\u00f3n personalizados es una maquina preparada para sublimar gorras de manera muy sencilla. Su sistema distribuye la presi\u00f3n de manera uniforme en todo el producto. Se pueden adquirir accesorios intercambiables de f\u00e1cil montaje. La\u2026","rel":"","context":"Similar post","block_context":{"text":"Similar post","link":""},"img":{"alt_text":"","src":"https:\/\/i0.wp.com\/tmssl.com\/wp-content\/uploads\/2022\/09\/PLUTO.jpg?fit=754%2C1200&ssl=1&resize=350%2C200","width":350,"height":200,"srcset":"https:\/\/i0.wp.com\/tmssl.com\/wp-content\/uploads\/2022\/09\/PLUTO.jpg?fit=754%2C1200&ssl=1&resize=350%2C200 1x, https:\/\/i0.wp.com\/tmssl.com\/wp-content\/uploads\/2022\/09\/PLUTO.jpg?fit=754%2C1200&ssl=1&resize=525%2C300 1.5x, https:\/\/i0.wp.com\/tmssl.com\/wp-content\/uploads\/2022\/09\/PLUTO.jpg?fit=754%2C1200&ssl=1&resize=700%2C400 2x"},"classes":[]}],"jetpack_sharing_enabled":true,"tiered_pricing_type":"fixed","tiered_pricing_fixed_rules":[],"tiered_pricing_product_settings":{"layout":"default","base_unit_name":{"singular":null,"plural":null},"default_variation":null},"tiered_pricing_minimum_quantity":null,"tiered_pricing_roles_data":[],"tiered_pricing_percentage_rules":[],"_links":{"self":[{"href":"https:\/\/tmssl.com\/en\/wp-json\/wp\/v2\/product\/5742","targetHints":{"allow":["GET"]}}],"collection":[{"href":"https:\/\/tmssl.com\/en\/wp-json\/wp\/v2\/product"}],"about":[{"href":"https:\/\/tmssl.com\/en\/wp-json\/wp\/v2\/types\/product"}],"replies":[{"embeddable":true,"href":"https:\/\/tmssl.com\/en\/wp-json\/wp\/v2\/comments?post=5742"}],"version-history":[{"count":2,"href":"https:\/\/tmssl.com\/en\/wp-json\/wp\/v2\/product\/5742\/revisions"}],"predecessor-version":[{"id":8322,"href":"https:\/\/tmssl.com\/en\/wp-json\/wp\/v2\/product\/5742\/revisions\/8322"}],"wp:featuredmedia":[{"embeddable":true,"href":"https:\/\/tmssl.com\/en\/wp-json\/wp\/v2\/media\/8861"}],"wp:attachment":[{"href":"https:\/\/tmssl.com\/en\/wp-json\/wp\/v2\/media?parent=5742"}],"wp:term":[{"taxonomy":"product_brand","embeddable":true,"href":"https:\/\/tmssl.com\/en\/wp-json\/wp\/v2\/product_brand?post=5742"},{"taxonomy":"product_cat","embeddable":true,"href":"https:\/\/tmssl.com\/en\/wp-json\/wp\/v2\/product_cat?post=5742"},{"taxonomy":"product_tag","embeddable":true,"href":"https:\/\/tmssl.com\/en\/wp-json\/wp\/v2\/product_tag?post=5742"}],"curies":[{"name":"wp","href":"https:\/\/api.w.org\/{rel}","templated":true}]}}