{"id":7725,"date":"2024-02-27T10:28:37","date_gmt":"2024-02-27T09:28:37","guid":{"rendered":"https:\/\/tmssl.com\/?post_type=product&#038;p=7725"},"modified":"2024-04-15T17:01:42","modified_gmt":"2024-04-15T15:01:42","slug":"dtf-pet-oasis-mate-despegue-en-caliente","status":"publish","type":"product","link":"https:\/\/tmssl.com\/en\/product\/dtf-pet-oasis-mate-despegue-en-caliente\/","title":{"rendered":"DTF PET OASIS MATE DESPEGUE EN CALIENTE"},"content":{"rendered":"<p><em>El Film PET o pel\u00edcula transfer DTF(Direct Transfer Film), es el soporte donde se imprime la inyecci\u00f3n de tinta h\u00fameda para que se adhiera f\u00e1cilmente el polvo de poliamida para el posterior curado. <\/em><\/p>\n<p><em>Este film es espec\u00edfico para DTF, resistente a la temperatura aplicada por la prensa t\u00e9rmica o el horno.<\/em><\/p>\n<ul>\n<li><em>De PET transl\u00facido y grosor\u00a070\u00b5<\/em><\/li>\n<li><em>Impresi\u00f3n sobre cara mate.<\/em><\/li>\n<li><em>Film de un solo uso.<\/em><\/li>\n<li><em>Bobina de\u00a033\u00a0cm x 100 m o 60\u00a0cm x 100 m<\/em><\/li>\n<li><em>Mandril\u00a0 \u00d87,5 cm<\/em><\/li>\n<li><em>L\u00e1mina transportadora de dise\u00f1os impresos para la t\u00e9cnica DTF.<\/em><\/li>\n<li><em>Mantiene la tinta h\u00fameda para facilitar la adherencia del polvo de poliamida.<\/em><\/li>\n<li><em>Su resistencia a altas temperaturas evita migraciones indeseadas de tinta.<\/em><\/li>\n<li><em>Apto para estampaciones inmediatas o preparaci\u00f3n de dise\u00f1os para aplicaciones posteriores variando los tiempos de curado.<\/em><\/li>\n<li><em>Compatible con cualquier impresora inkjet adaptada a la t\u00e9cnica Direct Transfer Film.<\/em><\/li>\n<li><em>Rollo con mandril o tubo interior de cart\u00f3n\u00a0 para colocar en portarollos si se desea.<\/em><\/li>\n<\/ul>\n<p><em>Si no ves claramente cu\u00e1l es la cara mate, enfoca una luz directa sobre el film DTF. <\/em><\/p>\n<p><em>Debes disponer el dise\u00f1o en modo espejo.\u00a0<\/em><\/p>\n<p><em>El proceso de pelado es el m\u00e1s simple y r\u00e1pido que existe, comparado con otros m\u00e9todos similares de personalizaci\u00f3n.<\/em><\/p>","protected":false},"excerpt":{"rendered":"<p><em>El Film PET o pel\u00edcula transfer DTF(Direct Transfer Film), es el soporte donde se imprime la inyecci\u00f3n de tinta h\u00fameda para que se adhiera f\u00e1cilmente el polvo de poliamida para el posterior curado. Este film es espec\u00edfico para DTF, resistente a la temperatura aplicada por la prensa t\u00e9rmica o el horno.<\/em><\/p>\n<ul>\n<li><em>De PET transl\u00facido y grosor\u00a070\u00b5<\/em><\/li>\n<li><em>Impresi\u00f3n sobre cara mate.<\/em><\/li>\n<li><em>Film de un solo uso.<\/em><\/li>\n<li><em>Bobina de\u00a033\u00a0cm x 100 m o 60\u00a0cm x 100 m<\/em><\/li>\n<li><em>Mandril\u00a0 \u00d87,5 cm<\/em><\/li>\n<li><em>L\u00e1mina transportadora de dise\u00f1os impresos para la t\u00e9cnica DTF.<\/em><\/li>\n<li><em>Mantiene la tinta h\u00fameda para facilitar la adherencia del polvo de poliamida.<\/em><\/li>\n<li><em>Su resistencia a altas temperaturas evita migraciones indeseadas de tinta.<\/em><\/li>\n<li><em>Apto para estampaciones inmediatas o preparaci\u00f3n de dise\u00f1os para aplicaciones posteriores variando los tiempos de curado.<\/em><\/li>\n<li><em>Compatible con cualquier impresora inkjet adaptada a la t\u00e9cnica Direct Transfer Film.<\/em><\/li>\n<li><em>Rollo con mandril o tubo interior de cart\u00f3n\u00a0 para colocar en portarollos si se desea.<\/em><\/li>\n<\/ul>\n<p><em>Si no ves claramente cu\u00e1l es la cara mate, enfoca una luz directa sobre el film DTF. <\/em><\/p>\n<p><em>Debes disponer el dise\u00f1o en modo espejo.\u00a0<\/em><\/p>\n<p><em>El proceso de pelado es el m\u00e1s simple y r\u00e1pido que existe, comparado con otros m\u00e9todos similares de personalizaci\u00f3n.<\/em><\/p>","protected":false},"featured_media":7922,"comment_status":"open","ping_status":"closed","template":"","meta":{"_crdt_document":"","jetpack_publicize_message":"","jetpack_publicize_feature_enabled":true,"jetpack_social_post_already_shared":true,"jetpack_social_options":{"image_generator_settings":{"template":"highway","default_image_id":0,"font":"","enabled":false},"version":2},"_wpas_customize_per_network":false},"product_brand":[],"product_cat":[122635,123198],"product_tag":[122779,122777,122773,122782,122778,122780,122781,122774,122783,122775,122776],"class_list":{"0":"post-7725","1":"product","2":"type-product","3":"status-publish","4":"has-post-thumbnail","6":"product_cat-dtf","7":"product_cat-oasis","8":"product_tag-acabado-mate","9":"product_tag-doble-cara","10":"product_tag-dtf","11":"product_tag-gran-calidad","12":"product_tag-impresiones","13":"product_tag-impresora-dtf","14":"product_tag-plotter-dtf","15":"product_tag-poliester","16":"product_tag-rapideza","17":"product_tag-retirada-en-caliente","18":"product_tag-retirada-en-frio","20":"first","21":"instock","22":"taxable","23":"shipping-taxable","24":"purchasable","25":"product-type-variable"},"yoast_head":"<!-- This site is optimized with the Yoast SEO plugin v27.5 - https:\/\/yoast.com\/product\/yoast-seo-wordpress\/ -->\n<title>DTF PET OASIS MATE DESPEGUE EN CALIENTE - TMS SL<\/title>\n<meta name=\"robots\" content=\"index, follow, max-snippet:-1, max-image-preview:large, max-video-preview:-1\" \/>\n<link rel=\"canonical\" href=\"https:\/\/tmssl.com\/en\/product\/dtf-pet-oasis-mate-despegue-en-caliente\/\" \/>\n<meta property=\"og:locale\" content=\"en_GB\" \/>\n<meta property=\"og:type\" content=\"article\" \/>\n<meta property=\"og:title\" content=\"DTF PET OASIS MATE DESPEGUE EN CALIENTE - TMS SL\" \/>\n<meta property=\"og:description\" content=\"El Film PET o pel\u00edcula transfer DTF(Direct Transfer Film), es el soporte donde se imprime la inyecci\u00f3n de tinta h\u00fameda para que se adhiera f\u00e1cilmente el polvo de poliamida para el posterior curado. Este film es espec\u00edfico para DTF, resistente a la temperatura aplicada por la prensa t\u00e9rmica o el horno.   De PET transl\u00facido y grosor\u00a070\u00b5  Impresi\u00f3n sobre cara mate.  Film de un solo uso.  Bobina de\u00a033\u00a0cm x 100 m o 60\u00a0cm x 100 m  Mandril\u00a0 \u00d87,5 cm  L\u00e1mina transportadora de dise\u00f1os impresos para la t\u00e9cnica DTF.  Mantiene la tinta h\u00fameda para facilitar la adherencia del polvo de poliamida.  Su resistencia a altas temperaturas evita migraciones indeseadas de tinta.  Apto para estampaciones inmediatas o preparaci\u00f3n de dise\u00f1os para aplicaciones posteriores variando los tiempos de curado.  Compatible con cualquier impresora inkjet adaptada a la t\u00e9cnica Direct Transfer Film.  Rollo con mandril o tubo interior de cart\u00f3n\u00a0 para colocar en portarollos si se desea.  Si no ves claramente cu\u00e1l es la cara mate, enfoca una luz directa sobre el film DTF.   Debes disponer el dise\u00f1o en modo espejo.\u00a0  El proceso de pelado es el m\u00e1s simple y r\u00e1pido que existe, comparado con otros m\u00e9todos similares de personalizaci\u00f3n.\" \/>\n<meta property=\"og:url\" content=\"https:\/\/tmssl.com\/en\/product\/dtf-pet-oasis-mate-despegue-en-caliente\/\" \/>\n<meta property=\"og:site_name\" content=\"TMS SL\" \/>\n<meta property=\"article:modified_time\" content=\"2024-04-15T15:01:42+00:00\" \/>\n<meta property=\"og:image\" content=\"https:\/\/i0.wp.com\/tmssl.com\/wp-content\/uploads\/2024\/02\/CONJUNTO-OASIS-PET.jpg?fit=1024%2C1024&ssl=1\" \/>\n\t<meta property=\"og:image:width\" content=\"1024\" \/>\n\t<meta property=\"og:image:height\" content=\"1024\" \/>\n\t<meta property=\"og:image:type\" content=\"image\/jpeg\" \/>\n<meta name=\"twitter:card\" content=\"summary_large_image\" \/>\n<meta name=\"twitter:label1\" content=\"Estimated reading time\" \/>\n\t<meta name=\"twitter:data1\" content=\"2 minutes\" \/>\n<script type=\"application\/ld+json\" class=\"yoast-schema-graph\">{\"@context\":\"https:\\\/\\\/schema.org\",\"@graph\":[{\"@type\":\"WebPage\",\"@id\":\"https:\\\/\\\/tmssl.com\\\/producto\\\/dtf-pet-oasis-mate-despegue-en-caliente\\\/\",\"url\":\"https:\\\/\\\/tmssl.com\\\/producto\\\/dtf-pet-oasis-mate-despegue-en-caliente\\\/\",\"name\":\"DTF PET OASIS MATE DESPEGUE EN CALIENTE - TMS SL\",\"isPartOf\":{\"@id\":\"https:\\\/\\\/tmssl.com\\\/en\\\/#website\"},\"primaryImageOfPage\":{\"@id\":\"https:\\\/\\\/tmssl.com\\\/producto\\\/dtf-pet-oasis-mate-despegue-en-caliente\\\/#primaryimage\"},\"image\":{\"@id\":\"https:\\\/\\\/tmssl.com\\\/producto\\\/dtf-pet-oasis-mate-despegue-en-caliente\\\/#primaryimage\"},\"thumbnailUrl\":\"https:\\\/\\\/i0.wp.com\\\/tmssl.com\\\/wp-content\\\/uploads\\\/2024\\\/02\\\/CONJUNTO-OASIS-PET.jpg?fit=1024%2C1024&ssl=1\",\"datePublished\":\"2024-02-27T09:28:37+00:00\",\"dateModified\":\"2024-04-15T15:01:42+00:00\",\"breadcrumb\":{\"@id\":\"https:\\\/\\\/tmssl.com\\\/producto\\\/dtf-pet-oasis-mate-despegue-en-caliente\\\/#breadcrumb\"},\"inLanguage\":\"en-GB\",\"potentialAction\":[{\"@type\":\"ReadAction\",\"target\":[\"https:\\\/\\\/tmssl.com\\\/producto\\\/dtf-pet-oasis-mate-despegue-en-caliente\\\/\"]}]},{\"@type\":\"ImageObject\",\"inLanguage\":\"en-GB\",\"@id\":\"https:\\\/\\\/tmssl.com\\\/producto\\\/dtf-pet-oasis-mate-despegue-en-caliente\\\/#primaryimage\",\"url\":\"https:\\\/\\\/i0.wp.com\\\/tmssl.com\\\/wp-content\\\/uploads\\\/2024\\\/02\\\/CONJUNTO-OASIS-PET.jpg?fit=1024%2C1024&ssl=1\",\"contentUrl\":\"https:\\\/\\\/i0.wp.com\\\/tmssl.com\\\/wp-content\\\/uploads\\\/2024\\\/02\\\/CONJUNTO-OASIS-PET.jpg?fit=1024%2C1024&ssl=1\",\"width\":1024,\"height\":1024},{\"@type\":\"BreadcrumbList\",\"@id\":\"https:\\\/\\\/tmssl.com\\\/producto\\\/dtf-pet-oasis-mate-despegue-en-caliente\\\/#breadcrumb\",\"itemListElement\":[{\"@type\":\"ListItem\",\"position\":1,\"name\":\"Portada\",\"item\":\"https:\\\/\\\/tmssl.com\\\/\"},{\"@type\":\"ListItem\",\"position\":2,\"name\":\"Shop\",\"item\":\"https:\\\/\\\/tmssl.com\\\/shop\\\/\"},{\"@type\":\"ListItem\",\"position\":3,\"name\":\"DTF PET OASIS MATE DESPEGUE EN CALIENTE\"}]},{\"@type\":\"WebSite\",\"@id\":\"https:\\\/\\\/tmssl.com\\\/en\\\/#website\",\"url\":\"https:\\\/\\\/tmssl.com\\\/en\\\/\",\"name\":\"www.tmssl.com\",\"description\":\"Venta de vinilo textil, y consumibles para la personalizacion.\",\"publisher\":{\"@id\":\"https:\\\/\\\/tmssl.com\\\/en\\\/#organization\"},\"potentialAction\":[{\"@type\":\"SearchAction\",\"target\":{\"@type\":\"EntryPoint\",\"urlTemplate\":\"https:\\\/\\\/tmssl.com\\\/en\\\/?s={search_term_string}\"},\"query-input\":{\"@type\":\"PropertyValueSpecification\",\"valueRequired\":true,\"valueName\":\"search_term_string\"}}],\"inLanguage\":\"en-GB\"},{\"@type\":\"Organization\",\"@id\":\"https:\\\/\\\/tmssl.com\\\/en\\\/#organization\",\"name\":\"www.tmssl.com\",\"url\":\"https:\\\/\\\/tmssl.com\\\/en\\\/\",\"logo\":{\"@type\":\"ImageObject\",\"inLanguage\":\"en-GB\",\"@id\":\"https:\\\/\\\/tmssl.com\\\/en\\\/#\\\/schema\\\/logo\\\/image\\\/\",\"url\":\"https:\\\/\\\/tmssl.com\\\/wp-content\\\/uploads\\\/2023\\\/07\\\/LOGO-TMS-ALTA-01.jpg\",\"contentUrl\":\"https:\\\/\\\/tmssl.com\\\/wp-content\\\/uploads\\\/2023\\\/07\\\/LOGO-TMS-ALTA-01.jpg\",\"width\":598,\"height\":597,\"caption\":\"www.tmssl.com\"},\"image\":{\"@id\":\"https:\\\/\\\/tmssl.com\\\/en\\\/#\\\/schema\\\/logo\\\/image\\\/\"},\"sameAs\":[\"https:\\\/\\\/www.instagram.com\\\/vinilotextil.tmssl\\\/\"]}]}<\/script>\n<!-- \/ Yoast SEO plugin. -->","yoast_head_json":{"title":"DTF PET OASIS MATE DESPEGUE EN CALIENTE - TMS SL","robots":{"index":"index","follow":"follow","max-snippet":"max-snippet:-1","max-image-preview":"max-image-preview:large","max-video-preview":"max-video-preview:-1"},"canonical":"https:\/\/tmssl.com\/en\/product\/dtf-pet-oasis-mate-despegue-en-caliente\/","og_locale":"en_GB","og_type":"article","og_title":"DTF PET OASIS MATE DESPEGUE EN CALIENTE - TMS SL","og_description":"El Film PET o pel\u00edcula transfer DTF(Direct Transfer Film), es el soporte donde se imprime la inyecci\u00f3n de tinta h\u00fameda para que se adhiera f\u00e1cilmente el polvo de poliamida para el posterior curado. Este film es espec\u00edfico para DTF, resistente a la temperatura aplicada por la prensa t\u00e9rmica o el horno.   De PET transl\u00facido y grosor\u00a070\u00b5  Impresi\u00f3n sobre cara mate.  Film de un solo uso.  Bobina de\u00a033\u00a0cm x 100 m o 60\u00a0cm x 100 m  Mandril\u00a0 \u00d87,5 cm  L\u00e1mina transportadora de dise\u00f1os impresos para la t\u00e9cnica DTF.  Mantiene la tinta h\u00fameda para facilitar la adherencia del polvo de poliamida.  Su resistencia a altas temperaturas evita migraciones indeseadas de tinta.  Apto para estampaciones inmediatas o preparaci\u00f3n de dise\u00f1os para aplicaciones posteriores variando los tiempos de curado.  Compatible con cualquier impresora inkjet adaptada a la t\u00e9cnica Direct Transfer Film.  Rollo con mandril o tubo interior de cart\u00f3n\u00a0 para colocar en portarollos si se desea.  Si no ves claramente cu\u00e1l es la cara mate, enfoca una luz directa sobre el film DTF.   Debes disponer el dise\u00f1o en modo espejo.\u00a0  El proceso de pelado es el m\u00e1s simple y r\u00e1pido que existe, comparado con otros m\u00e9todos similares de personalizaci\u00f3n.","og_url":"https:\/\/tmssl.com\/en\/product\/dtf-pet-oasis-mate-despegue-en-caliente\/","og_site_name":"TMS SL","article_modified_time":"2024-04-15T15:01:42+00:00","og_image":[{"width":1024,"height":1024,"url":"https:\/\/i0.wp.com\/tmssl.com\/wp-content\/uploads\/2024\/02\/CONJUNTO-OASIS-PET.jpg?fit=1024%2C1024&ssl=1","type":"image\/jpeg"}],"twitter_card":"summary_large_image","twitter_misc":{"Estimated reading time":"2 minutes"},"schema":{"@context":"https:\/\/schema.org","@graph":[{"@type":"WebPage","@id":"https:\/\/tmssl.com\/producto\/dtf-pet-oasis-mate-despegue-en-caliente\/","url":"https:\/\/tmssl.com\/producto\/dtf-pet-oasis-mate-despegue-en-caliente\/","name":"DTF PET OASIS MATE DESPEGUE EN CALIENTE - TMS SL","isPartOf":{"@id":"https:\/\/tmssl.com\/en\/#website"},"primaryImageOfPage":{"@id":"https:\/\/tmssl.com\/producto\/dtf-pet-oasis-mate-despegue-en-caliente\/#primaryimage"},"image":{"@id":"https:\/\/tmssl.com\/producto\/dtf-pet-oasis-mate-despegue-en-caliente\/#primaryimage"},"thumbnailUrl":"https:\/\/i0.wp.com\/tmssl.com\/wp-content\/uploads\/2024\/02\/CONJUNTO-OASIS-PET.jpg?fit=1024%2C1024&ssl=1","datePublished":"2024-02-27T09:28:37+00:00","dateModified":"2024-04-15T15:01:42+00:00","breadcrumb":{"@id":"https:\/\/tmssl.com\/producto\/dtf-pet-oasis-mate-despegue-en-caliente\/#breadcrumb"},"inLanguage":"en-GB","potentialAction":[{"@type":"ReadAction","target":["https:\/\/tmssl.com\/producto\/dtf-pet-oasis-mate-despegue-en-caliente\/"]}]},{"@type":"ImageObject","inLanguage":"en-GB","@id":"https:\/\/tmssl.com\/producto\/dtf-pet-oasis-mate-despegue-en-caliente\/#primaryimage","url":"https:\/\/i0.wp.com\/tmssl.com\/wp-content\/uploads\/2024\/02\/CONJUNTO-OASIS-PET.jpg?fit=1024%2C1024&ssl=1","contentUrl":"https:\/\/i0.wp.com\/tmssl.com\/wp-content\/uploads\/2024\/02\/CONJUNTO-OASIS-PET.jpg?fit=1024%2C1024&ssl=1","width":1024,"height":1024},{"@type":"BreadcrumbList","@id":"https:\/\/tmssl.com\/producto\/dtf-pet-oasis-mate-despegue-en-caliente\/#breadcrumb","itemListElement":[{"@type":"ListItem","position":1,"name":"Portada","item":"https:\/\/tmssl.com\/"},{"@type":"ListItem","position":2,"name":"Shop","item":"https:\/\/tmssl.com\/shop\/"},{"@type":"ListItem","position":3,"name":"DTF PET OASIS MATE DESPEGUE EN CALIENTE"}]},{"@type":"WebSite","@id":"https:\/\/tmssl.com\/en\/#website","url":"https:\/\/tmssl.com\/en\/","name":"www.tmssl.com","description":"Venta de vinilo textil, y consumibles para la personalizacion.","publisher":{"@id":"https:\/\/tmssl.com\/en\/#organization"},"potentialAction":[{"@type":"SearchAction","target":{"@type":"EntryPoint","urlTemplate":"https:\/\/tmssl.com\/en\/?s={search_term_string}"},"query-input":{"@type":"PropertyValueSpecification","valueRequired":true,"valueName":"search_term_string"}}],"inLanguage":"en-GB"},{"@type":"Organization","@id":"https:\/\/tmssl.com\/en\/#organization","name":"www.tmssl.com","url":"https:\/\/tmssl.com\/en\/","logo":{"@type":"ImageObject","inLanguage":"en-GB","@id":"https:\/\/tmssl.com\/en\/#\/schema\/logo\/image\/","url":"https:\/\/tmssl.com\/wp-content\/uploads\/2023\/07\/LOGO-TMS-ALTA-01.jpg","contentUrl":"https:\/\/tmssl.com\/wp-content\/uploads\/2023\/07\/LOGO-TMS-ALTA-01.jpg","width":598,"height":597,"caption":"www.tmssl.com"},"image":{"@id":"https:\/\/tmssl.com\/en\/#\/schema\/logo\/image\/"},"sameAs":["https:\/\/www.instagram.com\/vinilotextil.tmssl\/"]}]}},"jetpack_publicize_connections":[],"jetpack_likes_enabled":true,"jetpack-related-posts":[{"id":1747,"url":"https:\/\/tmssl.com\/en\/product\/oasis-pet\/","url_meta":{"origin":7725,"position":0},"title":"DTF PET OASIS DESPEGUE EN FR\u00cdO","author":"Info","date":"22 de September de 2022","format":false,"excerpt":"El Film PET o pel\u00edcula transfer DTF(Direct Transfer Film), es el soporte donde se imprime la inyecci\u00f3n de tinta h\u00fameda para que se adhiera f\u00e1cilmente el polvo de poliamida para el posterior curado. Este film es espec\u00edfico para DTF, resistente a la temperatura aplicada por la prensa t\u00e9rmica o el\u2026","rel":"","context":"Similar post","block_context":{"text":"Similar post","link":""},"img":{"alt_text":"","src":"https:\/\/i0.wp.com\/tmssl.com\/wp-content\/uploads\/2024\/02\/CONJUNTO-OASIS-PET.jpg?fit=1024%2C1024&ssl=1&resize=350%2C200","width":350,"height":200,"srcset":"https:\/\/i0.wp.com\/tmssl.com\/wp-content\/uploads\/2024\/02\/CONJUNTO-OASIS-PET.jpg?fit=1024%2C1024&ssl=1&resize=350%2C200 1x, https:\/\/i0.wp.com\/tmssl.com\/wp-content\/uploads\/2024\/02\/CONJUNTO-OASIS-PET.jpg?fit=1024%2C1024&ssl=1&resize=525%2C300 1.5x, https:\/\/i0.wp.com\/tmssl.com\/wp-content\/uploads\/2024\/02\/CONJUNTO-OASIS-PET.jpg?fit=1024%2C1024&ssl=1&resize=700%2C400 2x"},"classes":[]},{"id":5734,"url":"https:\/\/tmssl.com\/en\/product\/polvos-dtf\/","url_meta":{"origin":7725,"position":1},"title":"POLVOS DTF","author":"Info","date":"25 de September de 2023","format":false,"excerpt":"Poliamida ideada para adherir tintas a tejidos mediante la t\u00e9cnica DTF. Crea una fina capa adhesiva sobre la tinta h\u00fameda depositada en el film de soporte. Bolsa de 1 kg de color blanco o negro.","rel":"","context":"Similar post","block_context":{"text":"Similar post","link":""},"img":{"alt_text":"","src":"https:\/\/i0.wp.com\/tmssl.com\/wp-content\/uploads\/2023\/09\/white-polvo-poliamida-3.webp?fit=600%2C600&ssl=1&resize=350%2C200","width":350,"height":200,"srcset":"https:\/\/i0.wp.com\/tmssl.com\/wp-content\/uploads\/2023\/09\/white-polvo-poliamida-3.webp?fit=600%2C600&ssl=1&resize=350%2C200 1x, https:\/\/i0.wp.com\/tmssl.com\/wp-content\/uploads\/2023\/09\/white-polvo-poliamida-3.webp?fit=600%2C600&ssl=1&resize=525%2C300 1.5x"},"classes":[]},{"id":12324,"url":"https:\/\/tmssl.com\/en\/product\/poliester-dtf-despegue-en-caliente-instantaneo-hojas\/","url_meta":{"origin":7725,"position":2},"title":"POLIESTER DTF DESPEGUE EN CALIENTE INSTANTANEO HOJAS","author":"Info","date":"2 de September de 2025","format":false,"excerpt":"El Film PET o pel\u00edcula transfer DTF (Direct Transfer Film), es el soporte donde se imprime la inyecci\u00f3n de tinta\u00a0 para que se adhiera f\u00e1cilmente el polvo de poliamida, para el posterior curado. Material doble cara mate, despegue en caliente o fr\u00edo. Alta capacidad de absorci\u00f3n de tinta. CAJA 100\u2026","rel":"","context":"Similar post","block_context":{"text":"Similar post","link":""},"img":{"alt_text":"","src":"https:\/\/i0.wp.com\/tmssl.com\/wp-content\/uploads\/2023\/05\/FOTO-DTF.webp?fit=1200%2C1200&ssl=1&resize=350%2C200","width":350,"height":200,"srcset":"https:\/\/i0.wp.com\/tmssl.com\/wp-content\/uploads\/2023\/05\/FOTO-DTF.webp?fit=1200%2C1200&ssl=1&resize=350%2C200 1x, https:\/\/i0.wp.com\/tmssl.com\/wp-content\/uploads\/2023\/05\/FOTO-DTF.webp?fit=1200%2C1200&ssl=1&resize=525%2C300 1.5x, https:\/\/i0.wp.com\/tmssl.com\/wp-content\/uploads\/2023\/05\/FOTO-DTF.webp?fit=1200%2C1200&ssl=1&resize=700%2C400 2x, https:\/\/i0.wp.com\/tmssl.com\/wp-content\/uploads\/2023\/05\/FOTO-DTF.webp?fit=1200%2C1200&ssl=1&resize=1050%2C600 3x"},"classes":[]},{"id":1752,"url":"https:\/\/tmssl.com\/en\/product\/polvos-oasis\/","url_meta":{"origin":7725,"position":3},"title":"POLVOS DTF OASIS","author":"Info","date":"22 de September de 2022","format":false,"excerpt":"Poliamida ideada para adherir tintas a tejidos mediante la t\u00e9cnica DTF. Crea una fina capa adhesiva sobre la tinta h\u00fameda depositada en el film de soporte. Bolsa de 1 kg de color blanco o negro.","rel":"","context":"Similar post","block_context":{"text":"Similar post","link":""},"img":{"alt_text":"","src":"https:\/\/i0.wp.com\/tmssl.com\/wp-content\/uploads\/2024\/02\/Poliamida-blanca-DTF.jpg?fit=1024%2C1024&ssl=1&resize=350%2C200","width":350,"height":200,"srcset":"https:\/\/i0.wp.com\/tmssl.com\/wp-content\/uploads\/2024\/02\/Poliamida-blanca-DTF.jpg?fit=1024%2C1024&ssl=1&resize=350%2C200 1x, https:\/\/i0.wp.com\/tmssl.com\/wp-content\/uploads\/2024\/02\/Poliamida-blanca-DTF.jpg?fit=1024%2C1024&ssl=1&resize=525%2C300 1.5x, https:\/\/i0.wp.com\/tmssl.com\/wp-content\/uploads\/2024\/02\/Poliamida-blanca-DTF.jpg?fit=1024%2C1024&ssl=1&resize=700%2C400 2x"},"classes":[]},{"id":9491,"url":"https:\/\/tmssl.com\/en\/product\/poliester-dtf-despegue-en-caliente-2\/","url_meta":{"origin":7725,"position":4},"title":"POLIESTER DTF DESPEGUE EN CALIENTE","author":"Info","date":"23 de October de 2024","format":false,"excerpt":"El Film PET o pel\u00edcula transfer DTF (Direct Transfer Film), es el soporte donde se imprime la inyecci\u00f3n de tinta\u00a0 para que se adhiera f\u00e1cilmente el polvo de poliamida, para el posterior curado. Material doble cara mate, despegue en caliente o fr\u00edo. Alta capacidad de absorci\u00f3n de tinta.","rel":"","context":"Similar post","block_context":{"text":"Similar post","link":""},"img":{"alt_text":"","src":"https:\/\/i0.wp.com\/tmssl.com\/wp-content\/uploads\/2024\/10\/DTF.jpg?fit=894%2C628&ssl=1&resize=350%2C200","width":350,"height":200,"srcset":"https:\/\/i0.wp.com\/tmssl.com\/wp-content\/uploads\/2024\/10\/DTF.jpg?fit=894%2C628&ssl=1&resize=350%2C200 1x, https:\/\/i0.wp.com\/tmssl.com\/wp-content\/uploads\/2024\/10\/DTF.jpg?fit=894%2C628&ssl=1&resize=525%2C300 1.5x, https:\/\/i0.wp.com\/tmssl.com\/wp-content\/uploads\/2024\/10\/DTF.jpg?fit=894%2C628&ssl=1&resize=700%2C400 2x"},"classes":[]},{"id":5006,"url":"https:\/\/tmssl.com\/en\/product\/poliester-dtf-despegue-en-caliente\/","url_meta":{"origin":7725,"position":5},"title":"POLIESTER DTF DESPEGUE EN CALIENTE INSTANTANEO","author":"Info","date":"4 de May de 2023","format":false,"excerpt":"El Film PET o pel\u00edcula transfer DTF (Direct Transfer Film), es el soporte donde se imprime la inyecci\u00f3n de tinta\u00a0 para que se adhiera f\u00e1cilmente el polvo de poliamida, para el posterior curado. Material doble cara mate, despegue en caliente o fr\u00edo. Alta capacidad de absorci\u00f3n de tinta.","rel":"","context":"Similar post","block_context":{"text":"Similar post","link":""},"img":{"alt_text":"","src":"https:\/\/i0.wp.com\/tmssl.com\/wp-content\/uploads\/2023\/05\/FOTO-DTF.webp?fit=1200%2C1200&ssl=1&resize=350%2C200","width":350,"height":200,"srcset":"https:\/\/i0.wp.com\/tmssl.com\/wp-content\/uploads\/2023\/05\/FOTO-DTF.webp?fit=1200%2C1200&ssl=1&resize=350%2C200 1x, https:\/\/i0.wp.com\/tmssl.com\/wp-content\/uploads\/2023\/05\/FOTO-DTF.webp?fit=1200%2C1200&ssl=1&resize=525%2C300 1.5x, https:\/\/i0.wp.com\/tmssl.com\/wp-content\/uploads\/2023\/05\/FOTO-DTF.webp?fit=1200%2C1200&ssl=1&resize=700%2C400 2x, https:\/\/i0.wp.com\/tmssl.com\/wp-content\/uploads\/2023\/05\/FOTO-DTF.webp?fit=1200%2C1200&ssl=1&resize=1050%2C600 3x"},"classes":[]}],"jetpack_sharing_enabled":true,"tiered_pricing_type":"fixed","tiered_pricing_fixed_rules":[],"tiered_pricing_product_settings":{"layout":"table","base_unit_name":{"singular":null,"plural":null},"default_variation":null},"tiered_pricing_minimum_quantity":null,"tiered_pricing_roles_data":[],"tiered_pricing_percentage_rules":[],"_links":{"self":[{"href":"https:\/\/tmssl.com\/en\/wp-json\/wp\/v2\/product\/7725","targetHints":{"allow":["GET"]}}],"collection":[{"href":"https:\/\/tmssl.com\/en\/wp-json\/wp\/v2\/product"}],"about":[{"href":"https:\/\/tmssl.com\/en\/wp-json\/wp\/v2\/types\/product"}],"replies":[{"embeddable":true,"href":"https:\/\/tmssl.com\/en\/wp-json\/wp\/v2\/comments?post=7725"}],"version-history":[{"count":1,"href":"https:\/\/tmssl.com\/en\/wp-json\/wp\/v2\/product\/7725\/revisions"}],"predecessor-version":[{"id":7729,"href":"https:\/\/tmssl.com\/en\/wp-json\/wp\/v2\/product\/7725\/revisions\/7729"}],"wp:featuredmedia":[{"embeddable":true,"href":"https:\/\/tmssl.com\/en\/wp-json\/wp\/v2\/media\/7922"}],"wp:attachment":[{"href":"https:\/\/tmssl.com\/en\/wp-json\/wp\/v2\/media?parent=7725"}],"wp:term":[{"taxonomy":"product_brand","embeddable":true,"href":"https:\/\/tmssl.com\/en\/wp-json\/wp\/v2\/product_brand?post=7725"},{"taxonomy":"product_cat","embeddable":true,"href":"https:\/\/tmssl.com\/en\/wp-json\/wp\/v2\/product_cat?post=7725"},{"taxonomy":"product_tag","embeddable":true,"href":"https:\/\/tmssl.com\/en\/wp-json\/wp\/v2\/product_tag?post=7725"}],"curies":[{"name":"wp","href":"https:\/\/api.w.org\/{rel}","templated":true}]}}