{"id":8047,"date":"2024-04-22T18:32:23","date_gmt":"2024-04-22T16:32:23","guid":{"rendered":"https:\/\/tmssl.com\/?post_type=product&#038;p=8047"},"modified":"2024-04-22T18:32:23","modified_gmt":"2024-04-22T16:32:23","slug":"cuchilla-de-grabado-y-endido-siser","status":"publish","type":"product","link":"https:\/\/tmssl.com\/en\/product\/cuchilla-de-grabado-y-endido-siser\/","title":{"rendered":"Cuchilla de grabado y endido Siser"},"content":{"rendered":"<p>Las cuchillas Easy\u00ae Crease y Easy\u00ae Etch permiten realizar endidos y grabados sobre diferentes materiales. V\u00e1lidas para los plotters de corte Siser Juliet y Romeo.<\/p>\n<p>&nbsp;<\/p>\n<p>Juego de 1 cuchilla de grabado y 1 cuchilla de endido.<\/p>","protected":false},"excerpt":{"rendered":"<p>Las cuchillas Easy\u00ae Crease y Easy\u00ae Etch permiten realizar endidos y grabados sobre diferentes materiales. V\u00e1lidas para los plotters de corte Siser Juliet y Romeo. &nbsp; Juego de 1 cuchilla de grabado y 1 cuchilla de endido.<\/p>","protected":false},"featured_media":8048,"comment_status":"open","ping_status":"closed","template":"","meta":{"_crdt_document":"","jetpack_publicize_message":"","jetpack_publicize_feature_enabled":true,"jetpack_social_post_already_shared":true,"jetpack_social_options":{"image_generator_settings":{"template":"highway","default_image_id":0,"font":"","enabled":false},"version":2},"_wpas_customize_per_network":false},"product_brand":[],"product_cat":[122605,122604,122646,122768],"product_tag":[],"class_list":{"0":"post-8047","1":"product","2":"type-product","3":"status-publish","4":"has-post-thumbnail","6":"product_cat-accesorios-craft","7":"product_cat-craft","8":"product_cat-juliet","9":"product_cat-romeo","11":"first","12":"instock","13":"taxable","14":"shipping-taxable","15":"purchasable","16":"product-type-simple"},"yoast_head":"<!-- This site is optimized with the Yoast SEO plugin v27.6 - https:\/\/yoast.com\/product\/yoast-seo-wordpress\/ -->\n<title>Cuchilla de grabado y endido Siser - TMS SL<\/title>\n<meta name=\"robots\" content=\"index, follow, max-snippet:-1, max-image-preview:large, max-video-preview:-1\" \/>\n<link rel=\"canonical\" href=\"https:\/\/tmssl.com\/en\/product\/cuchilla-de-grabado-y-endido-siser\/\" \/>\n<meta property=\"og:locale\" content=\"en_GB\" \/>\n<meta property=\"og:type\" content=\"article\" \/>\n<meta property=\"og:title\" content=\"Cuchilla de grabado y endido Siser - TMS SL\" \/>\n<meta property=\"og:description\" content=\"Las cuchillas Easy\u00ae Crease y Easy\u00ae Etch permiten realizar endidos y grabados sobre diferentes materiales. V\u00e1lidas para los plotters de corte Siser Juliet y Romeo. &nbsp; Juego de 1 cuchilla de grabado y 1 cuchilla de endido.\" \/>\n<meta property=\"og:url\" content=\"https:\/\/tmssl.com\/en\/product\/cuchilla-de-grabado-y-endido-siser\/\" \/>\n<meta property=\"og:site_name\" content=\"TMS SL\" \/>\n<meta property=\"og:image\" content=\"https:\/\/i0.wp.com\/tmssl.com\/wp-content\/uploads\/2024\/04\/cuchilla-de-grabado-y-endido-siser.jpg?fit=800%2C800&ssl=1\" \/>\n\t<meta property=\"og:image:width\" content=\"800\" \/>\n\t<meta property=\"og:image:height\" content=\"800\" \/>\n\t<meta property=\"og:image:type\" content=\"image\/jpeg\" \/>\n<meta name=\"twitter:card\" content=\"summary_large_image\" \/>\n<meta name=\"twitter:label1\" content=\"Estimated reading time\" \/>\n\t<meta name=\"twitter:data1\" content=\"1 minute\" \/>\n<script type=\"application\/ld+json\" class=\"yoast-schema-graph\">{\"@context\":\"https:\\\/\\\/schema.org\",\"@graph\":[{\"@type\":\"WebPage\",\"@id\":\"https:\\\/\\\/tmssl.com\\\/producto\\\/cuchilla-de-grabado-y-endido-siser\\\/\",\"url\":\"https:\\\/\\\/tmssl.com\\\/producto\\\/cuchilla-de-grabado-y-endido-siser\\\/\",\"name\":\"Cuchilla de grabado y endido Siser - TMS SL\",\"isPartOf\":{\"@id\":\"https:\\\/\\\/tmssl.com\\\/en\\\/#website\"},\"primaryImageOfPage\":{\"@id\":\"https:\\\/\\\/tmssl.com\\\/producto\\\/cuchilla-de-grabado-y-endido-siser\\\/#primaryimage\"},\"image\":{\"@id\":\"https:\\\/\\\/tmssl.com\\\/producto\\\/cuchilla-de-grabado-y-endido-siser\\\/#primaryimage\"},\"thumbnailUrl\":\"https:\\\/\\\/i0.wp.com\\\/tmssl.com\\\/wp-content\\\/uploads\\\/2024\\\/04\\\/cuchilla-de-grabado-y-endido-siser.jpg?fit=800%2C800&ssl=1\",\"datePublished\":\"2024-04-22T16:32:23+00:00\",\"breadcrumb\":{\"@id\":\"https:\\\/\\\/tmssl.com\\\/producto\\\/cuchilla-de-grabado-y-endido-siser\\\/#breadcrumb\"},\"inLanguage\":\"en-GB\",\"potentialAction\":[{\"@type\":\"ReadAction\",\"target\":[\"https:\\\/\\\/tmssl.com\\\/producto\\\/cuchilla-de-grabado-y-endido-siser\\\/\"]}]},{\"@type\":\"ImageObject\",\"inLanguage\":\"en-GB\",\"@id\":\"https:\\\/\\\/tmssl.com\\\/producto\\\/cuchilla-de-grabado-y-endido-siser\\\/#primaryimage\",\"url\":\"https:\\\/\\\/i0.wp.com\\\/tmssl.com\\\/wp-content\\\/uploads\\\/2024\\\/04\\\/cuchilla-de-grabado-y-endido-siser.jpg?fit=800%2C800&ssl=1\",\"contentUrl\":\"https:\\\/\\\/i0.wp.com\\\/tmssl.com\\\/wp-content\\\/uploads\\\/2024\\\/04\\\/cuchilla-de-grabado-y-endido-siser.jpg?fit=800%2C800&ssl=1\",\"width\":800,\"height\":800},{\"@type\":\"BreadcrumbList\",\"@id\":\"https:\\\/\\\/tmssl.com\\\/producto\\\/cuchilla-de-grabado-y-endido-siser\\\/#breadcrumb\",\"itemListElement\":[{\"@type\":\"ListItem\",\"position\":1,\"name\":\"Portada\",\"item\":\"https:\\\/\\\/tmssl.com\\\/\"},{\"@type\":\"ListItem\",\"position\":2,\"name\":\"Shop\",\"item\":\"https:\\\/\\\/tmssl.com\\\/shop\\\/\"},{\"@type\":\"ListItem\",\"position\":3,\"name\":\"Cuchilla de grabado y endido Siser\"}]},{\"@type\":\"WebSite\",\"@id\":\"https:\\\/\\\/tmssl.com\\\/en\\\/#website\",\"url\":\"https:\\\/\\\/tmssl.com\\\/en\\\/\",\"name\":\"www.tmssl.com\",\"description\":\"Venta de vinilo textil, y consumibles para la personalizacion.\",\"publisher\":{\"@id\":\"https:\\\/\\\/tmssl.com\\\/en\\\/#organization\"},\"potentialAction\":[{\"@type\":\"SearchAction\",\"target\":{\"@type\":\"EntryPoint\",\"urlTemplate\":\"https:\\\/\\\/tmssl.com\\\/en\\\/?s={search_term_string}\"},\"query-input\":{\"@type\":\"PropertyValueSpecification\",\"valueRequired\":true,\"valueName\":\"search_term_string\"}}],\"inLanguage\":\"en-GB\"},{\"@type\":\"Organization\",\"@id\":\"https:\\\/\\\/tmssl.com\\\/en\\\/#organization\",\"name\":\"www.tmssl.com\",\"url\":\"https:\\\/\\\/tmssl.com\\\/en\\\/\",\"logo\":{\"@type\":\"ImageObject\",\"inLanguage\":\"en-GB\",\"@id\":\"https:\\\/\\\/tmssl.com\\\/en\\\/#\\\/schema\\\/logo\\\/image\\\/\",\"url\":\"https:\\\/\\\/tmssl.com\\\/wp-content\\\/uploads\\\/2023\\\/07\\\/LOGO-TMS-ALTA-01.jpg\",\"contentUrl\":\"https:\\\/\\\/tmssl.com\\\/wp-content\\\/uploads\\\/2023\\\/07\\\/LOGO-TMS-ALTA-01.jpg\",\"width\":598,\"height\":597,\"caption\":\"www.tmssl.com\"},\"image\":{\"@id\":\"https:\\\/\\\/tmssl.com\\\/en\\\/#\\\/schema\\\/logo\\\/image\\\/\"},\"sameAs\":[\"https:\\\/\\\/www.instagram.com\\\/vinilotextil.tmssl\\\/\"]}]}<\/script>\n<!-- \/ Yoast SEO plugin. -->","yoast_head_json":{"title":"Cuchilla de grabado y endido Siser - TMS SL","robots":{"index":"index","follow":"follow","max-snippet":"max-snippet:-1","max-image-preview":"max-image-preview:large","max-video-preview":"max-video-preview:-1"},"canonical":"https:\/\/tmssl.com\/en\/product\/cuchilla-de-grabado-y-endido-siser\/","og_locale":"en_GB","og_type":"article","og_title":"Cuchilla de grabado y endido Siser - TMS SL","og_description":"Las cuchillas Easy\u00ae Crease y Easy\u00ae Etch permiten realizar endidos y grabados sobre diferentes materiales. V\u00e1lidas para los plotters de corte Siser Juliet y Romeo. &nbsp; Juego de 1 cuchilla de grabado y 1 cuchilla de endido.","og_url":"https:\/\/tmssl.com\/en\/product\/cuchilla-de-grabado-y-endido-siser\/","og_site_name":"TMS SL","og_image":[{"width":800,"height":800,"url":"https:\/\/i0.wp.com\/tmssl.com\/wp-content\/uploads\/2024\/04\/cuchilla-de-grabado-y-endido-siser.jpg?fit=800%2C800&ssl=1","type":"image\/jpeg"}],"twitter_card":"summary_large_image","twitter_misc":{"Estimated reading time":"1 minute"},"schema":{"@context":"https:\/\/schema.org","@graph":[{"@type":"WebPage","@id":"https:\/\/tmssl.com\/producto\/cuchilla-de-grabado-y-endido-siser\/","url":"https:\/\/tmssl.com\/producto\/cuchilla-de-grabado-y-endido-siser\/","name":"Cuchilla de grabado y endido Siser - TMS SL","isPartOf":{"@id":"https:\/\/tmssl.com\/en\/#website"},"primaryImageOfPage":{"@id":"https:\/\/tmssl.com\/producto\/cuchilla-de-grabado-y-endido-siser\/#primaryimage"},"image":{"@id":"https:\/\/tmssl.com\/producto\/cuchilla-de-grabado-y-endido-siser\/#primaryimage"},"thumbnailUrl":"https:\/\/i0.wp.com\/tmssl.com\/wp-content\/uploads\/2024\/04\/cuchilla-de-grabado-y-endido-siser.jpg?fit=800%2C800&ssl=1","datePublished":"2024-04-22T16:32:23+00:00","breadcrumb":{"@id":"https:\/\/tmssl.com\/producto\/cuchilla-de-grabado-y-endido-siser\/#breadcrumb"},"inLanguage":"en-GB","potentialAction":[{"@type":"ReadAction","target":["https:\/\/tmssl.com\/producto\/cuchilla-de-grabado-y-endido-siser\/"]}]},{"@type":"ImageObject","inLanguage":"en-GB","@id":"https:\/\/tmssl.com\/producto\/cuchilla-de-grabado-y-endido-siser\/#primaryimage","url":"https:\/\/i0.wp.com\/tmssl.com\/wp-content\/uploads\/2024\/04\/cuchilla-de-grabado-y-endido-siser.jpg?fit=800%2C800&ssl=1","contentUrl":"https:\/\/i0.wp.com\/tmssl.com\/wp-content\/uploads\/2024\/04\/cuchilla-de-grabado-y-endido-siser.jpg?fit=800%2C800&ssl=1","width":800,"height":800},{"@type":"BreadcrumbList","@id":"https:\/\/tmssl.com\/producto\/cuchilla-de-grabado-y-endido-siser\/#breadcrumb","itemListElement":[{"@type":"ListItem","position":1,"name":"Portada","item":"https:\/\/tmssl.com\/"},{"@type":"ListItem","position":2,"name":"Shop","item":"https:\/\/tmssl.com\/shop\/"},{"@type":"ListItem","position":3,"name":"Cuchilla de grabado y endido Siser"}]},{"@type":"WebSite","@id":"https:\/\/tmssl.com\/en\/#website","url":"https:\/\/tmssl.com\/en\/","name":"www.tmssl.com","description":"Venta de vinilo textil, y consumibles para la personalizacion.","publisher":{"@id":"https:\/\/tmssl.com\/en\/#organization"},"potentialAction":[{"@type":"SearchAction","target":{"@type":"EntryPoint","urlTemplate":"https:\/\/tmssl.com\/en\/?s={search_term_string}"},"query-input":{"@type":"PropertyValueSpecification","valueRequired":true,"valueName":"search_term_string"}}],"inLanguage":"en-GB"},{"@type":"Organization","@id":"https:\/\/tmssl.com\/en\/#organization","name":"www.tmssl.com","url":"https:\/\/tmssl.com\/en\/","logo":{"@type":"ImageObject","inLanguage":"en-GB","@id":"https:\/\/tmssl.com\/en\/#\/schema\/logo\/image\/","url":"https:\/\/tmssl.com\/wp-content\/uploads\/2023\/07\/LOGO-TMS-ALTA-01.jpg","contentUrl":"https:\/\/tmssl.com\/wp-content\/uploads\/2023\/07\/LOGO-TMS-ALTA-01.jpg","width":598,"height":597,"caption":"www.tmssl.com"},"image":{"@id":"https:\/\/tmssl.com\/en\/#\/schema\/logo\/image\/"},"sameAs":["https:\/\/www.instagram.com\/vinilotextil.tmssl\/"]}]}},"jetpack_publicize_connections":[],"jetpack_likes_enabled":true,"jetpack-related-posts":[{"id":9708,"url":"https:\/\/tmssl.com\/en\/product\/easy-puff\/","url_meta":{"origin":8047,"position":0},"title":"VINILO TEXTIL SISER EASYPUFF","author":"Info","date":"18 de November de 2024","format":false,"excerpt":"Easy Puff\u00a0de Siser es un vinilo de transferencia de calor \u00fanico que crea un efecto 3D sorprendente cuando se calienta. Ideal para dise\u00f1os con formas llamativas y elementos grandes, Easy Puff se expande con el calor, lo que agrega una dimensi\u00f3n llamativa a cualquier proyecto. Ya sea que est\u00e9 trabajando\u2026","rel":"","context":"Similar post","block_context":{"text":"Similar post","link":""},"img":{"alt_text":"","src":"https:\/\/i0.wp.com\/tmssl.com\/wp-content\/uploads\/2024\/11\/puff.webp?fit=960%2C1200&ssl=1&resize=350%2C200","width":350,"height":200,"srcset":"https:\/\/i0.wp.com\/tmssl.com\/wp-content\/uploads\/2024\/11\/puff.webp?fit=960%2C1200&ssl=1&resize=350%2C200 1x, https:\/\/i0.wp.com\/tmssl.com\/wp-content\/uploads\/2024\/11\/puff.webp?fit=960%2C1200&ssl=1&resize=525%2C300 1.5x, https:\/\/i0.wp.com\/tmssl.com\/wp-content\/uploads\/2024\/11\/puff.webp?fit=960%2C1200&ssl=1&resize=700%2C400 2x"},"classes":[]},{"id":4674,"url":"https:\/\/tmssl.com\/en\/product\/portacuchillas-compatibles-graphtec-cb15\/","url_meta":{"origin":8047,"position":1},"title":"PORTACUCHILLAS COMPATIBLES GRAPHTEC (CB15)","author":"Info","date":"16 de February de 2023","format":false,"excerpt":"PORTACUCHILLAS CB15. Este soporte de cortador gen\u00e9rico de 1,5 mm de di\u00e1metro es adecuado para m\u00e1quinas Graphtec. Este soporte de alta calidad corresponde al n\u00famero de pieza de Graphtec PHP32-CB15N-HS. Este soporte se puede utilizar con cuchillas gen\u00e9ricas\u00a0 o cuchillas originales Graphtec. \u00a0","rel":"","context":"Similar post","block_context":{"text":"Similar post","link":""},"img":{"alt_text":"","src":"","width":0,"height":0},"classes":[]},{"id":9679,"url":"https:\/\/tmssl.com\/en\/product\/easy-puff-metallic\/","url_meta":{"origin":8047,"position":2},"title":"VINILO TEXTIL SISER EASY PUFF METALLIC","author":"Info","date":"18 de November de 2024","format":false,"excerpt":"\u00a1Dale un efecto Puff con un acabado Metallic a tus dise\u00f1os! Con el mismo efecto que Easy Puff pero un un efecto divertido. EasyPuff Metallic se expande despu\u00e9s de la aplicaci\u00f3n de calor para crear una apariencia tridimensional con una textura \u00fanica en todo momento. Al igual que nuestros otros\u2026","rel":"","context":"Similar post","block_context":{"text":"Similar post","link":""},"img":{"alt_text":"","src":"https:\/\/i0.wp.com\/tmssl.com\/wp-content\/uploads\/2024\/11\/metallic-2.webp?fit=960%2C1200&ssl=1&resize=350%2C200","width":350,"height":200,"srcset":"https:\/\/i0.wp.com\/tmssl.com\/wp-content\/uploads\/2024\/11\/metallic-2.webp?fit=960%2C1200&ssl=1&resize=350%2C200 1x, https:\/\/i0.wp.com\/tmssl.com\/wp-content\/uploads\/2024\/11\/metallic-2.webp?fit=960%2C1200&ssl=1&resize=525%2C300 1.5x, https:\/\/i0.wp.com\/tmssl.com\/wp-content\/uploads\/2024\/11\/metallic-2.webp?fit=960%2C1200&ssl=1&resize=700%2C400 2x"},"classes":[]},{"id":4664,"url":"https:\/\/tmssl.com\/en\/product\/portacuchillas-para-cuchillas-de-diametro-15-mm-cb15-series-rojo-con-muelle\/","url_meta":{"origin":8047,"position":3},"title":"Portacuchillas para cuchillas de diametro 1,5 mm (CB15 series) \u2013 Rojo con muelle","author":"Info","date":"16 de February de 2023","format":false,"excerpt":"Portacuchillas estandard original Graphtec para cuchillas de 1,5 mm de diametro Punta roja + punta ABS negra (con muelle). Si exiges los mejores resultados de corte posibles, entonces no utilices portacuchillas de terceros. Consigue los mejores resultados con cuchillas y portacuchillas originales de Graphtec. Tipo de cuchillas CB15U (Series: CE,FC,FCX)","rel":"","context":"Similar post","block_context":{"text":"Similar post","link":""},"img":{"alt_text":"","src":"https:\/\/i0.wp.com\/tmssl.com\/wp-content\/uploads\/2023\/02\/PHP33-CB15N-HS-2.jpg?fit=1024%2C654&ssl=1&resize=350%2C200","width":350,"height":200,"srcset":"https:\/\/i0.wp.com\/tmssl.com\/wp-content\/uploads\/2023\/02\/PHP33-CB15N-HS-2.jpg?fit=1024%2C654&ssl=1&resize=350%2C200 1x, https:\/\/i0.wp.com\/tmssl.com\/wp-content\/uploads\/2023\/02\/PHP33-CB15N-HS-2.jpg?fit=1024%2C654&ssl=1&resize=525%2C300 1.5x, https:\/\/i0.wp.com\/tmssl.com\/wp-content\/uploads\/2023\/02\/PHP33-CB15N-HS-2.jpg?fit=1024%2C654&ssl=1&resize=700%2C400 2x"},"classes":[]},{"id":4698,"url":"https:\/\/tmssl.com\/en\/product\/cuchillas-compatibles-graphtec-45o-cb09-series\/","url_meta":{"origin":8047,"position":4},"title":"CUCHILLAS COMPATIBLES GRAPHTEC 45\u00ba (CB09 series)","author":"Info","date":"16 de February de 2023","format":false,"excerpt":"CUCHILLAS GRAPHTEC 45\u00ba. Este juego gen\u00e9rico de 5 cuchillas con muelle es adecuado para plotters de corte Graphtec que utilicen porta cuchillas CB09N \u200b\u200b(para cuchillas de \u03c6 0,9 mm). Estas cuchillas incluyen resortes. Tienen un \u00e1ngulo de corte de 45\u00b0, un valor de compensaci\u00f3n de 0,45 mm y un di\u00e1metro\u2026","rel":"","context":"Similar post","block_context":{"text":"Similar post","link":""},"img":{"alt_text":"","src":"","width":0,"height":0},"classes":[]},{"id":4657,"url":"https:\/\/tmssl.com\/en\/product\/portacuchillas-para-cuchillas-de-diametro-09-mm-cb09-series-azul-con-muelle\/","url_meta":{"origin":8047,"position":5},"title":"Portacuchillas para cuchillas de diametro 0,9 mm (CB09 series) \u2013 Azul con muelle","author":"Info","date":"16 de February de 2023","format":false,"excerpt":"Portacuchillas original Graphtec para cuchillas de 0,9 mm de diametro Punta azul + punta ABS negra (con muelle). Si exiges los mejores resultados de corte posibles, entonces no utilices portacuchillas de terceros. Consigue los mejores resultados con cuchillas y portacuchillas originales de Graphtec. Tipo de cuchillas CB09UB series (Series: CE,FC,FCX)\u2026","rel":"","context":"Similar post","block_context":{"text":"Similar post","link":""},"img":{"alt_text":"","src":"https:\/\/i0.wp.com\/tmssl.com\/wp-content\/uploads\/2023\/02\/PHP33-CB09N-HS-3-1.jpg?fit=1024%2C654&ssl=1&resize=350%2C200","width":350,"height":200,"srcset":"https:\/\/i0.wp.com\/tmssl.com\/wp-content\/uploads\/2023\/02\/PHP33-CB09N-HS-3-1.jpg?fit=1024%2C654&ssl=1&resize=350%2C200 1x, https:\/\/i0.wp.com\/tmssl.com\/wp-content\/uploads\/2023\/02\/PHP33-CB09N-HS-3-1.jpg?fit=1024%2C654&ssl=1&resize=525%2C300 1.5x, https:\/\/i0.wp.com\/tmssl.com\/wp-content\/uploads\/2023\/02\/PHP33-CB09N-HS-3-1.jpg?fit=1024%2C654&ssl=1&resize=700%2C400 2x"},"classes":[]}],"jetpack_sharing_enabled":true,"tiered_pricing_type":"fixed","tiered_pricing_fixed_rules":[],"tiered_pricing_product_settings":{"layout":"default","base_unit_name":{"singular":null,"plural":null},"default_variation":null},"tiered_pricing_minimum_quantity":null,"tiered_pricing_roles_data":[],"tiered_pricing_percentage_rules":[],"_links":{"self":[{"href":"https:\/\/tmssl.com\/en\/wp-json\/wp\/v2\/product\/8047","targetHints":{"allow":["GET"]}}],"collection":[{"href":"https:\/\/tmssl.com\/en\/wp-json\/wp\/v2\/product"}],"about":[{"href":"https:\/\/tmssl.com\/en\/wp-json\/wp\/v2\/types\/product"}],"replies":[{"embeddable":true,"href":"https:\/\/tmssl.com\/en\/wp-json\/wp\/v2\/comments?post=8047"}],"version-history":[{"count":2,"href":"https:\/\/tmssl.com\/en\/wp-json\/wp\/v2\/product\/8047\/revisions"}],"predecessor-version":[{"id":8050,"href":"https:\/\/tmssl.com\/en\/wp-json\/wp\/v2\/product\/8047\/revisions\/8050"}],"wp:featuredmedia":[{"embeddable":true,"href":"https:\/\/tmssl.com\/en\/wp-json\/wp\/v2\/media\/8048"}],"wp:attachment":[{"href":"https:\/\/tmssl.com\/en\/wp-json\/wp\/v2\/media?parent=8047"}],"wp:term":[{"taxonomy":"product_brand","embeddable":true,"href":"https:\/\/tmssl.com\/en\/wp-json\/wp\/v2\/product_brand?post=8047"},{"taxonomy":"product_cat","embeddable":true,"href":"https:\/\/tmssl.com\/en\/wp-json\/wp\/v2\/product_cat?post=8047"},{"taxonomy":"product_tag","embeddable":true,"href":"https:\/\/tmssl.com\/en\/wp-json\/wp\/v2\/product_tag?post=8047"}],"curies":[{"name":"wp","href":"https:\/\/api.w.org\/{rel}","templated":true}]}}