{"id":8625,"date":"2024-10-08T15:24:34","date_gmt":"2024-10-08T13:24:34","guid":{"rendered":"https:\/\/tmssl.com\/?post_type=product&#038;p=8625"},"modified":"2024-10-22T10:51:49","modified_gmt":"2024-10-22T08:51:49","slug":"i-600-pro","status":"publish","type":"product","link":"https:\/\/tmssl.com\/en\/product\/i-600-pro\/","title":{"rendered":"I-600 PRO"},"content":{"rendered":"<h2><em>Innuro I-600 PRO<br \/>\n<\/em><\/h2>\n<h5><em>UN PASO M\u00c1S ALL\u00c1\u00a0\u00a0<\/em><\/h5>\n<p title=\"\" data-original-title=\"\" aria-describedby=\"tooltip343744\"><em>La I-600 PRO incorpora nuevos sistemas que la hacen m\u00e1s inteligente, autom\u00e1tica e industrial pero\u00a0mantiene la tecnolog\u00eda de la I-600\u00a0que ha hecho que sea la soluci\u00f3n por excelencia y referente del mercado.<\/em><\/p>\n<section class=\"s_title o_colored_level o_cc o_cc3 pb4 pt48 d-none d-lg-block\" data-vcss=\"001\" data-snippet=\"s_title\" data-name=\"Title\">\n<div class=\"s_allow_columns container\">\n<h2><em>GRAN PRODUCCI\u00d3N PROFESIONAL<\/em><\/h2>\n<\/div>\n<\/section>\n<section class=\"s_text_block pt40 o_colored_level pb0 o_cc o_cc3\" data-snippet=\"s_text_block\" data-name=\"Text\">\n<div class=\"s_allow_columns container\">\n<p><em>Experimenta la revoluci\u00f3n de la impresi\u00f3n con la Innuro I-600 PRO, un plotter que redefine los est\u00e1ndares con sus caracter\u00edsticas avanzadas y tecnolog\u00eda de vanguardia.<\/em><\/p>\n<p><em><strong>Caracter\u00edsticas del Plotter:<\/strong><\/em><\/p>\n<p><em>Con una electr\u00f3nica desarrollada bajo licencia y tecnolog\u00eda Epson, la I-600 PRO garantiza un rendimiento excepcional. El sistema I-MNDC permite trabajar de manera continua sin incidencias ni parones, asegurando una producci\u00f3n fluida y eficiente.<\/em><\/p>\n<p><em>La recirculaci\u00f3n de tinta blanca, implementada a trav\u00e9s del Sistema I-AMHS de mantenimiento autom\u00e1tico de cabezales, optimiza la calidad de impresi\u00f3n y prolonga la vida \u00fatil de los componentes. El Sistema I-TBFS, un sistema de tensi\u00f3n neum\u00e1tico, proporciona una alimentaci\u00f3n equitativa y una alineaci\u00f3n perfecta del material en todo el proceso productivo.<\/em><\/p>\n<p><em>La innovadora tecnolog\u00eda I-EPS facilita el avance del material, mientras que el Sistema I-ADS previene el derroche de tinta, asegurando una gesti\u00f3n eficiente de los recursos. El sistema de guiado de impresi\u00f3n THK garantiza una precisi\u00f3n excepcional, y el stand incluido facilita la instalaci\u00f3n del sistema.<\/em><\/p>\n<p><em>El sistema giratorio de agitaci\u00f3n de tinta ofrece un mezclado homog\u00e9neo, contribuyendo a resultados de impresi\u00f3n superiores.<\/em><\/p>\n<p><em><strong>Caracter\u00edsticas de la Unidad de Secado:<\/strong><\/em><\/p>\n<p><em>La unidad de secado de la I-600 PRO est\u00e1 dise\u00f1ada para mejorar la eficiencia y reducir costos. El Sistema I-PCS para el control del polvo DTF asegura un entorno de trabajo limpio, reduciendo la necesidad de intervenci\u00f3n manual.<\/em><\/p>\n<p><em>Con un purificador incorporado, un sistema de arrastre \u00abBelt\u00bb mejorado y un sistema de extracci\u00f3n \u00abVacuum\u00bb optimizado, la unidad de secado minimiza la intervenci\u00f3n manual y maximiza la eficiencia del proceso.<\/em><\/p>\n<p><em>El nuevo sistema de enfriado y rebobinado neum\u00e1tico, junto con el sistema de doble resistencia de temperatura, completa esta unidad, asegurando una producci\u00f3n continua y de alta calidad.<\/em><\/p>\n<p><em>Descubre una nueva era en la impresi\u00f3n con la Innuro I-600 PRO, donde la innovaci\u00f3n y el rendimiento excepcional se unen para transformar tu experiencia de impresi\u00f3n.<\/em><\/p>\n<p><em><strong>CARACTER\u00cdSTICAS DEL PLOTTER<\/strong><\/em><\/p>\n<p><em>&#8211; Electr\u00f3nica Desarrollada Bajo Licencia y Tecnolog\u00eda Epson.<\/em><br \/>\n<em>&#8211; Sistema I-MNDC, que permite trabajar sin incidencias ni parones.<\/em><br \/>\n<em>&#8211; Recirculaci\u00f3n De Tinta Blanca.<\/em><br \/>\n<em>&#8211; Sistema I-AMHS de mantenimiento autom\u00e1tico de cabezales.<\/em><br \/>\n<em>&#8211; Sistema I- TBFS, sistema de tensi\u00f3n neum\u00e1tico que permite una tensi\u00f3n uniforme, una alimentaci\u00f3n equitativa y una alineaci\u00f3n del material perfecta en todo el proceso productivo.<\/em><br \/>\n<em>&#8211; Sistema I-EPS para el avance del material.<\/em><br \/>\n<em>&#8211; Sistema I-ADS, para prevenir el derroche de tinta.<\/em><br \/>\n<em>&#8211; Sistema de guiado de impresi\u00f3n THK.<\/em><br \/>\n<em>&#8211; Sistema giratorio de agitaci\u00f3n de tinta.<\/em><br \/>\n<em>&#8211; Stand para instalaci\u00f3n del sistema incluido.<\/em><\/p>\n<p><em><strong>CARACTER\u00cdSTICAS DE LA UNIDAD DE POLVO Y SECADO<\/strong><\/em><br \/>\n<em>&#8211; Sistema I-PCS para el control del polvo DTF.<\/em><br \/>\n<em>&#8211; Reduce los costes de producci\u00f3n y trabajo manual.<\/em><br \/>\n<em>&#8211; Purificador incorporado.<\/em><br \/>\n<em>&#8211; Sistema de arrastre \u00abBelt\u00bb Mejorado\u00a0<\/em><br \/>\n<em>&#8211; Sistema de extracci\u00f3n \u00abVacuum\u00bb mejorado<\/em><br \/>\n<em>&#8211; Nuevo sistema de enfriado y rebobinado neum\u00e1tico<\/em><br \/>\n<em>&#8211; Sistema de doble resistencia de temperatura<\/em><\/p>\n<\/div>\n<\/section>","protected":false},"excerpt":{"rendered":"<p>Innuro I-600 PRO UN PASO M\u00c1S ALL\u00c1\u00a0\u00a0 La I-600 PRO incorpora nuevos sistemas que la hacen m\u00e1s inteligente, autom\u00e1tica e industrial pero\u00a0mantiene la tecnolog\u00eda de la I-600\u00a0que ha hecho que sea la soluci\u00f3n por excelencia y referente del mercado. GRAN PRODUCCI\u00d3N PROFESIONAL Experimenta la revoluci\u00f3n de la impresi\u00f3n con la Innuro I-600 PRO, un plotter [&hellip;]<\/p>\n","protected":false},"featured_media":8626,"comment_status":"open","ping_status":"closed","template":"","meta":{"_crdt_document":"","jetpack_publicize_message":"","jetpack_publicize_feature_enabled":true,"jetpack_social_post_already_shared":true,"jetpack_social_options":{"image_generator_settings":{"template":"highway","default_image_id":0,"font":"","enabled":false},"version":2},"_wpas_customize_per_network":false},"product_brand":[],"product_cat":[122635,123199,123236],"product_tag":[],"class_list":{"0":"post-8625","1":"product","2":"type-product","3":"status-publish","4":"has-post-thumbnail","6":"product_cat-dtf","7":"product_cat-innuro","8":"product_cat-plotter-dtf-innuro","10":"first","11":"instock","12":"taxable","13":"shipping-taxable","14":"product-type-simple"},"yoast_head":"<!-- This site is optimized with the Yoast SEO plugin v27.6 - https:\/\/yoast.com\/product\/yoast-seo-wordpress\/ -->\n<title>I-600 PRO - TMS SL<\/title>\n<meta name=\"robots\" content=\"index, follow, max-snippet:-1, max-image-preview:large, max-video-preview:-1\" \/>\n<link rel=\"canonical\" href=\"https:\/\/tmssl.com\/en\/product\/i-600-pro\/\" \/>\n<meta property=\"og:locale\" content=\"en_GB\" \/>\n<meta property=\"og:type\" content=\"article\" \/>\n<meta property=\"og:title\" content=\"I-600 PRO - TMS SL\" \/>\n<meta property=\"og:description\" content=\"Innuro I-600 PRO UN PASO M\u00c1S ALL\u00c1\u00a0\u00a0 La I-600 PRO incorpora nuevos sistemas que la hacen m\u00e1s inteligente, autom\u00e1tica e industrial pero\u00a0mantiene la tecnolog\u00eda de la I-600\u00a0que ha hecho que sea la soluci\u00f3n por excelencia y referente del mercado. GRAN PRODUCCI\u00d3N PROFESIONAL Experimenta la revoluci\u00f3n de la impresi\u00f3n con la Innuro I-600 PRO, un plotter [&hellip;]\" \/>\n<meta property=\"og:url\" content=\"https:\/\/tmssl.com\/en\/product\/i-600-pro\/\" \/>\n<meta property=\"og:site_name\" content=\"TMS SL\" \/>\n<meta property=\"article:modified_time\" content=\"2024-10-22T08:51:49+00:00\" \/>\n<meta property=\"og:image\" content=\"https:\/\/tmssl.com\/wp-content\/uploads\/2024\/10\/la-pro-1024x748trans.png\" \/>\n\t<meta property=\"og:image:width\" content=\"584\" \/>\n\t<meta property=\"og:image:height\" content=\"426\" \/>\n\t<meta property=\"og:image:type\" content=\"image\/png\" \/>\n<meta name=\"twitter:card\" content=\"summary_large_image\" \/>\n<meta name=\"twitter:label1\" content=\"Estimated reading time\" \/>\n\t<meta name=\"twitter:data1\" content=\"3 minutes\" \/>\n<script type=\"application\/ld+json\" class=\"yoast-schema-graph\">{\"@context\":\"https:\\\/\\\/schema.org\",\"@graph\":[{\"@type\":\"WebPage\",\"@id\":\"https:\\\/\\\/tmssl.com\\\/producto\\\/i-600-pro\\\/\",\"url\":\"https:\\\/\\\/tmssl.com\\\/producto\\\/i-600-pro\\\/\",\"name\":\"I-600 PRO - TMS SL\",\"isPartOf\":{\"@id\":\"https:\\\/\\\/tmssl.com\\\/en\\\/#website\"},\"primaryImageOfPage\":{\"@id\":\"https:\\\/\\\/tmssl.com\\\/producto\\\/i-600-pro\\\/#primaryimage\"},\"image\":{\"@id\":\"https:\\\/\\\/tmssl.com\\\/producto\\\/i-600-pro\\\/#primaryimage\"},\"thumbnailUrl\":\"https:\\\/\\\/i0.wp.com\\\/tmssl.com\\\/wp-content\\\/uploads\\\/2024\\\/10\\\/la-pro-1024x748trans.png?fit=584%2C426&ssl=1\",\"datePublished\":\"2024-10-08T13:24:34+00:00\",\"dateModified\":\"2024-10-22T08:51:49+00:00\",\"breadcrumb\":{\"@id\":\"https:\\\/\\\/tmssl.com\\\/producto\\\/i-600-pro\\\/#breadcrumb\"},\"inLanguage\":\"en-GB\",\"potentialAction\":[{\"@type\":\"ReadAction\",\"target\":[\"https:\\\/\\\/tmssl.com\\\/producto\\\/i-600-pro\\\/\"]}]},{\"@type\":\"ImageObject\",\"inLanguage\":\"en-GB\",\"@id\":\"https:\\\/\\\/tmssl.com\\\/producto\\\/i-600-pro\\\/#primaryimage\",\"url\":\"https:\\\/\\\/i0.wp.com\\\/tmssl.com\\\/wp-content\\\/uploads\\\/2024\\\/10\\\/la-pro-1024x748trans.png?fit=584%2C426&ssl=1\",\"contentUrl\":\"https:\\\/\\\/i0.wp.com\\\/tmssl.com\\\/wp-content\\\/uploads\\\/2024\\\/10\\\/la-pro-1024x748trans.png?fit=584%2C426&ssl=1\",\"width\":584,\"height\":426},{\"@type\":\"BreadcrumbList\",\"@id\":\"https:\\\/\\\/tmssl.com\\\/producto\\\/i-600-pro\\\/#breadcrumb\",\"itemListElement\":[{\"@type\":\"ListItem\",\"position\":1,\"name\":\"Portada\",\"item\":\"https:\\\/\\\/tmssl.com\\\/\"},{\"@type\":\"ListItem\",\"position\":2,\"name\":\"Shop\",\"item\":\"https:\\\/\\\/tmssl.com\\\/shop\\\/\"},{\"@type\":\"ListItem\",\"position\":3,\"name\":\"I-600 PRO\"}]},{\"@type\":\"WebSite\",\"@id\":\"https:\\\/\\\/tmssl.com\\\/en\\\/#website\",\"url\":\"https:\\\/\\\/tmssl.com\\\/en\\\/\",\"name\":\"www.tmssl.com\",\"description\":\"Venta de vinilo textil, y consumibles para la personalizacion.\",\"publisher\":{\"@id\":\"https:\\\/\\\/tmssl.com\\\/en\\\/#organization\"},\"potentialAction\":[{\"@type\":\"SearchAction\",\"target\":{\"@type\":\"EntryPoint\",\"urlTemplate\":\"https:\\\/\\\/tmssl.com\\\/en\\\/?s={search_term_string}\"},\"query-input\":{\"@type\":\"PropertyValueSpecification\",\"valueRequired\":true,\"valueName\":\"search_term_string\"}}],\"inLanguage\":\"en-GB\"},{\"@type\":\"Organization\",\"@id\":\"https:\\\/\\\/tmssl.com\\\/en\\\/#organization\",\"name\":\"www.tmssl.com\",\"url\":\"https:\\\/\\\/tmssl.com\\\/en\\\/\",\"logo\":{\"@type\":\"ImageObject\",\"inLanguage\":\"en-GB\",\"@id\":\"https:\\\/\\\/tmssl.com\\\/en\\\/#\\\/schema\\\/logo\\\/image\\\/\",\"url\":\"https:\\\/\\\/tmssl.com\\\/wp-content\\\/uploads\\\/2023\\\/07\\\/LOGO-TMS-ALTA-01.jpg\",\"contentUrl\":\"https:\\\/\\\/tmssl.com\\\/wp-content\\\/uploads\\\/2023\\\/07\\\/LOGO-TMS-ALTA-01.jpg\",\"width\":598,\"height\":597,\"caption\":\"www.tmssl.com\"},\"image\":{\"@id\":\"https:\\\/\\\/tmssl.com\\\/en\\\/#\\\/schema\\\/logo\\\/image\\\/\"},\"sameAs\":[\"https:\\\/\\\/www.instagram.com\\\/vinilotextil.tmssl\\\/\"]}]}<\/script>\n<!-- \/ Yoast SEO plugin. -->","yoast_head_json":{"title":"I-600 PRO - TMS SL","robots":{"index":"index","follow":"follow","max-snippet":"max-snippet:-1","max-image-preview":"max-image-preview:large","max-video-preview":"max-video-preview:-1"},"canonical":"https:\/\/tmssl.com\/en\/product\/i-600-pro\/","og_locale":"en_GB","og_type":"article","og_title":"I-600 PRO - TMS SL","og_description":"Innuro I-600 PRO UN PASO M\u00c1S ALL\u00c1\u00a0\u00a0 La I-600 PRO incorpora nuevos sistemas que la hacen m\u00e1s inteligente, autom\u00e1tica e industrial pero\u00a0mantiene la tecnolog\u00eda de la I-600\u00a0que ha hecho que sea la soluci\u00f3n por excelencia y referente del mercado. GRAN PRODUCCI\u00d3N PROFESIONAL Experimenta la revoluci\u00f3n de la impresi\u00f3n con la Innuro I-600 PRO, un plotter [&hellip;]","og_url":"https:\/\/tmssl.com\/en\/product\/i-600-pro\/","og_site_name":"TMS SL","article_modified_time":"2024-10-22T08:51:49+00:00","og_image":[{"width":584,"height":426,"url":"https:\/\/tmssl.com\/wp-content\/uploads\/2024\/10\/la-pro-1024x748trans.png","type":"image\/png"}],"twitter_card":"summary_large_image","twitter_misc":{"Estimated reading time":"3 minutes"},"schema":{"@context":"https:\/\/schema.org","@graph":[{"@type":"WebPage","@id":"https:\/\/tmssl.com\/producto\/i-600-pro\/","url":"https:\/\/tmssl.com\/producto\/i-600-pro\/","name":"I-600 PRO - TMS SL","isPartOf":{"@id":"https:\/\/tmssl.com\/en\/#website"},"primaryImageOfPage":{"@id":"https:\/\/tmssl.com\/producto\/i-600-pro\/#primaryimage"},"image":{"@id":"https:\/\/tmssl.com\/producto\/i-600-pro\/#primaryimage"},"thumbnailUrl":"https:\/\/i0.wp.com\/tmssl.com\/wp-content\/uploads\/2024\/10\/la-pro-1024x748trans.png?fit=584%2C426&ssl=1","datePublished":"2024-10-08T13:24:34+00:00","dateModified":"2024-10-22T08:51:49+00:00","breadcrumb":{"@id":"https:\/\/tmssl.com\/producto\/i-600-pro\/#breadcrumb"},"inLanguage":"en-GB","potentialAction":[{"@type":"ReadAction","target":["https:\/\/tmssl.com\/producto\/i-600-pro\/"]}]},{"@type":"ImageObject","inLanguage":"en-GB","@id":"https:\/\/tmssl.com\/producto\/i-600-pro\/#primaryimage","url":"https:\/\/i0.wp.com\/tmssl.com\/wp-content\/uploads\/2024\/10\/la-pro-1024x748trans.png?fit=584%2C426&ssl=1","contentUrl":"https:\/\/i0.wp.com\/tmssl.com\/wp-content\/uploads\/2024\/10\/la-pro-1024x748trans.png?fit=584%2C426&ssl=1","width":584,"height":426},{"@type":"BreadcrumbList","@id":"https:\/\/tmssl.com\/producto\/i-600-pro\/#breadcrumb","itemListElement":[{"@type":"ListItem","position":1,"name":"Portada","item":"https:\/\/tmssl.com\/"},{"@type":"ListItem","position":2,"name":"Shop","item":"https:\/\/tmssl.com\/shop\/"},{"@type":"ListItem","position":3,"name":"I-600 PRO"}]},{"@type":"WebSite","@id":"https:\/\/tmssl.com\/en\/#website","url":"https:\/\/tmssl.com\/en\/","name":"www.tmssl.com","description":"Venta de vinilo textil, y consumibles para la personalizacion.","publisher":{"@id":"https:\/\/tmssl.com\/en\/#organization"},"potentialAction":[{"@type":"SearchAction","target":{"@type":"EntryPoint","urlTemplate":"https:\/\/tmssl.com\/en\/?s={search_term_string}"},"query-input":{"@type":"PropertyValueSpecification","valueRequired":true,"valueName":"search_term_string"}}],"inLanguage":"en-GB"},{"@type":"Organization","@id":"https:\/\/tmssl.com\/en\/#organization","name":"www.tmssl.com","url":"https:\/\/tmssl.com\/en\/","logo":{"@type":"ImageObject","inLanguage":"en-GB","@id":"https:\/\/tmssl.com\/en\/#\/schema\/logo\/image\/","url":"https:\/\/tmssl.com\/wp-content\/uploads\/2023\/07\/LOGO-TMS-ALTA-01.jpg","contentUrl":"https:\/\/tmssl.com\/wp-content\/uploads\/2023\/07\/LOGO-TMS-ALTA-01.jpg","width":598,"height":597,"caption":"www.tmssl.com"},"image":{"@id":"https:\/\/tmssl.com\/en\/#\/schema\/logo\/image\/"},"sameAs":["https:\/\/www.instagram.com\/vinilotextil.tmssl\/"]}]}},"jetpack_publicize_connections":[],"jetpack_likes_enabled":true,"jetpack-related-posts":[{"id":8618,"url":"https:\/\/tmssl.com\/en\/product\/8618\/","url_meta":{"origin":8625,"position":0},"title":"I-300 PRO MINI","author":"Info","date":"8 de October de 2024","format":false,"excerpt":"Innuro I-300 MINI\u00a0 Alcanzar el punto m\u00e1s alto de la tecnolog\u00eda DTF no deber\u00eda ser s\u00f3lo para empresas con alta producci\u00f3n y alto nivel econ\u00f3mico. Por eso, hemos dise\u00f1ado\u00a0la primera soluci\u00f3n A2 industrial\u00a0adaptada a tu negocio y producci\u00f3n. PRODUCCI\u00d3N PROFESIONAL EN A2 Descubre la revolucionaria I-300 PRO MINI de Innuro,\u2026","rel":"","context":"Similar post","block_context":{"text":"Similar post","link":""},"img":{"alt_text":"","src":"https:\/\/i0.wp.com\/tmssl.com\/wp-content\/uploads\/2024\/10\/La-mini-1024x853TRANS.png?fit=584%2C486&ssl=1&resize=350%2C200","width":350,"height":200,"srcset":"https:\/\/i0.wp.com\/tmssl.com\/wp-content\/uploads\/2024\/10\/La-mini-1024x853TRANS.png?fit=584%2C486&ssl=1&resize=350%2C200 1x, https:\/\/i0.wp.com\/tmssl.com\/wp-content\/uploads\/2024\/10\/La-mini-1024x853TRANS.png?fit=584%2C486&ssl=1&resize=525%2C300 1.5x"},"classes":[]},{"id":4168,"url":"https:\/\/tmssl.com\/en\/product\/xpertjet-1682sr-pro\/","url_meta":{"origin":8625,"position":1},"title":"XPERTJET 1682SR PRO","author":"Info","date":"13 de February de 2023","format":false,"excerpt":"Obt\u00e9n la nueva impresora\u00a0XpertJet 1682SR Pro. Disponible tres configuraciones enrollador 30, 40 y 100 kg. M\u00e1quina de doble cabezal y 1.625 mm de ancho. Configuracion posible CMYK x 2.","rel":"","context":"Similar post","block_context":{"text":"Similar post","link":""},"img":{"alt_text":"","src":"","width":0,"height":0},"classes":[]},{"id":4171,"url":"https:\/\/tmssl.com\/en\/product\/xpertjet-1341wr-pro\/","url_meta":{"origin":8625,"position":2},"title":"XpertJet 1341WR PRO","author":"Info","date":"13 de February de 2023","format":false,"excerpt":"La impresora\u00a0XpertJet 1341WR Pro\u00a0de 1.370 mm. de ancho, cuenta con el cabezal de impresi\u00f3n de gota variable\u00a0AccuFine 1600 de Mutoh. Sistemas motorizados opcionales enrollado 20 y 30 kg. Tintas de sublimaci\u00f3n HC de la serie DS3 de Mutoh.","rel":"","context":"Similar post","block_context":{"text":"Similar post","link":""},"img":{"alt_text":"","src":"","width":0,"height":0},"classes":[]},{"id":4182,"url":"https:\/\/tmssl.com\/en\/product\/xpertjet-1341sr-pro\/","url_meta":{"origin":8625,"position":3},"title":"XpertJet 1341SR Pro","author":"Info","date":"13 de February de 2023","format":false,"excerpt":"La nueva impresora\u00a0XpertJet 1341SR Pro\u00a0CMYK de 137 cm de ancho cuenta con el nuevo cabezal de impresi\u00f3n piezoel\u00e9ctrico extra ancho AccuFine de Mutoh. Sistemas de recogida motorizados: 20 y 30 kg. 4 colores CMYK.","rel":"","context":"Similar post","block_context":{"text":"Similar post","link":""},"img":{"alt_text":"","src":"","width":0,"height":0},"classes":[]},{"id":3053,"url":"https:\/\/tmssl.com\/en\/product\/tinta-ecosolvente-roland\/","url_meta":{"origin":8625,"position":4},"title":"TINTA ECOSOLVENTE ROLAND ECOSOLMAX ELS3","author":"Info","date":"24 de October de 2022","format":false,"excerpt":"La tinta ECO-SOL MAX de Roland ha recibido varios premios otorgados tanto por organizaciones profesionales de reconocido prestigio como por especialistas del sector. Esta tinta con disolventes suaves seca r\u00e1pidamente, tiene una alta densidad, una amplia gama de color y una buena resistencia al rayado. La tinta tambi\u00e9n es compatible\u2026","rel":"","context":"Similar post","block_context":{"text":"Similar post","link":""},"img":{"alt_text":"","src":"https:\/\/i0.wp.com\/tmssl.com\/wp-content\/uploads\/2022\/10\/tinta-roland-eco-sol-max-220-ml-esl3.jpg?fit=458%2C458&ssl=1&resize=350%2C200","width":350,"height":200},"classes":[]},{"id":11866,"url":"https:\/\/tmssl.com\/en\/product\/tinta-ecosolvente-roland-ecosolmax2-els4\/","url_meta":{"origin":8625,"position":5},"title":"TINTA ECOSOLVENTE ROLAND ECOSOLMAX2 ELS4","author":"Info","date":"17 de April de 2025","format":false,"excerpt":"La tinta ECO-SOL MAX 2 de Roland ha recibido varios premios otorgados tanto por organizaciones profesionales de reconocido prestigio como por especialistas del sector. Esta tinta con disolventes suaves seca r\u00e1pidamente, tiene una alta densidad, una amplia gama de color y una buena resistencia al rayado. La tinta tambi\u00e9n es\u2026","rel":"","context":"Similar post","block_context":{"text":"Similar post","link":""},"img":{"alt_text":"","src":"https:\/\/i0.wp.com\/tmssl.com\/wp-content\/uploads\/2025\/04\/tinta-roland-eco-sol-max-2-440-ml.webp?fit=458%2C458&ssl=1&resize=350%2C200","width":350,"height":200},"classes":[]}],"jetpack_sharing_enabled":true,"tiered_pricing_type":"fixed","tiered_pricing_fixed_rules":[],"tiered_pricing_product_settings":{"layout":"default","base_unit_name":{"singular":null,"plural":null},"default_variation":null},"tiered_pricing_minimum_quantity":null,"tiered_pricing_roles_data":[],"tiered_pricing_percentage_rules":[],"_links":{"self":[{"href":"https:\/\/tmssl.com\/en\/wp-json\/wp\/v2\/product\/8625","targetHints":{"allow":["GET"]}}],"collection":[{"href":"https:\/\/tmssl.com\/en\/wp-json\/wp\/v2\/product"}],"about":[{"href":"https:\/\/tmssl.com\/en\/wp-json\/wp\/v2\/types\/product"}],"replies":[{"embeddable":true,"href":"https:\/\/tmssl.com\/en\/wp-json\/wp\/v2\/comments?post=8625"}],"version-history":[{"count":2,"href":"https:\/\/tmssl.com\/en\/wp-json\/wp\/v2\/product\/8625\/revisions"}],"predecessor-version":[{"id":8628,"href":"https:\/\/tmssl.com\/en\/wp-json\/wp\/v2\/product\/8625\/revisions\/8628"}],"wp:featuredmedia":[{"embeddable":true,"href":"https:\/\/tmssl.com\/en\/wp-json\/wp\/v2\/media\/8626"}],"wp:attachment":[{"href":"https:\/\/tmssl.com\/en\/wp-json\/wp\/v2\/media?parent=8625"}],"wp:term":[{"taxonomy":"product_brand","embeddable":true,"href":"https:\/\/tmssl.com\/en\/wp-json\/wp\/v2\/product_brand?post=8625"},{"taxonomy":"product_cat","embeddable":true,"href":"https:\/\/tmssl.com\/en\/wp-json\/wp\/v2\/product_cat?post=8625"},{"taxonomy":"product_tag","embeddable":true,"href":"https:\/\/tmssl.com\/en\/wp-json\/wp\/v2\/product_tag?post=8625"}],"curies":[{"name":"wp","href":"https:\/\/api.w.org\/{rel}","templated":true}]}}