{"id":8743,"date":"2024-10-21T09:56:59","date_gmt":"2024-10-21T07:56:59","guid":{"rendered":"https:\/\/tmssl.com\/?post_type=product&#038;p=8743"},"modified":"2024-10-21T09:57:49","modified_gmt":"2024-10-21T07:57:49","slug":"8743","status":"publish","type":"product","link":"https:\/\/tmssl.com\/en\/product\/8743\/","title":{"rendered":"CRAFT EXPRESS PRO EASY"},"content":{"rendered":"","protected":false},"excerpt":{"rendered":"<div class=\"ts-line-5\"><em>Prensa autom\u00e1tica de tazas Craft Express Pro Easy utilizada para imprimir en tazas est\u00e1ndar con capacidad de 330 ml y 450 ml.<\/em><\/div>\n<div class=\"ts-product-dscp\">\n<p><em>Operaci\u00f3n sencilla, cierre y apertura autom\u00e1ticos, ajuste autom\u00e1tico de presi\u00f3n para una impresi\u00f3n m\u00e1s r\u00e1pida y sin errores.<\/em><\/p>\n<h2><em>Especificaciones t\u00e9cnicas<\/em><\/h2>\n<div class=\"ts-product-dscp\">\n<ul>\n<li class=\"ts-product-para\"><em>C\u00f3digo de producto:\u00a0<b>CE-AUMP15BL<\/b><\/em><\/li>\n<li class=\"ts-product-para\"><em>Color:\u00a0<b>Azul<\/b><\/em><\/li>\n<li class=\"ts-product-para\"><em>Fuente de alimentaci\u00f3n:\u00a0<b>220 V \/ 110 V 50 ~ 60 Hz<\/b><\/em><\/li>\n<li class=\"ts-product-para\"><em>Potencia:\u00a0<b>280 W<\/b><\/em><\/li>\n<li class=\"ts-product-para\">Dimensiones de la prensa:\u00a0<b>27 x 16,5 cm<\/b><\/li>\n<\/ul>\n<\/div>\n<\/div>","protected":false},"featured_media":8747,"comment_status":"open","ping_status":"closed","template":"","meta":{"_crdt_document":"","jetpack_publicize_message":"","jetpack_publicize_feature_enabled":true,"jetpack_social_post_already_shared":true,"jetpack_social_options":{"image_generator_settings":{"template":"highway","default_image_id":0,"font":"","enabled":false},"version":2},"_wpas_customize_per_network":false},"product_brand":[],"product_cat":[122651,123228],"product_tag":[],"class_list":{"0":"post-8743","1":"product","2":"type-product","3":"status-publish","4":"has-post-thumbnail","6":"product_cat-planchas-textiles","7":"product_cat-tazas-y-botellas","9":"first","10":"instock","11":"taxable","12":"shipping-taxable","13":"purchasable","14":"product-type-simple"},"yoast_head":"<!-- This site is optimized with the Yoast SEO plugin v27.6 - https:\/\/yoast.com\/product\/yoast-seo-wordpress\/ -->\n<title>CRAFT EXPRESS PRO EASY - TMS SL<\/title>\n<meta name=\"robots\" content=\"index, follow, max-snippet:-1, max-image-preview:large, max-video-preview:-1\" \/>\n<link rel=\"canonical\" href=\"https:\/\/tmssl.com\/en\/product\/8743\/\" \/>\n<meta property=\"og:locale\" content=\"en_GB\" \/>\n<meta property=\"og:type\" content=\"article\" \/>\n<meta property=\"og:title\" content=\"CRAFT EXPRESS PRO EASY - TMS SL\" \/>\n<meta property=\"og:description\" content=\"Prensa autom\u00e1tica de tazas Craft Express Pro Easy utilizada para imprimir en tazas est\u00e1ndar con capacidad de 330 ml y 450 ml.   Operaci\u00f3n sencilla, cierre y apertura autom\u00e1ticos, ajuste autom\u00e1tico de presi\u00f3n para una impresi\u00f3n m\u00e1s r\u00e1pida y sin errores. Especificaciones t\u00e9cnicas    C\u00f3digo de producto:\u00a0CE-AUMP15BL  Color:\u00a0Azul  Fuente de alimentaci\u00f3n:\u00a0220 V \/ 110 V 50 ~ 60 Hz  Potencia:\u00a0280 W  Dimensiones de la prensa:\u00a027 x 16,5 cm\" \/>\n<meta property=\"og:url\" content=\"https:\/\/tmssl.com\/en\/product\/8743\/\" \/>\n<meta property=\"og:site_name\" content=\"TMS SL\" \/>\n<meta property=\"article:modified_time\" content=\"2024-10-21T07:57:49+00:00\" \/>\n<meta property=\"og:image\" content=\"https:\/\/tmssl.com\/wp-content\/uploads\/2024\/10\/Craft-Express-Pro-Easy-Blue1.jpg\" \/>\n\t<meta property=\"og:image:width\" content=\"500\" \/>\n\t<meta property=\"og:image:height\" content=\"500\" \/>\n\t<meta property=\"og:image:type\" content=\"image\/jpeg\" \/>\n<meta name=\"twitter:card\" content=\"summary_large_image\" \/>\n<meta name=\"twitter:label1\" content=\"Estimated reading time\" \/>\n\t<meta name=\"twitter:data1\" content=\"1 minute\" \/>\n<script type=\"application\/ld+json\" class=\"yoast-schema-graph\">{\"@context\":\"https:\\\/\\\/schema.org\",\"@graph\":[{\"@type\":\"WebPage\",\"@id\":\"https:\\\/\\\/tmssl.com\\\/producto\\\/8743\\\/\",\"url\":\"https:\\\/\\\/tmssl.com\\\/producto\\\/8743\\\/\",\"name\":\"CRAFT EXPRESS PRO EASY - TMS SL\",\"isPartOf\":{\"@id\":\"https:\\\/\\\/tmssl.com\\\/en\\\/#website\"},\"primaryImageOfPage\":{\"@id\":\"https:\\\/\\\/tmssl.com\\\/producto\\\/8743\\\/#primaryimage\"},\"image\":{\"@id\":\"https:\\\/\\\/tmssl.com\\\/producto\\\/8743\\\/#primaryimage\"},\"thumbnailUrl\":\"https:\\\/\\\/i0.wp.com\\\/tmssl.com\\\/wp-content\\\/uploads\\\/2024\\\/10\\\/Craft-Express-Pro-Easy-Blue1.jpg?fit=500%2C500&ssl=1\",\"datePublished\":\"2024-10-21T07:56:59+00:00\",\"dateModified\":\"2024-10-21T07:57:49+00:00\",\"breadcrumb\":{\"@id\":\"https:\\\/\\\/tmssl.com\\\/producto\\\/8743\\\/#breadcrumb\"},\"inLanguage\":\"en-GB\",\"potentialAction\":[{\"@type\":\"ReadAction\",\"target\":[\"https:\\\/\\\/tmssl.com\\\/producto\\\/8743\\\/\"]}]},{\"@type\":\"ImageObject\",\"inLanguage\":\"en-GB\",\"@id\":\"https:\\\/\\\/tmssl.com\\\/producto\\\/8743\\\/#primaryimage\",\"url\":\"https:\\\/\\\/i0.wp.com\\\/tmssl.com\\\/wp-content\\\/uploads\\\/2024\\\/10\\\/Craft-Express-Pro-Easy-Blue1.jpg?fit=500%2C500&ssl=1\",\"contentUrl\":\"https:\\\/\\\/i0.wp.com\\\/tmssl.com\\\/wp-content\\\/uploads\\\/2024\\\/10\\\/Craft-Express-Pro-Easy-Blue1.jpg?fit=500%2C500&ssl=1\",\"width\":500,\"height\":500},{\"@type\":\"BreadcrumbList\",\"@id\":\"https:\\\/\\\/tmssl.com\\\/producto\\\/8743\\\/#breadcrumb\",\"itemListElement\":[{\"@type\":\"ListItem\",\"position\":1,\"name\":\"Portada\",\"item\":\"https:\\\/\\\/tmssl.com\\\/\"},{\"@type\":\"ListItem\",\"position\":2,\"name\":\"Shop\",\"item\":\"https:\\\/\\\/tmssl.com\\\/shop\\\/\"},{\"@type\":\"ListItem\",\"position\":3,\"name\":\"CRAFT EXPRESS PRO EASY\"}]},{\"@type\":\"WebSite\",\"@id\":\"https:\\\/\\\/tmssl.com\\\/en\\\/#website\",\"url\":\"https:\\\/\\\/tmssl.com\\\/en\\\/\",\"name\":\"www.tmssl.com\",\"description\":\"Venta de vinilo textil, y consumibles para la personalizacion.\",\"publisher\":{\"@id\":\"https:\\\/\\\/tmssl.com\\\/en\\\/#organization\"},\"potentialAction\":[{\"@type\":\"SearchAction\",\"target\":{\"@type\":\"EntryPoint\",\"urlTemplate\":\"https:\\\/\\\/tmssl.com\\\/en\\\/?s={search_term_string}\"},\"query-input\":{\"@type\":\"PropertyValueSpecification\",\"valueRequired\":true,\"valueName\":\"search_term_string\"}}],\"inLanguage\":\"en-GB\"},{\"@type\":\"Organization\",\"@id\":\"https:\\\/\\\/tmssl.com\\\/en\\\/#organization\",\"name\":\"www.tmssl.com\",\"url\":\"https:\\\/\\\/tmssl.com\\\/en\\\/\",\"logo\":{\"@type\":\"ImageObject\",\"inLanguage\":\"en-GB\",\"@id\":\"https:\\\/\\\/tmssl.com\\\/en\\\/#\\\/schema\\\/logo\\\/image\\\/\",\"url\":\"https:\\\/\\\/tmssl.com\\\/wp-content\\\/uploads\\\/2023\\\/07\\\/LOGO-TMS-ALTA-01.jpg\",\"contentUrl\":\"https:\\\/\\\/tmssl.com\\\/wp-content\\\/uploads\\\/2023\\\/07\\\/LOGO-TMS-ALTA-01.jpg\",\"width\":598,\"height\":597,\"caption\":\"www.tmssl.com\"},\"image\":{\"@id\":\"https:\\\/\\\/tmssl.com\\\/en\\\/#\\\/schema\\\/logo\\\/image\\\/\"},\"sameAs\":[\"https:\\\/\\\/www.instagram.com\\\/vinilotextil.tmssl\\\/\"]}]}<\/script>\n<!-- \/ Yoast SEO plugin. -->","yoast_head_json":{"title":"CRAFT EXPRESS PRO EASY - TMS SL","robots":{"index":"index","follow":"follow","max-snippet":"max-snippet:-1","max-image-preview":"max-image-preview:large","max-video-preview":"max-video-preview:-1"},"canonical":"https:\/\/tmssl.com\/en\/product\/8743\/","og_locale":"en_GB","og_type":"article","og_title":"CRAFT EXPRESS PRO EASY - TMS SL","og_description":"Prensa autom\u00e1tica de tazas Craft Express Pro Easy utilizada para imprimir en tazas est\u00e1ndar con capacidad de 330 ml y 450 ml.   Operaci\u00f3n sencilla, cierre y apertura autom\u00e1ticos, ajuste autom\u00e1tico de presi\u00f3n para una impresi\u00f3n m\u00e1s r\u00e1pida y sin errores. Especificaciones t\u00e9cnicas    C\u00f3digo de producto:\u00a0CE-AUMP15BL  Color:\u00a0Azul  Fuente de alimentaci\u00f3n:\u00a0220 V \/ 110 V 50 ~ 60 Hz  Potencia:\u00a0280 W  Dimensiones de la prensa:\u00a027 x 16,5 cm","og_url":"https:\/\/tmssl.com\/en\/product\/8743\/","og_site_name":"TMS SL","article_modified_time":"2024-10-21T07:57:49+00:00","og_image":[{"width":500,"height":500,"url":"https:\/\/tmssl.com\/wp-content\/uploads\/2024\/10\/Craft-Express-Pro-Easy-Blue1.jpg","type":"image\/jpeg"}],"twitter_card":"summary_large_image","twitter_misc":{"Estimated reading time":"1 minute"},"schema":{"@context":"https:\/\/schema.org","@graph":[{"@type":"WebPage","@id":"https:\/\/tmssl.com\/producto\/8743\/","url":"https:\/\/tmssl.com\/producto\/8743\/","name":"CRAFT EXPRESS PRO EASY - TMS SL","isPartOf":{"@id":"https:\/\/tmssl.com\/en\/#website"},"primaryImageOfPage":{"@id":"https:\/\/tmssl.com\/producto\/8743\/#primaryimage"},"image":{"@id":"https:\/\/tmssl.com\/producto\/8743\/#primaryimage"},"thumbnailUrl":"https:\/\/i0.wp.com\/tmssl.com\/wp-content\/uploads\/2024\/10\/Craft-Express-Pro-Easy-Blue1.jpg?fit=500%2C500&ssl=1","datePublished":"2024-10-21T07:56:59+00:00","dateModified":"2024-10-21T07:57:49+00:00","breadcrumb":{"@id":"https:\/\/tmssl.com\/producto\/8743\/#breadcrumb"},"inLanguage":"en-GB","potentialAction":[{"@type":"ReadAction","target":["https:\/\/tmssl.com\/producto\/8743\/"]}]},{"@type":"ImageObject","inLanguage":"en-GB","@id":"https:\/\/tmssl.com\/producto\/8743\/#primaryimage","url":"https:\/\/i0.wp.com\/tmssl.com\/wp-content\/uploads\/2024\/10\/Craft-Express-Pro-Easy-Blue1.jpg?fit=500%2C500&ssl=1","contentUrl":"https:\/\/i0.wp.com\/tmssl.com\/wp-content\/uploads\/2024\/10\/Craft-Express-Pro-Easy-Blue1.jpg?fit=500%2C500&ssl=1","width":500,"height":500},{"@type":"BreadcrumbList","@id":"https:\/\/tmssl.com\/producto\/8743\/#breadcrumb","itemListElement":[{"@type":"ListItem","position":1,"name":"Portada","item":"https:\/\/tmssl.com\/"},{"@type":"ListItem","position":2,"name":"Shop","item":"https:\/\/tmssl.com\/shop\/"},{"@type":"ListItem","position":3,"name":"CRAFT EXPRESS PRO EASY"}]},{"@type":"WebSite","@id":"https:\/\/tmssl.com\/en\/#website","url":"https:\/\/tmssl.com\/en\/","name":"www.tmssl.com","description":"Venta de vinilo textil, y consumibles para la personalizacion.","publisher":{"@id":"https:\/\/tmssl.com\/en\/#organization"},"potentialAction":[{"@type":"SearchAction","target":{"@type":"EntryPoint","urlTemplate":"https:\/\/tmssl.com\/en\/?s={search_term_string}"},"query-input":{"@type":"PropertyValueSpecification","valueRequired":true,"valueName":"search_term_string"}}],"inLanguage":"en-GB"},{"@type":"Organization","@id":"https:\/\/tmssl.com\/en\/#organization","name":"www.tmssl.com","url":"https:\/\/tmssl.com\/en\/","logo":{"@type":"ImageObject","inLanguage":"en-GB","@id":"https:\/\/tmssl.com\/en\/#\/schema\/logo\/image\/","url":"https:\/\/tmssl.com\/wp-content\/uploads\/2023\/07\/LOGO-TMS-ALTA-01.jpg","contentUrl":"https:\/\/tmssl.com\/wp-content\/uploads\/2023\/07\/LOGO-TMS-ALTA-01.jpg","width":598,"height":597,"caption":"www.tmssl.com"},"image":{"@id":"https:\/\/tmssl.com\/en\/#\/schema\/logo\/image\/"},"sameAs":["https:\/\/www.instagram.com\/vinilotextil.tmssl\/"]}]}},"jetpack_publicize_connections":[],"jetpack_likes_enabled":true,"jetpack-related-posts":[{"id":8728,"url":"https:\/\/tmssl.com\/en\/product\/craft-hobby-press\/","url_meta":{"origin":8743,"position":0},"title":"CRAFT HOBBY PRESS","author":"Info","date":"21 de October de 2024","format":false,"excerpt":"La prensa para tazas compacta de Craft Hobby es ideal para tazas de cer\u00e1mica de 330 ml y 450 ml y tazas de metal. La prensa es compatible con nueve calentadores diferentes, incluidos los de vasos, tazas de menor di\u00e1metro, tazas Latte peque\u00f1as y grandes y BW22. DATOS T\u00c9CNICOS Potencia:\u00a0300\u2026","rel":"","context":"Similar post","block_context":{"text":"Similar post","link":""},"img":{"alt_text":"","src":"https:\/\/i0.wp.com\/tmssl.com\/wp-content\/uploads\/2024\/10\/CRAFT-HOBBY1.jpg?fit=500%2C500&ssl=1&resize=350%2C200","width":350,"height":200},"classes":[]},{"id":8752,"url":"https:\/\/tmssl.com\/en\/product\/craft-hobby-press-doble\/","url_meta":{"origin":8743,"position":1},"title":"CRAFT HOBBY PRESS DOBLE","author":"Info","date":"21 de October de 2024","format":false,"excerpt":"Prensa de doble estaci\u00f3n para tazas y vasos - modelo 3 en 1. Calentador incluido: Calentador para botellas y vasos de 300 ml Calentador para Vasos de 330ml Calentador para vasos 900 ml Datos t\u00e9cnicos Potencia:\u00a0750 W Rango de temperatura:\u00a00 - 250 \u00b0C Rango de ajuste de tiempo:\u00a00 - 999\u2026","rel":"","context":"Similar post","block_context":{"text":"Similar post","link":""},"img":{"alt_text":"","src":"https:\/\/i0.wp.com\/tmssl.com\/wp-content\/uploads\/2024\/10\/CRAFT-HOBBY-DOBLE.jpg?fit=500%2C500&ssl=1&resize=350%2C200","width":350,"height":200},"classes":[]},{"id":8763,"url":"https:\/\/tmssl.com\/en\/product\/mug-press-elite-pro-4-en-1\/","url_meta":{"origin":8743,"position":2},"title":"MUG PRESS ELITE PRO 4 en 1","author":"Info","date":"21 de October de 2024","format":false,"excerpt":"Prensa para tazas y vasos - Modelo Elite Pro 4 en 1. Calentadores incluidos: Calentador para botellas y vasos de 300 ml Calentador para Vasos de 330ml Calentador para tazas BW22< \/li> Calentador para vasos 900 ml Datos t\u00e9cnicos Potencia:\u00a0500 W Rango de temperatura:\u00a00 - 200 \u00b0C Rango de ajuste\u2026","rel":"","context":"Similar post","block_context":{"text":"Similar post","link":""},"img":{"alt_text":"","src":"https:\/\/i0.wp.com\/tmssl.com\/wp-content\/uploads\/2024\/10\/Modelo-Elite-Pro-4-en-1-.jpg?fit=500%2C500&ssl=1&resize=350%2C200","width":350,"height":200},"classes":[]},{"id":8739,"url":"https:\/\/tmssl.com\/en\/product\/bottle-hobby-press\/","url_meta":{"origin":8743,"position":3},"title":"BOTTLE HOBBY PRESS","author":"Info","date":"21 de October de 2024","format":false,"excerpt":"La prensa de vaso Craft Express Elite Plus Eco tiene un controlador digital mejorado y f\u00e1cil de usar y emite un pitido al final del ciclo de calentamiento. Independientemente de si es un profesional o simplemente est\u00e1 comenzando su aventura con la impresi\u00f3n, esta prensa es la elecci\u00f3n correcta. El\u2026","rel":"","context":"Similar post","block_context":{"text":"Similar post","link":""},"img":{"alt_text":"","src":"https:\/\/i0.wp.com\/tmssl.com\/wp-content\/uploads\/2024\/10\/BOTELLAS.jpg?fit=500%2C500&ssl=1&resize=350%2C200","width":350,"height":200},"classes":[]},{"id":8776,"url":"https:\/\/tmssl.com\/en\/product\/max-craft-express-25-x-30-cm\/","url_meta":{"origin":8743,"position":4},"title":"MAX CRAFT EXPRESS 25 x 30 cm","author":"Info","date":"21 de October de 2024","format":false,"excerpt":"Prensa t\u00e9rmica para sublimaci\u00f3n y transferencia t\u00e9rmica. Irreemplazable al realizar estampados en ropa, bolsos, baldosas cer\u00e1micas, granitos. etc Datos t\u00e9cnicos Tama\u00f1o de la placa calefactora:\u00a025 x 30 cm Rango de temperatura:\u00a00 - 200\u00b0C Rango de ajuste de tiempo:\u00a00 - 999 sec. Poder:\u00a01000 W Potencia:\u00a0220 V","rel":"","context":"Similar post","block_context":{"text":"Similar post","link":""},"img":{"alt_text":"","src":"https:\/\/i0.wp.com\/tmssl.com\/wp-content\/uploads\/2024\/10\/MAX-CRAFT-EXPRESS.jpg?fit=500%2C500&ssl=1&resize=350%2C200","width":350,"height":200},"classes":[]},{"id":4641,"url":"https:\/\/tmssl.com\/en\/product\/makers-sublimation-primary-pack-submarpastel\/","url_meta":{"origin":8743,"position":5},"title":"MAKERS SUBLIMATION PRIMARY PACK \u2013 SUBMARPASTEL","author":"Info","date":"16 de February de 2023","format":false,"excerpt":"Tu imaginaci\u00f3n es el l\u00edmite Siser se sumerge a\u00fan m\u00e1s en el mundo de la sublimaci\u00f3n con los nuevos rotuladores con tintas sublim\u00e1ticas. Estos marcadores permiten a los artistas dibujar sus propios dise\u00f1os en papel\u00a0 est\u00e1ndar (tipo folio)\u00a0 y aplicar calor a los dise\u00f1os directamente sobre las prendas de poli\u00e9ster,\u00a0\u2026","rel":"","context":"Similar post","block_context":{"text":"Similar post","link":""},"img":{"alt_text":"","src":"","width":0,"height":0},"classes":[]}],"jetpack_sharing_enabled":true,"tiered_pricing_type":"fixed","tiered_pricing_fixed_rules":[],"tiered_pricing_product_settings":{"layout":"default","base_unit_name":{"singular":null,"plural":null},"default_variation":null},"tiered_pricing_minimum_quantity":null,"tiered_pricing_roles_data":[],"tiered_pricing_percentage_rules":[],"_links":{"self":[{"href":"https:\/\/tmssl.com\/en\/wp-json\/wp\/v2\/product\/8743","targetHints":{"allow":["GET"]}}],"collection":[{"href":"https:\/\/tmssl.com\/en\/wp-json\/wp\/v2\/product"}],"about":[{"href":"https:\/\/tmssl.com\/en\/wp-json\/wp\/v2\/types\/product"}],"replies":[{"embeddable":true,"href":"https:\/\/tmssl.com\/en\/wp-json\/wp\/v2\/comments?post=8743"}],"version-history":[{"count":2,"href":"https:\/\/tmssl.com\/en\/wp-json\/wp\/v2\/product\/8743\/revisions"}],"predecessor-version":[{"id":8750,"href":"https:\/\/tmssl.com\/en\/wp-json\/wp\/v2\/product\/8743\/revisions\/8750"}],"wp:featuredmedia":[{"embeddable":true,"href":"https:\/\/tmssl.com\/en\/wp-json\/wp\/v2\/media\/8747"}],"wp:attachment":[{"href":"https:\/\/tmssl.com\/en\/wp-json\/wp\/v2\/media?parent=8743"}],"wp:term":[{"taxonomy":"product_brand","embeddable":true,"href":"https:\/\/tmssl.com\/en\/wp-json\/wp\/v2\/product_brand?post=8743"},{"taxonomy":"product_cat","embeddable":true,"href":"https:\/\/tmssl.com\/en\/wp-json\/wp\/v2\/product_cat?post=8743"},{"taxonomy":"product_tag","embeddable":true,"href":"https:\/\/tmssl.com\/en\/wp-json\/wp\/v2\/product_tag?post=8743"}],"curies":[{"name":"wp","href":"https:\/\/api.w.org\/{rel}","templated":true}]}}