{"id":8763,"date":"2024-10-21T10:11:48","date_gmt":"2024-10-21T08:11:48","guid":{"rendered":"https:\/\/tmssl.com\/?post_type=product&#038;p=8763"},"modified":"2024-10-21T10:11:48","modified_gmt":"2024-10-21T08:11:48","slug":"mug-press-elite-pro-4-en-1","status":"publish","type":"product","link":"https:\/\/tmssl.com\/en\/product\/mug-press-elite-pro-4-en-1\/","title":{"rendered":"MUG PRESS ELITE PRO 4 en 1"},"content":{"rendered":"","protected":false},"excerpt":{"rendered":"<p>Prensa para tazas y vasos &#8211; Modelo Elite Pro 4 en 1.<\/p>\n<p>Calentadores incluidos:<\/p>\n<ul>\n<li>Calentador para botellas y vasos de 300 ml<\/li>\n<li>Calentador para Vasos de 330ml<\/li>\n<li>Calentador para tazas BW22&lt; \/li&gt;<\/li>\n<li>Calentador para vasos 900 ml<\/li>\n<\/ul>\n<h2 class=\"pro_box_h2 pro_dane_h2\"><em>Datos t\u00e9cnicos<\/em><\/h2>\n<div class=\"pro_box_content pro_dane_content\">\n<ul>\n<li><em>Potencia:\u00a0<b>500 W<\/b><\/em><\/li>\n<li><em>Rango de temperatura:\u00a0<b>0 &#8211; 200 \u00b0C<\/b><\/em><\/li>\n<li><em>Rango de ajuste de tiempo:\u00a0<b>0 &#8211; 800 segundos<\/b><\/em><\/li>\n<li><em>Alimentaci\u00f3n:\u00a0<b>220 V<\/b><\/em><\/li>\n<\/ul>\n<\/div>","protected":false},"featured_media":8766,"comment_status":"open","ping_status":"closed","template":"","meta":{"_crdt_document":"","jetpack_publicize_message":"","jetpack_publicize_feature_enabled":true,"jetpack_social_post_already_shared":true,"jetpack_social_options":{"image_generator_settings":{"template":"highway","default_image_id":0,"font":"","enabled":false},"version":2},"_wpas_customize_per_network":false},"product_brand":[],"product_cat":[122651,123228],"product_tag":[],"class_list":{"0":"post-8763","1":"product","2":"type-product","3":"status-publish","4":"has-post-thumbnail","6":"product_cat-planchas-textiles","7":"product_cat-tazas-y-botellas","9":"first","10":"instock","11":"taxable","12":"shipping-taxable","13":"purchasable","14":"product-type-simple"},"yoast_head":"<!-- This site is optimized with the Yoast SEO plugin v27.5 - https:\/\/yoast.com\/product\/yoast-seo-wordpress\/ -->\n<title>MUG PRESS ELITE PRO 4 en 1 - TMS SL<\/title>\n<meta name=\"robots\" content=\"index, follow, max-snippet:-1, max-image-preview:large, max-video-preview:-1\" \/>\n<link rel=\"canonical\" href=\"https:\/\/tmssl.com\/en\/product\/mug-press-elite-pro-4-en-1\/\" \/>\n<meta property=\"og:locale\" content=\"en_GB\" \/>\n<meta property=\"og:type\" content=\"article\" \/>\n<meta property=\"og:title\" content=\"MUG PRESS ELITE PRO 4 en 1 - TMS SL\" \/>\n<meta property=\"og:description\" content=\"Prensa para tazas y vasos - Modelo Elite Pro 4 en 1.  Calentadores incluidos:   Calentador para botellas y vasos de 300 ml  Calentador para Vasos de 330ml  Calentador para tazas BW22&lt; \/li&gt;  Calentador para vasos 900 ml  Datos t\u00e9cnicos    Potencia:\u00a0500 W  Rango de temperatura:\u00a00 - 200 \u00b0C  Rango de ajuste de tiempo:\u00a00 - 800 segundos  Alimentaci\u00f3n:\u00a0220 V\" \/>\n<meta property=\"og:url\" content=\"https:\/\/tmssl.com\/en\/product\/mug-press-elite-pro-4-en-1\/\" \/>\n<meta property=\"og:site_name\" content=\"TMS SL\" \/>\n<meta property=\"og:image\" content=\"https:\/\/tmssl.com\/wp-content\/uploads\/2024\/10\/Modelo-Elite-Pro-4-en-1-.jpg\" \/>\n\t<meta property=\"og:image:width\" content=\"500\" \/>\n\t<meta property=\"og:image:height\" content=\"500\" \/>\n\t<meta property=\"og:image:type\" content=\"image\/jpeg\" \/>\n<meta name=\"twitter:card\" content=\"summary_large_image\" \/>\n<meta name=\"twitter:label1\" content=\"Estimated reading time\" \/>\n\t<meta name=\"twitter:data1\" content=\"1 minute\" \/>\n<script type=\"application\/ld+json\" class=\"yoast-schema-graph\">{\"@context\":\"https:\\\/\\\/schema.org\",\"@graph\":[{\"@type\":\"WebPage\",\"@id\":\"https:\\\/\\\/tmssl.com\\\/producto\\\/mug-press-elite-pro-4-en-1\\\/\",\"url\":\"https:\\\/\\\/tmssl.com\\\/producto\\\/mug-press-elite-pro-4-en-1\\\/\",\"name\":\"MUG PRESS ELITE PRO 4 en 1 - TMS SL\",\"isPartOf\":{\"@id\":\"https:\\\/\\\/tmssl.com\\\/en\\\/#website\"},\"primaryImageOfPage\":{\"@id\":\"https:\\\/\\\/tmssl.com\\\/producto\\\/mug-press-elite-pro-4-en-1\\\/#primaryimage\"},\"image\":{\"@id\":\"https:\\\/\\\/tmssl.com\\\/producto\\\/mug-press-elite-pro-4-en-1\\\/#primaryimage\"},\"thumbnailUrl\":\"https:\\\/\\\/i0.wp.com\\\/tmssl.com\\\/wp-content\\\/uploads\\\/2024\\\/10\\\/Modelo-Elite-Pro-4-en-1-.jpg?fit=500%2C500&ssl=1\",\"datePublished\":\"2024-10-21T08:11:48+00:00\",\"breadcrumb\":{\"@id\":\"https:\\\/\\\/tmssl.com\\\/producto\\\/mug-press-elite-pro-4-en-1\\\/#breadcrumb\"},\"inLanguage\":\"en-GB\",\"potentialAction\":[{\"@type\":\"ReadAction\",\"target\":[\"https:\\\/\\\/tmssl.com\\\/producto\\\/mug-press-elite-pro-4-en-1\\\/\"]}]},{\"@type\":\"ImageObject\",\"inLanguage\":\"en-GB\",\"@id\":\"https:\\\/\\\/tmssl.com\\\/producto\\\/mug-press-elite-pro-4-en-1\\\/#primaryimage\",\"url\":\"https:\\\/\\\/i0.wp.com\\\/tmssl.com\\\/wp-content\\\/uploads\\\/2024\\\/10\\\/Modelo-Elite-Pro-4-en-1-.jpg?fit=500%2C500&ssl=1\",\"contentUrl\":\"https:\\\/\\\/i0.wp.com\\\/tmssl.com\\\/wp-content\\\/uploads\\\/2024\\\/10\\\/Modelo-Elite-Pro-4-en-1-.jpg?fit=500%2C500&ssl=1\",\"width\":500,\"height\":500},{\"@type\":\"BreadcrumbList\",\"@id\":\"https:\\\/\\\/tmssl.com\\\/producto\\\/mug-press-elite-pro-4-en-1\\\/#breadcrumb\",\"itemListElement\":[{\"@type\":\"ListItem\",\"position\":1,\"name\":\"Portada\",\"item\":\"https:\\\/\\\/tmssl.com\\\/\"},{\"@type\":\"ListItem\",\"position\":2,\"name\":\"Shop\",\"item\":\"https:\\\/\\\/tmssl.com\\\/shop\\\/\"},{\"@type\":\"ListItem\",\"position\":3,\"name\":\"MUG PRESS ELITE PRO 4 en 1\"}]},{\"@type\":\"WebSite\",\"@id\":\"https:\\\/\\\/tmssl.com\\\/en\\\/#website\",\"url\":\"https:\\\/\\\/tmssl.com\\\/en\\\/\",\"name\":\"www.tmssl.com\",\"description\":\"Venta de vinilo textil, y consumibles para la personalizacion.\",\"publisher\":{\"@id\":\"https:\\\/\\\/tmssl.com\\\/en\\\/#organization\"},\"potentialAction\":[{\"@type\":\"SearchAction\",\"target\":{\"@type\":\"EntryPoint\",\"urlTemplate\":\"https:\\\/\\\/tmssl.com\\\/en\\\/?s={search_term_string}\"},\"query-input\":{\"@type\":\"PropertyValueSpecification\",\"valueRequired\":true,\"valueName\":\"search_term_string\"}}],\"inLanguage\":\"en-GB\"},{\"@type\":\"Organization\",\"@id\":\"https:\\\/\\\/tmssl.com\\\/en\\\/#organization\",\"name\":\"www.tmssl.com\",\"url\":\"https:\\\/\\\/tmssl.com\\\/en\\\/\",\"logo\":{\"@type\":\"ImageObject\",\"inLanguage\":\"en-GB\",\"@id\":\"https:\\\/\\\/tmssl.com\\\/en\\\/#\\\/schema\\\/logo\\\/image\\\/\",\"url\":\"https:\\\/\\\/tmssl.com\\\/wp-content\\\/uploads\\\/2023\\\/07\\\/LOGO-TMS-ALTA-01.jpg\",\"contentUrl\":\"https:\\\/\\\/tmssl.com\\\/wp-content\\\/uploads\\\/2023\\\/07\\\/LOGO-TMS-ALTA-01.jpg\",\"width\":598,\"height\":597,\"caption\":\"www.tmssl.com\"},\"image\":{\"@id\":\"https:\\\/\\\/tmssl.com\\\/en\\\/#\\\/schema\\\/logo\\\/image\\\/\"},\"sameAs\":[\"https:\\\/\\\/www.instagram.com\\\/vinilotextil.tmssl\\\/\"]}]}<\/script>\n<!-- \/ Yoast SEO plugin. -->","yoast_head_json":{"title":"MUG PRESS ELITE PRO 4 en 1 - TMS SL","robots":{"index":"index","follow":"follow","max-snippet":"max-snippet:-1","max-image-preview":"max-image-preview:large","max-video-preview":"max-video-preview:-1"},"canonical":"https:\/\/tmssl.com\/en\/product\/mug-press-elite-pro-4-en-1\/","og_locale":"en_GB","og_type":"article","og_title":"MUG PRESS ELITE PRO 4 en 1 - TMS SL","og_description":"Prensa para tazas y vasos - Modelo Elite Pro 4 en 1.  Calentadores incluidos:   Calentador para botellas y vasos de 300 ml  Calentador para Vasos de 330ml  Calentador para tazas BW22&lt; \/li&gt;  Calentador para vasos 900 ml  Datos t\u00e9cnicos    Potencia:\u00a0500 W  Rango de temperatura:\u00a00 - 200 \u00b0C  Rango de ajuste de tiempo:\u00a00 - 800 segundos  Alimentaci\u00f3n:\u00a0220 V","og_url":"https:\/\/tmssl.com\/en\/product\/mug-press-elite-pro-4-en-1\/","og_site_name":"TMS SL","og_image":[{"width":500,"height":500,"url":"https:\/\/tmssl.com\/wp-content\/uploads\/2024\/10\/Modelo-Elite-Pro-4-en-1-.jpg","type":"image\/jpeg"}],"twitter_card":"summary_large_image","twitter_misc":{"Estimated reading time":"1 minute"},"schema":{"@context":"https:\/\/schema.org","@graph":[{"@type":"WebPage","@id":"https:\/\/tmssl.com\/producto\/mug-press-elite-pro-4-en-1\/","url":"https:\/\/tmssl.com\/producto\/mug-press-elite-pro-4-en-1\/","name":"MUG PRESS ELITE PRO 4 en 1 - TMS SL","isPartOf":{"@id":"https:\/\/tmssl.com\/en\/#website"},"primaryImageOfPage":{"@id":"https:\/\/tmssl.com\/producto\/mug-press-elite-pro-4-en-1\/#primaryimage"},"image":{"@id":"https:\/\/tmssl.com\/producto\/mug-press-elite-pro-4-en-1\/#primaryimage"},"thumbnailUrl":"https:\/\/i0.wp.com\/tmssl.com\/wp-content\/uploads\/2024\/10\/Modelo-Elite-Pro-4-en-1-.jpg?fit=500%2C500&ssl=1","datePublished":"2024-10-21T08:11:48+00:00","breadcrumb":{"@id":"https:\/\/tmssl.com\/producto\/mug-press-elite-pro-4-en-1\/#breadcrumb"},"inLanguage":"en-GB","potentialAction":[{"@type":"ReadAction","target":["https:\/\/tmssl.com\/producto\/mug-press-elite-pro-4-en-1\/"]}]},{"@type":"ImageObject","inLanguage":"en-GB","@id":"https:\/\/tmssl.com\/producto\/mug-press-elite-pro-4-en-1\/#primaryimage","url":"https:\/\/i0.wp.com\/tmssl.com\/wp-content\/uploads\/2024\/10\/Modelo-Elite-Pro-4-en-1-.jpg?fit=500%2C500&ssl=1","contentUrl":"https:\/\/i0.wp.com\/tmssl.com\/wp-content\/uploads\/2024\/10\/Modelo-Elite-Pro-4-en-1-.jpg?fit=500%2C500&ssl=1","width":500,"height":500},{"@type":"BreadcrumbList","@id":"https:\/\/tmssl.com\/producto\/mug-press-elite-pro-4-en-1\/#breadcrumb","itemListElement":[{"@type":"ListItem","position":1,"name":"Portada","item":"https:\/\/tmssl.com\/"},{"@type":"ListItem","position":2,"name":"Shop","item":"https:\/\/tmssl.com\/shop\/"},{"@type":"ListItem","position":3,"name":"MUG PRESS ELITE PRO 4 en 1"}]},{"@type":"WebSite","@id":"https:\/\/tmssl.com\/en\/#website","url":"https:\/\/tmssl.com\/en\/","name":"www.tmssl.com","description":"Venta de vinilo textil, y consumibles para la personalizacion.","publisher":{"@id":"https:\/\/tmssl.com\/en\/#organization"},"potentialAction":[{"@type":"SearchAction","target":{"@type":"EntryPoint","urlTemplate":"https:\/\/tmssl.com\/en\/?s={search_term_string}"},"query-input":{"@type":"PropertyValueSpecification","valueRequired":true,"valueName":"search_term_string"}}],"inLanguage":"en-GB"},{"@type":"Organization","@id":"https:\/\/tmssl.com\/en\/#organization","name":"www.tmssl.com","url":"https:\/\/tmssl.com\/en\/","logo":{"@type":"ImageObject","inLanguage":"en-GB","@id":"https:\/\/tmssl.com\/en\/#\/schema\/logo\/image\/","url":"https:\/\/tmssl.com\/wp-content\/uploads\/2023\/07\/LOGO-TMS-ALTA-01.jpg","contentUrl":"https:\/\/tmssl.com\/wp-content\/uploads\/2023\/07\/LOGO-TMS-ALTA-01.jpg","width":598,"height":597,"caption":"www.tmssl.com"},"image":{"@id":"https:\/\/tmssl.com\/en\/#\/schema\/logo\/image\/"},"sameAs":["https:\/\/www.instagram.com\/vinilotextil.tmssl\/"]}]}},"jetpack_publicize_connections":[],"jetpack_likes_enabled":true,"jetpack-related-posts":[{"id":8752,"url":"https:\/\/tmssl.com\/en\/product\/craft-hobby-press-doble\/","url_meta":{"origin":8763,"position":0},"title":"CRAFT HOBBY PRESS DOBLE","author":"Info","date":"21 de October de 2024","format":false,"excerpt":"Prensa de doble estaci\u00f3n para tazas y vasos - modelo 3 en 1. Calentador incluido: Calentador para botellas y vasos de 300 ml Calentador para Vasos de 330ml Calentador para vasos 900 ml Datos t\u00e9cnicos Potencia:\u00a0750 W Rango de temperatura:\u00a00 - 250 \u00b0C Rango de ajuste de tiempo:\u00a00 - 999\u2026","rel":"","context":"Similar post","block_context":{"text":"Similar post","link":""},"img":{"alt_text":"","src":"https:\/\/i0.wp.com\/tmssl.com\/wp-content\/uploads\/2024\/10\/CRAFT-HOBBY-DOBLE.jpg?fit=500%2C500&ssl=1&resize=350%2C200","width":350,"height":200},"classes":[]},{"id":8739,"url":"https:\/\/tmssl.com\/en\/product\/bottle-hobby-press\/","url_meta":{"origin":8763,"position":1},"title":"BOTTLE HOBBY PRESS","author":"Info","date":"21 de October de 2024","format":false,"excerpt":"La prensa de vaso Craft Express Elite Plus Eco tiene un controlador digital mejorado y f\u00e1cil de usar y emite un pitido al final del ciclo de calentamiento. Independientemente de si es un profesional o simplemente est\u00e1 comenzando su aventura con la impresi\u00f3n, esta prensa es la elecci\u00f3n correcta. El\u2026","rel":"","context":"Similar post","block_context":{"text":"Similar post","link":""},"img":{"alt_text":"","src":"https:\/\/i0.wp.com\/tmssl.com\/wp-content\/uploads\/2024\/10\/BOTELLAS.jpg?fit=500%2C500&ssl=1&resize=350%2C200","width":350,"height":200},"classes":[]},{"id":8728,"url":"https:\/\/tmssl.com\/en\/product\/craft-hobby-press\/","url_meta":{"origin":8763,"position":2},"title":"CRAFT HOBBY PRESS","author":"Info","date":"21 de October de 2024","format":false,"excerpt":"La prensa para tazas compacta de Craft Hobby es ideal para tazas de cer\u00e1mica de 330 ml y 450 ml y tazas de metal. La prensa es compatible con nueve calentadores diferentes, incluidos los de vasos, tazas de menor di\u00e1metro, tazas Latte peque\u00f1as y grandes y BW22. DATOS T\u00c9CNICOS Potencia:\u00a0300\u2026","rel":"","context":"Similar post","block_context":{"text":"Similar post","link":""},"img":{"alt_text":"","src":"https:\/\/i0.wp.com\/tmssl.com\/wp-content\/uploads\/2024\/10\/CRAFT-HOBBY1.jpg?fit=500%2C500&ssl=1&resize=350%2C200","width":350,"height":200},"classes":[]},{"id":8743,"url":"https:\/\/tmssl.com\/en\/product\/8743\/","url_meta":{"origin":8763,"position":3},"title":"CRAFT EXPRESS PRO EASY","author":"Info","date":"21 de October de 2024","format":false,"excerpt":"Prensa autom\u00e1tica de tazas Craft Express Pro Easy utilizada para imprimir en tazas est\u00e1ndar con capacidad de 330 ml y 450 ml. Operaci\u00f3n sencilla, cierre y apertura autom\u00e1ticos, ajuste autom\u00e1tico de presi\u00f3n para una impresi\u00f3n m\u00e1s r\u00e1pida y sin errores. Especificaciones t\u00e9cnicas C\u00f3digo de producto:\u00a0CE-AUMP15BL Color:\u00a0Azul Fuente de alimentaci\u00f3n:\u00a0220 V\u2026","rel":"","context":"Similar post","block_context":{"text":"Similar post","link":""},"img":{"alt_text":"","src":"https:\/\/i0.wp.com\/tmssl.com\/wp-content\/uploads\/2024\/10\/Craft-Express-Pro-Easy-Blue1.jpg?fit=500%2C500&ssl=1&resize=350%2C200","width":350,"height":200},"classes":[]},{"id":1116,"url":"https:\/\/tmssl.com\/en\/product\/mug-pro-duo\/","url_meta":{"origin":8763,"position":4},"title":"MUG PRO DUO","author":"Info","date":"13 de September de 2022","format":false,"excerpt":"Plancha termica de tazas Mug Pro DUO\u00a0 La plancha t\u00e9rmica para sublimaci\u00f3n de tazas personalizadas es una maquina preparada para sublimar 2 tazas de cer\u00e1mica de manera muy sencila. El ajuste del tiempo y la temperatura se regula con un temporizador incorporado en la misma m\u00e1quina. Esta es de f\u00e1cil\u2026","rel":"","context":"Similar post","block_context":{"text":"Similar post","link":""},"img":{"alt_text":"","src":"https:\/\/i0.wp.com\/tmssl.com\/wp-content\/uploads\/2022\/09\/MUG-PRO-DUO-3.jpg?fit=1000%2C662&ssl=1&resize=350%2C200","width":350,"height":200,"srcset":"https:\/\/i0.wp.com\/tmssl.com\/wp-content\/uploads\/2022\/09\/MUG-PRO-DUO-3.jpg?fit=1000%2C662&ssl=1&resize=350%2C200 1x, https:\/\/i0.wp.com\/tmssl.com\/wp-content\/uploads\/2022\/09\/MUG-PRO-DUO-3.jpg?fit=1000%2C662&ssl=1&resize=525%2C300 1.5x, https:\/\/i0.wp.com\/tmssl.com\/wp-content\/uploads\/2022\/09\/MUG-PRO-DUO-3.jpg?fit=1000%2C662&ssl=1&resize=700%2C400 2x"},"classes":[]},{"id":9795,"url":"https:\/\/tmssl.com\/en\/product\/sumach-auto-pro\/","url_meta":{"origin":8763,"position":5},"title":"LAMINADORA AUTOMATICA SUMACH AUTO PRO","author":"Info","date":"18 de November de 2024","format":false,"excerpt":"Sumach Auto Pro es una laminadora con rodillo superior en caliente de hasta 50 grados, aunque tambi\u00e9n puede laminar en fr\u00edo. Adem\u00e1s es completamente autom\u00e1tica ya que cuenta con un compresor incluido. Es ideal para una producci\u00f3n media, siendo \u00f3ptima para vinilos de impresi\u00f3n o vinilos de corte ya que\u2026","rel":"","context":"Similar post","block_context":{"text":"Similar post","link":""},"img":{"alt_text":"","src":"https:\/\/i0.wp.com\/tmssl.com\/wp-content\/uploads\/2024\/11\/sumach-t165pro.jpg?fit=1024%2C1024&ssl=1&resize=350%2C200","width":350,"height":200,"srcset":"https:\/\/i0.wp.com\/tmssl.com\/wp-content\/uploads\/2024\/11\/sumach-t165pro.jpg?fit=1024%2C1024&ssl=1&resize=350%2C200 1x, https:\/\/i0.wp.com\/tmssl.com\/wp-content\/uploads\/2024\/11\/sumach-t165pro.jpg?fit=1024%2C1024&ssl=1&resize=525%2C300 1.5x, https:\/\/i0.wp.com\/tmssl.com\/wp-content\/uploads\/2024\/11\/sumach-t165pro.jpg?fit=1024%2C1024&ssl=1&resize=700%2C400 2x"},"classes":[]}],"jetpack_sharing_enabled":true,"tiered_pricing_type":"fixed","tiered_pricing_fixed_rules":[],"tiered_pricing_product_settings":{"layout":"default","base_unit_name":{"singular":null,"plural":null},"default_variation":null},"tiered_pricing_minimum_quantity":null,"tiered_pricing_roles_data":[],"tiered_pricing_percentage_rules":[],"_links":{"self":[{"href":"https:\/\/tmssl.com\/en\/wp-json\/wp\/v2\/product\/8763","targetHints":{"allow":["GET"]}}],"collection":[{"href":"https:\/\/tmssl.com\/en\/wp-json\/wp\/v2\/product"}],"about":[{"href":"https:\/\/tmssl.com\/en\/wp-json\/wp\/v2\/types\/product"}],"replies":[{"embeddable":true,"href":"https:\/\/tmssl.com\/en\/wp-json\/wp\/v2\/comments?post=8763"}],"version-history":[{"count":1,"href":"https:\/\/tmssl.com\/en\/wp-json\/wp\/v2\/product\/8763\/revisions"}],"predecessor-version":[{"id":8767,"href":"https:\/\/tmssl.com\/en\/wp-json\/wp\/v2\/product\/8763\/revisions\/8767"}],"wp:featuredmedia":[{"embeddable":true,"href":"https:\/\/tmssl.com\/en\/wp-json\/wp\/v2\/media\/8766"}],"wp:attachment":[{"href":"https:\/\/tmssl.com\/en\/wp-json\/wp\/v2\/media?parent=8763"}],"wp:term":[{"taxonomy":"product_brand","embeddable":true,"href":"https:\/\/tmssl.com\/en\/wp-json\/wp\/v2\/product_brand?post=8763"},{"taxonomy":"product_cat","embeddable":true,"href":"https:\/\/tmssl.com\/en\/wp-json\/wp\/v2\/product_cat?post=8763"},{"taxonomy":"product_tag","embeddable":true,"href":"https:\/\/tmssl.com\/en\/wp-json\/wp\/v2\/product_tag?post=8763"}],"curies":[{"name":"wp","href":"https:\/\/api.w.org\/{rel}","templated":true}]}}