{"id":8776,"date":"2024-10-21T10:22:46","date_gmt":"2024-10-21T08:22:46","guid":{"rendered":"https:\/\/tmssl.com\/?post_type=product&#038;p=8776"},"modified":"2024-10-21T10:22:46","modified_gmt":"2024-10-21T08:22:46","slug":"max-craft-express-25-x-30-cm","status":"publish","type":"product","link":"https:\/\/tmssl.com\/en\/product\/max-craft-express-25-x-30-cm\/","title":{"rendered":"MAX CRAFT EXPRESS 25 x 30 cm"},"content":{"rendered":"","protected":false},"excerpt":{"rendered":"<p><em>Prensa t\u00e9rmica para sublimaci\u00f3n y transferencia t\u00e9rmica.<\/em><\/p>\n<p><em>Irreemplazable al realizar estampados en ropa, bolsos, baldosas cer\u00e1micas, granitos. etc<\/em><\/p>\n<h2 class=\"pro_box_h2 pro_dane_h2\"><em>Datos t\u00e9cnicos<\/em><\/h2>\n<div class=\"pro_box_content pro_dane_content\">\n<ul>\n<li><em>Tama\u00f1o de la placa calefactora:\u00a0<b>25 x 30 cm<\/b><\/em><\/li>\n<li><em>Rango de temperatura:\u00a0<b>0 &#8211; 200\u00b0C<\/b><\/em><\/li>\n<li><em>Rango de ajuste de tiempo:\u00a0<b>0 &#8211; 999 sec.<\/b><\/em><\/li>\n<li><em>Poder:\u00a0<b>1000 W<\/b><\/em><\/li>\n<li><em>Potencia:\u00a0<b>220 V<\/b><\/em><\/li>\n<\/ul>\n<\/div>","protected":false},"featured_media":8780,"comment_status":"open","ping_status":"closed","template":"","meta":{"_crdt_document":"","jetpack_publicize_message":"","jetpack_publicize_feature_enabled":true,"jetpack_social_post_already_shared":true,"jetpack_social_options":{"image_generator_settings":{"template":"highway","default_image_id":0,"font":"","enabled":false},"version":2},"_wpas_customize_per_network":false},"product_brand":[],"product_cat":[123229,122651],"product_tag":[],"class_list":{"0":"post-8776","1":"product","2":"type-product","3":"status-publish","4":"has-post-thumbnail","6":"product_cat-mini-press","7":"product_cat-planchas-textiles","9":"first","10":"instock","11":"taxable","12":"shipping-taxable","13":"purchasable","14":"product-type-simple"},"yoast_head":"<!-- This site is optimized with the Yoast SEO plugin v27.6 - https:\/\/yoast.com\/product\/yoast-seo-wordpress\/ -->\n<title>MAX CRAFT EXPRESS 25 x 30 cm - TMS SL<\/title>\n<meta name=\"robots\" content=\"index, follow, max-snippet:-1, max-image-preview:large, max-video-preview:-1\" \/>\n<link rel=\"canonical\" href=\"https:\/\/tmssl.com\/en\/product\/max-craft-express-25-x-30-cm\/\" \/>\n<meta property=\"og:locale\" content=\"en_GB\" \/>\n<meta property=\"og:type\" content=\"article\" \/>\n<meta property=\"og:title\" content=\"MAX CRAFT EXPRESS 25 x 30 cm - TMS SL\" \/>\n<meta property=\"og:description\" content=\"Prensa t\u00e9rmica para sublimaci\u00f3n y transferencia t\u00e9rmica.  Irreemplazable al realizar estampados en ropa, bolsos, baldosas cer\u00e1micas, granitos. etc Datos t\u00e9cnicos    Tama\u00f1o de la placa calefactora:\u00a025 x 30 cm  Rango de temperatura:\u00a00 - 200\u00b0C  Rango de ajuste de tiempo:\u00a00 - 999 sec.  Poder:\u00a01000 W  Potencia:\u00a0220 V\" \/>\n<meta property=\"og:url\" content=\"https:\/\/tmssl.com\/en\/product\/max-craft-express-25-x-30-cm\/\" \/>\n<meta property=\"og:site_name\" content=\"TMS SL\" \/>\n<meta property=\"og:image\" content=\"https:\/\/tmssl.com\/wp-content\/uploads\/2024\/10\/MAX-CRAFT-EXPRESS.jpg\" \/>\n\t<meta property=\"og:image:width\" content=\"500\" \/>\n\t<meta property=\"og:image:height\" content=\"500\" \/>\n\t<meta property=\"og:image:type\" content=\"image\/jpeg\" \/>\n<meta name=\"twitter:card\" content=\"summary_large_image\" \/>\n<meta name=\"twitter:label1\" content=\"Estimated reading time\" \/>\n\t<meta name=\"twitter:data1\" content=\"1 minute\" \/>\n<script type=\"application\/ld+json\" class=\"yoast-schema-graph\">{\"@context\":\"https:\\\/\\\/schema.org\",\"@graph\":[{\"@type\":\"WebPage\",\"@id\":\"https:\\\/\\\/tmssl.com\\\/producto\\\/max-craft-express-25-x-30-cm\\\/\",\"url\":\"https:\\\/\\\/tmssl.com\\\/producto\\\/max-craft-express-25-x-30-cm\\\/\",\"name\":\"MAX CRAFT EXPRESS 25 x 30 cm - TMS SL\",\"isPartOf\":{\"@id\":\"https:\\\/\\\/tmssl.com\\\/en\\\/#website\"},\"primaryImageOfPage\":{\"@id\":\"https:\\\/\\\/tmssl.com\\\/producto\\\/max-craft-express-25-x-30-cm\\\/#primaryimage\"},\"image\":{\"@id\":\"https:\\\/\\\/tmssl.com\\\/producto\\\/max-craft-express-25-x-30-cm\\\/#primaryimage\"},\"thumbnailUrl\":\"https:\\\/\\\/i0.wp.com\\\/tmssl.com\\\/wp-content\\\/uploads\\\/2024\\\/10\\\/MAX-CRAFT-EXPRESS.jpg?fit=500%2C500&ssl=1\",\"datePublished\":\"2024-10-21T08:22:46+00:00\",\"breadcrumb\":{\"@id\":\"https:\\\/\\\/tmssl.com\\\/producto\\\/max-craft-express-25-x-30-cm\\\/#breadcrumb\"},\"inLanguage\":\"en-GB\",\"potentialAction\":[{\"@type\":\"ReadAction\",\"target\":[\"https:\\\/\\\/tmssl.com\\\/producto\\\/max-craft-express-25-x-30-cm\\\/\"]}]},{\"@type\":\"ImageObject\",\"inLanguage\":\"en-GB\",\"@id\":\"https:\\\/\\\/tmssl.com\\\/producto\\\/max-craft-express-25-x-30-cm\\\/#primaryimage\",\"url\":\"https:\\\/\\\/i0.wp.com\\\/tmssl.com\\\/wp-content\\\/uploads\\\/2024\\\/10\\\/MAX-CRAFT-EXPRESS.jpg?fit=500%2C500&ssl=1\",\"contentUrl\":\"https:\\\/\\\/i0.wp.com\\\/tmssl.com\\\/wp-content\\\/uploads\\\/2024\\\/10\\\/MAX-CRAFT-EXPRESS.jpg?fit=500%2C500&ssl=1\",\"width\":500,\"height\":500},{\"@type\":\"BreadcrumbList\",\"@id\":\"https:\\\/\\\/tmssl.com\\\/producto\\\/max-craft-express-25-x-30-cm\\\/#breadcrumb\",\"itemListElement\":[{\"@type\":\"ListItem\",\"position\":1,\"name\":\"Portada\",\"item\":\"https:\\\/\\\/tmssl.com\\\/\"},{\"@type\":\"ListItem\",\"position\":2,\"name\":\"Shop\",\"item\":\"https:\\\/\\\/tmssl.com\\\/shop\\\/\"},{\"@type\":\"ListItem\",\"position\":3,\"name\":\"MAX CRAFT EXPRESS 25 x 30 cm\"}]},{\"@type\":\"WebSite\",\"@id\":\"https:\\\/\\\/tmssl.com\\\/en\\\/#website\",\"url\":\"https:\\\/\\\/tmssl.com\\\/en\\\/\",\"name\":\"www.tmssl.com\",\"description\":\"Venta de vinilo textil, y consumibles para la personalizacion.\",\"publisher\":{\"@id\":\"https:\\\/\\\/tmssl.com\\\/en\\\/#organization\"},\"potentialAction\":[{\"@type\":\"SearchAction\",\"target\":{\"@type\":\"EntryPoint\",\"urlTemplate\":\"https:\\\/\\\/tmssl.com\\\/en\\\/?s={search_term_string}\"},\"query-input\":{\"@type\":\"PropertyValueSpecification\",\"valueRequired\":true,\"valueName\":\"search_term_string\"}}],\"inLanguage\":\"en-GB\"},{\"@type\":\"Organization\",\"@id\":\"https:\\\/\\\/tmssl.com\\\/en\\\/#organization\",\"name\":\"www.tmssl.com\",\"url\":\"https:\\\/\\\/tmssl.com\\\/en\\\/\",\"logo\":{\"@type\":\"ImageObject\",\"inLanguage\":\"en-GB\",\"@id\":\"https:\\\/\\\/tmssl.com\\\/en\\\/#\\\/schema\\\/logo\\\/image\\\/\",\"url\":\"https:\\\/\\\/tmssl.com\\\/wp-content\\\/uploads\\\/2023\\\/07\\\/LOGO-TMS-ALTA-01.jpg\",\"contentUrl\":\"https:\\\/\\\/tmssl.com\\\/wp-content\\\/uploads\\\/2023\\\/07\\\/LOGO-TMS-ALTA-01.jpg\",\"width\":598,\"height\":597,\"caption\":\"www.tmssl.com\"},\"image\":{\"@id\":\"https:\\\/\\\/tmssl.com\\\/en\\\/#\\\/schema\\\/logo\\\/image\\\/\"},\"sameAs\":[\"https:\\\/\\\/www.instagram.com\\\/vinilotextil.tmssl\\\/\"]}]}<\/script>\n<!-- \/ Yoast SEO plugin. -->","yoast_head_json":{"title":"MAX CRAFT EXPRESS 25 x 30 cm - TMS SL","robots":{"index":"index","follow":"follow","max-snippet":"max-snippet:-1","max-image-preview":"max-image-preview:large","max-video-preview":"max-video-preview:-1"},"canonical":"https:\/\/tmssl.com\/en\/product\/max-craft-express-25-x-30-cm\/","og_locale":"en_GB","og_type":"article","og_title":"MAX CRAFT EXPRESS 25 x 30 cm - TMS SL","og_description":"Prensa t\u00e9rmica para sublimaci\u00f3n y transferencia t\u00e9rmica.  Irreemplazable al realizar estampados en ropa, bolsos, baldosas cer\u00e1micas, granitos. etc Datos t\u00e9cnicos    Tama\u00f1o de la placa calefactora:\u00a025 x 30 cm  Rango de temperatura:\u00a00 - 200\u00b0C  Rango de ajuste de tiempo:\u00a00 - 999 sec.  Poder:\u00a01000 W  Potencia:\u00a0220 V","og_url":"https:\/\/tmssl.com\/en\/product\/max-craft-express-25-x-30-cm\/","og_site_name":"TMS SL","og_image":[{"width":500,"height":500,"url":"https:\/\/tmssl.com\/wp-content\/uploads\/2024\/10\/MAX-CRAFT-EXPRESS.jpg","type":"image\/jpeg"}],"twitter_card":"summary_large_image","twitter_misc":{"Estimated reading time":"1 minute"},"schema":{"@context":"https:\/\/schema.org","@graph":[{"@type":"WebPage","@id":"https:\/\/tmssl.com\/producto\/max-craft-express-25-x-30-cm\/","url":"https:\/\/tmssl.com\/producto\/max-craft-express-25-x-30-cm\/","name":"MAX CRAFT EXPRESS 25 x 30 cm - TMS SL","isPartOf":{"@id":"https:\/\/tmssl.com\/en\/#website"},"primaryImageOfPage":{"@id":"https:\/\/tmssl.com\/producto\/max-craft-express-25-x-30-cm\/#primaryimage"},"image":{"@id":"https:\/\/tmssl.com\/producto\/max-craft-express-25-x-30-cm\/#primaryimage"},"thumbnailUrl":"https:\/\/i0.wp.com\/tmssl.com\/wp-content\/uploads\/2024\/10\/MAX-CRAFT-EXPRESS.jpg?fit=500%2C500&ssl=1","datePublished":"2024-10-21T08:22:46+00:00","breadcrumb":{"@id":"https:\/\/tmssl.com\/producto\/max-craft-express-25-x-30-cm\/#breadcrumb"},"inLanguage":"en-GB","potentialAction":[{"@type":"ReadAction","target":["https:\/\/tmssl.com\/producto\/max-craft-express-25-x-30-cm\/"]}]},{"@type":"ImageObject","inLanguage":"en-GB","@id":"https:\/\/tmssl.com\/producto\/max-craft-express-25-x-30-cm\/#primaryimage","url":"https:\/\/i0.wp.com\/tmssl.com\/wp-content\/uploads\/2024\/10\/MAX-CRAFT-EXPRESS.jpg?fit=500%2C500&ssl=1","contentUrl":"https:\/\/i0.wp.com\/tmssl.com\/wp-content\/uploads\/2024\/10\/MAX-CRAFT-EXPRESS.jpg?fit=500%2C500&ssl=1","width":500,"height":500},{"@type":"BreadcrumbList","@id":"https:\/\/tmssl.com\/producto\/max-craft-express-25-x-30-cm\/#breadcrumb","itemListElement":[{"@type":"ListItem","position":1,"name":"Portada","item":"https:\/\/tmssl.com\/"},{"@type":"ListItem","position":2,"name":"Shop","item":"https:\/\/tmssl.com\/shop\/"},{"@type":"ListItem","position":3,"name":"MAX CRAFT EXPRESS 25 x 30 cm"}]},{"@type":"WebSite","@id":"https:\/\/tmssl.com\/en\/#website","url":"https:\/\/tmssl.com\/en\/","name":"www.tmssl.com","description":"Venta de vinilo textil, y consumibles para la personalizacion.","publisher":{"@id":"https:\/\/tmssl.com\/en\/#organization"},"potentialAction":[{"@type":"SearchAction","target":{"@type":"EntryPoint","urlTemplate":"https:\/\/tmssl.com\/en\/?s={search_term_string}"},"query-input":{"@type":"PropertyValueSpecification","valueRequired":true,"valueName":"search_term_string"}}],"inLanguage":"en-GB"},{"@type":"Organization","@id":"https:\/\/tmssl.com\/en\/#organization","name":"www.tmssl.com","url":"https:\/\/tmssl.com\/en\/","logo":{"@type":"ImageObject","inLanguage":"en-GB","@id":"https:\/\/tmssl.com\/en\/#\/schema\/logo\/image\/","url":"https:\/\/tmssl.com\/wp-content\/uploads\/2023\/07\/LOGO-TMS-ALTA-01.jpg","contentUrl":"https:\/\/tmssl.com\/wp-content\/uploads\/2023\/07\/LOGO-TMS-ALTA-01.jpg","width":598,"height":597,"caption":"www.tmssl.com"},"image":{"@id":"https:\/\/tmssl.com\/en\/#\/schema\/logo\/image\/"},"sameAs":["https:\/\/www.instagram.com\/vinilotextil.tmssl\/"]}]}},"jetpack_publicize_connections":[],"jetpack_likes_enabled":true,"jetpack-related-posts":[{"id":8768,"url":"https:\/\/tmssl.com\/en\/product\/mini-craft-press\/","url_meta":{"origin":8776,"position":0},"title":"MINI CRAFT PRESS","author":"Info","date":"21 de October de 2024","format":false,"excerpt":"Peque\u00f1a prensa t\u00e9rmica para sublimaci\u00f3n y transferencia t\u00e9rmica. La prensa est\u00e1 dise\u00f1ada para transferir patrones complejos en lugares de dif\u00edcil acceso, por ejemplo, entre botones y costuras. Irreemplazable al realizar estampados en ropa, gorras, zapatos, mascotas, etc. Datos t\u00e9cnicos Tama\u00f1o de la placa calefactora:\u00a05,8 x 9 cm Rango de temperatura:\u00a00\u2026","rel":"","context":"Similar post","block_context":{"text":"Similar post","link":""},"img":{"alt_text":"","src":"https:\/\/i0.wp.com\/tmssl.com\/wp-content\/uploads\/2024\/10\/MINI-CRAFT-PRESS4.jpg?fit=500%2C500&ssl=1&resize=350%2C200","width":350,"height":200},"classes":[]},{"id":8891,"url":"https:\/\/tmssl.com\/en\/product\/ts-due\/","url_meta":{"origin":8776,"position":1},"title":"PLANCHA TERMICA NEUMATICA TS DUE","author":"Info","date":"21 de October de 2024","format":false,"excerpt":"La TS-DUE es una plancha autom\u00e1tica para impresi\u00f3n t\u00e9rmica con funci\u00f3n neum\u00e1tica y doble plato de trabajo. Su estabilidad y facilidad de uso permiten una producci\u00f3n r\u00e1pida y efectiva. Una vez finalizado el tiempo de planchado, el plato superior, con apertura lateral, sube autom\u00e1ticamente, garantizando la m\u00e1xima seguridad operativa. Adem\u00e1s,\u2026","rel":"","context":"Similar post","block_context":{"text":"Similar post","link":""},"img":{"alt_text":"","src":"https:\/\/i0.wp.com\/tmssl.com\/wp-content\/uploads\/2024\/10\/TS-DOUBLE.jpg?fit=697%2C563&ssl=1&resize=350%2C200","width":350,"height":200,"srcset":"https:\/\/i0.wp.com\/tmssl.com\/wp-content\/uploads\/2024\/10\/TS-DOUBLE.jpg?fit=697%2C563&ssl=1&resize=350%2C200 1x, https:\/\/i0.wp.com\/tmssl.com\/wp-content\/uploads\/2024\/10\/TS-DOUBLE.jpg?fit=697%2C563&ssl=1&resize=525%2C300 1.5x"},"classes":[]},{"id":8866,"url":"https:\/\/tmssl.com\/en\/product\/plancha-electromagnetica-40x50-premium\/","url_meta":{"origin":8776,"position":2},"title":"PLANCHA ELECTROMAGNETICA 40X50 PREMIUM","author":"Info","date":"21 de October de 2024","format":false,"excerpt":"Plancha t\u00e9rmica profesional para camisetas Sumach 4050 Premium La Sumach 4050 Premium es una\u00a0plancha t\u00e9rmica profesional\u00a0de alta calidad, dise\u00f1ada para ofrecer un rendimiento excepcional en la personalizaci\u00f3n de productos mediante transferencia t\u00e9rmica. Comparaci\u00f3n con la Sumach 4050 Est\u00e1ndar A diferencia de la versi\u00f3n est\u00e1ndar 4050, la 4050 Premium cuenta con\u2026","rel":"","context":"Similar post","block_context":{"text":"Similar post","link":""},"img":{"alt_text":"","src":"https:\/\/i0.wp.com\/tmssl.com\/wp-content\/uploads\/2024\/10\/4050-premium.jpg?fit=1024%2C1024&ssl=1&resize=350%2C200","width":350,"height":200,"srcset":"https:\/\/i0.wp.com\/tmssl.com\/wp-content\/uploads\/2024\/10\/4050-premium.jpg?fit=1024%2C1024&ssl=1&resize=350%2C200 1x, https:\/\/i0.wp.com\/tmssl.com\/wp-content\/uploads\/2024\/10\/4050-premium.jpg?fit=1024%2C1024&ssl=1&resize=525%2C300 1.5x, https:\/\/i0.wp.com\/tmssl.com\/wp-content\/uploads\/2024\/10\/4050-premium.jpg?fit=1024%2C1024&ssl=1&resize=700%2C400 2x"},"classes":[]},{"id":1095,"url":"https:\/\/tmssl.com\/en\/product\/pluto\/","url_meta":{"origin":8776,"position":3},"title":"PLUTO CAP PRESS","author":"Info","date":"12 de September de 2022","format":false,"excerpt":"Plancha t\u00e9rmica para gorras Pluto Cap PRESS La plancha t\u00e9rmica para gorras Pluto Cap GS-501 para sublimaci\u00f3n personalizados es una maquina preparada para sublimar gorras de manera muy sencilla. Su sistema distribuye la presi\u00f3n de manera uniforme en todo el producto. Se pueden adquirir accesorios intercambiables de f\u00e1cil montaje. La\u2026","rel":"","context":"Similar post","block_context":{"text":"Similar post","link":""},"img":{"alt_text":"","src":"https:\/\/i0.wp.com\/tmssl.com\/wp-content\/uploads\/2022\/09\/PLUTO.jpg?fit=754%2C1200&ssl=1&resize=350%2C200","width":350,"height":200,"srcset":"https:\/\/i0.wp.com\/tmssl.com\/wp-content\/uploads\/2022\/09\/PLUTO.jpg?fit=754%2C1200&ssl=1&resize=350%2C200 1x, https:\/\/i0.wp.com\/tmssl.com\/wp-content\/uploads\/2022\/09\/PLUTO.jpg?fit=754%2C1200&ssl=1&resize=525%2C300 1.5x, https:\/\/i0.wp.com\/tmssl.com\/wp-content\/uploads\/2022\/09\/PLUTO.jpg?fit=754%2C1200&ssl=1&resize=700%2C400 2x"},"classes":[]},{"id":1127,"url":"https:\/\/tmssl.com\/en\/product\/craft-press\/","url_meta":{"origin":8776,"position":4},"title":"SISER CRAFT PRESS","author":"Info","date":"13 de September de 2022","format":false,"excerpt":"\u00a1POR FIN PUEDES DEJAR LA PLANCHA DE CASA Y PASAR A UNA ALTERNATIVA ASEQUIBLE! Las planchas caseras y las prensas manuales son ideales para empezar o si quieres planchar algunas prendas de vez en cuando, pero cuando empiezas a decorar prendas para otros o decides emprender un negocio de fabricaci\u00f3n\u2026","rel":"","context":"Similar post","block_context":{"text":"Similar post","link":""},"img":{"alt_text":"","src":"https:\/\/i0.wp.com\/tmssl.com\/wp-content\/uploads\/2022\/09\/CRAFT-PRESS.jpg?fit=1200%2C741&ssl=1&resize=350%2C200","width":350,"height":200,"srcset":"https:\/\/i0.wp.com\/tmssl.com\/wp-content\/uploads\/2022\/09\/CRAFT-PRESS.jpg?fit=1200%2C741&ssl=1&resize=350%2C200 1x, https:\/\/i0.wp.com\/tmssl.com\/wp-content\/uploads\/2022\/09\/CRAFT-PRESS.jpg?fit=1200%2C741&ssl=1&resize=525%2C300 1.5x, https:\/\/i0.wp.com\/tmssl.com\/wp-content\/uploads\/2022\/09\/CRAFT-PRESS.jpg?fit=1200%2C741&ssl=1&resize=700%2C400 2x, https:\/\/i0.wp.com\/tmssl.com\/wp-content\/uploads\/2022\/09\/CRAFT-PRESS.jpg?fit=1200%2C741&ssl=1&resize=1050%2C600 3x"},"classes":[]},{"id":6407,"url":"https:\/\/tmssl.com\/en\/product\/vinilo-textil-puff\/","url_meta":{"origin":8776,"position":5},"title":"VINILO TEXTIL PUFF","author":"Info","date":"30 de November de 2023","format":false,"excerpt":"El vinilo textil PUFF\u00a0es un material efecto 3d, se hincha con la calor Te debe cortar en espejo al igual que el resto de vinilos textiles. Incluye transportador. NO compatible con dise\u00f1os a capas. Rollo de 25 cm de ancho x 50 cm de largo.\u00a0 Los vinilos textiles han de\u2026","rel":"","context":"Similar post","block_context":{"text":"Similar post","link":""},"img":{"alt_text":"","src":"https:\/\/i0.wp.com\/tmssl.com\/wp-content\/uploads\/2023\/11\/Captura-de-pantalla-2023-11-14-a-las-16.54.51.png?fit=1200%2C1199&ssl=1&resize=350%2C200","width":350,"height":200,"srcset":"https:\/\/i0.wp.com\/tmssl.com\/wp-content\/uploads\/2023\/11\/Captura-de-pantalla-2023-11-14-a-las-16.54.51.png?fit=1200%2C1199&ssl=1&resize=350%2C200 1x, https:\/\/i0.wp.com\/tmssl.com\/wp-content\/uploads\/2023\/11\/Captura-de-pantalla-2023-11-14-a-las-16.54.51.png?fit=1200%2C1199&ssl=1&resize=525%2C300 1.5x, https:\/\/i0.wp.com\/tmssl.com\/wp-content\/uploads\/2023\/11\/Captura-de-pantalla-2023-11-14-a-las-16.54.51.png?fit=1200%2C1199&ssl=1&resize=700%2C400 2x, https:\/\/i0.wp.com\/tmssl.com\/wp-content\/uploads\/2023\/11\/Captura-de-pantalla-2023-11-14-a-las-16.54.51.png?fit=1200%2C1199&ssl=1&resize=1050%2C600 3x"},"classes":[]}],"jetpack_sharing_enabled":true,"tiered_pricing_type":"fixed","tiered_pricing_fixed_rules":[],"tiered_pricing_product_settings":{"layout":"default","base_unit_name":{"singular":null,"plural":null},"default_variation":null},"tiered_pricing_minimum_quantity":null,"tiered_pricing_roles_data":[],"tiered_pricing_percentage_rules":[],"_links":{"self":[{"href":"https:\/\/tmssl.com\/en\/wp-json\/wp\/v2\/product\/8776","targetHints":{"allow":["GET"]}}],"collection":[{"href":"https:\/\/tmssl.com\/en\/wp-json\/wp\/v2\/product"}],"about":[{"href":"https:\/\/tmssl.com\/en\/wp-json\/wp\/v2\/types\/product"}],"replies":[{"embeddable":true,"href":"https:\/\/tmssl.com\/en\/wp-json\/wp\/v2\/comments?post=8776"}],"version-history":[{"count":1,"href":"https:\/\/tmssl.com\/en\/wp-json\/wp\/v2\/product\/8776\/revisions"}],"predecessor-version":[{"id":8781,"href":"https:\/\/tmssl.com\/en\/wp-json\/wp\/v2\/product\/8776\/revisions\/8781"}],"wp:featuredmedia":[{"embeddable":true,"href":"https:\/\/tmssl.com\/en\/wp-json\/wp\/v2\/media\/8780"}],"wp:attachment":[{"href":"https:\/\/tmssl.com\/en\/wp-json\/wp\/v2\/media?parent=8776"}],"wp:term":[{"taxonomy":"product_brand","embeddable":true,"href":"https:\/\/tmssl.com\/en\/wp-json\/wp\/v2\/product_brand?post=8776"},{"taxonomy":"product_cat","embeddable":true,"href":"https:\/\/tmssl.com\/en\/wp-json\/wp\/v2\/product_cat?post=8776"},{"taxonomy":"product_tag","embeddable":true,"href":"https:\/\/tmssl.com\/en\/wp-json\/wp\/v2\/product_tag?post=8776"}],"curies":[{"name":"wp","href":"https:\/\/api.w.org\/{rel}","templated":true}]}}