{"id":8888,"date":"2024-10-21T12:25:15","date_gmt":"2024-10-21T10:25:15","guid":{"rendered":"https:\/\/tmssl.com\/?post_type=product&#038;p=8888"},"modified":"2025-04-16T11:37:34","modified_gmt":"2025-04-16T09:37:34","slug":"ts-mono","status":"publish","type":"product","link":"https:\/\/tmssl.com\/en\/product\/ts-mono\/","title":{"rendered":"PLANCHA TEXTIL SISER NEUMATICA TS MONO"},"content":{"rendered":"<div data-elementor-type=\"product-post\" data-elementor-id=\"8888\" class=\"elementor elementor-8888\" data-elementor-post-type=\"product\">\n\t\t\t\t<div class=\"elementor-element elementor-element-6c5e5798 e-grid e-con-boxed e-con e-parent\" data-id=\"6c5e5798\" data-element_type=\"container\" data-e-type=\"container\">\n\t\t\t\t\t<div class=\"e-con-inner\">\n\t\t\t\t<div class=\"elementor-element elementor-element-6efcff61 elementor-widget elementor-widget-text-editor\" data-id=\"6efcff61\" data-element_type=\"widget\" data-e-type=\"widget\" data-widget_type=\"text-editor.default\">\n\t\t\t\t<div class=\"elementor-widget-container\">\n\t\t\t\t\t<p><strong>Caracter\u00edsticas del producto:<\/strong><\/p><ul><li><strong>Tama\u00f1o plato:<\/strong>\u00a038 x 50 cm<\/li><li><strong>Fuerza: 2000 vatios<\/strong><\/li><li>Voltaje: 220 vatios<\/li><li><strong>Apertura y cierre:\u00a0<\/strong>manual<\/li><li><strong>Movimiento:\u00a0<\/strong>sandwich lateral<\/li><li><strong>Plato inferior extra\u00edble:\u00a0<\/strong>no<\/li><li><strong>Ajuste presi\u00f3n:\u00a0<\/strong>manual<\/li><li><strong>Tama\u00f1o cerrado:<\/strong> Ancho 94 x Profundidad 78 x Alto 72<\/li><li><strong>Tama\u00f1o abierto:<\/strong> Ancho 95 x Profundidad 85 x Alto 72 cm<\/li><li><strong>Peso:<\/strong> 99 Kg<\/li><li><strong>Temperatura maxima<\/strong>: 250\u00baC<\/li><li><strong>Presi\u00f3n de contacto: <\/strong>1,2 \u2013 1,5 Kg\/cm\u00b2 (2,5 \u2013 8 bares)<\/li><\/ul>\t\t\t\t<\/div>\n\t\t\t\t<\/div>\n\t\t\t\t<div class=\"elementor-element elementor-element-55dc1c61 elementor-widget elementor-widget-text-editor\" data-id=\"55dc1c61\" data-element_type=\"widget\" data-e-type=\"widget\" data-widget_type=\"text-editor.default\">\n\t\t\t\t<div class=\"elementor-widget-container\">\n\t\t\t\t\t<p><b>Accesorios disponibles:<\/b><\/p><ul><li>platos para gorras<\/li><li>platos 15 x 15 cm<\/li><li>platos para zapatos<\/li><li>platos 38 x 10 cm<\/li><li>platos 30 x 15 cm<\/li><\/ul>\t\t\t\t<\/div>\n\t\t\t\t<\/div>\n\t\t\t\t\t<\/div>\n\t\t\t\t<\/div>\n\t\t<div class=\"elementor-element elementor-element-24cab2c6 e-flex e-con-boxed e-con e-parent\" data-id=\"24cab2c6\" data-element_type=\"container\" data-e-type=\"container\">\n\t\t\t\t\t<div class=\"e-con-inner\">\n\t\t\t\t<div class=\"elementor-element elementor-element-7a5a4596 elementor-widget elementor-widget-spacer\" data-id=\"7a5a4596\" data-element_type=\"widget\" data-e-type=\"widget\" data-widget_type=\"spacer.default\">\n\t\t\t\t<div class=\"elementor-widget-container\">\n\t\t\t\t\t<div class=\"elementor-spacer\">\n\t\t\t<div class=\"elementor-spacer-inner\"><\/div>\n\t\t<\/div>\t\t\t\t<\/div>\n\t\t\t\t<\/div>\n\t\t\t\t\t<\/div>\n\t\t\t\t<\/div>\n\t\t<div class=\"elementor-element elementor-element-3a244725 e-flex e-con-boxed e-con e-parent\" data-id=\"3a244725\" data-element_type=\"container\" data-e-type=\"container\">\n\t\t\t\t\t<div class=\"e-con-inner\">\n\t\t<div class=\"elementor-element elementor-element-393331fc e-con-full e-flex e-con e-child\" data-id=\"393331fc\" data-element_type=\"container\" data-e-type=\"container\">\n\t\t\t\t<div class=\"elementor-element elementor-element-1fa74de elementor-widget elementor-widget-text-editor\" data-id=\"1fa74de\" data-element_type=\"widget\" data-e-type=\"widget\" data-widget_type=\"text-editor.default\">\n\t\t\t\t<div class=\"elementor-widget-container\">\n\t\t\t\t\t<h3><strong><a href=\"https:\/\/tmssl.com\/wp-content\/uploads\/2025\/04\/ts_mono_eng.pdf\" target=\"_blank\" rel=\"noopener\">Descarga la ficha tecnica<\/a><\/strong><\/h3>\t\t\t\t<\/div>\n\t\t\t\t<\/div>\n\t\t\t\t<\/div>\n\t\t\t\t\t<\/div>\n\t\t\t\t<\/div>\n\t\t<div class=\"elementor-element elementor-element-407c46e0 e-flex e-con-boxed e-con e-parent\" data-id=\"407c46e0\" data-element_type=\"container\" data-e-type=\"container\">\n\t\t\t\t\t<div class=\"e-con-inner\">\n\t\t\t\t<div class=\"elementor-element elementor-element-416bca8 elementor-widget elementor-widget-spacer\" data-id=\"416bca8\" data-element_type=\"widget\" data-e-type=\"widget\" data-widget_type=\"spacer.default\">\n\t\t\t\t<div class=\"elementor-widget-container\">\n\t\t\t\t\t<div class=\"elementor-spacer\">\n\t\t\t<div class=\"elementor-spacer-inner\"><\/div>\n\t\t<\/div>\t\t\t\t<\/div>\n\t\t\t\t<\/div>\n\t\t\t\t\t<\/div>\n\t\t\t\t<\/div>\n\t\t<div class=\"elementor-element elementor-element-27bec8ad e-flex e-con-boxed e-con e-parent\" data-id=\"27bec8ad\" data-element_type=\"container\" data-e-type=\"container\">\n\t\t\t\t\t<div class=\"e-con-inner\">\n\t\t\t\t<div class=\"elementor-element elementor-element-5c75a83 elementor-widget elementor-widget-spacer\" data-id=\"5c75a83\" data-element_type=\"widget\" data-e-type=\"widget\" data-widget_type=\"spacer.default\">\n\t\t\t\t<div class=\"elementor-widget-container\">\n\t\t\t\t\t<div class=\"elementor-spacer\">\n\t\t\t<div class=\"elementor-spacer-inner\"><\/div>\n\t\t<\/div>\t\t\t\t<\/div>\n\t\t\t\t<\/div>\n\t\t\t\t\t<\/div>\n\t\t\t\t<\/div>\n\t\t<div class=\"elementor-element elementor-element-7cb840b0 e-flex e-con-boxed e-con e-parent\" data-id=\"7cb840b0\" data-element_type=\"container\" data-e-type=\"container\">\n\t\t\t\t\t<div class=\"e-con-inner\">\n\t\t\t\t<div class=\"elementor-element elementor-element-39b57214 elementor-widget elementor-widget-spacer\" data-id=\"39b57214\" data-element_type=\"widget\" data-e-type=\"widget\" data-widget_type=\"spacer.default\">\n\t\t\t\t<div class=\"elementor-widget-container\">\n\t\t\t\t\t<div class=\"elementor-spacer\">\n\t\t\t<div class=\"elementor-spacer-inner\"><\/div>\n\t\t<\/div>\t\t\t\t<\/div>\n\t\t\t\t<\/div>\n\t\t\t\t\t<\/div>\n\t\t\t\t<\/div>\n\t\t<div class=\"elementor-element elementor-element-3d3eb17b e-flex e-con-boxed e-con e-parent\" data-id=\"3d3eb17b\" data-element_type=\"container\" data-e-type=\"container\">\n\t\t\t\t\t<div class=\"e-con-inner\">\n\t\t\t\t<div class=\"elementor-element elementor-element-74138112 elementor-widget elementor-widget-spacer\" data-id=\"74138112\" data-element_type=\"widget\" data-e-type=\"widget\" data-widget_type=\"spacer.default\">\n\t\t\t\t<div class=\"elementor-widget-container\">\n\t\t\t\t\t<div class=\"elementor-spacer\">\n\t\t\t<div class=\"elementor-spacer-inner\"><\/div>\n\t\t<\/div>\t\t\t\t<\/div>\n\t\t\t\t<\/div>\n\t\t\t\t\t<\/div>\n\t\t\t\t<\/div>\n\t\t\t\t<\/div>","protected":false},"excerpt":{"rendered":"<p><img decoding=\"async\" class=\"alignnone size-medium wp-image-10834 aligncenter\" src=\"https:\/\/tmssl.com\/wp-content\/uploads\/2023\/11\/logo-300x138.png\" alt=\"\" width=\"300\" height=\"138\" srcset=\"https:\/\/i0.wp.com\/tmssl.com\/wp-content\/uploads\/2023\/11\/logo.png?resize=300%2C138&amp;ssl=1 300w, https:\/\/i0.wp.com\/tmssl.com\/wp-content\/uploads\/2023\/11\/logo.png?resize=18%2C8&amp;ssl=1 18w, https:\/\/i0.wp.com\/tmssl.com\/wp-content\/uploads\/2023\/11\/logo.png?w=340&amp;ssl=1 340w\" sizes=\"(max-width: 300px) 100vw, 300px\" \/><\/p>\n<p style=\"text-align: center;\">TS MONO es una plancha t\u00e9rmica autom\u00e1tica de funci\u00f3n neum\u00e1tica y placa de soporte \u00fanica, apta para todo tipo de aplicaciones sobre textiles,<\/p>\n<p style=\"text-align: center;\">materiales termotransferibles, plastisol, sublim\u00e1tica\u2026<\/p>\n<p style=\"text-align: center;\">La placa superior se abre autom\u00e1ticamente girando hacia un lado para garantizar la seguridad de funcionamiento.<\/p>\n<p style=\"text-align: center;\">Su versatilidad permite al operador imprimir sobre objetos con un espesor m\u00e1ximo de 50 mm (aluminio, cer\u00e1mica\u2026)<\/p>\n<p style=\"text-align: center;\">Las planchas de impresi\u00f3n (15 x 15 cm o 15 x 38 cm) y los juegos de tapas son opcionales y est\u00e1n disponibles a un costo adicional.<\/p>\n<p style=\"text-align: center;\"><strong><span>Requiere compresor de aire (NO incluido) con caudal de aire de 200 litros por minuto y presi\u00f3n de al menos 8 bar.<\/span><\/strong><\/p>","protected":false},"featured_media":8889,"comment_status":"open","ping_status":"closed","template":"","meta":{"_crdt_document":"","jetpack_publicize_message":"","jetpack_publicize_feature_enabled":true,"jetpack_social_post_already_shared":true,"jetpack_social_options":{"image_generator_settings":{"template":"highway","default_image_id":0,"font":"","enabled":false},"version":2},"_wpas_customize_per_network":false},"product_brand":[123336],"product_cat":[123230,122652,122651],"product_tag":[],"class_list":{"0":"post-8888","1":"product","2":"type-product","3":"status-publish","4":"has-post-thumbnail","6":"product_brand-siser","7":"product_cat-planchas-neumaticas","8":"product_cat-planchas-siser","9":"product_cat-planchas-textiles","11":"first","12":"instock","13":"taxable","14":"shipping-taxable","15":"purchasable","16":"product-type-simple"},"yoast_head":"<!-- This site is optimized with the Yoast SEO plugin v27.5 - https:\/\/yoast.com\/product\/yoast-seo-wordpress\/ -->\n<title>PLANCHA TEXTIL SISER NEUMATICA TS MONO - TMS SL<\/title>\n<meta name=\"robots\" content=\"index, follow, max-snippet:-1, max-image-preview:large, max-video-preview:-1\" \/>\n<link rel=\"canonical\" href=\"https:\/\/tmssl.com\/en\/product\/ts-mono\/\" \/>\n<meta property=\"og:locale\" content=\"en_GB\" \/>\n<meta property=\"og:type\" content=\"article\" \/>\n<meta property=\"og:title\" content=\"PLANCHA TEXTIL SISER NEUMATICA TS MONO - TMS SL\" \/>\n<meta property=\"og:description\" content=\"TS MONO es una plancha t\u00e9rmica autom\u00e1tica de funci\u00f3n neum\u00e1tica y placa de soporte \u00fanica, apta para todo tipo de aplicaciones sobre textiles, materiales termotransferibles, plastisol, sublim\u00e1tica\u2026 La placa superior se abre autom\u00e1ticamente girando hacia un lado para garantizar la seguridad de funcionamiento. Su versatilidad permite al operador imprimir sobre objetos con un espesor m\u00e1ximo de 50 mm (aluminio, cer\u00e1mica\u2026) Las planchas de impresi\u00f3n (15 x 15 cm o 15 x 38 cm) y los juegos de tapas son opcionales y est\u00e1n disponibles a un costo adicional. Requiere compresor de aire (NO incluido) con caudal de aire de 200 litros por minuto y presi\u00f3n de al menos 8 bar.\" \/>\n<meta property=\"og:url\" content=\"https:\/\/tmssl.com\/en\/product\/ts-mono\/\" \/>\n<meta property=\"og:site_name\" content=\"TMS SL\" \/>\n<meta property=\"article:modified_time\" content=\"2025-04-16T09:37:34+00:00\" \/>\n<meta property=\"og:image\" content=\"https:\/\/tmssl.com\/wp-content\/uploads\/2024\/10\/ts-mono.jpg\" \/>\n\t<meta property=\"og:image:width\" content=\"1030\" \/>\n\t<meta property=\"og:image:height\" content=\"687\" \/>\n\t<meta property=\"og:image:type\" content=\"image\/jpeg\" \/>\n<meta name=\"twitter:card\" content=\"summary_large_image\" \/>\n<script type=\"application\/ld+json\" class=\"yoast-schema-graph\">{\"@context\":\"https:\\\/\\\/schema.org\",\"@graph\":[{\"@type\":\"WebPage\",\"@id\":\"https:\\\/\\\/tmssl.com\\\/producto\\\/ts-mono\\\/\",\"url\":\"https:\\\/\\\/tmssl.com\\\/producto\\\/ts-mono\\\/\",\"name\":\"PLANCHA TEXTIL SISER NEUMATICA TS MONO - TMS SL\",\"isPartOf\":{\"@id\":\"https:\\\/\\\/tmssl.com\\\/en\\\/#website\"},\"primaryImageOfPage\":{\"@id\":\"https:\\\/\\\/tmssl.com\\\/producto\\\/ts-mono\\\/#primaryimage\"},\"image\":{\"@id\":\"https:\\\/\\\/tmssl.com\\\/producto\\\/ts-mono\\\/#primaryimage\"},\"thumbnailUrl\":\"https:\\\/\\\/i0.wp.com\\\/tmssl.com\\\/wp-content\\\/uploads\\\/2024\\\/10\\\/ts-mono.jpg?fit=1030%2C687&ssl=1\",\"datePublished\":\"2024-10-21T10:25:15+00:00\",\"dateModified\":\"2025-04-16T09:37:34+00:00\",\"breadcrumb\":{\"@id\":\"https:\\\/\\\/tmssl.com\\\/producto\\\/ts-mono\\\/#breadcrumb\"},\"inLanguage\":\"en-GB\",\"potentialAction\":[{\"@type\":\"ReadAction\",\"target\":[\"https:\\\/\\\/tmssl.com\\\/producto\\\/ts-mono\\\/\"]}]},{\"@type\":\"ImageObject\",\"inLanguage\":\"en-GB\",\"@id\":\"https:\\\/\\\/tmssl.com\\\/producto\\\/ts-mono\\\/#primaryimage\",\"url\":\"https:\\\/\\\/i0.wp.com\\\/tmssl.com\\\/wp-content\\\/uploads\\\/2024\\\/10\\\/ts-mono.jpg?fit=1030%2C687&ssl=1\",\"contentUrl\":\"https:\\\/\\\/i0.wp.com\\\/tmssl.com\\\/wp-content\\\/uploads\\\/2024\\\/10\\\/ts-mono.jpg?fit=1030%2C687&ssl=1\",\"width\":1030,\"height\":687},{\"@type\":\"BreadcrumbList\",\"@id\":\"https:\\\/\\\/tmssl.com\\\/producto\\\/ts-mono\\\/#breadcrumb\",\"itemListElement\":[{\"@type\":\"ListItem\",\"position\":1,\"name\":\"Portada\",\"item\":\"https:\\\/\\\/tmssl.com\\\/\"},{\"@type\":\"ListItem\",\"position\":2,\"name\":\"Shop\",\"item\":\"https:\\\/\\\/tmssl.com\\\/shop\\\/\"},{\"@type\":\"ListItem\",\"position\":3,\"name\":\"PLANCHA TEXTIL SISER NEUMATICA TS MONO\"}]},{\"@type\":\"WebSite\",\"@id\":\"https:\\\/\\\/tmssl.com\\\/en\\\/#website\",\"url\":\"https:\\\/\\\/tmssl.com\\\/en\\\/\",\"name\":\"www.tmssl.com\",\"description\":\"Venta de vinilo textil, y consumibles para la personalizacion.\",\"publisher\":{\"@id\":\"https:\\\/\\\/tmssl.com\\\/en\\\/#organization\"},\"potentialAction\":[{\"@type\":\"SearchAction\",\"target\":{\"@type\":\"EntryPoint\",\"urlTemplate\":\"https:\\\/\\\/tmssl.com\\\/en\\\/?s={search_term_string}\"},\"query-input\":{\"@type\":\"PropertyValueSpecification\",\"valueRequired\":true,\"valueName\":\"search_term_string\"}}],\"inLanguage\":\"en-GB\"},{\"@type\":\"Organization\",\"@id\":\"https:\\\/\\\/tmssl.com\\\/en\\\/#organization\",\"name\":\"www.tmssl.com\",\"url\":\"https:\\\/\\\/tmssl.com\\\/en\\\/\",\"logo\":{\"@type\":\"ImageObject\",\"inLanguage\":\"en-GB\",\"@id\":\"https:\\\/\\\/tmssl.com\\\/en\\\/#\\\/schema\\\/logo\\\/image\\\/\",\"url\":\"https:\\\/\\\/tmssl.com\\\/wp-content\\\/uploads\\\/2023\\\/07\\\/LOGO-TMS-ALTA-01.jpg\",\"contentUrl\":\"https:\\\/\\\/tmssl.com\\\/wp-content\\\/uploads\\\/2023\\\/07\\\/LOGO-TMS-ALTA-01.jpg\",\"width\":598,\"height\":597,\"caption\":\"www.tmssl.com\"},\"image\":{\"@id\":\"https:\\\/\\\/tmssl.com\\\/en\\\/#\\\/schema\\\/logo\\\/image\\\/\"},\"sameAs\":[\"https:\\\/\\\/www.instagram.com\\\/vinilotextil.tmssl\\\/\"]}]}<\/script>\n<!-- \/ Yoast SEO plugin. -->","yoast_head_json":{"title":"PLANCHA TEXTIL SISER NEUMATICA TS MONO - TMS SL","robots":{"index":"index","follow":"follow","max-snippet":"max-snippet:-1","max-image-preview":"max-image-preview:large","max-video-preview":"max-video-preview:-1"},"canonical":"https:\/\/tmssl.com\/en\/product\/ts-mono\/","og_locale":"en_GB","og_type":"article","og_title":"PLANCHA TEXTIL SISER NEUMATICA TS MONO - TMS SL","og_description":"TS MONO es una plancha t\u00e9rmica autom\u00e1tica de funci\u00f3n neum\u00e1tica y placa de soporte \u00fanica, apta para todo tipo de aplicaciones sobre textiles, materiales termotransferibles, plastisol, sublim\u00e1tica\u2026 La placa superior se abre autom\u00e1ticamente girando hacia un lado para garantizar la seguridad de funcionamiento. Su versatilidad permite al operador imprimir sobre objetos con un espesor m\u00e1ximo de 50 mm (aluminio, cer\u00e1mica\u2026) Las planchas de impresi\u00f3n (15 x 15 cm o 15 x 38 cm) y los juegos de tapas son opcionales y est\u00e1n disponibles a un costo adicional. Requiere compresor de aire (NO incluido) con caudal de aire de 200 litros por minuto y presi\u00f3n de al menos 8 bar.","og_url":"https:\/\/tmssl.com\/en\/product\/ts-mono\/","og_site_name":"TMS SL","article_modified_time":"2025-04-16T09:37:34+00:00","og_image":[{"width":1030,"height":687,"url":"https:\/\/tmssl.com\/wp-content\/uploads\/2024\/10\/ts-mono.jpg","type":"image\/jpeg"}],"twitter_card":"summary_large_image","schema":{"@context":"https:\/\/schema.org","@graph":[{"@type":"WebPage","@id":"https:\/\/tmssl.com\/producto\/ts-mono\/","url":"https:\/\/tmssl.com\/producto\/ts-mono\/","name":"PLANCHA TEXTIL SISER NEUMATICA TS MONO - TMS SL","isPartOf":{"@id":"https:\/\/tmssl.com\/en\/#website"},"primaryImageOfPage":{"@id":"https:\/\/tmssl.com\/producto\/ts-mono\/#primaryimage"},"image":{"@id":"https:\/\/tmssl.com\/producto\/ts-mono\/#primaryimage"},"thumbnailUrl":"https:\/\/i0.wp.com\/tmssl.com\/wp-content\/uploads\/2024\/10\/ts-mono.jpg?fit=1030%2C687&ssl=1","datePublished":"2024-10-21T10:25:15+00:00","dateModified":"2025-04-16T09:37:34+00:00","breadcrumb":{"@id":"https:\/\/tmssl.com\/producto\/ts-mono\/#breadcrumb"},"inLanguage":"en-GB","potentialAction":[{"@type":"ReadAction","target":["https:\/\/tmssl.com\/producto\/ts-mono\/"]}]},{"@type":"ImageObject","inLanguage":"en-GB","@id":"https:\/\/tmssl.com\/producto\/ts-mono\/#primaryimage","url":"https:\/\/i0.wp.com\/tmssl.com\/wp-content\/uploads\/2024\/10\/ts-mono.jpg?fit=1030%2C687&ssl=1","contentUrl":"https:\/\/i0.wp.com\/tmssl.com\/wp-content\/uploads\/2024\/10\/ts-mono.jpg?fit=1030%2C687&ssl=1","width":1030,"height":687},{"@type":"BreadcrumbList","@id":"https:\/\/tmssl.com\/producto\/ts-mono\/#breadcrumb","itemListElement":[{"@type":"ListItem","position":1,"name":"Portada","item":"https:\/\/tmssl.com\/"},{"@type":"ListItem","position":2,"name":"Shop","item":"https:\/\/tmssl.com\/shop\/"},{"@type":"ListItem","position":3,"name":"PLANCHA TEXTIL SISER NEUMATICA TS MONO"}]},{"@type":"WebSite","@id":"https:\/\/tmssl.com\/en\/#website","url":"https:\/\/tmssl.com\/en\/","name":"www.tmssl.com","description":"Venta de vinilo textil, y consumibles para la personalizacion.","publisher":{"@id":"https:\/\/tmssl.com\/en\/#organization"},"potentialAction":[{"@type":"SearchAction","target":{"@type":"EntryPoint","urlTemplate":"https:\/\/tmssl.com\/en\/?s={search_term_string}"},"query-input":{"@type":"PropertyValueSpecification","valueRequired":true,"valueName":"search_term_string"}}],"inLanguage":"en-GB"},{"@type":"Organization","@id":"https:\/\/tmssl.com\/en\/#organization","name":"www.tmssl.com","url":"https:\/\/tmssl.com\/en\/","logo":{"@type":"ImageObject","inLanguage":"en-GB","@id":"https:\/\/tmssl.com\/en\/#\/schema\/logo\/image\/","url":"https:\/\/tmssl.com\/wp-content\/uploads\/2023\/07\/LOGO-TMS-ALTA-01.jpg","contentUrl":"https:\/\/tmssl.com\/wp-content\/uploads\/2023\/07\/LOGO-TMS-ALTA-01.jpg","width":598,"height":597,"caption":"www.tmssl.com"},"image":{"@id":"https:\/\/tmssl.com\/en\/#\/schema\/logo\/image\/"},"sameAs":["https:\/\/www.instagram.com\/vinilotextil.tmssl\/"]}]}},"jetpack_publicize_connections":[],"jetpack_likes_enabled":true,"jetpack-related-posts":[{"id":8891,"url":"https:\/\/tmssl.com\/en\/product\/ts-due\/","url_meta":{"origin":8888,"position":0},"title":"PLANCHA TERMICA NEUMATICA TS DUE","author":"Info","date":"21 de October de 2024","format":false,"excerpt":"La TS-DUE es una plancha autom\u00e1tica para impresi\u00f3n t\u00e9rmica con funci\u00f3n neum\u00e1tica y doble plato de trabajo. Su estabilidad y facilidad de uso permiten una producci\u00f3n r\u00e1pida y efectiva. Una vez finalizado el tiempo de planchado, el plato superior, con apertura lateral, sube autom\u00e1ticamente, garantizando la m\u00e1xima seguridad operativa. Adem\u00e1s,\u2026","rel":"","context":"Similar post","block_context":{"text":"Similar post","link":""},"img":{"alt_text":"","src":"https:\/\/i0.wp.com\/tmssl.com\/wp-content\/uploads\/2024\/10\/TS-DOUBLE.jpg?fit=697%2C563&ssl=1&resize=350%2C200","width":350,"height":200,"srcset":"https:\/\/i0.wp.com\/tmssl.com\/wp-content\/uploads\/2024\/10\/TS-DOUBLE.jpg?fit=697%2C563&ssl=1&resize=350%2C200 1x, https:\/\/i0.wp.com\/tmssl.com\/wp-content\/uploads\/2024\/10\/TS-DOUBLE.jpg?fit=697%2C563&ssl=1&resize=525%2C300 1.5x"},"classes":[]},{"id":1145,"url":"https:\/\/tmssl.com\/en\/product\/ts-doble\/","url_meta":{"origin":8888,"position":1},"title":"PLANCHA TEXTIL SISER TS DOBLE","author":"Info","date":"13 de September de 2022","format":false,"excerpt":"TS-DOBLE es la nueva plancha t\u00e9rmica manual de Siser. Gracias a su innovador dise\u00f1o podr\u00e1s decorar cualquier tejido de forma f\u00e1cil y profesional. El brazo oscilante y el amplio espacio de trabajo le permiten trabajar de forma r\u00e1pida y segura. Las placas dobles permiten una alta productividad en menos tiempo.\u2026","rel":"","context":"Similar post","block_context":{"text":"Similar post","link":""},"img":{"alt_text":"","src":"https:\/\/i0.wp.com\/tmssl.com\/wp-content\/uploads\/2022\/09\/TS-DOBLE.jpg?fit=1200%2C800&ssl=1&resize=350%2C200","width":350,"height":200,"srcset":"https:\/\/i0.wp.com\/tmssl.com\/wp-content\/uploads\/2022\/09\/TS-DOBLE.jpg?fit=1200%2C800&ssl=1&resize=350%2C200 1x, https:\/\/i0.wp.com\/tmssl.com\/wp-content\/uploads\/2022\/09\/TS-DOBLE.jpg?fit=1200%2C800&ssl=1&resize=525%2C300 1.5x, https:\/\/i0.wp.com\/tmssl.com\/wp-content\/uploads\/2022\/09\/TS-DOBLE.jpg?fit=1200%2C800&ssl=1&resize=700%2C400 2x, https:\/\/i0.wp.com\/tmssl.com\/wp-content\/uploads\/2022\/09\/TS-DOBLE.jpg?fit=1200%2C800&ssl=1&resize=1050%2C600 3x"},"classes":[]},{"id":1132,"url":"https:\/\/tmssl.com\/en\/product\/ts-one\/","url_meta":{"origin":8888,"position":2},"title":"PLANCHA TEXTIL SISER TS ONE","author":"Info","date":"13 de September de 2022","format":false,"excerpt":"La\u00a0plancha Siser TS One\u00a0es una magn\u00edfica prensa pensada para ofrecer una gran versatilidad con una inversi\u00f3n ajustada. La plancha se sirve con el\u00a0plato rectangular de 38x50\u00a0cent\u00edmetros que te permitir\u00e1 personalizar multitud de prendas y objetos planos mediante\u00a0vinilo textil y sublimaci\u00f3n. Gracias a su sencillo sistema de cambio de accesorio podr\u00e1s\u2026","rel":"","context":"Similar post","block_context":{"text":"Similar post","link":""},"img":{"alt_text":"","src":"https:\/\/i0.wp.com\/tmssl.com\/wp-content\/uploads\/2022\/09\/TS-ONE.jpg?fit=1030%2C687&ssl=1&resize=350%2C200","width":350,"height":200,"srcset":"https:\/\/i0.wp.com\/tmssl.com\/wp-content\/uploads\/2022\/09\/TS-ONE.jpg?fit=1030%2C687&ssl=1&resize=350%2C200 1x, https:\/\/i0.wp.com\/tmssl.com\/wp-content\/uploads\/2022\/09\/TS-ONE.jpg?fit=1030%2C687&ssl=1&resize=525%2C300 1.5x, https:\/\/i0.wp.com\/tmssl.com\/wp-content\/uploads\/2022\/09\/TS-ONE.jpg?fit=1030%2C687&ssl=1&resize=700%2C400 2x"},"classes":[]},{"id":8876,"url":"https:\/\/tmssl.com\/en\/product\/neumatica-2-puesto\/","url_meta":{"origin":8888,"position":3},"title":"NEUMATICA 2 PUESTO","author":"Info","date":"21 de October de 2024","format":false,"excerpt":"La plancha neumatica de dos puestos es una soluci\u00f3n de personalizaci\u00f3n autom\u00e1tica\u00a0ideal para prendas de vestir y otros productos textiles. Con un\u00a0tama\u00f1o de 40 x 50 cm\u00a0(16\u2033 x 20\u2033), esta plancha neum\u00e1tica ofrece un amplio espacio para trabajar en diferentes proyectos, desde\u00a0sublimaci\u00f3n\u00a0hasta\u00a0DTF,\u00a0vinilo, o\u00a0transfer. Su funcionamiento autom\u00e1tico y sencillo, junto con\u2026","rel":"","context":"Similar post","block_context":{"text":"Similar post","link":""},"img":{"alt_text":"","src":"https:\/\/i0.wp.com\/tmssl.com\/wp-content\/uploads\/2024\/10\/NEUMATICA-DOS-PUESTOS.jpg?fit=1024%2C1024&ssl=1&resize=350%2C200","width":350,"height":200,"srcset":"https:\/\/i0.wp.com\/tmssl.com\/wp-content\/uploads\/2024\/10\/NEUMATICA-DOS-PUESTOS.jpg?fit=1024%2C1024&ssl=1&resize=350%2C200 1x, https:\/\/i0.wp.com\/tmssl.com\/wp-content\/uploads\/2024\/10\/NEUMATICA-DOS-PUESTOS.jpg?fit=1024%2C1024&ssl=1&resize=525%2C300 1.5x, https:\/\/i0.wp.com\/tmssl.com\/wp-content\/uploads\/2024\/10\/NEUMATICA-DOS-PUESTOS.jpg?fit=1024%2C1024&ssl=1&resize=700%2C400 2x"},"classes":[]},{"id":1017,"url":"https:\/\/tmssl.com\/en\/product\/ts-base\/","url_meta":{"origin":8888,"position":4},"title":"PLANCHA TEXTIL SISER TS BASE","author":"Info","date":"9 de September de 2022","format":false,"excerpt":"La TS-Base es una excelente plancha t\u00e9rmica econ\u00f3mica que funciona en el taller o sobre la marcha en eventos para impresi\u00f3n bajo demanda. La TS-Base es f\u00e1cil de operar con una lectura digital de tiempo y temperatura y ajuste de presi\u00f3n sobre el centro. El plato flotante superior proporciona una\u2026","rel":"","context":"Similar post","block_context":{"text":"Similar post","link":""},"img":{"alt_text":"","src":"https:\/\/i0.wp.com\/tmssl.com\/wp-content\/uploads\/2022\/09\/ts-base.jpg?fit=1031%2C687&ssl=1&resize=350%2C200","width":350,"height":200,"srcset":"https:\/\/i0.wp.com\/tmssl.com\/wp-content\/uploads\/2022\/09\/ts-base.jpg?fit=1031%2C687&ssl=1&resize=350%2C200 1x, https:\/\/i0.wp.com\/tmssl.com\/wp-content\/uploads\/2022\/09\/ts-base.jpg?fit=1031%2C687&ssl=1&resize=525%2C300 1.5x, https:\/\/i0.wp.com\/tmssl.com\/wp-content\/uploads\/2022\/09\/ts-base.jpg?fit=1031%2C687&ssl=1&resize=700%2C400 2x"},"classes":[]},{"id":4737,"url":"https:\/\/tmssl.com\/en\/product\/plato-intercambiable-galaxy\/","url_meta":{"origin":8888,"position":5},"title":"PLATO INTERCAMBIABLE GALAXY","author":"Info","date":"17 de February de 2023","format":false,"excerpt":"Es un complemento que permite una mayor comodidad a la hora de estampar productos de diferentes tama\u00f1os. Dimensiones y pesos: 10,1 x 10,1 cm 15,2 x 25,4 cm 20,3 x 25,4 cm 27,9 x 38,1 cm 51 x 15,5 cm 15 x 15 cm 38 x 38 cm \u00d810 cm","rel":"","context":"Similar post","block_context":{"text":"Similar post","link":""},"img":{"alt_text":"","src":"","width":0,"height":0},"classes":[]}],"jetpack_sharing_enabled":true,"tiered_pricing_type":"fixed","tiered_pricing_fixed_rules":[],"tiered_pricing_product_settings":{"layout":"default","base_unit_name":{"singular":null,"plural":null},"default_variation":null},"tiered_pricing_minimum_quantity":null,"tiered_pricing_roles_data":[],"tiered_pricing_percentage_rules":[],"_links":{"self":[{"href":"https:\/\/tmssl.com\/en\/wp-json\/wp\/v2\/product\/8888","targetHints":{"allow":["GET"]}}],"collection":[{"href":"https:\/\/tmssl.com\/en\/wp-json\/wp\/v2\/product"}],"about":[{"href":"https:\/\/tmssl.com\/en\/wp-json\/wp\/v2\/types\/product"}],"replies":[{"embeddable":true,"href":"https:\/\/tmssl.com\/en\/wp-json\/wp\/v2\/comments?post=8888"}],"version-history":[{"count":14,"href":"https:\/\/tmssl.com\/en\/wp-json\/wp\/v2\/product\/8888\/revisions"}],"predecessor-version":[{"id":11688,"href":"https:\/\/tmssl.com\/en\/wp-json\/wp\/v2\/product\/8888\/revisions\/11688"}],"wp:featuredmedia":[{"embeddable":true,"href":"https:\/\/tmssl.com\/en\/wp-json\/wp\/v2\/media\/8889"}],"wp:attachment":[{"href":"https:\/\/tmssl.com\/en\/wp-json\/wp\/v2\/media?parent=8888"}],"wp:term":[{"taxonomy":"product_brand","embeddable":true,"href":"https:\/\/tmssl.com\/en\/wp-json\/wp\/v2\/product_brand?post=8888"},{"taxonomy":"product_cat","embeddable":true,"href":"https:\/\/tmssl.com\/en\/wp-json\/wp\/v2\/product_cat?post=8888"},{"taxonomy":"product_tag","embeddable":true,"href":"https:\/\/tmssl.com\/en\/wp-json\/wp\/v2\/product_tag?post=8888"}],"curies":[{"name":"wp","href":"https:\/\/api.w.org\/{rel}","templated":true}]}}