{"id":9141,"date":"2024-10-22T09:52:13","date_gmt":"2024-10-22T07:52:13","guid":{"rendered":"https:\/\/tmssl.com\/?post_type=product&#038;p=9141"},"modified":"2025-04-16T15:17:35","modified_gmt":"2025-04-16T13:17:35","slug":"papel-kraft","status":"publish","type":"product","link":"https:\/\/tmssl.com\/en\/product\/papel-kraft\/","title":{"rendered":"PAPEL KRAFT"},"content":{"rendered":"","protected":false},"excerpt":{"rendered":"<p style=\"text-align: center;\"><em>Papel Kraft de 40 g\/m2 protector para planchas y calandras para la transferencia en sublimaci\u00f3n.<\/em><\/p>\n<p style=\"text-align: center;\"><em>Pasta 100% pura de celulosa sin productos qu\u00edmicos que evitan las emisiones nocivas y defectos no deseados de los papeles reciclados.<\/em><\/p>\n<p style=\"text-align: center;\"><em>Cajas de 500 hojas.<\/em><\/p>\n<p style=\"text-align: center;\"><em><strong>Caracter\u00edsticas:<\/strong><\/em><\/p>\n<ul>\n<li style=\"text-align: left;\"><em>Porosidad: Muy baja, alcanzada por refino mec\u00e1nico y sin recubrimientos qu\u00edmicos.<\/em><\/li>\n<li style=\"text-align: left;\"><em>Colocaci\u00f3n: F\u00e1cil colocaci\u00f3n gracias a su rigidez, evitando arrugas.<\/em><\/li>\n<li style=\"text-align: left;\"><em>Ph Neutro: No amarillea y evita riesgo de manchar el tejido en el proceso de sublimaci\u00f3n.<\/em><\/li>\n<li style=\"text-align: left;\"><em>Resistencia al calor: No pierde sus cualidades resistiendo temperaturas de 220\u00ba durante varios planchados.<\/em><\/li>\n<li style=\"text-align: left;\"><em>Almacenamiento: Mantiene sus cualidades por largos periodos si se almacena en un ambiente controlado y<\/em><\/li>\n<li style=\"text-align: left;\"><em>envuelto siempre en pl\u00e1stico film.<\/em><\/li>\n<li style=\"text-align: left;\"><em>Reciclable: Producto 100% reciclable y Ecofriendly (FSC).<\/em><\/li>\n<\/ul>","protected":false},"featured_media":9142,"comment_status":"open","ping_status":"closed","template":"","meta":{"_crdt_document":"","jetpack_publicize_message":"","jetpack_publicize_feature_enabled":true,"jetpack_social_post_already_shared":true,"jetpack_social_options":{"image_generator_settings":{"template":"highway","default_image_id":0,"font":"","enabled":false},"version":2},"_wpas_customize_per_network":false},"product_brand":[123351],"product_cat":[122632,122653,122642,122651,122628],"product_tag":[123359,123360,123361],"class_list":{"0":"post-9141","1":"product","2":"type-product","3":"status-publish","4":"has-post-thumbnail","6":"product_brand-tms","7":"product_cat-accesorios-sublimacion","8":"product_cat-accesorios-planchas-siser","9":"product_cat-herramientas","10":"product_cat-planchas-textiles","11":"product_cat-sublimacion","12":"product_tag-planchas-neumaticas","13":"product_tag-planchas-siser","14":"product_tag-planchas-textiles","16":"first","17":"instock","18":"taxable","19":"shipping-taxable","20":"purchasable","21":"product-type-variable"},"yoast_head":"<!-- This site is optimized with the Yoast SEO plugin v27.6 - https:\/\/yoast.com\/product\/yoast-seo-wordpress\/ -->\n<title>PAPEL KRAFT - TMS SL<\/title>\n<meta name=\"robots\" content=\"index, follow, max-snippet:-1, max-image-preview:large, max-video-preview:-1\" \/>\n<link rel=\"canonical\" href=\"https:\/\/tmssl.com\/en\/product\/papel-kraft\/\" \/>\n<meta property=\"og:locale\" content=\"en_GB\" \/>\n<meta property=\"og:type\" content=\"article\" \/>\n<meta property=\"og:title\" content=\"PAPEL KRAFT - TMS SL\" \/>\n<meta property=\"og:description\" content=\"Papel Kraft de 40 g\/m2 protector para planchas y calandras para la transferencia en sublimaci\u00f3n. Pasta 100% pura de celulosa sin productos qu\u00edmicos que evitan las emisiones nocivas y defectos no deseados de los papeles reciclados. Cajas de 500 hojas. Caracter\u00edsticas:    Porosidad: Muy baja, alcanzada por refino mec\u00e1nico y sin recubrimientos qu\u00edmicos.  Colocaci\u00f3n: F\u00e1cil colocaci\u00f3n gracias a su rigidez, evitando arrugas.  Ph Neutro: No amarillea y evita riesgo de manchar el tejido en el proceso de sublimaci\u00f3n.  Resistencia al calor: No pierde sus cualidades resistiendo temperaturas de 220\u00ba durante varios planchados.  Almacenamiento: Mantiene sus cualidades por largos periodos si se almacena en un ambiente controlado y  envuelto siempre en pl\u00e1stico film.  Reciclable: Producto 100% reciclable y Ecofriendly (FSC).\" \/>\n<meta property=\"og:url\" content=\"https:\/\/tmssl.com\/en\/product\/papel-kraft\/\" \/>\n<meta property=\"og:site_name\" content=\"TMS SL\" \/>\n<meta property=\"article:modified_time\" content=\"2025-04-16T13:17:35+00:00\" \/>\n<meta property=\"og:image\" content=\"https:\/\/tmssl.com\/wp-content\/uploads\/2024\/10\/resma-papel-kraft-70cm-x-100cm-resma-400-hojas.jpg\" \/>\n\t<meta property=\"og:image:width\" content=\"600\" \/>\n\t<meta property=\"og:image:height\" content=\"726\" \/>\n\t<meta property=\"og:image:type\" content=\"image\/jpeg\" \/>\n<meta name=\"twitter:card\" content=\"summary_large_image\" \/>\n<meta name=\"twitter:label1\" content=\"Estimated reading time\" \/>\n\t<meta name=\"twitter:data1\" content=\"1 minute\" \/>\n<script type=\"application\/ld+json\" class=\"yoast-schema-graph\">{\"@context\":\"https:\\\/\\\/schema.org\",\"@graph\":[{\"@type\":\"WebPage\",\"@id\":\"https:\\\/\\\/tmssl.com\\\/producto\\\/papel-kraft\\\/\",\"url\":\"https:\\\/\\\/tmssl.com\\\/producto\\\/papel-kraft\\\/\",\"name\":\"PAPEL KRAFT - TMS SL\",\"isPartOf\":{\"@id\":\"https:\\\/\\\/tmssl.com\\\/en\\\/#website\"},\"primaryImageOfPage\":{\"@id\":\"https:\\\/\\\/tmssl.com\\\/producto\\\/papel-kraft\\\/#primaryimage\"},\"image\":{\"@id\":\"https:\\\/\\\/tmssl.com\\\/producto\\\/papel-kraft\\\/#primaryimage\"},\"thumbnailUrl\":\"https:\\\/\\\/i0.wp.com\\\/tmssl.com\\\/wp-content\\\/uploads\\\/2024\\\/10\\\/resma-papel-kraft-70cm-x-100cm-resma-400-hojas.jpg?fit=600%2C726&ssl=1\",\"datePublished\":\"2024-10-22T07:52:13+00:00\",\"dateModified\":\"2025-04-16T13:17:35+00:00\",\"breadcrumb\":{\"@id\":\"https:\\\/\\\/tmssl.com\\\/producto\\\/papel-kraft\\\/#breadcrumb\"},\"inLanguage\":\"en-GB\",\"potentialAction\":[{\"@type\":\"ReadAction\",\"target\":[\"https:\\\/\\\/tmssl.com\\\/producto\\\/papel-kraft\\\/\"]}]},{\"@type\":\"ImageObject\",\"inLanguage\":\"en-GB\",\"@id\":\"https:\\\/\\\/tmssl.com\\\/producto\\\/papel-kraft\\\/#primaryimage\",\"url\":\"https:\\\/\\\/i0.wp.com\\\/tmssl.com\\\/wp-content\\\/uploads\\\/2024\\\/10\\\/resma-papel-kraft-70cm-x-100cm-resma-400-hojas.jpg?fit=600%2C726&ssl=1\",\"contentUrl\":\"https:\\\/\\\/i0.wp.com\\\/tmssl.com\\\/wp-content\\\/uploads\\\/2024\\\/10\\\/resma-papel-kraft-70cm-x-100cm-resma-400-hojas.jpg?fit=600%2C726&ssl=1\",\"width\":600,\"height\":726},{\"@type\":\"BreadcrumbList\",\"@id\":\"https:\\\/\\\/tmssl.com\\\/producto\\\/papel-kraft\\\/#breadcrumb\",\"itemListElement\":[{\"@type\":\"ListItem\",\"position\":1,\"name\":\"Portada\",\"item\":\"https:\\\/\\\/tmssl.com\\\/\"},{\"@type\":\"ListItem\",\"position\":2,\"name\":\"Shop\",\"item\":\"https:\\\/\\\/tmssl.com\\\/shop\\\/\"},{\"@type\":\"ListItem\",\"position\":3,\"name\":\"PAPEL KRAFT\"}]},{\"@type\":\"WebSite\",\"@id\":\"https:\\\/\\\/tmssl.com\\\/en\\\/#website\",\"url\":\"https:\\\/\\\/tmssl.com\\\/en\\\/\",\"name\":\"www.tmssl.com\",\"description\":\"Venta de vinilo textil, y consumibles para la personalizacion.\",\"publisher\":{\"@id\":\"https:\\\/\\\/tmssl.com\\\/en\\\/#organization\"},\"potentialAction\":[{\"@type\":\"SearchAction\",\"target\":{\"@type\":\"EntryPoint\",\"urlTemplate\":\"https:\\\/\\\/tmssl.com\\\/en\\\/?s={search_term_string}\"},\"query-input\":{\"@type\":\"PropertyValueSpecification\",\"valueRequired\":true,\"valueName\":\"search_term_string\"}}],\"inLanguage\":\"en-GB\"},{\"@type\":\"Organization\",\"@id\":\"https:\\\/\\\/tmssl.com\\\/en\\\/#organization\",\"name\":\"www.tmssl.com\",\"url\":\"https:\\\/\\\/tmssl.com\\\/en\\\/\",\"logo\":{\"@type\":\"ImageObject\",\"inLanguage\":\"en-GB\",\"@id\":\"https:\\\/\\\/tmssl.com\\\/en\\\/#\\\/schema\\\/logo\\\/image\\\/\",\"url\":\"https:\\\/\\\/tmssl.com\\\/wp-content\\\/uploads\\\/2023\\\/07\\\/LOGO-TMS-ALTA-01.jpg\",\"contentUrl\":\"https:\\\/\\\/tmssl.com\\\/wp-content\\\/uploads\\\/2023\\\/07\\\/LOGO-TMS-ALTA-01.jpg\",\"width\":598,\"height\":597,\"caption\":\"www.tmssl.com\"},\"image\":{\"@id\":\"https:\\\/\\\/tmssl.com\\\/en\\\/#\\\/schema\\\/logo\\\/image\\\/\"},\"sameAs\":[\"https:\\\/\\\/www.instagram.com\\\/vinilotextil.tmssl\\\/\"]}]}<\/script>\n<!-- \/ Yoast SEO plugin. -->","yoast_head_json":{"title":"PAPEL KRAFT - TMS SL","robots":{"index":"index","follow":"follow","max-snippet":"max-snippet:-1","max-image-preview":"max-image-preview:large","max-video-preview":"max-video-preview:-1"},"canonical":"https:\/\/tmssl.com\/en\/product\/papel-kraft\/","og_locale":"en_GB","og_type":"article","og_title":"PAPEL KRAFT - TMS SL","og_description":"Papel Kraft de 40 g\/m2 protector para planchas y calandras para la transferencia en sublimaci\u00f3n. Pasta 100% pura de celulosa sin productos qu\u00edmicos que evitan las emisiones nocivas y defectos no deseados de los papeles reciclados. Cajas de 500 hojas. Caracter\u00edsticas:    Porosidad: Muy baja, alcanzada por refino mec\u00e1nico y sin recubrimientos qu\u00edmicos.  Colocaci\u00f3n: F\u00e1cil colocaci\u00f3n gracias a su rigidez, evitando arrugas.  Ph Neutro: No amarillea y evita riesgo de manchar el tejido en el proceso de sublimaci\u00f3n.  Resistencia al calor: No pierde sus cualidades resistiendo temperaturas de 220\u00ba durante varios planchados.  Almacenamiento: Mantiene sus cualidades por largos periodos si se almacena en un ambiente controlado y  envuelto siempre en pl\u00e1stico film.  Reciclable: Producto 100% reciclable y Ecofriendly (FSC).","og_url":"https:\/\/tmssl.com\/en\/product\/papel-kraft\/","og_site_name":"TMS SL","article_modified_time":"2025-04-16T13:17:35+00:00","og_image":[{"width":600,"height":726,"url":"https:\/\/tmssl.com\/wp-content\/uploads\/2024\/10\/resma-papel-kraft-70cm-x-100cm-resma-400-hojas.jpg","type":"image\/jpeg"}],"twitter_card":"summary_large_image","twitter_misc":{"Estimated reading time":"1 minute"},"schema":{"@context":"https:\/\/schema.org","@graph":[{"@type":"WebPage","@id":"https:\/\/tmssl.com\/producto\/papel-kraft\/","url":"https:\/\/tmssl.com\/producto\/papel-kraft\/","name":"PAPEL KRAFT - TMS SL","isPartOf":{"@id":"https:\/\/tmssl.com\/en\/#website"},"primaryImageOfPage":{"@id":"https:\/\/tmssl.com\/producto\/papel-kraft\/#primaryimage"},"image":{"@id":"https:\/\/tmssl.com\/producto\/papel-kraft\/#primaryimage"},"thumbnailUrl":"https:\/\/i0.wp.com\/tmssl.com\/wp-content\/uploads\/2024\/10\/resma-papel-kraft-70cm-x-100cm-resma-400-hojas.jpg?fit=600%2C726&ssl=1","datePublished":"2024-10-22T07:52:13+00:00","dateModified":"2025-04-16T13:17:35+00:00","breadcrumb":{"@id":"https:\/\/tmssl.com\/producto\/papel-kraft\/#breadcrumb"},"inLanguage":"en-GB","potentialAction":[{"@type":"ReadAction","target":["https:\/\/tmssl.com\/producto\/papel-kraft\/"]}]},{"@type":"ImageObject","inLanguage":"en-GB","@id":"https:\/\/tmssl.com\/producto\/papel-kraft\/#primaryimage","url":"https:\/\/i0.wp.com\/tmssl.com\/wp-content\/uploads\/2024\/10\/resma-papel-kraft-70cm-x-100cm-resma-400-hojas.jpg?fit=600%2C726&ssl=1","contentUrl":"https:\/\/i0.wp.com\/tmssl.com\/wp-content\/uploads\/2024\/10\/resma-papel-kraft-70cm-x-100cm-resma-400-hojas.jpg?fit=600%2C726&ssl=1","width":600,"height":726},{"@type":"BreadcrumbList","@id":"https:\/\/tmssl.com\/producto\/papel-kraft\/#breadcrumb","itemListElement":[{"@type":"ListItem","position":1,"name":"Portada","item":"https:\/\/tmssl.com\/"},{"@type":"ListItem","position":2,"name":"Shop","item":"https:\/\/tmssl.com\/shop\/"},{"@type":"ListItem","position":3,"name":"PAPEL KRAFT"}]},{"@type":"WebSite","@id":"https:\/\/tmssl.com\/en\/#website","url":"https:\/\/tmssl.com\/en\/","name":"www.tmssl.com","description":"Venta de vinilo textil, y consumibles para la personalizacion.","publisher":{"@id":"https:\/\/tmssl.com\/en\/#organization"},"potentialAction":[{"@type":"SearchAction","target":{"@type":"EntryPoint","urlTemplate":"https:\/\/tmssl.com\/en\/?s={search_term_string}"},"query-input":{"@type":"PropertyValueSpecification","valueRequired":true,"valueName":"search_term_string"}}],"inLanguage":"en-GB"},{"@type":"Organization","@id":"https:\/\/tmssl.com\/en\/#organization","name":"www.tmssl.com","url":"https:\/\/tmssl.com\/en\/","logo":{"@type":"ImageObject","inLanguage":"en-GB","@id":"https:\/\/tmssl.com\/en\/#\/schema\/logo\/image\/","url":"https:\/\/tmssl.com\/wp-content\/uploads\/2023\/07\/LOGO-TMS-ALTA-01.jpg","contentUrl":"https:\/\/tmssl.com\/wp-content\/uploads\/2023\/07\/LOGO-TMS-ALTA-01.jpg","width":598,"height":597,"caption":"www.tmssl.com"},"image":{"@id":"https:\/\/tmssl.com\/en\/#\/schema\/logo\/image\/"},"sameAs":["https:\/\/www.instagram.com\/vinilotextil.tmssl\/"]}]}},"jetpack_publicize_connections":[],"jetpack_likes_enabled":true,"jetpack-related-posts":[{"id":9111,"url":"https:\/\/tmssl.com\/en\/product\/papel-sublimacion-skata-118-mm-x-50-m\/","url_meta":{"origin":9141,"position":0},"title":"Papel sublimaci\u00f3n Skata 118 mm x 50 m.","author":"Info","date":"22 de October de 2024","format":false,"excerpt":"Papel sublimaci\u00f3n adhesivo 100 g Este\u00a0papel sublimaci\u00f3n adhesivo 100 g\u00a0ha sido dise\u00f1ado para equipos de impresi\u00f3n de gran formato ya que estas impresoras inyectan una mayor cantidad de tinta en el papel. Por esta raz\u00f3n se necesita un papel especial con gran absorci\u00f3n, para poder ofrecer una calidad excelente en\u2026","rel":"","context":"Similar post","block_context":{"text":"Similar post","link":""},"img":{"alt_text":"","src":"https:\/\/i0.wp.com\/tmssl.com\/wp-content\/uploads\/2023\/02\/SKATA-ROLLO.jpeg?fit=600%2C600&ssl=1&resize=350%2C200","width":350,"height":200,"srcset":"https:\/\/i0.wp.com\/tmssl.com\/wp-content\/uploads\/2023\/02\/SKATA-ROLLO.jpeg?fit=600%2C600&ssl=1&resize=350%2C200 1x, https:\/\/i0.wp.com\/tmssl.com\/wp-content\/uploads\/2023\/02\/SKATA-ROLLO.jpeg?fit=600%2C600&ssl=1&resize=525%2C300 1.5x"},"classes":[]},{"id":1758,"url":"https:\/\/tmssl.com\/en\/product\/transjet-next\/","url_meta":{"origin":9141,"position":1},"title":"PAPEL DE SUBLIMACI\u00d3N TRANSJET NEXT","author":"Info","date":"23 de September de 2022","format":false,"excerpt":"Papel de sublimaci\u00f3n Transjet Next 90 gramos con adhesivo. Disponible en ancho de 111,8cm x 100 metros. Especial para prendas deportivas. M\u00e1xima transferencia de color con el m\u00ednimo consumo de tinta. PAPEL TRANSFER PARA SUBLIMACI\u00d3N CON EFECTO DE ADHESIVO T\u00c9RMICO Tiene un revestimiento especial, activo al calor, para adherirse a\u2026","rel":"","context":"Similar post","block_context":{"text":"Similar post","link":""},"img":{"alt_text":"","src":"https:\/\/i0.wp.com\/tmssl.com\/wp-content\/uploads\/2022\/09\/NEXT.webp?fit=600%2C600&ssl=1&resize=350%2C200","width":350,"height":200,"srcset":"https:\/\/i0.wp.com\/tmssl.com\/wp-content\/uploads\/2022\/09\/NEXT.webp?fit=600%2C600&ssl=1&resize=350%2C200 1x, https:\/\/i0.wp.com\/tmssl.com\/wp-content\/uploads\/2022\/09\/NEXT.webp?fit=600%2C600&ssl=1&resize=525%2C300 1.5x"},"classes":[]},{"id":4171,"url":"https:\/\/tmssl.com\/en\/product\/xpertjet-1341wr-pro\/","url_meta":{"origin":9141,"position":2},"title":"XpertJet 1341WR PRO","author":"Info","date":"13 de February de 2023","format":false,"excerpt":"La impresora\u00a0XpertJet 1341WR Pro\u00a0de 1.370 mm. de ancho, cuenta con el cabezal de impresi\u00f3n de gota variable\u00a0AccuFine 1600 de Mutoh. Sistemas motorizados opcionales enrollado 20 y 30 kg. Tintas de sublimaci\u00f3n HC de la serie DS3 de Mutoh.","rel":"","context":"Similar post","block_context":{"text":"Similar post","link":""},"img":{"alt_text":"","src":"","width":0,"height":0},"classes":[]},{"id":4345,"url":"https:\/\/tmssl.com\/en\/product\/papel-de-sublimacion-skata-100-g-a4-a3\/","url_meta":{"origin":9141,"position":3},"title":"Papel de sublimaci\u00f3n Skata 100 g A4\/A3","author":"Info","date":"14 de February de 2023","format":false,"excerpt":"El\u00a0papel de sublimaci\u00f3n Skata\u00a0ofrece unas excelentes prestaciones, tanto de impresi\u00f3n como de transfer.","rel":"","context":"Similar post","block_context":{"text":"Similar post","link":""},"img":{"alt_text":"","src":"https:\/\/i0.wp.com\/tmssl.com\/wp-content\/uploads\/2023\/02\/SKATA-HOJAS.webp?fit=365%2C365&ssl=1&resize=350%2C200","width":350,"height":200},"classes":[]},{"id":4343,"url":"https:\/\/tmssl.com\/en\/product\/papel-sublimacion-skata-100-g\/","url_meta":{"origin":9141,"position":4},"title":"Papel sublimaci\u00f3n Skata 610 mm x 50 m.","author":"Info","date":"14 de February de 2023","format":false,"excerpt":"El\u00a0papel de sublimaci\u00f3n Skata 100 g\u00a0es la soluci\u00f3n perfecta para crear im\u00e1genes vibrantes y duraderas en una amplia variedad de productos. Lo interesante de este papel para sublimaci\u00f3n es que la\u00a0absorci\u00f3n de tinta que tiene la superficie es significativamente menor\u00a0al de la marca Epson. \u00bfGenial verdad?\u00a0Y todo esto\u00a0sin tener que\u2026","rel":"","context":"Similar post","block_context":{"text":"Similar post","link":""},"img":{"alt_text":"","src":"https:\/\/i0.wp.com\/tmssl.com\/wp-content\/uploads\/2023\/02\/SKATA-ROLLO.jpeg?fit=600%2C600&ssl=1&resize=350%2C200","width":350,"height":200,"srcset":"https:\/\/i0.wp.com\/tmssl.com\/wp-content\/uploads\/2023\/02\/SKATA-ROLLO.jpeg?fit=600%2C600&ssl=1&resize=350%2C200 1x, https:\/\/i0.wp.com\/tmssl.com\/wp-content\/uploads\/2023\/02\/SKATA-ROLLO.jpeg?fit=600%2C600&ssl=1&resize=525%2C300 1.5x"},"classes":[]},{"id":4350,"url":"https:\/\/tmssl.com\/en\/product\/transjet-1259-eco-ii\/","url_meta":{"origin":9141,"position":5},"title":"PAPEL DE SUBLIMACI\u00d3N TRANSJET 1259 ECO II","author":"Info","date":"15 de February de 2023","format":false,"excerpt":"\u00bfEst\u00e1s en busca del papel de sublimaci\u00f3n perfecto que proporcione resultados profesionales sin tener que gastar una fortuna? \u00a1Sigue leyendo y descubre por qu\u00e9 el\u00a0Papel Sublimaci\u00f3n TRANSJET 1259 ECO II\u00a0es justo lo que necesitas! Una marca reconocida Los papeles de sublimaci\u00f3n Transjet gozan de una gran reputaci\u00f3n en el mercado.\u2026","rel":"","context":"Similar post","block_context":{"text":"Similar post","link":""},"img":{"alt_text":"","src":"https:\/\/i0.wp.com\/tmssl.com\/wp-content\/uploads\/2022\/09\/NEXT.webp?fit=600%2C600&ssl=1&resize=350%2C200","width":350,"height":200,"srcset":"https:\/\/i0.wp.com\/tmssl.com\/wp-content\/uploads\/2022\/09\/NEXT.webp?fit=600%2C600&ssl=1&resize=350%2C200 1x, https:\/\/i0.wp.com\/tmssl.com\/wp-content\/uploads\/2022\/09\/NEXT.webp?fit=600%2C600&ssl=1&resize=525%2C300 1.5x"},"classes":[]}],"jetpack_sharing_enabled":true,"tiered_pricing_type":"fixed","tiered_pricing_fixed_rules":[],"tiered_pricing_product_settings":{"layout":"default","base_unit_name":{"singular":null,"plural":null},"default_variation":null},"tiered_pricing_minimum_quantity":null,"tiered_pricing_roles_data":[],"tiered_pricing_percentage_rules":[],"_links":{"self":[{"href":"https:\/\/tmssl.com\/en\/wp-json\/wp\/v2\/product\/9141","targetHints":{"allow":["GET"]}}],"collection":[{"href":"https:\/\/tmssl.com\/en\/wp-json\/wp\/v2\/product"}],"about":[{"href":"https:\/\/tmssl.com\/en\/wp-json\/wp\/v2\/types\/product"}],"replies":[{"embeddable":true,"href":"https:\/\/tmssl.com\/en\/wp-json\/wp\/v2\/comments?post=9141"}],"version-history":[{"count":1,"href":"https:\/\/tmssl.com\/en\/wp-json\/wp\/v2\/product\/9141\/revisions"}],"predecessor-version":[{"id":9145,"href":"https:\/\/tmssl.com\/en\/wp-json\/wp\/v2\/product\/9141\/revisions\/9145"}],"wp:featuredmedia":[{"embeddable":true,"href":"https:\/\/tmssl.com\/en\/wp-json\/wp\/v2\/media\/9142"}],"wp:attachment":[{"href":"https:\/\/tmssl.com\/en\/wp-json\/wp\/v2\/media?parent=9141"}],"wp:term":[{"taxonomy":"product_brand","embeddable":true,"href":"https:\/\/tmssl.com\/en\/wp-json\/wp\/v2\/product_brand?post=9141"},{"taxonomy":"product_cat","embeddable":true,"href":"https:\/\/tmssl.com\/en\/wp-json\/wp\/v2\/product_cat?post=9141"},{"taxonomy":"product_tag","embeddable":true,"href":"https:\/\/tmssl.com\/en\/wp-json\/wp\/v2\/product_tag?post=9141"}],"curies":[{"name":"wp","href":"https:\/\/api.w.org\/{rel}","templated":true}]}}