{"id":9182,"date":"2024-10-22T10:22:25","date_gmt":"2024-10-22T08:22:25","guid":{"rendered":"https:\/\/tmssl.com\/?post_type=product&#038;p=9182"},"modified":"2025-04-17T12:09:06","modified_gmt":"2025-04-17T10:09:06","slug":"tinta-ecosolvente-roland-ecosolmax3-els5","status":"publish","type":"product","link":"https:\/\/tmssl.com\/en\/product\/tinta-ecosolvente-roland-ecosolmax3-els5\/","title":{"rendered":"TINTA ECOSOLVENTE ROLAND ECOSOLMAX3 ELS5"},"content":{"rendered":"","protected":false},"excerpt":{"rendered":"<p><img decoding=\"async\" class=\"alignnone size-medium wp-image-11719 aligncenter\" src=\"https:\/\/tmssl.com\/wp-content\/uploads\/2024\/10\/Roland_Digital_Group_logo.svg_-300x45.png\" alt=\"\" width=\"300\" height=\"45\" srcset=\"https:\/\/i0.wp.com\/tmssl.com\/wp-content\/uploads\/2024\/10\/Roland_Digital_Group_logo.svg_.webp?resize=300%2C45&amp;ssl=1 300w, https:\/\/i0.wp.com\/tmssl.com\/wp-content\/uploads\/2024\/10\/Roland_Digital_Group_logo.svg_.webp?resize=1024%2C155&amp;ssl=1 1024w, https:\/\/i0.wp.com\/tmssl.com\/wp-content\/uploads\/2024\/10\/Roland_Digital_Group_logo.svg_.webp?resize=768%2C116&amp;ssl=1 768w, https:\/\/i0.wp.com\/tmssl.com\/wp-content\/uploads\/2024\/10\/Roland_Digital_Group_logo.svg_.webp?resize=1536%2C233&amp;ssl=1 1536w, https:\/\/i0.wp.com\/tmssl.com\/wp-content\/uploads\/2024\/10\/Roland_Digital_Group_logo.svg_.webp?resize=2048%2C310&amp;ssl=1 2048w, https:\/\/i0.wp.com\/tmssl.com\/wp-content\/uploads\/2024\/10\/Roland_Digital_Group_logo.svg_.webp?resize=18%2C3&amp;ssl=1 18w, https:\/\/i0.wp.com\/tmssl.com\/wp-content\/uploads\/2024\/10\/Roland_Digital_Group_logo.svg_.webp?resize=600%2C91&amp;ssl=1 600w, https:\/\/i0.wp.com\/tmssl.com\/wp-content\/uploads\/2024\/10\/Roland_Digital_Group_logo.svg_.webp?w=1920&amp;ssl=1 1920w, https:\/\/i0.wp.com\/tmssl.com\/wp-content\/uploads\/2024\/10\/Roland_Digital_Group_logo.svg_.webp?w=1600&amp;ssl=1 1600w\" sizes=\"(max-width: 300px) 100vw, 300px\" \/><\/p>\n<p style=\"text-align: center;\"><em>La tinta <strong>ECO-SOL MAX<\/strong> <strong>5<\/strong> de Roland ha recibido varios premios otorgados tanto por organizaciones profesionales de reconocido prestigio como por especialistas del sector. Esta tinta con disolventes suaves seca r\u00e1pidamente, tiene una alta densidad, una amplia gama de color y una buena resistencia al rayado. La tinta tambi\u00e9n es compatible con una amplia gama de materiales con y sin recubrimiento. La tinta ECO-SOL MAX 5 es pr\u00e1cticamente inodora, lo que elimina la necesidad de instalar ning\u00fan tipo de sistema de ventilaci\u00f3n.<\/em><\/p>\n<p style=\"text-align: center;\"><em>La tinta presenta una la estabilidad del color durante un per\u00edodo de hasta tres a\u00f1os de uso en exteriores.<\/em><\/p>\n<ul>\n<li><em>Calidad de impresi\u00f3n excepcional<\/em><\/li>\n<li><em>Excelente opacidad y densidad<\/em><\/li>\n<li><em>Altos niveles de brillo<\/em><\/li>\n<li><em>Imprime como color plano con CMYK<\/em><\/li>\n<li><em>Optimizada para las series VersaCAMM VS-i, VersaSTUDIO y SOLJET PRO 4 de Roland DG<\/em><\/li>\n<li><em>Tambi\u00e9n disponible: Tinta blanca Eco-Sol MAX 2<\/em><\/li>\n<li><em>Certificada con el distintivo\u00a0GREENGUARD GOLD<\/em><\/li>\n<\/ul>","protected":false},"featured_media":9191,"comment_status":"open","ping_status":"closed","template":"","meta":{"_crdt_document":"","jetpack_post_was_ever_published":false,"jetpack_publicize_message":"","jetpack_publicize_feature_enabled":true,"jetpack_social_post_already_shared":true,"jetpack_social_options":{"image_generator_settings":{"template":"highway","default_image_id":0,"font":"","enabled":false},"version":2},"_wpas_customize_per_network":false},"product_brand":[123367],"product_cat":[122608,122609],"product_tag":[123368,123369],"class_list":{"0":"post-9182","1":"product","2":"type-product","3":"status-publish","4":"has-post-thumbnail","6":"product_brand-roland","7":"product_cat-plotter-de-impresion-y-corte","8":"product_cat-tintas-ecosolventes","9":"product_tag-tinta-ecosolvente","10":"product_tag-tinta-roland","12":"first","13":"instock","14":"taxable","15":"shipping-taxable","16":"purchasable","17":"product-type-variable"},"yoast_head":"<!-- This site is optimized with the Yoast SEO plugin v26.9 - https:\/\/yoast.com\/product\/yoast-seo-wordpress\/ -->\n<title>TINTA ECOSOLVENTE ROLAND ECOSOLMAX3 ELS5 - TMS SL<\/title>\n<meta name=\"robots\" content=\"index, follow, max-snippet:-1, max-image-preview:large, max-video-preview:-1\" \/>\n<link rel=\"canonical\" href=\"https:\/\/tmssl.com\/en\/product\/tinta-ecosolvente-roland-ecosolmax3-els5\/\" \/>\n<meta property=\"og:locale\" content=\"en_GB\" \/>\n<meta property=\"og:type\" content=\"article\" \/>\n<meta property=\"og:title\" content=\"TINTA ECOSOLVENTE ROLAND ECOSOLMAX3 ELS5 - TMS SL\" \/>\n<meta property=\"og:description\" content=\"La tinta ECO-SOL MAX 5 de Roland ha recibido varios premios otorgados tanto por organizaciones profesionales de reconocido prestigio como por especialistas del sector. Esta tinta con disolventes suaves seca r\u00e1pidamente, tiene una alta densidad, una amplia gama de color y una buena resistencia al rayado. La tinta tambi\u00e9n es compatible con una amplia gama de materiales con y sin recubrimiento. La tinta ECO-SOL MAX 5 es pr\u00e1cticamente inodora, lo que elimina la necesidad de instalar ning\u00fan tipo de sistema de ventilaci\u00f3n. La tinta presenta una la estabilidad del color durante un per\u00edodo de hasta tres a\u00f1os de uso en exteriores.    Calidad de impresi\u00f3n excepcional  Excelente opacidad y densidad  Altos niveles de brillo  Imprime como color plano con CMYK  Optimizada para las series VersaCAMM VS-i, VersaSTUDIO y SOLJET PRO 4 de Roland DG  Tambi\u00e9n disponible: Tinta blanca Eco-Sol MAX 2  Certificada con el distintivo\u00a0GREENGUARD GOLD\" \/>\n<meta property=\"og:url\" content=\"https:\/\/tmssl.com\/en\/product\/tinta-ecosolvente-roland-ecosolmax3-els5\/\" \/>\n<meta property=\"og:site_name\" content=\"TMS SL\" \/>\n<meta property=\"article:modified_time\" content=\"2025-04-17T10:09:06+00:00\" \/>\n<meta property=\"og:image\" content=\"https:\/\/tmssl.com\/wp-content\/uploads\/2024\/10\/Tinta-Roland-ESL5-ECO-SOL-MAX-3.jpg\" \/>\n\t<meta property=\"og:image:width\" content=\"458\" \/>\n\t<meta property=\"og:image:height\" content=\"458\" \/>\n\t<meta property=\"og:image:type\" content=\"image\/jpeg\" \/>\n<meta name=\"twitter:card\" content=\"summary_large_image\" \/>\n<meta name=\"twitter:label1\" content=\"Estimated reading time\" \/>\n\t<meta name=\"twitter:data1\" content=\"1 minute\" \/>\n<script type=\"application\/ld+json\" class=\"yoast-schema-graph\">{\"@context\":\"https:\/\/schema.org\",\"@graph\":[{\"@type\":\"WebPage\",\"@id\":\"https:\/\/tmssl.com\/producto\/tinta-ecosolvente-roland-ecosolmax3-els5\/\",\"url\":\"https:\/\/tmssl.com\/producto\/tinta-ecosolvente-roland-ecosolmax3-els5\/\",\"name\":\"TINTA ECOSOLVENTE ROLAND ECOSOLMAX3 ELS5 - TMS SL\",\"isPartOf\":{\"@id\":\"https:\/\/tmssl.com\/en\/#website\"},\"primaryImageOfPage\":{\"@id\":\"https:\/\/tmssl.com\/producto\/tinta-ecosolvente-roland-ecosolmax3-els5\/#primaryimage\"},\"image\":{\"@id\":\"https:\/\/tmssl.com\/producto\/tinta-ecosolvente-roland-ecosolmax3-els5\/#primaryimage\"},\"thumbnailUrl\":\"https:\/\/i0.wp.com\/tmssl.com\/wp-content\/uploads\/2024\/10\/Tinta-Roland-ESL5-ECO-SOL-MAX-3.jpg?fit=458%2C458&ssl=1\",\"datePublished\":\"2024-10-22T08:22:25+00:00\",\"dateModified\":\"2025-04-17T10:09:06+00:00\",\"breadcrumb\":{\"@id\":\"https:\/\/tmssl.com\/producto\/tinta-ecosolvente-roland-ecosolmax3-els5\/#breadcrumb\"},\"inLanguage\":\"en-GB\",\"potentialAction\":[{\"@type\":\"ReadAction\",\"target\":[\"https:\/\/tmssl.com\/producto\/tinta-ecosolvente-roland-ecosolmax3-els5\/\"]}]},{\"@type\":\"ImageObject\",\"inLanguage\":\"en-GB\",\"@id\":\"https:\/\/tmssl.com\/producto\/tinta-ecosolvente-roland-ecosolmax3-els5\/#primaryimage\",\"url\":\"https:\/\/i0.wp.com\/tmssl.com\/wp-content\/uploads\/2024\/10\/Tinta-Roland-ESL5-ECO-SOL-MAX-3.jpg?fit=458%2C458&ssl=1\",\"contentUrl\":\"https:\/\/i0.wp.com\/tmssl.com\/wp-content\/uploads\/2024\/10\/Tinta-Roland-ESL5-ECO-SOL-MAX-3.jpg?fit=458%2C458&ssl=1\",\"width\":458,\"height\":458},{\"@type\":\"BreadcrumbList\",\"@id\":\"https:\/\/tmssl.com\/producto\/tinta-ecosolvente-roland-ecosolmax3-els5\/#breadcrumb\",\"itemListElement\":[{\"@type\":\"ListItem\",\"position\":1,\"name\":\"Portada\",\"item\":\"https:\/\/tmssl.com\/\"},{\"@type\":\"ListItem\",\"position\":2,\"name\":\"Shop\",\"item\":\"https:\/\/tmssl.com\/shop\/\"},{\"@type\":\"ListItem\",\"position\":3,\"name\":\"TINTA ECOSOLVENTE ROLAND ECOSOLMAX3 ELS5\"}]},{\"@type\":\"WebSite\",\"@id\":\"https:\/\/tmssl.com\/en\/#website\",\"url\":\"https:\/\/tmssl.com\/en\/\",\"name\":\"www.tmssl.com\",\"description\":\"Venta de vinilo textil, y consumibles para la personalizacion.\",\"publisher\":{\"@id\":\"https:\/\/tmssl.com\/en\/#organization\"},\"potentialAction\":[{\"@type\":\"SearchAction\",\"target\":{\"@type\":\"EntryPoint\",\"urlTemplate\":\"https:\/\/tmssl.com\/en\/?s={search_term_string}\"},\"query-input\":{\"@type\":\"PropertyValueSpecification\",\"valueRequired\":true,\"valueName\":\"search_term_string\"}}],\"inLanguage\":\"en-GB\"},{\"@type\":\"Organization\",\"@id\":\"https:\/\/tmssl.com\/en\/#organization\",\"name\":\"www.tmssl.com\",\"url\":\"https:\/\/tmssl.com\/en\/\",\"logo\":{\"@type\":\"ImageObject\",\"inLanguage\":\"en-GB\",\"@id\":\"https:\/\/tmssl.com\/en\/#\/schema\/logo\/image\/\",\"url\":\"https:\/\/tmssl.com\/wp-content\/uploads\/2023\/07\/LOGO-TMS-ALTA-01.jpg\",\"contentUrl\":\"https:\/\/tmssl.com\/wp-content\/uploads\/2023\/07\/LOGO-TMS-ALTA-01.jpg\",\"width\":598,\"height\":597,\"caption\":\"www.tmssl.com\"},\"image\":{\"@id\":\"https:\/\/tmssl.com\/en\/#\/schema\/logo\/image\/\"},\"sameAs\":[\"https:\/\/www.instagram.com\/vinilotextil.tmssl\/\"]}]}<\/script>\n<!-- \/ Yoast SEO plugin. -->","yoast_head_json":{"title":"TINTA ECOSOLVENTE ROLAND ECOSOLMAX3 ELS5 - TMS SL","robots":{"index":"index","follow":"follow","max-snippet":"max-snippet:-1","max-image-preview":"max-image-preview:large","max-video-preview":"max-video-preview:-1"},"canonical":"https:\/\/tmssl.com\/en\/product\/tinta-ecosolvente-roland-ecosolmax3-els5\/","og_locale":"en_GB","og_type":"article","og_title":"TINTA ECOSOLVENTE ROLAND ECOSOLMAX3 ELS5 - TMS SL","og_description":"La tinta ECO-SOL MAX 5 de Roland ha recibido varios premios otorgados tanto por organizaciones profesionales de reconocido prestigio como por especialistas del sector. Esta tinta con disolventes suaves seca r\u00e1pidamente, tiene una alta densidad, una amplia gama de color y una buena resistencia al rayado. La tinta tambi\u00e9n es compatible con una amplia gama de materiales con y sin recubrimiento. La tinta ECO-SOL MAX 5 es pr\u00e1cticamente inodora, lo que elimina la necesidad de instalar ning\u00fan tipo de sistema de ventilaci\u00f3n. La tinta presenta una la estabilidad del color durante un per\u00edodo de hasta tres a\u00f1os de uso en exteriores.    Calidad de impresi\u00f3n excepcional  Excelente opacidad y densidad  Altos niveles de brillo  Imprime como color plano con CMYK  Optimizada para las series VersaCAMM VS-i, VersaSTUDIO y SOLJET PRO 4 de Roland DG  Tambi\u00e9n disponible: Tinta blanca Eco-Sol MAX 2  Certificada con el distintivo\u00a0GREENGUARD GOLD","og_url":"https:\/\/tmssl.com\/en\/product\/tinta-ecosolvente-roland-ecosolmax3-els5\/","og_site_name":"TMS SL","article_modified_time":"2025-04-17T10:09:06+00:00","og_image":[{"width":458,"height":458,"url":"https:\/\/tmssl.com\/wp-content\/uploads\/2024\/10\/Tinta-Roland-ESL5-ECO-SOL-MAX-3.jpg","type":"image\/jpeg"}],"twitter_card":"summary_large_image","twitter_misc":{"Estimated reading time":"1 minute"},"schema":{"@context":"https:\/\/schema.org","@graph":[{"@type":"WebPage","@id":"https:\/\/tmssl.com\/producto\/tinta-ecosolvente-roland-ecosolmax3-els5\/","url":"https:\/\/tmssl.com\/producto\/tinta-ecosolvente-roland-ecosolmax3-els5\/","name":"TINTA ECOSOLVENTE ROLAND ECOSOLMAX3 ELS5 - TMS SL","isPartOf":{"@id":"https:\/\/tmssl.com\/en\/#website"},"primaryImageOfPage":{"@id":"https:\/\/tmssl.com\/producto\/tinta-ecosolvente-roland-ecosolmax3-els5\/#primaryimage"},"image":{"@id":"https:\/\/tmssl.com\/producto\/tinta-ecosolvente-roland-ecosolmax3-els5\/#primaryimage"},"thumbnailUrl":"https:\/\/i0.wp.com\/tmssl.com\/wp-content\/uploads\/2024\/10\/Tinta-Roland-ESL5-ECO-SOL-MAX-3.jpg?fit=458%2C458&ssl=1","datePublished":"2024-10-22T08:22:25+00:00","dateModified":"2025-04-17T10:09:06+00:00","breadcrumb":{"@id":"https:\/\/tmssl.com\/producto\/tinta-ecosolvente-roland-ecosolmax3-els5\/#breadcrumb"},"inLanguage":"en-GB","potentialAction":[{"@type":"ReadAction","target":["https:\/\/tmssl.com\/producto\/tinta-ecosolvente-roland-ecosolmax3-els5\/"]}]},{"@type":"ImageObject","inLanguage":"en-GB","@id":"https:\/\/tmssl.com\/producto\/tinta-ecosolvente-roland-ecosolmax3-els5\/#primaryimage","url":"https:\/\/i0.wp.com\/tmssl.com\/wp-content\/uploads\/2024\/10\/Tinta-Roland-ESL5-ECO-SOL-MAX-3.jpg?fit=458%2C458&ssl=1","contentUrl":"https:\/\/i0.wp.com\/tmssl.com\/wp-content\/uploads\/2024\/10\/Tinta-Roland-ESL5-ECO-SOL-MAX-3.jpg?fit=458%2C458&ssl=1","width":458,"height":458},{"@type":"BreadcrumbList","@id":"https:\/\/tmssl.com\/producto\/tinta-ecosolvente-roland-ecosolmax3-els5\/#breadcrumb","itemListElement":[{"@type":"ListItem","position":1,"name":"Portada","item":"https:\/\/tmssl.com\/"},{"@type":"ListItem","position":2,"name":"Shop","item":"https:\/\/tmssl.com\/shop\/"},{"@type":"ListItem","position":3,"name":"TINTA ECOSOLVENTE ROLAND ECOSOLMAX3 ELS5"}]},{"@type":"WebSite","@id":"https:\/\/tmssl.com\/en\/#website","url":"https:\/\/tmssl.com\/en\/","name":"www.tmssl.com","description":"Venta de vinilo textil, y consumibles para la personalizacion.","publisher":{"@id":"https:\/\/tmssl.com\/en\/#organization"},"potentialAction":[{"@type":"SearchAction","target":{"@type":"EntryPoint","urlTemplate":"https:\/\/tmssl.com\/en\/?s={search_term_string}"},"query-input":{"@type":"PropertyValueSpecification","valueRequired":true,"valueName":"search_term_string"}}],"inLanguage":"en-GB"},{"@type":"Organization","@id":"https:\/\/tmssl.com\/en\/#organization","name":"www.tmssl.com","url":"https:\/\/tmssl.com\/en\/","logo":{"@type":"ImageObject","inLanguage":"en-GB","@id":"https:\/\/tmssl.com\/en\/#\/schema\/logo\/image\/","url":"https:\/\/tmssl.com\/wp-content\/uploads\/2023\/07\/LOGO-TMS-ALTA-01.jpg","contentUrl":"https:\/\/tmssl.com\/wp-content\/uploads\/2023\/07\/LOGO-TMS-ALTA-01.jpg","width":598,"height":597,"caption":"www.tmssl.com"},"image":{"@id":"https:\/\/tmssl.com\/en\/#\/schema\/logo\/image\/"},"sameAs":["https:\/\/www.instagram.com\/vinilotextil.tmssl\/"]}]}},"jetpack_publicize_connections":[],"jetpack_likes_enabled":true,"jetpack-related-posts":[{"id":3053,"url":"https:\/\/tmssl.com\/en\/product\/tinta-ecosolvente-roland\/","url_meta":{"origin":9182,"position":0},"title":"TINTA ECOSOLVENTE ROLAND ECOSOLMAX ELS3","author":"Info","date":"24 de October de 2022","format":false,"excerpt":"La tinta ECO-SOL MAX de Roland ha recibido varios premios otorgados tanto por organizaciones profesionales de reconocido prestigio como por especialistas del sector. Esta tinta con disolventes suaves seca r\u00e1pidamente, tiene una alta densidad, una amplia gama de color y una buena resistencia al rayado. La tinta tambi\u00e9n es compatible\u2026","rel":"","context":"Similar post","block_context":{"text":"Similar post","link":""},"img":{"alt_text":"","src":"https:\/\/i0.wp.com\/tmssl.com\/wp-content\/uploads\/2022\/10\/tinta-roland-eco-sol-max-220-ml-esl3.jpg?fit=458%2C458&ssl=1&resize=350%2C200","width":350,"height":200},"classes":[]},{"id":11866,"url":"https:\/\/tmssl.com\/en\/product\/tinta-ecosolvente-roland-ecosolmax2-els4\/","url_meta":{"origin":9182,"position":1},"title":"TINTA ECOSOLVENTE ROLAND ECOSOLMAX2 ELS4","author":"Info","date":"17 de April de 2025","format":false,"excerpt":"La tinta ECO-SOL MAX 2 de Roland ha recibido varios premios otorgados tanto por organizaciones profesionales de reconocido prestigio como por especialistas del sector. Esta tinta con disolventes suaves seca r\u00e1pidamente, tiene una alta densidad, una amplia gama de color y una buena resistencia al rayado. La tinta tambi\u00e9n es\u2026","rel":"","context":"Similar post","block_context":{"text":"Similar post","link":""},"img":{"alt_text":"","src":"https:\/\/i0.wp.com\/tmssl.com\/wp-content\/uploads\/2025\/04\/tinta-roland-eco-sol-max-2-440-ml.webp?fit=458%2C458&ssl=1&resize=350%2C200","width":350,"height":200},"classes":[]},{"id":4651,"url":"https:\/\/tmssl.com\/en\/product\/kit-de-limpieza-roland\/","url_meta":{"origin":9182,"position":2},"title":"KIT DE LIMPIEZA ROLAND","author":"Info","date":"16 de February de 2023","format":false,"excerpt":"Este kit l\u00edquido de limpieza ESL5 es adecuado para impresoras Roland que utilizan tintas Eco-Sol Max, Eco-Sol Max 2 y Eco-Sol Max 3. Incluye: botella de 100 ml de liquido limpiador especial para las tintas Eco Solventes 10 bastoncillos de limpieza.","rel":"","context":"Similar post","block_context":{"text":"Similar post","link":""},"img":{"alt_text":"","src":"https:\/\/i0.wp.com\/tmssl.com\/wp-content\/uploads\/2023\/02\/cleaning.webp?fit=960%2C1200&ssl=1&resize=350%2C200","width":350,"height":200,"srcset":"https:\/\/i0.wp.com\/tmssl.com\/wp-content\/uploads\/2023\/02\/cleaning.webp?fit=960%2C1200&ssl=1&resize=350%2C200 1x, https:\/\/i0.wp.com\/tmssl.com\/wp-content\/uploads\/2023\/02\/cleaning.webp?fit=960%2C1200&ssl=1&resize=525%2C300 1.5x, https:\/\/i0.wp.com\/tmssl.com\/wp-content\/uploads\/2023\/02\/cleaning.webp?fit=960%2C1200&ssl=1&resize=700%2C400 2x"},"classes":[]},{"id":11728,"url":"https:\/\/tmssl.com\/en\/product\/liquido-limpieza-tintas-ecosol-y-uv-500-ml-roland\/","url_meta":{"origin":9182,"position":3},"title":"L\u00edquido limpieza tintas EcoSol y UV 500 ml Roland","author":"Info","date":"16 de April de 2025","format":false,"excerpt":"L\u00edquido limpieza tintas EcoSol y UV 500 ml Roland","rel":"","context":"Similar post","block_context":{"text":"Similar post","link":""},"img":{"alt_text":"","src":"https:\/\/i0.wp.com\/tmssl.com\/wp-content\/uploads\/2025\/04\/CLEANING500.webp?fit=960%2C1200&ssl=1&resize=350%2C200","width":350,"height":200,"srcset":"https:\/\/i0.wp.com\/tmssl.com\/wp-content\/uploads\/2025\/04\/CLEANING500.webp?fit=960%2C1200&ssl=1&resize=350%2C200 1x, https:\/\/i0.wp.com\/tmssl.com\/wp-content\/uploads\/2025\/04\/CLEANING500.webp?fit=960%2C1200&ssl=1&resize=525%2C300 1.5x, https:\/\/i0.wp.com\/tmssl.com\/wp-content\/uploads\/2025\/04\/CLEANING500.webp?fit=960%2C1200&ssl=1&resize=700%2C400 2x"},"classes":[]},{"id":4197,"url":"https:\/\/tmssl.com\/en\/product\/mimaki-cjv150-75\/","url_meta":{"origin":9182,"position":4},"title":"Mimaki CJV150-75","author":"Info","date":"13 de February de 2023","format":false,"excerpt":"Impresora digital solvente con corte integrado La Mimaki CJV150, equipo de impresi\u00f3n y corte, tiene como principal caracter\u00edstica, su alto rendimiento, que facilita la creatividad y la versatilidad en todas las impresiones. Gracias a las tintas vibrantes que utiliza, como por ejemplo, las nuevas Silver, Orange y Light Black, que\u2026","rel":"","context":"Similar post","block_context":{"text":"Similar post","link":""},"img":{"alt_text":"","src":"","width":0,"height":0},"classes":[]},{"id":4200,"url":"https:\/\/tmssl.com\/en\/product\/mimaki-cjv150-107\/","url_meta":{"origin":9182,"position":5},"title":"Mimaki CJV150-107","author":"Info","date":"13 de February de 2023","format":false,"excerpt":"Impresora digital solvente con corte integrado La Mimaki CJV150, equipo de impresi\u00f3n y corte, tiene como principal caracter\u00edstica, su alto rendimiento, que facilita la creatividad y la versatilidad en todas las impresiones. Gracias a las tintas vibrantes que utiliza, como por ejemplo, las nuevas Silver, Orange y Light Black, que\u2026","rel":"","context":"Similar post","block_context":{"text":"Similar post","link":""},"img":{"alt_text":"","src":"","width":0,"height":0},"classes":[]}],"jetpack_sharing_enabled":true,"tiered_pricing_type":"fixed","tiered_pricing_fixed_rules":[],"tiered_pricing_product_settings":{"layout":"default","base_unit_name":{"singular":null,"plural":null},"default_variation":null},"tiered_pricing_minimum_quantity":null,"tiered_pricing_roles_data":[],"tiered_pricing_percentage_rules":[],"_links":{"self":[{"href":"https:\/\/tmssl.com\/en\/wp-json\/wp\/v2\/product\/9182","targetHints":{"allow":["GET"]}}],"collection":[{"href":"https:\/\/tmssl.com\/en\/wp-json\/wp\/v2\/product"}],"about":[{"href":"https:\/\/tmssl.com\/en\/wp-json\/wp\/v2\/types\/product"}],"replies":[{"embeddable":true,"href":"https:\/\/tmssl.com\/en\/wp-json\/wp\/v2\/comments?post=9182"}],"version-history":[{"count":4,"href":"https:\/\/tmssl.com\/en\/wp-json\/wp\/v2\/product\/9182\/revisions"}],"predecessor-version":[{"id":11864,"href":"https:\/\/tmssl.com\/en\/wp-json\/wp\/v2\/product\/9182\/revisions\/11864"}],"wp:featuredmedia":[{"embeddable":true,"href":"https:\/\/tmssl.com\/en\/wp-json\/wp\/v2\/media\/9191"}],"wp:attachment":[{"href":"https:\/\/tmssl.com\/en\/wp-json\/wp\/v2\/media?parent=9182"}],"wp:term":[{"taxonomy":"product_brand","embeddable":true,"href":"https:\/\/tmssl.com\/en\/wp-json\/wp\/v2\/product_brand?post=9182"},{"taxonomy":"product_cat","embeddable":true,"href":"https:\/\/tmssl.com\/en\/wp-json\/wp\/v2\/product_cat?post=9182"},{"taxonomy":"product_tag","embeddable":true,"href":"https:\/\/tmssl.com\/en\/wp-json\/wp\/v2\/product_tag?post=9182"}],"curies":[{"name":"wp","href":"https:\/\/api.w.org\/{rel}","templated":true}]}}