{"id":9223,"date":"2024-10-22T12:45:07","date_gmt":"2024-10-22T10:45:07","guid":{"rendered":"https:\/\/tmssl.com\/?post_type=product&#038;p=9223"},"modified":"2024-10-22T12:45:07","modified_gmt":"2024-10-22T10:45:07","slug":"lona-fundida-de-510-gr-m2-mate","status":"publish","type":"product","link":"https:\/\/tmssl.com\/en\/product\/lona-fundida-de-510-gr-m2-mate\/","title":{"rendered":"Lona fundida de 510 gr\/m2 mate"},"content":{"rendered":"","protected":false},"excerpt":{"rendered":"<p>Para publicidad interior y exterior, lonas para publicidad en estadios o pabellones, exposiciones. Para displays de gran formato.<\/p>\n<p><strong>Caracter\u00edsticas:<\/strong><\/p>\n<ul>\n<li>Material: PVC<\/li>\n<li>Trama: 1000x1000d<\/li>\n<li>Tejido b\u00e1sico: 18&#215;18 pulgadas<\/li>\n<li>Peso total: 510 g\/m2<\/li>\n<li>Coating: Semi-coating.<\/li>\n<li>Fuerza de tensi\u00f3n: 2389N-2446N\/5cm<\/li>\n<li>Resistencia desgarre: 311N-353N\/5cm<\/li>\n<li>Adhesi\u00f3n: 60N\/5cm<\/li>\n<li>Retardante al fuego: No<\/li>\n<li>Lacado: No.<\/li>\n<\/ul>\n<p>Disponible en medidas de 1,06\u00a0 x 50 m.<\/p>","protected":false},"featured_media":9224,"comment_status":"open","ping_status":"closed","template":"","meta":{"_crdt_document":"","jetpack_publicize_message":"","jetpack_publicize_feature_enabled":true,"jetpack_social_post_already_shared":true,"jetpack_social_options":{"image_generator_settings":{"template":"highway","default_image_id":0,"font":"","enabled":false},"version":2},"_wpas_customize_per_network":false},"product_brand":[],"product_cat":[122619,122610],"product_tag":[],"class_list":{"0":"post-9223","1":"product","2":"type-product","3":"status-publish","4":"has-post-thumbnail","6":"product_cat-lona","7":"product_cat-soportes-de-impresion","9":"first","10":"instock","11":"taxable","12":"shipping-taxable","13":"purchasable","14":"product-type-simple"},"yoast_head":"<!-- This site is optimized with the Yoast SEO plugin v27.5 - https:\/\/yoast.com\/product\/yoast-seo-wordpress\/ -->\n<title>Lona fundida de 510 gr\/m2 mate - TMS SL<\/title>\n<meta name=\"robots\" content=\"index, follow, max-snippet:-1, max-image-preview:large, max-video-preview:-1\" \/>\n<link rel=\"canonical\" href=\"https:\/\/tmssl.com\/en\/product\/lona-fundida-de-510-gr-m2-mate\/\" \/>\n<meta property=\"og:locale\" content=\"en_GB\" \/>\n<meta property=\"og:type\" content=\"article\" \/>\n<meta property=\"og:title\" content=\"Lona fundida de 510 gr\/m2 mate - TMS SL\" \/>\n<meta property=\"og:description\" content=\"Para publicidad interior y exterior, lonas para publicidad en estadios o pabellones, exposiciones. Para displays de gran formato.  Caracter\u00edsticas:   Material: PVC  Trama: 1000x1000d  Tejido b\u00e1sico: 18x18 pulgadas  Peso total: 510 g\/m2  Coating: Semi-coating.  Fuerza de tensi\u00f3n: 2389N-2446N\/5cm  Resistencia desgarre: 311N-353N\/5cm  Adhesi\u00f3n: 60N\/5cm  Retardante al fuego: No  Lacado: No.  Disponible en medidas de 1,06\u00a0 x 50 m.\" \/>\n<meta property=\"og:url\" content=\"https:\/\/tmssl.com\/en\/product\/lona-fundida-de-510-gr-m2-mate\/\" \/>\n<meta property=\"og:site_name\" content=\"TMS SL\" \/>\n<meta property=\"og:image\" content=\"https:\/\/tmssl.com\/wp-content\/uploads\/2024\/10\/Lona-fundida-de-510-grm2-mate.jpg\" \/>\n\t<meta property=\"og:image:width\" content=\"458\" \/>\n\t<meta property=\"og:image:height\" content=\"458\" \/>\n\t<meta property=\"og:image:type\" content=\"image\/jpeg\" \/>\n<meta name=\"twitter:card\" content=\"summary_large_image\" \/>\n<meta name=\"twitter:label1\" content=\"Estimated reading time\" \/>\n\t<meta name=\"twitter:data1\" content=\"1 minute\" \/>\n<script type=\"application\/ld+json\" class=\"yoast-schema-graph\">{\"@context\":\"https:\\\/\\\/schema.org\",\"@graph\":[{\"@type\":\"WebPage\",\"@id\":\"https:\\\/\\\/tmssl.com\\\/producto\\\/lona-fundida-de-510-gr-m2-mate\\\/\",\"url\":\"https:\\\/\\\/tmssl.com\\\/producto\\\/lona-fundida-de-510-gr-m2-mate\\\/\",\"name\":\"Lona fundida de 510 gr\\\/m2 mate - TMS SL\",\"isPartOf\":{\"@id\":\"https:\\\/\\\/tmssl.com\\\/en\\\/#website\"},\"primaryImageOfPage\":{\"@id\":\"https:\\\/\\\/tmssl.com\\\/producto\\\/lona-fundida-de-510-gr-m2-mate\\\/#primaryimage\"},\"image\":{\"@id\":\"https:\\\/\\\/tmssl.com\\\/producto\\\/lona-fundida-de-510-gr-m2-mate\\\/#primaryimage\"},\"thumbnailUrl\":\"https:\\\/\\\/i0.wp.com\\\/tmssl.com\\\/wp-content\\\/uploads\\\/2024\\\/10\\\/Lona-fundida-de-510-grm2-mate.jpg?fit=458%2C458&ssl=1\",\"datePublished\":\"2024-10-22T10:45:07+00:00\",\"breadcrumb\":{\"@id\":\"https:\\\/\\\/tmssl.com\\\/producto\\\/lona-fundida-de-510-gr-m2-mate\\\/#breadcrumb\"},\"inLanguage\":\"en-GB\",\"potentialAction\":[{\"@type\":\"ReadAction\",\"target\":[\"https:\\\/\\\/tmssl.com\\\/producto\\\/lona-fundida-de-510-gr-m2-mate\\\/\"]}]},{\"@type\":\"ImageObject\",\"inLanguage\":\"en-GB\",\"@id\":\"https:\\\/\\\/tmssl.com\\\/producto\\\/lona-fundida-de-510-gr-m2-mate\\\/#primaryimage\",\"url\":\"https:\\\/\\\/i0.wp.com\\\/tmssl.com\\\/wp-content\\\/uploads\\\/2024\\\/10\\\/Lona-fundida-de-510-grm2-mate.jpg?fit=458%2C458&ssl=1\",\"contentUrl\":\"https:\\\/\\\/i0.wp.com\\\/tmssl.com\\\/wp-content\\\/uploads\\\/2024\\\/10\\\/Lona-fundida-de-510-grm2-mate.jpg?fit=458%2C458&ssl=1\",\"width\":458,\"height\":458},{\"@type\":\"BreadcrumbList\",\"@id\":\"https:\\\/\\\/tmssl.com\\\/producto\\\/lona-fundida-de-510-gr-m2-mate\\\/#breadcrumb\",\"itemListElement\":[{\"@type\":\"ListItem\",\"position\":1,\"name\":\"Portada\",\"item\":\"https:\\\/\\\/tmssl.com\\\/\"},{\"@type\":\"ListItem\",\"position\":2,\"name\":\"Shop\",\"item\":\"https:\\\/\\\/tmssl.com\\\/shop\\\/\"},{\"@type\":\"ListItem\",\"position\":3,\"name\":\"Lona fundida de 510 gr\\\/m2 mate\"}]},{\"@type\":\"WebSite\",\"@id\":\"https:\\\/\\\/tmssl.com\\\/en\\\/#website\",\"url\":\"https:\\\/\\\/tmssl.com\\\/en\\\/\",\"name\":\"www.tmssl.com\",\"description\":\"Venta de vinilo textil, y consumibles para la personalizacion.\",\"publisher\":{\"@id\":\"https:\\\/\\\/tmssl.com\\\/en\\\/#organization\"},\"potentialAction\":[{\"@type\":\"SearchAction\",\"target\":{\"@type\":\"EntryPoint\",\"urlTemplate\":\"https:\\\/\\\/tmssl.com\\\/en\\\/?s={search_term_string}\"},\"query-input\":{\"@type\":\"PropertyValueSpecification\",\"valueRequired\":true,\"valueName\":\"search_term_string\"}}],\"inLanguage\":\"en-GB\"},{\"@type\":\"Organization\",\"@id\":\"https:\\\/\\\/tmssl.com\\\/en\\\/#organization\",\"name\":\"www.tmssl.com\",\"url\":\"https:\\\/\\\/tmssl.com\\\/en\\\/\",\"logo\":{\"@type\":\"ImageObject\",\"inLanguage\":\"en-GB\",\"@id\":\"https:\\\/\\\/tmssl.com\\\/en\\\/#\\\/schema\\\/logo\\\/image\\\/\",\"url\":\"https:\\\/\\\/tmssl.com\\\/wp-content\\\/uploads\\\/2023\\\/07\\\/LOGO-TMS-ALTA-01.jpg\",\"contentUrl\":\"https:\\\/\\\/tmssl.com\\\/wp-content\\\/uploads\\\/2023\\\/07\\\/LOGO-TMS-ALTA-01.jpg\",\"width\":598,\"height\":597,\"caption\":\"www.tmssl.com\"},\"image\":{\"@id\":\"https:\\\/\\\/tmssl.com\\\/en\\\/#\\\/schema\\\/logo\\\/image\\\/\"},\"sameAs\":[\"https:\\\/\\\/www.instagram.com\\\/vinilotextil.tmssl\\\/\"]}]}<\/script>\n<!-- \/ Yoast SEO plugin. -->","yoast_head_json":{"title":"Lona fundida de 510 gr\/m2 mate - TMS SL","robots":{"index":"index","follow":"follow","max-snippet":"max-snippet:-1","max-image-preview":"max-image-preview:large","max-video-preview":"max-video-preview:-1"},"canonical":"https:\/\/tmssl.com\/en\/product\/lona-fundida-de-510-gr-m2-mate\/","og_locale":"en_GB","og_type":"article","og_title":"Lona fundida de 510 gr\/m2 mate - TMS SL","og_description":"Para publicidad interior y exterior, lonas para publicidad en estadios o pabellones, exposiciones. Para displays de gran formato.  Caracter\u00edsticas:   Material: PVC  Trama: 1000x1000d  Tejido b\u00e1sico: 18x18 pulgadas  Peso total: 510 g\/m2  Coating: Semi-coating.  Fuerza de tensi\u00f3n: 2389N-2446N\/5cm  Resistencia desgarre: 311N-353N\/5cm  Adhesi\u00f3n: 60N\/5cm  Retardante al fuego: No  Lacado: No.  Disponible en medidas de 1,06\u00a0 x 50 m.","og_url":"https:\/\/tmssl.com\/en\/product\/lona-fundida-de-510-gr-m2-mate\/","og_site_name":"TMS SL","og_image":[{"width":458,"height":458,"url":"https:\/\/tmssl.com\/wp-content\/uploads\/2024\/10\/Lona-fundida-de-510-grm2-mate.jpg","type":"image\/jpeg"}],"twitter_card":"summary_large_image","twitter_misc":{"Estimated reading time":"1 minute"},"schema":{"@context":"https:\/\/schema.org","@graph":[{"@type":"WebPage","@id":"https:\/\/tmssl.com\/producto\/lona-fundida-de-510-gr-m2-mate\/","url":"https:\/\/tmssl.com\/producto\/lona-fundida-de-510-gr-m2-mate\/","name":"Lona fundida de 510 gr\/m2 mate - TMS SL","isPartOf":{"@id":"https:\/\/tmssl.com\/en\/#website"},"primaryImageOfPage":{"@id":"https:\/\/tmssl.com\/producto\/lona-fundida-de-510-gr-m2-mate\/#primaryimage"},"image":{"@id":"https:\/\/tmssl.com\/producto\/lona-fundida-de-510-gr-m2-mate\/#primaryimage"},"thumbnailUrl":"https:\/\/i0.wp.com\/tmssl.com\/wp-content\/uploads\/2024\/10\/Lona-fundida-de-510-grm2-mate.jpg?fit=458%2C458&ssl=1","datePublished":"2024-10-22T10:45:07+00:00","breadcrumb":{"@id":"https:\/\/tmssl.com\/producto\/lona-fundida-de-510-gr-m2-mate\/#breadcrumb"},"inLanguage":"en-GB","potentialAction":[{"@type":"ReadAction","target":["https:\/\/tmssl.com\/producto\/lona-fundida-de-510-gr-m2-mate\/"]}]},{"@type":"ImageObject","inLanguage":"en-GB","@id":"https:\/\/tmssl.com\/producto\/lona-fundida-de-510-gr-m2-mate\/#primaryimage","url":"https:\/\/i0.wp.com\/tmssl.com\/wp-content\/uploads\/2024\/10\/Lona-fundida-de-510-grm2-mate.jpg?fit=458%2C458&ssl=1","contentUrl":"https:\/\/i0.wp.com\/tmssl.com\/wp-content\/uploads\/2024\/10\/Lona-fundida-de-510-grm2-mate.jpg?fit=458%2C458&ssl=1","width":458,"height":458},{"@type":"BreadcrumbList","@id":"https:\/\/tmssl.com\/producto\/lona-fundida-de-510-gr-m2-mate\/#breadcrumb","itemListElement":[{"@type":"ListItem","position":1,"name":"Portada","item":"https:\/\/tmssl.com\/"},{"@type":"ListItem","position":2,"name":"Shop","item":"https:\/\/tmssl.com\/shop\/"},{"@type":"ListItem","position":3,"name":"Lona fundida de 510 gr\/m2 mate"}]},{"@type":"WebSite","@id":"https:\/\/tmssl.com\/en\/#website","url":"https:\/\/tmssl.com\/en\/","name":"www.tmssl.com","description":"Venta de vinilo textil, y consumibles para la personalizacion.","publisher":{"@id":"https:\/\/tmssl.com\/en\/#organization"},"potentialAction":[{"@type":"SearchAction","target":{"@type":"EntryPoint","urlTemplate":"https:\/\/tmssl.com\/en\/?s={search_term_string}"},"query-input":{"@type":"PropertyValueSpecification","valueRequired":true,"valueName":"search_term_string"}}],"inLanguage":"en-GB"},{"@type":"Organization","@id":"https:\/\/tmssl.com\/en\/#organization","name":"www.tmssl.com","url":"https:\/\/tmssl.com\/en\/","logo":{"@type":"ImageObject","inLanguage":"en-GB","@id":"https:\/\/tmssl.com\/en\/#\/schema\/logo\/image\/","url":"https:\/\/tmssl.com\/wp-content\/uploads\/2023\/07\/LOGO-TMS-ALTA-01.jpg","contentUrl":"https:\/\/tmssl.com\/wp-content\/uploads\/2023\/07\/LOGO-TMS-ALTA-01.jpg","width":598,"height":597,"caption":"www.tmssl.com"},"image":{"@id":"https:\/\/tmssl.com\/en\/#\/schema\/logo\/image\/"},"sameAs":["https:\/\/www.instagram.com\/vinilotextil.tmssl\/"]}]}},"jetpack_publicize_connections":[],"jetpack_likes_enabled":true,"jetpack-related-posts":[{"id":9227,"url":"https:\/\/tmssl.com\/en\/product\/lona-blockout-510-grm-alta-opacidad\/","url_meta":{"origin":9223,"position":0},"title":"Lona blockout 510 grm alta opacidad.","author":"Info","date":"22 de October de 2024","format":false,"excerpt":"Lona fundida de alta opacidad, incluye una l\u00e1mina que bloquea la transferencia de luz posterior. Gran calidad de reproducci\u00f3n de im\u00e1genes. Acabado mate. Bobinas de 1,06\u00a0 x 50 m.","rel":"","context":"Similar post","block_context":{"text":"Similar post","link":""},"img":{"alt_text":"","src":"https:\/\/i0.wp.com\/tmssl.com\/wp-content\/uploads\/2024\/10\/Lona-blockout-510-grm-alta-opacidad.-.jpg?fit=458%2C458&ssl=1&resize=350%2C200","width":350,"height":200},"classes":[]},{"id":9231,"url":"https:\/\/tmssl.com\/en\/product\/lona-perforada-con-proteccion-trasera\/","url_meta":{"origin":9223,"position":1},"title":"Lona perforada con protecci\u00f3n trasera.","author":"Info","date":"22 de October de 2024","format":false,"excerpt":"Lona calada con protecci\u00f3n trasera 300 g\/m2 Bobinas de 1,06\u00a0 x 50 m.","rel":"","context":"Similar post","block_context":{"text":"Similar post","link":""},"img":{"alt_text":"","src":"https:\/\/i0.wp.com\/tmssl.com\/wp-content\/uploads\/2024\/10\/Lona-perforada-con-proteccion-trasera.jpg?fit=458%2C458&ssl=1&resize=350%2C200","width":350,"height":200},"classes":[]},{"id":9235,"url":"https:\/\/tmssl.com\/en\/product\/lona-backlight-110x50mts\/","url_meta":{"origin":9223,"position":2},"title":"Lona Backlight 1,10X50MTS","author":"Info","date":"22 de October de 2024","format":false,"excerpt":"Los beneficios de esta lona mate La\u00a0lona Backlight 510 gr\u00a0es uno de los materiales m\u00e1s populares a la vez que efectivos en la\u00a0publicidad exterior.\u00a0Se utiliza para realizar\u00a0r\u00f3tulos\u00a0luminosos\u00a0de gran formato y cajas de luz en stands y ferias. Una de las particularidades de la lona backlight es que es transl\u00facida, por\u2026","rel":"","context":"Similar post","block_context":{"text":"Similar post","link":""},"img":{"alt_text":"","src":"","width":0,"height":0},"classes":[]},{"id":9241,"url":"https:\/\/tmssl.com\/en\/product\/lona-mate-440-g\/","url_meta":{"origin":9223,"position":3},"title":"Lona mate 440 g","author":"Info","date":"22 de October de 2024","format":false,"excerpt":"La publicidad exterior con lona mate 440 g Medidas 1,067 X 50 METROS La situaci\u00f3n econ\u00f3mica actual ha motivado la reinvenci\u00f3n del sector de la construcci\u00f3n. Por lo que hace ya un tiempo las agencias de publicidad comenzaron a vender los espacios eventuales como si de una bambalina se tratase.\u2026","rel":"","context":"Similar post","block_context":{"text":"Similar post","link":""},"img":{"alt_text":"","src":"","width":0,"height":0},"classes":[]},{"id":9238,"url":"https:\/\/tmssl.com\/en\/product\/lona-mesh-perforada-con-protector\/","url_meta":{"origin":9223,"position":4},"title":"Lona mesh perforada con protector","author":"Info","date":"22 de October de 2024","format":false,"excerpt":"Lona mesh perforada con protector para impresi\u00f3n La\u00a0lona mesh perforada con protector 1,067 X 50 METROS, es un sustrato extremadamente resistente. La particularidad de estar perforada\u00a0la hace ideal para su impresi\u00f3n digital\u00a0y colocaci\u00f3n en exteriores. Principalmente fachadas, rejas y vallas. Por su composici\u00f3n esta lona perforada permite el paso del\u2026","rel":"","context":"Similar post","block_context":{"text":"Similar post","link":""},"img":{"alt_text":"","src":"","width":0,"height":0},"classes":[]},{"id":1389,"url":"https:\/\/tmssl.com\/en\/product\/s-print\/","url_meta":{"origin":9223,"position":5},"title":"VINILO TEXTIL DE IMPRESION Y CORTE SISER S-PRINT","author":"Info","date":"14 de September de 2022","format":false,"excerpt":"S-Print, el material al agua que permite estampar fa\u0301cil y ra\u0301pidamente cualquier disen\u0303o sobre algodo\u0301n, polie\u0301ster, tejidos ela\u0301sticos y mezclas. La baja temperatura de aplicacio\u0301n combinada con la excelente trabajabilidad y el tacto suave garantizan resultados de alta calidad, \u00a1en cuestio\u0301n de segundos! Disen\u0303ado para su uso en ma\u0301quinas de\u2026","rel":"","context":"Similar post","block_context":{"text":"Similar post","link":""},"img":{"alt_text":"","src":"https:\/\/i0.wp.com\/tmssl.com\/wp-content\/uploads\/2022\/09\/SPRINT.webp?fit=960%2C1200&ssl=1&resize=350%2C200","width":350,"height":200,"srcset":"https:\/\/i0.wp.com\/tmssl.com\/wp-content\/uploads\/2022\/09\/SPRINT.webp?fit=960%2C1200&ssl=1&resize=350%2C200 1x, https:\/\/i0.wp.com\/tmssl.com\/wp-content\/uploads\/2022\/09\/SPRINT.webp?fit=960%2C1200&ssl=1&resize=525%2C300 1.5x, https:\/\/i0.wp.com\/tmssl.com\/wp-content\/uploads\/2022\/09\/SPRINT.webp?fit=960%2C1200&ssl=1&resize=700%2C400 2x"},"classes":[]}],"jetpack_sharing_enabled":true,"tiered_pricing_type":"fixed","tiered_pricing_fixed_rules":[],"tiered_pricing_product_settings":{"layout":"default","base_unit_name":{"singular":null,"plural":null},"default_variation":null},"tiered_pricing_minimum_quantity":null,"tiered_pricing_roles_data":[],"tiered_pricing_percentage_rules":[],"_links":{"self":[{"href":"https:\/\/tmssl.com\/en\/wp-json\/wp\/v2\/product\/9223","targetHints":{"allow":["GET"]}}],"collection":[{"href":"https:\/\/tmssl.com\/en\/wp-json\/wp\/v2\/product"}],"about":[{"href":"https:\/\/tmssl.com\/en\/wp-json\/wp\/v2\/types\/product"}],"replies":[{"embeddable":true,"href":"https:\/\/tmssl.com\/en\/wp-json\/wp\/v2\/comments?post=9223"}],"version-history":[{"count":1,"href":"https:\/\/tmssl.com\/en\/wp-json\/wp\/v2\/product\/9223\/revisions"}],"predecessor-version":[{"id":9225,"href":"https:\/\/tmssl.com\/en\/wp-json\/wp\/v2\/product\/9223\/revisions\/9225"}],"wp:featuredmedia":[{"embeddable":true,"href":"https:\/\/tmssl.com\/en\/wp-json\/wp\/v2\/media\/9224"}],"wp:attachment":[{"href":"https:\/\/tmssl.com\/en\/wp-json\/wp\/v2\/media?parent=9223"}],"wp:term":[{"taxonomy":"product_brand","embeddable":true,"href":"https:\/\/tmssl.com\/en\/wp-json\/wp\/v2\/product_brand?post=9223"},{"taxonomy":"product_cat","embeddable":true,"href":"https:\/\/tmssl.com\/en\/wp-json\/wp\/v2\/product_cat?post=9223"},{"taxonomy":"product_tag","embeddable":true,"href":"https:\/\/tmssl.com\/en\/wp-json\/wp\/v2\/product_tag?post=9223"}],"curies":[{"name":"wp","href":"https:\/\/api.w.org\/{rel}","templated":true}]}}