{"id":9235,"date":"2024-10-22T12:56:15","date_gmt":"2024-10-22T10:56:15","guid":{"rendered":"https:\/\/tmssl.com\/?post_type=product&#038;p=9235"},"modified":"2024-10-22T12:56:16","modified_gmt":"2024-10-22T10:56:16","slug":"lona-backlight-110x50mts","status":"publish","type":"product","link":"https:\/\/tmssl.com\/en\/product\/lona-backlight-110x50mts\/","title":{"rendered":"Lona Backlight 1,10X50MTS"},"content":{"rendered":"","protected":false},"excerpt":{"rendered":"<h2>Los beneficios de esta lona mate<\/h2>\n<p>La\u00a0<strong>l<\/strong><strong>ona Backlight 510 gr\u00a0<\/strong>es uno de los materiales m\u00e1s populares a la vez que efectivos en la\u00a0<strong>publicidad exterior<\/strong>.\u00a0Se utiliza para realizar\u00a0<strong>r\u00f3tulos<\/strong>\u00a0<strong>luminosos<\/strong>\u00a0de gran formato y cajas de luz en stands y ferias. Una de las particularidades de la lona backlight es que es transl\u00facida, por lo que deja pasar la luz. Este hecho no dificulta para nada su resistencia, ya que es un material que aguanta muy bien las inclemencias clim\u00e1ticas. Principalmente lona Backlight 510 gr, es muy recomendable para rotulaciones luminosas por lo que es muy demandada por el sector de la rotulaci\u00f3n.<\/p>\n<figure id=\"attachment_9236\" class=\"wp-caption aligncenter\" aria-describedby=\"caption-attachment-9236\"><img fetchpriority=\"high\" decoding=\"async\" class=\"wp-image-9236 size-full\" title=\"Lona mate backlight\" src=\"https:\/\/www.koloronline.es\/wp-content\/uploads\/2018\/04\/Lona-mate-backligth-600x214-min.png\" sizes=\"(max-width: 600px) 100vw, 600px\" srcset=\"https:\/\/www.koloronline.es\/wp-content\/uploads\/2018\/04\/Lona-mate-backligth-600x214-min.png 600w, https:\/\/www.koloronline.es\/wp-content\/uploads\/2018\/04\/Lona-mate-backligth-600x214-min-510x182.png 510w, https:\/\/www.koloronline.es\/wp-content\/uploads\/2018\/04\/Lona-mate-backligth-600x214-min-300x107.png 300w\" alt=\"Lona mate backlight\" width=\"600\" height=\"214\" \/><figcaption id=\"caption-attachment-9236\" class=\"wp-caption-text\">Lona mate backlight , es un habitual mobiliario urbano, muy eficiente para las marcas. Con ello consiguen imagen de marca<\/figcaption><\/figure>\n<h2>\u00bfC\u00f3mo se imprime una lona backlight?<\/h2>\n<p>Ante todo, debemos disponer de un\u00a0<strong>plotter de <\/strong><strong>impresi\u00f3n<\/strong>, en este caso nuestra lona mate backlight es totalmente compatible con cualquier tipo de\u00a0<strong>impresora de gran formato<\/strong>. Su principal caracter\u00edstica es que las im\u00e1genes se imprimen con una mayor carga de tinta, con la finalidad de poder obtener una impresi\u00f3n en nuestro backlight perfecta y con mucha intensidad. Se pueden imprimir sin problemas a 4 colores, aunque es aconsejable que la impresora de gran formato disponga de un perfil de color para lona backlight.<\/p>\n<p>Otra caracter\u00edstica que nos ofrece este tipo de<strong>\u00a0soporte publicitario\u00a0<\/strong>es la posibilidad de realizar termo sellados o electro sellados si las lonas son de grandes dimensiones como podemos apreciar en la fotograf\u00eda en la que podemos ver como el equipo de f\u00fatbol\u00a0<strong>UD Levante<\/strong>, llego a gastarse una cantidad importante, en lona backlight. Seg\u00fan el diario\u00a0<strong><em>\u00ab<\/em><em>Las Provincias<\/em><em>\u00ab.<\/em><\/strong><\/p>\n<figure id=\"attachment_6928\" class=\"wp-caption aligncenter\" aria-describedby=\"caption-attachment-6928\"><\/figure>","protected":false},"featured_media":0,"comment_status":"open","ping_status":"closed","template":"","meta":{"_crdt_document":"","jetpack_publicize_message":"","jetpack_publicize_feature_enabled":true,"jetpack_social_post_already_shared":true,"jetpack_social_options":{"image_generator_settings":{"template":"highway","default_image_id":0,"font":"","enabled":false},"version":2},"_wpas_customize_per_network":false},"product_brand":[],"product_cat":[122619,122610],"product_tag":[],"class_list":{"0":"post-9235","1":"product","2":"type-product","3":"status-publish","5":"product_cat-lona","6":"product_cat-soportes-de-impresion","8":"first","9":"instock","10":"taxable","11":"shipping-taxable","12":"purchasable","13":"product-type-simple"},"yoast_head":"<!-- This site is optimized with the Yoast SEO plugin v27.5 - https:\/\/yoast.com\/product\/yoast-seo-wordpress\/ -->\n<title>Lona Backlight 1,10X50MTS - TMS SL<\/title>\n<meta name=\"robots\" content=\"index, follow, max-snippet:-1, max-image-preview:large, max-video-preview:-1\" \/>\n<link rel=\"canonical\" href=\"https:\/\/tmssl.com\/en\/product\/lona-backlight-110x50mts\/\" \/>\n<meta property=\"og:locale\" content=\"en_GB\" \/>\n<meta property=\"og:type\" content=\"article\" \/>\n<meta property=\"og:title\" content=\"Lona Backlight 1,10X50MTS - TMS SL\" \/>\n<meta property=\"og:description\" content=\"Los beneficios de esta lona mate La\u00a0lona Backlight 510 gr\u00a0es uno de los materiales m\u00e1s populares a la vez que efectivos en la\u00a0publicidad exterior.\u00a0Se utiliza para realizar\u00a0r\u00f3tulos\u00a0luminosos\u00a0de gran formato y cajas de luz en stands y ferias. Una de las particularidades de la lona backlight es que es transl\u00facida, por lo que deja pasar la luz. Este hecho no dificulta para nada su resistencia, ya que es un material que aguanta muy bien las inclemencias clim\u00e1ticas. Principalmente lona Backlight 510 gr, es muy recomendable para rotulaciones luminosas por lo que es muy demandada por el sector de la rotulaci\u00f3n. Lona mate backlight , es un habitual mobiliario urbano, muy eficiente para las marcas. Con ello consiguen imagen de marca \u00bfC\u00f3mo se imprime una lona backlight? Ante todo, debemos disponer de un\u00a0plotter de impresi\u00f3n, en este caso nuestra lona mate backlight es totalmente compatible con cualquier tipo de\u00a0impresora de gran formato. Su principal caracter\u00edstica es que las im\u00e1genes se imprimen con una mayor carga de tinta, con la finalidad de poder obtener una impresi\u00f3n en nuestro backlight perfecta y con mucha intensidad. Se pueden imprimir sin problemas a 4 colores, aunque es aconsejable que la impresora de gran formato disponga de un perfil de color para lona backlight.  Otra caracter\u00edstica que nos ofrece este tipo de\u00a0soporte publicitario\u00a0es la posibilidad de realizar termo sellados o electro sellados si las lonas son de grandes dimensiones como podemos apreciar en la fotograf\u00eda en la que podemos ver como el equipo de f\u00fatbol\u00a0UD Levante, llego a gastarse una cantidad importante, en lona backlight. Seg\u00fan el diario\u00a0\u00abLas Provincias\u00ab.\" \/>\n<meta property=\"og:url\" content=\"https:\/\/tmssl.com\/en\/product\/lona-backlight-110x50mts\/\" \/>\n<meta property=\"og:site_name\" content=\"TMS SL\" \/>\n<meta property=\"article:modified_time\" content=\"2024-10-22T10:56:16+00:00\" \/>\n<meta name=\"twitter:card\" content=\"summary_large_image\" \/>\n<script type=\"application\/ld+json\" class=\"yoast-schema-graph\">{\"@context\":\"https:\\\/\\\/schema.org\",\"@graph\":[{\"@type\":\"WebPage\",\"@id\":\"https:\\\/\\\/tmssl.com\\\/producto\\\/lona-backlight-110x50mts\\\/\",\"url\":\"https:\\\/\\\/tmssl.com\\\/producto\\\/lona-backlight-110x50mts\\\/\",\"name\":\"Lona Backlight 1,10X50MTS - TMS SL\",\"isPartOf\":{\"@id\":\"https:\\\/\\\/tmssl.com\\\/en\\\/#website\"},\"datePublished\":\"2024-10-22T10:56:15+00:00\",\"dateModified\":\"2024-10-22T10:56:16+00:00\",\"breadcrumb\":{\"@id\":\"https:\\\/\\\/tmssl.com\\\/producto\\\/lona-backlight-110x50mts\\\/#breadcrumb\"},\"inLanguage\":\"en-GB\",\"potentialAction\":[{\"@type\":\"ReadAction\",\"target\":[\"https:\\\/\\\/tmssl.com\\\/producto\\\/lona-backlight-110x50mts\\\/\"]}]},{\"@type\":\"BreadcrumbList\",\"@id\":\"https:\\\/\\\/tmssl.com\\\/producto\\\/lona-backlight-110x50mts\\\/#breadcrumb\",\"itemListElement\":[{\"@type\":\"ListItem\",\"position\":1,\"name\":\"Portada\",\"item\":\"https:\\\/\\\/tmssl.com\\\/\"},{\"@type\":\"ListItem\",\"position\":2,\"name\":\"Shop\",\"item\":\"https:\\\/\\\/tmssl.com\\\/shop\\\/\"},{\"@type\":\"ListItem\",\"position\":3,\"name\":\"Lona Backlight 1,10X50MTS\"}]},{\"@type\":\"WebSite\",\"@id\":\"https:\\\/\\\/tmssl.com\\\/en\\\/#website\",\"url\":\"https:\\\/\\\/tmssl.com\\\/en\\\/\",\"name\":\"www.tmssl.com\",\"description\":\"Venta de vinilo textil, y consumibles para la personalizacion.\",\"publisher\":{\"@id\":\"https:\\\/\\\/tmssl.com\\\/en\\\/#organization\"},\"potentialAction\":[{\"@type\":\"SearchAction\",\"target\":{\"@type\":\"EntryPoint\",\"urlTemplate\":\"https:\\\/\\\/tmssl.com\\\/en\\\/?s={search_term_string}\"},\"query-input\":{\"@type\":\"PropertyValueSpecification\",\"valueRequired\":true,\"valueName\":\"search_term_string\"}}],\"inLanguage\":\"en-GB\"},{\"@type\":\"Organization\",\"@id\":\"https:\\\/\\\/tmssl.com\\\/en\\\/#organization\",\"name\":\"www.tmssl.com\",\"url\":\"https:\\\/\\\/tmssl.com\\\/en\\\/\",\"logo\":{\"@type\":\"ImageObject\",\"inLanguage\":\"en-GB\",\"@id\":\"https:\\\/\\\/tmssl.com\\\/en\\\/#\\\/schema\\\/logo\\\/image\\\/\",\"url\":\"https:\\\/\\\/tmssl.com\\\/wp-content\\\/uploads\\\/2023\\\/07\\\/LOGO-TMS-ALTA-01.jpg\",\"contentUrl\":\"https:\\\/\\\/tmssl.com\\\/wp-content\\\/uploads\\\/2023\\\/07\\\/LOGO-TMS-ALTA-01.jpg\",\"width\":598,\"height\":597,\"caption\":\"www.tmssl.com\"},\"image\":{\"@id\":\"https:\\\/\\\/tmssl.com\\\/en\\\/#\\\/schema\\\/logo\\\/image\\\/\"},\"sameAs\":[\"https:\\\/\\\/www.instagram.com\\\/vinilotextil.tmssl\\\/\"]}]}<\/script>\n<!-- \/ Yoast SEO plugin. -->","yoast_head_json":{"title":"Lona Backlight 1,10X50MTS - TMS SL","robots":{"index":"index","follow":"follow","max-snippet":"max-snippet:-1","max-image-preview":"max-image-preview:large","max-video-preview":"max-video-preview:-1"},"canonical":"https:\/\/tmssl.com\/en\/product\/lona-backlight-110x50mts\/","og_locale":"en_GB","og_type":"article","og_title":"Lona Backlight 1,10X50MTS - TMS SL","og_description":"Los beneficios de esta lona mate La\u00a0lona Backlight 510 gr\u00a0es uno de los materiales m\u00e1s populares a la vez que efectivos en la\u00a0publicidad exterior.\u00a0Se utiliza para realizar\u00a0r\u00f3tulos\u00a0luminosos\u00a0de gran formato y cajas de luz en stands y ferias. Una de las particularidades de la lona backlight es que es transl\u00facida, por lo que deja pasar la luz. Este hecho no dificulta para nada su resistencia, ya que es un material que aguanta muy bien las inclemencias clim\u00e1ticas. Principalmente lona Backlight 510 gr, es muy recomendable para rotulaciones luminosas por lo que es muy demandada por el sector de la rotulaci\u00f3n. Lona mate backlight , es un habitual mobiliario urbano, muy eficiente para las marcas. Con ello consiguen imagen de marca \u00bfC\u00f3mo se imprime una lona backlight? Ante todo, debemos disponer de un\u00a0plotter de impresi\u00f3n, en este caso nuestra lona mate backlight es totalmente compatible con cualquier tipo de\u00a0impresora de gran formato. Su principal caracter\u00edstica es que las im\u00e1genes se imprimen con una mayor carga de tinta, con la finalidad de poder obtener una impresi\u00f3n en nuestro backlight perfecta y con mucha intensidad. Se pueden imprimir sin problemas a 4 colores, aunque es aconsejable que la impresora de gran formato disponga de un perfil de color para lona backlight.  Otra caracter\u00edstica que nos ofrece este tipo de\u00a0soporte publicitario\u00a0es la posibilidad de realizar termo sellados o electro sellados si las lonas son de grandes dimensiones como podemos apreciar en la fotograf\u00eda en la que podemos ver como el equipo de f\u00fatbol\u00a0UD Levante, llego a gastarse una cantidad importante, en lona backlight. Seg\u00fan el diario\u00a0\u00abLas Provincias\u00ab.","og_url":"https:\/\/tmssl.com\/en\/product\/lona-backlight-110x50mts\/","og_site_name":"TMS SL","article_modified_time":"2024-10-22T10:56:16+00:00","twitter_card":"summary_large_image","schema":{"@context":"https:\/\/schema.org","@graph":[{"@type":"WebPage","@id":"https:\/\/tmssl.com\/producto\/lona-backlight-110x50mts\/","url":"https:\/\/tmssl.com\/producto\/lona-backlight-110x50mts\/","name":"Lona Backlight 1,10X50MTS - TMS SL","isPartOf":{"@id":"https:\/\/tmssl.com\/en\/#website"},"datePublished":"2024-10-22T10:56:15+00:00","dateModified":"2024-10-22T10:56:16+00:00","breadcrumb":{"@id":"https:\/\/tmssl.com\/producto\/lona-backlight-110x50mts\/#breadcrumb"},"inLanguage":"en-GB","potentialAction":[{"@type":"ReadAction","target":["https:\/\/tmssl.com\/producto\/lona-backlight-110x50mts\/"]}]},{"@type":"BreadcrumbList","@id":"https:\/\/tmssl.com\/producto\/lona-backlight-110x50mts\/#breadcrumb","itemListElement":[{"@type":"ListItem","position":1,"name":"Portada","item":"https:\/\/tmssl.com\/"},{"@type":"ListItem","position":2,"name":"Shop","item":"https:\/\/tmssl.com\/shop\/"},{"@type":"ListItem","position":3,"name":"Lona Backlight 1,10X50MTS"}]},{"@type":"WebSite","@id":"https:\/\/tmssl.com\/en\/#website","url":"https:\/\/tmssl.com\/en\/","name":"www.tmssl.com","description":"Venta de vinilo textil, y consumibles para la personalizacion.","publisher":{"@id":"https:\/\/tmssl.com\/en\/#organization"},"potentialAction":[{"@type":"SearchAction","target":{"@type":"EntryPoint","urlTemplate":"https:\/\/tmssl.com\/en\/?s={search_term_string}"},"query-input":{"@type":"PropertyValueSpecification","valueRequired":true,"valueName":"search_term_string"}}],"inLanguage":"en-GB"},{"@type":"Organization","@id":"https:\/\/tmssl.com\/en\/#organization","name":"www.tmssl.com","url":"https:\/\/tmssl.com\/en\/","logo":{"@type":"ImageObject","inLanguage":"en-GB","@id":"https:\/\/tmssl.com\/en\/#\/schema\/logo\/image\/","url":"https:\/\/tmssl.com\/wp-content\/uploads\/2023\/07\/LOGO-TMS-ALTA-01.jpg","contentUrl":"https:\/\/tmssl.com\/wp-content\/uploads\/2023\/07\/LOGO-TMS-ALTA-01.jpg","width":598,"height":597,"caption":"www.tmssl.com"},"image":{"@id":"https:\/\/tmssl.com\/en\/#\/schema\/logo\/image\/"},"sameAs":["https:\/\/www.instagram.com\/vinilotextil.tmssl\/"]}]}},"jetpack_publicize_connections":[],"jetpack_likes_enabled":true,"jetpack-related-posts":[{"id":9223,"url":"https:\/\/tmssl.com\/en\/product\/lona-fundida-de-510-gr-m2-mate\/","url_meta":{"origin":9235,"position":0},"title":"Lona fundida de 510 gr\/m2 mate","author":"Info","date":"22 de October de 2024","format":false,"excerpt":"Para publicidad interior y exterior, lonas para publicidad en estadios o pabellones, exposiciones. Para displays de gran formato. Caracter\u00edsticas: Material: PVC Trama: 1000x1000d Tejido b\u00e1sico: 18x18 pulgadas Peso total: 510 g\/m2 Coating: Semi-coating. Fuerza de tensi\u00f3n: 2389N-2446N\/5cm Resistencia desgarre: 311N-353N\/5cm Adhesi\u00f3n: 60N\/5cm Retardante al fuego: No Lacado: No. Disponible en\u2026","rel":"","context":"Similar post","block_context":{"text":"Similar post","link":""},"img":{"alt_text":"","src":"https:\/\/i0.wp.com\/tmssl.com\/wp-content\/uploads\/2024\/10\/Lona-fundida-de-510-grm2-mate.jpg?fit=458%2C458&ssl=1&resize=350%2C200","width":350,"height":200},"classes":[]},{"id":9227,"url":"https:\/\/tmssl.com\/en\/product\/lona-blockout-510-grm-alta-opacidad\/","url_meta":{"origin":9235,"position":1},"title":"Lona blockout 510 grm alta opacidad.","author":"Info","date":"22 de October de 2024","format":false,"excerpt":"Lona fundida de alta opacidad, incluye una l\u00e1mina que bloquea la transferencia de luz posterior. Gran calidad de reproducci\u00f3n de im\u00e1genes. Acabado mate. Bobinas de 1,06\u00a0 x 50 m.","rel":"","context":"Similar post","block_context":{"text":"Similar post","link":""},"img":{"alt_text":"","src":"https:\/\/i0.wp.com\/tmssl.com\/wp-content\/uploads\/2024\/10\/Lona-blockout-510-grm-alta-opacidad.-.jpg?fit=458%2C458&ssl=1&resize=350%2C200","width":350,"height":200},"classes":[]},{"id":9238,"url":"https:\/\/tmssl.com\/en\/product\/lona-mesh-perforada-con-protector\/","url_meta":{"origin":9235,"position":2},"title":"Lona mesh perforada con protector","author":"Info","date":"22 de October de 2024","format":false,"excerpt":"Lona mesh perforada con protector para impresi\u00f3n La\u00a0lona mesh perforada con protector 1,067 X 50 METROS, es un sustrato extremadamente resistente. La particularidad de estar perforada\u00a0la hace ideal para su impresi\u00f3n digital\u00a0y colocaci\u00f3n en exteriores. Principalmente fachadas, rejas y vallas. Por su composici\u00f3n esta lona perforada permite el paso del\u2026","rel":"","context":"Similar post","block_context":{"text":"Similar post","link":""},"img":{"alt_text":"","src":"","width":0,"height":0},"classes":[]},{"id":9241,"url":"https:\/\/tmssl.com\/en\/product\/lona-mate-440-g\/","url_meta":{"origin":9235,"position":3},"title":"Lona mate 440 g","author":"Info","date":"22 de October de 2024","format":false,"excerpt":"La publicidad exterior con lona mate 440 g Medidas 1,067 X 50 METROS La situaci\u00f3n econ\u00f3mica actual ha motivado la reinvenci\u00f3n del sector de la construcci\u00f3n. Por lo que hace ya un tiempo las agencias de publicidad comenzaron a vender los espacios eventuales como si de una bambalina se tratase.\u2026","rel":"","context":"Similar post","block_context":{"text":"Similar post","link":""},"img":{"alt_text":"","src":"","width":0,"height":0},"classes":[]},{"id":9231,"url":"https:\/\/tmssl.com\/en\/product\/lona-perforada-con-proteccion-trasera\/","url_meta":{"origin":9235,"position":4},"title":"Lona perforada con protecci\u00f3n trasera.","author":"Info","date":"22 de October de 2024","format":false,"excerpt":"Lona calada con protecci\u00f3n trasera 300 g\/m2 Bobinas de 1,06\u00a0 x 50 m.","rel":"","context":"Similar post","block_context":{"text":"Similar post","link":""},"img":{"alt_text":"","src":"https:\/\/i0.wp.com\/tmssl.com\/wp-content\/uploads\/2024\/10\/Lona-perforada-con-proteccion-trasera.jpg?fit=458%2C458&ssl=1&resize=350%2C200","width":350,"height":200},"classes":[]},{"id":4753,"url":"https:\/\/tmssl.com\/en\/product\/ollaos\/","url_meta":{"origin":9235,"position":5},"title":"OLLAOS","author":"Info","date":"17 de February de 2023","format":false,"excerpt":"Nuestros ollaos, comparados con los de metal o con otros tipos de ollaos pl\u00e1sticos del mercado. Nuestros ollaos transparentes son totalmente reciclables en el flujo de reciclaje de soportes PP o PE, haci\u00e9ndoles la soluci\u00f3n ojal perfecto para estos tipos de lonas. Si usted es proveedor de impresi\u00f3n digital o\u2026","rel":"","context":"Similar post","block_context":{"text":"Similar post","link":""},"img":{"alt_text":"","src":"https:\/\/i0.wp.com\/tmssl.com\/wp-content\/uploads\/2023\/02\/OLLAOS_Mesa-de-trabajo-1.jpg?fit=886%2C886&ssl=1&resize=350%2C200","width":350,"height":200,"srcset":"https:\/\/i0.wp.com\/tmssl.com\/wp-content\/uploads\/2023\/02\/OLLAOS_Mesa-de-trabajo-1.jpg?fit=886%2C886&ssl=1&resize=350%2C200 1x, https:\/\/i0.wp.com\/tmssl.com\/wp-content\/uploads\/2023\/02\/OLLAOS_Mesa-de-trabajo-1.jpg?fit=886%2C886&ssl=1&resize=525%2C300 1.5x, https:\/\/i0.wp.com\/tmssl.com\/wp-content\/uploads\/2023\/02\/OLLAOS_Mesa-de-trabajo-1.jpg?fit=886%2C886&ssl=1&resize=700%2C400 2x"},"classes":[]}],"jetpack_sharing_enabled":true,"tiered_pricing_type":"fixed","tiered_pricing_fixed_rules":[],"tiered_pricing_product_settings":{"layout":"default","base_unit_name":{"singular":null,"plural":null},"default_variation":null},"tiered_pricing_minimum_quantity":null,"tiered_pricing_roles_data":[],"tiered_pricing_percentage_rules":[],"_links":{"self":[{"href":"https:\/\/tmssl.com\/en\/wp-json\/wp\/v2\/product\/9235","targetHints":{"allow":["GET"]}}],"collection":[{"href":"https:\/\/tmssl.com\/en\/wp-json\/wp\/v2\/product"}],"about":[{"href":"https:\/\/tmssl.com\/en\/wp-json\/wp\/v2\/types\/product"}],"replies":[{"embeddable":true,"href":"https:\/\/tmssl.com\/en\/wp-json\/wp\/v2\/comments?post=9235"}],"version-history":[{"count":1,"href":"https:\/\/tmssl.com\/en\/wp-json\/wp\/v2\/product\/9235\/revisions"}],"predecessor-version":[{"id":9236,"href":"https:\/\/tmssl.com\/en\/wp-json\/wp\/v2\/product\/9235\/revisions\/9236"}],"wp:attachment":[{"href":"https:\/\/tmssl.com\/en\/wp-json\/wp\/v2\/media?parent=9235"}],"wp:term":[{"taxonomy":"product_brand","embeddable":true,"href":"https:\/\/tmssl.com\/en\/wp-json\/wp\/v2\/product_brand?post=9235"},{"taxonomy":"product_cat","embeddable":true,"href":"https:\/\/tmssl.com\/en\/wp-json\/wp\/v2\/product_cat?post=9235"},{"taxonomy":"product_tag","embeddable":true,"href":"https:\/\/tmssl.com\/en\/wp-json\/wp\/v2\/product_tag?post=9235"}],"curies":[{"name":"wp","href":"https:\/\/api.w.org\/{rel}","templated":true}]}}