{"id":9416,"date":"2024-10-23T10:56:43","date_gmt":"2024-10-23T08:56:43","guid":{"rendered":"https:\/\/tmssl.com\/?post_type=product&#038;p=9416"},"modified":"2025-04-17T09:12:22","modified_gmt":"2025-04-17T07:12:22","slug":"metamark-m7-oh-vinilo-glaseado-opal","status":"publish","type":"product","link":"https:\/\/tmssl.com\/en\/product\/metamark-m7-oh-vinilo-glaseado-opal\/","title":{"rendered":"METAMARK VINILO GLASEADO POLIMERICO M7-OH"},"content":{"rendered":"","protected":false},"excerpt":{"rendered":"<p style=\"text-align: center;\"><img decoding=\"async\" class=\"alignnone size-medium wp-image-11800\" src=\"https:\/\/tmssl.com\/wp-content\/uploads\/2025\/04\/METAMARK-300x92.png\" alt=\"\" width=\"300\" height=\"92\" srcset=\"https:\/\/i0.wp.com\/tmssl.com\/wp-content\/uploads\/2025\/04\/METAMARK.webp?resize=300%2C92&amp;ssl=1 300w, https:\/\/i0.wp.com\/tmssl.com\/wp-content\/uploads\/2025\/04\/METAMARK.webp?resize=18%2C6&amp;ssl=1 18w, https:\/\/i0.wp.com\/tmssl.com\/wp-content\/uploads\/2025\/04\/METAMARK.webp?w=405&amp;ssl=1 405w\" sizes=\"(max-width: 300px) 100vw, 300px\" \/><\/p>\n<p style=\"text-align: center;\"><strong>Opal M7-OH<\/strong> Haze ha sido formulado espec\u00edficamente para proporcionar un efecto de vidrio mate m\u00e1s blanco y brillante sin ning\u00fan indicio de brillo.<\/p>\n<p style=\"text-align: center;\">Bobina de 50 metros.<\/p>\n<p>Adecuado para muchas aplicaciones de decoraci\u00f3n de vidrio, es f\u00e1cil de cortar y pelar. El sistema adhesivo a base de solvente garantiza una aplicaci\u00f3n sin problemas y excelentes resultados.<\/p>\n<ul>\n<li>Vinilo Polim\u00e9rico calandrado<\/li>\n<li>Grueso: 70 micras<\/li>\n<li>Adhesivo: Apex Acr\u00edlico base solvente<\/li>\n<li>Soporte de papel Kraft<\/li>\n<li>Garantia: 7 a\u00f1os<\/li>\n<li>Acabado: Opal<\/li>\n<li>Anchos: 61 &#8211; 122 &#8211; 160 cm<\/li>\n<li>Transmisi\u00f3n de luz: 75%<\/li>\n<\/ul>","protected":false},"featured_media":9422,"comment_status":"open","ping_status":"closed","template":"","meta":{"_crdt_document":"","jetpack_publicize_message":"","jetpack_publicize_feature_enabled":true,"jetpack_social_post_already_shared":true,"jetpack_social_options":{"image_generator_settings":{"template":"highway","default_image_id":0,"font":"","enabled":false},"version":2},"_wpas_customize_per_network":false},"product_brand":[123387],"product_cat":[122617,122614],"product_tag":[121864,123395,123394,123393],"class_list":{"0":"post-9416","1":"product","2":"type-product","3":"status-publish","4":"has-post-thumbnail","6":"product_brand-metamark","7":"product_cat-vinilo-de-corte","8":"product_cat-vinilo-de-rotulacion","9":"product_tag-vinilo-de-corte","10":"product_tag-vinilo-de-corte-acido","11":"product_tag-vinilo-glaseado","12":"product_tag-vinilo-ocultacion","14":"first","15":"instock","16":"taxable","17":"shipping-taxable","18":"purchasable","19":"product-type-variable"},"yoast_head":"<!-- This site is optimized with the Yoast SEO plugin v27.5 - https:\/\/yoast.com\/product\/yoast-seo-wordpress\/ -->\n<title>METAMARK VINILO GLASEADO POLIMERICO M7-OH - TMS SL<\/title>\n<meta name=\"robots\" content=\"index, follow, max-snippet:-1, max-image-preview:large, max-video-preview:-1\" \/>\n<link rel=\"canonical\" href=\"https:\/\/tmssl.com\/en\/product\/metamark-m7-oh-vinilo-glaseado-opal\/\" \/>\n<meta property=\"og:locale\" content=\"en_GB\" \/>\n<meta property=\"og:type\" content=\"article\" \/>\n<meta property=\"og:title\" content=\"METAMARK VINILO GLASEADO POLIMERICO M7-OH - TMS SL\" \/>\n<meta property=\"og:description\" content=\"Opal M7-OH Haze ha sido formulado espec\u00edficamente para proporcionar un efecto de vidrio mate m\u00e1s blanco y brillante sin ning\u00fan indicio de brillo. Bobina de 50 metros. Adecuado para muchas aplicaciones de decoraci\u00f3n de vidrio, es f\u00e1cil de cortar y pelar. El sistema adhesivo a base de solvente garantiza una aplicaci\u00f3n sin problemas y excelentes resultados.   Vinilo Polim\u00e9rico calandrado  Grueso: 70 micras  Adhesivo: Apex Acr\u00edlico base solvente  Soporte de papel Kraft  Garantia: 7 a\u00f1os  Acabado: Opal  Anchos: 61 - 122 - 160 cm  Transmisi\u00f3n de luz: 75%\" \/>\n<meta property=\"og:url\" content=\"https:\/\/tmssl.com\/en\/product\/metamark-m7-oh-vinilo-glaseado-opal\/\" \/>\n<meta property=\"og:site_name\" content=\"TMS SL\" \/>\n<meta property=\"article:modified_time\" content=\"2025-04-17T07:12:22+00:00\" \/>\n<meta property=\"og:image\" content=\"https:\/\/tmssl.com\/wp-content\/uploads\/2024\/10\/ACIDO-EX.jpg\" \/>\n\t<meta property=\"og:image:width\" content=\"476\" \/>\n\t<meta property=\"og:image:height\" content=\"290\" \/>\n\t<meta property=\"og:image:type\" content=\"image\/jpeg\" \/>\n<meta name=\"twitter:card\" content=\"summary_large_image\" \/>\n<meta name=\"twitter:label1\" content=\"Estimated reading time\" \/>\n\t<meta name=\"twitter:data1\" content=\"1 minute\" \/>\n<script type=\"application\/ld+json\" class=\"yoast-schema-graph\">{\"@context\":\"https:\\\/\\\/schema.org\",\"@graph\":[{\"@type\":\"WebPage\",\"@id\":\"https:\\\/\\\/tmssl.com\\\/producto\\\/metamark-m7-oh-vinilo-glaseado-opal\\\/\",\"url\":\"https:\\\/\\\/tmssl.com\\\/producto\\\/metamark-m7-oh-vinilo-glaseado-opal\\\/\",\"name\":\"METAMARK VINILO GLASEADO POLIMERICO M7-OH - TMS SL\",\"isPartOf\":{\"@id\":\"https:\\\/\\\/tmssl.com\\\/en\\\/#website\"},\"primaryImageOfPage\":{\"@id\":\"https:\\\/\\\/tmssl.com\\\/producto\\\/metamark-m7-oh-vinilo-glaseado-opal\\\/#primaryimage\"},\"image\":{\"@id\":\"https:\\\/\\\/tmssl.com\\\/producto\\\/metamark-m7-oh-vinilo-glaseado-opal\\\/#primaryimage\"},\"thumbnailUrl\":\"https:\\\/\\\/i0.wp.com\\\/tmssl.com\\\/wp-content\\\/uploads\\\/2024\\\/10\\\/ACIDO-EX.jpg?fit=476%2C290&ssl=1\",\"datePublished\":\"2024-10-23T08:56:43+00:00\",\"dateModified\":\"2025-04-17T07:12:22+00:00\",\"breadcrumb\":{\"@id\":\"https:\\\/\\\/tmssl.com\\\/producto\\\/metamark-m7-oh-vinilo-glaseado-opal\\\/#breadcrumb\"},\"inLanguage\":\"en-GB\",\"potentialAction\":[{\"@type\":\"ReadAction\",\"target\":[\"https:\\\/\\\/tmssl.com\\\/producto\\\/metamark-m7-oh-vinilo-glaseado-opal\\\/\"]}]},{\"@type\":\"ImageObject\",\"inLanguage\":\"en-GB\",\"@id\":\"https:\\\/\\\/tmssl.com\\\/producto\\\/metamark-m7-oh-vinilo-glaseado-opal\\\/#primaryimage\",\"url\":\"https:\\\/\\\/i0.wp.com\\\/tmssl.com\\\/wp-content\\\/uploads\\\/2024\\\/10\\\/ACIDO-EX.jpg?fit=476%2C290&ssl=1\",\"contentUrl\":\"https:\\\/\\\/i0.wp.com\\\/tmssl.com\\\/wp-content\\\/uploads\\\/2024\\\/10\\\/ACIDO-EX.jpg?fit=476%2C290&ssl=1\",\"width\":476,\"height\":290},{\"@type\":\"BreadcrumbList\",\"@id\":\"https:\\\/\\\/tmssl.com\\\/producto\\\/metamark-m7-oh-vinilo-glaseado-opal\\\/#breadcrumb\",\"itemListElement\":[{\"@type\":\"ListItem\",\"position\":1,\"name\":\"Portada\",\"item\":\"https:\\\/\\\/tmssl.com\\\/\"},{\"@type\":\"ListItem\",\"position\":2,\"name\":\"Shop\",\"item\":\"https:\\\/\\\/tmssl.com\\\/shop\\\/\"},{\"@type\":\"ListItem\",\"position\":3,\"name\":\"METAMARK VINILO GLASEADO POLIMERICO M7-OH\"}]},{\"@type\":\"WebSite\",\"@id\":\"https:\\\/\\\/tmssl.com\\\/en\\\/#website\",\"url\":\"https:\\\/\\\/tmssl.com\\\/en\\\/\",\"name\":\"www.tmssl.com\",\"description\":\"Venta de vinilo textil, y consumibles para la personalizacion.\",\"publisher\":{\"@id\":\"https:\\\/\\\/tmssl.com\\\/en\\\/#organization\"},\"potentialAction\":[{\"@type\":\"SearchAction\",\"target\":{\"@type\":\"EntryPoint\",\"urlTemplate\":\"https:\\\/\\\/tmssl.com\\\/en\\\/?s={search_term_string}\"},\"query-input\":{\"@type\":\"PropertyValueSpecification\",\"valueRequired\":true,\"valueName\":\"search_term_string\"}}],\"inLanguage\":\"en-GB\"},{\"@type\":\"Organization\",\"@id\":\"https:\\\/\\\/tmssl.com\\\/en\\\/#organization\",\"name\":\"www.tmssl.com\",\"url\":\"https:\\\/\\\/tmssl.com\\\/en\\\/\",\"logo\":{\"@type\":\"ImageObject\",\"inLanguage\":\"en-GB\",\"@id\":\"https:\\\/\\\/tmssl.com\\\/en\\\/#\\\/schema\\\/logo\\\/image\\\/\",\"url\":\"https:\\\/\\\/tmssl.com\\\/wp-content\\\/uploads\\\/2023\\\/07\\\/LOGO-TMS-ALTA-01.jpg\",\"contentUrl\":\"https:\\\/\\\/tmssl.com\\\/wp-content\\\/uploads\\\/2023\\\/07\\\/LOGO-TMS-ALTA-01.jpg\",\"width\":598,\"height\":597,\"caption\":\"www.tmssl.com\"},\"image\":{\"@id\":\"https:\\\/\\\/tmssl.com\\\/en\\\/#\\\/schema\\\/logo\\\/image\\\/\"},\"sameAs\":[\"https:\\\/\\\/www.instagram.com\\\/vinilotextil.tmssl\\\/\"]}]}<\/script>\n<!-- \/ Yoast SEO plugin. -->","yoast_head_json":{"title":"METAMARK VINILO GLASEADO POLIMERICO M7-OH - TMS SL","robots":{"index":"index","follow":"follow","max-snippet":"max-snippet:-1","max-image-preview":"max-image-preview:large","max-video-preview":"max-video-preview:-1"},"canonical":"https:\/\/tmssl.com\/en\/product\/metamark-m7-oh-vinilo-glaseado-opal\/","og_locale":"en_GB","og_type":"article","og_title":"METAMARK VINILO GLASEADO POLIMERICO M7-OH - TMS SL","og_description":"Opal M7-OH Haze ha sido formulado espec\u00edficamente para proporcionar un efecto de vidrio mate m\u00e1s blanco y brillante sin ning\u00fan indicio de brillo. Bobina de 50 metros. Adecuado para muchas aplicaciones de decoraci\u00f3n de vidrio, es f\u00e1cil de cortar y pelar. El sistema adhesivo a base de solvente garantiza una aplicaci\u00f3n sin problemas y excelentes resultados.   Vinilo Polim\u00e9rico calandrado  Grueso: 70 micras  Adhesivo: Apex Acr\u00edlico base solvente  Soporte de papel Kraft  Garantia: 7 a\u00f1os  Acabado: Opal  Anchos: 61 - 122 - 160 cm  Transmisi\u00f3n de luz: 75%","og_url":"https:\/\/tmssl.com\/en\/product\/metamark-m7-oh-vinilo-glaseado-opal\/","og_site_name":"TMS SL","article_modified_time":"2025-04-17T07:12:22+00:00","og_image":[{"width":476,"height":290,"url":"https:\/\/tmssl.com\/wp-content\/uploads\/2024\/10\/ACIDO-EX.jpg","type":"image\/jpeg"}],"twitter_card":"summary_large_image","twitter_misc":{"Estimated reading time":"1 minute"},"schema":{"@context":"https:\/\/schema.org","@graph":[{"@type":"WebPage","@id":"https:\/\/tmssl.com\/producto\/metamark-m7-oh-vinilo-glaseado-opal\/","url":"https:\/\/tmssl.com\/producto\/metamark-m7-oh-vinilo-glaseado-opal\/","name":"METAMARK VINILO GLASEADO POLIMERICO M7-OH - TMS SL","isPartOf":{"@id":"https:\/\/tmssl.com\/en\/#website"},"primaryImageOfPage":{"@id":"https:\/\/tmssl.com\/producto\/metamark-m7-oh-vinilo-glaseado-opal\/#primaryimage"},"image":{"@id":"https:\/\/tmssl.com\/producto\/metamark-m7-oh-vinilo-glaseado-opal\/#primaryimage"},"thumbnailUrl":"https:\/\/i0.wp.com\/tmssl.com\/wp-content\/uploads\/2024\/10\/ACIDO-EX.jpg?fit=476%2C290&ssl=1","datePublished":"2024-10-23T08:56:43+00:00","dateModified":"2025-04-17T07:12:22+00:00","breadcrumb":{"@id":"https:\/\/tmssl.com\/producto\/metamark-m7-oh-vinilo-glaseado-opal\/#breadcrumb"},"inLanguage":"en-GB","potentialAction":[{"@type":"ReadAction","target":["https:\/\/tmssl.com\/producto\/metamark-m7-oh-vinilo-glaseado-opal\/"]}]},{"@type":"ImageObject","inLanguage":"en-GB","@id":"https:\/\/tmssl.com\/producto\/metamark-m7-oh-vinilo-glaseado-opal\/#primaryimage","url":"https:\/\/i0.wp.com\/tmssl.com\/wp-content\/uploads\/2024\/10\/ACIDO-EX.jpg?fit=476%2C290&ssl=1","contentUrl":"https:\/\/i0.wp.com\/tmssl.com\/wp-content\/uploads\/2024\/10\/ACIDO-EX.jpg?fit=476%2C290&ssl=1","width":476,"height":290},{"@type":"BreadcrumbList","@id":"https:\/\/tmssl.com\/producto\/metamark-m7-oh-vinilo-glaseado-opal\/#breadcrumb","itemListElement":[{"@type":"ListItem","position":1,"name":"Portada","item":"https:\/\/tmssl.com\/"},{"@type":"ListItem","position":2,"name":"Shop","item":"https:\/\/tmssl.com\/shop\/"},{"@type":"ListItem","position":3,"name":"METAMARK VINILO GLASEADO POLIMERICO M7-OH"}]},{"@type":"WebSite","@id":"https:\/\/tmssl.com\/en\/#website","url":"https:\/\/tmssl.com\/en\/","name":"www.tmssl.com","description":"Venta de vinilo textil, y consumibles para la personalizacion.","publisher":{"@id":"https:\/\/tmssl.com\/en\/#organization"},"potentialAction":[{"@type":"SearchAction","target":{"@type":"EntryPoint","urlTemplate":"https:\/\/tmssl.com\/en\/?s={search_term_string}"},"query-input":{"@type":"PropertyValueSpecification","valueRequired":true,"valueName":"search_term_string"}}],"inLanguage":"en-GB"},{"@type":"Organization","@id":"https:\/\/tmssl.com\/en\/#organization","name":"www.tmssl.com","url":"https:\/\/tmssl.com\/en\/","logo":{"@type":"ImageObject","inLanguage":"en-GB","@id":"https:\/\/tmssl.com\/en\/#\/schema\/logo\/image\/","url":"https:\/\/tmssl.com\/wp-content\/uploads\/2023\/07\/LOGO-TMS-ALTA-01.jpg","contentUrl":"https:\/\/tmssl.com\/wp-content\/uploads\/2023\/07\/LOGO-TMS-ALTA-01.jpg","width":598,"height":597,"caption":"www.tmssl.com"},"image":{"@id":"https:\/\/tmssl.com\/en\/#\/schema\/logo\/image\/"},"sameAs":["https:\/\/www.instagram.com\/vinilotextil.tmssl\/"]}]}},"jetpack_publicize_connections":[],"jetpack_likes_enabled":true,"jetpack-related-posts":[{"id":9451,"url":"https:\/\/tmssl.com\/en\/product\/vinilo-polimerico-metamark-7-anos-md-5a-airfree\/","url_meta":{"origin":9416,"position":0},"title":"VINILO POLIM\u00c9RICO METAMARK 7 A\u00d1OS MD-5A AIRFREE.","author":"Info","date":"23 de October de 2024","format":false,"excerpt":"Utilice el MD5 de Metamark y descubrir\u00e1 porque ning\u00fan otro material polim\u00e9rico calandrado le puede dar la incre\u00edble calidad que obtendr\u00e1 con MD5 a trav\u00e9s de una amplia gama de tintas - incluyendo solventes, eco-solventes, UV y l\u00e1tex. Tecnolog\u00eda METASCAPE que facilita la aplicaci\u00f3n gracias a sus microcanales en el\u2026","rel":"","context":"Similar post","block_context":{"text":"Similar post","link":""},"img":{"alt_text":"","src":"https:\/\/i0.wp.com\/tmssl.com\/wp-content\/uploads\/2024\/10\/Vinilo-polimerico-7-anos-MD-5A-airfree.jpg?fit=458%2C458&ssl=1&resize=350%2C200","width":350,"height":200},"classes":[]},{"id":9442,"url":"https:\/\/tmssl.com\/en\/product\/vinilo-polimerico-7-anos-md-5\/","url_meta":{"origin":9416,"position":1},"title":"VINILO DE IMPRESION METAMARK POLIMERICO 7 A\u00d1OS","author":"Info","date":"23 de October de 2024","format":false,"excerpt":"Utilice el MD5 de Metamark y descubrir\u00e1 porque ning\u00fan otro material polim\u00e9rico calandrado le puede dar la incre\u00edble calidad que obtendr\u00e1 con MD5 a trav\u00e9s de una amplia gama de tintas incluyendo solventes, eco-solventes, UV y l\u00e1tex. Bobina de 50 metros de largo. Vinilo polim\u00e9rico calandrado de 70 Micras 140gsm\u2026","rel":"","context":"Similar post","block_context":{"text":"Similar post","link":""},"img":{"alt_text":"","src":"https:\/\/i0.wp.com\/tmssl.com\/wp-content\/uploads\/2024\/10\/https-tmssl.comproductovinilo-polimerico-7-anos-md-51.jpg?fit=458%2C458&ssl=1&resize=350%2C200","width":350,"height":200},"classes":[]},{"id":2347,"url":"https:\/\/tmssl.com\/en\/product\/efecto-acido-polimerico\/","url_meta":{"origin":9416,"position":2},"title":"EFECTO ACIDO POLIMERICO","author":"Info","date":"28 de September de 2022","format":false,"excerpt":"Efecto acido, especial para exterior.","rel":"","context":"Similar post","block_context":{"text":"Similar post","link":""},"img":{"alt_text":"","src":"","width":0,"height":0},"classes":[]},{"id":3753,"url":"https:\/\/tmssl.com\/en\/product\/metamark-serie-7\/","url_meta":{"origin":9416,"position":3},"title":"METAMARK SERIE 7 ACABADO BRILLO","author":"Info","date":"19 de December de 2022","format":false,"excerpt":"Vinilo de corte de rotulaci\u00f3n acabado brillante. Peli\u0301cula de PVC calandrado de alta duracio\u0301n en 70mc, polime\u0301rico y con una gama de 91 colores. Cumple las especificaciones Fire Retardants, Class B. Su cola especial Apex Adhesive System tiene la propiedad de no dejar apenas restos de cola sobre la superficie\u2026","rel":"","context":"Similar post","block_context":{"text":"Similar post","link":""},"img":{"alt_text":"","src":"https:\/\/i0.wp.com\/tmssl.com\/wp-content\/uploads\/2022\/12\/vinilo-polimerico-7-anos-brillo.jpg?fit=458%2C458&ssl=1&resize=350%2C200","width":350,"height":200},"classes":[]},{"id":9344,"url":"https:\/\/tmssl.com\/en\/product\/metamark-serie-7-acabado-mate\/","url_meta":{"origin":9416,"position":4},"title":"METAMARK SERIE 7 ACABADO MATE","author":"Info","date":"22 de October de 2024","format":false,"excerpt":"Vinilo de corte de rotulaci\u00f3n acabado mate. Peli\u0301cula de PVC calandrado de alta duracio\u0301n en 70mc, polime\u0301rico y con una gama de 2 colores. Cumple las especificaciones Fire Retardants, Class B. Su cola especial Apex Adhesive System tiene la propiedad de no dejar apenas restos de cola sobre la superficie\u2026","rel":"","context":"Similar post","block_context":{"text":"Similar post","link":""},"img":{"alt_text":"","src":"https:\/\/i0.wp.com\/tmssl.com\/wp-content\/uploads\/2022\/12\/vinilo-polimerico-7-anos-brillo.jpg?fit=458%2C458&ssl=1&resize=350%2C200","width":350,"height":200},"classes":[]},{"id":9425,"url":"https:\/\/tmssl.com\/en\/product\/metamark-vinilo-glaseado-monomerico\/","url_meta":{"origin":9416,"position":5},"title":"METAMARK VINILO GLASEADO MONOMERICO","author":"Info","date":"23 de October de 2024","format":false,"excerpt":"Vinilo efecto \u00e1cido garantia 3 \/ 4 a\u00f1os para decoraci\u00f3n de cristales. Vinilo laminado de 80 micras con adhesivo base solvente permanente. Soporte de papel Kraft de 140 grm. 85% de transmisi\u00f3n de luz. Retardante al fuego clase B.","rel":"","context":"Similar post","block_context":{"text":"Similar post","link":""},"img":{"alt_text":"","src":"https:\/\/i0.wp.com\/tmssl.com\/wp-content\/uploads\/2024\/10\/ACIDO-INT2.jpg?fit=476%2C290&ssl=1&resize=350%2C200","width":350,"height":200},"classes":[]}],"jetpack_sharing_enabled":true,"tiered_pricing_type":"fixed","tiered_pricing_fixed_rules":[],"tiered_pricing_product_settings":{"layout":"default","base_unit_name":{"singular":null,"plural":null},"default_variation":null},"tiered_pricing_minimum_quantity":null,"tiered_pricing_roles_data":[],"tiered_pricing_percentage_rules":[],"_links":{"self":[{"href":"https:\/\/tmssl.com\/en\/wp-json\/wp\/v2\/product\/9416","targetHints":{"allow":["GET"]}}],"collection":[{"href":"https:\/\/tmssl.com\/en\/wp-json\/wp\/v2\/product"}],"about":[{"href":"https:\/\/tmssl.com\/en\/wp-json\/wp\/v2\/types\/product"}],"replies":[{"embeddable":true,"href":"https:\/\/tmssl.com\/en\/wp-json\/wp\/v2\/comments?post=9416"}],"version-history":[{"count":4,"href":"https:\/\/tmssl.com\/en\/wp-json\/wp\/v2\/product\/9416\/revisions"}],"predecessor-version":[{"id":11827,"href":"https:\/\/tmssl.com\/en\/wp-json\/wp\/v2\/product\/9416\/revisions\/11827"}],"wp:featuredmedia":[{"embeddable":true,"href":"https:\/\/tmssl.com\/en\/wp-json\/wp\/v2\/media\/9422"}],"wp:attachment":[{"href":"https:\/\/tmssl.com\/en\/wp-json\/wp\/v2\/media?parent=9416"}],"wp:term":[{"taxonomy":"product_brand","embeddable":true,"href":"https:\/\/tmssl.com\/en\/wp-json\/wp\/v2\/product_brand?post=9416"},{"taxonomy":"product_cat","embeddable":true,"href":"https:\/\/tmssl.com\/en\/wp-json\/wp\/v2\/product_cat?post=9416"},{"taxonomy":"product_tag","embeddable":true,"href":"https:\/\/tmssl.com\/en\/wp-json\/wp\/v2\/product_tag?post=9416"}],"curies":[{"name":"wp","href":"https:\/\/api.w.org\/{rel}","templated":true}]}}