{"id":9442,"date":"2024-10-23T11:21:37","date_gmt":"2024-10-23T09:21:37","guid":{"rendered":"https:\/\/tmssl.com\/?post_type=product&#038;p=9442"},"modified":"2025-04-17T08:57:55","modified_gmt":"2025-04-17T06:57:55","slug":"vinilo-polimerico-7-anos-md-5","status":"publish","type":"product","link":"https:\/\/tmssl.com\/en\/product\/vinilo-polimerico-7-anos-md-5\/","title":{"rendered":"VINILO DE IMPRESION METAMARK POLIMERICO 7 A\u00d1OS"},"content":{"rendered":"","protected":false},"excerpt":{"rendered":"<p><em><img decoding=\"async\" class=\"alignnone size-medium wp-image-11800 aligncenter\" src=\"https:\/\/tmssl.com\/wp-content\/uploads\/2025\/04\/METAMARK-300x92.png\" alt=\"\" width=\"300\" height=\"92\" srcset=\"https:\/\/i0.wp.com\/tmssl.com\/wp-content\/uploads\/2025\/04\/METAMARK.webp?resize=300%2C92&amp;ssl=1 300w, https:\/\/i0.wp.com\/tmssl.com\/wp-content\/uploads\/2025\/04\/METAMARK.webp?resize=18%2C6&amp;ssl=1 18w, https:\/\/i0.wp.com\/tmssl.com\/wp-content\/uploads\/2025\/04\/METAMARK.webp?w=405&amp;ssl=1 405w\" sizes=\"(max-width: 300px) 100vw, 300px\" \/><\/em><\/p>\n<p style=\"text-align: center;\">Utilice el <strong>MD5 de Metamark<\/strong> y descubrir\u00e1 porque ning\u00fan otro material polim\u00e9rico calandrado le puede dar la incre\u00edble calidad que obtendr\u00e1 con <strong>MD5<\/strong> a trav\u00e9s de una amplia gama de tintas<\/p>\n<p style=\"text-align: center;\">incluyendo solventes, eco-solventes, UV y l\u00e1tex.<\/p>\n<p style=\"text-align: center;\">Bobina de 50 metros de largo.<\/p>\n<ul>\n<li>Vinilo polim\u00e9rico calandrado de 70 Micras<\/li>\n<li>140gsm Layflat PE Kraft (Grey) Liner<\/li>\n<li>Durabilidad: 7 a\u00f1os (sin imprimir)<\/li>\n<li>Resistencia al fuego &#8211; Clase B. [BS EN 13501-1:2007]<\/li>\n<li>Anchos de bobinas\u00a0500 mm \/ 760 mm \/ 1370mm \/ 1520mm<\/li>\n<li>Acabados: Blanco brillante, Blanco Mate, Transparente brillo<\/li>\n<\/ul>\n","protected":false},"featured_media":9449,"comment_status":"open","ping_status":"closed","template":"","meta":{"_crdt_document":"","jetpack_publicize_message":"","jetpack_publicize_feature_enabled":true,"jetpack_social_post_already_shared":true,"jetpack_social_options":{"image_generator_settings":{"template":"highway","default_image_id":0,"font":"","enabled":false},"version":2},"_wpas_customize_per_network":false},"product_brand":[123387],"product_cat":[122734,122614,122621],"product_tag":[122475,122282,123392],"class_list":{"0":"post-9442","1":"product","2":"type-product","3":"status-publish","4":"has-post-thumbnail","6":"product_brand-metamark","7":"product_cat-metamark","8":"product_cat-vinilo-de-rotulacion","9":"product_cat-vinilo-de-rotulacion-imprimible-vinilo-de-rotulacion","10":"product_tag-vinilo-adhesivo","11":"product_tag-vinilo-de-impresion","12":"product_tag-vinilo-metamark","14":"first","15":"instock","16":"taxable","17":"shipping-taxable","18":"purchasable","19":"product-type-variable"},"yoast_head":"<!-- This site is optimized with the Yoast SEO plugin v27.5 - https:\/\/yoast.com\/product\/yoast-seo-wordpress\/ -->\n<title>VINILO DE IMPRESION METAMARK POLIMERICO 7 A\u00d1OS - TMS SL<\/title>\n<meta name=\"robots\" content=\"index, follow, max-snippet:-1, max-image-preview:large, max-video-preview:-1\" \/>\n<link rel=\"canonical\" href=\"https:\/\/tmssl.com\/en\/product\/vinilo-polimerico-7-anos-md-5\/\" \/>\n<meta property=\"og:locale\" content=\"en_GB\" \/>\n<meta property=\"og:type\" content=\"article\" \/>\n<meta property=\"og:title\" content=\"VINILO DE IMPRESION METAMARK POLIMERICO 7 A\u00d1OS - TMS SL\" \/>\n<meta property=\"og:description\" content=\"Utilice el MD5 de Metamark y descubrir\u00e1 porque ning\u00fan otro material polim\u00e9rico calandrado le puede dar la incre\u00edble calidad que obtendr\u00e1 con MD5 a trav\u00e9s de una amplia gama de tintas incluyendo solventes, eco-solventes, UV y l\u00e1tex. Bobina de 50 metros de largo.    Vinilo polim\u00e9rico calandrado de 70 Micras  140gsm Layflat PE Kraft (Grey) Liner  Durabilidad: 7 a\u00f1os (sin imprimir)  Resistencia al fuego - Clase B. [BS EN 13501-1:2007]  Anchos de bobinas\u00a0500 mm \/ 760 mm \/ 1370mm \/ 1520mm  Acabados: Blanco brillante, Blanco Mate, Transparente brillo\" \/>\n<meta property=\"og:url\" content=\"https:\/\/tmssl.com\/en\/product\/vinilo-polimerico-7-anos-md-5\/\" \/>\n<meta property=\"og:site_name\" content=\"TMS SL\" \/>\n<meta property=\"article:modified_time\" content=\"2025-04-17T06:57:55+00:00\" \/>\n<meta property=\"og:image\" content=\"https:\/\/tmssl.com\/wp-content\/uploads\/2024\/10\/https-tmssl.comproductovinilo-polimerico-7-anos-md-51.jpg\" \/>\n\t<meta property=\"og:image:width\" content=\"458\" \/>\n\t<meta property=\"og:image:height\" content=\"458\" \/>\n\t<meta property=\"og:image:type\" content=\"image\/jpeg\" \/>\n<meta name=\"twitter:card\" content=\"summary_large_image\" \/>\n<meta name=\"twitter:label1\" content=\"Estimated reading time\" \/>\n\t<meta name=\"twitter:data1\" content=\"1 minute\" \/>\n<script type=\"application\/ld+json\" class=\"yoast-schema-graph\">{\"@context\":\"https:\\\/\\\/schema.org\",\"@graph\":[{\"@type\":\"WebPage\",\"@id\":\"https:\\\/\\\/tmssl.com\\\/producto\\\/vinilo-polimerico-7-anos-md-5\\\/\",\"url\":\"https:\\\/\\\/tmssl.com\\\/producto\\\/vinilo-polimerico-7-anos-md-5\\\/\",\"name\":\"VINILO DE IMPRESION METAMARK POLIMERICO 7 A\u00d1OS - TMS SL\",\"isPartOf\":{\"@id\":\"https:\\\/\\\/tmssl.com\\\/en\\\/#website\"},\"primaryImageOfPage\":{\"@id\":\"https:\\\/\\\/tmssl.com\\\/producto\\\/vinilo-polimerico-7-anos-md-5\\\/#primaryimage\"},\"image\":{\"@id\":\"https:\\\/\\\/tmssl.com\\\/producto\\\/vinilo-polimerico-7-anos-md-5\\\/#primaryimage\"},\"thumbnailUrl\":\"https:\\\/\\\/i0.wp.com\\\/tmssl.com\\\/wp-content\\\/uploads\\\/2024\\\/10\\\/https-tmssl.comproductovinilo-polimerico-7-anos-md-51.jpg?fit=458%2C458&ssl=1\",\"datePublished\":\"2024-10-23T09:21:37+00:00\",\"dateModified\":\"2025-04-17T06:57:55+00:00\",\"breadcrumb\":{\"@id\":\"https:\\\/\\\/tmssl.com\\\/producto\\\/vinilo-polimerico-7-anos-md-5\\\/#breadcrumb\"},\"inLanguage\":\"en-GB\",\"potentialAction\":[{\"@type\":\"ReadAction\",\"target\":[\"https:\\\/\\\/tmssl.com\\\/producto\\\/vinilo-polimerico-7-anos-md-5\\\/\"]}]},{\"@type\":\"ImageObject\",\"inLanguage\":\"en-GB\",\"@id\":\"https:\\\/\\\/tmssl.com\\\/producto\\\/vinilo-polimerico-7-anos-md-5\\\/#primaryimage\",\"url\":\"https:\\\/\\\/i0.wp.com\\\/tmssl.com\\\/wp-content\\\/uploads\\\/2024\\\/10\\\/https-tmssl.comproductovinilo-polimerico-7-anos-md-51.jpg?fit=458%2C458&ssl=1\",\"contentUrl\":\"https:\\\/\\\/i0.wp.com\\\/tmssl.com\\\/wp-content\\\/uploads\\\/2024\\\/10\\\/https-tmssl.comproductovinilo-polimerico-7-anos-md-51.jpg?fit=458%2C458&ssl=1\",\"width\":458,\"height\":458},{\"@type\":\"BreadcrumbList\",\"@id\":\"https:\\\/\\\/tmssl.com\\\/producto\\\/vinilo-polimerico-7-anos-md-5\\\/#breadcrumb\",\"itemListElement\":[{\"@type\":\"ListItem\",\"position\":1,\"name\":\"Portada\",\"item\":\"https:\\\/\\\/tmssl.com\\\/\"},{\"@type\":\"ListItem\",\"position\":2,\"name\":\"Shop\",\"item\":\"https:\\\/\\\/tmssl.com\\\/shop\\\/\"},{\"@type\":\"ListItem\",\"position\":3,\"name\":\"VINILO DE IMPRESION METAMARK POLIMERICO 7 A\u00d1OS\"}]},{\"@type\":\"WebSite\",\"@id\":\"https:\\\/\\\/tmssl.com\\\/en\\\/#website\",\"url\":\"https:\\\/\\\/tmssl.com\\\/en\\\/\",\"name\":\"www.tmssl.com\",\"description\":\"Venta de vinilo textil, y consumibles para la personalizacion.\",\"publisher\":{\"@id\":\"https:\\\/\\\/tmssl.com\\\/en\\\/#organization\"},\"potentialAction\":[{\"@type\":\"SearchAction\",\"target\":{\"@type\":\"EntryPoint\",\"urlTemplate\":\"https:\\\/\\\/tmssl.com\\\/en\\\/?s={search_term_string}\"},\"query-input\":{\"@type\":\"PropertyValueSpecification\",\"valueRequired\":true,\"valueName\":\"search_term_string\"}}],\"inLanguage\":\"en-GB\"},{\"@type\":\"Organization\",\"@id\":\"https:\\\/\\\/tmssl.com\\\/en\\\/#organization\",\"name\":\"www.tmssl.com\",\"url\":\"https:\\\/\\\/tmssl.com\\\/en\\\/\",\"logo\":{\"@type\":\"ImageObject\",\"inLanguage\":\"en-GB\",\"@id\":\"https:\\\/\\\/tmssl.com\\\/en\\\/#\\\/schema\\\/logo\\\/image\\\/\",\"url\":\"https:\\\/\\\/tmssl.com\\\/wp-content\\\/uploads\\\/2023\\\/07\\\/LOGO-TMS-ALTA-01.jpg\",\"contentUrl\":\"https:\\\/\\\/tmssl.com\\\/wp-content\\\/uploads\\\/2023\\\/07\\\/LOGO-TMS-ALTA-01.jpg\",\"width\":598,\"height\":597,\"caption\":\"www.tmssl.com\"},\"image\":{\"@id\":\"https:\\\/\\\/tmssl.com\\\/en\\\/#\\\/schema\\\/logo\\\/image\\\/\"},\"sameAs\":[\"https:\\\/\\\/www.instagram.com\\\/vinilotextil.tmssl\\\/\"]}]}<\/script>\n<!-- \/ Yoast SEO plugin. -->","yoast_head_json":{"title":"VINILO DE IMPRESION METAMARK POLIMERICO 7 A\u00d1OS - TMS SL","robots":{"index":"index","follow":"follow","max-snippet":"max-snippet:-1","max-image-preview":"max-image-preview:large","max-video-preview":"max-video-preview:-1"},"canonical":"https:\/\/tmssl.com\/en\/product\/vinilo-polimerico-7-anos-md-5\/","og_locale":"en_GB","og_type":"article","og_title":"VINILO DE IMPRESION METAMARK POLIMERICO 7 A\u00d1OS - TMS SL","og_description":"Utilice el MD5 de Metamark y descubrir\u00e1 porque ning\u00fan otro material polim\u00e9rico calandrado le puede dar la incre\u00edble calidad que obtendr\u00e1 con MD5 a trav\u00e9s de una amplia gama de tintas incluyendo solventes, eco-solventes, UV y l\u00e1tex. Bobina de 50 metros de largo.    Vinilo polim\u00e9rico calandrado de 70 Micras  140gsm Layflat PE Kraft (Grey) Liner  Durabilidad: 7 a\u00f1os (sin imprimir)  Resistencia al fuego - Clase B. [BS EN 13501-1:2007]  Anchos de bobinas\u00a0500 mm \/ 760 mm \/ 1370mm \/ 1520mm  Acabados: Blanco brillante, Blanco Mate, Transparente brillo","og_url":"https:\/\/tmssl.com\/en\/product\/vinilo-polimerico-7-anos-md-5\/","og_site_name":"TMS SL","article_modified_time":"2025-04-17T06:57:55+00:00","og_image":[{"width":458,"height":458,"url":"https:\/\/tmssl.com\/wp-content\/uploads\/2024\/10\/https-tmssl.comproductovinilo-polimerico-7-anos-md-51.jpg","type":"image\/jpeg"}],"twitter_card":"summary_large_image","twitter_misc":{"Estimated reading time":"1 minute"},"schema":{"@context":"https:\/\/schema.org","@graph":[{"@type":"WebPage","@id":"https:\/\/tmssl.com\/producto\/vinilo-polimerico-7-anos-md-5\/","url":"https:\/\/tmssl.com\/producto\/vinilo-polimerico-7-anos-md-5\/","name":"VINILO DE IMPRESION METAMARK POLIMERICO 7 A\u00d1OS - TMS SL","isPartOf":{"@id":"https:\/\/tmssl.com\/en\/#website"},"primaryImageOfPage":{"@id":"https:\/\/tmssl.com\/producto\/vinilo-polimerico-7-anos-md-5\/#primaryimage"},"image":{"@id":"https:\/\/tmssl.com\/producto\/vinilo-polimerico-7-anos-md-5\/#primaryimage"},"thumbnailUrl":"https:\/\/i0.wp.com\/tmssl.com\/wp-content\/uploads\/2024\/10\/https-tmssl.comproductovinilo-polimerico-7-anos-md-51.jpg?fit=458%2C458&ssl=1","datePublished":"2024-10-23T09:21:37+00:00","dateModified":"2025-04-17T06:57:55+00:00","breadcrumb":{"@id":"https:\/\/tmssl.com\/producto\/vinilo-polimerico-7-anos-md-5\/#breadcrumb"},"inLanguage":"en-GB","potentialAction":[{"@type":"ReadAction","target":["https:\/\/tmssl.com\/producto\/vinilo-polimerico-7-anos-md-5\/"]}]},{"@type":"ImageObject","inLanguage":"en-GB","@id":"https:\/\/tmssl.com\/producto\/vinilo-polimerico-7-anos-md-5\/#primaryimage","url":"https:\/\/i0.wp.com\/tmssl.com\/wp-content\/uploads\/2024\/10\/https-tmssl.comproductovinilo-polimerico-7-anos-md-51.jpg?fit=458%2C458&ssl=1","contentUrl":"https:\/\/i0.wp.com\/tmssl.com\/wp-content\/uploads\/2024\/10\/https-tmssl.comproductovinilo-polimerico-7-anos-md-51.jpg?fit=458%2C458&ssl=1","width":458,"height":458},{"@type":"BreadcrumbList","@id":"https:\/\/tmssl.com\/producto\/vinilo-polimerico-7-anos-md-5\/#breadcrumb","itemListElement":[{"@type":"ListItem","position":1,"name":"Portada","item":"https:\/\/tmssl.com\/"},{"@type":"ListItem","position":2,"name":"Shop","item":"https:\/\/tmssl.com\/shop\/"},{"@type":"ListItem","position":3,"name":"VINILO DE IMPRESION METAMARK POLIMERICO 7 A\u00d1OS"}]},{"@type":"WebSite","@id":"https:\/\/tmssl.com\/en\/#website","url":"https:\/\/tmssl.com\/en\/","name":"www.tmssl.com","description":"Venta de vinilo textil, y consumibles para la personalizacion.","publisher":{"@id":"https:\/\/tmssl.com\/en\/#organization"},"potentialAction":[{"@type":"SearchAction","target":{"@type":"EntryPoint","urlTemplate":"https:\/\/tmssl.com\/en\/?s={search_term_string}"},"query-input":{"@type":"PropertyValueSpecification","valueRequired":true,"valueName":"search_term_string"}}],"inLanguage":"en-GB"},{"@type":"Organization","@id":"https:\/\/tmssl.com\/en\/#organization","name":"www.tmssl.com","url":"https:\/\/tmssl.com\/en\/","logo":{"@type":"ImageObject","inLanguage":"en-GB","@id":"https:\/\/tmssl.com\/en\/#\/schema\/logo\/image\/","url":"https:\/\/tmssl.com\/wp-content\/uploads\/2023\/07\/LOGO-TMS-ALTA-01.jpg","contentUrl":"https:\/\/tmssl.com\/wp-content\/uploads\/2023\/07\/LOGO-TMS-ALTA-01.jpg","width":598,"height":597,"caption":"www.tmssl.com"},"image":{"@id":"https:\/\/tmssl.com\/en\/#\/schema\/logo\/image\/"},"sameAs":["https:\/\/www.instagram.com\/vinilotextil.tmssl\/"]}]}},"jetpack_publicize_connections":[],"jetpack_likes_enabled":true,"jetpack-related-posts":[{"id":9451,"url":"https:\/\/tmssl.com\/en\/product\/vinilo-polimerico-metamark-7-anos-md-5a-airfree\/","url_meta":{"origin":9442,"position":0},"title":"VINILO POLIM\u00c9RICO METAMARK 7 A\u00d1OS MD-5A AIRFREE.","author":"Info","date":"23 de October de 2024","format":false,"excerpt":"Utilice el MD5 de Metamark y descubrir\u00e1 porque ning\u00fan otro material polim\u00e9rico calandrado le puede dar la incre\u00edble calidad que obtendr\u00e1 con MD5 a trav\u00e9s de una amplia gama de tintas - incluyendo solventes, eco-solventes, UV y l\u00e1tex. Tecnolog\u00eda METASCAPE que facilita la aplicaci\u00f3n gracias a sus microcanales en el\u2026","rel":"","context":"Similar post","block_context":{"text":"Similar post","link":""},"img":{"alt_text":"","src":"https:\/\/i0.wp.com\/tmssl.com\/wp-content\/uploads\/2024\/10\/Vinilo-polimerico-7-anos-MD-5A-airfree.jpg?fit=458%2C458&ssl=1&resize=350%2C200","width":350,"height":200},"classes":[]},{"id":9416,"url":"https:\/\/tmssl.com\/en\/product\/metamark-m7-oh-vinilo-glaseado-opal\/","url_meta":{"origin":9442,"position":1},"title":"METAMARK VINILO GLASEADO POLIMERICO M7-OH","author":"Info","date":"23 de October de 2024","format":false,"excerpt":"Opal M7-OH Haze ha sido formulado espec\u00edficamente para proporcionar un efecto de vidrio mate m\u00e1s blanco y brillante sin ning\u00fan indicio de brillo. Bobina de 50 metros. Adecuado para muchas aplicaciones de decoraci\u00f3n de vidrio, es f\u00e1cil de cortar y pelar. El sistema adhesivo a base de solvente garantiza una\u2026","rel":"","context":"Similar post","block_context":{"text":"Similar post","link":""},"img":{"alt_text":"","src":"https:\/\/i0.wp.com\/tmssl.com\/wp-content\/uploads\/2024\/10\/ACIDO-EX.jpg?fit=476%2C290&ssl=1&resize=350%2C200","width":350,"height":200},"classes":[]},{"id":3753,"url":"https:\/\/tmssl.com\/en\/product\/metamark-serie-7\/","url_meta":{"origin":9442,"position":2},"title":"METAMARK SERIE 7 ACABADO BRILLO","author":"Info","date":"19 de December de 2022","format":false,"excerpt":"Vinilo de corte de rotulaci\u00f3n acabado brillante. Peli\u0301cula de PVC calandrado de alta duracio\u0301n en 70mc, polime\u0301rico y con una gama de 91 colores. Cumple las especificaciones Fire Retardants, Class B. Su cola especial Apex Adhesive System tiene la propiedad de no dejar apenas restos de cola sobre la superficie\u2026","rel":"","context":"Similar post","block_context":{"text":"Similar post","link":""},"img":{"alt_text":"","src":"https:\/\/i0.wp.com\/tmssl.com\/wp-content\/uploads\/2022\/12\/vinilo-polimerico-7-anos-brillo.jpg?fit=458%2C458&ssl=1&resize=350%2C200","width":350,"height":200},"classes":[]},{"id":9344,"url":"https:\/\/tmssl.com\/en\/product\/metamark-serie-7-acabado-mate\/","url_meta":{"origin":9442,"position":3},"title":"METAMARK SERIE 7 ACABADO MATE","author":"Info","date":"22 de October de 2024","format":false,"excerpt":"Vinilo de corte de rotulaci\u00f3n acabado mate. Peli\u0301cula de PVC calandrado de alta duracio\u0301n en 70mc, polime\u0301rico y con una gama de 2 colores. Cumple las especificaciones Fire Retardants, Class B. Su cola especial Apex Adhesive System tiene la propiedad de no dejar apenas restos de cola sobre la superficie\u2026","rel":"","context":"Similar post","block_context":{"text":"Similar post","link":""},"img":{"alt_text":"","src":"https:\/\/i0.wp.com\/tmssl.com\/wp-content\/uploads\/2022\/12\/vinilo-polimerico-7-anos-brillo.jpg?fit=458%2C458&ssl=1&resize=350%2C200","width":350,"height":200},"classes":[]},{"id":9281,"url":"https:\/\/tmssl.com\/en\/product\/metamark-serie-4-acabado-mate\/","url_meta":{"origin":9442,"position":4},"title":"METAMARK SERIE 4 ACABADO MATE","author":"Info","date":"22 de October de 2024","format":false,"excerpt":"Vinilo calandrado de calidad superior para rotulaci\u00f3n, con una pel\u00edcula frontal de tacto suave de grado intermedio de 70 micrones. La serie Metamark 4 es adecuada para aplicaciones internas o externas de plazo intermedio sobre superficies planas o ligeramente curvas. Dentro de la gama de la Serie 4 de Metamark\u2026","rel":"","context":"Similar post","block_context":{"text":"Similar post","link":""},"img":{"alt_text":"","src":"https:\/\/i0.wp.com\/tmssl.com\/wp-content\/uploads\/2024\/10\/SERIE-4-1.jpg?fit=952%2C580&ssl=1&resize=350%2C200","width":350,"height":200,"srcset":"https:\/\/i0.wp.com\/tmssl.com\/wp-content\/uploads\/2024\/10\/SERIE-4-1.jpg?fit=952%2C580&ssl=1&resize=350%2C200 1x, https:\/\/i0.wp.com\/tmssl.com\/wp-content\/uploads\/2024\/10\/SERIE-4-1.jpg?fit=952%2C580&ssl=1&resize=525%2C300 1.5x, https:\/\/i0.wp.com\/tmssl.com\/wp-content\/uploads\/2024\/10\/SERIE-4-1.jpg?fit=952%2C580&ssl=1&resize=700%2C400 2x"},"classes":[]},{"id":9322,"url":"https:\/\/tmssl.com\/en\/product\/metamark-serie-4-acabado-brillo\/","url_meta":{"origin":9442,"position":5},"title":"METAMARK SERIE 4 ACABADO BRILLO","author":"Info","date":"22 de October de 2024","format":false,"excerpt":"Vinilo calandrado de calidad superior para rotulaci\u00f3n, con una pel\u00edcula frontal de tacto suave de grado intermedio de 70 micrones. La serie Metamark 4 es adecuada para aplicaciones internas o externas de plazo intermedio sobre superficies planas o ligeramente curvas. Dentro de la gama de la Serie 4 de Metamark\u2026","rel":"","context":"Similar post","block_context":{"text":"Similar post","link":""},"img":{"alt_text":"","src":"https:\/\/i0.wp.com\/tmssl.com\/wp-content\/uploads\/2024\/10\/SERIE-4-1.jpg?fit=952%2C580&ssl=1&resize=350%2C200","width":350,"height":200,"srcset":"https:\/\/i0.wp.com\/tmssl.com\/wp-content\/uploads\/2024\/10\/SERIE-4-1.jpg?fit=952%2C580&ssl=1&resize=350%2C200 1x, https:\/\/i0.wp.com\/tmssl.com\/wp-content\/uploads\/2024\/10\/SERIE-4-1.jpg?fit=952%2C580&ssl=1&resize=525%2C300 1.5x, https:\/\/i0.wp.com\/tmssl.com\/wp-content\/uploads\/2024\/10\/SERIE-4-1.jpg?fit=952%2C580&ssl=1&resize=700%2C400 2x"},"classes":[]}],"jetpack_sharing_enabled":true,"tiered_pricing_type":"fixed","tiered_pricing_fixed_rules":[],"tiered_pricing_product_settings":{"layout":"default","base_unit_name":{"singular":null,"plural":null},"default_variation":null},"tiered_pricing_minimum_quantity":null,"tiered_pricing_roles_data":[],"tiered_pricing_percentage_rules":[],"_links":{"self":[{"href":"https:\/\/tmssl.com\/en\/wp-json\/wp\/v2\/product\/9442","targetHints":{"allow":["GET"]}}],"collection":[{"href":"https:\/\/tmssl.com\/en\/wp-json\/wp\/v2\/product"}],"about":[{"href":"https:\/\/tmssl.com\/en\/wp-json\/wp\/v2\/types\/product"}],"replies":[{"embeddable":true,"href":"https:\/\/tmssl.com\/en\/wp-json\/wp\/v2\/comments?post=9442"}],"version-history":[{"count":4,"href":"https:\/\/tmssl.com\/en\/wp-json\/wp\/v2\/product\/9442\/revisions"}],"predecessor-version":[{"id":11823,"href":"https:\/\/tmssl.com\/en\/wp-json\/wp\/v2\/product\/9442\/revisions\/11823"}],"wp:featuredmedia":[{"embeddable":true,"href":"https:\/\/tmssl.com\/en\/wp-json\/wp\/v2\/media\/9449"}],"wp:attachment":[{"href":"https:\/\/tmssl.com\/en\/wp-json\/wp\/v2\/media?parent=9442"}],"wp:term":[{"taxonomy":"product_brand","embeddable":true,"href":"https:\/\/tmssl.com\/en\/wp-json\/wp\/v2\/product_brand?post=9442"},{"taxonomy":"product_cat","embeddable":true,"href":"https:\/\/tmssl.com\/en\/wp-json\/wp\/v2\/product_cat?post=9442"},{"taxonomy":"product_tag","embeddable":true,"href":"https:\/\/tmssl.com\/en\/wp-json\/wp\/v2\/product_tag?post=9442"}],"curies":[{"name":"wp","href":"https:\/\/api.w.org\/{rel}","templated":true}]}}